{"id":1824,"date":"2023-05-07T08:01:11","date_gmt":"2023-05-07T08:01:11","guid":{"rendered":"https:\/\/khomaudep.com\/coffee\/?post_type=product&#038;p=1824"},"modified":"2023-05-07T23:51:12","modified_gmt":"2023-05-07T23:51:12","slug":"anfarm-cau-dat-2","status":"publish","type":"product","link":"https:\/\/pluginviet.com\/mau8\/san-pham\/anfarm-cau-dat-2\/","title":{"rendered":"Anfarm C\u1ea7u \u0110\u1ea5t"},"content":{"rendered":"<p>H\u01b0\u01a1ng v\u1ecb c\u00e0 ph\u00ea m\u1ed9c \u0111\u1ebfn t\u1eeb C\u1ea7u \u0110\u1ea5t &#8211; \u0110\u00e0 L\u1ea1t &#8211; L\u00e2m \u0110\u1ed3ng<\/p>\n<p>C\u00e0 ph\u00ea rang m\u1ed9c \u0111\u01b0\u1ee3c tuy\u1ec3n ch\u1ecdn thu ho\u1ea1ch t\u1eeb nh\u1eefng qu\u1ea3 ch\u00edn m\u1ecdng, s\u01a1 ch\u1ebf c\u00f3 ki\u1ec3m so\u00e1t b\u1edfi nh\u1eefng ng\u01b0\u1eddi n\u00f4ng d\u00e2n l\u00e0nh ngh\u1ec1, c\u00e0 ph\u00ea ti\u1ebfp t\u1ee5c \u0111\u01b0\u1ee3c rang xay theo t\u1eebng m\u1ee5c ti\u00eau \u0111\u1ec3 gi\u1eef nguy\u00ean ph\u1ea9m ch\u1ea5t y\u00eau c\u1ea7u c\u1ee7a kh\u00e1ch h\u00e0ng v\u00e0 \u0111\u00f3ng g\u00f3i theo quy tr\u00ecnh kh\u00e9p k\u00edn t\u1ea1i x\u01b0\u1edfng rang.<\/p>\n<p>T\u1ea5t c\u1ea3 c\u00e1c kh\u00e2u \u0111\u1ec1u theo \u0111\u00fang quy chu\u1ea9n c\u00e0 ph\u00ea m\u1ed9c ch\u1ea5t l\u01b0\u1ee3ng cao, ph\u00f9 h\u1ee3p c\u1ea3 gu truy\u1ec1n th\u1ed1ng l\u1eabn hi\u1ec7n \u0111\u1ea1i.<\/p>\n","protected":false},"excerpt":{"rendered":"<p>C\u00e0 ph\u00ea rang m\u1ed9c \u0111\u01b0\u1ee3c tuy\u1ec3n ch\u1ecdn thu ho\u1ea1ch t\u1eeb nh\u1eefng qu\u1ea3 ch\u00edn m\u1ecdng, s\u01a1 ch\u1ebf c\u00f3 ki\u1ec3m so\u00e1t b\u1edfi nh\u1eefng ng\u01b0\u1eddi n\u00f4ng d\u00e2n l\u00e0nh ngh\u1ec1, c\u00e0 ph\u00ea ti\u1ebfp t\u1ee5c \u0111\u01b0\u1ee3c rang xay theo t\u1eebng m\u1ee5c ti\u00eau \u0111\u1ec3 gi\u1eef nguy\u00ean ph\u1ea9m ch\u1ea5t y\u00eau c\u1ea7u c\u1ee7a kh\u00e1ch h\u00e0ng v\u00e0 \u0111\u00f3ng g\u00f3i theo quy tr\u00ecnh kh\u00e9p k\u00edn t\u1ea1i x\u01b0\u1edfng rang.<\/p>\n","protected":false},"featured_media":1821,"comment_status":"open","ping_status":"closed","template":"","meta":[],"product_cat":[15],"product_tag":[],"yoast_head":"<!-- This site is optimized with the Yoast SEO plugin v20.11 - https:\/\/yoast.com\/wordpress\/plugins\/seo\/ -->\n<title>Anfarm C\u1ea7u \u0110\u1ea5t - The Regal Coffee<\/title>\n<meta name=\"robots\" content=\"index, follow, max-snippet:-1, max-image-preview:large, max-video-preview:-1\" \/>\n<link rel=\"canonical\" href=\"https:\/\/pluginviet.com\/mau8\/san-pham\/anfarm-cau-dat-2\/\" \/>\n<meta property=\"og:locale\" content=\"vi_VN\" \/>\n<meta property=\"og:type\" content=\"article\" \/>\n<meta property=\"og:title\" content=\"Anfarm C\u1ea7u \u0110\u1ea5t - The Regal Coffee\" \/>\n<meta property=\"og:description\" content=\"C\u00e0 ph\u00ea rang m\u1ed9c \u0111\u01b0\u1ee3c tuy\u1ec3n ch\u1ecdn thu ho\u1ea1ch t\u1eeb nh\u1eefng qu\u1ea3 ch\u00edn m\u1ecdng, s\u01a1 ch\u1ebf c\u00f3 ki\u1ec3m so\u00e1t b\u1edfi nh\u1eefng ng\u01b0\u1eddi n\u00f4ng d\u00e2n l\u00e0nh ngh\u1ec1, c\u00e0 ph\u00ea ti\u1ebfp t\u1ee5c \u0111\u01b0\u1ee3c rang xay theo t\u1eebng m\u1ee5c ti\u00eau \u0111\u1ec3 gi\u1eef nguy\u00ean ph\u1ea9m ch\u1ea5t y\u00eau c\u1ea7u c\u1ee7a kh\u00e1ch h\u00e0ng v\u00e0 \u0111\u00f3ng g\u00f3i theo quy tr\u00ecnh kh\u00e9p k\u00edn t\u1ea1i x\u01b0\u1edfng rang.\" \/>\n<meta property=\"og:url\" content=\"https:\/\/pluginviet.com\/mau8\/san-pham\/anfarm-cau-dat-2\/\" \/>\n<meta property=\"og:site_name\" content=\"The Regal Coffee\" \/>\n<meta property=\"article:modified_time\" content=\"2023-05-07T23:51:12+00:00\" \/>\n<meta property=\"og:image\" content=\"https:\/\/pluginviet.com\/mau8\/wp-content\/uploads\/2023\/05\/338168476_2447171675465672_6411975871401546771_n.jpg\" \/>\n\t<meta property=\"og:image:width\" content=\"1536\" \/>\n\t<meta property=\"og:image:height\" content=\"2048\" \/>\n\t<meta property=\"og:image:type\" content=\"image\/jpeg\" \/>\n<meta name=\"twitter:card\" content=\"summary_large_image\" \/>\n<meta name=\"twitter:label1\" content=\"\u01af\u1edbc t\u00ednh th\u1eddi gian \u0111\u1ecdc\" \/>\n\t<meta name=\"twitter:data1\" content=\"1 ph\u00fat\" \/>\n<script type=\"application\/ld+json\" class=\"yoast-schema-graph\">{\"@context\":\"https:\/\/schema.org\",\"@graph\":[{\"@type\":\"WebPage\",\"@id\":\"https:\/\/pluginviet.com\/mau8\/san-pham\/anfarm-cau-dat-2\/\",\"url\":\"https:\/\/pluginviet.com\/mau8\/san-pham\/anfarm-cau-dat-2\/\",\"name\":\"Anfarm C\u1ea7u \u0110\u1ea5t - The Regal Coffee\",\"isPartOf\":{\"@id\":\"https:\/\/pluginviet.com\/mau8\/#website\"},\"datePublished\":\"2023-05-07T08:01:11+00:00\",\"dateModified\":\"2023-05-07T23:51:12+00:00\",\"breadcrumb\":{\"@id\":\"https:\/\/pluginviet.com\/mau8\/san-pham\/anfarm-cau-dat-2\/#breadcrumb\"},\"inLanguage\":\"vi\",\"potentialAction\":[{\"@type\":\"ReadAction\",\"target\":[\"https:\/\/pluginviet.com\/mau8\/san-pham\/anfarm-cau-dat-2\/\"]}]},{\"@type\":\"BreadcrumbList\",\"@id\":\"https:\/\/pluginviet.com\/mau8\/san-pham\/anfarm-cau-dat-2\/#breadcrumb\",\"itemListElement\":[{\"@type\":\"ListItem\",\"position\":1,\"name\":\"Trang ch\u1ee7\",\"item\":\"https:\/\/pluginviet.com\/mau8\/\"},{\"@type\":\"ListItem\",\"position\":2,\"name\":\"Shop\",\"item\":\"https:\/\/pluginviet.com\/mau8\/shop\/\"},{\"@type\":\"ListItem\",\"position\":3,\"name\":\"Anfarm C\u1ea7u \u0110\u1ea5t\"}]},{\"@type\":\"WebSite\",\"@id\":\"https:\/\/pluginviet.com\/mau8\/#website\",\"url\":\"https:\/\/pluginviet.com\/mau8\/\",\"name\":\"The Regal Coffee\",\"description\":\"\",\"potentialAction\":[{\"@type\":\"SearchAction\",\"target\":{\"@type\":\"EntryPoint\",\"urlTemplate\":\"https:\/\/pluginviet.com\/mau8\/?s={search_term_string}\"},\"query-input\":\"required name=search_term_string\"}],\"inLanguage\":\"vi\"}]}<\/script>\n<!-- \/ Yoast SEO plugin. -->","yoast_head_json":{"title":"Anfarm C\u1ea7u \u0110\u1ea5t - The Regal Coffee","robots":{"index":"index","follow":"follow","max-snippet":"max-snippet:-1","max-image-preview":"max-image-preview:large","max-video-preview":"max-video-preview:-1"},"canonical":"https:\/\/pluginviet.com\/mau8\/san-pham\/anfarm-cau-dat-2\/","og_locale":"vi_VN","og_type":"article","og_title":"Anfarm C\u1ea7u \u0110\u1ea5t - The Regal Coffee","og_description":"C\u00e0 ph\u00ea rang m\u1ed9c \u0111\u01b0\u1ee3c tuy\u1ec3n ch\u1ecdn thu ho\u1ea1ch t\u1eeb nh\u1eefng qu\u1ea3 ch\u00edn m\u1ecdng, s\u01a1 ch\u1ebf c\u00f3 ki\u1ec3m so\u00e1t b\u1edfi nh\u1eefng ng\u01b0\u1eddi n\u00f4ng d\u00e2n l\u00e0nh ngh\u1ec1, c\u00e0 ph\u00ea ti\u1ebfp t\u1ee5c \u0111\u01b0\u1ee3c rang xay theo t\u1eebng m\u1ee5c ti\u00eau \u0111\u1ec3 gi\u1eef nguy\u00ean ph\u1ea9m ch\u1ea5t y\u00eau c\u1ea7u c\u1ee7a kh\u00e1ch h\u00e0ng v\u00e0 \u0111\u00f3ng g\u00f3i theo quy tr\u00ecnh kh\u00e9p k\u00edn t\u1ea1i x\u01b0\u1edfng rang.","og_url":"https:\/\/pluginviet.com\/mau8\/san-pham\/anfarm-cau-dat-2\/","og_site_name":"The Regal Coffee","article_modified_time":"2023-05-07T23:51:12+00:00","og_image":[{"width":1536,"height":2048,"url":"https:\/\/pluginviet.com\/mau8\/wp-content\/uploads\/2023\/05\/338168476_2447171675465672_6411975871401546771_n.jpg","type":"image\/jpeg"}],"twitter_card":"summary_large_image","twitter_misc":{"\u01af\u1edbc t\u00ednh th\u1eddi gian \u0111\u1ecdc":"1 ph\u00fat"},"schema":{"@context":"https:\/\/schema.org","@graph":[{"@type":"WebPage","@id":"https:\/\/pluginviet.com\/mau8\/san-pham\/anfarm-cau-dat-2\/","url":"https:\/\/pluginviet.com\/mau8\/san-pham\/anfarm-cau-dat-2\/","name":"Anfarm C\u1ea7u \u0110\u1ea5t - The Regal Coffee","isPartOf":{"@id":"https:\/\/pluginviet.com\/mau8\/#website"},"datePublished":"2023-05-07T08:01:11+00:00","dateModified":"2023-05-07T23:51:12+00:00","breadcrumb":{"@id":"https:\/\/pluginviet.com\/mau8\/san-pham\/anfarm-cau-dat-2\/#breadcrumb"},"inLanguage":"vi","potentialAction":[{"@type":"ReadAction","target":["https:\/\/pluginviet.com\/mau8\/san-pham\/anfarm-cau-dat-2\/"]}]},{"@type":"BreadcrumbList","@id":"https:\/\/pluginviet.com\/mau8\/san-pham\/anfarm-cau-dat-2\/#breadcrumb","itemListElement":[{"@type":"ListItem","position":1,"name":"Trang ch\u1ee7","item":"https:\/\/pluginviet.com\/mau8\/"},{"@type":"ListItem","position":2,"name":"Shop","item":"https:\/\/pluginviet.com\/mau8\/shop\/"},{"@type":"ListItem","position":3,"name":"Anfarm C\u1ea7u \u0110\u1ea5t"}]},{"@type":"WebSite","@id":"https:\/\/pluginviet.com\/mau8\/#website","url":"https:\/\/pluginviet.com\/mau8\/","name":"The Regal Coffee","description":"","potentialAction":[{"@type":"SearchAction","target":{"@type":"EntryPoint","urlTemplate":"https:\/\/pluginviet.com\/mau8\/?s={search_term_string}"},"query-input":"required name=search_term_string"}],"inLanguage":"vi"}]}},"_links":{"self":[{"href":"https:\/\/pluginviet.com\/mau8\/wp-json\/wp\/v2\/product\/1824"}],"collection":[{"href":"https:\/\/pluginviet.com\/mau8\/wp-json\/wp\/v2\/product"}],"about":[{"href":"https:\/\/pluginviet.com\/mau8\/wp-json\/wp\/v2\/types\/product"}],"replies":[{"embeddable":true,"href":"https:\/\/pluginviet.com\/mau8\/wp-json\/wp\/v2\/comments?post=1824"}],"wp:featuredmedia":[{"embeddable":true,"href":"https:\/\/pluginviet.com\/mau8\/wp-json\/wp\/v2\/media\/1821"}],"wp:attachment":[{"href":"https:\/\/pluginviet.com\/mau8\/wp-json\/wp\/v2\/media?parent=1824"}],"wp:term":[{"taxonomy":"product_cat","embeddable":true,"href":"https:\/\/pluginviet.com\/mau8\/wp-json\/wp\/v2\/product_cat?post=1824"},{"taxonomy":"product_tag","embeddable":true,"href":"https:\/\/pluginviet.com\/mau8\/wp-json\/wp\/v2\/product_tag?post=1824"}],"curies":[{"name":"wp","href":"https:\/\/api.w.org\/{rel}","templated":true}]}}