{"id":508,"date":"2019-03-06T08:02:34","date_gmt":"2019-03-06T08:02:34","guid":{"rendered":"http:\/\/tan.raothue.net\/phong\/core\/?page_id=508"},"modified":"2023-05-08T02:56:36","modified_gmt":"2023-05-08T02:56:36","slug":"gioi-thieu","status":"publish","type":"page","link":"https:\/\/pluginviet.com\/mau8\/gioi-thieu\/","title":{"rendered":"Gi\u1edbi thi\u1ec7u"},"content":{"rendered":"<h2 style=\"text-align: center;\">GI\u1edaI THI\u1ec6U V\u1ec0 THE REGAL COFFEE<\/h2>\n<p style=\"text-align: center;\">THE REGAL COFFEE \u0111\u01b0\u1ee3c x\u00e2y v\u1edbi ni\u1ec1m \u0111am m\u00ea c\u1ee7a nh\u1eefng th\u00e0nh vi\u00ean s\u00e1ng l\u1eadp v\u1edbi \u0111\u1ea7y nhi\u1ec7t huy\u1ebft v\u00e0 quy\u1ebft t\u00e2m t\u1ea1o d\u1ef1ng m\u1ed9t \u0111\u1ebf ch\u1ebf tr\u00ean th\u1ecb tr\u01b0\u1eddng c\u00e0 ph\u00ea \u1edf Vi\u1ec7t Nam v\u00e0 tr\u00ean th\u1ebf gi\u1edbi.<\/p>\n<p style=\"text-align: center;\">V\u1edbi \u0111\u1ed9i ng\u0169 chuy\u00ean gia v\u1ec1 s\u1ea3n xu\u1ea5t c\u00e0 ph\u00ea v\u00e0 d\u1ecbch v\u1ee5 kh\u00e1ch h\u00e0ng, tri\u1ebft l\u00fd kinh doanh c\u1ee7a THE REGAL COFFEE l\u00e0 lu\u00f4n \u0111\u1eb7t l\u1ee3i \u00edch kh\u00e1ch h\u00e0ng l\u00ean h\u00e0ng \u0111\u1ea7u. S\u1ef1 h\u00e0i l\u00f2ng c\u1ee7a kh\u00e1ch h\u00e0ng l\u00e0 gi\u00e1 tr\u1ecb c\u1ed1t l\u00f5i v\u00e0 l\u00e0 t\u00e2m \u0111i\u1ec3m trong m\u1ecdi vi\u1ec7c ch\u00fang t\u00f4i l\u00e0m t\u1ea1i THE REGAL COFFEE, v\u00ec v\u00e2y ch\u00fang t\u00f4i mong mu\u1ed1n thi\u1ebft l\u1eadp c\u00e1c m\u1ed1i quan h\u1ec7 chi\u1ebfn l\u1ef1c v\u00e0 h\u1ee3p t\u00e1c l\u00e2u d\u00e0i v\u1edbi kh\u00e1ch h\u00e0ng, \u0111\u1ed1i t\u00e1c v\u00e0 nh\u00e0 cung c\u1ea5p.<\/p>\n<p style=\"text-align: center;\">Ch\u00fang t\u00f4i cam k\u1ebft s\u1ea3n xu\u1ea5t v\u00e0 cung c\u1ea5p c\u00e1c s\u1ea3n ph\u1ea9m \u0111\u1ea1t chu\u1ea9n ch\u1ea5t l\u01b0\u1ee3ng cao v\u00e0 d\u1ecbch v\u1ee5 kh\u00e1ch h\u00e0ng h\u1eadu thu\u1eabn, b\u1edfi ch\u1ec9 c\u00f3 ch\u1ea5t l\u01b0\u1ee3ng c\u1ee7a s\u1ea3n ph\u1ea7m v\u00e0 d\u1ecbch v\u1ee5 c\u1ee7a ch\u00fang t\u00f4i m\u1edbi kh\u1eb3ng \u0111\u1ecbnh v\u1ecb th\u1ebf c\u1ee7a th\u01b0\u01a1ng hi\u1ec7u THE REGAL COFFEE.<\/p>\n","protected":false},"excerpt":{"rendered":"<p>GI\u1edaI THI\u1ec6U V\u1ec0 THE REGAL COFFEE THE REGAL COFFEE \u0111\u01b0\u1ee3c x\u00e2y v\u1edbi ni\u1ec1m \u0111am m\u00ea c\u1ee7a nh\u1eefng th\u00e0nh vi\u00ean s\u00e1ng l\u1eadp v\u1edbi \u0111\u1ea7y nhi\u1ec7t huy\u1ebft v\u00e0 quy\u1ebft t\u00e2m t\u1ea1o d\u1ef1ng m\u1ed9t \u0111\u1ebf ch\u1ebf tr\u00ean th\u1ecb tr\u01b0\u1eddng c\u00e0 ph\u00ea \u1edf Vi\u1ec7t Nam v\u00e0 tr\u00ean th\u1ebf gi\u1edbi. V\u1edbi \u0111\u1ed9i ng\u0169 chuy\u00ean gia v\u1ec1 s\u1ea3n xu\u1ea5t c\u00e0 ph\u00ea [&#8230;]\n","protected":false},"author":3,"featured_media":0,"parent":0,"menu_order":0,"comment_status":"closed","ping_status":"closed","template":"","meta":[],"yoast_head":"<!-- This site is optimized with the Yoast SEO plugin v20.11 - https:\/\/yoast.com\/wordpress\/plugins\/seo\/ -->\n<title>Gi\u1edbi thi\u1ec7u - The Regal Coffee<\/title>\n<meta name=\"robots\" content=\"index, follow, max-snippet:-1, max-image-preview:large, max-video-preview:-1\" \/>\n<link rel=\"canonical\" href=\"https:\/\/pluginviet.com\/mau8\/gioi-thieu\/\" \/>\n<meta property=\"og:locale\" content=\"vi_VN\" \/>\n<meta property=\"og:type\" content=\"article\" \/>\n<meta property=\"og:title\" content=\"Gi\u1edbi thi\u1ec7u - The Regal Coffee\" \/>\n<meta property=\"og:description\" content=\"GI\u1edaI THI\u1ec6U V\u1ec0 THE REGAL COFFEE THE REGAL COFFEE \u0111\u01b0\u1ee3c x\u00e2y v\u1edbi ni\u1ec1m \u0111am m\u00ea c\u1ee7a nh\u1eefng th\u00e0nh vi\u00ean s\u00e1ng l\u1eadp v\u1edbi \u0111\u1ea7y nhi\u1ec7t huy\u1ebft v\u00e0 quy\u1ebft t\u00e2m t\u1ea1o d\u1ef1ng m\u1ed9t \u0111\u1ebf ch\u1ebf tr\u00ean th\u1ecb tr\u01b0\u1eddng c\u00e0 ph\u00ea \u1edf Vi\u1ec7t Nam v\u00e0 tr\u00ean th\u1ebf gi\u1edbi. V\u1edbi \u0111\u1ed9i ng\u0169 chuy\u00ean gia v\u1ec1 s\u1ea3n xu\u1ea5t c\u00e0 ph\u00ea [...]\" \/>\n<meta property=\"og:url\" content=\"https:\/\/pluginviet.com\/mau8\/gioi-thieu\/\" \/>\n<meta property=\"og:site_name\" content=\"The Regal Coffee\" \/>\n<meta property=\"article:modified_time\" content=\"2023-05-08T02:56:36+00:00\" \/>\n<meta name=\"twitter:card\" content=\"summary_large_image\" \/>\n<meta name=\"twitter:label1\" content=\"\u01af\u1edbc t\u00ednh th\u1eddi gian \u0111\u1ecdc\" \/>\n\t<meta name=\"twitter:data1\" content=\"1 ph\u00fat\" \/>\n<script type=\"application\/ld+json\" class=\"yoast-schema-graph\">{\"@context\":\"https:\/\/schema.org\",\"@graph\":[{\"@type\":\"WebPage\",\"@id\":\"https:\/\/pluginviet.com\/mau8\/gioi-thieu\/\",\"url\":\"https:\/\/pluginviet.com\/mau8\/gioi-thieu\/\",\"name\":\"Gi\u1edbi thi\u1ec7u - The Regal Coffee\",\"isPartOf\":{\"@id\":\"https:\/\/pluginviet.com\/mau8\/#website\"},\"datePublished\":\"2019-03-06T08:02:34+00:00\",\"dateModified\":\"2023-05-08T02:56:36+00:00\",\"breadcrumb\":{\"@id\":\"https:\/\/pluginviet.com\/mau8\/gioi-thieu\/#breadcrumb\"},\"inLanguage\":\"vi\",\"potentialAction\":[{\"@type\":\"ReadAction\",\"target\":[\"https:\/\/pluginviet.com\/mau8\/gioi-thieu\/\"]}]},{\"@type\":\"BreadcrumbList\",\"@id\":\"https:\/\/pluginviet.com\/mau8\/gioi-thieu\/#breadcrumb\",\"itemListElement\":[{\"@type\":\"ListItem\",\"position\":1,\"name\":\"Trang ch\u1ee7\",\"item\":\"https:\/\/pluginviet.com\/mau8\/\"},{\"@type\":\"ListItem\",\"position\":2,\"name\":\"Gi\u1edbi thi\u1ec7u\"}]},{\"@type\":\"WebSite\",\"@id\":\"https:\/\/pluginviet.com\/mau8\/#website\",\"url\":\"https:\/\/pluginviet.com\/mau8\/\",\"name\":\"The Regal Coffee\",\"description\":\"\",\"potentialAction\":[{\"@type\":\"SearchAction\",\"target\":{\"@type\":\"EntryPoint\",\"urlTemplate\":\"https:\/\/pluginviet.com\/mau8\/?s={search_term_string}\"},\"query-input\":\"required name=search_term_string\"}],\"inLanguage\":\"vi\"}]}<\/script>\n<!-- \/ Yoast SEO plugin. -->","yoast_head_json":{"title":"Gi\u1edbi thi\u1ec7u - The Regal Coffee","robots":{"index":"index","follow":"follow","max-snippet":"max-snippet:-1","max-image-preview":"max-image-preview:large","max-video-preview":"max-video-preview:-1"},"canonical":"https:\/\/pluginviet.com\/mau8\/gioi-thieu\/","og_locale":"vi_VN","og_type":"article","og_title":"Gi\u1edbi thi\u1ec7u - The Regal Coffee","og_description":"GI\u1edaI THI\u1ec6U V\u1ec0 THE REGAL COFFEE THE REGAL COFFEE \u0111\u01b0\u1ee3c x\u00e2y v\u1edbi ni\u1ec1m \u0111am m\u00ea c\u1ee7a nh\u1eefng th\u00e0nh vi\u00ean s\u00e1ng l\u1eadp v\u1edbi \u0111\u1ea7y nhi\u1ec7t huy\u1ebft v\u00e0 quy\u1ebft t\u00e2m t\u1ea1o d\u1ef1ng m\u1ed9t \u0111\u1ebf ch\u1ebf tr\u00ean th\u1ecb tr\u01b0\u1eddng c\u00e0 ph\u00ea \u1edf Vi\u1ec7t Nam v\u00e0 tr\u00ean th\u1ebf gi\u1edbi. V\u1edbi \u0111\u1ed9i ng\u0169 chuy\u00ean gia v\u1ec1 s\u1ea3n xu\u1ea5t c\u00e0 ph\u00ea [...]","og_url":"https:\/\/pluginviet.com\/mau8\/gioi-thieu\/","og_site_name":"The Regal Coffee","article_modified_time":"2023-05-08T02:56:36+00:00","twitter_card":"summary_large_image","twitter_misc":{"\u01af\u1edbc t\u00ednh th\u1eddi gian \u0111\u1ecdc":"1 ph\u00fat"},"schema":{"@context":"https:\/\/schema.org","@graph":[{"@type":"WebPage","@id":"https:\/\/pluginviet.com\/mau8\/gioi-thieu\/","url":"https:\/\/pluginviet.com\/mau8\/gioi-thieu\/","name":"Gi\u1edbi thi\u1ec7u - The Regal Coffee","isPartOf":{"@id":"https:\/\/pluginviet.com\/mau8\/#website"},"datePublished":"2019-03-06T08:02:34+00:00","dateModified":"2023-05-08T02:56:36+00:00","breadcrumb":{"@id":"https:\/\/pluginviet.com\/mau8\/gioi-thieu\/#breadcrumb"},"inLanguage":"vi","potentialAction":[{"@type":"ReadAction","target":["https:\/\/pluginviet.com\/mau8\/gioi-thieu\/"]}]},{"@type":"BreadcrumbList","@id":"https:\/\/pluginviet.com\/mau8\/gioi-thieu\/#breadcrumb","itemListElement":[{"@type":"ListItem","position":1,"name":"Trang ch\u1ee7","item":"https:\/\/pluginviet.com\/mau8\/"},{"@type":"ListItem","position":2,"name":"Gi\u1edbi thi\u1ec7u"}]},{"@type":"WebSite","@id":"https:\/\/pluginviet.com\/mau8\/#website","url":"https:\/\/pluginviet.com\/mau8\/","name":"The Regal Coffee","description":"","potentialAction":[{"@type":"SearchAction","target":{"@type":"EntryPoint","urlTemplate":"https:\/\/pluginviet.com\/mau8\/?s={search_term_string}"},"query-input":"required name=search_term_string"}],"inLanguage":"vi"}]}},"_links":{"self":[{"href":"https:\/\/pluginviet.com\/mau8\/wp-json\/wp\/v2\/pages\/508"}],"collection":[{"href":"https:\/\/pluginviet.com\/mau8\/wp-json\/wp\/v2\/pages"}],"about":[{"href":"https:\/\/pluginviet.com\/mau8\/wp-json\/wp\/v2\/types\/page"}],"author":[{"embeddable":true,"href":"https:\/\/pluginviet.com\/mau8\/wp-json\/wp\/v2\/users\/3"}],"replies":[{"embeddable":true,"href":"https:\/\/pluginviet.com\/mau8\/wp-json\/wp\/v2\/comments?post=508"}],"version-history":[{"count":5,"href":"https:\/\/pluginviet.com\/mau8\/wp-json\/wp\/v2\/pages\/508\/revisions"}],"predecessor-version":[{"id":1902,"href":"https:\/\/pluginviet.com\/mau8\/wp-json\/wp\/v2\/pages\/508\/revisions\/1902"}],"wp:attachment":[{"href":"https:\/\/pluginviet.com\/mau8\/wp-json\/wp\/v2\/media?parent=508"}],"curies":[{"name":"wp","href":"https:\/\/api.w.org\/{rel}","templated":true}]}}