{"id":1725,"date":"2021-08-20T08:19:28","date_gmt":"2021-08-20T01:19:28","guid":{"rendered":"http:\/\/localhost\/xtmobile\/?post_type=product&#038;p=1725"},"modified":"2022-02-09T14:19:33","modified_gmt":"2022-02-09T07:19:33","slug":"tai-nghe-khong-day-jbl-tune-120-tws","status":"publish","type":"product","link":"https:\/\/pluginviet.com\/mau7\/san-pham\/tai-nghe-khong-day-jbl-tune-120-tws\/","title":{"rendered":"Tai Nghe Kh\u00f4ng D\u00e2y JBL Tune 120 TWS"},"content":{"rendered":"<h2>JBL Tune 120 Tws\u00a0\u2013 tai nghe bluetooth in-ear th\u1eddi trang v\u1edbi \u00e2m thanh tuy\u1ec7t v\u1eddi<\/h2>\n<p><em>JBL l\u00e0 m\u1ed9t th\u01b0\u01a1ng hi\u1ec7u n\u1ed5i ti\u1ebfng chuy\u00ean v\u1ec1 c\u00e1c thi\u1ebft b\u1ecb \u00e2m thanh nh\u01b0 loa, tai nghe,\u2026v\u00e0 JBL \u0111\u00e3 n\u0103m 2019, JBL \u0111\u00e3 cho ra m\u1eaft m\u1eabu\u00a0<strong>tai nghe JBL Tune 120 Tws<\/strong>\u00a0thu\u1ed9c Tune Series, l\u00e0 m\u1eabu tai nghe in-ear true wireless v\u1edbi thi\u1ebft k\u1ebf g\u1ecdn nh\u1eb9, \u0111\u1ed9c \u0111\u00e1o v\u00e0 ch\u1ea5t \u00e2m m\u1ea1nh m\u1ebd \u0111\u1eb7c tr\u01b0ng. Ngo\u00e0i ra, b\u1ea1n c\u00f3 th\u1ec3 tham kh\u1ea3o th\u00eam th\u00f4ng tin\u00a0tai nghe kh\u00f4ng d\u00e2y JBL Tune 125 tws.\u00a0<\/em><\/p>\n<h3>Thi\u1ebft k\u1ebf \u0111\u1ed9c \u0111\u00e1o, g\u1ecdn nh\u1eb9 v\u1edbi driver \u0111\u01b0\u1eddng k\u00ednh 5.8mm v\u00e0 m\u00e0u s\u1eafc th\u1eddi trang<\/h3>\n<p><em>Tai nghe True Wireless JBL Tune 120 Tws<\/em>\u00a0c\u00f3 thi\u1ebft k\u1ebf g\u1ecdn nh\u1eb9, m\u1ed7i b\u00ean tai nghe l\u00e0 1 driver v\u1edbi \u0111\u01b0\u1eddng k\u00ednh ch\u1ec9 5.8mm. \u0110\u1ec7m cao su nh\u00e9t tai \u00eam \u00e1i k\u1ebft h\u1ee3p v\u1edbi thi\u1ebft k\u1ebf c\u00f4ng th\u00e1i h\u1ecdc \u0111\u1ec3 c\u00f3 th\u1ec3 b\u00e1m ch\u1eafc v\u00e0o tai nh\u01b0ng v\u1eabn t\u1ea1o c\u1ea3m gi\u00e1c tho\u1ea3i m\u00e1i, d\u1ec5 ch\u1ecbu khi \u0111eo cho ng\u01b0\u1eddi s\u1eed d\u1ee5ng. V\u1edbi k\u00edch th\u01b0\u1edbc nh\u1ecf v\u00e0 tr\u1ecdng l\u01b0\u1ee3ng 73g c\u1ee7a m\u00ecnh,\u00a0<em>Tune 120 Tws<\/em>\u00a0s\u1ebd v\u00f4 c\u00f9ng thu\u1eadn ti\u1ec7n cho b\u1ea1n mang theo b\u00ean m\u00ecnh, s\u1eed d\u1ee5ng m\u1ecdi l\u00fac m\u1ecdi n\u01a1i.<\/p>\n<p><img decoding=\"async\" class=\"cpslazy loaded\" src=\"https:\/\/cdn.cellphones.com.vn\/media\/wysiwyg\/accessories\/earphone\/tai-nghe-jbl-tune-120-tws-1.jpg\" alt=\"Thi\u1ebft k\u1ebf \u0111\u1ed9c \u0111\u00e1o, g\u1ecdn nh\u1eb9 v\u1edbi driver \u0111\u01b0\u1eddng k\u00ednh 5.8mm v\u00e0 m\u00e0u s\u1eafc th\u1eddi trang\" data-src=\"https:\/\/cdn.cellphones.com.vn\/media\/wysiwyg\/accessories\/earphone\/tai-nghe-jbl-tune-120-tws-1.jpg\" data-ll-status=\"loaded\" \/><\/p>\n<p>Tai nghe c\u00f3 nhi\u1ec1u m\u00e0u s\u1eafc th\u1eddi trang, n\u0103ng \u0111\u1ed9ng v\u00e0 c\u00e1 t\u00ednh nh\u01b0 xanh d\u01b0\u01a1ng, \u0111en, tr\u1eafng, h\u1ed3ng, xanh l\u00e1,&#8230; cho b\u1ea1n nhi\u1ec1u s\u1ef1 l\u1ef1a ch\u1ecdn ph\u00f9 h\u1ee3p v\u1edbi b\u1ea3n th\u00e2n, th\u1ec3 hi\u1ec7n c\u00e1 t\u00ednh th\u1eddi trang c\u0169ng nh\u01b0 c\u00e1 t\u00ednh \u00e2m nh\u1ea1c \u0111\u1eadm ch\u1ea5t ri\u00eang c\u1ee7a m\u00ecnh.<\/p>\n<h3>JBL Pure Bass\u00a0mang \u0111\u1ebfn \u00e2m thanh m\u1ea1nh m\u1ebd v\u1edbi d\u1ea3i t\u1ea7n\u00a020Hz \u2013 20kHz<\/h3>\n<p>Driver 5.8mm c\u00f3 th\u1ec3 t\u00e1i t\u1ea1o \u00e2m thanh uy l\u1ef1c v\u00e0 s\u00e2u l\u1eafng v\u1edbi \u00e2m thanh JBL Pure Bass \u0111\u1ed9c quy\u1ec1n mang \u00e2m thanh \u0111\u1eb7c tr\u01b0ng c\u1ee7a JBL, mang \u0111\u1ebfn \u00e2m thanh m\u1ea1nh m\u1ebd, ch\u1ea5t l\u01b0\u1ee3ng \u00e2m thanh tuy\u1ec7t v\u1eddi. V\u1edbi c\u00f4ng ngh\u1ec7 \u00e2m thanh JBL Pure Bass, d\u1ea3i tr\u1ea7m m\u00e0 tai nghe mang l\u1ea1i v\u00f4 c\u00f9ng ch\u1eafc g\u1ecdn, c\u00f3 l\u1ef1c, c\u00f3 \u0111\u1ed9 n\u1ea9y v\u00e0 \u00e2m h\u00ecnh t\u1ed1t.<\/p>\n<p><img decoding=\"async\" class=\"cpslazy loaded\" src=\"https:\/\/cdn.cellphones.com.vn\/media\/wysiwyg\/accessories\/earphone\/tai-nghe-jbl-tune-120-tws-2.jpg\" alt=\"JBL Pure Bass mang \u0111\u1ebfn \u00e2m thanh m\u1ea1nh m\u1ebd v\u1edbi d\u1ea3i t\u1ea7n 20Hz \u2013 20kHz\" data-src=\"https:\/\/cdn.cellphones.com.vn\/media\/wysiwyg\/accessories\/earphone\/tai-nghe-jbl-tune-120-tws-2.jpg\" data-ll-status=\"loaded\" \/><\/p>\n<p>\u00c2m bass r\u1ed9ng v\u00e0 cu\u1ed1n h\u00fat, d\u1ea3i trung r\u00f5 r\u00e0ng, trong tr\u1ebbo cho b\u1ea1n t\u1eadn h\u01b0\u1edfng \u00e2m thanh t\u1ed1t nh\u1ea5t. D\u00f9 mang t\u1ed5ng th\u1ec3 \u00e2m thanh tr\u1ea7m, \u0111\u1eb7c nh\u01b0ng d\u1ea3i cao c\u0169ng \u0111\u01b0\u1ee3c th\u1ec3 hi\u1ec7n t\u1ed1t, \u00e2m thanh thanh m\u1ea3nh chinh ph\u1ee5c t\u1ed1t c\u00e1c th\u1ec3 lo\u1ea1i \u00e2m nh\u1ea1c hi\u1ec7n nay. T\u1ea7n s\u1ed1 20Hz \u2013 20kHz, \u0111\u1ed9 nh\u1ea1y 96dB v\u1edbi tr\u1edf kh\u00e1ng 15mW mang \u0111\u1ebfn ch\u1ea5t l\u01b0\u1ee3ng \u00e2m thanh t\u1ed1t, \u00e2m l\u01b0\u1ee3ng to r\u00f5 nh\u01b0ng v\u1eabn ti\u1ebft ki\u1ec7m \u0111i\u1ec7n, \u00edt ng\u1ed1n pin.<\/p>\n<h3>JBL Tune 120Tws s\u1eed d\u1ee5ng chu\u1ea9n k\u1ebft n\u1ed1i bluetooth 4.2, k\u1ebft n\u1ed1i tr\u1ee3 l\u00fd \u1ea3o ti\u1ec7n l\u1ee3i v\u00e0 nhanh ch\u00f3ng<\/h3>\n<p>Tai nghe\u00a0<em>JBL\u00a0Tune 120 Tws<\/em>\u00a0kh\u00f4ng d\u00e2y, kh\u00f4ng r\u1eafc r\u1ed1i, cho b\u1ea1n d\u1ec5 d\u00e0ng s\u1eed d\u1ee5ng m\u1ecdi l\u00fac, t\u1eadn h\u01b0\u1edfng th\u1ebf gi\u1edbi \u00e2m thanh l\u00fac \u0111i h\u1ecdc, \u0111i l\u00e0m, khi di chuy\u1ec3n hay c\u1ea3 khi t\u1eadp gym, ch\u1ea1y b\u1ed9,\u2026m\u00e0 kh\u00f4ng lo d\u00e2y tai nghe s\u1ebd l\u00e0m v\u01b0\u1edbng v\u00edu.<\/p>\n<p>S\u1eed d\u1ee5ng k\u1ebft n\u1ed1i bluetooth v\u1edbi phi\u00ean b\u1ea3n bluetooth 4.2 (A2DP 1.3, AVRCP 1.5, HFP 1.6) v\u1edbi t\u1ea7n s\u1ed1 k\u1ebft n\u1ed1i 2.402GHz \u2013 2.48GHz cho kh\u1ea3 n\u0103ng k\u1ebft n\u1ed1i m\u1ea1nh m\u1ebd, \u1ed5n \u0111\u1ecbnh v\u00e0 \u00edt g\u1eb7p l\u1ed7i, \u00edt b\u1ecb ng\u1eaft k\u1ebft n\u1ed1i c\u0169ng nh\u01b0 t\u1ed1c \u0111\u1ed9 k\u1ebft n\u1ed1i nhanh h\u01a1n \u0111\u1ed3ng th\u1eddi ti\u1ebft ki\u1ec7m n\u0103ng l\u01b0\u1ee3ng h\u01a1n so v\u1edbi c\u00e1c phi\u00ean b\u1ea3n bluetooth tr\u01b0\u1edbc.<\/p>\n<p><img decoding=\"async\" class=\"cpslazy loaded\" src=\"https:\/\/cdn.cellphones.com.vn\/media\/wysiwyg\/accessories\/earphone\/tai-nghe-jbl-tune-120-tws-3.jpg\" alt=\"k\u1ebft n\u1ed1i bluetooth v\u1edbi phi\u00ean b\u1ea3n bluetooth 4.2\" data-src=\"https:\/\/cdn.cellphones.com.vn\/media\/wysiwyg\/accessories\/earphone\/tai-nghe-jbl-tune-120-tws-3.jpg\" data-ll-status=\"loaded\" \/><\/p>\n<p>V\u1edbi ph\u00edm b\u1ea5m v\u1eadt l\u00fd tr\u00ean tai nghe, b\u1ea1n s\u1ebd kh\u00f4ng lo b\u1ecf l\u1ee1 b\u1ea5t c\u1ee9 cu\u1ed9c g\u1ecdi n\u00e0o v\u1edbi t\u00ednh n\u0103ng \u0111\u00e0m tho\u1ea1i r\u1ea3nh tay, b\u1ea1n c\u00f3 th\u1ec3 nh\u1eadn cu\u1ed9c g\u1ecdi trong l\u00fac \u0111ang s\u1eed d\u1ee5ng tai nghe. B\u00ean c\u1ea1nh \u0111\u00f3, v\u1edbi m\u1ed9t ch\u1ea1m b\u1ea1n \u0111\u00e3 c\u00f3 th\u1ec3 k\u1ebft n\u1ed1i v\u1edbi tr\u1ee3 l\u00fd \u1ea3o nh\u01b0\u00a0Google Now\u00a0hay Siri, h\u1ed7 tr\u1ee3 t\u1ed1i \u01b0u h\u00f3a d\u00e0nh cho ng\u01b0\u1eddi d\u00f9ng. Ngo\u00e0i ra, vi\u1ec7c d\u00f9ng ph\u00edm v\u1eadt l\u00fd b\u1ea1n s\u1ebd kh\u00f4ng lo b\u1ecb ch\u1ea1m ph\u1ea3i khi \u0111ang \u0111\u1ed9i m\u0169 b\u1ea3o hi\u1ec3m ho\u1eb7c m\u1eb7c \u00e1o m\u01b0a<\/p>\n<p><img decoding=\"async\" class=\"cpslazy loaded\" src=\"https:\/\/cdn.cellphones.com.vn\/media\/wysiwyg\/accessories\/earphone\/tai-nghe-jbl-tune-120-tws-4_1.jpg\" alt=\"t\u00ednh n\u0103ng \u0111\u00e0m tho\u1ea1i r\u1ea3nh tay\" data-src=\"https:\/\/cdn.cellphones.com.vn\/media\/wysiwyg\/accessories\/earphone\/tai-nghe-jbl-tune-120-tws-4_1.jpg\" data-ll-status=\"loaded\" \/><\/p>\n<h3>Th\u1eddi l\u01b0\u1ee3ng s\u1eed d\u1ee5ng l\u00ean \u0111\u1ebfn 4 ti\u1ebfng, h\u1ed9p s\u1ea1c 12 ti\u1ebfng \u0111i k\u00e8m v\u00e0 c\u00f4ng ngh\u1ec7 s\u1ea1c nhanh<\/h3>\n<p>Tai nghe\u00a0<em>JBL Tune 120 Tws<\/em>\u00a0c\u00f3 l\u00f5i pin Lithium-ion v\u1edbi th\u1eddi l\u01b0\u1ee3ng s\u1eed d\u1ee5ng li\u00ean t\u1ee5c \u0111\u1ebfn 4 ti\u1ebfng v\u00e0 s\u1ea1c \u0111\u1ea7y sau 2 ti\u1ebfng. H\u1ed9p s\u1ea1c \u0111i k\u00e8m cung c\u1ea5p th\u00eam 12 ti\u1ebfng, cho th\u1eddi gian s\u1eed d\u1ee5ng l\u00ean \u0111\u1ebfn 16 ti\u1ebfng, cho b\u1ea1n c\u00f3 th\u1ec3 s\u1eed d\u1ee5ng tai nghe c\u1ea3 ng\u00e0y m\u00e0 kh\u00f4ng lo h\u1ebft pin.<\/p>\n<p><img decoding=\"async\" class=\"cpslazy loaded\" src=\"https:\/\/cdn.cellphones.com.vn\/media\/wysiwyg\/accessories\/earphone\/tai-nghe-jbl-tune-120-tws-5.jpg\" alt=\"Th\u1eddi l\u01b0\u1ee3ng s\u1eed d\u1ee5ng l\u00ean \u0111\u1ebfn 4 ti\u1ebfng, h\u1ed9p s\u1ea1c 12 ti\u1ebfng \u0111i k\u00e8m v\u00e0 c\u00f4ng ngh\u1ec7 s\u1ea1c nhanh \" data-src=\"https:\/\/cdn.cellphones.com.vn\/media\/wysiwyg\/accessories\/earphone\/tai-nghe-jbl-tune-120-tws-5.jpg\" data-ll-status=\"loaded\" \/><\/p>\n<p>T\u00edch h\u1ee3p c\u00f4ng ngh\u1ec7 s\u1ea1c nhanh v\u00e0 b\u1ea1n ch\u1ec9 c\u1ea7n \u0111\u1eb7t tai nghe v\u00e0o h\u1ed9p s\u1ea1c \u0111i k\u00e8m trong v\u00f2ng 15 ph\u00fat, b\u1ea1n \u0111\u00e3 c\u00f3 th\u1ec3 s\u1eed d\u1ee5ng tai nghe trong 1 gi\u1edd . Gi\u1edd \u0111\u00e2y b\u1ea1n c\u00f3 th\u1ec3 y\u00ean t\u00e2m n\u1ebfu tai nghe h\u1ebft pin hay b\u1ea1n qu\u00ean s\u1ea1c \u0111\u1ea7y pin cho tai nghe khi b\u1eaft \u0111\u1ea7u m\u1ed9t ng\u00e0y m\u1edbi.<\/p>\n","protected":false},"excerpt":{"rendered":"<p>JBL Tune 120 Tws\u00a0\u2013 tai nghe bluetooth in-ear th\u1eddi trang v\u1edbi \u00e2m thanh tuy\u1ec7t v\u1eddi JBL l\u00e0 m\u1ed9t th\u01b0\u01a1ng hi\u1ec7u n\u1ed5i ti\u1ebfng chuy\u00ean v\u1ec1 c\u00e1c thi\u1ebft b\u1ecb \u00e2m thanh nh\u01b0 loa, tai nghe,\u2026v\u00e0 JBL \u0111\u00e3 n\u0103m 2019, JBL \u0111\u00e3 cho ra m\u1eaft m\u1eabu\u00a0tai nghe JBL Tune 120 Tws\u00a0thu\u1ed9c Tune Series, l\u00e0 m\u1eabu tai nghe in-ear&#8230;<\/p>\n","protected":false},"featured_media":1732,"comment_status":"open","ping_status":"closed","template":"","meta":[],"product_cat":[148,63],"product_tag":[],"class_list":{"0":"post-1725","1":"product","2":"type-product","3":"status-publish","4":"has-post-thumbnail","6":"product_cat-hot-sale","7":"product_cat-tai-nghe-bluetooth","9":"first","10":"instock","11":"sale","12":"shipping-taxable","13":"purchasable","14":"product-type-variable","15":"has-default-attributes"},"_links":{"self":[{"href":"https:\/\/pluginviet.com\/mau7\/wp-json\/wp\/v2\/product\/1725","targetHints":{"allow":["GET"]}}],"collection":[{"href":"https:\/\/pluginviet.com\/mau7\/wp-json\/wp\/v2\/product"}],"about":[{"href":"https:\/\/pluginviet.com\/mau7\/wp-json\/wp\/v2\/types\/product"}],"replies":[{"embeddable":true,"href":"https:\/\/pluginviet.com\/mau7\/wp-json\/wp\/v2\/comments?post=1725"}],"wp:featuredmedia":[{"embeddable":true,"href":"https:\/\/pluginviet.com\/mau7\/wp-json\/wp\/v2\/media\/1732"}],"wp:attachment":[{"href":"https:\/\/pluginviet.com\/mau7\/wp-json\/wp\/v2\/media?parent=1725"}],"wp:term":[{"taxonomy":"product_cat","embeddable":true,"href":"https:\/\/pluginviet.com\/mau7\/wp-json\/wp\/v2\/product_cat?post=1725"},{"taxonomy":"product_tag","embeddable":true,"href":"https:\/\/pluginviet.com\/mau7\/wp-json\/wp\/v2\/product_tag?post=1725"}],"curies":[{"name":"wp","href":"https:\/\/api.w.org\/{rel}","templated":true}]}}