{"id":1719,"date":"2021-08-20T08:05:48","date_gmt":"2021-08-20T01:05:48","guid":{"rendered":"http:\/\/localhost\/xtmobile\/?post_type=product&#038;p=1719"},"modified":"2022-08-13T17:38:42","modified_gmt":"2022-08-13T10:38:42","slug":"tai-nghe-bluetooth-galaxy-buds-pro-laneige","status":"publish","type":"product","link":"https:\/\/pluginviet.com\/mau7\/san-pham\/tai-nghe-bluetooth-galaxy-buds-pro-laneige\/","title":{"rendered":"Tai nghe Bluetooth Galaxy Buds Pro Laneige"},"content":{"rendered":"<h2>Tai nghe Samsung Galaxy Buds Pro &#8211; Thi\u1ebft k\u1ebf tinh t\u1ebf c\u00f9ng ch\u1ea5t \u00e2m \u0111\u1ed9t ph\u00e1<\/h2>\n<p>Tai nghe True Wireless Samsung\u00a0Galaxy Buds Pro l\u00e0 d\u00f2ng s\u1ea3n ph\u1ea9m tai nghe kh\u00f4ng d\u00e2y th\u1ebf h\u1ec7 m\u1edbi nh\u1ea5t t\u1eeb Samsung. V\u1edbi phi\u00ean b\u1ea3n l\u1ea7n n\u00e0y \u0111\u01b0\u1ee3c l\u1ed9t x\u00e1c ho\u00e0n to\u00e0n v\u1ec1 thi\u1ebft k\u1ebf c\u0169ng nh\u01b0 ch\u1ea5t \u00e2m x\u1ee9ng \u0111\u00e1ng l\u00e0 l\u1ef1a ch\u1ecdn h\u00e0ng \u0111\u1ea7u cho ng\u01b0\u1eddi d\u00f9ng \u0111ang mong mu\u1ed1n t\u00ecm cho m\u00ecnh m\u1ed9t chi\u1ebfc tai nghe kh\u00f4ng d\u00e2y cao c\u1ea5p \u0111\u1ec3 \u0111\u1ed3ng h\u00e0nh c\u00f9ng m\u00ecnh trong c\u00f4ng vi\u1ec7c v\u00e0 gi\u1ea3i tr\u00ed.<\/p>\n<h3>Thi\u1ebft k\u1ebf c\u00f4ng th\u00e1i h\u1ecdc cho tr\u1ea3i nghi\u1ec7m \u0111eo tho\u1ea3i m\u00e1i v\u00e0 ho\u00e0n h\u1ea3o<\/h3>\n<p>Tai nghe kh\u00f4ng d\u00e2y bluetooth\u00a0Samsung Galaxy Buds Pro s\u1edf h\u1eefu m\u1ed9t thi\u1ebft k\u1ebf b\u1ea7u d\u1ee5c, kh\u00e1c v\u1edbi thi\u1ebft k\u1ebf bo tr\u00f2n tr\u00ean th\u1ebf h\u1ec7 ti\u1ec1n nhi\u1ec7m. \u0110\u01b0\u1ee3c ph\u1ee7 th\u00eam m\u1ed9t l\u1edbp s\u01a1n b\u00f3ng gi\u00fap l\u00e0m n\u1ed5i b\u1eadt thi\u1ebft k\u1ebf c\u1ee7a tai nghe th\u00eam ph\u1ea7n b\u1eaft m\u1eaft, n\u1ed5i b\u1eadt d\u01b0\u1edbi m\u1ecdi g\u00f3c nh\u00ecn.<\/p>\n<p><img decoding=\"async\" class=\"cpslazy loaded\" src=\"https:\/\/cdn.cellphones.com.vn\/media\/wysiwyg\/accessories\/earphone\/galaxy-buds-pro-1.JPG\" alt=\"Thi\u1ebft k\u1ebf c\u00f4ng th\u00e1i h\u1ecdc cho tr\u1ea3i nghi\u1ec7m \u0111eo tho\u1ea3i m\u00e1i v\u00e0 ho\u00e0n h\u1ea3o\" data-src=\"https:\/\/cdn.cellphones.com.vn\/media\/wysiwyg\/accessories\/earphone\/galaxy-buds-pro-1.JPG\" data-ll-status=\"loaded\" \/><\/p>\n<p>Thi\u1ebft k\u1ebf c\u00f4ng th\u00e1i h\u1ecdc v\u1edbi k\u00edch th\u01b0\u1edbc nh\u1ecf g\u1ecdn, v\u1eeba v\u1eb7n \u00f4m kh\u00ed \u0111\u00f4i tai c\u1ee7a ng\u01b0\u1eddi d\u00f9ng. Gi\u00fap b\u1ea1n tr\u1ea3i nghi\u1ec7m c\u1ea3m gi\u00e1c tho\u1ea3i m\u00e1i v\u00e0 d\u1ec5 ch\u1ecbu c\u1ea3 ng\u00e0y d\u00e0i c\u00f9ng giai \u0111i\u1ec7u \u00e2m thanh m\u00e0 Galaxy Buds Pro mang \u0111\u1ebfn.<\/p>\n<h3>Ch\u1ed1ng \u1ed3n ch\u1ee7 \u0111\u1ed9ng ANC, l\u00e0m ch\u1ee7 \u00e2m thanh m\u00e0 b\u1ea1n mong mu\u1ed1n<\/h3>\n<p>Samsung t\u00edch h\u1ee3p cho tai nghe Bluetooth Samsung Galaxy Buds Pro c\u00f4ng ngh\u1ec7 ch\u1ed1ng \u1ed3n ch\u1ee7 \u0111\u1ed9ng ANC ti\u00ean ti\u1ebfn. Gi\u00fap l\u1ecdc t\u1ea1p \u00e2m hi\u1ec7u qu\u1ea3 \u0111\u1ec3 b\u1ea1n c\u00f3 th\u1ec3 th\u01b0\u1edfng th\u1ee9c \u00e2m thanh, nh\u1eadn th\u00f4ng b\u00e1o tin nh\u1eafn v\u00e0 g\u1ecdi tho\u1ea1i v\u1edbi ch\u1ea5t l\u01b0\u1ee3ng t\u1ed1t nh\u1ea5t.<\/p>\n<p><img decoding=\"async\" class=\"cpslazy loaded\" src=\"https:\/\/cdn.cellphones.com.vn\/media\/wysiwyg\/accessories\/earphone\/galaxy-buds-pro-2.JPG\" alt=\"Ch\u1ed1ng \u1ed3n ch\u1ee7 \u0111\u1ed9ng ANC, l\u00e0m ch\u1ee7 \u00e2m thanh m\u00e0 b\u1ea1n mong mu\u1ed1n\" data-src=\"https:\/\/cdn.cellphones.com.vn\/media\/wysiwyg\/accessories\/earphone\/galaxy-buds-pro-2.JPG\" data-ll-status=\"loaded\" \/><\/p>\n<p>Ng\u01b0\u1eddi d\u00f9ng c\u00f3 th\u1ec3 d\u1ec5 d\u00e0ng b\u1eadt t\u1eaft t\u00ednh n\u0103ng ch\u1ed1ng \u1ed3n ch\u1ee7 \u0111\u1ed9ng tr\u00ean Galaxy Buds Pro nhanh ch\u00f3ng. L\u00e0m ch\u1ee7 \u00e2m thanh m\u00e0 b\u1ea1n mong mu\u1ed1n gi\u1edd \u0111\u00e2y d\u1ec5 d\u00e0ng h\u01a1n bao gi\u1edd h\u1ebft.<\/p>\n<h3>M\u00e0ng loa 12nm mang \u0111\u1ebfn ch\u1ea5t \u00e2m s\u1ed1ng \u0111\u1ed9ng, tinh ch\u1ec9nh b\u1edfi AKG<\/h3>\n<p>T\u1eadn h\u01b0\u1edfng ch\u1ea5t \u00e2m l\u00f4i cu\u1ed1n, s\u00f4i \u0111\u1ed9ng tr\u00ean tai nghe kh\u00f4ng d\u00e2y Samsung Galaxy Buds Pro nh\u1edd s\u1ef1 k\u1ebft h\u1ee3p ho\u00e0n h\u1ea3o gi\u1eefa m\u00e0ng loa 12nm \u0111\u01b0\u1ee3c tinh ch\u1ec9nh b\u1edfi AKG. Ch\u1ea5t \u00e2m cho ra lu\u00f4n s\u00e1ng r\u00f5 v\u00e0 ch\u00e2n th\u1ef1c nh\u1ea5t.<\/p>\n<p><img decoding=\"async\" class=\"cpslazy loaded\" src=\"https:\/\/cdn.cellphones.com.vn\/media\/wysiwyg\/accessories\/earphone\/galaxy-buds-pro-7.jpg\" alt=\"M\u00e0ng loa 12nm mang \u0111\u1ebfn ch\u1ea5t \u00e2m s\u1ed1ng \u0111\u1ed9ng, tinh ch\u1ec9nh b\u1edfi AKG\" data-src=\"https:\/\/cdn.cellphones.com.vn\/media\/wysiwyg\/accessories\/earphone\/galaxy-buds-pro-7.jpg\" data-ll-status=\"loaded\" \/><\/p>\n<p>Ngo\u00e0i ra driver l\u1edbn c\u00f9ng \u1ed1ng bass gi\u00fap t\u0103ng c\u01b0\u1eddng \u00e2m thanh \u1edf t\u1ea7n s\u1ed1 th\u1ea5p h\u01a1n, cho \u00e2m thanh l\u1edbn v\u00e0 vang v\u1ecdng. N\u00e2ng cao ch\u1ea5t l\u01b0\u1ee3ng nh\u1eefng b\u1ea3n nh\u1ea1c nh\u01b0ng \u0111ang nghe trong kh\u00e1n ph\u00f2ng.<\/p>\n<h3>T\u00edch h\u1ee3p 3 mic thu c\u00f9ng b\u1ed9 thu nh\u1eadn gi\u1ecdng n\u00f3i th\u1ebf h\u1ec7 m\u1edbi n\u00e2ng cao ch\u1ea5t l\u01b0\u1ee3ng \u0111\u00e0m tho\u1ea1i<\/h3>\n<p>Kh\u00f4ng ch\u1ec9 m\u1ea1nh m\u1ebd v\u1ec1 ch\u1ea5t \u00e2m truy\u1ec1n t\u1ea3i, tai nghe True Wireless Samsung Galaxy Buds Pro c\u00f2n s\u1edf h\u1eefu ch\u1ea5t l\u01b0\u1ee3ng \u0111\u00e0m tho\u1ea1i t\u1ed1t nh\u1ea5t v\u1edbi h\u1ec7 th\u1ed1ng 3 mic ch\u1ea5t l\u01b0\u1ee3ng cao \u1edf m\u1ed7i b\u00ean c\u00f9ng b\u1ed9 thu nh\u1eadn gi\u1ecdng n\u00f3i th\u1ebf h\u1ec7 m\u1edbi.<\/p>\n<p><img decoding=\"async\" class=\"cpslazy loaded\" src=\"https:\/\/cdn.cellphones.com.vn\/media\/wysiwyg\/accessories\/earphone\/galaxy-buds-pro-3.jpg\" alt=\"T\u00edch h\u1ee3p 3 mic thu\" data-src=\"https:\/\/cdn.cellphones.com.vn\/media\/wysiwyg\/accessories\/earphone\/galaxy-buds-pro-3.jpg\" data-ll-status=\"loaded\" \/><\/p>\n<p>B\u1ed9 thu nh\u1eadn gi\u1ecdng n\u00f3i c\u1ea3m nh\u1eadn chuy\u1ec3n \u0111\u1ed9ng t\u1eeb x\u01b0\u01a1ng h\u00e0m c\u1ee7a ng\u01b0\u1eddi d\u00f9ng. T\u1eeb \u0111\u00f3 chuy\u1ec3n \u0111\u1ed5i th\u00e0nh t\u00edn hi\u1ec7u tho\u1ea1i gi\u00fap c\u1ea3i thi\u1ec7n ch\u1ea5t l\u01b0\u1ee3ng \u00e2m thanh, d\u00f9 l\u00e0 \u0111ang th\u1ef1c hi\u1ec7n g\u1ecdi tho\u1ea1i trong m\u00f4i tr\u01b0\u1eddng nhi\u1ec1u ti\u1ebfng \u1ed3n.<\/p>\n<h3>Thao t\u00e1c c\u1ea3m \u1ee9ng ch\u00ednh x\u00e1c, t\u00edch h\u1ee3p Spotify m\u1ea1nh m\u1ebd<\/h3>\n<p>Mang \u0111\u1ebfn m\u1ed9t tr\u1ea3i nghi\u1ec7m ho\u00e0n h\u1ea3o nh\u1ea5t, tai nghe Bluetooth Samsung Galaxy Buds Pro s\u1eed d\u1ee5ng thao t\u00e1c c\u1ea3m \u1ee9ng \u0111\u1ec3 t\u01b0\u01a1ng t\u00e1c v\u1edbi tai nghe. Ch\u1ea1m 1 l\u1ea7n \u0111\u1ec3 t\u1ea1m d\u1eebng ho\u1eb7c ph\u00e1t nh\u1ea1c, ch\u1ea1m 2 l\u1ea7n \u0111\u1ec3 chuy\u1ec3n b\u00e0i ho\u1eb7c k\u1ebft th\u00fac cu\u1ed9c g\u1ecdi.<\/p>\n<p><img decoding=\"async\" class=\"cpslazy loaded\" src=\"https:\/\/cdn.cellphones.com.vn\/media\/wysiwyg\/accessories\/earphone\/galaxy-buds-pro-4.jpg\" alt=\"Thao t\u00e1c c\u1ea3m \u1ee9ng ch\u00ednh x\u00e1c, t\u00edch h\u1ee3p Spotify m\u1ea1nh m\u1ebd\" data-src=\"https:\/\/cdn.cellphones.com.vn\/media\/wysiwyg\/accessories\/earphone\/galaxy-buds-pro-4.jpg\" data-ll-status=\"loaded\" \/><\/p>\n<p>T\u1eadn h\u01b0\u1edfng h\u00e0ng tri\u1ec7u n\u1ed9i dung podcast v\u00e0 b\u00e0i h\u00e1t mi\u1ec5n ph\u00ed tr\u00ean Spotify b\u1ea5t c\u1ee9 khi n\u00e0o b\u1ea1n mong mu\u1ed1n. Ch\u1ec9 c\u1ea7n ch\u1ea1m v\u00e0 gi\u1eef 1 gi\u00e2y, \u1ee9ng d\u1ee5ng Spotify s\u1ebd m\u1edf ra \u0111\u1ec3 b\u1ea1n c\u00f3 th\u1ec3 nghe nh\u1eefng b\u00e0i h\u00e1t y\u00eau th\u00edch trong t\u00edch t\u1eafc.<\/p>\n<h3>L\u00e0m vi\u1ec7c v\u00e0 gi\u1ea3i tr\u00ed li\u00ean t\u1ee5c kh\u00f4ng lo gi\u00e1n \u0111o\u1ea1n v\u1edbi th\u1eddi l\u01b0\u1ee3ng pin l\u00ean \u0111\u1ebfn 20 gi\u1edd<\/h3>\n<p>T\u00edch h\u1ee3p vi\u00ean pin 61Mah tr\u00ean m\u1ed7i tai nghe v\u00e0 472mAh tr\u00ean h\u1ee3p s\u1ea1c.\u00a0Galaxy Buds Pro\u00a0mang \u0111\u1ebfn th\u1eddi gian s\u1eed d\u1ee5ng \u1ea5n t\u01b0\u1ee3ng \u0111\u1ebfn 5 ti\u1ebfng v\u00e0 20 ti\u1ebfng khi c\u00f3 h\u1ed9p s\u1ea1c \u0111i k\u00e8m. Gi\u00fap b\u1ea1n tho\u1ea3i m\u00e1i ti\u1ebfp t\u1ee5c c\u00f4ng vi\u1ec7c v\u00e0 gi\u1ea3i tr\u00ed m\u00e0 kh\u00f4ng lo b\u1ecb gi\u00e1n \u0111o\u1ea1n b\u1edfi v\u1ea5n \u0111\u1ec1 v\u1ec1 pin tr\u00ean tai nghe.<\/p>\n<p><img decoding=\"async\" class=\"cpslazy loaded\" src=\"https:\/\/cdn.cellphones.com.vn\/media\/wysiwyg\/accessories\/earphone\/galaxy-buds-pro-5.jpg\" alt=\" th\u1eddi l\u01b0\u1ee3ng pin l\u00ean \u0111\u1ebfn 21 gi\u1edd\" data-src=\"https:\/\/cdn.cellphones.com.vn\/media\/wysiwyg\/accessories\/earphone\/galaxy-buds-pro-5.jpg\" data-ll-status=\"loaded\" \/><\/p>\n<p>Tai nghe t\u00edch h\u1ee3p s\u1ea1c nhanh, v\u1edbi 5 ph\u00fat s\u1ea1c \u0111\u00e3 c\u00f3 ngay cho b\u1ea1n 1 gi\u1edd ph\u00e1t \u0111\u1ec3 quay l\u1ea1i th\u01b0\u1edfng th\u1ee9c c\u00e1c b\u1ea3n nh\u1ea1c hay l\u1eafng nghe podcast. H\u1ed7 tr\u1ee3 kh\u1ea3 n\u0103ng s\u1ea1c kh\u00f4ng d\u00e2y gi\u00fap b\u1ea1n th\u1ec3 d\u1ee5ng \u0111i\u1ec7n tho\u1ea1i th\u00f4ng minh \u0111\u1ec3 s\u1ea1c \u0111\u1ea7y cho tai nghe nhanh ch\u00f3ng v\u00e0 ti\u1ec7n l\u1ee3i.<\/p>\n<h3>Chia s\u1ebb c\u00f9ng b\u1ea1n b\u00e8 nh\u1eefng b\u00e0i h\u00e1t \u01b0a th\u00edch v\u1edbi t\u00ednh n\u0103ng Buds Together<\/h3>\n<p>B\u1ea1n mu\u1ed1n chia s\u1ebb v\u1edbi b\u1ea1n b\u00e8 nh\u1eefng b\u1ea3n nh\u1ea1c m\u00e0 b\u1ea1n \u01b0u th\u00edch m\u00e0 kh\u00f4ng c\u1ea7n chia s\u1ebb tai nghe. Samsung Galaxy Buds Pro \u0111\u00e1p \u1ee9ng cho b\u1ea1n \u0111i\u1ec1u \u0111\u00f3 v\u1edbi t\u00ednh n\u0103ng Buds Together gi\u00fap k\u1ebft n\u1ed1i tai nghe c\u1ee7a b\u1ea1n v\u00e0 b\u1ea1n b\u00e8 \u0111\u1ec3 chia s\u1ebb nh\u1ea1c cho nhau.<\/p>\n<p><img decoding=\"async\" class=\"cpslazy loaded\" src=\"https:\/\/cdn.cellphones.com.vn\/media\/wysiwyg\/accessories\/earphone\/galaxy-buds-pro-6.jpg\" alt=\"Chia s\u1ebb c\u00f9ng b\u1ea1n b\u00e8 nh\u1eefng b\u00e0i h\u00e1t \u01b0a th\u00edch v\u1edbi t\u00ednh n\u0103ng Buds Together\" data-src=\"https:\/\/cdn.cellphones.com.vn\/media\/wysiwyg\/accessories\/earphone\/galaxy-buds-pro-6.jpg\" data-ll-status=\"loaded\" \/><\/p>\n<h3>Ph\u1ea7n m\u1ec1m Galaxy Wearable tr\u00ean c\u1ea3 iOS v\u00e0 Android, kh\u1ea3 n\u0103ng k\u00e9t n\u1ed1i li\u1ec1n m\u1ea1ch gi\u1eefa c\u00e1c thi\u1ebft b\u1ecb<\/h3>\n<p>Ph\u1ea7n m\u1ec1m Galaxy Wearable c\u00f3 c\u1ea3 tr\u00ean 2 kho \u1ee9ng d\u1ee5ng AppStore v\u00e0 Google Play gi\u00fap gh\u00e9p n\u1ed1i th\u00f4ng minh cho c\u1ea3 \u0111i\u1ec7n tho\u1ea1i Android v\u00e0 iOS.<\/p>\n<p><img decoding=\"async\" class=\"cpslazy loaded\" src=\"https:\/\/cdn.cellphones.com.vn\/media\/wysiwyg\/accessories\/earphone\/galaxy-buds-pro-8.JPG\" alt=\"Ph\u1ea7n m\u1ec1m Galaxy Wearable\" data-src=\"https:\/\/cdn.cellphones.com.vn\/media\/wysiwyg\/accessories\/earphone\/galaxy-buds-pro-8.JPG\" data-ll-status=\"loaded\" \/><\/p>\n<p>Ph\u1ea7n m\u1ec1m v\u1edbi giao di\u1ec7n d\u1ec5 nh\u00ecn, cung c\u1ea5p th\u00f4ng tin v\u1ec1 tai nghe, th\u1eddi l\u01b0\u1ee3ng pin c\u1ee7a 2 tai nghe v\u00e0 h\u1ed9p s\u1ea1c, t\u1ef1 \u0111\u1ed9ng n\u00e2ng c\u1ea5p khi c\u00f3 c\u1eadp nh\u1eadt. T\u00ednh n\u0103ng Bluetooth Info Synce cho ph\u00e9p chuy\u1ec3n \u0111\u1ed5i li\u1ec1n m\u1ea1ch gi\u1eefa c\u00e1c thi\u1ebft b\u1ecb v\u1edbi nhau.<\/p>\n","protected":false},"excerpt":{"rendered":"<p>Tai nghe Samsung Galaxy Buds Pro &#8211; Thi\u1ebft k\u1ebf tinh t\u1ebf c\u00f9ng ch\u1ea5t \u00e2m \u0111\u1ed9t ph\u00e1 Tai nghe True Wireless Samsung\u00a0Galaxy Buds Pro l\u00e0 d\u00f2ng s\u1ea3n ph\u1ea9m tai nghe kh\u00f4ng d\u00e2y th\u1ebf h\u1ec7 m\u1edbi nh\u1ea5t t\u1eeb Samsung. V\u1edbi phi\u00ean b\u1ea3n l\u1ea7n n\u00e0y \u0111\u01b0\u1ee3c l\u1ed9t x\u00e1c ho\u00e0n to\u00e0n v\u1ec1 thi\u1ebft k\u1ebf c\u0169ng nh\u01b0 ch\u1ea5t \u00e2m x\u1ee9ng&#8230;<\/p>\n","protected":false},"featured_media":1722,"comment_status":"open","ping_status":"closed","template":"","meta":[],"product_cat":[63],"product_tag":[],"class_list":{"0":"post-1719","1":"product","2":"type-product","3":"status-publish","4":"has-post-thumbnail","6":"product_cat-tai-nghe-bluetooth","8":"first","9":"instock","10":"sale","11":"shipping-taxable","12":"purchasable","13":"product-type-variable","14":"has-default-attributes"},"_links":{"self":[{"href":"https:\/\/pluginviet.com\/mau7\/wp-json\/wp\/v2\/product\/1719","targetHints":{"allow":["GET"]}}],"collection":[{"href":"https:\/\/pluginviet.com\/mau7\/wp-json\/wp\/v2\/product"}],"about":[{"href":"https:\/\/pluginviet.com\/mau7\/wp-json\/wp\/v2\/types\/product"}],"replies":[{"embeddable":true,"href":"https:\/\/pluginviet.com\/mau7\/wp-json\/wp\/v2\/comments?post=1719"}],"wp:featuredmedia":[{"embeddable":true,"href":"https:\/\/pluginviet.com\/mau7\/wp-json\/wp\/v2\/media\/1722"}],"wp:attachment":[{"href":"https:\/\/pluginviet.com\/mau7\/wp-json\/wp\/v2\/media?parent=1719"}],"wp:term":[{"taxonomy":"product_cat","embeddable":true,"href":"https:\/\/pluginviet.com\/mau7\/wp-json\/wp\/v2\/product_cat?post=1719"},{"taxonomy":"product_tag","embeddable":true,"href":"https:\/\/pluginviet.com\/mau7\/wp-json\/wp\/v2\/product_tag?post=1719"}],"curies":[{"name":"wp","href":"https:\/\/api.w.org\/{rel}","templated":true}]}}