{"id":1704,"date":"2021-08-20T07:57:31","date_gmt":"2021-08-20T00:57:31","guid":{"rendered":"http:\/\/localhost\/xtmobile\/?post_type=product&#038;p=1704"},"modified":"2022-08-13T17:39:14","modified_gmt":"2022-08-13T10:39:14","slug":"tai-nghe-bluetooth-samsung-galaxy-buds-live","status":"publish","type":"product","link":"https:\/\/pluginviet.com\/mau7\/san-pham\/tai-nghe-bluetooth-samsung-galaxy-buds-live\/","title":{"rendered":"Tai nghe Bluetooth Samsung Galaxy Buds Live"},"content":{"rendered":"<h2>Samsung\u00a0Galaxy Buds Live\u00a0thi\u1ebft k\u1ebf h\u1ea1t \u0111\u1eadu v\u1eeba tai c\u00f9ng kh\u1ea3 n\u0103ng kh\u1eed ti\u1ebfng \u1ed3n<\/h2>\n<p><em>Vi\u1ec7c s\u1eed d\u1ee5ng tai nghe t\u1eeb l\u00e2u \u0111\u00e3 tr\u1edf th\u00e0nh m\u1ed9t th\u00f3i quen c\u1ee7a nhi\u1ec1u ng\u01b0\u1eddi b\u1edfi s\u1ef1 ti\u1ec7n l\u1ee3i m\u00e0 thi\u1ebft b\u1ecb n\u00e0y mang l\u1ea1i. Nh\u01b0ng ng\u00e0y nay, ng\u01b0\u1eddi d\u00f9ng \u0111\u00f2i h\u1ecfi ng\u00e0y c\u00e0ng cao h\u01a1n \u0111\u1ed1i v\u1edbi m\u1ed9t chi\u1ebfc tai nghe kh\u00f4ng ch\u1ec9 \u1edf thi\u1ebft k\u1ebf m\u00e0 c\u1ea3 s\u1ef1 c\u1ea3i thi\u1ec7n v\u1ec1 t\u00ednh n\u0103ng. \u0110\u00e1p \u1ee9ng \u0111i\u1ec1u \u0111\u00f3, Samsung \u0111\u00e3 cho ra m\u1eaft\u00a0<\/em><strong><em>S<\/em><\/strong><strong><em>amsung<\/em><\/strong><strong><em>\u00a0<\/em><\/strong><strong><em>Galaxy Buds Live\u00a0<\/em><\/strong><em>gi\u00fap tr\u1ea3i nghi\u1ec7m s\u1eed d\u1ee5ng tai nghe c\u1ee7a ng\u01b0\u1eddi d\u00f9ng tr\u1edf n\u00ean tuy\u1ec7t v\u1eddi h\u01a1n.<\/em><\/p>\n<p><em>Ngo\u00e0i ra, b\u1ea1n c\u00f3 th\u1ec3 theo d\u00f5i th\u00eam th\u00f4ng tin\u00a0tai nghe Samsung\u00a0Galaxy Buds Pro m\u1edbi nh\u1ea5t, s\u1ebd \u0111\u01b0\u1ee3c ra m\u1eaft v\u00e0o \u0111\u1ea7u n\u0103m 2021.\u00a0<\/em><\/p>\n<h3>Thi\u1ebft k\u1ebf h\u00ecnh h\u1ea1t \u0111\u1eadu kh\u00f4ng nh\u00f4 kh\u1ecfi tai v\u00e0 c\u00f3 nhi\u1ec1u m\u00e0u s\u1eafc kh\u00e1c nhau<\/h3>\n<p>Galaxy Buds Live c\u00f3 l\u00e0 d\u1ea1ng tai nghe nh\u00e9t tai v\u1edbi thi\u1ebft k\u1ebf h\u00ecnh h\u1ea1t \u0111\u1eadu l\u1ea1 m\u1eaft khi s\u1eed d\u1ee5ng kh\u00f4ng b\u1ecb nh\u00f4 ra kh\u1ecfi tai m\u00e0 n\u1eb1m g\u1ecdn, v\u1eeba v\u1eb7n tr\u00ean tai c\u1ee7a b\u1ea1n mang \u0111\u1ebfn c\u1ea3m gi\u00e1c tho\u1ea3i m\u00e1i khi \u0111eo. D\u00f9 b\u1ea1n s\u1eed d\u1ee5ng su\u1ed1t c\u1ea3 ng\u00e0y th\u00ec tai nghe c\u0169ng kh\u00f4ng khi\u1ebfn b\u1ea1n c\u1ea3m th\u1ea5y kh\u00f3 ch\u1ecbu hay n\u1eb7ng tai.<\/p>\n<p><img decoding=\"async\" class=\"cpslazy loaded\" src=\"https:\/\/cdn.cellphones.com.vn\/media\/wysiwyg\/accessories\/earphone\/samsung-galaxy-buds-live-3_1.jpg\" alt=\"Thi\u1ebft k\u1ebf h\u00ecnh h\u1ea1t \u0111\u1eadu kh\u00f4ng nh\u00f4 kh\u1ecfi tai v\u00e0 c\u00f3 nhi\u1ec1u m\u00e0u s\u1eafc kh\u00e1c nhau\" data-src=\"https:\/\/cdn.cellphones.com.vn\/media\/wysiwyg\/accessories\/earphone\/samsung-galaxy-buds-live-3_1.jpg\" data-ll-status=\"loaded\" \/><\/p>\n<p>Ngo\u00e0i ra, tai nghe c\u00f2n c\u00f3 nhi\u1ec1u m\u00e0u s\u1eafc kh\u00e1c nhau \u0111\u1ec3 ng\u01b0\u1eddi d\u00f9ng c\u00f3 th\u1ec3 t\u00f9y \u00fd l\u1ef1a ch\u1ecdn theo s\u1edf th\u00edch c\u00e1 nh\u00e2n, c\u00e1c m\u00e0u s\u1eafc \u0111\u1ec1u l\u00e0 gam m\u00e0u l\u1ea1nh, thanh l\u1ecbch v\u00e0 r\u1ea5t sang tr\u1ecdng.<\/p>\n<p><img decoding=\"async\" class=\"cpslazy loaded\" src=\"https:\/\/cdn.cellphones.com.vn\/media\/wysiwyg\/accessories\/earphone\/samsung-galaxy-buds-live-2_1.jpg\" alt=\"nhi\u1ec1u m\u00e0u s\u1eafc kh\u00e1c nhau\" data-src=\"https:\/\/cdn.cellphones.com.vn\/media\/wysiwyg\/accessories\/earphone\/samsung-galaxy-buds-live-2_1.jpg\" data-ll-status=\"loaded\" \/><\/p>\n<p>B\u00ean c\u1ea1nh \u0111\u00f3 l\u00e0 thi\u1ebft k\u1ebf c\u00f4ng th\u00e1i h\u1ecdc, gi\u00fap ng\u01b0\u1eddi d\u00f9ng kh\u00f4ng kh\u00f3 ch\u1ecbu khi s\u1eed d\u1ee5ng trong th\u1eddi gian d\u00e0i. Thi\u1ebft k\u1ebf v\u1eeba kh\u00edt, ch\u1eafc ch\u1eafn k\u1ec3 c\u1ea3 khi ch\u1ea1y m\u00e0 kh\u00f4ng lo r\u01a1i r\u1edbt.<\/p>\n<p><img decoding=\"async\" class=\"cpslazy loaded\" src=\"https:\/\/cdn.cellphones.com.vn\/media\/wysiwyg\/accessories\/earphone\/samsung-galaxy-buds-live-1_1.jpg\" alt=\" thi\u1ebft k\u1ebf c\u00f4ng th\u00e1i h\u1ecdc\" data-src=\"https:\/\/cdn.cellphones.com.vn\/media\/wysiwyg\/accessories\/earphone\/samsung-galaxy-buds-live-1_1.jpg\" data-ll-status=\"loaded\" \/><\/p>\n<h3>T\u00edch h\u1ee3p micro \u0111\u00e0m tho\u1ea1i c\u00f9ng kh\u1ea3 n\u0103ng kh\u1eed ti\u1ebfng \u1ed3n ANC hi\u1ec7u qu\u1ea3<\/h3>\n<p>Samsung Buds Live \u0111\u01b0\u1ee3c trang b\u1ecb micro gi\u00fap ng\u01b0\u1eddi d\u00f9ng c\u00f3 th\u1ec3 tr\u1ea3 l\u1eddi nh\u1eefng cu\u1ed9c g\u1ecdi d\u1ec5 d\u00e0ng, d\u00f9 l\u00e0 tai nghe nh\u00e9t tai nh\u01b0ng micro h\u00fat \u00e2m thanh c\u1ef1c t\u1ed1t gi\u00fap b\u1ea1n tho\u1ea3i m\u00e1i tr\u00f2 chuy\u1ec7n nh\u01b0ng v\u1eabn \u0111\u1ea3m b\u1ea3o \u00e2m thanh kh\u00f4ng b\u1ecb \u1ea3nh h\u01b0\u1edfng b\u1edfi t\u1ea1p \u00e2m.<\/p>\n<p><img decoding=\"async\" class=\"cpslazy loaded\" src=\"https:\/\/cdn.cellphones.com.vn\/media\/wysiwyg\/accessories\/earphone\/samsung-galaxy-buds-live-4.jpg\" alt=\"kh\u1eed ti\u1ebfng \u1ed3n ANC\" data-src=\"https:\/\/cdn.cellphones.com.vn\/media\/wysiwyg\/accessories\/earphone\/samsung-galaxy-buds-live-4.jpg\" data-ll-status=\"loaded\" \/><\/p>\n<p>Kh\u00f4ng ch\u1ec9 th\u1ebf,\u00a0tai nghe bluetooth\u00a0<strong>Samsung\u00a0Galaxy Buds Live<\/strong>\u00a0c\u00f2n \u0111\u01b0\u1ee3c trang b\u1ecb c\u00f4ng ngh\u1ec7 kh\u1eed ti\u1ebfng \u1ed3n hi\u1ec7n \u0111\u1ea1i gi\u00fap b\u1ea1n kh\u00f4ng ch\u1ec9 \u00e2m thanh thanh cu\u1ed9c g\u1ecdi c\u1ee7a b\u1ea1n \u0111\u01b0\u1ee3c r\u00f5 r\u00e0ng, ch\u00e2n th\u1ef1c m\u00e0 c\u00f2n gi\u00fap b\u1ea1n c\u00f3 \u0111\u01b0\u1ee3c kh\u00f4ng gian ri\u00eang tho\u1ea3i m\u00e1i, kh\u00f4ng b\u1ecb \u1ea3nh h\u01b0\u1edfng b\u1edfi nh\u1eefng t\u1ea1p \u00e2m xung quanh.<\/p>\n<p>Galaxy Buds Live s\u1edf h\u1eefu d\u1ea3i loa drive 12mm c\u00f9ng \u00e2m thanh AKG mang \u0111\u1ebfn \u00e2m thanh ch\u1ea5t l\u01b0\u1ee3ng v\u1edbi \u00e2m tr\u1ea7m s\u00e2u, \u00e2m bass l\u1edbn.<\/p>\n<p><img decoding=\"async\" class=\"cpslazy loaded\" src=\"https:\/\/cdn.cellphones.com.vn\/media\/wysiwyg\/accessories\/earphone\/samsung-galaxy-buds-live-6.jpg\" alt=\"Ch\u1ea5t l\u01b0\u1ee3ng cu\u1ed9c g\u1ecdi r\u00f5 r\u00e0ng v\u1edbi 3 micro\" data-src=\"https:\/\/cdn.cellphones.com.vn\/media\/wysiwyg\/accessories\/earphone\/samsung-galaxy-buds-live-6.jpg\" data-ll-status=\"loaded\" \/><\/p>\n<p>Ch\u1ea5t l\u01b0\u1ee3ng cu\u1ed9c g\u1ecdi r\u00f5 r\u00e0ng v\u1edbi 3 micro c\u00f9ng Pickup Unit gi\u00fap ph\u00e1t hi\u1ec7n gi\u1ecdng n\u00f3i qua chuy\u1ec3n \u0111\u1ed9ng c\u1ee7a h\u00e0m. Nh\u1edd \u0111\u00f3 ch\u1ea5t l\u01b0\u1ee3ng \u00e2m thanh cu\u1ed9c g\u1ecdi r\u00f5 r\u00e0ng h\u01a1n, k\u1ec3 c\u1ea3 khi b\u1ea1n \u1edf n\u01a1i \u1ed3n \u00e0o.<\/p>\n<h3>\u0110i\u1ec1u ki\u1ec3n qua \u1ee9ng d\u1ee5ng v\u00e0 h\u1ed7 tr\u1ee3\u00a0Bixby<\/h3>\n<p>\u0110\u1ed1i v\u1edbi Galaxy Buds Live kh\u00f4ng ch\u1ec9 c\u00f3 th\u1ec3 s\u1eed d\u1ee5ng tr\u00ean \u0111i\u1ec7n tho\u1ea1i Samsung, m\u00e0 b\u1ea1n c\u00f3 th\u1ec3 s\u1eed d\u1ee5ng \u0111\u01b0\u1ee3c v\u1edbi nhi\u1ec1u lo\u1ea1i smartphone kh\u00e1c nhau s\u1eed d\u1ee5ng h\u1ec7 \u0111i\u1ec1u h\u00e0nh Android, d\u1ef1a tr\u00ean \u1ee9ng d\u1ee5ng Galaxy Wea Wear. N\u1ebfu b\u1ea1n kh\u00f4ng s\u1eed d\u1ee5ng \u0111i\u1ec7n tho\u1ea1i Samsung nh\u01b0ng mu\u1ed1n s\u1edf h\u1eefu Buds Live th\u00ec v\u1eabn c\u00f3 th\u1ec3 c\u00e0i \u0111\u1eb7t \u1ee9ng d\u1ee5ng v\u00e0 s\u1eed d\u1ee5ng m\u00e0 kh\u00f4ng v\u1ea5n \u0111\u1ec1 g\u00ec.<\/p>\n<p><img decoding=\"async\" class=\"cpslazy loaded\" src=\"https:\/\/cdn.cellphones.com.vn\/media\/wysiwyg\/accessories\/earphone\/samsung-galaxy-buds-live-5.jpg\" alt=\"\u0111i\u1ec1u ki\u1ec3n qua gi\u1ecdng n\u00f3i\" data-src=\"https:\/\/cdn.cellphones.com.vn\/media\/wysiwyg\/accessories\/earphone\/samsung-galaxy-buds-live-5.jpg\" data-ll-status=\"loaded\" \/><\/p>\n<p>Samsung\u00a0Buds Live c\u00f2n cho ph\u00e9p \u0111i\u1ec1u ki\u1ec3n qua gi\u1ecdng n\u00f3i, d\u1ec5 d\u00e0ng ki\u1ec1u khi\u1ec3n r\u1ea3nh tay khi c\u1ea7n.<\/p>\n<h3>Pin dung l\u01b0\u1ee3ng l\u1edbn cho\u00a029 gi\u1edd s\u1eed d\u1ee5ng<\/h3>\n<p>Kh\u00f4ng ch\u1ec9 th\u1ebf, tai nghe bluetooth n\u00e0y c\u00f2n cho ng\u01b0\u1eddi d\u00f9ng th\u1eddi gian s\u1eed d\u1ee5ng kh\u1ee7ng, l\u00ean \u0111\u1ebfn 8 gi\u1edd nghe li\u00ean t\u1ee5c v\u00e0 29 gi\u1edd c\u1ea3 h\u1ed9p s\u1ea1c. \u0110\u00e2y l\u00e0 con s\u1ed1 r\u1ea5t \u1ea5n t\u01b0\u1ee3ng, \u0111\u1ea3m b\u1ea3o nhu c\u1ea7u s\u1eed d\u1ee5ng li\u00ean t\u1ee5c c\u1ea3 m\u1ed9t ng\u00e0y. B\u00ean c\u1ea1nh \u0111\u00f3 l\u00e0 t\u00ednh n\u0103ng s\u1ea1c nhanh,\u00a0Galaxy Buds Live s\u1ebd c\u00f3 th\u00eam 1 gi\u1edd s\u1eed d\u1ee5ng sau 5 ph\u00fat s\u1ea1c.<\/p>\n<p><img decoding=\"async\" class=\"cpslazy loaded\" src=\"https:\/\/cdn.cellphones.com.vn\/media\/wysiwyg\/accessories\/earphone\/samsung-galaxy-buds-live-7.jpg\" alt=\"Pin dung l\u01b0\u1ee3ng l\u1edbn cho 29 gi\u1edd s\u1eed d\u1ee5ng\" data-src=\"https:\/\/cdn.cellphones.com.vn\/media\/wysiwyg\/accessories\/earphone\/samsung-galaxy-buds-live-7.jpg\" data-ll-status=\"loaded\" \/><\/p>\n","protected":false},"excerpt":{"rendered":"<p>Samsung\u00a0Galaxy Buds Live\u00a0thi\u1ebft k\u1ebf h\u1ea1t \u0111\u1eadu v\u1eeba tai c\u00f9ng kh\u1ea3 n\u0103ng kh\u1eed ti\u1ebfng \u1ed3n Vi\u1ec7c s\u1eed d\u1ee5ng tai nghe t\u1eeb l\u00e2u \u0111\u00e3 tr\u1edf th\u00e0nh m\u1ed9t th\u00f3i quen c\u1ee7a nhi\u1ec1u ng\u01b0\u1eddi b\u1edfi s\u1ef1 ti\u1ec7n l\u1ee3i m\u00e0 thi\u1ebft b\u1ecb n\u00e0y mang l\u1ea1i. Nh\u01b0ng ng\u00e0y nay, ng\u01b0\u1eddi d\u00f9ng \u0111\u00f2i h\u1ecfi ng\u00e0y c\u00e0ng cao h\u01a1n \u0111\u1ed1i v\u1edbi m\u1ed9t chi\u1ebfc&#8230;<\/p>\n","protected":false},"featured_media":1708,"comment_status":"open","ping_status":"closed","template":"","meta":[],"product_cat":[63],"product_tag":[],"class_list":{"0":"post-1704","1":"product","2":"type-product","3":"status-publish","4":"has-post-thumbnail","6":"product_cat-tai-nghe-bluetooth","8":"first","9":"instock","10":"sale","11":"shipping-taxable","12":"purchasable","13":"product-type-variable","14":"has-default-attributes"},"_links":{"self":[{"href":"https:\/\/pluginviet.com\/mau7\/wp-json\/wp\/v2\/product\/1704","targetHints":{"allow":["GET"]}}],"collection":[{"href":"https:\/\/pluginviet.com\/mau7\/wp-json\/wp\/v2\/product"}],"about":[{"href":"https:\/\/pluginviet.com\/mau7\/wp-json\/wp\/v2\/types\/product"}],"replies":[{"embeddable":true,"href":"https:\/\/pluginviet.com\/mau7\/wp-json\/wp\/v2\/comments?post=1704"}],"wp:featuredmedia":[{"embeddable":true,"href":"https:\/\/pluginviet.com\/mau7\/wp-json\/wp\/v2\/media\/1708"}],"wp:attachment":[{"href":"https:\/\/pluginviet.com\/mau7\/wp-json\/wp\/v2\/media?parent=1704"}],"wp:term":[{"taxonomy":"product_cat","embeddable":true,"href":"https:\/\/pluginviet.com\/mau7\/wp-json\/wp\/v2\/product_cat?post=1704"},{"taxonomy":"product_tag","embeddable":true,"href":"https:\/\/pluginviet.com\/mau7\/wp-json\/wp\/v2\/product_tag?post=1704"}],"curies":[{"name":"wp","href":"https:\/\/api.w.org\/{rel}","templated":true}]}}