{"id":1699,"date":"2021-08-20T07:39:49","date_gmt":"2021-08-20T00:39:49","guid":{"rendered":"http:\/\/localhost\/xtmobile\/?post_type=product&#038;p=1699"},"modified":"2022-08-13T17:39:26","modified_gmt":"2022-08-13T10:39:26","slug":"tai-nghe-bluetooth-apple-airpods-pro-vn-a","status":"publish","type":"product","link":"https:\/\/pluginviet.com\/mau7\/san-pham\/tai-nghe-bluetooth-apple-airpods-pro-vn-a\/","title":{"rendered":"Tai nghe Bluetooth Apple AirPods Pro VN\/A"},"content":{"rendered":"<h2>Airpods Pro \u2013 Tai nghe bluetooth v\u1edbi ch\u1ea5t \u00e2m r\u00f5 c\u00f9ng kh\u1ea3 n\u0103ng ch\u1ed1ng n\u01b0\u1edbc IPX4<\/h2>\n<p><em>M\u1eabu AirPods xu\u1ea5t hi\u1ec7n l\u1ea7n \u0111\u1ea7u v\u00e0o n\u0103m 2016, sau nhi\u1ec1u n\u00e2ng c\u1ea5p v\u1ec1 thi\u1ebft k\u1ebf v\u00e0o c\u1ea5u h\u00ecnh, m\u1eabu\u00a0tai nghe bluetooth ch\u00ednh h\u00e3ng\u00a0ng\u00e0y c\u00e0ng \u0111\u01b0\u1ee3c ho\u00e0n thi\u1ec7n. M\u1edbi \u0111\u00e2y, Apple \u0111\u00e3 c\u00f4ng b\u1ed1 m\u1eabu tai nghe AirPods m\u1edbi nh\u1ea5t \u2013 tai nghe bluetooth<strong>\u00a0Apple Airpods Pro<\/strong>\u00a0\u2013 v\u1edbi thi\u1ebft k\u1ebf m\u1edbi c\u00f9ng nhi\u1ec1u t\u00ednh n\u0103ng m\u1edbi.<\/em><\/p>\n<p><em>&gt;&gt;&gt; B\u00ean c\u1ea1nh \u0111\u00f3, b\u1ea1n c\u00f3 th\u1ec3 tham kh\u1ea3o th\u00eam th\u00f4ng tin\u00a0tai nghe Airpods Pro 2, s\u1ea3n ph\u1ea9m \u0111\u01b0\u1ee3c d\u1ef1 \u0111o\u00e1n s\u1ebd ra m\u1eaft trong th\u1eddi gian s\u1eafp t\u1edbi.<\/em><\/p>\n<h3>Airpods Pro s\u1edf h\u1eefu thi\u1ebft k\u1ebf nh\u1ecf g\u1ecdn, tr\u1ecdng l\u01b0\u1ee3ng 5.4 gram<\/h3>\n<p>Nh\u1eefng thi\u1ebft k\u1ebf c\u1ee7a Apple ng\u00e0y c\u00e0ng h\u01b0\u1edbng \u0111\u1ebfn ng\u01b0\u1eddi d\u00f9ng h\u01a1n khi chi\u1ebfc\u00a0<strong>tai nghe\u00a0Airpods Pro<\/strong>\u00a0m\u1edbi nh\u1ea5t kh\u00e1 nh\u1ecf g\u1ecdn, tr\u1ecdng l\u01b0\u1ee3ng ch\u1ec9 5.4g v\u00e0 45,6 gram c\u1ea3 h\u1ed9p. S\u1ef1 n\u00e2ng c\u1ea5p \u0111\u1ea7u ti\u00ean ph\u1ea3i k\u1ec3 \u0111\u1ebfn \u0111\u00f3 l\u00e0\u00a0<em>Airpods Pro<\/em>\u00a0\u0111\u01b0\u1ee3c thi\u1ebft k\u1ebf nh\u01b0 m\u1ed9t tai nghe in-ear thay v\u00ec earbud to\u00e0n khung nh\u1ef1a 100% nh\u01b0 \u1edf c\u00e1c phi\u00ean b\u1ea3n c\u0169. C\u00f9ng v\u1edbi 3 m\u00fat silicon m\u1ec1m gi\u00fap\u00a0Airpods Pro kh\u00f4ng ch\u1ec9 gi\u00fap tai nghe tr\u1edf n\u00ean sang tr\u1ecdng h\u01a1n v\u00e0 c\u00f2n gi\u00fap tai nghe b\u00e1m ch\u1eafc v\u00e0o tai, kh\u1ea3 n\u0103ng c\u00e1ch \u00e2m t\u1ed1t c\u0169ng nh\u01b0 ph\u00f9 h\u1ee3p v\u1edbi nhi\u1ec1u k\u00edch th\u01b0\u1edbc tai kh\u00e1c nhau.<\/p>\n<p><img decoding=\"async\" class=\"cpslazy loaded\" src=\"https:\/\/cdn.cellphones.com.vn\/media\/wysiwyg\/accessories\/earphone\/AirPods-Pro-1.jpg\" alt=\"AirPods Pro s\u1edf h\u1eefu thi\u1ebft k\u1ebf nh\u1ecf g\u1ecdn, tr\u1ecdng l\u01b0\u1ee3ng 5.4 gram\" data-src=\"https:\/\/cdn.cellphones.com.vn\/media\/wysiwyg\/accessories\/earphone\/AirPods-Pro-1.jpg\" data-ll-status=\"loaded\" \/><\/p>\n<p>Kh\u00f4ng ch\u1ec9 nh\u1ecf g\u1ecdn, ph\u00f9 h\u1ee3p v\u1edbi nhi\u1ec1u khu\u00f4n tai m\u00e0 Apple Airpods Pro c\u00f2n s\u1edf h\u1eefu l\u00f5i th\u00f4ng kh\u00ed gi\u00fap gi\u1ea3m thi\u1ec3u \u00e1p l\u1ef1c l\u00ean tai, kh\u00f4ng \u0111au tai khi \u0111eo trong th\u1eddi gian d\u00e0i. B\u00ean c\u1ea1nh \u0111\u00f3 Airpods Pro c\u00f2n s\u1edf h\u1eefu ti\u00eau chu\u1ea9n ch\u1ed1ng n\u01b0\u1edbc v\u00e0 b\u1ee5i b\u1ea9n IPX4. Nh\u01b0 v\u1eady Apple \u0111\u00e3 mang \u0111\u1ebfn m\u1ed9t tai nghe kh\u00f4ng d\u00e2y kh\u00f4ng ch\u1ec9 s\u1eed d\u1ee5ng tho\u1ea3i m\u00e1i trong th\u1eddi gian d\u00e0i m\u00e0 c\u00f2n c\u00f3 th\u1ec3 s\u1eed d\u1ee5ng trong nhi\u1ec1u \u0111i\u1ec1u ki\u1ec7n m\u00f4i tr\u01b0\u1eddng kh\u00e1c nhau.<\/p>\n<h3>\u00c2m thanh tr\u00ean Apple Airpods Pro r\u00f5 n\u00e9t v\u1edbi c\u00f4ng ngh\u1ec7 kh\u1eed ti\u1ebfng \u1ed3n ch\u1ee7 \u0111\u1ed9ng<\/h3>\n<p><strong>Tai nghe AirPods Pro<\/strong>\u00a0s\u1edf h\u1eefu nhi\u1ec1u c\u00f4ng ngh\u1ec7 \u00e2m thanh mang \u0111\u1ebfn ch\u1ea5t l\u01b0\u1ee3ng nghe &#8211; g\u1ecdi t\u1ed1t. \u0110\u1ea7u ti\u00ean trong \u0111\u00f3 ph\u1ea3i k\u1ec3 \u0111\u1ebfn c\u00f4ng ngh\u1ec7 ch\u1ed1ng \u1ed3n ch\u1ee7 \u0111\u1ed9ng. V\u1edbi thi\u1ebft k\u1ebf m\u1ed9t micro h\u01b0\u1edbng ra ngo\u00e0i gi\u00fap ph\u00e1t hi\u1ec7n \u00e2m thanh. Sau khi ph\u00e1t hi\u1ec7n \u00e2m thanh, Airpods Pro ngay l\u1eadp t\u1ee9c s\u1ebd lo\u1ea1i b\u1ecf \u00e2m thanh b\u00ean ngo\u00e0i \u0111\u00f3 tr\u01b0\u1edbc khi b\u1ea1n nghe th\u1ea5y n\u00f3. M\u1ed9t micro h\u01b0\u1edbng v\u00e0o b\u00ean trong gi\u00fap l\u1eafng nghe nh\u1eefng \u00e2m thanh b\u00ean trong tai b\u1ea1n. T\u01b0\u01a1ng t\u1ef1 v\u1edbi micro h\u01b0\u1edbng ra b\u00ean ngo\u00e0i, micro b\u00ean trong c\u0169ng ki\u1ec3m tra nh\u1eefng \u00e2m thanh kh\u00f4ng mong mu\u1ed1n v\u00e0 lo\u1ea1i b\u1ecf ch\u00fang. T\u00ednh n\u0103ng kh\u1eed ti\u1ebfng \u1ed3n \u0111\u01b0\u1ee3c \u0111i\u1ec3u ch\u1ec9nh li\u00ean t\u1ee5c v\u1edbi t\u1ea7n su\u1ea5t 200 l\u1ea7n m\u1ed7i gi\u00e2y. Nh\u1edd v\u1eady \u00e2m thanh cu\u1ed1i c\u00f9ng b\u1ea1n nghe \u0111\u01b0\u1ee3c s\u1ebd l\u00e0 nh\u1eefng \u00e2m thanh trong tr\u1ebbo, ch\u1ea5t l\u01b0\u1ee3ng nh\u1ea5t.<\/p>\n<p><img decoding=\"async\" class=\"cpslazy loaded\" src=\"https:\/\/cdn.cellphones.com.vn\/media\/wysiwyg\/accessories\/earphone\/AirPods-Pro-2.jpg\" alt=\"\u00c2m thanh r\u00f5 n\u00e9t v\u1edbi c\u00f4ng ngh\u1ec7 kh\u1eed ti\u1ebfng \u1ed3n ch\u1ee7 \u0111\u1ed9ng\" data-src=\"https:\/\/cdn.cellphones.com.vn\/media\/wysiwyg\/accessories\/earphone\/AirPods-Pro-2.jpg\" data-ll-status=\"loaded\" \/><\/p>\n<p>M\u1ed9t t\u00ednh n\u0103ng th\u00f4ng minh c\u1ee7a\u00a0<em>Airpods Pro<\/em>\u00a0\u0111\u00f3 ch\u1ec9nh l\u00e0 s\u1eed chuy\u1ec3n \u0111\u1ed5i gi\u1eefa ch\u1ebf \u0111\u1ed9 kh\u1eed ti\u1ebfng \u1ed3n ch\u1ee7 \u0111\u1ed9ng v\u00e0 ch\u1ebf \u0111\u1ed9 trong su\u1ed1t. V\u1edbi nh\u1eefng l\u00fac b\u1ea1n c\u00f3 nhu c\u1ea7u nghe c\u1ea3 nh\u1eefng \u00e2m thanh \u0111ang x\u1ea3y ra xung quanh. Vi\u1ec7c \u0111\u01a1n gi\u1ea3n b\u1ea1n c\u1ea7n l\u00e0m l\u00e0 nh\u1ea5n gi\u1eef c\u1ea3m bi\u1ebfn l\u1ef1c tr\u00ean th\u00e2n tai nghe \u0111\u1ec3 chuy\u1ec3n \u0111\u1ed5i gi\u1eefa hai ch\u1ebf \u0111\u1ed9. V\u1edbi ch\u1ebf \u0111\u1ed9 trong su\u1ed1t, b\u1ea1n c\u00f3 th\u1ec3 nghe \u0111\u01b0\u1ee3c c\u00f9ng l\u00fac \u00e2m thanh b\u00ean trong c\u0169ng nh\u01b0 \u00e2m thanh b\u00ean ngo\u00e0i, tho\u1ea3i m\u00e1i n\u00f3i chuy\u1ec7n v\u1edbi m\u1ecdi ng\u01b0\u1eddi xung quanh.<\/p>\n<p><img decoding=\"async\" class=\"cpslazy loaded\" src=\"https:\/\/cdn.cellphones.com.vn\/media\/wysiwyg\/accessories\/earphone\/AirPods-Pro-6.jpg\" alt=\"M\u1ed9t micr\u00f4 h\u01b0\u1edbng v\u00e0o b\u00ean trong gi\u00fap l\u1eafng nghe nh\u1eefng \u00e2m thanh b\u00ean trong\" data-src=\"https:\/\/cdn.cellphones.com.vn\/media\/wysiwyg\/accessories\/earphone\/AirPods-Pro-6.jpg\" data-ll-status=\"loaded\" \/><\/p>\n<h3>C\u00f4ng ngh\u1ec7 Adaptive EQ c\u00f9ng chip H1 gi\u00fap t\u00f9y ch\u1ec9nh \u00e2m thanh<\/h3>\n<p>B\u00ean c\u1ea1nh t\u00ednh n\u0103ng ch\u1ed1ng \u1ed3n ch\u1ee7 \u0111\u1ed9ng,\u00a0<strong>Airpods Pro<\/strong>\u00a0c\u00f2n c\u00f4ng ngh\u1ec7 Adaptive EQ cho kh\u1ea3 n\u0103ng t\u1eadn h\u01b0\u1edfng \u00e2m nh\u1ea1c t\u1ed1t h\u01a1n. C\u00f4ng ngh\u1ec7 Adaptive EQ gi\u00fap \u0111i\u1ec1u ch\u1ec9nh \u00e2m nh\u1ea1c theo h\u00ecnh d\u1ea1ng tai nghe c\u1ee7a t\u1eebng ng\u01b0\u1eddi. Tai nghe cho \u00e2m tr\u1ea7m m\u1ea1nh, c\u00f9ng v\u1edbi \u0111\u00f3 l\u00e0 tr\u00ecnh \u0111i\u1ec1u khi\u1ec3n loa cho ph\u00e9p t\u00f9y ch\u1ec9nh \u0111\u1ed9 m\u00e9o cao v\u00e0 th\u1ea5p kh\u00e1c nhau.<\/p>\n<p><img decoding=\"async\" class=\"cpslazy loaded\" src=\"https:\/\/cdn.cellphones.com.vn\/media\/wysiwyg\/accessories\/earphone\/AirPods-Pro-3.jpg\" alt=\"C\u00f4ng ngh\u00ea Adaptive EQ c\u00f9ng chip H1 gi\u00fap t\u00f9y ch\u1ec9nh \u00e2m thanh\" data-src=\"https:\/\/cdn.cellphones.com.vn\/media\/wysiwyg\/accessories\/earphone\/AirPods-Pro-3.jpg\" data-ll-status=\"loaded\" \/><\/p>\n<p>Ngo\u00e0i ra, Apple AirPods Pro c\u00f2n b\u1ed9 khu\u1ebfch \u0111\u1ea1i c\u1ea5p ngu\u1ed3n k\u1ebft h\u1ee3p v\u1edbi chip H1 gi\u00fap lo\u1ea1i b\u1ecf n\u1ec1n nhi\u1ec5u, ki\u1ec3m so\u00e1t m\u1ee9c \u0111\u1ed9 nghe. B\u1ed9 khu\u1ebfch \u0111\u1ea1i d\u1ea3i \u0111\u1ed9ng gi\u00fap t\u1ea1o ra \u00e2m thanh thu\u1ea7n khi\u1ebft, r\u00f5 r\u00e0ng c\u00f9ng kh\u1ea3 n\u0103ng k\u00e9o d\u00e0i tu\u1ed5i th\u1ecd pin. H\u01a1n th\u1ebf n\u1eefa, tai nghe bluetooth AirPods Pro c\u00f2n s\u1edf h\u1eefu c\u1ed5ng micro l\u01b0\u1edbi m\u1edf r\u1ed9ng gi\u00fap c\u1ea3i thi\u1ec7n \u0111\u1ed9 r\u00f5 c\u1ee7a cu\u1ed9c g\u1ecdi, \u00e2m thanh trong c\u00e1c t\u00ecnh hu\u1ed1ng gi\u00f3.<\/p>\n<h3>Dung l\u01b0\u1ee3ng pin l\u1edbn l\u00ean \u0111\u1ebfn 5 gi\u1edd s\u1eed d\u1ee5ng<\/h3>\n<p>V\u1edbi Airpods Pro v\u1edbi dung l\u01b0\u1ee3ng pin cho th\u1eddi gian s\u1eed d\u1ee5ng kh\u00e1 \u1ea5n t\u01b0\u1ee3ng. C\u1ee5 th\u1ec3 v\u1edbi 1 l\u1ea7n s\u1ea1c, tai nghe kh\u00f4ng d\u00e2y Airpods Pro cho 4,5 gi\u1edd nghe nh\u1ea1c, 3.5 ti\u1ebfng \u0111\u00e0m tho\u1ea1i. Ngo\u00e0i ra, h\u1ed9p s\u1ea1c kh\u00f4ng d\u00e2y gi\u00fap l\u01b0u tr\u1eef \u0111i\u1ec7n n\u0103ng b\u1ed5 sung n\u0103ng l\u01b0\u1ee3ng cho 24 gi\u1edd nghe nh\u1ea1c, 18 gi\u1edd \u0111\u00e0m tho\u1ea1i.<\/p>\n<p><img decoding=\"async\" class=\"cpslazy loaded\" src=\"https:\/\/cdn.cellphones.com.vn\/media\/wysiwyg\/accessories\/earphone\/AirPods-Pro-4.jpg\" alt=\"Dung l\u01b0\u1ee3ng pin l\u1edbn l\u00ean \u0111\u1ebfn 5 gi\u1edd s\u1eed d\u1ee5ng\" data-src=\"https:\/\/cdn.cellphones.com.vn\/media\/wysiwyg\/accessories\/earphone\/AirPods-Pro-4.jpg\" data-ll-status=\"loaded\" \/><\/p>\n<p>H\u1ed9p Airpods Pro t\u01b0\u01a1ng th\u00edch v\u1edbi s\u1ea1c kh\u00f4ng \u0111\u00e2y Qi, v\u1edbi 5 ph\u00fat s\u1ea1c cho 1 ti\u1ebfng nghe nh\u1ea1c ho\u1eb7c 1 ti\u1ebfng \u0111\u00e0m tho\u1ea1i. Airpods Pro v\u1eabn s\u1eed d\u1ee5ng c\u1ed5ng s\u1ea1c Lightning truy\u1ec1n th\u1ed1ng c\u1ee7a Apple. Nh\u01b0ng Apple \u0111\u00e3 t\u00e2m l\u00fd h\u01a1n khi b\u1ed5 sung c\u00e1p\u00a0Lightning\u00a0to\u00a0USB-C\u00a0trong h\u1ed9p \u0111\u1ec3 ti\u1ec7n h\u01a1n cho kh\u00e1ch h\u00e0ng.<\/p>\n<h3>C\u1ea3m bi\u1ebfn l\u1ef1c gi\u00fap ki\u1ec3m so\u00e1t tr\u00ean tai nghe c\u00f9ng nhi\u1ec1u t\u00ednh n\u0103ng n\u00e2ng cao: Siri, Ar<\/h3>\n<p>Tai nghe bluetooth Airpods Pro v\u1edbi c\u1ea3m bi\u1ebfn l\u1ef1c gi\u00fap ki\u1ec3m so\u00e1t ngay tr\u00ean tai nghe. C\u1ee5 th\u1ec3, b\u1ea1n c\u1ea7n nh\u1ea5n 1 l\u1ea7n \u0111\u1ec3 ph\u00e1t, t\u1ea1m d\u1eebng ho\u1eb7c tr\u1ea3 l\u1eddi cu\u1ed9c g\u1ecdi \u0111i\u1ec7n tho\u1ea1i. Nh\u1ea5n 2, 3 l\u1ea7n \u0111\u1ec3 b\u1ecf qua, nh\u1ea5n v\u00e0 gi\u1eef \u0111\u1ec3 chuy\u1ec3n gi\u1eefa ch\u1ebf \u0111\u1ed9 kh\u1eed ti\u1ebfng \u1ed3n ch\u1ee7 \u0111\u1ed9ng v\u00e0 ch\u1ebf \u0111\u1ed9 trong su\u1ed1t.<\/p>\n<p><img decoding=\"async\" class=\"cpslazy loaded\" src=\"https:\/\/cdn.cellphones.com.vn\/media\/wysiwyg\/accessories\/earphone\/AirPods-Pro-5.jpg\" alt=\"C\u1ea3m bi\u1ebfn l\u1ef1c gi\u00fap ki\u1ec3m so\u00e1t tr\u00ean tai nghe\" data-src=\"https:\/\/cdn.cellphones.com.vn\/media\/wysiwyg\/accessories\/earphone\/AirPods-Pro-5.jpg\" data-ll-status=\"loaded\" \/><\/p>\n<p>Tai nghe Apple Airpods Pro v\u1eabn s\u1edf h\u1eefu t\u00ednh n\u0103ng k\u1ebft n\u1ed1i v\u1edbi iPhone ho\u1eb7c Apple Watch nh\u01b0 c\u00e1c m\u1eabu tai nghe Airpods kh\u00e1c, k\u1ebft n\u1ed1i\u00a0bluetooth 5.0. Ngo\u00e0i ra, tai nghe c\u00f2n t\u00ednh n\u0103ng \u201cHey Hey Siri\u201d gi\u00fap ki\u1ec3m so\u00e1t \u00e2m l\u01b0\u1ee3ng, cu\u1ed9c g\u1ecdi, nghe nh\u1ea1c v\u00e0 nhi\u1ec1u h\u01a1n th\u1ebf n\u1eefa ch\u1ec9 b\u1eb1ng gi\u1ecdng n\u00f3i. \u0110\u1ed3ng th\u1eddi, tai nghe c\u00f2n c\u00f3 kh\u1ea3 n\u0103ng chi s\u1ebb b\u00e0i h\u00e1t, podcast qua m\u1ed9t tai nghe AirPods kh\u00e1c v\u1edbi t\u00ednh n\u0103ng chia s\u1ebb \u00e2m thanh.<\/p>\n<p><img decoding=\"async\" class=\"cpslazy loaded\" src=\"https:\/\/cdn.cellphones.com.vn\/media\/wysiwyg\/accessories\/earphone\/AirPods-Pro-7.jpg\" alt=\"nhi\u1ec1u t\u00ednh n\u0103ng n\u00e2ng cao: Siri, Ar\" data-src=\"https:\/\/cdn.cellphones.com.vn\/media\/wysiwyg\/accessories\/earphone\/AirPods-Pro-7.jpg\" data-ll-status=\"loaded\" \/><\/p>\n","protected":false},"excerpt":{"rendered":"<p>Airpods Pro \u2013 Tai nghe bluetooth v\u1edbi ch\u1ea5t \u00e2m r\u00f5 c\u00f9ng kh\u1ea3 n\u0103ng ch\u1ed1ng n\u01b0\u1edbc IPX4 M\u1eabu AirPods xu\u1ea5t hi\u1ec7n l\u1ea7n \u0111\u1ea7u v\u00e0o n\u0103m 2016, sau nhi\u1ec1u n\u00e2ng c\u1ea5p v\u1ec1 thi\u1ebft k\u1ebf v\u00e0o c\u1ea5u h\u00ecnh, m\u1eabu\u00a0tai nghe bluetooth ch\u00ednh h\u00e3ng\u00a0ng\u00e0y c\u00e0ng \u0111\u01b0\u1ee3c ho\u00e0n thi\u1ec7n. M\u1edbi \u0111\u00e2y, Apple \u0111\u00e3 c\u00f4ng b\u1ed1 m\u1eabu tai nghe AirPods m\u1edbi&#8230;<\/p>\n","protected":false},"featured_media":1703,"comment_status":"open","ping_status":"closed","template":"","meta":[],"product_cat":[63],"product_tag":[],"class_list":{"0":"post-1699","1":"product","2":"type-product","3":"status-publish","4":"has-post-thumbnail","6":"product_cat-tai-nghe-bluetooth","8":"first","9":"instock","10":"sale","11":"shipping-taxable","12":"purchasable","13":"product-type-simple"},"_links":{"self":[{"href":"https:\/\/pluginviet.com\/mau7\/wp-json\/wp\/v2\/product\/1699","targetHints":{"allow":["GET"]}}],"collection":[{"href":"https:\/\/pluginviet.com\/mau7\/wp-json\/wp\/v2\/product"}],"about":[{"href":"https:\/\/pluginviet.com\/mau7\/wp-json\/wp\/v2\/types\/product"}],"replies":[{"embeddable":true,"href":"https:\/\/pluginviet.com\/mau7\/wp-json\/wp\/v2\/comments?post=1699"}],"wp:featuredmedia":[{"embeddable":true,"href":"https:\/\/pluginviet.com\/mau7\/wp-json\/wp\/v2\/media\/1703"}],"wp:attachment":[{"href":"https:\/\/pluginviet.com\/mau7\/wp-json\/wp\/v2\/media?parent=1699"}],"wp:term":[{"taxonomy":"product_cat","embeddable":true,"href":"https:\/\/pluginviet.com\/mau7\/wp-json\/wp\/v2\/product_cat?post=1699"},{"taxonomy":"product_tag","embeddable":true,"href":"https:\/\/pluginviet.com\/mau7\/wp-json\/wp\/v2\/product_tag?post=1699"}],"curies":[{"name":"wp","href":"https:\/\/api.w.org\/{rel}","templated":true}]}}