{"id":1696,"date":"2021-08-20T07:26:23","date_gmt":"2021-08-20T00:26:23","guid":{"rendered":"http:\/\/localhost\/xtmobile\/?post_type=product&#038;p=1696"},"modified":"2022-08-13T17:39:38","modified_gmt":"2022-08-13T10:39:38","slug":"tai-nghe-bluetooth-apple-airpods-2-vn-anb-229","status":"publish","type":"product","link":"https:\/\/pluginviet.com\/mau7\/san-pham\/tai-nghe-bluetooth-apple-airpods-2-vn-anb-229\/","title":{"rendered":"Tai nghe Bluetooth Apple AirPods 2 VN\/A(NB.229)"},"content":{"rendered":"<h2>Tai nghe Apple AirPods 2 \u2013 Thi\u1ebft k\u1ebf t\u1ed1i gi\u1ea3n, ch\u1ea5t l\u01b0\u1ee3ng \u00e2m thanh tuy\u1ec7t v\u1eddi<\/h2>\n<p><em>V\u1eeba qua, Apple \u0111\u00e3 ch\u00ednh th\u1ee9c cho ra m\u1eaft chi\u1ebfc tai nghe\u00a0<strong>Airpods 2<\/strong>. Th\u1ebf h\u1ec7 th\u1ee9 2 l\u1ea7n n\u00e0y kh\u00f4ng c\u00f3 nhi\u1ec1u s\u1ef1 kh\u00e1c bi\u1ec7t so v\u1edbi th\u1ebf h\u1ec7 \u0111\u1ea7u v\u1ec1 ngo\u1ea1i h\u00ecnh, tr\u1eeb m\u1ed9t s\u1ed1 chi ti\u1ebft v\u1ec1 \u0111\u00e8n b\u00e1o hi\u1ec7u c\u0169ng nh\u01b0 ra m\u1eaft th\u00eam phi\u00ean b\u1ea3n s\u1ea1c kh\u00f4ng d\u00e2y v\u00e0 s\u1ea1c th\u01b0\u1eddng (s\u1ea1c c\u00f3 d\u00e2y). Ngo\u00e0i ra, b\u1ea1n c\u00f3 th\u1ec3 tham kh\u1ea3o th\u00eam\u00a0Apple Airpods Pro, s\u1eafp \u0111\u01b0\u1ee3c ra m\u1eaft trong th\u1eddi gian t\u1edbi.<\/em><\/p>\n<h3>AirPods 2 ch\u00ednh h\u00e3ng VN\/A l\u00e0 g\u00ec? V\u00ec sao n\u00ean l\u1ef1a ch\u1ecdn?<\/h3>\n<p>\u0110\u1ea7u ti\u00ean, AirPods 2 ch\u00ednh h\u00e3ng VN\/A l\u00e0 h\u00e0ng ch\u00ednh h\u00e3ng do Apple s\u1ea3n xu\u1ea5t theo ti\u00eau chu\u1ea9n c\u1ee7a th\u1ecb tr\u01b0\u1eddng Vi\u1ec7t Nam. Thi\u1ebft b\u1ecb \u0111\u01b0\u1ee3c ph\u00e2n ph\u1ed1i ch\u00ednh h\u00e3ng th\u00f4ng qua c\u00e1c \u0111\u1ea1i l\u00fd \u1ee7y quy\u1ec1n c\u1ee7a Apple. V\u1eady tai nghe bluetooth Apple AirPods 2 ch\u00ednh h\u00e3ng VN\/A c\u00f3 g\u00ec kh\u00e1c nh\u1eefng m\u1eabu tai nghe c\u0169, tai nghe x\u00e1ch tay?<\/p>\n<p><img decoding=\"async\" class=\"cpslazy loaded\" src=\"https:\/\/cdn.cellphones.com.vn\/media\/wysiwyg\/accessories\/earphone\/tai-nghe-bluetooth-airpods-2-vna_1.png\" alt=\"Tai nghe AirPods 2 VN\/A l\u00e0 g\u00ec? V\u00ec sao kh\u00e1ch h\u00e0ng n\u00ean ch\u1ecdn tai nghe bluetooth Apple AirPods 2 VN\/A\" data-src=\"https:\/\/cdn.cellphones.com.vn\/media\/wysiwyg\/accessories\/earphone\/tai-nghe-bluetooth-airpods-2-vna_1.png\" data-ll-status=\"loaded\" \/><\/p>\n<p><strong>AirPods 2 ch\u00ednh h\u00e3ng VN\/A<\/strong>\u00a0l\u00e0 h\u00e0ng m\u1edbi n\u00ean ch\u1ea5t l\u01b0\u1ee3ng ho\u00e0n to\u00e0n \u0111\u01b0\u1ee3c \u0111\u1ea3m b\u1ea3o. Ngo\u00e0i ra, khi mua tai nghe bluetooth Apple AirPods 2 VN\/A kh\u00e1ch h\u00e0ng s\u1ebd \u0111\u01b0\u1ee3c h\u01b0\u1edfng g\u00f3i b\u1ea3o h\u00e0nh \u01b0u \u0111\u00e3i, c\u1ee5 th\u1ec3 \u0111\u01b0\u1ee3c \u0111\u1ed5i m\u1edbi trong v\u00f2ng 30 ng\u00e0y t\u1ea1i CellphoneS, b\u1ea3o h\u00e0nh 1 n\u0103m t\u1ea1i c\u00e1c trung t\u00e2m b\u1ea3o h\u00e0nh \u1ee7y quy\u1ec1n c\u1ee7a Apple t\u1ea1i Vi\u1ec7t Nam. Khi mua m\u00e1y kh\u00e1ch h\u00e0ng c\u0169ng \u0111\u01b0\u1ee3c cung c\u1ea5p \u0111\u1ea7y \u0111\u1ee7 h\u00f3a \u0111\u01a1n ch\u1ee9ng minh ngu\u1ed3n g\u1ed1c c\u0169ng nh\u01b0 ph\u1ee5 ki\u1ec7n k\u00e8m theo.<\/p>\n<h3>Dung l\u01b0\u1ee3ng pin l\u1edbn, s\u1eed d\u1ee5ng b\u1ec1n b\u1ec9<\/h3>\n<p>AirPods 2 ch\u00ednh h\u00e3ng VN\/A c\u00f3 dung l\u01b0\u1ee3ng pin kh\u00e1 \u1ea5n t\u01b0\u1ee3ng. Tai nghe cho 5 gi\u1edd ch\u01a1i nh\u1ea1c v\u00e0 3 gi\u1edd \u0111\u00e0m tho\u1ea1i. Ngo\u00e0i ra, h\u1ed9p s\u1ea1c c\u0169ng s\u1edf h\u1eefu t\u00ednh n\u0103ng t\u00ednh pin, cho th\u00eam 24 gi\u1edd s\u1eed d\u1ee5ng.<\/p>\n<p><img decoding=\"async\" class=\"cpslazy loaded\" src=\"https:\/\/cdn.cellphones.com.vn\/media\/wysiwyg\/accessories\/earphone\/tai-nghe-bluetooth-airpods-2-vn-a-6.jpg\" alt=\"Tai nghe AirPods 2 ch\u00ednh h\u00e3ng VN\/A phi\u00ean b\u1ea3n s\u1ea1c th\u01b0\u1eddng s\u1edf h\u1eefu dung l\u01b0\u1ee3ng pin l\u1edbn\" data-src=\"https:\/\/cdn.cellphones.com.vn\/media\/wysiwyg\/accessories\/earphone\/tai-nghe-bluetooth-airpods-2-vn-a-6.jpg\" data-ll-status=\"loaded\" \/><\/p>\n<p>AirPods 2 c\u00f3 2 phi\u00ean b\u1ea3n: s\u1ea1c kh\u00f4ng d\u00e2y v\u00e0 s\u1ea1c c\u00f3 d\u00e2y (s\u1ea1c th\u01b0\u1eddng). Phi\u00ean b\u1ea3n ch\u00fang ta \u0111ang n\u00f3i \u0111\u1ebfn l\u00e0 phi\u00ean b\u1ea3n s\u1ea1c th\u01b0\u1eddng. Tuy nhi\u00ean,\u00a0<strong>tai nghe AirPods 2<\/strong>\u00a0s\u1ea1c c\u00f3 d\u00e2y ngo\u00e0i c\u00e1ch th\u1ee9c s\u1ea1c pin, tai nghe kh\u00f4ng c\u00f3 qu\u00e1 nhi\u1ec1u kh\u00e1c bi\u1ec7t so v\u1edbi phi\u00ean b\u1ea3n s\u1ea1c kh\u00f4ng d\u00e2y.<\/p>\n<h3>Thi\u1ebft k\u1ebf nh\u1ecf g\u1ecdn, b\u1eaft m\u1eaft<\/h3>\n<p>V\u1ec1 c\u01a1 b\u1ea3n\u00a0tai nghe bluetooth\u00a0Apple AirPods 2 v\u1eabn s\u1edf h\u1eefu thi\u1ebft k\u1ebf th\u1eddi trang v\u00e0 nh\u1ecf g\u1ecdn, tr\u1ecdng l\u01b0\u1ee3ng 4g c\u0169ng r\u1ea5t nh\u1eb9 kh\u00f4ng kh\u00e1c m\u1ea5y so v\u1edbi tai nghe AirPods th\u1ebf h\u1ec7 \u0111\u1ea7u ti\u00ean. N\u00f3 c\u0169ng v\u1eabn gi\u1eef nguy\u00ean thi\u1ebft k\u1ebf v\u1edbi m\u00e0u tr\u1eafng \u0111\u1eb7c tr\u01b0ng cho c\u00e1c d\u00f2ng tai nghe. \u0110\u00e2y l\u00e0 tai nghe wireless 100% v\u00e0 c\u00f3 kh\u1ea3 n\u0103ng t\u00edch h\u1ee3p v\u1edbi m\u1ecdi thi\u1ebft b\u1ecb Apple kh\u00e1c nhau n\u00ean b\u1ea1n c\u00f3 th\u1ec3 linh ho\u1ea1t s\u1eed d\u1ee5ng.<\/p>\n<p><img decoding=\"async\" class=\"cpslazy loaded\" src=\"https:\/\/cdn.cellphones.com.vn\/media\/wysiwyg\/accessories\/earphone\/tai-nghe-bluetooth-airpods-2-vn-a-1.jpg\" alt=\"Tai nghe AirPods 2 v\u1eabn gi\u1eef thi\u1ebft k\u1ebf nh\u1ecf g\u1ecdn, b\u1eaft m\u1eaft c\u1ee7a t\u1eeb Airpods 1\" data-src=\"https:\/\/cdn.cellphones.com.vn\/media\/wysiwyg\/accessories\/earphone\/tai-nghe-bluetooth-airpods-2-vn-a-1.jpg\" data-ll-status=\"loaded\" \/><\/p>\n<p>Th\u00eam v\u00e0o \u0111\u00f3, ch\u00fang c\u00f2n \u0111\u01b0\u1ee3c ph\u1ee7 l\u00ean th\u00eam m\u1ed9t l\u1edbp ch\u1ea5t li\u1ec7u m\u1edbi \u1edf \u0111\u1ea7u m\u1ed7i tai nghe \u0111\u1ec3 gi\u00fap tai nghe \u0111\u01b0\u1ee3c b\u00e1m h\u01a1n tr\u00ean tai ng\u01b0\u1eddi \u0111eo, t\u01b0\u01a1ng t\u1ef1 nh\u01b0 l\u1edbp ph\u1ee7 m\u1eb7t k\u00ednh m\u1edd tr\u00ean m\u1eb7t l\u01b0ng c\u1ee7a chi\u1ebfc Pixel 3 m\u00e0 Google \u0111\u00e3 trang b\u1ecb cho chi\u1ebfc \u0111i\u1ec7n tho\u1ea1i c\u1ee7a m\u00ecnh.<\/p>\n<h3>Chip H1\u00a0cho kh\u1ea3 n\u0103ng k\u1ebft n\u1ed1i nhanh h\u01a1n, m\u1edf Siri b\u1eb1ng gi\u1ecdng n\u00f3i<\/h3>\n<p>Tai nghe Apple AirPods 2 trang b\u1ecb chip H1 \u0111\u01b0\u1ee3c hy v\u1ecdng s\u1ebd gi\u00fap k\u1ebft n\u1ed1i \u1ed5n \u0111\u1ecbnh h\u01a1n, m\u01b0\u1ee3t m\u00e0 h\u01a1n th\u1ebf h\u1ec7 ti\u1ec1n nhi\u1ec7m, cho ng\u01b0\u1eddi d\u00f9ng nhi\u1ec1u tr\u1ea3i nghi\u1ec7m t\u1ed1t h\u01a1n. Do \u0111\u00f3, thay v\u00ec s\u1eed d\u1ee5ng chip W1 nh\u01b0 c\u00e1c th\u1ebf h\u1ec7 s\u1ea3n ph\u1ea9m c\u0169 th\u00ec th\u1ebf h\u1ec7 m\u1edbi 2019 l\u1ea1i \u0111\u01b0\u1ee3c th\u00eam v\u00e0o chip H1 m\u1ea1nh m\u1ebd gi\u00fap gi\u1ea3m thi\u1ec3u th\u1eddi gian chuy\u1ec3n \u0111\u1ed5i gi\u1eefa hai thi\u1ebft b\u1ecb v\u00e0 gia t\u0103ng th\u1eddi gian \u0111\u00e0m tho\u1ea1i l\u00ean \u0111\u1ebfn 5 gi\u1edd li\u00ean t\u1ee5c.<\/p>\n<p><img decoding=\"async\" class=\"cpslazy loaded\" src=\"https:\/\/cdn.cellphones.com.vn\/media\/wysiwyg\/accessories\/earphone\/tai-nghe-bluetooth-airpods-2-vn-a-2.jpg\" alt=\"Chip H1 cho kh\u1ea3 n\u0103ng k\u1ebft n\u1ed1i nhanh h\u01a1n\" data-src=\"https:\/\/cdn.cellphones.com.vn\/media\/wysiwyg\/accessories\/earphone\/tai-nghe-bluetooth-airpods-2-vn-a-2.jpg\" data-ll-status=\"loaded\" \/><\/p>\n<p>Tr\u01b0\u1edbc \u0111\u00e2y, ng\u01b0\u1eddi d\u00f9ng ph\u1ea3i ch\u1ea1m hai l\u1ea7n v\u00e0o tai nghe \u0111\u1ec3 k\u00edch ho\u1ea1t tr\u1ee3 l\u00fd \u1ea3o Siri th\u00ec b\u00e2y gi\u1edd tai nghe\u00a0<strong>Airpods 2<\/strong>\u00a0\u0111\u00e3 c\u00f3 s\u1ef1 c\u1ea3i ti\u1ebfn khi b\u1ea1n ch\u1ec9 c\u1ea7n thu \u00e2m gi\u1ecdng n\u00f3i l\u00e0 c\u00f3 th\u1ec3 m\u1edf Siri ch\u1edd l\u1ec7nh ngay. T\u00ednh n\u0103ng n\u00e0y gi\u00fap b\u1ea1n c\u00f3 th\u1ec3 d\u1ec5 d\u00e0ng \u0111i\u1ec1u ch\u1ec9nh tai nghe m\u00e0 kh\u00f4ng c\u1ea7n thao t\u00e1c qu\u00e1 nhi\u1ec1u. \u0110i\u1ec1u n\u00e0y cho ph\u00e9p ng\u01b0\u1eddi d\u00f9ng c\u00f3 th\u1ec3 t\u01b0\u01a1ng t\u00e1c v\u1edbi Siri khi iPhone \u0111\u1ec3 trong t\u00fai qu\u1ea7n.<\/p>\n<p><img decoding=\"async\" class=\"cpslazy loaded\" src=\"https:\/\/cdn.cellphones.com.vn\/media\/wysiwyg\/accessories\/earphone\/tai-nghe-bluetooth-airpods-2-vn-a-3.jpg\" alt=\"m\u1edf Siri b\u1eb1ng gi\u1ecdng n\u00f3i\" data-src=\"https:\/\/cdn.cellphones.com.vn\/media\/wysiwyg\/accessories\/earphone\/tai-nghe-bluetooth-airpods-2-vn-a-3.jpg\" data-ll-status=\"loaded\" \/><\/p>\n<p>&gt;&gt;&gt;Xem th\u00eam:\u00a0Tai nghe Apple Airpods 3\u00a0m\u1edbi nh\u1ea5t s\u1eafp \u0111\u01b0\u1ee3c ra m\u1eaft trong th\u1eddi gian s\u1eafp t\u1edbi.<\/p>\n<h3>T\u00ednh n\u0103ng ch\u1ed1ng \u1ed3n v\u01b0\u1ee3t tr\u00f4\u0323i<\/h3>\n<p>M\u1ed9t trong nh\u1eefng t\u00ednh n\u0103ng \u0111\u01b0\u1ee3c Apple n\u00e2ng c\u1ea5p tr\u00ean Airpods 2 ch\u00ednh l\u00e0 kh\u1ea3 n\u0103ng ch\u1ed1ng \u1ed3n. Theo b\u00e1o c\u00e1o t\u1eeb c\u00f4ng ty ph\u00e2n t\u00edch Barclays, tai nghe AirPods c\u00f3 kh\u1ea3 n\u0103ng ch\u1ed1ng \u1ed3n, x\u1eed l\u00fd \u00e2m thanh b\u00ean ngo\u00e0i t\u1ed1t h\u01a1n so v\u1edbi tai nghe AirPods \u0111\u1eddi \u0111\u1ea7u v\u1edbi kh\u1ea3 n\u0103ng ch\u1ed1ng \u1ed3n c\u00f2n h\u1ea1n ch\u1ebf. B\u00ean c\u1ea1nh \u0111\u00f3, tai nghe AirPods 2 c\u00f3 th\u1ec3 s\u1ebd \u0111\u01b0\u1ee3c Apple s\u1eed d\u1ee5ng c\u00f4ng ngh\u1ec7 ch\u1ed1ng \u1ed3n v\u1eadt l\u00fd, kh\u00e1c v\u1edbi ch\u1ed1ng \u1ed3n \u0111i\u1ec7n t\u1eeb nh\u01b0 nh\u1eefng tai nghe headphone. V\u1edbi kh\u1ea3 n\u0103ng ch\u1ed1ng \u1ed3n t\u1ed1t h\u01a1n n\u00e0y, tai nghe AirPods h\u1ee9a h\u1eb9n s\u1ebd cho ra ch\u1ea5t \u00e2m tuy\u1ec7t v\u1eddi v\u00e0 c\u1ea3i thi\u1ec7n kho\u1ea3ng c\u00e1ch k\u1ebft n\u1ed1i gi\u1eefa c\u00e1c thi\u1ebft b\u1ecb.<\/p>\n<p><img decoding=\"async\" class=\"cpslazy loaded\" src=\"https:\/\/cdn.cellphones.com.vn\/media\/wysiwyg\/accessories\/earphone\/tai-nghe-bluetooth-airpods-2-vn-a-5.jpg\" alt=\"ch\u1ed1ng \u1ed3n t\u1ed1t\" data-src=\"https:\/\/cdn.cellphones.com.vn\/media\/wysiwyg\/accessories\/earphone\/tai-nghe-bluetooth-airpods-2-vn-a-5.jpg\" data-ll-status=\"loaded\" \/><\/p>\n","protected":false},"excerpt":{"rendered":"<p>Tai nghe Apple AirPods 2 \u2013 Thi\u1ebft k\u1ebf t\u1ed1i gi\u1ea3n, ch\u1ea5t l\u01b0\u1ee3ng \u00e2m thanh tuy\u1ec7t v\u1eddi V\u1eeba qua, Apple \u0111\u00e3 ch\u00ednh th\u1ee9c cho ra m\u1eaft chi\u1ebfc tai nghe\u00a0Airpods 2. Th\u1ebf h\u1ec7 th\u1ee9 2 l\u1ea7n n\u00e0y kh\u00f4ng c\u00f3 nhi\u1ec1u s\u1ef1 kh\u00e1c bi\u1ec7t so v\u1edbi th\u1ebf h\u1ec7 \u0111\u1ea7u v\u1ec1 ngo\u1ea1i h\u00ecnh, tr\u1eeb m\u1ed9t s\u1ed1 chi ti\u1ebft v\u1ec1&#8230;<\/p>\n","protected":false},"featured_media":1698,"comment_status":"open","ping_status":"closed","template":"","meta":[],"product_cat":[63],"product_tag":[],"class_list":{"0":"post-1696","1":"product","2":"type-product","3":"status-publish","4":"has-post-thumbnail","6":"product_cat-tai-nghe-bluetooth","8":"first","9":"instock","10":"sale","11":"shipping-taxable","12":"purchasable","13":"product-type-simple"},"_links":{"self":[{"href":"https:\/\/pluginviet.com\/mau7\/wp-json\/wp\/v2\/product\/1696","targetHints":{"allow":["GET"]}}],"collection":[{"href":"https:\/\/pluginviet.com\/mau7\/wp-json\/wp\/v2\/product"}],"about":[{"href":"https:\/\/pluginviet.com\/mau7\/wp-json\/wp\/v2\/types\/product"}],"replies":[{"embeddable":true,"href":"https:\/\/pluginviet.com\/mau7\/wp-json\/wp\/v2\/comments?post=1696"}],"wp:featuredmedia":[{"embeddable":true,"href":"https:\/\/pluginviet.com\/mau7\/wp-json\/wp\/v2\/media\/1698"}],"wp:attachment":[{"href":"https:\/\/pluginviet.com\/mau7\/wp-json\/wp\/v2\/media?parent=1696"}],"wp:term":[{"taxonomy":"product_cat","embeddable":true,"href":"https:\/\/pluginviet.com\/mau7\/wp-json\/wp\/v2\/product_cat?post=1696"},{"taxonomy":"product_tag","embeddable":true,"href":"https:\/\/pluginviet.com\/mau7\/wp-json\/wp\/v2\/product_tag?post=1696"}],"curies":[{"name":"wp","href":"https:\/\/api.w.org\/{rel}","templated":true}]}}