{"id":1690,"date":"2021-08-20T07:02:05","date_gmt":"2021-08-20T00:02:05","guid":{"rendered":"http:\/\/localhost\/xtmobile\/?post_type=product&#038;p=1690"},"modified":"2022-08-13T17:40:12","modified_gmt":"2022-08-13T10:40:12","slug":"apple-ipad-pro-11-2021-m1-wifi-1tb-i-chinh-hang-apple-viet-nam","status":"publish","type":"product","link":"https:\/\/pluginviet.com\/mau7\/san-pham\/apple-ipad-pro-11-2021-m1-wifi-1tb-i-chinh-hang-apple-viet-nam\/","title":{"rendered":"Apple iPad Pro 11 2021 M1 WiFi 1TB I Ch\u00ednh h\u00e3ng Apple Vi\u1ec7t Nam"},"content":{"rendered":"<h2>iPad Pro 2021 11 inch \u2013 Tablet c\u1ea5u m\u00ecnh m\u1ea1nh v\u1edbi chip M1 m\u1edbi<\/h2>\n<p>Nh\u01b0 th\u01b0\u1eddng l\u1ec7 h\u1eb1ng n\u0103m Apple l\u1ea1i cho ra m\u1eaft chi\u1ebfc m\u00e1y t\u00ednh b\u1ea3ng c\u1ee7a m\u00ecnh.\u00a0<strong>iPad Pro\u00a02021\u00a0<\/strong>phi\u00ean b\u1ea3n\u00a011 inch h\u1ee9a h\u1eb9n mang \u0111\u1ebfn m\u1ed9t tr\u1ea3i nghi\u1ec7m m\u1ea1nh v\u1ebd v\u1edbi nhi\u1ec1u t\u00ednh n\u0103ng n\u1ed5i b\u1eadt.<\/p>\n<h3>Thi\u1ebft k\u1ebf vu\u00f4ng v\u1ee9c sang tr\u1ecdng, m\u00e0n h\u00ecnh 11 inch<\/h3>\n<p>iPad Pro 11 inch 2021 s\u1edf h\u1eefu ngo\u1ea1i h\u00ecnh mang nhi\u1ec1u \u0111i\u1ec3m t\u01b0\u01a1ng t\u1ef1 v\u1ec1 ngo\u1ea1i h\u00ecnh v\u1edbi chi\u1ebfc iPad Pro tr\u01b0\u1edbc \u0111\u00f3.\u00a0Apple iPad Pro 2021\u00a0s\u1eed d\u1ee5ng m\u00e0n h\u00ecnh k\u00edch th\u01b0\u1edbc 11 inch v\u00e0 s\u1eed d\u1ee5ng m\u00e0n h\u00ecnh LCD truy\u1ec1n th\u1ed1ng.\u00a0 M\u00e0n h\u00ecnh tr\u00ean iPad Pro 2021 n\u00e0y v\u1edbi c\u00f4ng ngh\u1ec7 m\u00e0u\u00a0ProMotion c\u00f9ng \u0111\u1ed9 ph\u00e2n gi\u1ea3i cao\u00a0264 pixel m\u1ed7i inch. M\u00e0n h\u00ecnh n\u00e0y c\u0169ng \u0111\u01b0\u1ee3c trang b\u1ecb l\u1edbp ph\u1ee7 ch\u1ed1ng b\u00e1m v\u00e2n tay v\u00e0 ch\u1ed1ng ph\u1ea3n x\u1ea1, n\u00e2ng cao tr\u1ea3i nghi\u1ec7m cho ng\u01b0\u1eddi d\u00f9ng.<\/p>\n<p><img decoding=\"async\" class=\"cpslazy loaded\" src=\"https:\/\/cdn.cellphones.com.vn\/media\/wysiwyg\/tablet\/apple\/ipad-pro-11-2021-1.jpg\" alt=\"M\u1ed9t v\u00e0i \u0111i\u1ec3m kh\u00e1c bi\u1ec7t t\u1eeb ngo\u1ea1i h\u00ecnh, m\u00e0n h\u00ecnh 11 inches, Mini-LED\" data-src=\"https:\/\/cdn.cellphones.com.vn\/media\/wysiwyg\/tablet\/apple\/ipad-pro-11-2021-1.jpg\" data-ll-status=\"loaded\" \/><\/p>\n<h3>S\u1ee9c m\u1ea1nh kinh ng\u1ea1c t\u1eeb con chip Apple M1<\/h3>\n<p>iPad Pro 11 2021 \u0111\u01b0\u1ee3c cung c\u1ea5p s\u1ee9c m\u1ea1nh b\u1edfi con chip M1 v\u1edbi CPU 8 nh\u00e2n v\u00e0 GPU 8 nh\u00e2n. Nh\u1edd \u0111\u00f3 m\u00e0 th\u1ebf h\u1ec7 iPad Pro n\u0103m nay nhanh h\u01a1n r\u1ea5t nhi\u1ec1u l\u1ea7n so v\u1edbi iPad 2010 ban \u0111\u1ea7u v\u00e0 nhanh h\u01a1n t\u1edbi 50% so v\u1edbi iPad Pro 2020. Theo nh\u00e0 s\u1ea3n xu\u1ea5t cho bi\u1ebft, nh\u1eefng c\u00e1i ti\u1ebfn n\u00e0y gi\u00fap m\u00e1y th\u1ef1c hi\u1ec7n ch\u1ec9nh s\u1eeda video 4K v\u00e0 thi\u1ebft k\u1ebf 3D t\u1ed1t h\u01a1n.<\/p>\n<p><img decoding=\"async\" class=\"cpslazy loaded\" src=\"https:\/\/cdn.cellphones.com.vn\/media\/wysiwyg\/tablet\/apple\/ipad-pro-11-2021-2.jpg\" alt=\"S\u1ee9c m\u1ea1nh kinh ng\u1ea1c t\u1eeb Apple A13Z\" data-src=\"https:\/\/cdn.cellphones.com.vn\/media\/wysiwyg\/tablet\/apple\/ipad-pro-11-2021-2.jpg\" data-ll-status=\"loaded\" \/><\/p>\n<p>iPad Pro 2021 \u0111\u01b0\u1ee3c trang b\u1ecb \u0111\u1ebfn 4 loa, khung nh\u00f4m v\u1edbi ch\u1ea5u s\u1ea1c t\u1eeb t\u00ednh d\u00e0nh cho Apple Pencil n\u1eb1m \u1edf hai b\u00ean h\u00f4ng c\u0169ng nh\u01b0 c\u1ed5ng USB-C n\u1eb1m \u1edf c\u1ea1nh b\u00ean d\u01b0\u1edbi \u0111\u1ec3 s\u1ea1c.<\/p>\n<h3>C\u1ee5m camera 12MP mang l\u1ea1i h\u00ecnh \u1ea3nh ch\u1ea5t l\u01b0\u1ee3ng<\/h3>\n<p>M\u00e1y t\u00ednh b\u1ea3ng\u00a0iPad Pro 2021 \u0111\u01b0\u1ee3c trang b\u1ecb c\u1ee5m camera sau v\u1edbi cacmera g\u00f3c si\u00eau r\u1ed9ng 12MP v\u1edbi g\u00f3c ch\u1ee5p 122 \u0111\u1ed9. B\u00ean c\u1ea1nh l\u00e0 camera si\u00eau r\u1ed9ng 10MP cu\u1ed1i c\u00f9ng l\u00e0 m\u00e1y qu\u00e9t LiDAR. Camera tr\u01b0\u1edbc tr\u00ean m\u00e1y v\u1edbi kh\u1ea9u \u0111\u1ed9 12MP, h\u1ed7 tr\u1ee3 g\u00f3c ch\u1ee5p l\u00ean \u0111\u1ebfn 122 \u0111\u1ed9.<\/p>\n<p><img decoding=\"async\" class=\"cpslazy loaded\" src=\"https:\/\/cdn.cellphones.com.vn\/media\/wysiwyg\/tablet\/apple\/ipad-pro-11-2021-3.jpg\" alt=\"C\u1ee5m camera 12MP mang l\u1ea1i h\u00ecnh \u1ea3nh ch\u1ea5t l\u01b0\u1ee3ng\" data-src=\"https:\/\/cdn.cellphones.com.vn\/media\/wysiwyg\/tablet\/apple\/ipad-pro-11-2021-3.jpg\" data-ll-status=\"loaded\" \/><\/p>\n<p>Camera tr\u00ean iPad\u00a0Pro 2021 v\u1edbi t\u00ednh n\u0103ng\u00a0Smart HDR 3 mang l\u1ea1i kh\u1ea3 n\u0103ng ch\u1ee5p \u1ea3nh v\u00e0 quay video m\u1ed9t c\u00e1ch to\u00e0n di\u1ec7n.<\/p>\n<h3>K\u1ebft n\u1ed1i kh\u00f4ng d\u00e2y nhanh ch\u00f3ng v\u1edbi wifi 6 v\u00e0 5G<\/h3>\n<p>M\u00e1y t\u00ednh b\u1ea3ng iPad Pro 2021 v\u1edbi h\u1ec7 th\u1ed1ng wifi 6 mang l\u1ea1i kh\u1ea3 n\u0103ng k\u1ebft n\u1ed1i si\u00eau nhanh. Ngo\u00e0i ra m\u00e1y c\u00f2n \u0111\u01b0\u1ee3c trang b\u1ecb k\u1ebft n\u1ed1i 5G th\u1ebf h\u1ec7 m\u1edbi magn l\u1ea1i kh\u1ea3 n\u0103ng truy\u1ec1n t\u1ea3i nhanh v\u01b0\u1ee3t tr\u1ed9i.<\/p>\n<p><img decoding=\"async\" class=\"cpslazy loaded\" src=\"https:\/\/cdn.cellphones.com.vn\/media\/wysiwyg\/tablet\/apple\/ipad-pro-11-2021-1.JPG\" alt=\"K\u1ebft n\u1ed1i kh\u00f4ng d\u00e2y nhanh ch\u00f3ng v\u1edbi wifi 6 v\u00e0 5G\" data-src=\"https:\/\/cdn.cellphones.com.vn\/media\/wysiwyg\/tablet\/apple\/ipad-pro-11-2021-1.JPG\" data-ll-status=\"loaded\" \/><\/p>\n<p>V\u1ec1 kh\u1ea3 n\u0103ng gi\u1ea3i tr\u00ed, iPad Pro 2021 v\u1edbi h\u1ec7 th\u1ed1ng 4 loa Dolby Atmos mang \u0111\u1ebfn \u00e2m thanh ch\u1ea5t l\u01b0\u1ee3ng nh\u01b0 trong r\u1ea1p h\u00e1t. Nh\u1edd v\u1eady ng\u01b0\u1eddi d\u00f9ng c\u00f3 th\u1ec3 tho\u1ea3i m\u00e1i tr\u1ea3i nghi\u1ec7m nghe nh\u1ea1c, xem phim v\u1edbi ch\u1ea5t l\u01b0\u1ee3ng \u00e2m thanh s\u1ed1ng \u0111\u1ed9ng.<\/p>\n<h3>H\u1ed7 tr\u1ee3 Apple Pencil c\u00f9ng h\u1ec7 \u0111i\u1ec1u h\u00e0nh iPad OS m\u01b0\u1ee3t m\u00e0<\/h3>\n<p>Tablet iPad Pro 2021 c\u00f3 th\u1ec3 k\u1ebft n\u1ed1i v\u1edbi Apple Pencil gi\u00fap ng\u01b0\u1eddi d\u00f9ng s\u1eed d\u1ee5ng ghi ch\u00fa t\u1ed1t h\u01a1n. S\u1ef1 k\u1ebft h\u1ee3p n\u00e0y mang l\u1ea1i c\u1ea3m gi\u00e1c nh\u01b0 tr\u1ef1c quan v\u00e0 ch\u00ednh x\u00e1c nh\u01b0 \u0111ang ghi ch\u00fa, v\u1ebd tranh tr\u00ean gi\u1ea5y.\u00a0Thi\u1ebft k\u1ebf Apple Pencil v\u1edbi kh\u1ea3 n\u0103ng g\u1eafn t\u1eeb t\u00ednh c\u00f9ng \u0111\u1ea7u b\u00fat c\u00f3 \u0111\u1ed9 nghi\u00eang v\u00e0 \u0111\u1ed9 nh\u1ea1y cao, t\u1ed1i \u01b0u cho tr\u1ea3i nghi\u1ec7m ng\u01b0\u1eddi d\u00f9ng.<\/p>\n<p><img decoding=\"async\" class=\"cpslazy loaded\" src=\"https:\/\/cdn.cellphones.com.vn\/media\/wysiwyg\/tablet\/apple\/ipad-pro-11-2021-2.JPG\" alt=\"H\u1ed7 tr\u1ee3 Apple Pencil c\u00f9ng h\u1ec7 \u0111i\u1ec1u h\u00e0nh iPad OS m\u01b0\u1ee3t m\u00e0\" data-src=\"https:\/\/cdn.cellphones.com.vn\/media\/wysiwyg\/tablet\/apple\/ipad-pro-11-2021-2.JPG\" data-ll-status=\"loaded\" \/><\/p>\n<p>L\u00e0 m\u1ed9t h\u1ec7 \u0111i\u1ec1u h\u00e0nh do ch\u00ednh Apple s\u1ea3n xu\u1ea5t n\u00ean iPadOS kh\u00e1 gi\u1ed1ng iOS. Ng\u01b0\u1eddi d\u00f9ng iPad Pro 2021 s\u1ebd c\u00f3 th\u1ec3 \u0111a nhi\u1ec7m m\u1ed9t c\u00e1ch d\u1ec5 d\u00e0ng. C\u00e1c thao t\u00e1c nh\u01b0 d\u00e1n v\u00e0 sao ch\u00e9p c\u0169ng \u0111\u01b0\u1ee3c th\u1ef1c hi\u1ec7n m\u1ed9t c\u00e1ch d\u1ec5 d\u00e0ng h\u01a1n.<\/p>\n<p>iPad Pro 2021 c\u00f2n s\u1edf h\u1eefu kho \u1ee9ng d\u1ee5ng v\u00f4 c\u00f9ng phong ph\u00fa v\u1edbi h\u01a1n 1 tri\u1ec7u \u1ee9ng d\u1ee5ng kh\u00e1c nhau tr\u00ean AppStore.<\/p>\n","protected":false},"excerpt":{"rendered":"<p>iPad Pro 2021 11 inch \u2013 Tablet c\u1ea5u m\u00ecnh m\u1ea1nh v\u1edbi chip M1 m\u1edbi Nh\u01b0 th\u01b0\u1eddng l\u1ec7 h\u1eb1ng n\u0103m Apple l\u1ea1i cho ra m\u1eaft chi\u1ebfc m\u00e1y t\u00ednh b\u1ea3ng c\u1ee7a m\u00ecnh.\u00a0iPad Pro\u00a02021\u00a0phi\u00ean b\u1ea3n\u00a011 inch h\u1ee9a h\u1eb9n mang \u0111\u1ebfn m\u1ed9t tr\u1ea3i nghi\u1ec7m m\u1ea1nh v\u1ebd v\u1edbi nhi\u1ec1u t\u00ednh n\u0103ng n\u1ed5i b\u1eadt. Thi\u1ebft k\u1ebf vu\u00f4ng v\u1ee9c sang tr\u1ecdng, m\u00e0n&#8230;<\/p>\n","protected":false},"featured_media":1680,"comment_status":"open","ping_status":"closed","template":"","meta":[],"product_cat":[16,49],"product_tag":[],"class_list":{"0":"post-1690","1":"product","2":"type-product","3":"status-publish","4":"has-post-thumbnail","6":"product_cat-apple","7":"product_cat-ipad-pro","9":"first","10":"instock","11":"sale","12":"shipping-taxable","13":"purchasable","14":"product-type-variable","15":"has-default-attributes"},"_links":{"self":[{"href":"https:\/\/pluginviet.com\/mau7\/wp-json\/wp\/v2\/product\/1690","targetHints":{"allow":["GET"]}}],"collection":[{"href":"https:\/\/pluginviet.com\/mau7\/wp-json\/wp\/v2\/product"}],"about":[{"href":"https:\/\/pluginviet.com\/mau7\/wp-json\/wp\/v2\/types\/product"}],"replies":[{"embeddable":true,"href":"https:\/\/pluginviet.com\/mau7\/wp-json\/wp\/v2\/comments?post=1690"}],"wp:featuredmedia":[{"embeddable":true,"href":"https:\/\/pluginviet.com\/mau7\/wp-json\/wp\/v2\/media\/1680"}],"wp:attachment":[{"href":"https:\/\/pluginviet.com\/mau7\/wp-json\/wp\/v2\/media?parent=1690"}],"wp:term":[{"taxonomy":"product_cat","embeddable":true,"href":"https:\/\/pluginviet.com\/mau7\/wp-json\/wp\/v2\/product_cat?post=1690"},{"taxonomy":"product_tag","embeddable":true,"href":"https:\/\/pluginviet.com\/mau7\/wp-json\/wp\/v2\/product_tag?post=1690"}],"curies":[{"name":"wp","href":"https:\/\/api.w.org\/{rel}","templated":true}]}}