{"id":1661,"date":"2021-08-20T06:37:46","date_gmt":"2021-08-19T23:37:46","guid":{"rendered":"http:\/\/localhost\/xtmobile\/?post_type=product&#038;p=1661"},"modified":"2022-02-09T22:51:47","modified_gmt":"2022-02-09T15:51:47","slug":"ipad-air-10-9-2020-wifi-64gb-i-chinh-hang-apple-viet-nam","status":"publish","type":"product","link":"https:\/\/pluginviet.com\/mau7\/san-pham\/ipad-air-10-9-2020-wifi-64gb-i-chinh-hang-apple-viet-nam\/","title":{"rendered":"iPad Air 10.9 2020 WiFi 64GB I Ch\u00ednh h\u00e3ng Apple Vi\u1ec7t Nam"},"content":{"rendered":"<h2>iPad Air 4 2020 \u2013 Chip A14 m\u1ea1nh m\u1ebd cho tr\u1ea3i nghi\u1ec7m ho\u00e0n h\u1ea3o<\/h2>\n<p>Apple lu\u00f4n khi\u1ebfn cho c\u1ed9ng \u0111\u1ed3ng c\u00f4ng ngh\u1ec7 \u0111\u1ee9ng ng\u1ed3i kh\u00f4ng y\u00ean m\u1ed7i khi cho gi\u1edbi thi\u1ec7u s\u1ea3n ph\u1ea9m m\u1edbi.\u00a0<strong>iPad Air 4<\/strong>\u00a0\u0111\u01b0\u1ee3c ra m\u1eaft t\u1ea1i s\u1ef1 ki\u1ec7n m\u00e0 c\u00e1c t\u00edn \u0111\u1ed3 c\u00f4ng ngh\u1ec7 ngh\u0129 r\u1eb1ng Apple s\u1ebd tr\u00ecnh l\u00e0ng d\u00f2ng\u00a0\u0111i\u1ec7n tho\u1ea1i iPhone 12 2020,\u00a0nh\u01b0ng chi\u1ebfc tablet n\u00e0y m\u1edbi ch\u00ednh l\u00e0 nh\u00e2n v\u1eadt ch\u00ednh. iPad Air th\u1ebf h\u1ec7 2020\u00a0mang nh\u1eefng thay \u0111\u1ed5i v\u1ec1 m\u1eb7t thi\u1ebft k\u1ebf c\u0169ng nh\u01b0 nh\u1eefng t\u00ednh n\u0103ng m\u1edbi \u0111\u01b0\u1ee3c t\u00edch h\u1ee3p \u0111\u1ec3 t\u1ed1i \u01b0u h\u00f3a v\u1ec1 hi\u1ec7u n\u0103ng, mang \u0111\u1ebfn cho ng\u01b0\u1eddi d\u00f9ng nh\u1eefng tr\u1ea3i nghi\u1ec7m t\u1ed1t h\u01a1n.<\/p>\n<p>Ngo\u00e0i ra, b\u1ea1n c\u0169ng c\u00f3 th\u1ec3 tham kh\u1ea3o th\u00eam\u00a0iPad Air 5\u00a0s\u1eafp ra m\u1eaft d\u1ef1 ki\u1ebfn s\u1ebd c\u00f3 nhi\u1ec1u n\u00e2ng c\u1ea5p \u1ea5n t\u01b0\u1ee3ng.<\/p>\n<h3>Thi\u1ebft k\u1ebf tinh t\u1ebf, m\u00e0u s\u1eafc th\u1eddi th\u01b0\u1ee3ng v\u1edbi \u0111\u1ed9 m\u1ecfng 6.1mm<\/h3>\n<p>M\u00e1y t\u00ednh b\u1ea3ng iPad Air 2020 s\u1ebd c\u00f3 thi\u1ebft k\u1ebf ho\u00e0n to\u00e0n m\u1edbi v\u1edbi ki\u1ec3u d\u00e1ng t\u01b0\u01a1ng t\u1ef1 v\u1edbi iPad Pro 2020 nh\u01b0ng v\u1edbi k\u00edch th\u01b0\u1edbc nh\u1ecf g\u1ecdn h\u01a1n 247.6 x 178.5 mm v\u00e0 \u0111\u1ed9 m\u1ecfng ch\u1ec9 6.1 mm c\u00f9ng tr\u1ecdng l\u01b0\u1ee3ng ch\u01b0a \u0111\u1ebfn 500g gi\u00fap b\u1ea1n d\u1ec5 d\u00e0ng mang theo iPad \u0111\u1ec3 s\u1eed d\u1ee5ng \u1edf b\u1ea5t c\u1ee9 \u0111\u00e2u.<\/p>\n<p>Thi\u1ebft k\u1ebf nguy\u00ean kh\u1ed1i mang \u0111\u1ebfn t\u1ed5ng th\u1ec3 sang tr\u1ecdng cho\u00a0iPad Air\u00a04 c\u00f9ng v\u1edbi gam m\u00e0u m\u1edbi th\u1eddi th\u01b0\u1ee3ng, n\u00fat home \u0111\u01b0\u1ee3c lo\u1ea1i b\u1ecf \u0111\u1ec3 t\u1ea1o n\u00ean kh\u00f4ng gian hi\u1ec3n th\u1ecb r\u1ed9ng h\u01a1n.<\/p>\n<p><img decoding=\"async\" class=\"cpslazy loaded\" src=\"https:\/\/cdn.cellphones.com.vn\/media\/wysiwyg\/tablet\/apple\/ipad-air-4-1.jpg\" alt=\"Thi\u1ebft k\u1ebf tinh t\u1ebf, m\u00e0u s\u1eafc th\u1eddi th\u01b0\u1ee3ng v\u1edbi \u0111\u1ed9 m\u1ecfng 5.9mm\" data-src=\"https:\/\/cdn.cellphones.com.vn\/media\/wysiwyg\/tablet\/apple\/ipad-air-4-1.jpg\" data-ll-status=\"loaded\" \/><\/p>\n<p>Thi\u1ebft k\u1ebf c\u1ee7a iPad Air 4 s\u1ebd vu\u00f4ng v\u1eafn h\u01a1n so v\u1edbi nh\u1eefng d\u00f2ng iPad tr\u01b0\u1edbc \u0111\u00e2y, c\u00e1c g\u00f3c c\u1ea1nh \u0111\u01b0\u1ee3c bo tr\u00f2n nh\u1eb9 nh\u00e0ng \u0111\u1ec3 t\u1ea1o c\u1ea3m gi\u00e1c m\u1ec1m m\u1ea1i h\u01a1n cho t\u1ed5ng th\u1ec3.<\/p>\n<p><img decoding=\"async\" class=\"cpslazy loaded\" src=\"https:\/\/cdn.cellphones.com.vn\/media\/wysiwyg\/tablet\/apple\/ipad-air-4-3.jpg\" alt=\"Thi\u1ebft k\u1ebf c\u1ee7a iPad Air 4 s\u1ebd vu\u00f4ng v\u1eafn h\u01a1n so v\u1edbi nh\u1eefng d\u00f2ng iPad tr\u01b0\u1edbc \u0111\u00e2y\" data-src=\"https:\/\/cdn.cellphones.com.vn\/media\/wysiwyg\/tablet\/apple\/ipad-air-4-3.jpg\" data-ll-status=\"loaded\" \/><\/p>\n<h3>M\u00e0n h\u00ecnh c\u00f3 t\u1ea7n s\u1ed1 qu\u00e9t 60Hz, t\u1ea5m n\u1ec1n IPS LCD v\u00e0 k\u00edch th\u01b0\u1edbc 10.9 inch<\/h3>\n<p>\u0110\u1ec3 mang \u0111\u1ebfn kh\u00f4ng gian hi\u1ec3n th\u1ecb tuy\u1ec7t v\u1eddi cho ng\u01b0\u1eddi d\u00f9ng, Apple \u0111\u00e3 trang b\u1ecb m\u00e0n h\u00ecnh c\u00f3 t\u1ea7n s\u1ed1 qu\u00e9t \u0111\u1ebfn 60Hz cho iPad Air 4, gi\u00fap h\u00ecnh \u1ea3nh hi\u1ec3n th\u1ecb m\u01b0\u1ee3t m\u00e0, c\u00e1c chuy\u1ec3n \u0111\u1ed9ng h\u00ecnh \u1ea3nh tr\u01a1n tru c\u0169ng nh\u01b0 h\u1ea1n ch\u1ebf t\u00ecnh tr\u1ea1ng gi\u1eadt lag. Nh\u1edd v\u1eady b\u1ea1n c\u00f3 th\u1ec3 t\u1eadn h\u01b0\u1edfng nh\u1eefng th\u01b0\u1edbc phim \u1ea5n t\u01b0\u1ee3ng, ch\u01a1i game (\u0111\u1eb7c bi\u1ec7t l\u00e0 nh\u1eefng game c\u00f3 g\u00f3c nh\u00ecn th\u1ee9 nh\u1ea5t) m\u1ed9t c\u00e1ch tuy\u1ec7t v\u1eddi nh\u1ea5t. \u0110\u1ed9 ph\u00e2n gi\u1ea3i\u00a02360 x 1640 pixels cho h\u00ecnh \u1ea3nh s\u1eafc n\u00e9t v\u00e0 ch\u00e2n th\u1ef1c.<\/p>\n<p><img decoding=\"async\" class=\"cpslazy loaded\" src=\"https:\/\/cdn.cellphones.com.vn\/media\/wysiwyg\/tablet\/apple\/ipad-air-4-2.jpg\" alt=\"M\u00e0n h\u00ecnh c\u00f3 t\u1ea7n s\u1ed1 qu\u00e9t 120Hz, t\u1ea5m n\u1ec1n IPS LCD v\u00e0 k\u00edch th\u01b0\u1edbc 11 inch\" data-src=\"https:\/\/cdn.cellphones.com.vn\/media\/wysiwyg\/tablet\/apple\/ipad-air-4-2.jpg\" data-ll-status=\"loaded\" \/><\/p>\n<p>S\u1eed d\u1ee5ng t\u1ea5m n\u1ec1n IPS LCD cho iPad Air 10.9 c\u00f9ng v\u1edbi c\u00f4ng ngh\u1ec7 True-Tone cho kh\u1ea3 n\u0103ng t\u00e1i t\u1ea1o m\u00e0u s\u1eafc ch\u00ednh x\u00e1c, g\u1ea7n v\u1edbi th\u1ef1c t\u1ebf h\u1ed7 tr\u1ee3 cho c\u00f4ng vi\u1ec7c ch\u1ec9nh s\u1eeda \u1ea3nh, video,\u2026hi\u1ec7u qu\u1ea3 h\u01a1n. B\u00ean c\u1ea1nh \u0111\u00f3 m\u00e0n h\u00ecnh n\u00e0y c\u00f2n s\u1edf h\u1eefu \u0111\u1ed9 s\u00e1ng 500 nits \u0111\u1ec3 h\u00ecnh \u1ea3nh lu\u00f4n hi\u1ec3n th\u1ecb t\u1ed1t trong nh\u1eefng \u0111i\u1ec1u ki\u1ec7n \u00e1nh s\u00e1ng kh\u00e1c nhau, gi\u00fap b\u1ea1n s\u1eed d\u1ee5ng iPad t\u1ed1t ngay c\u1ea3 khi \u1edf ngo\u00e0i tr\u1eddi.<\/p>\n<h3>Chip A14 k\u1ebft h\u1ee3p RAM 6GB cho s\u1ee9c m\u1ea1nh \u1ea5n t\u01b0\u1ee3ng v\u00e0 b\u1ed9 nh\u1edb 128GB l\u01b0u tr\u1eef r\u1ed9ng r\u00e3i<\/h3>\n<p>S\u1ee9c m\u1ea1nh c\u1ee7a m\u00e1y \u0111\u1ebfn t\u1eeb con chip A14 Bionic \u0111\u1ec3 mang \u0111\u1ebfn t\u1ed1c \u0111\u1ed9 x\u1eed l\u00fd v\u01b0\u1ee3t tr\u1ed9i h\u01a1n, nhanh ch\u00f3ng h\u01a1n c\u00f9ng v\u1edbi RAM 6GB cho s\u1ee9c m\u1ea1nh kh\u00f4ng thua g\u00ec m\u1ed9t chi\u1ebfc PC. B\u00ean c\u1ea1nh \u0111\u00f3 c\u00f2n c\u00f3 th\u00f4ng tin\u00a0<strong>iPad Air 2020<\/strong>\u00a0s\u1ebd c\u00f3 b\u00e0n ph\u00edm Magic Keyboard ri\u00eang \u0111\u1ec3 c\u00f3 th\u1ec3 gi\u00fap b\u1ea1n bi\u1ebfn chi\u1ebfc m\u00e1y t\u00ednh b\u1ea3ng c\u1ee7a m\u00ecnh th\u00e0nh m\u1ed9t chi\u1ebfc laptop m\u1ed9t c\u00e1ch nhanh ch\u00f3ng v\u00e0 \u0111\u01a1n gi\u1ea3n.<\/p>\n<p><img decoding=\"async\" class=\"cpslazy loaded\" src=\"https:\/\/cdn.cellphones.com.vn\/media\/wysiwyg\/tablet\/apple\/ipad-air-4-5.jpg\" alt=\"Chip A12Z Bionic v\u00e0 RAM 6GB cho s\u1ee9c m\u1ea1nh \u1ea5n t\u01b0\u1ee3ng v\u00e0 b\u1ed9 nh\u1edb 128GB l\u01b0u tr\u1eef r\u1ed9ng r\u00e3i\" data-src=\"https:\/\/cdn.cellphones.com.vn\/media\/wysiwyg\/tablet\/apple\/ipad-air-4-5.jpg\" data-ll-status=\"loaded\" \/><\/p>\n<p>M\u00e1y c\u00f3 b\u1ed9 nh\u1edb trong 128GB r\u1ed9ng r\u00e3i \u0111\u1ec3 b\u1ea1n c\u00f3 th\u1ec3 l\u01b0u tr\u1eef \u0111\u01b0\u1ee3c nhi\u1ec1u d\u1eef li\u1ec7u h\u01a1n, tho\u1ea3i m\u00e1i c\u00e0i \u0111\u1eb7t c\u00e1c \u1ee9ng d\u1ee5ng, tr\u00f2 ch\u01a1i ph\u1ee5c v\u1ee5 cho nhu c\u1ea7u s\u1eed d\u1ee5ng c\u1ee7a b\u1ea1n.<\/p>\n<h3>H\u1ec7 th\u1ed1ng camera v\u1edbi c\u1ea3m bi\u1ebfn LiDAR h\u1ed7 tr\u1ee3 quay phim ch\u1ea5t l\u01b0\u1ee3ng 4K si\u00eau n\u00e9t<\/h3>\n<p>M\u1ed9t trong nh\u1eefng s\u1ef1 c\u1ea3i ti\u1ebfn m\u1edbi c\u1ee7a iPad Air 4 ch\u00ednh l\u00e0 h\u1ec7 th\u1ed1ng camera v\u1edbi camera ch\u00ednh g\u00f3c r\u1ed9ng 12MP c\u00f9ng v\u1edbi c\u1ea3m bi\u1ebfn chi\u1ec1u s\u00e2u TOF 3D LiDAR h\u1ed7 tr\u1ee3 quay phim v\u1edbi ch\u1ea5t l\u01b0\u1ee3ng 4K cho h\u00ecnh \u1ea3nh c\u1ef1c k\u1ef3 s\u1eafc n\u00e9t v\u00e0 sinh \u0111\u1ed9ng. B\u00ean c\u1ea1nh \u0111\u00f3, iPad c\u0169ng \u0111\u01b0\u1ee3c h\u1ed7 tr\u1ee3 nh\u1eefng t\u00ednh n\u0103ng ch\u1ee5p \u1ea3nh th\u00f4ng minh nh\u01b0 x\u00f3a ph\u00f4ng, l\u1ea5y n\u00e9t t\u1ef1 \u0111\u1ed9ng,\u2026cho \u1ea3nh ch\u1ee5p kh\u00f4ng thua k\u00e9m b\u1ea5t k\u1ef3 thi\u1ebft b\u1ecb n\u00e0o.<\/p>\n<p><img decoding=\"async\" class=\"cpslazy loaded\" src=\"https:\/\/cdn.cellphones.com.vn\/media\/wysiwyg\/tablet\/apple\/ipad-air-4-4.jpg\" alt=\"H\u1ec7 th\u1ed1ng camera v\u1edbi c\u1ea3m bi\u1ebfn LiDAR h\u1ed7 tr\u1ee3 quay phim ch\u1ea5t l\u01b0\u1ee3ng 4K si\u00eau n\u00e9t\" data-src=\"https:\/\/cdn.cellphones.com.vn\/media\/wysiwyg\/tablet\/apple\/ipad-air-4-4.jpg\" data-ll-status=\"loaded\" \/><\/p>\n<p>Camera tr\u01b0\u1edbc c\u00f3 c\u1ea3m bi\u1ebfn 7MP v\u00e0 h\u1ed7 tr\u1ee3 quay phim 1080p, h\u1ed7 tr\u1ee3 video call ch\u1ea5t l\u01b0\u1ee3ng cao mang \u0111\u1ebfn nh\u1eefng tr\u1ea3i nghi\u1ec7m tuy\u1ec7t v\u1eddi cho ng\u01b0\u1eddi d\u00f9ng. B\u1ea1n c\u00f3 th\u1ec3 s\u1eed d\u1ee5ng iPad \u0111\u1ec3 quay l\u1ea1i vlog h\u1eb1ng ng\u00e0y thay cho m\u1ed9t chi\u1ebfc m\u00e1y quay, m\u00e1y \u1ea3nh v\u00e0 chia s\u1ebb ngay v\u1edbi b\u1ea1n b\u00e8, ng\u01b0\u1eddi th\u00e2n,\u2026v\u00f4 c\u00f9ng ti\u1ec7n l\u1ee3i.<\/p>\n<h3>Dung l\u01b0\u1ee3ng pin l\u1edbn cho 10 gi\u1edd l\u01b0\u1edbt web<\/h3>\n<p>Apple c\u0169ng \u0111\u00e3 n\u00e2ng c\u1ea5p dung l\u01b0\u1ee3ng pin cho iPad Air 4 v\u1edbi dung l\u01b0\u1ee3ng l\u1edbn, cho 10 gi\u1edd l\u01b0\u1edbt web b\u1eb1ng wifi, 9 gi\u1edd s\u1eed d\u1ee5ng m\u1ea1ng di \u0111\u1ed9ng. M\u1eb7c d\u00f9 dung l\u01b0\u1ee3ng tr\u01b0\u1edbc \u0111\u00e2y c\u1ee7a nh\u1eefng th\u1ebf h\u1ec7 iPad tr\u01b0\u1edbc c\u0169ng \u0111\u00e3 \u0111\u00e1p \u1ee9ng r\u1ea5t t\u1ed1t v\u1ec1 th\u1eddi l\u01b0\u1ee3ng s\u1eed d\u1ee5ng ch\u00ednh v\u00ec th\u1ebf s\u1ef1 n\u00e2ng c\u1ea5p n\u00e0y ch\u1eafc ch\u1eafn s\u1ebd gi\u00fap ng\u01b0\u1eddi d\u00f9ng c\u00e0ng y\u00ean t\u00e2m h\u01a1n khi s\u1eed d\u1ee5ng thi\u1ebft b\u1ecb su\u1ed1t c\u1ea3 ng\u00e0y d\u00e0i m\u00e0 kh\u00f4ng lo h\u1ebft pin.<\/p>\n<p><img decoding=\"async\" class=\"cpslazy loaded\" src=\"https:\/\/cdn.cellphones.com.vn\/media\/wysiwyg\/tablet\/apple\/ipad-air-4-6.jpg\" alt=\"Dung l\u01b0\u1ee3ng pin 9720mAh t\u00edch h\u1ee3p s\u1ea1c nhanh 18W\" data-src=\"https:\/\/cdn.cellphones.com.vn\/media\/wysiwyg\/tablet\/apple\/ipad-air-4-6.jpg\" data-ll-status=\"loaded\" \/><\/p>\n<p>B\u00ean c\u1ea1nh \u0111\u00f3 Apple c\u0169ng t\u00edch h\u1ee3p c\u00f4ng ngh\u1ec7 s\u1ea1c nhanh 18W cho\u00a0<strong>iPad Air 4<\/strong>\u00a0\u0111\u1ec3 gi\u00fap ng\u01b0\u1eddi d\u00f9ng c\u00f3 th\u1ec3 n\u1ea1p n\u0103ng l\u01b0\u1ee3ng cho iPad nhanh ch\u00f3ng. B\u1ea1n c\u00f3 th\u1ec3 s\u1eed d\u1ee5ng thi\u1ebft b\u1ecb c\u1ee7a b\u1ea1n li\u00ean t\u1ee5c v\u00e0 nhanh n\u1ea1p l\u1ea1i pin cho thi\u1ebft b\u1ecb, gi\u1ea3i quy\u1ebft n\u1ed7i lo l\u1eafng v\u1ec1 pin iPad.<\/p>\n<h3>T\u00ednh n\u0103ng b\u1ea3o m\u1eadt cao, h\u1ed7 tr\u1ee3 \u0111\u1ea7y \u0111\u1ee7 c\u00e1c k\u1ebft n\u1ed1i kh\u00f4ng d\u00e2y v\u00e0 h\u1ed7 tr\u1ee3 k\u1ebft n\u1ed1i 3G\/4G<\/h3>\n<p>M\u1ed9t trong nh\u1eefng t\u00ednh n\u0103ng n\u1ed5i b\u1eadt c\u1ee7a Apple ch\u00ednh l\u00e0 Touch ID tr\u00ean n\u00fat ngu\u1ed3n. iPad Air 10.9 inch 2020 \u0111\u01b0\u1ee3c t\u00edch h\u1ee3p Touch ID s\u1ebd gi\u00fap b\u1ea3o m\u1eadt an to\u00e0n h\u01a1n cho iPad, kh\u00f4ng lo b\u1ecb l\u1ed9 m\u1eadt kh\u1ea9u c\u0169ng nh\u01b0 gi\u00fap b\u1ea1n m\u1edf kh\u00f3a iPad m\u1ed9t c\u00e1ch nhanh ch\u00f3ng.<\/p>\n<p><img decoding=\"async\" class=\"cpslazy loaded\" src=\"https:\/\/cdn.cellphones.com.vn\/media\/wysiwyg\/tablet\/apple\/ipad-air-4-7_2.jpg\" alt=\"T\u00ednh n\u0103ng FaceID b\u1ea3o m\u1eadt cao, h\u1ed7 tr\u1ee3 \u0111\u1ea7y \u0111\u1ee7 c\u00e1c k\u1ebft n\u1ed1i kh\u00f4ng d\u00e2y v\u00e0 h\u1ed7 tr\u1ee3 k\u1ebft n\u1ed1i 3G\/4G\" data-src=\"https:\/\/cdn.cellphones.com.vn\/media\/wysiwyg\/tablet\/apple\/ipad-air-4-7_2.jpg\" data-ll-status=\"loaded\" \/><\/p>\n<p>M\u00e1y c\u0169ng h\u1ed7 tr\u1ee3 \u0111\u1ea7y \u0111\u1ee7 c\u00e1c k\u1ebft n\u1ed1i nh\u01b0 k\u1ebft n\u1ed1i WiFi gi\u00fap b\u1ea1n truy c\u1eadp v\u00e0o m\u1ea1ng Internet nhanh ch\u00f3ng. Ngo\u00e0i ra c\u00f2n c\u00f3 phi\u00ean b\u1ea3n iPad h\u1ed7 tr\u1ee3 3G\/4G (c\u00f3 khe l\u1eafp th\u1ebb SIM) \u0111\u1ec3 b\u1ea1n c\u00f3 th\u1ec3 lu\u00f4n tr\u1ef1c tuy\u1ebfn d\u00f9 \u1edf b\u1ea5t c\u1ee9 \u0111\u00e2u, kh\u00f4ng b\u1ecf l\u1ee1 b\u1ea5t c\u1ee9 th\u00f4ng b\u00e1o, tin nh\u1eafn n\u00e0o.<\/p>\n","protected":false},"excerpt":{"rendered":"<p>iPad Air 4 2020 \u2013 Chip A14 m\u1ea1nh m\u1ebd cho tr\u1ea3i nghi\u1ec7m ho\u00e0n h\u1ea3o Apple lu\u00f4n khi\u1ebfn cho c\u1ed9ng \u0111\u1ed3ng c\u00f4ng ngh\u1ec7 \u0111\u1ee9ng ng\u1ed3i kh\u00f4ng y\u00ean m\u1ed7i khi cho gi\u1edbi thi\u1ec7u s\u1ea3n ph\u1ea9m m\u1edbi.\u00a0iPad Air 4\u00a0\u0111\u01b0\u1ee3c ra m\u1eaft t\u1ea1i s\u1ef1 ki\u1ec7n m\u00e0 c\u00e1c t\u00edn \u0111\u1ed3 c\u00f4ng ngh\u1ec7 ngh\u0129 r\u1eb1ng Apple s\u1ebd tr\u00ecnh l\u00e0ng d\u00f2ng\u00a0\u0111i\u1ec7n tho\u1ea1i&#8230;<\/p>\n","protected":false},"featured_media":1666,"comment_status":"open","ping_status":"closed","template":"","meta":[],"product_cat":[16,51],"product_tag":[],"class_list":{"0":"post-1661","1":"product","2":"type-product","3":"status-publish","4":"has-post-thumbnail","6":"product_cat-apple","7":"product_cat-ipad-air","9":"first","10":"instock","11":"sale","12":"shipping-taxable","13":"purchasable","14":"product-type-variable","15":"has-default-attributes"},"_links":{"self":[{"href":"https:\/\/pluginviet.com\/mau7\/wp-json\/wp\/v2\/product\/1661","targetHints":{"allow":["GET"]}}],"collection":[{"href":"https:\/\/pluginviet.com\/mau7\/wp-json\/wp\/v2\/product"}],"about":[{"href":"https:\/\/pluginviet.com\/mau7\/wp-json\/wp\/v2\/types\/product"}],"replies":[{"embeddable":true,"href":"https:\/\/pluginviet.com\/mau7\/wp-json\/wp\/v2\/comments?post=1661"}],"wp:featuredmedia":[{"embeddable":true,"href":"https:\/\/pluginviet.com\/mau7\/wp-json\/wp\/v2\/media\/1666"}],"wp:attachment":[{"href":"https:\/\/pluginviet.com\/mau7\/wp-json\/wp\/v2\/media?parent=1661"}],"wp:term":[{"taxonomy":"product_cat","embeddable":true,"href":"https:\/\/pluginviet.com\/mau7\/wp-json\/wp\/v2\/product_cat?post=1661"},{"taxonomy":"product_tag","embeddable":true,"href":"https:\/\/pluginviet.com\/mau7\/wp-json\/wp\/v2\/product_tag?post=1661"}],"curies":[{"name":"wp","href":"https:\/\/api.w.org\/{rel}","templated":true}]}}