{"id":1646,"date":"2021-08-20T04:40:23","date_gmt":"2021-08-19T21:40:23","guid":{"rendered":"http:\/\/localhost\/xtmobile\/?post_type=product&#038;p=1646"},"modified":"2022-02-22T21:41:53","modified_gmt":"2022-02-22T14:41:53","slug":"laptop-asus-vivobook-r564ja-uh31t","status":"publish","type":"product","link":"https:\/\/pluginviet.com\/mau7\/san-pham\/laptop-asus-vivobook-r564ja-uh31t\/","title":{"rendered":"Laptop ASUS VivoBook R564JA-UH31T"},"content":{"rendered":"<h2>Laptop Asus Vivobook R564JA-UH31T vi\u1ec1n m\u1ecfng, hi\u1ec7u n\u0103ng kh\u1ee7ng<\/h2>\n<p><strong>Laptop Asus Vivobook\u00a0R564JA-UH31T<\/strong>\u00a0s\u1edf h\u1eefu thi\u1ebft k\u1ebf m\u1ecfng nh\u1eb9, \u00e2m thanh tuy\u1ec7t \u0111\u1ec9nh c\u0169ng hi\u1ec7u n\u0103ng kh\u00e1 kh\u1ee7ng. Xem th\u00eam v\u1ec1 R564JA-UH3T \u0111\u1ec3 bi\u1ebft chi\u1ebfc laptop n\u00e0y c\u00f3 ph\u00f9 h\u1ee3p v\u1edbi b\u1ea1n kh\u00f4ng nh\u00e9!<\/p>\n<h3>Tr\u1ecdng l\u01b0\u1ee3ng si\u00eau nh\u1eb9, b\u00e0n ph\u00edm d\u1ec5 d\u00f9ng<\/h3>\n<p>Asus Vivobook R564JA-UH31T c\u00f3 tr\u1ecdng l\u01b0\u1ee3ng ch\u1ec9 1.8kg kh\u00e1 nh\u1eb9 nh\u00e0ng. Ti\u1ec7n l\u1ee3i \u0111\u1ec3 mang \u0111i nhi\u1ec1u n\u01a1i h\u1ecdc t\u1eadp, l\u00e0m vi\u1ec7c, chill.<\/p>\n<p>B\u00e0n ph\u00edm laptop \u0111\u01b0\u1ee3c thi\u1ebft k\u1ebf khoa h\u1ecdc v\u1edbi c\u1ea5u tr\u00fac li\u1ec1n kh\u1ed1i c\u00f9ng h\u00e0nh tr\u00ecnh ph\u00edm ng\u1eafn. Nh\u1edd v\u1eady b\u1ea1n c\u00f3 th\u1ec3 b\u1ea5m ph\u00edm tho\u1ea3i m\u00e1i, d\u1ec5 d\u00e0ng kh\u00f4ng b\u1ecb d\u00ednh ph\u00edm. \u0111\u1ed3ng th\u1eddi ti\u1ebfng \u0111\u1ed9ng g\u00e2y ra t\u1eeb b\u00e0n ph\u00edm kh\u00e1 nh\u1ecf kh\u00f4ng l\u00e0m \u1ed3n \u0111\u1ebfn ng\u01b0\u1eddi d\u00f9ng c\u0169ng nh\u01b0 m\u00f4i tr\u01b0\u1eddng xung quanh.<\/p>\n<p><img decoding=\"async\" class=\"cpslazy loaded\" src=\"https:\/\/cdn.cellphones.com.vn\/media\/wysiwyg\/laptop\/Laptop-asus-vivobook-r564ja-uh31t-1.jpg\" alt=\"Laptop Asus Vivobook R564JA-UH31T\" data-src=\"https:\/\/cdn.cellphones.com.vn\/media\/wysiwyg\/laptop\/Laptop-asus-vivobook-r564ja-uh31t-1.jpg\" data-ll-status=\"loaded\" \/><\/p>\n<h3>Hi\u1ec7u n\u0103ng s\u1ee9c m\u1ea1nh, \u00e2m thanh \u0111\u1ec9nh cao<\/h3>\n<p>Asus Vivobook R564JA-UH31T \u0111\u01b0\u1ee3c trang b\u1ecb hi\u1ec7u n\u0103ng v\u1edbi b\u1ed9 vi x\u1eed l\u00fd Intel Core i3 m\u1ea1nh m\u1ebd. C\u00f9ng b\u1ed9 Ram 4GB nhanh nh\u1ea1y v\u00e0 \u1ed5 c\u1ee9ng l\u01b0u tr\u1eef SSD l\u00ean t\u1edbi 128 GB s\u1eb5n s\u00e0ng l\u01b0u gi\u1eef nhi\u1ec1u video, h\u00ecnh \u1ea3nh t\u1ed1c \u0111\u1ed9 cao.<\/p>\n<p>\u00c2m thanh c\u1ee7a laptop Asus \u0111\u01b0\u1ee3c ch\u1eaft l\u1ecdc b\u1edfi c\u00f4ng ngh\u1ec7 Sonic Master v\u00f4 c\u00f9ng s\u1ed1ng \u0111\u1ed9ng v\u00e0 ch\u00e2n th\u1ef1c. T\u1ea1p \u00e2m, ti\u1ebfng \u1ed3n \u0111\u1ec1u \u0111\u01b0\u1ee3c x\u1eed l\u00fd lo\u1ea1i b\u1ecf hi\u1ec7u qu\u1ea3, tr\u1ea3 l\u1ea1i \u00e2m thanh ho\u00e0n h\u1ea3o ch\u1ea5t l\u01b0\u1ee3ng cho ng\u01b0\u1eddi d\u00f9ng.<\/p>\n<p><img decoding=\"async\" class=\"cpslazy loaded\" src=\"https:\/\/cdn.cellphones.com.vn\/media\/wysiwyg\/laptop\/Laptop-asus-vivobook-r564ja-uh31t-2.jpg\" alt=\"Laptop Asus Vivobook R564JA-UH31T\" data-src=\"https:\/\/cdn.cellphones.com.vn\/media\/wysiwyg\/laptop\/Laptop-asus-vivobook-r564ja-uh31t-2.jpg\" data-ll-status=\"loaded\" \/><\/p>\n","protected":false},"excerpt":{"rendered":"<p>Laptop Asus Vivobook R564JA-UH31T vi\u1ec1n m\u1ecfng, hi\u1ec7u n\u0103ng kh\u1ee7ng Laptop Asus Vivobook\u00a0R564JA-UH31T\u00a0s\u1edf h\u1eefu thi\u1ebft k\u1ebf m\u1ecfng nh\u1eb9, \u00e2m thanh tuy\u1ec7t \u0111\u1ec9nh c\u0169ng hi\u1ec7u n\u0103ng kh\u00e1 kh\u1ee7ng. Xem th\u00eam v\u1ec1 R564JA-UH3T \u0111\u1ec3 bi\u1ebft chi\u1ebfc laptop n\u00e0y c\u00f3 ph\u00f9 h\u1ee3p v\u1edbi b\u1ea1n kh\u00f4ng nh\u00e9! Tr\u1ecdng l\u01b0\u1ee3ng si\u00eau nh\u1eb9, b\u00e0n ph\u00edm d\u1ec5 d\u00f9ng Asus Vivobook R564JA-UH31T c\u00f3 tr\u1ecdng&#8230;<\/p>\n","protected":false},"featured_media":1650,"comment_status":"open","ping_status":"closed","template":"","meta":[],"product_cat":[368],"product_tag":[],"class_list":{"0":"post-1646","1":"product","2":"type-product","3":"status-publish","4":"has-post-thumbnail","6":"product_cat-laptop-asus","8":"first","9":"instock","10":"sale","11":"shipping-taxable","12":"purchasable","13":"product-type-variable","14":"has-default-attributes"},"_links":{"self":[{"href":"https:\/\/pluginviet.com\/mau7\/wp-json\/wp\/v2\/product\/1646","targetHints":{"allow":["GET"]}}],"collection":[{"href":"https:\/\/pluginviet.com\/mau7\/wp-json\/wp\/v2\/product"}],"about":[{"href":"https:\/\/pluginviet.com\/mau7\/wp-json\/wp\/v2\/types\/product"}],"replies":[{"embeddable":true,"href":"https:\/\/pluginviet.com\/mau7\/wp-json\/wp\/v2\/comments?post=1646"}],"wp:featuredmedia":[{"embeddable":true,"href":"https:\/\/pluginviet.com\/mau7\/wp-json\/wp\/v2\/media\/1650"}],"wp:attachment":[{"href":"https:\/\/pluginviet.com\/mau7\/wp-json\/wp\/v2\/media?parent=1646"}],"wp:term":[{"taxonomy":"product_cat","embeddable":true,"href":"https:\/\/pluginviet.com\/mau7\/wp-json\/wp\/v2\/product_cat?post=1646"},{"taxonomy":"product_tag","embeddable":true,"href":"https:\/\/pluginviet.com\/mau7\/wp-json\/wp\/v2\/product_tag?post=1646"}],"curies":[{"name":"wp","href":"https:\/\/api.w.org\/{rel}","templated":true}]}}