{"id":1642,"date":"2021-08-20T04:40:09","date_gmt":"2021-08-19T21:40:09","guid":{"rendered":"http:\/\/localhost\/xtmobile\/?post_type=product&#038;p=1642"},"modified":"2021-09-29T11:43:54","modified_gmt":"2021-09-29T04:43:54","slug":"laptop-asus-vivobook-r564ja-uh51t","status":"publish","type":"product","link":"https:\/\/pluginviet.com\/mau7\/san-pham\/laptop-asus-vivobook-r564ja-uh51t\/","title":{"rendered":"Laptop ASUS Vivobook R564JA-UH51T"},"content":{"rendered":"<h2>Laptop Asus Vivobook R56JA-UH51T \u2013 Laptop m\u1ecfng nh\u1eb9, hi\u1ec7u n\u0103ng \u1ed5n \u0111\u1ecbnh<\/h2>\n<p>Th\u1ebf n\u00e0o l\u00e0 chi\u1ebfc m\u00e1y t\u00ednh ho\u00e0n h\u1ea3o? Thi\u1ebft k\u1ebf m\u1ecfng nh\u1eb9, c\u1ea5u h\u00ecnh m\u1ea1nh m\u1ebd l\u00e0 nh\u1eefng ti\u00eau ch\u00ed gi\u00fap ch\u1ecdn ra m\u1ed9t chi\u1ebfc m\u00e1y t\u00ednh ph\u00f9 h\u1ee3p v\u1edbi m\u1ecdi nhu c\u1ea7u ng\u01b0\u1eddi d\u00f9ng. \u0110\u1eebng t\u00ecm \u0111\u00e2u xa m\u00e0 h\u00e3y tham kh\u1ea3o qua chi\u1ebfc\u00a0<strong>laptop Asus Vivobook\u00a0R56JA-UH51T<\/strong>.<\/p>\n<h3>Thi\u1ebft k\u1ebf c\u00e1 t\u00ednh, m\u00e0n h\u00ecnh NanoEdge 15,6 inches c\u00f3 c\u1ea3m \u1ee9ng<\/h3>\n<p>Laptop Asus Vivobook R56JA-UH51T \u0111\u01b0\u1ee3c \u00e1p d\u1ee5ng l\u1ed1i thi\u1ebft k\u1ebf \u0111\u1ed9c \u0111\u00e1o, h\u01a1i h\u01b0\u1edbng tr\u1ebb trung v\u00e0 c\u00e1 t\u00ednh. V\u1edbi ki\u1ec3u d\u00e1ng n\u1eafp kim lo\u1ea1i mang \u0111\u1ebfn c\u1ea3m gi\u00e1c sang tr\u1ecdng. Thi\u1ebft k\u1ebf n\u00e0y d\u01b0\u1eddng nh\u01b0 \u0111\u00e3 l\u00e0m n\u00ean m\u1ed9t cu\u1ed9c c\u00e1ch m\u1ea1ng trong th\u1ebf h\u1ec7 Z.<\/p>\n<p><img decoding=\"async\" class=\"cpslazy loaded\" src=\"https:\/\/cdn.cellphones.com.vn\/media\/wysiwyg\/laptop\/asus-vivobook-r564ja-uh51t-1.jpg\" alt=\"Thi\u1ebft k\u1ebf c\u00e1 t\u00ednh, m\u00e0n h\u00ecnh NanoEdge 15,6 inches\" data-src=\"https:\/\/cdn.cellphones.com.vn\/media\/wysiwyg\/laptop\/asus-vivobook-r564ja-uh51t-1.jpg\" data-ll-status=\"loaded\" \/><\/p>\n<p>M\u00e0n h\u00ecnh g\u1ea7n nh\u01b0 \u0111\u00e3 \u0111\u1ea1t \u0111\u1ebfn kh\u1ea3 n\u0103ng to\u00e0n di\u1ec7n. V\u1edbi thi\u1ebft k\u1ebf si\u00eau m\u1ecfng NanoEdge mang \u0111\u1ebfn nh\u1eefng tr\u1ea3i nghi\u1ec7m \u0111\u1eafm ch\u00ecm trong kh\u00f4ng gian th\u1ebf gi\u1edbi \u1ea3o. M\u00e0n h\u00ecnh \u0111\u1ed9 ph\u00e2n gi\u1ea3i FullHD gi\u00fap g\u00f3c nh\u00ecn r\u1ed9ng h\u01a1n, hi\u1ec3n th\u1ecb m\u00e0u s\u1eafc 45% NTSC ch\u00e2n th\u1ef1c v\u00e0 s\u1ed1ng \u0111\u1ed9ng h\u01a1n bao gi\u1edd h\u1ebft.<\/p>\n<p><em>&gt;&gt;&gt; C\u00f9ng kh\u00e1m ph\u00e1 th\u00eam chi\u1ebfc\u00a0Laptop ASUS VivoBook X515MA-BR112T\u00a0\u0111\u01b0\u1ee3c thi\u1ebft k\u1ebf v\u00f4 c\u00f9ng \u1ea5n t\u01b0\u1ee3ng.<\/em><\/p>\n<p><img decoding=\"async\" class=\"cpslazy loaded\" src=\"https:\/\/cdn.cellphones.com.vn\/media\/wysiwyg\/laptop\/asus-vivobook-r564ja-uh51t-2.jpg\" alt=\"Thi\u1ebft k\u1ebf c\u00e1 t\u00ednh, m\u00e0n h\u00ecnh NanoEdge 15,6 inches\" data-src=\"https:\/\/cdn.cellphones.com.vn\/media\/wysiwyg\/laptop\/asus-vivobook-r564ja-uh51t-2.jpg\" data-ll-status=\"loaded\" \/><\/p>\n<h3>Hi\u1ec7u su\u1ea5t\u00a0m\u1ea1nh v\u1edbi chip Intel Core i5, 8 GB RAM,\u00a0256GB SSD<\/h3>\n<p>Laptop Asus Vivobook R56JA-UH51T mang \u0111\u1ebfn kh\u1ea3 n\u0103ng ho\u1ea1t \u0111\u1ed9ng hi\u1ec7u n\u0103ng c\u1ea7n \u0111\u1ec3 x\u1eed l\u00fd m\u1ecdi t\u00e1c v\u1ee5. \u0110\u00f3 l\u00e0 nh\u1edd v\u00e0o Intel Core i5 th\u1ebf h\u1ec7 m\u1edbi nh\u1ea5t cho ph\u00e9p x\u1eed l\u00fd nh\u1eefng d\u1eef li\u1ec7u m\u1ed9t c\u00e1ch nhanh ch\u00f3ng.<\/p>\n<p><img decoding=\"async\" class=\"cpslazy loaded\" src=\"https:\/\/cdn.cellphones.com.vn\/media\/wysiwyg\/laptop\/asus-vivobook-r564ja-uh51t-3.jpg\" alt=\"Hi\u1ec7u su\u1ea5t m\u1ea1nh v\u1edbi chip Intel Core i5, 8 GB RAM, 256GB SSD\" data-src=\"https:\/\/cdn.cellphones.com.vn\/media\/wysiwyg\/laptop\/asus-vivobook-r564ja-uh51t-3.jpg\" data-ll-status=\"loaded\" \/><\/p>\n<p>\u0110i k\u00e8m v\u1edbi \u0111\u00f3 l\u00e0 8 GB RAM cho ph\u00e9p ho\u1ea1t \u0111\u1ed9ng \u0111a nhi\u1ec7m nhi\u1ec1u t\u00e1c v\u1ee5 c\u00f9ng m\u1ed9t l\u00fac m\u00e0 kh\u00f4ng b\u1ecb load l\u1ea1i. H\u01a1n h\u1ebft 256GB SSD m\u1edbi nh\u1ea5t v\u1eeba m\u1edf r\u1ed9ng vi\u1ec7c l\u01b0u tr\u1eef v\u1eeba gi\u00fap kh\u1edfi \u0111\u1ed9ng m\u00e1y\/ ch\u01b0\u01a1ng tr\u00ecnh nhanh ch\u00f3ng.<\/p>\n<p><img decoding=\"async\" class=\"cpslazy loaded\" src=\"https:\/\/cdn.cellphones.com.vn\/media\/wysiwyg\/laptop\/asus-vivobook-r564ja-uh51t-4.jpg\" alt=\"Hi\u1ec7u su\u1ea5t m\u1ea1nh v\u1edbi chip Intel Core i5, 8 GB RAM, 256GB SSD\" data-src=\"https:\/\/cdn.cellphones.com.vn\/media\/wysiwyg\/laptop\/asus-vivobook-r564ja-uh51t-4.jpg\" data-ll-status=\"loaded\" \/><\/p>\n","protected":false},"excerpt":{"rendered":"<p>Laptop Asus Vivobook R56JA-UH51T \u2013 Laptop m\u1ecfng nh\u1eb9, hi\u1ec7u n\u0103ng \u1ed5n \u0111\u1ecbnh Th\u1ebf n\u00e0o l\u00e0 chi\u1ebfc m\u00e1y t\u00ednh ho\u00e0n h\u1ea3o? Thi\u1ebft k\u1ebf m\u1ecfng nh\u1eb9, c\u1ea5u h\u00ecnh m\u1ea1nh m\u1ebd l\u00e0 nh\u1eefng ti\u00eau ch\u00ed gi\u00fap ch\u1ecdn ra m\u1ed9t chi\u1ebfc m\u00e1y t\u00ednh ph\u00f9 h\u1ee3p v\u1edbi m\u1ecdi nhu c\u1ea7u ng\u01b0\u1eddi d\u00f9ng. \u0110\u1eebng t\u00ecm \u0111\u00e2u xa m\u00e0 h\u00e3y tham kh\u1ea3o&#8230;<\/p>\n","protected":false},"featured_media":1644,"comment_status":"open","ping_status":"closed","template":"","meta":[],"product_cat":[368],"product_tag":[],"class_list":{"0":"post-1642","1":"product","2":"type-product","3":"status-publish","4":"has-post-thumbnail","6":"product_cat-laptop-asus","8":"first","9":"instock","10":"sale","11":"shipping-taxable","12":"purchasable","13":"product-type-variable","14":"has-default-attributes"},"_links":{"self":[{"href":"https:\/\/pluginviet.com\/mau7\/wp-json\/wp\/v2\/product\/1642","targetHints":{"allow":["GET"]}}],"collection":[{"href":"https:\/\/pluginviet.com\/mau7\/wp-json\/wp\/v2\/product"}],"about":[{"href":"https:\/\/pluginviet.com\/mau7\/wp-json\/wp\/v2\/types\/product"}],"replies":[{"embeddable":true,"href":"https:\/\/pluginviet.com\/mau7\/wp-json\/wp\/v2\/comments?post=1642"}],"wp:featuredmedia":[{"embeddable":true,"href":"https:\/\/pluginviet.com\/mau7\/wp-json\/wp\/v2\/media\/1644"}],"wp:attachment":[{"href":"https:\/\/pluginviet.com\/mau7\/wp-json\/wp\/v2\/media?parent=1642"}],"wp:term":[{"taxonomy":"product_cat","embeddable":true,"href":"https:\/\/pluginviet.com\/mau7\/wp-json\/wp\/v2\/product_cat?post=1642"},{"taxonomy":"product_tag","embeddable":true,"href":"https:\/\/pluginviet.com\/mau7\/wp-json\/wp\/v2\/product_tag?post=1642"}],"curies":[{"name":"wp","href":"https:\/\/api.w.org\/{rel}","templated":true}]}}