{"id":1625,"date":"2021-08-19T07:44:20","date_gmt":"2021-08-19T00:44:20","guid":{"rendered":"http:\/\/localhost\/xtmobile\/?post_type=product&#038;p=1625"},"modified":"2022-02-09T22:51:47","modified_gmt":"2022-02-09T15:51:47","slug":"apple-macbook-pro-13-touch-bar-m1-16gb-512gb-2020-i-chinh-hang-apple-viet-nam","status":"publish","type":"product","link":"https:\/\/pluginviet.com\/mau7\/san-pham\/apple-macbook-pro-13-touch-bar-m1-16gb-512gb-2020-i-chinh-hang-apple-viet-nam\/","title":{"rendered":"Apple MacBook Pro 13 Touch Bar M1 16GB 512GB 2020 I Ch\u00ednh h\u00e3ng Apple Vi\u1ec7t Nam"},"content":{"rendered":"<h2>Macbook Pro M1 2020 \u2013 Hi\u1ec7u n\u0103ng v\u01b0\u1ee3t tr\u1ed9i v\u1edbi chip M1 m\u1ea1nh m\u1ebd<\/h2>\n<p>M\u00e1y t\u00ednh b\u1ea3ng<strong>\u00a0Macbook Pro M1<\/strong>\u00a0th\u1ebf h\u1ec7 m\u1edbi v\u1eeba ra m\u1eaft \u0111\u01b0\u1ee3c trang b\u1ecb vi x\u1eed l\u00fd M1 do ch\u00ednh Apple t\u1ef1 thi\u1ebft k\u1ebf. H\u1ee9a h\u1eb9n mang \u0111\u1ebfn hi\u1ec7u n\u0103ng c\u1ef1c k\u00ec m\u1ea1nh m\u1ebd, th\u1eddi gian s\u1eed d\u1ee5ng c\u1ef1c k\u00ec \u1ea5n t\u01b0\u1ee3ng.<\/p>\n<h3>Thi\u1ebft k\u1ebf trau chu\u1ed1t t\u1eebng \u0111\u01b0\u1eddng n\u00e9t, tr\u1ea3i nghi\u1ec7m h\u00ecnh \u1ea3nh s\u1eafc n\u00e9t v\u1edbi m\u00e0n h\u00ecnh Retina<\/h3>\n<p>V\u1eabn k\u1ebf th\u1eeba thi\u1ebft k\u1ebf t\u1eeb ng\u01b0\u1eddi ti\u1ec1m nhi\u1ec7m tr\u01b0\u1edbc \u0111\u00f3 c\u1ee7a m\u00ecnh,\u00a0<strong>Macbook Pro 2020\u00a0M1<\/strong>\u00a0v\u1eabn s\u1edf h\u1eefu thi\u1ebft k\u1ebf nh\u00f4m nguy\u00ean kh\u1ed1i, c\u00e1c \u0111\u01b0\u1eddng vi\u1ec1n tr\u00ean m\u00e1y \u0111\u01b0\u1ee3c c\u1eaft CNC t\u1ec9 m\u1ec9, s\u1eafc x\u1ea3o.<\/p>\n<p><em><img decoding=\"async\" class=\"cpslazy loaded\" src=\"https:\/\/cdn.cellphones.com.vn\/media\/wysiwyg\/laptop\/macbook\/macbook-pro-touch-bar-m1-1.jpg\" alt=\"Thi\u1ebft k\u1ebf tinh t\u1ebf\" data-src=\"https:\/\/cdn.cellphones.com.vn\/media\/wysiwyg\/laptop\/macbook\/macbook-pro-touch-bar-m1-1.jpg\" data-ll-status=\"loaded\" \/><\/em><\/p>\n<p>M\u00e0n h\u00ecnh Retina 13.3 inches s\u1eafc n\u00e9t, t\u1ea5m n\u1ec1n LED mang \u0111\u1ebfn m\u00e0u \u0111en s\u00e2u. H\u1ed7 tr\u1ee3 d\u1ea3i m\u00e0u r\u1ed9ng P3, c\u00f4ng ngh\u1ec7 True Tone c\u00e2n b\u1eb1ng m\u00e0u tr\u1eafng t\u1ef1 \u0111\u1ed9ng \u0111\u1ec3 ph\u00f9 h\u1ee3p v\u1edbi nhi\u1ec7t \u0111\u1ed9 m\u00e0u c\u1ee7a \u00e1nh s\u00e1ng t\u1ef1 nhi\u00ean xung quanh, \u0111em \u0111\u1ebfn tr\u1ea3i nghi\u1ec7m hi\u1ec3n th\u1ecb t\u1ef1 nhi\u00ean nh\u1ea5t.<\/p>\n<h3>Ph\u1ea3n h\u1ed3i si\u00eau t\u1ed1c v\u1edbi vi x\u1eed l\u00fd M1 m\u1ea1nh m\u1ebd, macOS Big Sur nhi\u1ec1u t\u00ednh n\u0103ng m\u1ea1nh m\u1ebd<\/h3>\n<p><img decoding=\"async\" class=\"cpslazy loaded\" src=\"https:\/\/cdn.cellphones.com.vn\/media\/wysiwyg\/laptop\/macbook\/macbook-pro-touch-bar-m1-2.jpg\" alt=\"Ph\u1ea3n h\u1ed3i si\u00eau t\u1ed1c v\u1edbi vi x\u1eed l\u00fd M1 m\u1ea1nh m\u1ebd\" data-src=\"https:\/\/cdn.cellphones.com.vn\/media\/wysiwyg\/laptop\/macbook\/macbook-pro-touch-bar-m1-2.jpg\" data-ll-status=\"loaded\" \/><\/p>\n<p>Vi x\u1eed l\u00fd M1 \u0111\u1ebfn t\u1eeb Apple v\u1edbi 8 nh\u00e2n cho CPU v\u00e0 GPU mang \u0111\u1ebfn t\u1ed1c \u0111\u1ed9 nhanh \u0111\u1ebfn 2,8 l\u1ea7n, x\u1eed l\u00fd \u0111\u1ed3 h\u1ecda nhanh h\u01a1n 5 l\u1ea7n th\u1ebf h\u1ec7 tr\u01b0\u1edbc. T\u00edch h\u1ee3p 16 nh\u00e2n Neurral Engine n\u00e2ng cao kh\u1ea3 n\u0103ng x\u1eed l\u00fd cho c\u00e1c t\u00e1c v\u1ee5 Machine Learning nhanh h\u01a1n 15 l\u1ea7n.<\/p>\n<p><img decoding=\"async\" class=\"cpslazy loaded\" src=\"https:\/\/cdn.cellphones.com.vn\/media\/wysiwyg\/laptop\/macbook\/macbook-pro-touch-bar-m1-3.jpg\" alt=\"macOS Big Sur nhi\u1ec1u t\u00ednh n\u0103ng m\u1ea1nh m\u1ebd\" data-src=\"https:\/\/cdn.cellphones.com.vn\/media\/wysiwyg\/laptop\/macbook\/macbook-pro-touch-bar-m1-3.jpg\" data-ll-status=\"loaded\" \/><\/p>\n<p>MacOS Big Sur m\u1edbi nh\u1ea5t tr\u00ean\u00a0<strong>Macbook Pro M1 2020<\/strong>\u00a0gi\u00fap t\u1ed1i \u01b0u cho vi x\u1eed l\u00fd m\u1edbi. H\u1ec7 \u0111i\u1ec1u h\u00e0nh m\u1edbi n\u00e2ng c\u1ea5p giao di\u1ec7n ng\u01b0\u1eddi d\u00f9ng, thay \u0111\u1ed5i bi\u1ec3u t\u01b0\u1ee3ng \u1ee9ng d\u1ee5ng theo h\u01b0\u1edbng t\u1ed1i gi\u1ea3n, b\u1ed5 sung Control Center, Notification Center \u0111\u1ec3 t\u00f9y ch\u1ec9nh nhanh m\u1ed9t s\u1ed1 thi\u1ebft l\u1eadp, qu\u1ea3n l\u00fd th\u00f4ng b\u00e1o \u0111\u1ebfn.<\/p>\n<h3>Th\u1eddi l\u01b0\u1ee3ng pin l\u00ean \u0111\u1ebfn 20 gi\u1edd, qu\u1ea1t t\u1ea3n nhi\u1ec7t th\u1ebf h\u1ec7 m\u1edbi<\/h3>\n<p><img decoding=\"async\" class=\"cpslazy loaded\" src=\"https:\/\/cdn.cellphones.com.vn\/media\/wysiwyg\/laptop\/macbook\/macbook-pro-touch-bar-m1-4.jpg\" alt=\"Th\u1eddi l\u01b0\u1ee3ng pin l\u00ean \u0111\u1ebfn 20 gi\u1edd\" data-src=\"https:\/\/cdn.cellphones.com.vn\/media\/wysiwyg\/laptop\/macbook\/macbook-pro-touch-bar-m1-4.jpg\" data-ll-status=\"loaded\" \/><\/p>\n<p>Nh\u1edd s\u1eed d\u1ee5ng vi x\u1eed l\u00fd thi\u1ebft k\u1ebf ri\u00eang n\u00ean Apple Macbook Pro 13 Touch Bar M1 \u0111em \u0111\u1ebfn c\u1ea3i ti\u1ebfn l\u1edbn v\u1ec1 th\u1eddi gian ho\u1ea1t \u0111\u1ed9ng. Chi\u1ebfc m\u00e1y mang \u0111\u1ebfn th\u1eddi gian l\u01b0\u1edbt web l\u00ean \u0111\u1ebfn 17 gi\u1edd v\u00e0 xem video li\u00ean t\u1ee5c 20 gi\u1edd \u0111\u1ed3ng h\u1ed3.<\/p>\n<p><img decoding=\"async\" class=\"cpslazy loaded\" src=\"https:\/\/cdn.cellphones.com.vn\/media\/wysiwyg\/laptop\/macbook\/macbook-pro-touch-bar-m1-5.jpg\" alt=\"qu\u1ea1t t\u1ea3n nhi\u1ec7t th\u1ebf h\u1ec7 m\u1edbi\" data-src=\"https:\/\/cdn.cellphones.com.vn\/media\/wysiwyg\/laptop\/macbook\/macbook-pro-touch-bar-m1-5.jpg\" data-ll-status=\"loaded\" \/><\/p>\n<p>Qu\u1ea1t t\u1ea3n nhi\u1ec7t tr\u00ean Apple Macbook Pro 13 Touch Bar M1 l\u00e0 \u0111i\u1ec3m n\u00e2ng c\u1ea5p m\u1edbi so v\u1edbi th\u1ebf h\u1ec7 tr\u01b0\u1edbc \u0111\u00f3. Trang b\u1ecb qu\u1ea1t t\u1ea3n nhi\u1ec7t hi\u1ec7u su\u1ea5t cao \u0111\u01b0\u1ee3c g\u1ecdi l\u00e0 Active Cooling, cho ph\u00e9p duy tr\u00ec hi\u1ec7u su\u1ea5t ho\u1ea1t \u0111\u1ed9ng c\u1ee7a vi x\u1eed l\u00fd gi\u00fap m\u00e1y v\u1eadn h\u00e0nh t\u1ed1t nh\u1ea5t trong th\u1eddi gian d\u00e0i.<\/p>\n","protected":false},"excerpt":{"rendered":"<p>Macbook Pro M1 2020 \u2013 Hi\u1ec7u n\u0103ng v\u01b0\u1ee3t tr\u1ed9i v\u1edbi chip M1 m\u1ea1nh m\u1ebd M\u00e1y t\u00ednh b\u1ea3ng\u00a0Macbook Pro M1\u00a0th\u1ebf h\u1ec7 m\u1edbi v\u1eeba ra m\u1eaft \u0111\u01b0\u1ee3c trang b\u1ecb vi x\u1eed l\u00fd M1 do ch\u00ednh Apple t\u1ef1 thi\u1ebft k\u1ebf. H\u1ee9a h\u1eb9n mang \u0111\u1ebfn hi\u1ec7u n\u0103ng c\u1ef1c k\u00ec m\u1ea1nh m\u1ebd, th\u1eddi gian s\u1eed d\u1ee5ng c\u1ef1c k\u00ec \u1ea5n t\u01b0\u1ee3ng&#8230;.<\/p>\n","protected":false},"featured_media":1593,"comment_status":"open","ping_status":"closed","template":"","meta":[],"product_cat":[16,365],"product_tag":[],"class_list":{"0":"post-1625","1":"product","2":"type-product","3":"status-publish","4":"has-post-thumbnail","6":"product_cat-apple","7":"product_cat-macbook-pro","9":"first","10":"instock","11":"sale","12":"shipping-taxable","13":"purchasable","14":"product-type-variable","15":"has-default-attributes"},"_links":{"self":[{"href":"https:\/\/pluginviet.com\/mau7\/wp-json\/wp\/v2\/product\/1625","targetHints":{"allow":["GET"]}}],"collection":[{"href":"https:\/\/pluginviet.com\/mau7\/wp-json\/wp\/v2\/product"}],"about":[{"href":"https:\/\/pluginviet.com\/mau7\/wp-json\/wp\/v2\/types\/product"}],"replies":[{"embeddable":true,"href":"https:\/\/pluginviet.com\/mau7\/wp-json\/wp\/v2\/comments?post=1625"}],"wp:featuredmedia":[{"embeddable":true,"href":"https:\/\/pluginviet.com\/mau7\/wp-json\/wp\/v2\/media\/1593"}],"wp:attachment":[{"href":"https:\/\/pluginviet.com\/mau7\/wp-json\/wp\/v2\/media?parent=1625"}],"wp:term":[{"taxonomy":"product_cat","embeddable":true,"href":"https:\/\/pluginviet.com\/mau7\/wp-json\/wp\/v2\/product_cat?post=1625"},{"taxonomy":"product_tag","embeddable":true,"href":"https:\/\/pluginviet.com\/mau7\/wp-json\/wp\/v2\/product_tag?post=1625"}],"curies":[{"name":"wp","href":"https:\/\/api.w.org\/{rel}","templated":true}]}}