{"id":1616,"date":"2021-08-19T01:25:31","date_gmt":"2021-08-18T18:25:31","guid":{"rendered":"http:\/\/localhost\/xtmobile\/?post_type=product&#038;p=1616"},"modified":"2021-09-29T12:37:14","modified_gmt":"2021-09-29T05:37:14","slug":"apple-macbook-air-m1-8gb-512gb-2020-i-i-chinh-hang-apple-viet-nam","status":"publish","type":"product","link":"https:\/\/pluginviet.com\/mau7\/san-pham\/apple-macbook-air-m1-8gb-512gb-2020-i-i-chinh-hang-apple-viet-nam\/","title":{"rendered":"Apple MacBook Air M1 8GB 512GB 2020 I I Ch\u00ednh h\u00e3ng Apple Vi\u1ec7t Nam"},"content":{"rendered":"<h2 align=\"center\">Macbook Air M1 2020 &#8211; Sang tr\u1ecdng, tinh t\u1ebf, hi\u1ec7u n\u0103ng kh\u1ee7ng<\/h2>\n<p>L\u00e0 d\u00f2ng s\u1ea3n ph\u1ea9m c\u00f3 thi\u1ebft k\u1ebf m\u1ecfng nh\u1eb9, sang tr\u1ecdng v\u00e0 tinh t\u1ebf c\u00f9ng v\u1edbi \u0111\u00f3 l\u00e0 gi\u00e1 th\u00e0nh ph\u1ea3i ch\u0103ng n\u00ean MacBook Air \u0111\u00e3 thu h\u00fat \u0111\u01b0\u1ee3c \u0111\u00f4ng \u0111\u1ea3o ng\u01b0\u1eddi d\u00f9ng y\u00eau th\u00edch v\u00e0 l\u1ef1a ch\u1ecdn. M\u1ed9t trong nh\u1eefng phi\u00ean b\u1ea3n m\u1edbi nh\u1ea5t m\u00e0 kh\u00e1ch h\u00e0ng kh\u00f4ng th\u1ec3 b\u1ecf qua khi \u0111\u1ebfn v\u1edbi CellphoneS \u0111\u00f3 l\u00e0\u00a0<strong>MacBook Air M1<\/strong>. D\u01b0\u1edbi \u0111\u00e2y l\u00e0 chi ti\u1ebft v\u1ec1 thi\u1ebft k\u1ebf, c\u1ea5u h\u00ecnh c\u1ee7a m\u00e1y.<\/p>\n<h3>Thi\u1ebft k\u1ebf tinh t\u1ebf, ch\u1ea5t li\u1ec7u nh\u00f4m b\u1ec1n b\u1ec9<\/h3>\n<p><strong>MacBook Air\u00a02020 M1<\/strong>\u00a0m\u1edbi v\u1eabn lu\u00f4n tu\u00e2n th\u1ee7 tri\u1ebft l\u00fd thi\u1ebft k\u1ebf v\u1edbi nh\u1eefng \u0111\u01b0\u1eddng n\u00e9t \u0111\u01a1n nh\u01b0ng v\u00f4 c\u00f9ng sang tr\u1ecdng. M\u00e1y c\u00f3 \u0111\u1ed9 m\u1ecfng nh\u1eb9 ch\u1ec9 1,29kg v\u00e0 c\u00e1c c\u1ea1nh tr\u00e0n vi\u1ec1n khi\u1ebfn thi\u1ebft b\u1ecb tr\u1edf n\u00ean \u0111\u1eb9p h\u01a1n v\u00e0 cao c\u1ea5p h\u01a1n.<\/p>\n<p align=\"center\"><img decoding=\"async\" class=\"cpslazy loaded\" src=\"https:\/\/cdn.cellphones.com.vn\/media\/wysiwyg\/laptop\/macbook\/Macbook-air-m1-256gb-2020-1.jpg\" alt=\"Thi\u1ebft k\u1ebf tinh t\u1ebf, ch\u1ea5t li\u1ec7u nh\u00f4m b\u1ec1n b\u1ec9\" data-src=\"https:\/\/cdn.cellphones.com.vn\/media\/wysiwyg\/laptop\/macbook\/Macbook-air-m1-256gb-2020-1.jpg\" data-ll-status=\"loaded\" \/><\/p>\n<p>V\u1ecf nh\u00f4m b\u00ean ngo\u00e0i mang \u0111\u1ebfn s\u1ef1 b\u1ec1n b\u1ec9 v\u01b0\u1ee3t tr\u1ed9i theo th\u1eddi gian. C\u00e1c c\u1ed5ng v\u1eabn \u0111\u01b0\u1ee3c thi\u1ebft k\u1ebf t\u01b0\u01a1ng t\u1ef1 nh\u01b0 phi\u00ean b\u1ea3n tr\u01b0\u1edbc \u0111\u00f3 \u0111\u01b0\u1ee3c ra m\u1eaft h\u1ed3i th\u00e1ng 3 n\u0103m 2020.<\/p>\n","protected":false},"excerpt":{"rendered":"<p>Macbook Air M1 2020 &#8211; Sang tr\u1ecdng, tinh t\u1ebf, hi\u1ec7u n\u0103ng kh\u1ee7ng L\u00e0 d\u00f2ng s\u1ea3n ph\u1ea9m c\u00f3 thi\u1ebft k\u1ebf m\u1ecfng nh\u1eb9, sang tr\u1ecdng v\u00e0 tinh t\u1ebf c\u00f9ng v\u1edbi \u0111\u00f3 l\u00e0 gi\u00e1 th\u00e0nh ph\u1ea3i ch\u0103ng n\u00ean MacBook Air \u0111\u00e3 thu h\u00fat \u0111\u01b0\u1ee3c \u0111\u00f4ng \u0111\u1ea3o ng\u01b0\u1eddi d\u00f9ng y\u00eau th\u00edch v\u00e0 l\u1ef1a ch\u1ecdn. M\u1ed9t trong nh\u1eefng phi\u00ean b\u1ea3n&#8230;<\/p>\n","protected":false},"featured_media":1544,"comment_status":"open","ping_status":"closed","template":"","meta":[],"product_cat":[364],"product_tag":[],"class_list":{"0":"post-1616","1":"product","2":"type-product","3":"status-publish","4":"has-post-thumbnail","6":"product_cat-macbook-air","8":"first","9":"instock","10":"sale","11":"shipping-taxable","12":"purchasable","13":"product-type-variable","14":"has-default-attributes"},"_links":{"self":[{"href":"https:\/\/pluginviet.com\/mau7\/wp-json\/wp\/v2\/product\/1616","targetHints":{"allow":["GET"]}}],"collection":[{"href":"https:\/\/pluginviet.com\/mau7\/wp-json\/wp\/v2\/product"}],"about":[{"href":"https:\/\/pluginviet.com\/mau7\/wp-json\/wp\/v2\/types\/product"}],"replies":[{"embeddable":true,"href":"https:\/\/pluginviet.com\/mau7\/wp-json\/wp\/v2\/comments?post=1616"}],"wp:featuredmedia":[{"embeddable":true,"href":"https:\/\/pluginviet.com\/mau7\/wp-json\/wp\/v2\/media\/1544"}],"wp:attachment":[{"href":"https:\/\/pluginviet.com\/mau7\/wp-json\/wp\/v2\/media?parent=1616"}],"wp:term":[{"taxonomy":"product_cat","embeddable":true,"href":"https:\/\/pluginviet.com\/mau7\/wp-json\/wp\/v2\/product_cat?post=1616"},{"taxonomy":"product_tag","embeddable":true,"href":"https:\/\/pluginviet.com\/mau7\/wp-json\/wp\/v2\/product_tag?post=1616"}],"curies":[{"name":"wp","href":"https:\/\/api.w.org\/{rel}","templated":true}]}}