{"id":1603,"date":"2021-08-17T08:57:40","date_gmt":"2021-08-17T01:57:40","guid":{"rendered":"http:\/\/localhost\/xtmobile\/?post_type=product&#038;p=1603"},"modified":"2022-02-09T16:32:49","modified_gmt":"2022-02-09T09:32:49","slug":"iphone-12-pro-max-256gb-i-chinh-hang-vn-a","status":"publish","type":"product","link":"https:\/\/pluginviet.com\/mau7\/san-pham\/iphone-12-pro-max-256gb-i-chinh-hang-vn-a\/","title":{"rendered":"iPhone 12 Pro Max 256GB I Ch\u00ednh h\u00e3ng VN\/A"},"content":{"rendered":"<h2>iPhone 12 Pro Max 256GB VN\/A \u2013 Dung\u00a0l\u01b0\u1ee3ng l\u01b0u tr\u1eef n\u00e2ng c\u1ea5p<\/h2>\n<p>V\u1edbi m\u1ed9t c\u1ea5u h\u00ecnh hi\u1ec7u n\u0103ng c\u00f3 th\u1ec3 n\u00f3i m\u1ea1nh nh\u1ea5t trong n\u0103m 2020 c\u0169ng nh\u01b0 duy tr\u00ec \u0111\u01b0\u1ee3c s\u1ef1 m\u1ea1nh m\u1ebd n\u00e0y cho \u0111\u1ebfn nhi\u1ec1u n\u0103m n\u1eefa. \u0110\u00f2i h\u1ecfi kh\u1ea3 n\u0103ng l\u01b0u tr\u1eef c\u1ee7a iPhone ph\u1ea3i cao \u0111\u1ec3 tr\u00e1nh thi\u1ebfu dung l\u01b0\u1ee3ng. iPhone 12 Pro Max 256GB ch\u00ednh h\u00e3ng (VN\/A) s\u1ebd l\u00e0 m\u1ed9t s\u1ef1 l\u1ef1a ch\u1ecdn \u0111\u00fang nh\u1ea5t cho b\u1ea1n.<\/p>\n<h3>Hi\u1ec7u n\u0103ng m\u1ea1nh m\u1ebd, chip Apple A14 Bionic, h\u1ec7 th\u1ed1ng camera cao c\u1ea5p<\/h3>\n<p>C\u00f3 th\u1ec3 n\u00f3i v\u1edbi vi\u1ec7c trang b\u1ecb chip Apple A14 Bionic chi\u1ebfc\u00a0\u0111i\u1ec7n tho\u1ea1i iPhone 12 Pro Max\u00a0b\u1ea3n 256GB s\u1ebd mang \u0111\u1ebfn cho b\u1ea1n m\u1ed9t t\u1ed1c \u0111\u1ed9 x\u1eed l\u00fd kh\u00e1 nhanh k\u00e8m theo \u0111\u00f3 l\u00e0 b\u1ed9 nh\u1edb ram l\u00ean \u0111\u1ebfn 6GB cho kh\u1ea3 n\u0103ng \u0111a nhi\u1ec7m kh\u00e1 t\u1ed1t.<\/p>\n<p>Ng\u01b0\u1eddi d\u00f9ng c\u00f3 th\u1ec3 t\u1ea3i nh\u1eefng t\u1ef1a game n\u1eb7ng nh\u1ea5t \u0111\u1ec3 ch\u01a1i m\u1ed9t c\u00e1ch tho\u1ea3i m\u00e1i m\u00e0 kh\u00f4ng lo \u0111\u1ebfn hi\u1ec7u n\u0103ng c\u1ee7a m\u00e1y.<\/p>\n<p><img decoding=\"async\" class=\"cpslazy loaded\" src=\"https:\/\/cdn.cellphones.com.vn\/media\/wysiwyg\/mobile\/apple\/iphone-12-pro-max-256gb_1.jpg\" alt=\"Hi\u1ec7u n\u0103ng m\u1ea1nh m\u1ebd, chip Apple A14 Bionic, h\u1ec7 th\u1ed1ng camera cao c\u1ea5p\" data-src=\"https:\/\/cdn.cellphones.com.vn\/media\/wysiwyg\/mobile\/apple\/iphone-12-pro-max-256gb_1.jpg\" data-ll-status=\"loaded\" \/><\/p>\n<p>N\u0103m nay Apple \u0111\u00e3 kh\u00e1 \u01b0u \u00e1i khi trang b\u1ecb cho iPhone 12 Pro Max 256GB l\u00ean \u0111\u1ebfn 4 \u1ed1ng k\u00ednh camera mang \u0111\u1ebfn kh\u1ea3 n\u0103ng ch\u1ee5p \u1ea3nh \u1edf khung h\u00ecnh r\u1ea5t cao v\u00e0 \u0111\u1ed9 ph\u00e2n gi\u1ea3i l\u1edbn l\u01b0u l\u1ea1i nh\u1eefng kho\u1ea3nh kh\u1eafc tuy\u1ec7t v\u1eddi nh\u1ea5t.<\/p>\n<h3>Dung l\u01b0\u1ee3ng b\u1ed9 nh\u1edb 256GB tho\u1ea3i m\u00e1i t\u1ea3i game v\u00e0 l\u01b0u tr\u1eef h\u00ecnh \u1ea3nh<\/h3>\n<p>V\u1edbi m\u1ee9c dung l\u01b0\u1ee3ng l\u00ean \u0111\u1ebfn 256GB ng\u01b0\u1eddi d\u00f9ng c\u00f3 th\u1ec3 tho\u1ea3i m\u00e1i t\u1ea3i h\u00e0ng lo\u1ea1t t\u1ef1a game n\u1eb7ng nh\u1ea5t hi\u1ec7n nay tr\u00ean Apple Store v\u00e0 ch\u01a1i m\u00e0 kh\u00f4ng lo \u0111\u1ea7y b\u1ed9 nh\u1edb tr\u00ean \u0111i\u1ec7n tho\u1ea1i.<\/p>\n<p><img decoding=\"async\" class=\"cpslazy loaded\" src=\"https:\/\/cdn.cellphones.com.vn\/media\/wysiwyg\/mobile\/apple\/iphone-12-pro-max-256gb-1_1.jpg\" alt=\"Dung l\u01b0\u1ee3ng b\u1ed9 nh\u1edb 256GB tho\u1ea3i m\u00e1i t\u1ea3i game v\u00e0 l\u01b0u tr\u1eef h\u00ecnh \u1ea3nh\" data-src=\"https:\/\/cdn.cellphones.com.vn\/media\/wysiwyg\/mobile\/apple\/iphone-12-pro-max-256gb-1_1.jpg\" data-ll-status=\"loaded\" \/><\/p>\n<p>Apple c\u0169ng th\u01b0\u1eddng xuy\u00ean n\u00e2ng c\u1ea5p h\u1ec7 \u0111i\u1ec1u h\u00e0nh t\u1ed1n r\u1ea5t nhi\u1ec1u dung l\u01b0\u1ee3ng nh\u01b0ng \u0111i\u1ec1u n\u00e0y h\u1ea7u nh\u01b0 kh\u00f4ng th\u1ec3 l\u00e0m kh\u00f3 \u0111\u01b0\u1ee3c dung l\u01b0\u1ee3ng 256GB.\u00a0\u0110\u00e2y s\u1ebd l\u00e0 chi\u1ebfc \u0111i\u1ec7n tho\u1ea1i ph\u00f9 h\u1ee3p cho m\u1ecdi nhu c\u1ea7u s\u1eed d\u1ee5ng m\u1eb7c d\u00f9 c\u00f3 nhi\u1ec1u dung l\u01b0\u1ee3ng b\u1ed9 nh\u1edb l\u1ef1a ch\u1ecdn nh\u01b0ng 256GB s\u1ebd l\u00e0 m\u1ee9c kh\u00e1 \u0111\u1ee7 d\u00f9ng.<\/p>\n","protected":false},"excerpt":{"rendered":"<p>iPhone 12 Pro Max 256GB VN\/A \u2013 Dung\u00a0l\u01b0\u1ee3ng l\u01b0u tr\u1eef n\u00e2ng c\u1ea5p V\u1edbi m\u1ed9t c\u1ea5u h\u00ecnh hi\u1ec7u n\u0103ng c\u00f3 th\u1ec3 n\u00f3i m\u1ea1nh nh\u1ea5t trong n\u0103m 2020 c\u0169ng nh\u01b0 duy tr\u00ec \u0111\u01b0\u1ee3c s\u1ef1 m\u1ea1nh m\u1ebd n\u00e0y cho \u0111\u1ebfn nhi\u1ec1u n\u0103m n\u1eefa. \u0110\u00f2i h\u1ecfi kh\u1ea3 n\u0103ng l\u01b0u tr\u1eef c\u1ee7a iPhone ph\u1ea3i cao \u0111\u1ec3 tr\u00e1nh thi\u1ebfu dung l\u01b0\u1ee3ng&#8230;.<\/p>\n","protected":false},"featured_media":1533,"comment_status":"open","ping_status":"closed","template":"","meta":[],"product_cat":[29],"product_tag":[],"class_list":{"0":"post-1603","1":"product","2":"type-product","3":"status-publish","4":"has-post-thumbnail","6":"product_cat-iphone-12-series","8":"first","9":"instock","10":"sale","11":"shipping-taxable","12":"purchasable","13":"product-type-variable","14":"has-default-attributes"},"_links":{"self":[{"href":"https:\/\/pluginviet.com\/mau7\/wp-json\/wp\/v2\/product\/1603","targetHints":{"allow":["GET"]}}],"collection":[{"href":"https:\/\/pluginviet.com\/mau7\/wp-json\/wp\/v2\/product"}],"about":[{"href":"https:\/\/pluginviet.com\/mau7\/wp-json\/wp\/v2\/types\/product"}],"replies":[{"embeddable":true,"href":"https:\/\/pluginviet.com\/mau7\/wp-json\/wp\/v2\/comments?post=1603"}],"wp:featuredmedia":[{"embeddable":true,"href":"https:\/\/pluginviet.com\/mau7\/wp-json\/wp\/v2\/media\/1533"}],"wp:attachment":[{"href":"https:\/\/pluginviet.com\/mau7\/wp-json\/wp\/v2\/media?parent=1603"}],"wp:term":[{"taxonomy":"product_cat","embeddable":true,"href":"https:\/\/pluginviet.com\/mau7\/wp-json\/wp\/v2\/product_cat?post=1603"},{"taxonomy":"product_tag","embeddable":true,"href":"https:\/\/pluginviet.com\/mau7\/wp-json\/wp\/v2\/product_tag?post=1603"}],"curies":[{"name":"wp","href":"https:\/\/api.w.org\/{rel}","templated":true}]}}