{"id":1529,"date":"2021-08-16T05:03:58","date_gmt":"2021-08-15T22:03:58","guid":{"rendered":"http:\/\/localhost\/xtmobile\/?post_type=product&#038;p=1529"},"modified":"2022-04-09T12:27:22","modified_gmt":"2022-04-09T05:27:22","slug":"iphone-12-pro-max-i-chinh-hang-vn-a","status":"publish","type":"product","link":"https:\/\/pluginviet.com\/mau7\/san-pham\/iphone-12-pro-max-i-chinh-hang-vn-a\/","title":{"rendered":"iPhone 12 Pro Max I Ch\u00ednh h\u00e3ng VN\/A"},"content":{"rendered":"<h2>\u0110i\u1ec7n tho\u1ea1i iPhone 12 Pro Max: N\u00e2ng t\u1ea7m \u0111\u1eb3ng c\u1ea5p s\u1eed d\u1ee5ng<\/h2>\n<p>C\u1ee9 m\u1ed7i n\u0103m, \u0111\u1ebfn d\u1ea1o cu\u1ed1i th\u00e1ng 8 v\u00e0 g\u1ea7n \u0111\u1ea7u th\u00e1ng 9 th\u00ec m\u1ecdi th\u00f4ng tin s\u00f4i s\u1ee5c m\u1edbi v\u1ec1 chi\u1ebfc iPhone m\u1edbi l\u1ea1i xu\u1ea5t hi\u1ec7n. Apple n\u0103m nay l\u1ea1i ra th\u00eam m\u1ed9t chi\u1ebfc iPhone m\u1edbi v\u1edbi t\u00ean g\u1ecdi m\u1edbi l\u00e0\u00a0<strong>iPhone 12 Pro Max<\/strong>, \u0111\u00e2y l\u00e0 m\u1ed9t d\u00f2ng \u0111i\u1ec7n tho\u1ea1i m\u1edbi v\u00e0 m\u1ea1nh m\u1ebd nh\u1ea5t c\u1ee7a nh\u00e0 Apple n\u0103m nay. M\u1eddi b\u1ea1n tham kh\u1ea3o th\u00eam m\u1ed9t s\u1ed1 m\u00f4 t\u1ea3 s\u1ea3n ph\u1ea9m b\u00ean d\u01b0\u1edbi \u0111\u1ec3 b\u1ea1n c\u00f3 th\u1ec3 ra quy\u1ebft \u0111\u1ecbnh mua s\u1eafm.<\/p>\n<h3>M\u00e0n h\u00ecnh 6.7 inches\u00a0Super Retina XDR<\/h3>\n<p>N\u0103m nay, c\u00f4ng ngh\u1ec7 m\u00e0n h\u00ecnh tr\u00ean 12 Pro Max c\u0169ng \u0111\u01b0\u1ee3c \u0111\u1ed5i m\u1edbi v\u00e0 trang b\u1ecb t\u1ed1t h\u01a1n c\u00f9ng k\u00edch th\u01b0\u1edbc l\u00ean \u0111\u1ebfn 6.7 inch, l\u1edbn h\u01a1n so v\u1edbi\u00a0\u0111i\u1ec7n tho\u1ea1i iPhone 12. V\u1edbi c\u00f4ng ngh\u1ec7 m\u00e0n h\u00ecnh OLED cho kh\u1ea3 n\u0103ng hi\u1ec3n th\u1ecb h\u00ecnh \u1ea3nh l\u00ean \u0111\u1ebfn 2778 x 1284\u00a0pixels. B\u00ean c\u1ea1nh \u0111\u00f3, m\u00e0n h\u00ecnh n\u00e0y c\u00f2n cho \u0111\u1ed9 s\u00e1ng t\u1ed1i \u0111a cao nh\u1ea5t l\u00ean \u0111\u1ebfn 800 nits, lu\u00f4n \u0111\u1ea3m b\u1ea3o cho b\u1ea1n m\u1ed9t \u0111\u1ed9 s\u00e1ng cao v\u00e0 d\u1ec5 nh\u00ecn nh\u1ea5t ngo\u00e0i n\u1eafng.<\/p>\n<p><img decoding=\"async\" class=\"cpslazy loaded\" src=\"https:\/\/cdn.cellphones.com.vn\/media\/wysiwyg\/mobile\/apple\/iphone-12-pro-max-1.jpg\" alt=\"M\u00e0n h\u00ecnh 6.7 inches Super Retina XDR\" data-src=\"https:\/\/cdn.cellphones.com.vn\/media\/wysiwyg\/mobile\/apple\/iphone-12-pro-max-1.jpg\" data-ll-status=\"loaded\" \/><\/p>\n<p>M\u1ed9t \u0111i\u1ec3m \u0111\u1ed5i m\u1edbi n\u1eefa tr\u00ean m\u00e0n h\u00ecnh c\u1ee7a chi\u1ebfc\u00a0\u0111i\u1ec7n tho\u1ea1i Apple iPhone 12 n\u0103m nay l\u00e0 vi\u1ec7c ch\u00fang \u0111\u01b0\u1ee3c thi\u1ebft k\u1ebf v\u1edbi khung vi\u1ec1n vu\u00f4ng v\u1ee9c, vi\u1ec1n th\u00e9p kh\u00f4ng g\u1ec9 mang \u0111\u1ebfn v\u1ebb \u0111\u1eb9p sang tr\u1ecdng cho \u0111i\u1ec7n tho\u1ea1i. M\u00e1y c\u0169ng \u0111\u01b0\u1ee3c trang b\u1ecb nhi\u1ec1u phi\u00ean b\u1ea3n m\u00e0u s\u1eafc \u0111\u1eb7c bi\u1ec7t cho ng\u01b0\u1eddi d\u00f9ng l\u1ef1a ch\u1ecdn.<\/p>\n<h3>RAM 6GB \u0111a nhi\u1ec7m tho\u1ea3i m\u00e1i, b\u1ed9 nh\u1edb trong dung l\u01b0\u1ee3ng l\u1edbn<\/h3>\n<p>V\u1ec1 trang b\u1ecb ph\u1ea7n c\u1ee9ng b\u00ean trong th\u00ec iPhone 12 Pro Max c\u00f3 m\u1ed9t thanh RAM l\u00ean \u0111\u1ebfn 6GB. \u0110i\u1ec1u n\u00e0y cho th\u1ea5y r\u1eb1ng Apple ng\u00e0y \u0111ang l\u1eafng nghe ng\u01b0\u1eddi d\u00f9ng nhi\u1ec1u h\u01a1n khi trang b\u1ecb m\u1ed9t dung l\u01b0\u1ee3ng RAM l\u1edbn h\u01a1n \u0111\u1ec3 vi\u1ec7c \u0111a nhi\u1ec7m ng\u00e0y c\u00e0ng \u0111\u01b0\u1ee3c c\u1ea3i thi\u1ec7n h\u01a1n. Vi\u1ec7c thanh ram l\u1edbn gi\u00fap cho b\u1ea1n tr\u1ea3i nghi\u1ec7m c\u00e1c t\u1ef1a game v\u00e0 \u0111a nhi\u1ec7m m\u01b0\u1ee3t m\u00e0 h\u01a1n.<\/p>\n<p><img decoding=\"async\" class=\"cpslazy loaded\" src=\"https:\/\/cdn.cellphones.com.vn\/media\/wysiwyg\/mobile\/apple\/iphone-12-pro-max-2.jpg\" alt=\"RAM 6GB \u0111a nhi\u1ec7m tho\u1ea3i m\u00e1i, b\u1ed9 nh\u1edb trong dung l\u01b0\u1ee3ng l\u1edbn\" data-src=\"https:\/\/cdn.cellphones.com.vn\/media\/wysiwyg\/mobile\/apple\/iphone-12-pro-max-2.jpg\" data-ll-status=\"loaded\" \/><\/p>\n<p>N\u0103m nay, 12 Pro Max c\u0169ng s\u1ebd c\u00f3 ba phi\u00ean b\u1ea3n b\u1ed9 nh\u1edb trong kh\u00e1c nhau, v\u1edbi b\u1ed9 nh\u1edb trong nh\u1ecf nh\u1ea5t b\u1eaft \u0111\u1ea7u t\u1eeb 128GB, 256GB v\u00e0 cao nh\u1ea5t s\u1ebd l\u00e0 512GB. M\u1ed9t chi\u1ebfc \u0111i\u1ec7n tho\u1ea1i m\u00e0 c\u00f3 m\u1ed9t b\u1ed9 nh\u1edb trong l\u1edbn ngang ng\u1eeda m\u1ed9t chi\u1ebfc laptop l\u00e0 \u0111i\u1ec1u m\u00e0 Apple mu\u1ed1n mang l\u1ea1i cho ng\u01b0\u1eddi d\u00f9ng \u0111\u1ec3 c\u00f3 th\u1ec3 san s\u1ebb b\u1edbt b\u1ed9 nh\u1edb cho c\u00e1c thi\u1ebft b\u1ecb kh\u00e1c.<\/p>\n<h3>Con chip Apple A14 SoC 5nm, RAM 6GB m\u1ea1nh m\u1ebd<\/h3>\n<p>iPhone 12 Pro Max kh\u00f4ng nh\u1eefng ch\u1ec9 c\u00f3 c\u00e1c c\u1ea3i ti\u1ebfn tr\u00ean, m\u00e0 ch\u00fang c\u00f2n c\u00f3 m\u1ed9t th\u1ee9 c\u1ea3i ti\u1ebfn \u0111\u01b0\u1ee3c coi l\u00e0 ngu\u1ed3n l\u00f5i v\u00e0 l\u00e0 tr\u00e1i tim \u0111\u1ec3 v\u1eadn h\u00e0nh chi\u1ebfc \u0111i\u1ec7n tho\u1ea1i si\u00eau ph\u1ea9m 2020, \u0111\u00f3 l\u00e0 con chip Apple A14 SoC 5nm. Trang b\u1ecb n\u00e0y gi\u00fap cho \u0111i\u1ec7n tho\u1ea1i c\u00f3 m\u1ed9t s\u1ee9c m\u1ea1nh \u0111\u00e1ng g\u1eddm h\u01a1n c\u00e1c \u0111\u1ed1i th\u1ee7 h\u01a1n v\u1ec1 hi\u1ec7u n\u0103ng, hi\u1ec7u su\u1ea5t s\u1eed d\u1ee5ng pin.<\/p>\n<p><img decoding=\"async\" class=\"cpslazy loaded\" src=\"https:\/\/cdn.cellphones.com.vn\/media\/wysiwyg\/mobile\/apple\/iphone-12-pro-max-1_1.jpg\" alt=\"Con chip Apple A14 SoC 5nm c\u00f9ng kh\u1ea3 n\u0103ng k\u1ebft n\u1ed1i 5G hi\u1ec7n \u0111\u1ea1i\" data-src=\"https:\/\/cdn.cellphones.com.vn\/media\/wysiwyg\/mobile\/apple\/iphone-12-pro-max-1_1.jpg\" data-ll-status=\"loaded\" \/><\/p>\n<p>M\u00e1y c\u0169ng \u0111\u01b0\u1ee3c trang b\u1ecb chu\u1ea9n k\u1ebft n\u1ed1i wifi v\u00e0 m\u1ea1ng di \u0111\u1ed9ng gi\u00fap cho b\u1ea1n c\u00f3 th\u1ec3 c\u1ea3i thi\u1ec7n hi\u1ec7u su\u1ea5t s\u1eed d\u1ee5ng m\u1ea1ng v\u00e0 ch\u00fang c\u00f2n gi\u00fap c\u00e1c \u0111\u01b0\u1eddng truy\u1ec1n t\u00edn hi\u1ec7u lu\u00f4n \u0111\u01b0\u1ee3c \u0111\u1ea3m b\u1ea3o kh\u00f4ng r\u1edbt k\u1ebft n\u1ed1i v\u00e0 t\u0103ng ch\u1ea5t l\u01b0\u1ee3ng hi\u1ec3n th\u1ecb h\u00ecnh \u1ea3nh tr\u00ean m\u1ea1ng.<\/p>\n<h3>C\u1ee5m 3 camera sau v\u1edbi \u0111\u1ed9 ph\u00e2n gi\u1ea3i 12MP<\/h3>\n<p>C\u00f3 th\u1ec3 n\u00f3i camera c\u0169ng l\u00e0 m\u1ed9t b\u01b0\u1edbc ti\u1ebfn m\u1edbi tr\u00ean<strong>\u00a0iPhone 12 Pro Max<\/strong>\u00a0khi ch\u00fang c\u00f3 m\u1ed9t b\u1ed9 3 camera v\u1edbi chung m\u1ed9t \u0111\u1ed9 ph\u00e2n gi\u1ea3i l\u00e0 12MP. Tuy nhi\u00ean ch\u00fang c\u00f3 kh\u1ea9u \u0111\u1ed9 l\u1edbn v\u00e0 m\u1eadt \u0111\u1ed9 \u0111i\u1ec3m \u1ea3nh tr\u00ean m\u1ed9t panel c\u0169ng l\u1edbn h\u01a1n, do \u0111\u00f3 ch\u00fang cho h\u00ecnh \u1ea3nh chi ti\u1ebft h\u01a1n, b\u1eaft s\u00e1ng t\u1ed1t h\u01a1n. Ngo\u00e0i ra, k\u1ebft h\u1ee3p ch\u1ed1ng rung quang h\u1ecdc OIS th\u00ec m\u00e1y c\u00f2n c\u00f3 th\u1ec3 quay phim 4K t\u1ed1t.<\/p>\n<p><img decoding=\"async\" class=\"cpslazy loaded\" src=\"https:\/\/cdn.cellphones.com.vn\/media\/wysiwyg\/mobile\/apple\/iphone-12-pro-max-4.jpg\" alt=\"C\u1ee5m 3 camera sau v\u1edbi \u0111\u1ed9 ph\u00e2n gi\u1ea3i 12MP \" data-src=\"https:\/\/cdn.cellphones.com.vn\/media\/wysiwyg\/mobile\/apple\/iphone-12-pro-max-4.jpg\" data-ll-status=\"loaded\" \/><\/p>\n<p>Camera tr\u00ean iPhone 12 Pro Max c\u00f3 ch\u1ee9c n\u0103ng qu\u00e9t chi\u1ec1u s\u00e2u v\u00e0 \u0111\u1ea3m b\u1ea3o h\u00ecnh \u1ea3nh c\u00f3 m\u1ed9t \u0111\u1ed9 s\u00e2u nh\u1ea5t \u0111\u1ecbnh. C\u00f9ng v\u1edbi \u0111\u00f3 ch\u1ee9c n\u0103ng ch\u00ednh c\u1ee7a chi\u1ebfc \u1ed1ng k\u00ednh n\u00e0y l\u00e0 kh\u1ea3 n\u0103ng th\u1ec3 hi\u1ec7n h\u00ecnh \u1ea3nh 3D khi qu\u00e9t ch\u00fang v\u00e0o m\u1ed9t c\u0103n ph\u00f2ng nh\u1ea5t \u0111\u1ecbnh. Gi\u00fap ph\u1ee5c v\u1ee5 cho c\u00f4ng vi\u1ec7c x\u00e2y d\u1ef1ng c\u0169ng nh\u01b0 \u0111\u1ecbnh d\u1ea1ng h\u00ecnh \u1ea3nh tr\u01b0\u1edbc khi x\u00e2y.<\/p>\n<h3>Camera tr\u01b0\u1edbc 12MP h\u1ed7 tr\u1ee3 m\u1edf FaceiD c\u00f9ng c\u00f4ng ngh\u1ec7 ch\u1ed1ng n\u01b0\u1edbc IP68<\/h3>\n<p>Camera tr\u01b0\u1edbc 12MP c\u0169ng c\u00f3 c\u00f9ng kh\u1ea9u \u0111\u1ed9 v\u00e0 k\u00edch th\u01b0\u1edbc \u0111i\u1ec3m \u1ea3nh trong panel gi\u1ed1ng nh\u01b0 camera. \u0110i\u1ec1u n\u00e0y gi\u00fap cho vi\u1ec7c s\u1eed d\u1ee5ng ch\u00fang cho ch\u1ee5p \u1ea3nh selfie t\u1ed1t h\u01a1n v\u00e0 ch\u00e2n th\u1ef1c h\u01a1n. C\u00f9ng v\u1edbi \u0111\u00f3 m\u1ed9t t\u00ednh n\u0103ng m\u00e0 Apple lu\u00f4n gi\u1eef ch\u00fang t\u1eeb \u0111\u1eddi iPhone X \u0111\u1ebfn gi\u1edd l\u00e0 kh\u1ea3 n\u0103ng qu\u00e9t khu\u00f4n m\u1eb7t 3D FaceiD.<\/p>\n<p><img decoding=\"async\" class=\"cpslazy loaded\" src=\"https:\/\/cdn.cellphones.com.vn\/media\/wysiwyg\/mobile\/apple\/iphone-12-pro-max-6.jpg\" alt=\"Camera tr\u01b0\u1edbc 12MP h\u1ed7 tr\u1ee3 m\u1edf FaceiD c\u00f9ng c\u00f4ng ngh\u1ec7 ch\u1ed1ng n\u01b0\u1edbc IP68\" data-src=\"https:\/\/cdn.cellphones.com.vn\/media\/wysiwyg\/mobile\/apple\/iphone-12-pro-max-6.jpg\" data-ll-status=\"loaded\" \/><\/p>\n<p>C\u00f4ng ngh\u1ec7 ch\u1ed1ng n\u01b0\u1edbc l\u00e0 kh\u00f4ng th\u1ec3 thi\u1ebfu tr\u00ean c\u00e1c d\u00f2ng \u0111i\u1ec7n tho\u1ea1i cao c\u1ea5p v\u00e0 \u0111\u1eb7c bi\u1ec7t l\u00e0 \u0111\u1ed1i v\u1edbi iPhone 12 Pro Max. Ch\u00fang \u0111\u01b0\u1ee3c trang b\u1ecb c\u00f4ng ngh\u1ec7 ch\u1ed1ng n\u01b0\u1edbc v\u00e0 ch\u1ed1ng b\u1ee5i t\u1ed1t nh\u1ea5t hi\u1ec7n nay tr\u00ean c\u00e1c d\u00f2ng smartphone \u0111\u00f3 l\u00e0 ti\u00eau chu\u1ea9n IP68. Gi\u00fap b\u1ea1n lu\u00f4n c\u00f3 th\u1ec3 y\u00ean t\u00e2m h\u01a1n trong vi\u1ec7c s\u1eed d\u1ee5ng quay phim d\u01b0\u1edbi n\u01b0\u1edbc hay \u1edf m\u00f4i tr\u01b0\u1eddng kh\u1eafc nghi\u1ec7t.<\/p>\n<h3>Vi\u00ean pin li\u1ec1n cho th\u1eddi l\u01b0\u1ee3ng s\u1eed d\u1ee5ng l\u00ean \u0111\u1ebfn c\u1ea3 ng\u00e0y c\u00f9ng c\u00f4ng ngh\u1ec7 s\u1ea1c nhanh<\/h3>\n<p>M\u1ed9t vi\u00ean pin li\u1ec1n v\u1edbi dung l\u01b0\u1ee3ng l\u1edbn tr\u00ean iPhone 12 Pro Max gi\u00fap cho chi\u1ebfc \u0111i\u1ec7n tho\u1ea1i b\u1ea1n c\u00f3 th\u1ec3 ho\u1ea1t \u0111\u1ed9ng \u0111\u01b0\u1ee3c m\u1ed9t c\u00e1ch \u1ed5n tho\u1ea3 h\u01a1n v\u00e0 th\u1eddi gian s\u1eed d\u1ee5ng \u0111\u01b0\u1ee3c l\u00e2u d\u00e0i h\u01a1n. C\u1ee5 th\u1ec3, m\u00e1y cho th\u1eddi gian nghe nh\u1ea1c l\u00ean t\u1edbi 80 gi\u1edd ho\u1eb7c 12 gi\u1edd xem video tr\u1ef1c truy\u1ebfn.<\/p>\n<p><img decoding=\"async\" class=\"cpslazy loaded\" src=\"https:\/\/cdn.cellphones.com.vn\/media\/wysiwyg\/mobile\/apple\/iphone-12-pro-max-5.jpg\" alt=\"Vi\u00ean pin li\u1ec1n cho th\u1eddi l\u01b0\u1ee3ng s\u1eed d\u1ee5ng l\u00ean \u0111\u1ebfn c\u1ea3 ng\u00e0y c\u00f9ng c\u00f4ng ngh\u1ec7 s\u1ea1c nhanh \" data-src=\"https:\/\/cdn.cellphones.com.vn\/media\/wysiwyg\/mobile\/apple\/iphone-12-pro-max-5.jpg\" data-ll-status=\"loaded\" \/><\/p>\n<p>C\u00f4ng ngh\u1ec7 s\u1ea1c l\u00e0 tr\u00ean 12 Pro Max l\u00e0 c\u00f4ng ngh\u1ec7 s\u1ea1c nhanh kh\u00f4ng d\u00e2y l\u00ean \u0111\u1ebfn 15W. \u0110i\u1ec1u n\u00e0y c\u00f3 th\u1ec3 gi\u00fap b\u1ea1n h\u1ea1n ch\u1ebf \u0111\u01b0\u1ee3c c\u00e1c vi\u1ec7c ph\u1ea3i ng\u1ed3i \u0111\u1ee3i chi\u1ebfc\u00a0\u0111i\u1ec7n tho\u1ea1i c\u1ee7a m\u00ecnh s\u1ea1c xong khi m\u00e1y c\u00f3 th\u1ec3 b\u1ed5 sung 50% dung l\u01b0\u1ee3ng ch\u1ec9 trong v\u00f2ng 30 ph\u00fat.<\/p>\n","protected":false},"excerpt":{"rendered":"<p>\u0110i\u1ec7n tho\u1ea1i iPhone 12 Pro Max: N\u00e2ng t\u1ea7m \u0111\u1eb3ng c\u1ea5p s\u1eed d\u1ee5ng C\u1ee9 m\u1ed7i n\u0103m, \u0111\u1ebfn d\u1ea1o cu\u1ed1i th\u00e1ng 8 v\u00e0 g\u1ea7n \u0111\u1ea7u th\u00e1ng 9 th\u00ec m\u1ecdi th\u00f4ng tin s\u00f4i s\u1ee5c m\u1edbi v\u1ec1 chi\u1ebfc iPhone m\u1edbi l\u1ea1i xu\u1ea5t hi\u1ec7n. Apple n\u0103m nay l\u1ea1i ra th\u00eam m\u1ed9t chi\u1ebfc iPhone m\u1edbi v\u1edbi t\u00ean g\u1ecdi m\u1edbi l\u00e0\u00a0iPhone 12&#8230;<\/p>\n","protected":false},"featured_media":1532,"comment_status":"open","ping_status":"closed","template":"","meta":[],"product_cat":[29],"product_tag":[],"class_list":{"0":"post-1529","1":"product","2":"type-product","3":"status-publish","4":"has-post-thumbnail","6":"product_cat-iphone-12-series","8":"first","9":"instock","10":"sale","11":"shipping-taxable","12":"purchasable","13":"product-type-variable","14":"has-default-attributes"},"_links":{"self":[{"href":"https:\/\/pluginviet.com\/mau7\/wp-json\/wp\/v2\/product\/1529","targetHints":{"allow":["GET"]}}],"collection":[{"href":"https:\/\/pluginviet.com\/mau7\/wp-json\/wp\/v2\/product"}],"about":[{"href":"https:\/\/pluginviet.com\/mau7\/wp-json\/wp\/v2\/types\/product"}],"replies":[{"embeddable":true,"href":"https:\/\/pluginviet.com\/mau7\/wp-json\/wp\/v2\/comments?post=1529"}],"wp:featuredmedia":[{"embeddable":true,"href":"https:\/\/pluginviet.com\/mau7\/wp-json\/wp\/v2\/media\/1532"}],"wp:attachment":[{"href":"https:\/\/pluginviet.com\/mau7\/wp-json\/wp\/v2\/media?parent=1529"}],"wp:term":[{"taxonomy":"product_cat","embeddable":true,"href":"https:\/\/pluginviet.com\/mau7\/wp-json\/wp\/v2\/product_cat?post=1529"},{"taxonomy":"product_tag","embeddable":true,"href":"https:\/\/pluginviet.com\/mau7\/wp-json\/wp\/v2\/product_tag?post=1529"}],"curies":[{"name":"wp","href":"https:\/\/api.w.org\/{rel}","templated":true}]}}