{"id":1519,"date":"2021-08-16T04:45:36","date_gmt":"2021-08-15T21:45:36","guid":{"rendered":"http:\/\/localhost\/xtmobile\/?post_type=product&#038;p=1519"},"modified":"2021-09-29T12:34:57","modified_gmt":"2021-09-29T05:34:57","slug":"samsung-galaxy-a12","status":"publish","type":"product","link":"https:\/\/pluginviet.com\/mau7\/san-pham\/samsung-galaxy-a12\/","title":{"rendered":"Samsung Galaxy A12"},"content":{"rendered":"<h2>\u0110i\u1ec7n tho\u1ea1i Samsung Galaxy A12 \u2013 Smartphone gi\u00e1 r\u1ebb c\u1ea5u h\u00ecnh t\u1ed1t v\u00e0 pin tr\u00e2u<\/h2>\n<p><strong>Samsung A12<\/strong>\u00a0l\u00e0 m\u1ed9t chi\u1ebfc smartphone gi\u00e1 r\u1ebb nh\u01b0ng s\u1edf h\u1eefu c\u1ea5u h\u00ecnh \u1ed5n \u0111\u1ecbnh c\u00f9ng v\u1edbi vi\u00ean pin 5000mAh cho th\u1eddi l\u01b0\u1ee3ng su\u1ed1t ng\u00e0y d\u00e0i. B\u00ean c\u1ea1nh \u0111\u00f3 \u0111i\u1ec7n tho\u1ea1i c\u0169ng s\u1edf h\u1eefu thi\u1ebft k\u1ebf th\u1eddi trang v\u00e0 ph\u00f9 h\u1ee3p v\u1edbi xu h\u01b0\u1edbng.<\/p>\n<h3>Thi\u1ebft k\u1ebf \u0111\u01a1n gi\u1ea3n, 4 phi\u00ean b\u1ea3n m\u00e0u, v\u00e2n tay c\u1ea1nh b\u00ean<\/h3>\n<p>Galaxy A12 c\u00f3 thi\u1ebft k\u1ebf \u0111\u01a1n gi\u1ea3n v\u1edbi b\u1ed1n g\u00f3c c\u1ea1nh \u0111\u01b0\u1ee3c bo tr\u00f2n m\u1ec1m m\u1ea1i c\u00f9ng v\u1edbi hai c\u1ea1nh b\u00ean \u0111\u01b0\u1ee3c v\u00e1t cong nh\u1eb9 nh\u00e0ng t\u1ea1o c\u1ea3m gi\u00e1c c\u1ea7m tho\u1ea3i m\u00e1i cho ng\u01b0\u1eddi d\u00f9ng.<\/p>\n<p>B\u00ean c\u1ea1nh \u0111\u00f3 smartphone c\u00f2n \u0111\u01b0\u1ee3c cho ra m\u1eaft v\u1edbi nhi\u1ec1u phi\u00ean b\u1ea3n m\u00e0u \u0110en, Tr\u1eafng, Xanh th\u1eddi trang \u0111\u1ec3 b\u1ea1n c\u00f3 th\u1ec3 l\u1ef1a ch\u1ecdn m\u00e0u s\u1eafc y\u00eau th\u00edch.<\/p>\n<p><img decoding=\"async\" class=\"cpslazy loaded\" src=\"https:\/\/cdn.cellphones.com.vn\/media\/wysiwyg\/mobile\/samsung\/samsung-galaxy-a12-1_1.jpg\" alt=\"Thi\u1ebft k\u1ebf \u0111\u01a1n gi\u1ea3n, 4 phi\u00ean b\u1ea3n m\u00e0u v\u00e0 c\u1ea3m bi\u1ebfn v\u00e2n tay t\u00edch h\u1ee3p \u1edf m\u1eb7t l\u01b0ng\" data-src=\"https:\/\/cdn.cellphones.com.vn\/media\/wysiwyg\/mobile\/samsung\/samsung-galaxy-a12-1_1.jpg\" data-ll-status=\"loaded\" \/><\/p>\n<p>Samsung A12 m\u1eb7c d\u00f9 c\u00f3 thi\u1ebft k\u1ebf nguy\u00ean kh\u1ed1i v\u00e0 ch\u1ec9 s\u1eed d\u1ee5ng ch\u1ea5t li\u1ec7u nh\u1ef1a nh\u01b0ng l\u1ea1i \u0111\u01b0\u1ee3c ho\u00e0n thi\u1ec7n v\u00f4 c\u00f9ng t\u1ec9 m\u1ec9 v\u00e0 ch\u00ednh x\u00e1c n\u00ean v\u1eabn mang \u0111\u1ebfn c\u1ea3m gi\u00e1c cao c\u1ea5p khi ch\u1ea1m.\u00a0M\u00e1y \u0111\u01b0\u1ee3c h\u1ed7 tr\u1ee3 v\u00e2n tay c\u1ea1nh b\u00ean gi\u00fap ng\u01b0\u1eddi d\u00f9ng m\u1edf kh\u00f3a \u0111i\u1ec7n tho\u1ea1i nhanh ch\u00f3ng.<\/p>\n<h3>M\u00e0n h\u00ecnh gi\u1ecdt n\u01b0\u1edbc\u00a0 6.5 inch v\u00e0 t\u1ea5m n\u1ec1n TFT LCD t\u00e1i t\u1ea1o m\u00e0u t\u1ed1t<\/h3>\n<p>M\u1eb7c d\u00f9 l\u00e0 smartphone gi\u00e1 r\u1ebb nh\u01b0ng Galaxy A12 v\u1eabn s\u1edf h\u1eefu thi\u1ebft k\u1ebf m\u00e0n h\u00ecnh b\u1eaft k\u1ecbp v\u1edbi xu h\u01b0\u1edbng v\u1edbi m\u00e0n h\u00ecnh gi\u1ecdt n\u01b0\u1edbc v\u00e0 \u0111\u01b0\u1ee3c bo tr\u00f2n theo ki\u1ec3u d\u00e1ng c\u1ee7a smartphone. M\u00e0n h\u00ecnh 6.5 inch tr\u00e0n vi\u1ec1n cho ng\u01b0\u1eddi d\u00f9ng g\u00f3c nh\u00ecn r\u1ed9ng, tho\u1ea3i m\u00e1i t\u1eadn h\u01b0\u1edfng kh\u00f4ng gian hi\u1ec3n th\u1ecb.<\/p>\n<p><img decoding=\"async\" class=\"cpslazy loaded\" src=\"https:\/\/cdn.cellphones.com.vn\/media\/wysiwyg\/mobile\/samsung\/samsung-galaxy-a12-2_1.jpg\" alt=\"M\u00e0n h\u00ecnh \u0111\u1ee5c l\u1ed7 6.4 inch v\u00e0 t\u1ea5m n\u1ec1n TFT LCD t\u00e1i t\u1ea1o m\u00e0u t\u1ed1t\" data-src=\"https:\/\/cdn.cellphones.com.vn\/media\/wysiwyg\/mobile\/samsung\/samsung-galaxy-a12-2_1.jpg\" data-ll-status=\"loaded\" \/><\/p>\n<p>S\u1eed d\u1ee5ng t\u1ea5m n\u1ec1n TFT LCD thay v\u00ec c\u00e1c lo\u1ea1i m\u00e0n h\u00ecnh LCD th\u00f4ng th\u01b0\u1eddng mang \u0111\u1ebfn kh\u1ea3 n\u0103ng t\u00e1i t\u1ea1o m\u00e0u t\u1ed1t h\u01a1n, cho h\u00ecnh \u1ea3nh hi\u1ec3n th\u1ecb c\u00f3 m\u00e0u s\u1eafc ch\u00e2n th\u1ef1c v\u00e0 s\u1ed1ng \u0111\u1ed9ng.<\/p>\n<p>Smartphone c\u00f2n c\u00f3 \u0111\u1ed9 ph\u00e2n gi\u1ea3i HD+ m\u1eb7c d\u00f9 ch\u01b0a th\u1ef1c s\u1ef1 qu\u00e1 xu\u1ea5t s\u1eafc nh\u01b0ng tr\u00ean m\u1ed9t thi\u1ebft b\u1ecb gi\u00e1 r\u1ebb th\u00ec m\u00e0n h\u00ecnh A12 \u0111\u00e3 \u0111\u1ea1t ch\u1ea5t l\u01b0\u1ee3ng r\u1ea5t t\u1ed1t.<\/p>\n<h3>H\u1ec7 th\u1ed1ng 4 camera sau v\u1edbi \u1ed1ng k\u00ednh g\u00f3c si\u00eau r\u1ed9ng v\u00e0 camera tr\u01b0\u1edbc 8MP<\/h3>\n<p>Samsung Galaxy A12 c\u0169ng mang \u0111\u1ebfn cho ng\u01b0\u1eddi d\u00f9ng kh\u1ea3 n\u0103ng ch\u1ee5p \u1ea3nh \u1ea5n t\u01b0\u1ee3ng khi trang b\u1ecb 4 camera sau v\u1edbi camera ch\u00ednh 48MP g\u00f3c r\u1ed9ng, camera g\u00f3c si\u00eau r\u1ed9ng 5MP v\u00e0 camera x\u00f3a ph\u00f4ng 2MP c\u00f9ng camera c\u1eadn c\u1ea3nh 2MP.<\/p>\n<p>M\u00e1y h\u1ed7 tr\u1ee3 \u0111\u1ea7y \u0111\u1ee7 c\u00e1c t\u00ednh n\u0103ng ch\u1ee5p \u1ea3nh th\u00f4ng minh nh\u01b0 l\u1ea5y n\u00e9t t\u1ef1 \u0111\u1ed9ng, ch\u1ed1ng rung,\u2026\u0111\u1ed3ng th\u1eddi h\u1ed7 tr\u1ee3 quay phim v\u1edbi ch\u1ea5t l\u01b0\u1ee3ng 1080p s\u1eafc n\u00e9t \u0111\u1ec3 b\u1ea1n c\u00f3 th\u1ec3 quay l\u1ea1i m\u1ecdi kho\u1ea3nh kh\u1eafc \u0111\u00e1ng nh\u1edb, ch\u1ee5p l\u1ea1i c\u00e1c t\u00e0i li\u1ec7u quan tr\u1ecdng m\u1ed9t c\u00e1ch nhanh ch\u00f3ng.<\/p>\n<p><img decoding=\"async\" class=\"cpslazy loaded\" src=\"https:\/\/cdn.cellphones.com.vn\/media\/wysiwyg\/mobile\/samsung\/samsung-galaxy-a12-3_1.jpg\" alt=\"H\u1ec7 th\u1ed1ng 3 camera sau v\u1edbi \u1ed1ng k\u00ednh g\u00f3c si\u00eau r\u1ed9ng v\u00e0 camera tr\u01b0\u1edbc 8MP\" data-src=\"https:\/\/cdn.cellphones.com.vn\/media\/wysiwyg\/mobile\/samsung\/samsung-galaxy-a12-3_1.jpg\" data-ll-status=\"loaded\" \/><\/p>\n<p>Ngo\u00e0i ra, Samsung A12 c\u00f2n s\u1edf h\u1eefu camera tr\u01b0\u1edbc 8MP f\/2.0 gi\u00fap b\u1ea1n th\u1ef1c hi\u1ec7n video call ch\u1ea5t l\u01b0\u1ee3ng cao, ch\u1ee5p selfie s\u1eafc n\u00e9t v\u00e0 xinh \u0111\u1eb9p.<\/p>\n<h3>Chipset Helio G35 v\u00e0 RAM 4GB cho s\u1ee9c m\u1ea1nh \u1ea5n t\u01b0\u1ee3ng<\/h3>\n<p>S\u1ee9c m\u1ea1nh c\u1ee7a\u00a0<strong>Galaxy A12<\/strong>\u00a0kh\u00f4ng h\u1ec1 thua k\u00e9m b\u1ea5t k\u1ef3 d\u00f2ng smartphone t\u1ea7m trung n\u00e0o hi\u1ec7n nay nh\u1edd chipset Helio G35 v\u00e0 RAM 4GB cho t\u1ed1c \u0111\u1ed9 x\u1eed l\u00fd nhanh ch\u00f3ng m\u1ecdi thao t\u00e1c t\u00e1c v\u1ee5, ch\u1ea1y \u0111a nhi\u1ec7m m\u01b0\u1ee3t m\u00e0, d\u1ec5 d\u00e0ng chuy\u1ec3n \u0111\u1ed5i qua l\u1ea1i gi\u1eefa c\u00e1c \u0111a nhi\u1ec7m, ch\u01a1i game t\u1ed1t.<\/p>\n<p><img decoding=\"async\" class=\"cpslazy loaded\" src=\"https:\/\/cdn.cellphones.com.vn\/media\/wysiwyg\/mobile\/samsung\/samsung-galaxy-a12-4_1.jpg\" alt=\"Chipset Snapdragon 450 v\u00e0 RAM 3GB cho s\u1ee9c m\u1ea1nh \u1ea5n t\u01b0\u1ee3ng\" data-src=\"https:\/\/cdn.cellphones.com.vn\/media\/wysiwyg\/mobile\/samsung\/samsung-galaxy-a12-4_1.jpg\" data-ll-status=\"loaded\" \/><\/p>\n<h3>Pin dung l\u01b0\u1ee3ng 5000mAh, h\u1ed7 tr\u1ee3 s\u1ea1c nhanh 15W<\/h3>\n<p>Galaxy A12 \u0111\u00e1p \u1ee9ng cho ng\u01b0\u1eddi d\u00f9ng th\u1eddi gian s\u1eed d\u1ee5ng l\u00e2u d\u00e0i nh\u1edd \u0111\u01b0\u1ee3c trang b\u1ecb vi\u00ean pin dung l\u01b0\u1ee3ng 5000mAh b\u1ec1n b\u1ec9. B\u1ea1n c\u00f3 th\u1ec3 tho\u1ea3i m\u00e1i s\u1eed d\u1ee5ng smartphone m\u00e0 kh\u00f4ng lo h\u1ebft pin li\u00ean t\u1ee5c su\u1ed1t ng\u00e0y v\u1edbi th\u1eddi l\u01b0\u1ee3ng b\u1ec1n b\u1ec9.<\/p>\n<p><img decoding=\"async\" class=\"cpslazy loaded\" src=\"https:\/\/cdn.cellphones.com.vn\/media\/wysiwyg\/mobile\/samsung\/samsung-galaxy-a12-5_1.jpg\" alt=\"Pin dung l\u01b0\u1ee3ng 4000mAh cho th\u1eddi l\u01b0\u1ee3ng b\u1ec1n b\u1ec9\" data-src=\"https:\/\/cdn.cellphones.com.vn\/media\/wysiwyg\/mobile\/samsung\/samsung-galaxy-a12-5_1.jpg\" data-ll-status=\"loaded\" \/><\/p>\n","protected":false},"excerpt":{"rendered":"<p>\u0110i\u1ec7n tho\u1ea1i Samsung Galaxy A12 \u2013 Smartphone gi\u00e1 r\u1ebb c\u1ea5u h\u00ecnh t\u1ed1t v\u00e0 pin tr\u00e2u Samsung A12\u00a0l\u00e0 m\u1ed9t chi\u1ebfc smartphone gi\u00e1 r\u1ebb nh\u01b0ng s\u1edf h\u1eefu c\u1ea5u h\u00ecnh \u1ed5n \u0111\u1ecbnh c\u00f9ng v\u1edbi vi\u00ean pin 5000mAh cho th\u1eddi l\u01b0\u1ee3ng su\u1ed1t ng\u00e0y d\u00e0i. B\u00ean c\u1ea1nh \u0111\u00f3 \u0111i\u1ec7n tho\u1ea1i c\u0169ng s\u1edf h\u1eefu thi\u1ebft k\u1ebf th\u1eddi trang v\u00e0 ph\u00f9 h\u1ee3p&#8230;<\/p>\n","protected":false},"featured_media":1524,"comment_status":"open","ping_status":"closed","template":"","meta":[],"product_cat":[17],"product_tag":[],"class_list":{"0":"post-1519","1":"product","2":"type-product","3":"status-publish","4":"has-post-thumbnail","6":"product_cat-samsung","8":"first","9":"instock","10":"shipping-taxable","11":"purchasable","12":"product-type-variable","13":"has-default-attributes"},"_links":{"self":[{"href":"https:\/\/pluginviet.com\/mau7\/wp-json\/wp\/v2\/product\/1519","targetHints":{"allow":["GET"]}}],"collection":[{"href":"https:\/\/pluginviet.com\/mau7\/wp-json\/wp\/v2\/product"}],"about":[{"href":"https:\/\/pluginviet.com\/mau7\/wp-json\/wp\/v2\/types\/product"}],"replies":[{"embeddable":true,"href":"https:\/\/pluginviet.com\/mau7\/wp-json\/wp\/v2\/comments?post=1519"}],"wp:featuredmedia":[{"embeddable":true,"href":"https:\/\/pluginviet.com\/mau7\/wp-json\/wp\/v2\/media\/1524"}],"wp:attachment":[{"href":"https:\/\/pluginviet.com\/mau7\/wp-json\/wp\/v2\/media?parent=1519"}],"wp:term":[{"taxonomy":"product_cat","embeddable":true,"href":"https:\/\/pluginviet.com\/mau7\/wp-json\/wp\/v2\/product_cat?post=1519"},{"taxonomy":"product_tag","embeddable":true,"href":"https:\/\/pluginviet.com\/mau7\/wp-json\/wp\/v2\/product_tag?post=1519"}],"curies":[{"name":"wp","href":"https:\/\/api.w.org\/{rel}","templated":true}]}}