{"id":1512,"date":"2021-08-16T04:29:39","date_gmt":"2021-08-15T21:29:39","guid":{"rendered":"http:\/\/localhost\/xtmobile\/?post_type=product&#038;p=1512"},"modified":"2021-09-29T12:35:14","modified_gmt":"2021-09-29T05:35:14","slug":"samsung-galaxy-note-20-ultra-5g","status":"publish","type":"product","link":"https:\/\/pluginviet.com\/mau7\/san-pham\/samsung-galaxy-note-20-ultra-5g\/","title":{"rendered":"Samsung Galaxy Note 20 Ultra 5G"},"content":{"rendered":"<h2 style=\"text-align: center;\">\u0110i\u1ec7n tho\u1ea1i Samsung Note 20 Ultra 5G &#8211; Sang tr\u1ecdng, hi\u1ec7u n\u0103ng v\u01b0\u1ee3t tr\u1ed9i<\/h2>\n<p>B\u00ean c\u1ea1nh bi\u00ean b\u1ea3n Galaxy Note 20 th\u01b0\u1eddng, Samsung c\u00f2n cho ra m\u1eaft\u00a0<strong>Note 20 Ultra 5G<\/strong>\u00a0cho kh\u1ea3 n\u0103ng k\u1ebft n\u1ed1i d\u1eef li\u1ec7u cao c\u00f9ng thi\u1ebft k\u1ebf nguy\u00ean kh\u1ed1i sang tr\u1ecdng, b\u1eaft m\u1eaft. \u0110\u00e2y s\u1ebd l\u00e0 s\u1ef1 l\u1ef1a ch\u1ecdn ho\u00e0n h\u1ea3o d\u00e0nh cho b\u1ea1n \u0111\u1ec3 s\u1eed d\u1ee5ng m\u00e0 kh\u00f4ng b\u1ecb l\u1ed7i th\u1eddi sau th\u1eddi gian d\u00e0i ra m\u1eaft.<\/p>\n<p>Ngo\u00e0i ra, b\u1ea1n c\u00f3 th\u1ec3 tham kh\u1ea3o\u00a0Galaxy Z Fold 3 5G\u00a0n\u1ebfu b\u1ea1n c\u1ea7n s\u1ef1 kh\u00e1c bi\u1ec7t v\u00e0 kh\u1eb3ng \u0111\u1ecbnh \u0111\u1eb3ng c\u1ea5p.<\/p>\n<h3>Thi\u1ebft k\u1ebf khung nh\u00f4m nguy\u00ean kh\u1ed1i, m\u1eb7t sau k\u00ednh c\u01b0\u1eddng l\u1ef1c sang tr\u1ecdng<\/h3>\n<p>L\u00e0 m\u1ed9t s\u1ea3n ph\u1ea9m c\u00f3 k\u00edch th\u01b0\u1edbc m\u00e0n h\u00ecnh l\u1edbn v\u00ec v\u1eady Samsung \u0111\u00e3 trang b\u1ecb cho Galaxy Note 20 Ultra 5G\u00a0 v\u1edbi c\u00f4ng ngh\u1ec7 k\u1ebft n\u1ed1i d\u1eef li\u1ec7u m\u1ea1nh m\u1ebd c\u00f9ng thi\u1ebft k\u1ebf nguy\u00ean kh\u1ed1i. Gi\u00fap c\u00e1c linh ki\u1ec7n b\u00ean trong \u0111i\u1ec7n tho\u1ea1i \u0111\u01b0\u1ee3c c\u1ed1 \u0111\u1ecbnh ch\u1eafc ch\u1eafn \u0111\u1ea3m b\u1ea3o m\u1ecdi th\u1ee9 b\u00ean trong lu\u00f4n \u0111\u01b0\u1ee3c an to\u00e0n. Kh\u00f4ng nh\u1eefng v\u1eady khung nh\u00f4m t\u1ea1o tr\u00ean nh\u1eefng \u0111\u01b0\u1eddng vi\u1ec1n c\u1ef1c k\u1ef3 sang tr\u1ecdng v\u00e0 b\u1eaft m\u1eaft khi nh\u00ecn v\u00e0o.<\/p>\n<p><img decoding=\"async\" class=\"cpslazy loaded\" src=\"https:\/\/cdn.cellphones.com.vn\/media\/wysiwyg\/mobile\/samsung\/Samsung-Galaxy-Note-20-Ultra-5G.jpg\" alt=\"Thi\u1ebft k\u1ebf khung nh\u00f4m nguy\u00ean kh\u1ed1i, m\u1eb7t sau k\u00ednh c\u01b0\u1eddng l\u1ef1c sang tr\u1ecdng\" data-src=\"https:\/\/cdn.cellphones.com.vn\/media\/wysiwyg\/mobile\/samsung\/Samsung-Galaxy-Note-20-Ultra-5G.jpg\" data-ll-status=\"loaded\" \/><\/p>\n<p>M\u1eb7t sau c\u1ee7a SS Galaxy Note n\u00e0y \u0111\u01b0\u1ee3c h\u00e3ng trang b\u1ecb m\u1eb7t k\u00ednh t\u1ea1o n\u00ean v\u1ebb sang tr\u1ecdng v\u00e0 cu\u1ed1n h\u00fat khi nh\u00ecn v\u00e0o chi\u1ebfc \u0111i\u1ec7n tho\u1ea1i t\u1eeb b\u00ean ngo\u00e0i. Lo\u1ea1i k\u00ednh cho c\u1ea3 m\u1eb7t tr\u01b0\u1edbc v\u00e0 m\u1eb7t sau \u0111\u1ec1u l\u00e0 k\u00ednh c\u01b0\u1eddng l\u1ef1c Gorilla Glass 6 kh\u00f4ng nh\u1eefng sang tr\u1ecdng m\u00e0 c\u00f2n mang \u0111\u1ebfn s\u1ef1 ch\u1eafc ch\u1eafn h\u1ea1n ch\u1ebf r\u01a1i v\u1ee1 v\u1ef1c t\u1ed1t.<\/p>\n<h3>M\u00e0n h\u00ecnh 6.9 inch \u0111\u1ed9 ph\u00e2n gi\u1ea3i 2K 120Hz, c\u1ea5u h\u00ecnh m\u1ea1nh m\u1ebd<\/h3>\n<p>\u0110\u1ed1i v\u1edbi b\u1ea5t k\u1ef3 chi\u1ebfc \u0111i\u1ec7n tho\u1ea1i n\u00e0o \u0111\u1ebfn t\u1eeb Samsung d\u00f2ng Note lu\u00f4n l\u00e0 nh\u1eefng chi\u1ebfc \u0111i\u1ec7n tho\u1ea1i c\u00f3 k\u00edch th\u01b0\u1edbc m\u00e0n h\u00ecnh l\u1edbn. Samsung Galaxy Note 20 Ultra 5G c\u0169ng v\u1eady n\u00f3 \u0111\u01b0\u1ee3c trang b\u1ecb m\u00e0n h\u00ecnh 6.9 inch 2 c\u1ea1nh b\u00ean cong t\u1ea1o n\u00ean v\u1ebb \u0111\u1eb9p sang tr\u1ecdng, \u0111\u1ed9 ph\u00e2n gi\u1ea3i \u0111\u1ea1t 2K 1440 x 3200 pixels cho h\u00ecnh \u1ea3nh hi\u1ec3n th\u1ecb c\u1ef1c k\u1ef3 s\u1eafc n\u00e9t. Ngo\u00e0i ra t\u1ea7n s\u1ed1 qu\u00e9t tr\u00ean m\u00e0n h\u00ecnh c\u0169ng n\u1eb1m \u1edf m\u1ee9c l\u1edbn 120Hz \u1edf \u0111\u1ed9 ph\u00e2n gi\u1ea3i FHD v\u00e0 60Hz \u1edf QHD. M\u1ecdi h\u00ecnh \u1ea3nh khi b\u1ea1n ch\u01a1i game v\u1edbi khung h\u00ecnh cao hay tr\u1ea3i nghi\u1ec7m nh\u1eefng b\u1ed9 phim h\u00e0nh \u0111\u1ed9ng c\u1ef1c k\u1ef3 m\u01b0\u1ee3t m\u00e0 v\u00e0 s\u1eafc n\u00e9t v\u1edbi c\u00f4ng ngh\u1ec7 HDR10+.<\/p>\n<p><img decoding=\"async\" class=\"cpslazy loaded\" src=\"https:\/\/cdn.cellphones.com.vn\/media\/wysiwyg\/mobile\/samsung\/Samsung-Galaxy-Note-20-Ultra-5G-1.jpg\" alt=\"M\u00e0n h\u00ecnh 6.9 inch \u0111\u1ed9 ph\u00e2n gi\u1ea3i 2K 120Hz, c\u1ea5u h\u00ecnh m\u1ea1nh m\u1ebd\" data-src=\"https:\/\/cdn.cellphones.com.vn\/media\/wysiwyg\/mobile\/samsung\/Samsung-Galaxy-Note-20-Ultra-5G-1.jpg\" data-ll-status=\"loaded\" \/><\/p>\n<p><strong>Samsung Note 20 Ultra 5G<\/strong>\u00a0s\u1edf h\u1eefu b\u00ean trong m\u1ed9t c\u1ea5u h\u00ecnh c\u1ef1c k\u1ef3 m\u1ea1nh m\u1ebd c\u00e2n d\u01b0 s\u1ee9c c\u00e1c t\u1ef1a game n\u1eb7ng nh\u1ea5t hi\u1ec7n nay. M\u00e1y s\u1eed d\u1ee5ng chip Exynos 992 t\u1ed1c \u0111\u1ed9 si\u00eau nhanh \u0111i k\u00e8m b\u1ed9 nh\u1edb RAM 12GB cho b\u1ed9 nh\u1edb 256GB gi\u00fap ng\u01b0\u1eddi d\u00f9ng c\u00f3 th\u1ec3 tho\u1ea3i m\u00e1i s\u1eed d\u1ee5ng \u0111a nhi\u1ec7m v\u00e0 l\u01b0u tr\u1eef tho\u1ea3i m\u00e1i. T\u1ea5t c\u1ea3 t\u1ea1o n\u00ean m\u1ed9t c\u1ea5u h\u00ecnh c\u1ef1c k\u1ef3 m\u1ea1nh m\u1ebd c\u00f3 th\u1ec3 \u0111\u00e1p \u1ee9ng m\u1ecdi nhu c\u1ea7u c\u1ee7a b\u1ea1n tr\u00ean m\u1ed9t chi\u1ebfc \u0111i\u1ec7n tho\u1ea1i.<\/p>\n<p><img decoding=\"async\" class=\"cpslazy loaded\" src=\"https:\/\/cdn.cellphones.com.vn\/media\/wysiwyg\/mobile\/samsung\/Samsung-Galaxy-Note-20-Ultra-5G-2_1.jpg\" alt=\"M\u00e0n h\u00ecnh 6.9 inch \u0111\u1ed9 ph\u00e2n gi\u1ea3i 2K 120Hz, c\u1ea5u h\u00ecnh m\u1ea1nh m\u1ebd\" data-src=\"https:\/\/cdn.cellphones.com.vn\/media\/wysiwyg\/mobile\/samsung\/Samsung-Galaxy-Note-20-Ultra-5G-2_1.jpg\" data-ll-status=\"loaded\" \/><\/p>\n<h3>Trang b\u1ecb c\u00f4ng ngh\u1ec7 5G t\u01b0\u01a1ng lai, t\u1ed1c \u0111\u1ed9 cao khi s\u1eed d\u1ee5ng d\u1eef li\u1ec7u<\/h3>\n<p>H\u1ea7u h\u1ebft tr\u00ean t\u1ea5t c\u1ea3 c\u00e1c n\u01b0\u1edbc n\u00f3i chung v\u00e0 Vi\u1ec7t Nam n\u00f3i ri\u00eang \u0111\u1ec1u \u0111ang b\u1eaft \u0111\u1ea7u ph\u1ee7 s\u00f3ng b\u0103ng t\u1ea7n 5G d\u1ea7n d\u1ea7n \u0111\u1ec3 thay \u0111\u1ed5i c\u00e1c chu\u1ea9n th\u1ea5p hi\u1ec7n t\u1ea1i. N\u1eafm b\u1eaft \u0111\u01b0\u1ee3c nhu c\u1ea7u v\u00e0 xu h\u01b0\u1edbng th\u1ecb tr\u01b0\u1eddng h\u00e3ng \u0111ang trang b\u1ecb Samsung Galaxy Note 20 Ultra c\u00f4ng ngh\u1ec7 5G t\u1ed1c \u0111\u1ed9 cao. Khi l\u1ef1a ch\u1ecdn chi\u1ebfc \u0111i\u1ec7n tho\u1ea1i n\u00e0y b\u1ea1n s\u1ebd kh\u00f4ng c\u1ea7n ph\u1ea3i lo l\u1eafng chi\u1ebfc \u0111i\u1ec7n tho\u1ea1i c\u1ee7a m\u00ecnh s\u1ebd kh\u00f4ng theo k\u1ecbp c\u00e1c c\u00f4ng ngh\u1ec7 \u0111\u1ed5i m\u1edbi c\u1ee7a t\u01b0\u01a1ng lai.<\/p>\n<p><img decoding=\"async\" class=\"cpslazy loaded\" src=\"https:\/\/cdn.cellphones.com.vn\/media\/wysiwyg\/mobile\/samsung\/Samsung-Galaxy-Note-20-Ultra-5G-3_1.jpg\" alt=\"Trang b\u1ecb c\u00f4ng ngh\u1ec7 5G t\u01b0\u01a1ng lai, t\u1ed1c \u0111\u1ed9 cao khi s\u1eed d\u1ee5ng d\u1eef li\u1ec7u\" data-src=\"https:\/\/cdn.cellphones.com.vn\/media\/wysiwyg\/mobile\/samsung\/Samsung-Galaxy-Note-20-Ultra-5G-3_1.jpg\" data-ll-status=\"loaded\" \/><\/p>\n<p>V\u1edbi c\u00f4ng ngh\u1ec7 5G ng\u01b0\u1eddi d\u00f9ng c\u00f3 th\u1ec3 truy c\u1eadp internet v\u1edbi t\u1ed1c \u0111\u1ed9 c\u1ef1c cao l\u00ean \u0111\u1ebfn 10Gb\/s nhanh h\u01a1n t\u1ea5t c\u1ea3 c\u00e1c \u0111\u01b0\u1eddng truy\u1ec1n wifi c\u00e1p quang m\u00e0 b\u1ea1n \u0111ang s\u1eed d\u1ee5ng. V\u00ec v\u1eady l\u1ef1a ch\u1ecdn Note 20 Ultra 5G kh\u00f4ng nh\u1eefng m\u1ea1nh m\u1ebd v\u1ec1 c\u1ea5u h\u00ecnh v\u1edbi k\u00edch th\u01b0\u1edbc l\u1edbn m\u00e0 c\u00f2n gi\u00fap b\u1ea1n kh\u00f4ng \u0111i l\u00f9i so v\u1edbi nh\u1eefng c\u00f4ng ngh\u1ec7 n\u1ed5i b\u1eadt v\u00e0 quan tr\u1ecdng nh\u01b0 5G.<\/p>\n<h3>Camera sau 108MP zoom quang h\u1ecdc l\u00ean \u0111\u1ebfn 50X, camera tr\u01b0\u1edbc 10MP<\/h3>\n<p>Kh\u00f4ng nh\u1eefng mang \u0111\u1ebfn c\u1ea5u h\u00ecnh m\u00e1y hi\u1ec7u n\u0103ng cao Galaxy Note 20 Ultra 5G c\u00f2n mang \u0111\u1ebfn cho b\u1ea1n b\u1ed9 3 camera c\u00f3 \u0111\u1ed9 ph\u00e2n gi\u1ea3i cao. C\u1ee5 th\u1ec3 camera ch\u00ednh c\u00f3 \u0111\u1ed9 ph\u00e2n gi\u1ea3i 108 MP kh\u1ea9u \u0111\u1ed9 f\/1.8, camera periscope telephoto 13 MP kh\u1ea9u \u0111\u1ed9 f\/3.4, camera g\u00f3c r\u1ed9ng 2 MP kh\u1ea9u \u0111\u1ed9 f\/2.2. B\u1ed9 3 camera n\u00e0y c\u1ed9ng l\u1ea1i cho kh\u1ea3 n\u0103ng zoom quang h\u1ecdc l\u00ean \u0111\u1ebfn 50X. Gi\u00fap b\u1ea1n l\u01b0u l\u1ea1i \u0111\u01b0\u1ee3c nh\u1eefng h\u00ecnh \u1ea3nh ch\u1ea5t l\u01b0\u1ee3ng cao \u1edf kho\u1ea3ng c\u00e1ch xa v\u00e0 g\u00f3c c\u1ef1c r\u1ed9ng v\u1edbi \u0111\u1ed9 ph\u00e2n gi\u1ea3i l\u00ean \u0111\u1ebfn 8K.<\/p>\n<p><img decoding=\"async\" class=\"cpslazy loaded\" src=\"https:\/\/cdn.cellphones.com.vn\/media\/wysiwyg\/mobile\/samsung\/Samsung-Galaxy-Note-20-Ultra-5G-4.jpg\" alt=\"Camera sau 108MP zoom quang h\u1ecdc l\u00ean \u0111\u1ebfn 50X\" data-src=\"https:\/\/cdn.cellphones.com.vn\/media\/wysiwyg\/mobile\/samsung\/Samsung-Galaxy-Note-20-Ultra-5G-4.jpg\" data-ll-status=\"loaded\" \/><\/p>\n<p>Camera tr\u01b0\u1edbc\u00a0<strong>Note 20 Ultra 5G<\/strong>\u00a0c\u0169ng \u0111\u01b0\u1ee3c h\u00e3ng trang b\u1ecb \u0111\u1ed9 ph\u00e2n gi\u1ea3i c\u1ef1c cao l\u00ean \u0111\u1ebfn 10MP. Ch\u1ea5t l\u01b0\u1ee3ng \u0111\u1ed9 ph\u00e2n gi\u1ea3i m\u00e0 camera n\u00e0y mang l\u1ea1i c\u0169ng \u1edf m\u1ee9c cao 4K\/60fps. Gi\u00fap ng\u01b0\u1eddi d\u00f9ng c\u00f3 th\u1ec3 tho\u1ea3i m\u00e1i selfie l\u01b0u l\u1ea1i nh\u1eefng h\u00ecnh \u1ea3nh s\u1eafc n\u00e9t hay chat video call v\u1edbi h\u00ecnh \u1ea3nh c\u1ef1c k\u1ef3 r\u00f5 r\u00e0ng.<\/p>\n<h3>H\u1ed7 tr\u1ee3 s\u1ea1c nhanh 45W qua USB Type C, pin dung l\u01b0\u1ee3ng l\u1edbn 4500mAh<\/h3>\n<p>Samsung Note 20 Ultra 5G \u0111\u01b0\u1ee3c h\u00e3ng trang b\u1ecb kh\u1ea3 n\u0103ng s\u1ea1c nhanh c\u00f4ng su\u1ea5t l\u00ean \u0111\u1ebfn 45W qua c\u1ed5ng USB Type C cho kh\u1ea3 n\u0103ng s\u1ea1c \u0111\u1ea7y pin c\u1ef1c k\u1ef3 nhanh ch\u00f3ng ch\u01b0a \u0111\u1ebfn 90 ph\u00fat. Kh\u00f4ng nh\u1eefng v\u1eady Note 20 Ultra 5G c\u00f2n c\u00f3 kh\u1ea3 n\u0103ng s\u1ea1c ng\u01b0\u1ee3c cho thi\u1ebft b\u1ecb kh\u00e1c v\u1edbi c\u00f4ng su\u1ea5t 9W. M\u00e1y c\u0169ng trang b\u1ecb kh\u1ea3 n\u0103ng s\u1ea1c kh\u00f4ng d\u00e2y c\u00f4ng su\u1ea5t l\u00ean \u0111\u1ebfn 15W.<\/p>\n<p><img decoding=\"async\" class=\"cpslazy loaded\" src=\"https:\/\/cdn.cellphones.com.vn\/media\/wysiwyg\/mobile\/samsung\/Samsung-Galaxy-Note-20-Ultra-5G-6.jpg\" alt=\"H\u1ed7 tr\u1ee3 s\u1ea1c nhanh 45W qua USB Type C, pin dung l\u01b0\u1ee3ng l\u1edbn 4500mAh\" data-src=\"https:\/\/cdn.cellphones.com.vn\/media\/wysiwyg\/mobile\/samsung\/Samsung-Galaxy-Note-20-Ultra-5G-6.jpg\" data-ll-status=\"loaded\" \/><\/p>\n<p>V\u1edbi hi\u1ec7u n\u0103ng c\u1ef1c kh\u1ee7ng k\u00e8m m\u00e0n h\u00ecnh l\u1edbn Samsung \u0111\u00e3 trang b\u1ecb cho Note 20 Ultra 5G vi\u00ean pin li-ion c\u00f3 dung l\u01b0\u1ee3ng l\u00ean \u0111\u1ebfn 4500mAh. B\u1ea1n c\u00f3 th\u1ec3 s\u1eed d\u1ee5ng tho\u1ea3i m\u00e1i chi\u1ebfc \u0111i\u1ec7n tho\u1ea1i c\u1ee7a m\u00ecnh trong c\u1ea3 ng\u00e0y d\u00e0i m\u00e0 kh\u00f4ng s\u1ee3 h\u1ebft pin gi\u1eefa ch\u1eebng. Smartphone n\u00e0y c\u00f3 th\u1ec3 c\u00e2n m\u1ecdi t\u1ef1a game v\u1edbi \u0111\u1ed9 ph\u00e2n gi\u1ea3i cao nh\u1ea5t l\u00ean \u0111\u1ebfn h\u01a1n 8 ti\u1ebfng li\u00ean t\u1ee5c m\u00e0 kh\u00f4ng h\u1ebft pin v\u1edbi ch\u1ebf \u0111\u1ed9 ti\u1ebft ki\u1ec7m pin.<\/p>\n<h3>B\u00fat S-Pen si\u00eau nh\u1ea1y, nhi\u1ec1u trang b\u1ecb k\u1ebft n\u1ed1i hi\u1ec7n \u0111\u1ea1i, c\u1ea3m bi\u1ebfn v\u00e2n tay d\u01b0\u1edbi m\u00e0n h\u00ecnh<\/h3>\n<p>H\u1ea7u h\u1ebft c\u00e1c d\u00f2ng \u0111i\u1ec7n tho\u1ea1i Samsung Galaxy Note \u0111\u1ec1u \u0111\u01b0\u1ee3c trang b\u1ecb b\u00fat S-Pen v\u00e0\u00a0<strong>Galaxy Note 20 Ultra 5G<\/strong>\u00a0c\u0169ng kh\u00f4ng ngo\u1ea1i l\u1ec7. Chi\u1ebfc b\u00fat n\u00e0y \u0111\u01b0\u1ee3c c\u1ea3i ti\u1ebfn nhi\u1ec1u h\u01a1n so v\u1edbi c\u00e1c d\u00f2ng c\u0169 c\u00f3 \u0111\u1ed9 nh\u1ea1y c\u1ef1c cao v\u00e0 \u0111i\u1ec1u h\u01b0\u1edbng th\u00f4ng minh c\u1ef1c k\u1ef3 ch\u00ednh x\u00e1c. B\u1ea1n c\u00f3 th\u1ec3 s\u1eed d\u1ee5ng b\u00fat S-Pen \u0111\u1ec3 th\u1ecfa s\u1ee9c s\u00e1ng t\u1ea1o v\u1edbi nh\u1eefng t\u00ednh n\u0103ng tuy\u1ec7t v\u1eddi v\u00e0 c\u00f4ng ngh\u1ec7 c\u1ef1c k\u1ef3 th\u00f4ng minh.<\/p>\n<p><img decoding=\"async\" class=\"cpslazy loaded\" src=\"https:\/\/cdn.cellphones.com.vn\/media\/wysiwyg\/mobile\/samsung\/Samsung-Galaxy-Note-20-Ultra-5G-7.jpg\" alt=\"B\u00fat S-Pen si\u00eau nh\u1ea1y, nhi\u1ec1u trang b\u1ecb k\u1ebft n\u1ed1i hi\u1ec7n \u0111\u1ea1i\" data-src=\"https:\/\/cdn.cellphones.com.vn\/media\/wysiwyg\/mobile\/samsung\/Samsung-Galaxy-Note-20-Ultra-5G-7.jpg\" data-ll-status=\"loaded\" \/><\/p>\n<p>Samsung Note 20 Ultra 5G c\u0169ng \u0111\u01b0\u1ee3c trang b\u1ecb c\u00e1c k\u1ebft n\u1ed1i m\u1edbi nh\u1ea5t ti\u00ean ti\u1ebfn nh\u1ea5t hi\u1ec7n nay nh\u01b0: Wi-Fi 802.11 ac h\u1ed7 tr\u1ee3 b\u0103ng t\u1ea7n k\u00e9p. Bluetooth 5.0 c\u0169ng \u0111\u01b0\u1ee3c Samsung \u0111\u01b0a v\u00e0o thi\u1ebft b\u1ecb \u0111\u1ec3 k\u1ebft n\u1ed1i mang l\u1ea1i s\u1ef1 \u1ed5n \u0111\u1ecbnh t\u1ed1i \u0111a v\u00e0 nhi\u1ec1u c\u1ea3m bi\u1ebfn c\u00f4ng ngh\u1ec7 m\u1edbi gi\u00fap thi\u1ebft b\u1ecb th\u00f4ng minh h\u01a1n khi s\u1eed d\u1ee5ng.<\/p>\n<p><img decoding=\"async\" class=\"cpslazy loaded\" src=\"https:\/\/cdn.cellphones.com.vn\/media\/wysiwyg\/mobile\/samsung\/Samsung-Galaxy-Note-20-Ultra-5G-8.jpg\" alt=\"c\u1ea3m bi\u1ebfn v\u00e2n tay d\u01b0\u1edbi m\u00e0n h\u00ecnh\" data-src=\"https:\/\/cdn.cellphones.com.vn\/media\/wysiwyg\/mobile\/samsung\/Samsung-Galaxy-Note-20-Ultra-5G-8.jpg\" data-ll-status=\"loaded\" \/><\/p>\n<p>Nh\u1eb1m \u0111em l\u1ea1i thi\u1ebft k\u1ebf c\u1ef1c k\u1ef3 sang tr\u1ecdng v\u00e0 tinh t\u1ebf Samsung \u0111\u00e3 trang b\u1ecb c\u1ea3m bi\u1ebfn v\u00e2n tay d\u01b0\u1edbi m\u00e0n h\u00ecnh. Gi\u00fap chi\u1ebfc m\u00e1y g\u1ecdn g\u00e0ng h\u01a1n khi c\u1ea3m bi\u1ebfn v\u00e2n tay \u0111\u01b0\u1ee3c \u0111\u1eb7t chi\u1ebfm ch\u1ed7 nh\u01b0 tr\u01b0\u1edbc. Ng\u01b0\u1eddi d\u00f9ng c\u00f3 th\u1ec3 d\u1ec5 d\u00e0ng m\u1edf kh\u00f3a chi\u1ebfc \u0111i\u1ec7n tho\u1ea1i m\u1ed9t c\u00e1ch nhanh nh\u1ea5t ngay tr\u00ean m\u00e0n h\u00ecnh Note 20 Ultra 5G m\u00e0 kh\u00f4ng g\u1eb7p ph\u1ea3i b\u1ea5t k\u1ef3 kh\u00f3 kh\u0103n n\u00e0o.<\/p>\n<p><img decoding=\"async\" class=\"cpslazy loaded\" src=\"https:\/\/cdn.cellphones.com.vn\/media\/wysiwyg\/mobile\/samsung\/Samsung-Galaxy-Note-20-Ultra-5G-9.jpg\" alt=\"c\u1ea3m bi\u1ebfn v\u00e2n tay d\u01b0\u1edbi m\u00e0n h\u00ecnh\" data-src=\"https:\/\/cdn.cellphones.com.vn\/media\/wysiwyg\/mobile\/samsung\/Samsung-Galaxy-Note-20-Ultra-5G-9.jpg\" data-ll-status=\"loaded\" \/><\/p>\n","protected":false},"excerpt":{"rendered":"<p>\u0110i\u1ec7n tho\u1ea1i Samsung Note 20 Ultra 5G &#8211; Sang tr\u1ecdng, hi\u1ec7u n\u0103ng v\u01b0\u1ee3t tr\u1ed9i B\u00ean c\u1ea1nh bi\u00ean b\u1ea3n Galaxy Note 20 th\u01b0\u1eddng, Samsung c\u00f2n cho ra m\u1eaft\u00a0Note 20 Ultra 5G\u00a0cho kh\u1ea3 n\u0103ng k\u1ebft n\u1ed1i d\u1eef li\u1ec7u cao c\u00f9ng thi\u1ebft k\u1ebf nguy\u00ean kh\u1ed1i sang tr\u1ecdng, b\u1eaft m\u1eaft. \u0110\u00e2y s\u1ebd l\u00e0 s\u1ef1 l\u1ef1a ch\u1ecdn ho\u00e0n h\u1ea3o d\u00e0nh&#8230;<\/p>\n","protected":false},"featured_media":1515,"comment_status":"open","ping_status":"closed","template":"","meta":[],"product_cat":[17],"product_tag":[],"class_list":{"0":"post-1512","1":"product","2":"type-product","3":"status-publish","4":"has-post-thumbnail","6":"product_cat-samsung","8":"first","9":"instock","10":"sale","11":"shipping-taxable","12":"purchasable","13":"product-type-variable","14":"has-default-attributes"},"_links":{"self":[{"href":"https:\/\/pluginviet.com\/mau7\/wp-json\/wp\/v2\/product\/1512","targetHints":{"allow":["GET"]}}],"collection":[{"href":"https:\/\/pluginviet.com\/mau7\/wp-json\/wp\/v2\/product"}],"about":[{"href":"https:\/\/pluginviet.com\/mau7\/wp-json\/wp\/v2\/types\/product"}],"replies":[{"embeddable":true,"href":"https:\/\/pluginviet.com\/mau7\/wp-json\/wp\/v2\/comments?post=1512"}],"wp:featuredmedia":[{"embeddable":true,"href":"https:\/\/pluginviet.com\/mau7\/wp-json\/wp\/v2\/media\/1515"}],"wp:attachment":[{"href":"https:\/\/pluginviet.com\/mau7\/wp-json\/wp\/v2\/media?parent=1512"}],"wp:term":[{"taxonomy":"product_cat","embeddable":true,"href":"https:\/\/pluginviet.com\/mau7\/wp-json\/wp\/v2\/product_cat?post=1512"},{"taxonomy":"product_tag","embeddable":true,"href":"https:\/\/pluginviet.com\/mau7\/wp-json\/wp\/v2\/product_tag?post=1512"}],"curies":[{"name":"wp","href":"https:\/\/api.w.org\/{rel}","templated":true}]}}