{"id":1478,"date":"2021-08-16T04:02:26","date_gmt":"2021-08-15T21:02:26","guid":{"rendered":"http:\/\/localhost\/xtmobile\/?post_type=product&#038;p=1478"},"modified":"2021-09-29T12:34:25","modified_gmt":"2021-09-29T05:34:25","slug":"iphone-11-i-chinh-hang-vn-a","status":"publish","type":"product","link":"https:\/\/pluginviet.com\/mau7\/san-pham\/iphone-11-i-chinh-hang-vn-a\/","title":{"rendered":"iPhone 11 I Ch\u00ednh h\u00e3ng VN\/A"},"content":{"rendered":"<h2 style=\"text-align: center;\">\u0110\u00e1nh gi\u00e1 iPhone 11\u00a0 \u2013\u00a0Camera n\u00e2ng c\u1ea5p, m\u00e0u s\u1eafc tr\u1ebb trung<\/h2>\n<p><strong>iPhone 11<\/strong>\u00a0l\u00e0 model c\u00f3 nhi\u1ec1u m\u00e0u s\u1eafc nh\u1ea5t v\u00e0 c\u00f3 gi\u00e1 r\u1ebb nh\u1ea5t trong b\u1ed9 3 iPhone 11 series \u0111\u01b0\u1ee3c\u00a0Apple\u00a0ra m\u1eaft trong n\u0103m 2019. B\u00ean c\u1ea1nh \u0111\u00f3, c\u1ea5u h\u00ecnh m\u00e1y c\u0169ng \u0111\u01b0\u1ee3c n\u00e2ng c\u1ea5p \u0111\u1eb7c bi\u1ec7t v\u1ec1 c\u1ee5m camera sau v\u00e0 Face ID, vi\u00ean pin dung l\u01b0\u1ee3ng l\u1edbn h\u01a1n.<\/p>\n<h3>\u0110a d\u1ea1ng s\u1ef1 l\u1ef1a ch\u1ecdn v\u1edbi 6 phi\u00ean b\u1ea3n m\u00e0u s\u1eafc<\/h3>\n<p>\u0110i\u1ec3m n\u1ed5i b\u1eadt c\u1ee7a iPhone 11 2019 \u0111\u00f3 l\u00e0 b\u00ean c\u1ea1nh hai phi\u00ean b\u1ea3n \u0111en v\u00e0 tr\u1eafng quen thu\u1ed9c th\u00ec m\u00e1y c\u00f2n c\u00f3 th\u00eam b\u1ed1n phi\u00ean b\u1ea3n kh\u00e1c \u0111\u00f3 l\u00e0 t\u00edm, v\u00e0ng, xanh l\u00e1, \u0111\u1ecf. V\u1edbi t\u1ea5t c\u1ea3 c\u00e1c phi\u00ean b\u1ea3n, bao g\u1ed3m c\u1ea3 \u0111i\u1ec7n tho\u1ea1i iPhone 12 s\u1eafp ra m\u1eaft th\u00ec Apple \u0111\u1ec1u thi\u1ebft k\u1ebf c\u1ea1nh b\u00ean tr\u00f9ng m\u00e0u v\u1edbi th\u00e2n m\u00e1y, t\u1ea1o n\u00ean m\u1ed9t th\u1ec3 th\u1ed1ng nh\u1ea5t.<\/p>\n<p><img decoding=\"async\" class=\"cpslazy loaded\" src=\"https:\/\/cdn.cellphones.com.vn\/media\/wysiwyg\/mobile\/apple\/iPhone-11-10.jpg\" alt=\"\u0110a d\u1ea1ng s\u1ef1 l\u1ef1a ch\u1ecdn v\u1edbi 6 phi\u00ean b\u1ea3n m\u00e0u s\u1eafc\" data-src=\"https:\/\/cdn.cellphones.com.vn\/media\/wysiwyg\/mobile\/apple\/iPhone-11-10.jpg\" data-ll-status=\"loaded\" \/><\/p>\n<p>M\u00e0u t\u00edm l\u00e0 m\u00e0u s\u1eafc l\u1ea7n \u0111\u1ea7u xu\u1ea5t hi\u1ec7n tr\u00ean \u0111i\u1ec7n tho\u1ea1i iPhone cho t\u1edbi th\u1eddi \u0111i\u1ec3m hi\u1ec7n nay. Nh\u1eefng phi\u00ean b\u1ea3n m\u00e0u c\u00f2n l\u1ea1i tuy kh\u00f4ng c\u00f2n qu\u00e1 m\u1edbi l\u1ea1 nh\u01b0ng c\u0169ng t\u1ea1o \u0111\u01b0\u1ee3c nh\u1eefng d\u1ea5u \u1ea5n ri\u00eang. Nh\u01b0 m\u00e0u \u0111\u1ecf may m\u1eafn, xanh l\u00e3ng m\u1ea1n, v\u00e0 v\u00e0ng chanh \u2013 m\u1ed9t b\u1ea3n m\u00e0u s\u1eafc kh\u00e1 \u1ea5n t\u01b0\u1ee3ng t\u1eeb iPhone Xr.<\/p>\n<h3>Thi\u1ebft k\u1ebf t\u1eeb nh\u00f4m v\u00e0 v\u1ecf k\u00ednh, chu\u1ea9n kh\u00e1ng n\u01b0\u1edbc IP68<\/h3>\n<p>iPhone 11 c\u00f3 ki\u1ec3u d\u00e1ng \u0111\u1eb9p m\u1eaft khi \u0111\u01b0\u1ee3c ho\u00e0n thi\u1ec7n t\u1eeb nh\u00f4m v\u00e0 v\u1ecf k\u00ednh b\u1ec1n nh\u1ea5t trong th\u1ebf gi\u1edbi smartphone. M\u00e1y \u0111\u01b0\u1ee3c s\u1eed d\u1ee5ng t\u1edbi 7 t\u1ea7m n\u1ec1n m\u00e0u s\u1eafc gi\u00fap m\u00e0u s\u01a1n c\u00f3 \u0111\u1ed9 s\u00e2u \u0111\u1ea7y \u1ea5n t\u01b0\u1ee3ng ph\u1ea3n chi\u1ebfu qua l\u1edbp k\u00ednh sang tr\u1ecdng.<\/p>\n<p>Khung nh\u00f4m tr\u00ean iPhone 11 \u0111\u01b0\u1ee3c s\u01a1n m\u1edd t\u01b0\u01a1ng t\u1ef1 nh\u01b0 tr\u00ean iPhone Xr. Trong khi hai phi\u00ean b\u1ea3n cao c\u1ea5p Pro v\u00e0 Pro Max l\u00e0 khung th\u00e9p kh\u00f4ng g\u1ec9.<\/p>\n<p><img decoding=\"async\" class=\"cpslazy loaded\" src=\"https:\/\/cdn.cellphones.com.vn\/media\/wysiwyg\/mobile\/apple\/iPhone-11-chinh-hang-1.jpg\" alt=\"Thi\u1ebft k\u1ebf t\u1eeb nh\u00f4m v\u00e0 v\u1ecf k\u00ednh, chu\u1ea9n ch\u1ed1ng n\u01b0\u1edbc IP68\" data-src=\"https:\/\/cdn.cellphones.com.vn\/media\/wysiwyg\/mobile\/apple\/iPhone-11-chinh-hang-1.jpg\" data-ll-status=\"loaded\" \/><\/p>\n<p>Vi\u1ec7c s\u1eed d\u1ee5ng m\u1eb7t l\u01b0ng k\u00ednh c\u0169ng gi\u00fap cho m\u00e1y c\u00f3 kh\u1ea3 n\u0103ng s\u1ea1c kh\u00f4ng d\u00e2y. B\u00ean c\u1ea1nh \u0111\u00f3, m\u00e1y c\u00f2n r\u1ea5t b\u1ec1n v\u1eefng nh\u1edd kh\u1ea3 n\u0103ng kh\u00e1ng n\u01b0\u1edbc v\u00e0 b\u1ee5i b\u1ea9n, cho ph\u00e9p ng\u01b0\u1eddi d\u00f9ng nh\u00fang n\u01b0\u1edbc s\u00e2u h\u01a1n (2m so v\u1edbi 1,5 \u0111\u00fang chu\u1ea9n) trong th\u1eddi gian 30 ph\u00fat \u1edf \u0111\u1ed9 s\u00e2u 4m. Tuy nhi\u00ean nh\u00e0 s\u1ea3n xu\u1ea5t kh\u00f4ng khuy\u1ebfn k\u00edch ng\u01b0\u1eddi d\u00f9ng th\u1eed nghi\u1ec7m t\u00ednh n\u0103ng n\u00e0y.<\/p>\n<p>Hai b\u00ean h\u00f4ng \u0111i\u1ec7n tho\u1ea1i l\u00e0 h\u1ec7 th\u1ed1ng n\u00fat b\u1ea5m v\u1edbi n\u00fat t\u0103ng \u2013 gi\u1ea3m \u00e2m l\u01b0\u1ee3ng, c\u00f4ng t\u1eafc \u00e2m thanh \u1edf ph\u00eda b\u00ean tr\u00e1i. Trong khi \u0111\u00f3 b\u00ean ph\u1ea3i l\u00e0 ph\u00edm ngu\u1ed3n v\u00e0 khe c\u1eafm sim. Ph\u00eda b\u00ean d\u01b0\u1edbi l\u00e0 c\u1ed5ng s\u1ea1c lightning v\u00e0 loa tho\u1ea1i.<\/p>\n<p><img decoding=\"async\" class=\"cpslazy loaded\" src=\"https:\/\/cdn.cellphones.com.vn\/media\/wysiwyg\/mobile\/apple\/iphone-11-9.jpg\" alt=\"Thi\u1ebft k\u1ebf t\u1eeb nh\u00f4m v\u00e0 v\u1ecf k\u00ednh, chu\u1ea9n ch\u1ed1ng n\u01b0\u1edbc IP68\" data-src=\"https:\/\/cdn.cellphones.com.vn\/media\/wysiwyg\/mobile\/apple\/iphone-11-9.jpg\" data-ll-status=\"loaded\" \/><\/p>\n<p>M\u1ed9t thay \u0111\u1ed5i l\u1edbn trong thi\u1ebft k\u1ebf \u0111\u00f3 l\u00e0 c\u1ee5m camera \u0111\u01b0\u1ee3c thi\u1ebft k\u1ebf trong khung vu\u00f4ng c\u00f9ng logo qu\u1ea3 t\u00e1o \u0111\u01b0\u1ee3c \u0111\u1eb7t c\u00e2n x\u1ee9ng ch\u00ednh gi\u1eefa m\u1eb7t l\u01b0ng, thay v\u00ec nh\u00f4 cao so v\u1edbi c\u00e1c th\u1ebf h\u1ec7 c\u0169.<\/p>\n<h3>Nh\u1eadn di\u1ec7n khu\u00f4n m\u1eb7t Face ID \u0111\u01b0\u1ee3c n\u00e2ng c\u1ea5p, \u00e2m thanh s\u1ed1ng \u0111\u1ed9ng<\/h3>\n<p>B\u1ea3o m\u1eadt\u00a0\u0111\u01a1n gi\u1ea3n v\u00e0 an to\u00e0n h\u01a1n bao gi\u1edd h\u1ebft khi m\u1eadt kh\u1ea9u ch\u00ednh l\u00e0 khu\u00f4n m\u1eb7t c\u1ee7a b\u1ea1n. B\u1ea1n c\u00f3 th\u1ec3 m\u1edf kh\u00f3a iPhone, \u0111\u0103ng nh\u1eadp v\u00e0o \u1ee9ng d\u1ee5ng hay thanh to\u00e1n ch\u1ec9 trong nh\u00e1y m\u1eaft m\u00e0 kh\u00f4ng c\u1ea7n nh\u1eadp m\u1eadt kh\u1ea9u. \u0110\u00e2y l\u00e0 ph\u01b0\u01a1ng th\u1ee9c b\u1ea3o m\u1eadt an to\u00e0n nh\u1ea5t tr\u00ean smartphone v\u00e0 n\u00f3 c\u00f2n nhanh h\u01a1n n\u1eefa tr\u00ean iPhone 11.<\/p>\n<p><img decoding=\"async\" class=\"cpslazy loaded\" src=\"https:\/\/cdn.cellphones.com.vn\/media\/wysiwyg\/mobile\/apple\/iPhone-11-chinh-hang-7.jpg\" alt=\"Nh\u1eadn di\u1ec7n khu\u00f4n m\u1eb7t Face ID n\u00e2ng cao, \u00e2m thanh s\u1ed1ng \u0111\u1ed9ng, chi ti\u1ebft\" data-src=\"https:\/\/cdn.cellphones.com.vn\/media\/wysiwyg\/mobile\/apple\/iPhone-11-chinh-hang-7.jpg\" data-ll-status=\"loaded\" \/><\/p>\n<p>V\u1ec1 \u00e2m thanh v\u1edbi ch\u1ea5t l\u01b0\u1ee3ng \u00e2m t\u1ed1t v\u1edbi h\u1ec7 th\u1ed1ng loa k\u00e9p n\u1eb1m \u1edf c\u1ea3 tr\u00ean v\u00e0 d\u01b0\u1edbi, \u0111\u1eb7c bi\u1ec7t v\u1edbi \u00e2m thanh n\u1ed5i stereo. Trong tr\u1ea3i nghi\u1ec7m gi\u1ea3i tr\u00ed, m\u00e1y cho \u00e2m thanh c\u00e2n b\u1eb1ng k\u1ec3 c\u1ea3 khi \u0111\u1eb7t m\u00e1y n\u1eb1m ngang. Khi gi\u1ea3i tr\u00ed v\u1edbi \u00e2m l\u01b0\u1ee3ng cao, m\u1eb7t l\u01b0ng c\u0169ng kh\u00f4ng b\u1ecb rung, \u1ea3nh h\u01b0\u1edfng tr\u1ea3i nghi\u1ec7m ng\u01b0\u1eddi d\u00f9ng.<\/p>\n<p>M\u1ed9t trong nh\u1eefng thay \u0111\u1ed5i tuy kh\u00f4ng h\u00e0o nho\u00e1ng nh\u01b0ng l\u1ea1i r\u1ea5t \u0111\u01b0\u1ee3c quan t\u00e2m tr\u00ean th\u1ebf h\u1ec7 iPhone 11 m\u1edbi ch\u00ednh l\u00e0 sim k\u00e9p. Apple c\u0169ng kh\u00f4ng qu\u00ean ch\u0103m ch\u00fat cho \u0111i\u1ec7n tho\u1ea1i m\u1ed9t h\u1ec7 th\u1ed1ng \u00e2m thanh ch\u1ea5t l\u01b0\u1ee3ng h\u01a1n \u0111\u1ebfn t\u1eeb vi\u1ec7c tinh ch\u1ec9nh v\u00e0 n\u00e2ng c\u1ea5p d\u1ea3i \u00e2m sao cho r\u1ed9ng v\u00e0 chi ti\u1ebft h\u01a1n.<\/p>\n<h3>M\u00e0n h\u00ecnh LCD 6,1 inch Liquid Retina cho m\u00e0u s\u1eafc\u00a0v\u00f4 c\u00f9ng ch\u00e2n th\u1ef1c<\/h3>\n<p><strong>iPhone 11<\/strong>\u00a0s\u1eed d\u1ee5ng m\u00e0n h\u00ecnh LCD ti\u00ean ti\u1ebfn nh\u1ea5t hi\u1ec7n nay, c\u0169ng t\u01b0\u01a1ng t\u1ef1 nh\u01b0 phi\u00ean b\u1ea3n Pro hi\u1ec3n th\u1ecb tuy\u1ec7t \u0111\u1eb9p v\u1edbi k\u00edch th\u01b0\u1edbc l\u1edbn 6,1 inch Liquid Retina s\u1eafc n\u00e9t, tr\u00e0n vi\u1ec1n c\u1ea1nh c\u00f9ng m\u1eadt \u0111\u1ed9 \u0111i\u1ec3m \u1ea3nh 326ppi. Thi\u1ebft k\u1ebf tr\u00e0n vi\u1ec1n gi\u00fap cho d\u00f9 m\u00e0n h\u00ecnh l\u1edbn t\u1edbi 6,1 inch nh\u01b0ng m\u00e1y v\u1eabn nh\u1ecf g\u1ecdn h\u01a1n so v\u1edbi iPhone 8 Plus, d\u1ec5 d\u00e0ng c\u1ea7m n\u1eafm thao t\u00e1c b\u1eb1ng m\u1ed9t tay.<\/p>\n<p><img decoding=\"async\" class=\"cpslazy loaded\" src=\"https:\/\/cdn.cellphones.com.vn\/media\/wysiwyg\/mobile\/apple\/iPhone-11-chinh-hang-2.jpg\" alt=\"M\u00e0n h\u00ecnh LCD 6,1 inch Liquid Retina cho m\u00e0u s\u1eafc v\u00f4 c\u00f9ng ch\u00e2n th\u1ef1c\" data-src=\"https:\/\/cdn.cellphones.com.vn\/media\/wysiwyg\/mobile\/apple\/iPhone-11-chinh-hang-2.jpg\" data-ll-status=\"loaded\" \/><\/p>\n<p>C\u00f4ng ngh\u1ec7 LCD cho m\u00e0u s\u1eafc ch\u00ednh x\u00e1c, \u0111\u1ed9 s\u00e1ng cao, t\u00e1i t\u1ea1o cu\u1ed9c s\u1ed1ng v\u00f4 c\u00f9ng ch\u00e2n th\u1ef1c. C\u00f3 t\u1edbi 6 t\u1ea5m c\u1ea3m bi\u1ebfn \u0111\u00e8n n\u1ec1n d\u01b0\u1edbi m\u00e0n h\u00ecnh, t\u1ef1 \u0111\u1ed9ng \u0111i\u1ec1u ch\u1ec9nh c\u00e2n b\u1eb1ng tr\u1eafng th\u00f4ng minh \u0111\u1ec3 thay \u0111\u1ed5i nhi\u1ec7t \u0111\u1ed9 m\u00e0u d\u1ef1a theo m\u00f4i tr\u01b0\u1eddng, \u0111\u1ec3 b\u1ea1n lu\u00f4n \u0111\u01b0\u1ee3c t\u1eadn h\u01b0\u1edfng m\u00e0n h\u00ecnh \u0111\u1eb9p v\u00e0 d\u1ec5 ch\u1ecbu cho m\u1eaft.<\/p>\n<p>Ngo\u00e0i ra, \u0111\u1ec3 n\u00e2ng cao ch\u1ea5t l\u01b0\u1ee3ng hi\u1ec3n th\u1ecb, Apple \u0111\u00e3 t\u00edch h\u1ee3p c\u00f4ng ngh\u1ec7 True-Tone. C\u00f4ng ngh\u1ec7 gi\u00fap \u0111i\u1ec1u ch\u1ec9nh \u00e1nh s\u00e1ng m\u00e0n h\u00ecnh theo \u00e1nh s\u00e1ng m\u00f4i tr\u01b0\u1eddng. Nh\u1edd \u0111\u00f3 ng\u01b0\u1eddi d\u00f9ng s\u1ebd h\u1ea1n ch\u1ebf t\u00ecnh tr\u1ea1ng \u0111au m\u1eaft khi s\u1eed d\u1ee5ng m\u00e1y trong th\u1eddi gian d\u00e0i.<\/p>\n<p>M\u00e0n h\u00ecnh tr\u00ean iPhone 11 v\u1eabn gi\u1eef nguy\u00ean thi\u1ebft k\u1ebf tai th\u1ecf, ph\u1ea7n notch n\u00e0y ch\u1ee9a camera selfie, loa v\u00e0 FaceID v\u00e0 m\u1ed9t s\u1ed1 c\u1ea3m bi\u1ebfn kh\u00e1c. \u0110\u1eb7c bi\u1ec7t m\u00e0n h\u00ecnh n\u00e0y c\u00f2n \u0111\u01b0\u1ee3c t\u00edch h\u1ee3p l\u1edbp k\u00ednh c\u01b0\u1eddng l\u1ef1c Gorilla Glass v\u1edbi khung vi\u1ec1n \u0111\u01b0\u1ee3c bo cong 2,5D cho c\u00e1c thao t\u00e1c vu\u1ed1t tho\u1ea3i m\u00e1i. M\u1eb7t k\u00ednh n\u00e0y \u0111\u01b0\u1ee3c Apple ph\u1ee7 m\u1ed9t l\u1edbp oleophobic gi\u00fap h\u1ea1n ch\u1ebf b\u00e1m v\u00e2n tay c\u0169ng nh\u01b0 d\u1ec5 d\u00e0ng lau ch\u00f9i, v\u1ec7 sinh.<\/p>\n<p><img decoding=\"async\" class=\"cpslazy loaded\" src=\"https:\/\/cdn.cellphones.com.vn\/media\/wysiwyg\/mobile\/apple\/iphone-11-8.jpg\" alt=\"M\u00e0n h\u00ecnh LCD 6,1 inch Liquid Retina cho m\u00e0u s\u1eafc v\u00f4 c\u00f9ng ch\u00e2n th\u1ef1c\" data-src=\"https:\/\/cdn.cellphones.com.vn\/media\/wysiwyg\/mobile\/apple\/iphone-11-8.jpg\" data-ll-status=\"loaded\" \/><\/p>\n<p>M\u00e0n h\u00ecnh \u0111i\u1ec7n tho\u1ea1i iPhone 11 v\u1edbi polling rate \u0111\u1ea1t t\u1edbi 120Hz cho \u0111\u1ed9 tr\u1ec5 c\u1ea3m \u1ee9ng g\u1ea7n nh\u01b0 b\u1eb1ng 0. T\u1ea7n s\u1ed1 qu\u00e9t m\u00e0n h\u00ecnh ch\u1ec9 d\u1eebng \u1edf 60Hz nh\u01b0ng v\u1eabn mang l\u1ea1i c\u1ea3m gi\u00e1c vu\u1ed1t m\u01b0\u1ee3t m\u00e0. \u0110\u1eb7c bi\u1ec7t v\u1edbi \u0111\u1ed9 s\u00e1ng m\u00e0n h\u00ecnh cao l\u00ean \u0111\u1ebfn 644 nit c\u00f9ng t\u1ec9 l\u1ec7 t\u01b0\u01a1ng ph\u1ea3n 1500:1 mang \u0111\u1ebfn tr\u1ea3i nghi\u1ec7m s\u1eed d\u1ee5ng kh\u00e1 t\u1ed1t.<\/p>\n<p>V\u1ec1 m\u00e0u s\u1eafc hi\u1ec3n th\u1ecb, m\u00e1y cho kh\u1ea3 n\u0103ng hi\u1ec3n th\u1ecb m\u00e0u s\u1eafc cao v\u1edbi \u0111i\u1ec3m DeltaIE trung b\u00ecnh \u0111\u1ea1t 1,1 c\u00f9ng \u0111\u1ed9 l\u1ec7ch 2,4. \u0110\u1eb7c bi\u1ec7t, \u0111i\u1ec7n tho\u1ea1i h\u1ed7 tr\u1ee3 d\u1ea3i m\u00e0u DCI-P3 gi\u00fap m\u00e0n h\u00ecnh gi\u1eef \u0111\u01b0\u1ee3c \u0111\u1ed9 ch\u00ednh x\u00e1c cao, k\u1ec3 c\u1ea3 khi m\u00e0n h\u00ecnh \u1edf \u0111\u1ed9 s\u00e1ng th\u1ea5p nh\u1ea5t.<\/p>\n<p><img decoding=\"async\" class=\"cpslazy loaded\" src=\"https:\/\/cdn.cellphones.com.vn\/media\/wysiwyg\/mobile\/apple\/iphone-11-10.jpg\" alt=\"M\u00e0n h\u00ecnh LCD 6,1 inch Liquid Retina cho m\u00e0u s\u1eafc v\u00f4 c\u00f9ng ch\u00e2n th\u1ef1c\" data-src=\"https:\/\/cdn.cellphones.com.vn\/media\/wysiwyg\/mobile\/apple\/iphone-11-10.jpg\" data-ll-status=\"loaded\" \/><\/p>\n<h3>C\u1ee5m camera k\u00e9p\u00a0g\u00f3c si\u00eau r\u1ed9ng\u00a012 MP, camera selfie\u00a012 MP<\/h3>\n<p>Apple \u0111\u00e3 kh\u00e9o l\u00e9o thi\u1ebft k\u1ebf c\u1ee5m camera to v\u00e0 n\u1ed5i b\u1eadt h\u01a1n tr\u00ean \u0111i\u1ec7n tho\u1ea1i gi\u00fap ng\u01b0\u1eddi d\u00f9ng d\u1ec5 nh\u1eadn d\u1ea1ng s\u1ea3n ph\u1ea9m, m\u1eb7t kh\u00e1c Apple mu\u1ed1n mang \u0111\u1ebfn m\u1ed9t l\u00e0n gi\u00f3 m\u1edbi tr\u00ean thi\u1ebft b\u1ecb n\u00e0y v\u1edbi c\u1ee5m camera vu\u00f4ng \u0111\u1ed9c \u0111\u00e1o. Apple iPhone 11 \u0111\u01b0\u1ee3c t\u00edch c\u1ea3m bi\u1ebfn g\u00f3c r\u1ed9ng 12 MP v\u00e0 c\u1ea3m bi\u1ebfn g\u00f3c si\u00eau r\u1ed9ng 12 MP. Thi\u1ebft k\u1ebf c\u1ee7a camera k\u00e9p n\u00e0y c\u0169ng to h\u01a1n th\u00f4ng th\u01b0\u1eddng.<\/p>\n<p><img decoding=\"async\" class=\"cpslazy loaded\" title=\"iPhone 11 \u0111\u01b0\u1ee3c t\u00edch c\u1ea3m bi\u1ebfn g\u00f3c r\u1ed9ng 12 MP v\u00e0 c\u1ea3m bi\u1ebfn g\u00f3c si\u00eau r\u1ed9ng 12 MP\" src=\"https:\/\/cdn.cellphones.com.vn\/media\/wysiwyg\/mobile\/apple\/iPhone-11-9_1.jpg\" alt=\"iPhone 11 \u0111\u01b0\u1ee3c t\u00edch c\u1ea3m bi\u1ebfn g\u00f3c r\u1ed9ng 12 MP v\u00e0 c\u1ea3m bi\u1ebfn g\u00f3c si\u00eau r\u1ed9ng 12 MP\" data-src=\"https:\/\/cdn.cellphones.com.vn\/media\/wysiwyg\/mobile\/apple\/iPhone-11-9_1.jpg\" data-ll-status=\"loaded\" \/><\/p>\n<p>Ch\u1ea5t l\u01b0\u1ee3ng h\u00ecnh \u1ea3nh tr\u00ean iPhone 11 v\u1edbi chi ti\u1ebft cao c\u00f9ng \u0111\u1ed9 noise th\u1ea5p, d\u1ea3i m\u00e0u \u0111\u1ed9ng. Khi \u1edf ch\u1ee5p \u1edf ch\u1ebf \u0111\u1ed9 zoom 2x, m\u00e1y v\u1eabn cho chi ti\u1ebft t\u1ed1t n\u1ebfu ch\u1ee5p \u1edf \u0111i\u1ec1u ki\u1ec7n \u0111\u1ee7 s\u00e1ng.<\/p>\n<p><img decoding=\"async\" class=\"cpslazy loaded\" src=\"https:\/\/cdn.cellphones.com.vn\/media\/wysiwyg\/mobile\/apple\/iphone-11-11.jpg\" alt=\"C\u1ee5m camera k\u00e9p g\u00f3c si\u00eau r\u1ed9ng 12 MP, camera selfie 12 MP\" data-src=\"https:\/\/cdn.cellphones.com.vn\/media\/wysiwyg\/mobile\/apple\/iphone-11-11.jpg\" data-ll-status=\"loaded\" \/><\/p>\n<p>Ch\u1ee5p h\u00ecnh trong \u0111i\u1ec1u ki\u1ec7n \u00e1nh s\u00e1ng y\u1ebfu lu\u00f4n l\u00e0 nh\u01b0\u1ee3c \u0111i\u1ec3m tr\u00ean c\u00e1c d\u00f2ng \u0111i\u1ec7n tho\u1ea1i. Nh\u01b0ng v\u1edbi iPhone 11, v\u1edbi ch\u1ec7 \u0111\u1ed9 night mode khi\u1ebfn chi ti\u1ebft r\u00f5 h\u01a1n, \u00e1nh s\u00e1ng thu \u0111\u01b0\u1ee3c nhi\u1ec1u h\u01a1n. Ngo\u00e0i ra, \u0111i\u1ec7n tho\u1ea1i c\u00f2n \u0111\u01b0\u1ee3c trang b\u1ecb nhi\u1ec1u hi\u1ec7u \u1ee9ng ch\u1ee5p gi\u00fap h\u1ed7 tr\u1ee3 qu\u00e1 tr\u00ecnh ch\u1ee5p \u1ea3nh nh\u01b0 Smart HDR, Deepfusion, t\u00e1ch ph\u00f4ng, x\u00f3a ph\u00f4ng,&#8230;<\/p>\n<p>Camera selfie c\u0169ng \u0111\u01b0\u1ee3c c\u1ea3i ti\u1ebfn v\u00e0 \u0111\u00e3 \u0111\u01b0\u1ee3c n\u00e2ng c\u1ea5p l\u00ean \u0111\u1ed9 ph\u00e2n gi\u1ea3i 12 MP, t\u1ea1o \u0111i\u1ec1u ki\u1ec7n cho c\u00e1c b\u1ee9c \u1ea3nh g\u00f3c r\u1ed9ng h\u01a1n khi b\u1ea1n xoay \u0111i\u1ec7n tho\u1ea1i sang ngang. Ngo\u00e0i ra th\u00ec b\u1ea1n c\u0169ng c\u00f3 th\u1ec3 ch\u1ee5p \u1ea3nh selfie \u1edf ch\u1ebf \u0111\u1ed9 chuy\u1ec3n \u0111\u1ed9ng ch\u1eadm (m\u00e0 Apple \u0111ang g\u1ecdi v\u1edbi \u0111\u1ecbnh ngh\u0129a m\u1edbi l\u00e0 Slofies).\u00a0Tuy nhi\u00ean \u1edf ch\u1ebf \u0111\u1ed9 ch\u1ee5p \u0111\u00eam, camera selfie tr\u00ean iPhone 11 ch\u01b0a th\u1ef1c s\u1ef1 t\u1ed1t khi h\u00ecnh \u1ea3nh c\u00f3 th\u1ec3 b\u1ecb noise v\u00e0 m\u1ea5t m\u1ed9t v\u00e0i chi ti\u1ebft.<\/p>\n<p><img decoding=\"async\" class=\"cpslazy loaded\" src=\"https:\/\/cdn.cellphones.com.vn\/media\/wysiwyg\/mobile\/apple\/iPhone-11-chinh-hang-6.jpg\" alt=\"Camera selfie c\u0169ng \u0111\u01b0\u1ee3c c\u1ea3i ti\u1ebfn v\u00e0 \u0111\u00e3 \u0111\u01b0\u1ee3c n\u00e2ng c\u1ea5p l\u00ean \u0111\u1ed9 ph\u00e2n gi\u1ea3i 12 MP\" data-src=\"https:\/\/cdn.cellphones.com.vn\/media\/wysiwyg\/mobile\/apple\/iPhone-11-chinh-hang-6.jpg\" data-ll-status=\"loaded\" \/><\/p>\n<p>&nbsp;<\/p>\n<p>Kh\u00f4ng ch\u1ec9 ch\u1ee5p \u1ea3nh v\u00e0 kh\u1ea3 n\u0103ng quay video tr\u00ean iPhone 11 c\u0169ng \u0111\u01b0\u1ee3c \u0111\u00e1nh gi\u00e1 cao. V\u1edbi kh\u1ea3 n\u0103ng ch\u1ed1ng rung t\u1ed1t, c\u00e1c video thu l\u1ea1i r\u1ea5t \u1ed5n \u0111\u1ecbnh, kh\u00f4ng b\u1ecb gi\u1eadt v\u00e0 \u0111\u1ed9 s\u00e1ng cao, kh\u00f4ng b\u1ecb m\u1ea5t c\u00e2n b\u1eb1ng tr\u1eafng trong qu\u00e1 tr\u00ecnh quay.<\/p>\n<h3>Ho\u1ea1t \u0111\u1ed9ng m\u01b0\u1ee3t m\u00e0 v\u1edbi\u00a0chip A13 Bionic m\u1ea1nh m\u1ebd<\/h3>\n<p>M\u1ed9t trong nh\u1eefng n\u00e2ng c\u1ea5p kh\u00e1c \u0111\u00e1ng ch\u00fa \u00fd tr\u00ean\u00a0<strong>iPhone 11<\/strong>\u00a0ch\u00ednh l\u00e0 chip x\u1eed l\u00fd Apple A13 Bionic. \u0110\u00e2y l\u00e0 con chip nhanh nh\u1ea5t t\u1eebng c\u00f3 trong \u0111i\u1ec7n tho\u1ea1i th\u00f4ng minh, cung c\u1ea5p hi\u1ec7u n\u0103ng v\u00f4 song cho m\u1ecdi t\u00e1c v\u1ee5 v\u00e0 c\u00f3 CPU c\u00f9ng GPU nhanh h\u01a1n t\u1edbi 20% so v\u1edbi A12.<\/p>\n<p><img decoding=\"async\" class=\"cpslazy loaded\" src=\"https:\/\/cdn.cellphones.com.vn\/media\/wysiwyg\/mobile\/apple\/iPhone-11-chinh-hang-4.jpg\" alt=\"Chip A13 Bionic m\u1ea1nh m\u1ebd c\u00f9ng h\u1ec7 \u0111i\u1ec1u h\u00e0nh iOS 13\" data-src=\"https:\/\/cdn.cellphones.com.vn\/media\/wysiwyg\/mobile\/apple\/iPhone-11-chinh-hang-4.jpg\" data-ll-status=\"loaded\" \/><\/p>\n<p>Chip A13 Bionic c\u00f2n \u0111\u01b0\u1ee3c ch\u1ebf t\u1ea1o \u0111\u1ec3 h\u1ecdc m\u00e1y, v\u1edbi NPU nhanh h\u01a1n \u0111\u1ec3 ph\u00e2n t\u00edch h\u00ecnh \u1ea3nh v\u00e0 video th\u1eddi gian th\u1ef1c v\u00e0 cung c\u1ea5p h\u01a1n 1 ngh\u00ecn t\u1ef7 ho\u1ea1t \u0111\u1ed9ng m\u1ed7i gi\u00e2y. A13 Bionic s\u1ebd k\u1ebft h\u1ee3p v\u1edbi iOS 13 m\u1ed9t c\u00e1ch ho\u00e0n h\u1ea3o, t\u1ea1o th\u00e0nh n\u1ec1n t\u1ea3ng m\u00e1y h\u1ecdc t\u1ed1t nh\u1ea5t trong \u0111i\u1ec7n tho\u1ea1i th\u00f4ng minh.\u00a0Con chip Apple A13 n\u00e0y \u0111\u01b0\u1ee3c s\u1ea3n xu\u1ea5t tr\u00ean ti\u1ebfn tr\u00ecnh 7 nm+ c\u00f9ng 8,5 t\u1ef7 b\u00f3ng b\u00e1n d\u1eabn gi\u00fap nhanh h\u01a1n v\u00e0 ti\u1ebft ki\u1ec7m \u0111i\u1ec7n n\u0103ng h\u01a1n \u0111\u1ebfn 20% so v\u1edbi th\u1ebf h\u1ec7 tr\u01b0\u1edbc.<\/p>\n<p>C\u00f9ng v\u1edbi b\u1ed9 nh\u1edb trong 64GB v\u00e0 dung l\u01b0\u1ee3ng ram 4GB cho kh\u1ea3 n\u0103ng ho\u1ea1t \u0111\u1ed9ng m\u01b0\u1ee3t m\u00e0, \u0111a nhi\u1ec7m \u1ea5n t\u01b0\u1ee3ng c\u0169ng nh\u01b0 kh\u00f4ng gian l\u01b0u tr\u1eef v\u1eeba \u0111\u1ee7 v\u1edbi y\u00eau c\u1ea7u th\u00f4ng th\u01b0\u1eddng. B\u00ean c\u1ea1nh b\u1ea3n 64GB b\u1ed9 nh\u1edb trong ti\u00eau chu\u1ea9n, Apple c\u00f2n cung c\u1ea5p th\u00eam nh\u1eefng phi\u00ean b\u1ea3n n\u00e2ng c\u1ea5p kh\u00e1c nh\u01b0 iPhone 11 128GB v\u00e0 256GB.<\/p>\n<p>C\u1ee5 th\u1ec3 khi \u0111o \u0111i\u1ec3m hi\u1ec7u n\u0103ng th\u00ec iPhone 11 \u0111\u1ea1t 5477 \u0111i\u1ec3m \u0111\u01a1n nh\u00e2n tr\u00ean GeekBench 4.1 v\u00e0 \u0111i\u1ec3m \u0111a nh\u00e2n l\u00ean \u0111\u1ebfn 13.882. Khi s\u1eed d\u1ee5ng Antutu 7, \u0111i\u1ec3m s\u1ed1 \u0111o ra l\u00e0 419453, m\u1ed9t \u0111i\u1ec3m s\u1ed1 kh\u00e1 cao. Nh\u1edd \u0111\u00f3, m\u00e1y mang l\u1ea1i kh\u1ea3 n\u0103ng ch\u01a1i game m\u01b0\u1ee3t m\u00e0, k\u1ec3 c\u1ea3 khi b\u1eadt m\u1ee9c \u0111\u1ed3 h\u1ecda cao nh\u1ea5t.<\/p>\n<p><img decoding=\"async\" class=\"cpslazy loaded\" src=\"https:\/\/cdn.cellphones.com.vn\/media\/wysiwyg\/mobile\/apple\/iPhone-11-12.jpg\" alt=\"Ho\u1ea1t \u0111\u1ed9ng m\u01b0\u1ee3t m\u00e0 v\u1edbi chip A13 Bionic m\u1ea1nh m\u1ebd c\u00f9ng h\u1ec7 \u0111i\u1ec1u h\u00e0nh iOS 13 \" data-src=\"https:\/\/cdn.cellphones.com.vn\/media\/wysiwyg\/mobile\/apple\/iPhone-11-12.jpg\" data-ll-status=\"loaded\" \/><\/p>\n<p>V\u1edbi game Li\u00ean Qu\u00e2n Mobile, \u0111i\u1ec7n tho\u1ea1i v\u1edbi FPS \u1ed5n \u0111\u1ecbnh t\u1eeb 59-60. C\u00f2n \u1edf game Call of Duty Mobile, c\u00e1c di chuy\u1ec3n c\u1ee7a nh\u00e2n v\u1eadt v\u00f4 c\u00f9ng tr\u01a1n tru, kh\u00f4ng h\u1ec1 b\u1ecb gi\u1eadt lag.<\/p>\n<h3>Dung l\u01b0\u1ee3ng pin t\u1ed1t l\u01b0\u1edbt web su\u00f4\u0301t 15 ti\u00ea\u0301ng, s\u1ea1c nhanh 50% trong 30 ph\u00fat<\/h3>\n<p>V\u1edbi vi\u00ean pin 3110 mAh, ng\u01b0\u1eddi d\u00f9ng c\u00f3 th\u1ec3 s\u1eed d\u1ee5ng \u0111\u1ec3 l\u01b0\u1edbt web su\u00f4\u0301t 15 ti\u00ea\u0301ng v\u00e0 xem video 10 ti\u00ea\u0301ng li\u00ean t\u1ee5c, con s\u1ed1 n\u00e0y th\u1ef1c s\u1ef1 \u1ea5n t\u01b0\u1ee3ng. V\u00e0 n\u00f3 nhi\u1ec1u h\u01a1n c\u1ea3 Xr c\u0169ng nh\u01b0 th\u1eddi gian s\u1eed d\u1ee5ng c\u1ee7a iPhone 11 c\u00f2n l\u00e2u h\u01a1n 1.5 ti\u1ebfng so v\u1edbi iPhone 8 Plus.\u00a0Th\u1ef1c t\u1ebf s\u1eed d\u1ee5ng \u0111i\u1ec7n tho\u1ea1i c\u00f3 th\u1ec3 ho\u1ea1t \u0111\u1ed9ng l\u00ean \u0111\u1ebfn 1-2 ng\u00e0y, t\u00f9y c\u01b0\u1eddng \u0111\u1ed9 s\u1eed d\u1ee5ng c\u1ee7a ng\u01b0\u1eddi d\u00f9ng v\u1edbi c\u00e1c thao t\u00e1c nh\u01b0 l\u01b0\u1edbt facebook, l\u00e2u l\u00e2u xem Youtube ho\u1eb7c ch\u01a1i game c\u01b0\u1eddng \u0111\u1ed9 nh\u1eb9.<\/p>\n<p><img decoding=\"async\" class=\"cpslazy loaded\" src=\"https:\/\/cdn.cellphones.com.vn\/media\/wysiwyg\/mobile\/apple\/iPhone-11-chinh-hang-8.jpg\" alt=\"Dung l\u01b0\u1ee3ng pin t\u1ed1t cho th\u1eddi gian l\u01b0\u1edbt web su\u00f4\u0301t 15 ti\u00ea\u0301ng, kh\u1ea3 n\u0103ng s\u1ea1c nhanh 50% trong 30 ph\u00fat\" data-src=\"https:\/\/cdn.cellphones.com.vn\/media\/wysiwyg\/mobile\/apple\/iPhone-11-chinh-hang-8.jpg\" data-ll-status=\"loaded\" \/><\/p>\n<p>M\u00e1y c\u00f2n c\u00f3 kh\u1ea3 n\u0103ng s\u1ea1c nhanh t\u1edbi 50% trong 30 ph\u00fat v\u1edbi b\u1ed9 chuy\u1ec3n \u0111\u1ed5i 18W tr\u1edf l\u00ean (\u0111\u01b0\u1ee3c b\u00e1n ri\u00eang) v\u00e0 h\u1ed7 tr\u1ee3 s\u1ea1c kh\u00f4ng d\u00e2y chu\u1ea9n Qi.<\/p>\n<p>Tuy nhi\u00ean, s\u1ea1c nhanh s\u1ebd kh\u00f4ng \u0111\u01b0\u1ee3c b\u00e1n k\u00e8m theo s\u1ea1c m\u00e0 ng\u01b0\u1eddi d\u00f9ng c\u1ea7n ph\u1ea3i mua ri\u00eang.\u00a0V\u1ec1 th\u1eddi gian s\u1ea1c, n\u1ebfu s\u1eed d\u1ee5ng s\u1ea1c 5W th\u00f4ng th\u01b0\u1eddng th\u00ec s\u1ebd c\u1ea7n \u0111\u1ebfn 1 ti\u1ebfng r\u01b0\u1ee1i \u0111\u1ec3 s\u1ea1c 50% pin v\u00e0 \u0111\u1ec3 \u0111\u1ea7y pin c\u1ea7n \u0111\u1ebfn 3 ti\u1ebfng 28 ph\u00fat.<\/p>\n","protected":false},"excerpt":{"rendered":"<p>\u0110\u00e1nh gi\u00e1 iPhone 11\u00a0 \u2013\u00a0Camera n\u00e2ng c\u1ea5p, m\u00e0u s\u1eafc tr\u1ebb trung iPhone 11\u00a0l\u00e0 model c\u00f3 nhi\u1ec1u m\u00e0u s\u1eafc nh\u1ea5t v\u00e0 c\u00f3 gi\u00e1 r\u1ebb nh\u1ea5t trong b\u1ed9 3 iPhone 11 series \u0111\u01b0\u1ee3c\u00a0Apple\u00a0ra m\u1eaft trong n\u0103m 2019. B\u00ean c\u1ea1nh \u0111\u00f3, c\u1ea5u h\u00ecnh m\u00e1y c\u0169ng \u0111\u01b0\u1ee3c n\u00e2ng c\u1ea5p \u0111\u1eb7c bi\u1ec7t v\u1ec1 c\u1ee5m camera sau v\u00e0 Face ID, vi\u00ean&#8230;<\/p>\n","protected":false},"featured_media":1504,"comment_status":"open","ping_status":"closed","template":"","meta":[],"product_cat":[30],"product_tag":[],"class_list":{"0":"post-1478","1":"product","2":"type-product","3":"status-publish","4":"has-post-thumbnail","6":"product_cat-iphone-11-series","8":"first","9":"instock","10":"sale","11":"shipping-taxable","12":"purchasable","13":"product-type-variable","14":"has-default-attributes"},"_links":{"self":[{"href":"https:\/\/pluginviet.com\/mau7\/wp-json\/wp\/v2\/product\/1478","targetHints":{"allow":["GET"]}}],"collection":[{"href":"https:\/\/pluginviet.com\/mau7\/wp-json\/wp\/v2\/product"}],"about":[{"href":"https:\/\/pluginviet.com\/mau7\/wp-json\/wp\/v2\/types\/product"}],"replies":[{"embeddable":true,"href":"https:\/\/pluginviet.com\/mau7\/wp-json\/wp\/v2\/comments?post=1478"}],"wp:featuredmedia":[{"embeddable":true,"href":"https:\/\/pluginviet.com\/mau7\/wp-json\/wp\/v2\/media\/1504"}],"wp:attachment":[{"href":"https:\/\/pluginviet.com\/mau7\/wp-json\/wp\/v2\/media?parent=1478"}],"wp:term":[{"taxonomy":"product_cat","embeddable":true,"href":"https:\/\/pluginviet.com\/mau7\/wp-json\/wp\/v2\/product_cat?post=1478"},{"taxonomy":"product_tag","embeddable":true,"href":"https:\/\/pluginviet.com\/mau7\/wp-json\/wp\/v2\/product_tag?post=1478"}],"curies":[{"name":"wp","href":"https:\/\/api.w.org\/{rel}","templated":true}]}}