{"id":1473,"date":"2021-08-16T00:53:43","date_gmt":"2021-08-15T17:53:43","guid":{"rendered":"http:\/\/localhost\/xtmobile\/?post_type=product&#038;p=1473"},"modified":"2022-02-28T00:31:30","modified_gmt":"2022-02-27T17:31:30","slug":"realme-8-pro","status":"publish","type":"product","link":"https:\/\/pluginviet.com\/mau7\/san-pham\/realme-8-pro\/","title":{"rendered":"Realme 8 Pro"},"content":{"rendered":"<h2 style=\"text-align: center;\">\u0110\u00e1nh gi\u00e1 Realme 8 Pro &#8211; B\u1ed1n camera 108MP ch\u1ee5p \u1ea3nh \u0111\u1ec9nh cao<\/h2>\n<p>Realme l\u00e0 m\u1ed9t trong nh\u1eefng th\u01b0\u01a1ng hi\u1ec7u \u0111i\u1ec7n tho\u1ea1i n\u1ed5i b\u1eadt trong th\u1eddi gian g\u1ea7n \u0111\u00e2y khi h\u00e3ng lu\u00f4n tung ra nhi\u1ec1u s\u1ea3n ph\u1ea9m ch\u1ea5t l\u01b0\u1ee3ng cao v\u1edbi m\u1ee9c gi\u00e1 t\u1ea7m trung r\u1ea5t l\u00fd t\u01b0\u1edfng. B\u00ean c\u1ea1nh Realme 8 th\u00ec nh\u00e0 s\u1ea3n xu\u1ea5t c\u0169ng cho ra m\u1eaft phi\u00ean b\u1ea3n\u00a0<strong>Realme 8 Pro<\/strong>\u00a0v\u1edbi m\u1ed9t s\u1ed1 kh\u00e1c bi\u1ec7t trong thi\u1ebft k\u1ebf v\u00e0 c\u1ea5u h\u00ecnh.<\/p>\n<h3>Thi\u1ebft k\u1ebf nguy\u00ean kh\u1ed1i, m\u00e0n h\u00ecnh 6,4 inch Super AMOLED<\/h3>\n<p>Realme v\u1eabn gi\u1eef v\u1eefng \u0111\u01b0\u1ee3c phong c\u00e1ch \u0111\u1ecbnh h\u00ecnh cho d\u00f2ng s\u1ea3n ph\u1ea9m c\u1ee7a m\u00ecnh khi Realme 8 Pro ti\u1ebfp t\u1ee5c \u0111\u01b0\u1ee3c h\u00e3ng thi\u1ebft k\u1ebf v\u1edbi v\u1ebb ngo\u00e0i sang tr\u1ecdng, nh\u01b0ng v\u1eabn \u0111\u1ea3m b\u1ea3o \u0111\u01b0\u1ee3c s\u1ef1 g\u1ecdn g\u00e0ng, ti\u1ec7n l\u1ee3i cho ng\u01b0\u1eddi d\u00f9ng.\u00a0Chi\u1ebfc smartphone c\u00f3 k\u00edch th\u01b0\u1edbc nh\u1ecf g\u1ecdn, m\u1ecfng ch\u1ec9 8,1 mm v\u00e0 tr\u1ecdng l\u01b0\u1ee3ng l\u00e0 176 gram. Do \u0111\u00f3, b\u1ea1n c\u00f3 th\u1ec3 d\u1ec5 d\u00e0ng mang theo 8 Pro \u0111i \u0111\u1ebfn b\u1ea5t c\u1ee9 n\u01a1i n\u00e0o v\u00ec chi\u1ebfc \u0111i\u1ec7n tho\u1ea1i s\u1ebd kh\u00f4ng chi\u1ebfm nhi\u1ec1u di\u1ec7n t\u00edch c\u1ee7a t\u00fai x\u00e1ch.<\/p>\n<p><img decoding=\"async\" class=\"cpslazy loaded\" src=\"https:\/\/cdn.cellphones.com.vn\/media\/wysiwyg\/mobile\/realme\/realme-8-pro-1.jpg\" alt=\"Thi\u1ebft k\u1ebf nguy\u00ean kh\u1ed1i\" data-src=\"https:\/\/cdn.cellphones.com.vn\/media\/wysiwyg\/mobile\/realme\/realme-8-pro-1.jpg\" data-ll-status=\"loaded\" \/><\/p>\n<p>V\u1edbi hai gam m\u00e0u l\u00e0 \u0111en huy\u1ec1n b\u00ed v\u00e0 xanh thi\u00ean h\u00e0, ng\u01b0\u1eddi d\u00f9ng c\u00f3 th\u1ec3 tho\u1ea3i m\u00e1i l\u1ef1a ch\u1ecdn m\u00e0u s\u1eafc ph\u00f9 h\u1ee3p v\u1edbi b\u1ea3n th\u00e2n. Tuy m\u1ed7i m\u00e0u c\u00f3 n\u00e9t \u0111\u1eb9p ri\u00eang nh\u01b0ng t\u1ed5ng th\u1ec3 c\u1ea3m gi\u00e1c mang l\u1ea1i v\u1eabn l\u00e0 s\u1ef1 thanh l\u1ecbch c\u0169ng nh\u01b0 tr\u1ebb trung.<\/p>\n<p>Gi\u1ed1ng v\u1edbi Realme 8, v\u1edbi phi\u00ean b\u1ea3n Pro, h\u00e3ng ti\u1ebfp t\u1ee5c s\u1eed d\u1ee5ng m\u1ed9t m\u00e0n h\u00ecnh c\u1ea3m \u1ee9ng Super AMOLED 16 tri\u1ec7u m\u00e0u, tuy nhi\u00ean v\u1edbi k\u00edch th\u01b0\u1edbc l\u1edbn h\u01a1n l\u00e0 6,4 inch, v\u00e0 c\u0169ng cho t\u1ef7 l\u1ec7 khung h\u00ecnh l\u00ean \u0111\u1ebfn 90,8% th\u00e2n m\u00e1y.<\/p>\n<p>Ngo\u00e0i ra, m\u00e0n h\u00ecnh c\u00f2n c\u00f3 \u0111\u1ed9 ph\u00e2n gi\u1ea3i cao 1080 x 2400 pixels, c\u00f9ng t\u1ef7 l\u1ec7 khung h\u00ecnh 20:9, th\u00eam v\u00e0o \u0111\u00f3 l\u00e0 m\u1eadt \u0111\u1ed9 \u0111i\u1ec3m \u1ea3nh l\u00e0 409 pixels\/inch. \u0110i\u1ec1u n\u00e0y cho ph\u00e9p h\u00ecnh \u1ea3nh \u0111\u01b0\u1ee3c ph\u1ea3n \u00e1nh ch\u00e2n th\u1ef1c v\u1edbi \u0111\u1ed9 chi ti\u1ebft r\u1ea5t cao.<\/p>\n<p>Kh\u00f4ng ch\u1ec9 v\u1eady, chi\u1ebfc \u0111i\u1ec7n tho\u1ea1i c\u00f2n \u0111\u01b0\u1ee3c \u1ee9ng d\u1ee5ng c\u00f4ng ngh\u1ec7 HDR 10+ ti\u00ean ti\u1ebfn c\u00f3 th\u1ec3 c\u1ea3i thi\u1ec7n \u0111\u1ed9 s\u00e1ng. Do \u0111\u00f3, b\u1ea1n c\u00f3 th\u1ec3 s\u1ebd ph\u1ea3i b\u1ea5t ng\u1edd khi \u0111\u1ed9 s\u00e1ng m\u00e0n h\u00ecnh c\u1ee7a m\u00e1y c\u00f3 th\u1ec3 \u0111\u1ea1t t\u1edbi con s\u1ed1 \u1ea5n t\u01b0\u1ee3ng 1000 nits.<\/p>\n<p>\u0110i\u1ec1u n\u00e0y \u0111\u1ed3ng th\u1eddi c\u0169ng c\u00f3 ngh\u0129a l\u00e0 b\u1ea1n c\u00f3 th\u1ec3 chi\u00eam ng\u01b0\u1ee1ng h\u00ecnh \u1ea3nh v\u1edbi ch\u1ea5t l\u01b0\u1ee3ng khung h\u00ecnh cao, \u0111\u1ed9 s\u00e2u v\u00e0 \u0111\u1ed9 chi ti\u1ebft c\u1ee7a h\u00ecnh \u1ea3nh hi\u1ec3n th\u1ecb \u0111\u01b0\u1ee3c c\u1ea3i thi\u1ec7n r\u00f5 r\u1ec7t, gi\u00fap b\u1ea1n c\u00f3 nh\u1eefng ph\u00fat gi\u00e2y gi\u1ea3i tr\u00ed r\u1ea5t tuy\u1ec7t v\u1eddi.<\/p>\n<p><img decoding=\"async\" class=\"cpslazy loaded\" src=\"https:\/\/cdn.cellphones.com.vn\/media\/wysiwyg\/mobile\/realme\/realme-8-pro-2.jpg\" alt=\"Ch\u1ea5t li\u1ec7u cao c\u1ea5p, m\u00e0n h\u00ecnh Super AMOLED\" data-src=\"https:\/\/cdn.cellphones.com.vn\/media\/wysiwyg\/mobile\/realme\/realme-8-pro-2.jpg\" data-ll-status=\"loaded\" \/><\/p>\n<h3>Hi\u1ec7u n\u0103ng m\u1ea1nh m\u1ebd c\u00f9ng v\u1edbi chip Snapdragon 720G, Ram 8GB<\/h3>\n<p>\u0110\u1ec3 gi\u00fap \u0111i\u1ec7n tho\u1ea1i s\u1edf h\u1eefu m\u1ed9t hi\u1ec7u n\u0103ng n\u1ed5i b\u1eadt, nh\u00e0 s\u1ea3n xu\u1ea5t \u0111\u00e3 trang b\u1ecb cho Realme 8 Pro m\u1ed9t con chip Snapdragon 720G v\u00e0 b\u1ed9 x\u1eed l\u00fd t\u00e1m nh\u00e2n Octa-core gi\u00fap tho\u1ea3i m\u00e1i \u0111\u1ea3m nhi\u1ec7m nhi\u1ec1u t\u00e1c v\u1ee5 t\u1eeb nh\u1eb9 \u0111\u1ebfn n\u1eb7ng.<\/p>\n<p>B\u1ea1n c\u00f3 th\u1ec3 s\u1eed d\u1ee5ng chi\u1ebfc \u0111i\u1ec7n tho\u1ea1i trong tr\u1ea1ng th\u00e1i b\u00ecnh th\u01b0\u1eddng m\u1ed9t c\u00e1ch m\u01b0\u1ee3t m\u00e0, kh\u00f4ng lo gi\u1eadt lag. B\u00ean c\u1ea1nh \u0111\u00f3, chi\u1ebfc \u0111i\u1ec7n tho\u1ea1i Realme 8 Pro c\u00f2n \u0111\u01b0\u1ee3c h\u1ed7 tr\u1ee3 b\u1edfi b\u1ed9 nh\u1edb c\u00f3 dung l\u01b0\u1ee3ng l\u00e0 128GB v\u1edbi RAM 8GB.<\/p>\n<p>D\u00f9 kh\u00f4ng b\u1eb1ng Realme 8 \u1edf kho\u1ea3ng dung l\u01b0\u1ee3ng l\u01b0u tr\u1eef, nh\u01b0ng v\u1edbi th\u00f4ng s\u1ed1 nh\u01b0 tr\u00ean, ng\u01b0\u1eddi d\u00f9ng v\u1eabn c\u00f3 th\u1ec3 l\u01b0u tr\u1eef d\u1eef li\u1ec7u c\u0169ng nh\u01b0 t\u1ea3i v\u1ec1 c\u00e1c t\u1ef1a game y\u00eau th\u00edch \u0111\u1ec3 tr\u1ea3i nghi\u1ec7m ngay tr\u00ean chi\u1ebfc \u0111i\u1ec7n tho\u1ea1i th\u00f4ng minh n\u00e0y.<\/p>\n<p><img decoding=\"async\" class=\"cpslazy loaded\" src=\"https:\/\/cdn.cellphones.com.vn\/media\/wysiwyg\/mobile\/realme\/realme-8-pro-4.jpg\" alt=\"Hi\u1ec7u n\u0103ng m\u1ea1nh m\u1ebd c\u00f9ng v\u1edbi chip Snapdragon 765G, Ram 8GB\" data-src=\"https:\/\/cdn.cellphones.com.vn\/media\/wysiwyg\/mobile\/realme\/realme-8-pro-4.jpg\" data-ll-status=\"loaded\" \/><\/p>\n<h3>H\u1ec7 th\u1ed1ng b\u1ed1n camera \u1ea5n t\u01b0\u1ee3ng l\u00ean \u0111\u1ebfn 108MP, camera tr\u01b0\u1edbc 16MP<\/h3>\n<p>Realme \u0111\u00e3 b\u1eaft k\u1ecbp xu h\u01b0\u1edbng v\u00e0 trang b\u1ecb cho chi\u1ebfc\u00a0<strong>Realme 8 Pro<\/strong>\u00a0h\u1ec7 th\u1ed1ng 4 camera v\u1edbi \u0111\u1ed9 ph\u00e2n gi\u1ea3i l\u1ea7n l\u01b0\u1ee3t l\u00e0 camera ch\u00ednh 108MP, camera g\u00f3c si\u00eau r\u1ed9ng 8MP, camera g\u00f3c si\u00eau c\u1eadn 2MP v\u00e0 camera ch\u00e2n dung \u0111en &#8211; tr\u1eafng 2MP gi\u00fap ng\u01b0\u1eddi d\u00f9ng tho\u1ea3i m\u00e1i ch\u1ee5p h\u00ecnh.<\/p>\n<p>V\u1edbi h\u1ec7 th\u1ed1ng camera n\u00e0y b\u1ea1n c\u00f3 th\u1ec3 tho\u1ea3i m\u00e1i ch\u1ee5p v\u00e0 l\u01b0u l\u1ea1i cho m\u00ecnh v\u1edbi m\u00ecnh b\u1ee9c h\u00ecnh \u0111\u1ed9 ph\u00e2n gi\u1ea3i cao tr\u00ean chi\u1ebfc smartphone c\u1ee7a m\u00ecnh.<\/p>\n<p>C\u00f3 th\u1ec3 th\u1ea5y, \u1edf phi\u00ean b\u1ea3n Pro n\u00e0y, h\u00e3ng Realme v\u1eabn ti\u1ebfp t\u1ee5c gi\u1eef nguy\u00ean c\u00e1c th\u00f4ng s\u1ed1 camera nh\u01b0 \u0111\u1ed1i v\u1edbi b\u1ea3n Realme 8. V\u1edbi trang b\u1ecb camera nh\u01b0 tr\u00ean, b\u1ea1n c\u00f3 th\u1ec3 \u0111a d\u1ea1ng l\u1ef1a ch\u1ecdn quay 30\/60\/120 khung h\u00ecnh tr\u00ean m\u1ed7i gi\u00e2y.<\/p>\n<p>M\u1ed9t \u0111i\u1ec3m \u0111\u00e1ng ch\u00fa \u00fd kh\u00e1c c\u1ea7n \u0111\u1ec1 c\u1eadp l\u00e0 Realme 8 Pro s\u1eed d\u1ee5ng c\u00f4ng ngh\u1ec7 gyro-EIS c\u00f3 kh\u1ea3 n\u0103ng ch\u1ed1ng rung r\u1ea5t t\u1ed1t. \u0110i\u1ec1u n\u00e0y cho ph\u00e9p b\u1ea1n s\u1ebd c\u00f3 nh\u1eefng th\u01b0\u1edbc phim r\u00f5 n\u00e9t, kh\u00f4ng lo b\u1ecb m\u1edd nh\u00f2e khi quay kh\u00f4ng \u1ed5n \u0111\u1ecbnh.<\/p>\n<p>H\u01a1n th\u1ebf \u0111i\u1ec7n tho\u1ea1i c\u00f2n s\u1edf h\u1eefu camera tr\u01b0\u1edbc v\u1edbi \u0111\u1ed9 ph\u00e2n gi\u1ea3i l\u00ean 16MP gi\u00fap ng\u01b0\u1eddi d\u00f9ng c\u00f3 nh\u1eefng khung h\u00ecnh selfie t\u1ef1 nhi\u00ean v\u00e0 s\u1eafc n\u00e9t.<\/p>\n<p><img decoding=\"async\" class=\"cpslazy loaded\" src=\"https:\/\/cdn.cellphones.com.vn\/media\/wysiwyg\/mobile\/realme\/realme-8-pro-3.jpg\" alt=\"H\u1ec7 th\u1ed1ng b\u1ed1n camera \u1ea5n t\u01b0\u1ee3ng l\u00ean \u0111\u1ebfn 48MP, camera tr\u01b0\u1edbc 12MP\" data-src=\"https:\/\/cdn.cellphones.com.vn\/media\/wysiwyg\/mobile\/realme\/realme-8-pro-3.jpg\" data-ll-status=\"loaded\" \/><\/p>\n<h3>Pin 4500mAh, c\u00f4ng ngh\u1ec7 s\u1ea1c nhanh 50W<\/h3>\n<p>Chi\u1ebfc smartphone Realme 8 Pro \u0111\u01b0\u1ee3c trang b\u1ecb m\u1ed9t chi\u1ebfc pin c\u00f3 dung l\u01b0\u1ee3ng l\u1edbn 4500mAh cho ng\u01b0\u1eddi d\u00f9ng th\u1eddi gian s\u1eed d\u1ee5ng kh\u00e1 l\u00e2u. Ngo\u00e0i ra, phi\u00ean b\u1ea3n Pro c\u00f2n \u0111\u01b0\u1ee3c \u1ee9ng d\u1ee5ng c\u00f4ng ngh\u1ec7 s\u1ea1c\u00a0SuperDart Charge 50W.<\/p>\n<p>\u01afu \u0111i\u1ec3m c\u1ee7a c\u00f4ng ngh\u1ec7 n\u00e0y l\u00e0 gi\u00fap t\u1ed1c \u0111\u1ed9 s\u1ea1c nhanh h\u01a1n g\u1ea5p nhi\u1ec1u l\u1ea7n. Do \u0111\u00f3 ch\u1ec9 trong v\u00f2ng kho\u1ea3ng 17 ph\u00fat, chi\u1ebfc \u0111i\u1ec7n tho\u1ea1i \u0111\u00e3 c\u00f3 th\u1ec3 s\u1ea1c \u0111\u01b0\u1ee3c 50%, gi\u00fap ng\u01b0\u1eddi d\u00f9ng c\u00f3 th\u1ec3 r\u00fat ng\u1eafn th\u1eddi gian ch\u1edd \u0111\u1ee3i m\u1ed7i l\u1ea7n s\u1ea1c.<\/p>\n<p><img decoding=\"async\" class=\"cpslazy loaded\" src=\"https:\/\/cdn.cellphones.com.vn\/media\/wysiwyg\/mobile\/realme\/realme-8-pro-5.jpg\" alt=\"Pin 4200mAh, c\u00f4ng ngh\u1ec7 VOOC 4.0\" data-src=\"https:\/\/cdn.cellphones.com.vn\/media\/wysiwyg\/mobile\/realme\/realme-8-pro-5.jpg\" data-ll-status=\"loaded\" \/><\/p>\n<h2>\u0110i\u1ec7n tho\u1ea1i Realme 8 Pro gi\u00e1 bao nhi\u00eau ti\u1ec1n?<\/h2>\n<p>Gi\u00e1 b\u00e1n Realme 8 Pro t\u1ea1i th\u1ecb tr\u01b0\u1eddng Vi\u1ec7t Nam l\u00e0 8.69 tri\u1ec7u \u0111\u1ed3ng, trong khi \u0111\u00f3\u00a0Realme 8 c\u00f3 m\u1ee9c gi\u00e1 th\u1ea5p h\u01a1n 7.29 tri\u1ec7u \u0111\u1ed3ng.\u00a0Phi\u00ean b\u1ea3n Pro c\u00f3 3 t\u00f9y ch\u1ecdn m\u00e0u s\u1eafc v\u00f4 c\u00f9ng b\u1eaft m\u1eaft g\u1ed3m:\u00a0Infinite Blue, Infinite Black v\u00e0 phi\u00ean b\u1ea3n \u0111\u1eb7c bi\u1ec7t Illuminating Yellow\u00a0s\u1eed d\u1ee5ng v\u1eadt li\u1ec7u hu\u1ef3nh quang v\u00e0 c\u00f3 th\u1ec3 ph\u00e1t s\u00e1ng trong b\u00f3ng t\u1ed1i.<\/p>\n<p>B\u1ed9 \u0111\u00f4i \u0111i\u1ec7n tho\u1ea1i m\u1edbi nh\u1ea5t c\u1ee7a Realme s\u1ebd ch\u00ednh th\u1ee9c l\u00ean k\u1ec7 t\u1ea1i Vi\u1ec7t Nam v\u00e0o th\u00e1ng 5. \u0110\u00e2y s\u1ebd l\u00e0 \u0111\u1ed1i th\u1ee7 \u0111\u00e1ng g\u1eddm trong ph\u00e2n kh\u00fac t\u1ea7m trung, c\u1ea1nh tranh tr\u1ef1c ti\u1ebfp v\u1edbi c\u00e1c \u0111\u1ed1i th\u1ee7 nh\u01b0 Samsung Galaxy A52, Oppo Reno5 hay Redmi Note 10 Pro&#8230;<\/p>\n","protected":false},"excerpt":{"rendered":"<p>\u0110\u00e1nh gi\u00e1 Realme 8 Pro &#8211; B\u1ed1n camera 108MP ch\u1ee5p \u1ea3nh \u0111\u1ec9nh cao Realme l\u00e0 m\u1ed9t trong nh\u1eefng th\u01b0\u01a1ng hi\u1ec7u \u0111i\u1ec7n tho\u1ea1i n\u1ed5i b\u1eadt trong th\u1eddi gian g\u1ea7n \u0111\u00e2y khi h\u00e3ng lu\u00f4n tung ra nhi\u1ec1u s\u1ea3n ph\u1ea9m ch\u1ea5t l\u01b0\u1ee3ng cao v\u1edbi m\u1ee9c gi\u00e1 t\u1ea7m trung r\u1ea5t l\u00fd t\u01b0\u1edfng. B\u00ean c\u1ea1nh Realme 8 th\u00ec nh\u00e0 s\u1ea3n&#8230;<\/p>\n","protected":false},"featured_media":1475,"comment_status":"open","ping_status":"closed","template":"","meta":[],"product_cat":[148,21],"product_tag":[331],"class_list":{"0":"post-1473","1":"product","2":"type-product","3":"status-publish","4":"has-post-thumbnail","6":"product_cat-hot-sale","7":"product_cat-realme","8":"product_tag-realme-8-pro","10":"first","11":"instock","12":"shipping-taxable","13":"purchasable","14":"product-type-variable","15":"has-default-attributes"},"_links":{"self":[{"href":"https:\/\/pluginviet.com\/mau7\/wp-json\/wp\/v2\/product\/1473","targetHints":{"allow":["GET"]}}],"collection":[{"href":"https:\/\/pluginviet.com\/mau7\/wp-json\/wp\/v2\/product"}],"about":[{"href":"https:\/\/pluginviet.com\/mau7\/wp-json\/wp\/v2\/types\/product"}],"replies":[{"embeddable":true,"href":"https:\/\/pluginviet.com\/mau7\/wp-json\/wp\/v2\/comments?post=1473"}],"wp:featuredmedia":[{"embeddable":true,"href":"https:\/\/pluginviet.com\/mau7\/wp-json\/wp\/v2\/media\/1475"}],"wp:attachment":[{"href":"https:\/\/pluginviet.com\/mau7\/wp-json\/wp\/v2\/media?parent=1473"}],"wp:term":[{"taxonomy":"product_cat","embeddable":true,"href":"https:\/\/pluginviet.com\/mau7\/wp-json\/wp\/v2\/product_cat?post=1473"},{"taxonomy":"product_tag","embeddable":true,"href":"https:\/\/pluginviet.com\/mau7\/wp-json\/wp\/v2\/product_tag?post=1473"}],"curies":[{"name":"wp","href":"https:\/\/api.w.org\/{rel}","templated":true}]}}