{"id":1466,"date":"2021-08-15T23:36:52","date_gmt":"2021-08-15T16:36:52","guid":{"rendered":"http:\/\/localhost\/xtmobile\/?post_type=product&#038;p=1466"},"modified":"2021-09-29T12:35:33","modified_gmt":"2021-09-29T05:35:33","slug":"xiaomi-redmi-note-10s","status":"publish","type":"product","link":"https:\/\/pluginviet.com\/mau7\/san-pham\/xiaomi-redmi-note-10s\/","title":{"rendered":"Xiaomi Redmi Note 10S"},"content":{"rendered":"<h2 dir=\"ltr\">\u0110\u00e1nh gi\u00e1 Xiaomi Redmi Note 10S &#8211; Hi\u00ea\u0323u n\u0103ng ma\u0323nh me\u0303, th\u01a1\u0300i l\u01b0\u01a1\u0323ng pin l\u00e2u<\/h2>\n<p dir=\"ltr\"><strong>Redmi Note 10S<\/strong>\u00a0\u0111\u01b0\u1ee3c xem l\u00e0 phi\u00ean b\u1ea3n cao c\u1ea5p c\u1ee7a Redmi Note 10 v\u00e0 c\u0169ng l\u00e0 m\u1ed9t phi\u00ean b\u1ea3n t\u1ed1i gi\u1ea3n c\u1ee7a phi\u00ean b\u1ea3n Pro. M\u00e1y\u00a0\u0111\u01b0\u1ee3c trang bi\u0323 ma\u0300n hi\u0300nh s\u1eafc n\u00e9t, hi\u00ea\u0323u n\u0103ng ma\u0323nh me\u0303 c\u00f9ng h\u1ec7 th\u1ed1ng camera ch\u1ea5t l\u01b0\u1ee3ng, \u0111\u00e2y\u00a0chi\u0301nh la\u0300 &#8220;ng\u00f4i sao&#8221; m\u01a1\u0301i nh\u00e2\u0301t trong thi\u0323 tr\u01b0\u01a1\u0300ng smartphone ph\u00e2n khu\u0301c t\u1ea7m trung 2021.<\/p>\n<p dir=\"ltr\"><img decoding=\"async\" class=\"cpslazy loaded\" src=\"https:\/\/cdn.cellphones.com.vn\/media\/wysiwyg\/mobile\/xiaomi\/xiaomi-redmi-note-10s-1_1.jpg\" alt=\"\u0110\u00e1nh gi\u00e1 Xiaomi Redmi Note 10S - Hi\u00ea\u0323u n\u0103ng ma\u0323nh me\u0303, th\u01a1\u0300i l\u01b0\u01a1\u0323ng pin l\u00e2u\" width=\"840\" data-src=\"https:\/\/cdn.cellphones.com.vn\/media\/wysiwyg\/mobile\/xiaomi\/xiaomi-redmi-note-10s-1_1.jpg\" data-ll-status=\"loaded\" \/><\/p>\n<h3 dir=\"ltr\">Thi\u00ea\u0301t k\u00ea\u0301 b\u1eaft m\u1eaft, ma\u0300n hi\u0300nh AMOLED s\u1eafc n\u00e9t<\/h3>\n<p dir=\"ltr\">\u1ede m\u1eb7t sau, Xiaomi Redmi Note 10S mang \u0111\u00ea\u0301n cho ng\u01b0\u01a1\u0300i du\u0300ng ca\u0309m gia\u0301c gi\u1ed1ng nh\u01b0 \u0111ang s\u01b0\u0309 du\u0323ng smartphone cao c\u00e2\u0301p &amp; sang tro\u0323ng v\u01a1\u0301i thi\u00ea\u0301t k\u00ea\u0301 c\u1ef1c k\u1ef3 \u0111\u1eb9p m\u1eaft d\u00f9 ch\u1ec9 \u0111\u01b0\u1ee3c ho\u00e0n thi\u1ec7n t\u1eeb ch\u1ea5t li\u1ec7u nh\u1ef1a.<\/p>\n<p dir=\"ltr\">\u0110i\u1ec7n tho\u1ea1i ch\u01b0\u0301a \u0111\u01b0\u0323ng khay l\u0103\u0301p hai SIM b\u00ean trong, cho phe\u0301p ba\u0323n s\u01b0\u0309 du\u0323ng hai s\u00f4\u0301 \u0111i\u00ea\u0323n thoa\u0323i tr\u00ean cu\u0300ng m\u00f4\u0323t thi\u00ea\u0301t bi\u0323. C\u00f4\u0309ng jack tai nghe 3.5mm cu\u0303ng hi\u00ea\u0323n di\u00ea\u0323n tr\u00ean ma\u0301y cho nh\u01b0\u0303ng ai co\u0300n g\u0103\u0301n bo\u0301 v\u01a1\u0301i tai nghe co\u0301 d\u00e2y truy\u00ea\u0300n th\u00f4\u0301ng.<\/p>\n<p dir=\"ltr\">V\u00ea\u0300 hi\u00ea\u0309n thi\u0323, Redmi Note 10S trang bi\u0323 ma\u0300n hi\u0300nh AMOLED ki\u0301ch th\u01b0\u01a1\u0301c 6.43 inch, \u0111\u00f4\u0323 ph\u00e2n gia\u0309i Full HD+ (2400 x 1080 pixels) v\u1edbi t\u1ea7n s\u1ed1 qu\u00e9t 60Hz ta\u0323o n\u00ean hi\u0300nh a\u0309nh s\u0103\u0301c ne\u0301t. M\u00e1y s\u01b0\u0309 du\u0323ng thi\u00ea\u0301t k\u00ea\u0301 ma\u0300n hi\u0300nh \u0111u\u0323c l\u00f4\u0303 bao phu\u0309 g\u00e2\u0300n nh\u01b0 tro\u0323n m\u0103\u0323t tr\u01b0\u01a1\u0301c, v\u01a1\u0301i vi\u00ea\u0300n mo\u0309ng ta\u0323o tra\u0309i nghi\u00ea\u0323m quan sa\u0301t hi\u0300nh a\u0309nh thoa\u0301ng \u0111a\u0303ng &amp; ch\u00e2n th\u01b0\u0323c.<\/p>\n<p dir=\"ltr\"><img decoding=\"async\" class=\"cpslazy loaded\" src=\"https:\/\/cdn.cellphones.com.vn\/media\/wysiwyg\/mobile\/xiaomi\/xiaomi-redmi-note-10s-4_1.jpg\" alt=\"Redmi Note 10S c\u00f3 ma\u0300n hi\u0300nh AMOLED s\u1eafc n\u00e9t\" width=\"840\" data-src=\"https:\/\/cdn.cellphones.com.vn\/media\/wysiwyg\/mobile\/xiaomi\/xiaomi-redmi-note-10s-4_1.jpg\" data-ll-status=\"loaded\" \/><\/p>\n<h3 dir=\"ltr\">4 camera sau \u00e2\u0301n t\u01b0\u01a1\u0323ng cu\u0300ng nhi\u00ea\u0300u ti\u0301nh n\u0103ng chu\u0323p \u0111\u0103\u0323c s\u0103\u0301c<\/h3>\n<p dir=\"ltr\">Xiaomi Redmi Note 10S t\u00f4\u0301i \u01b0u kha\u0309 n\u0103ng chu\u0323p a\u0309nh smartphone th\u00f4ng qua b\u1ed1n \u00f4\u0301ng ki\u0301nh m\u0103\u0323t sau. Bao g\u1ed3m camera g\u00f3c r\u1ed9ng 64MP,\u00a0camera g\u00f3c si\u00eau r\u1ed9ng 8MP, camera macro v\u00e0 camera \u0111o chi\u1ec1u s\u00e2u c\u00f9ng \u0111\u1ed9 ph\u00e2n gi\u1ea3i 2MP\u00a0cho phe\u0301p ba\u0323n quay video \u0111\u00f4\u0323 ph\u00e2n gia\u0309i l\u00ean \u0111\u00ea\u0301n 4K.<\/p>\n<p dir=\"ltr\">Hi\u00ea\u0323n di\u00ea\u0323n \u01a1\u0309 m\u0103\u0323t tr\u01b0\u01a1\u0301c Xiaomi Redmi Note 10S la\u0300 camera selfie \u0111\u00f4\u0323 ph\u00e2n gia\u0309i 13MP. Camera na\u0300y cho phe\u0301p ba\u0323n chu\u0323p go\u0301c r\u00f4\u0323ng, mang \u0111\u00ea\u0301n nh\u01b0\u0303ng b\u01b0\u0301c a\u0309nh chu\u0323p nho\u0301m \u0111\u00f4ng \u0111u\u0309, \u0111\u00e2\u0300y ma\u0300u s\u0103\u0301c va\u0300 b\u0103\u0301t m\u0103\u0301t.<\/p>\n<p dir=\"ltr\"><img decoding=\"async\" class=\"cpslazy loaded\" src=\"https:\/\/cdn.cellphones.com.vn\/media\/wysiwyg\/mobile\/xiaomi\/xiaomi-redmi-note-10s-3_1.jpg\" alt=\"Redmi Note 10S s\u1edf h\u1eefu 4 camera sau ch\u1ea5t l\u01b0\u1ee3ng\" width=\"840\" data-src=\"https:\/\/cdn.cellphones.com.vn\/media\/wysiwyg\/mobile\/xiaomi\/xiaomi-redmi-note-10s-3_1.jpg\" data-ll-status=\"loaded\" \/><\/p>\n<h3 dir=\"ltr\">Hi\u00ea\u0323u n\u0103ng d\u00e2\u0303n \u0111\u00e2\u0300u xu th\u00ea\u0301 v\u01a1\u0301i chip\u00a0MediaTek Helio G95<\/h3>\n<p dir=\"ltr\"><strong>Xiaomi Redmi Note 10S<\/strong>\u00a0\u0111\u01b0\u01a1\u0323c trang bi\u0323 vi x\u01b0\u0309 ly\u0301\u00a0MediaTek Helio G95\u00a0ch\u1ee9 kh\u00f4ng ph\u1ea3i con chip Dimensity 700 5G cung c\u1ea5p hi\u1ec7u n\u0103ng m\u1ea1nh m\u1ebd. V\u1edbi con chip n\u00e0y, ng\u01b0\u1eddi d\u00f9ng c\u00f3 th\u1ec3 s\u1eed d\u1ee5ng \u0111i\u1ec7n tho\u1ea1i v\u1edbi c\u00e1c t\u00e1c v\u1ee5 th\u01b0\u1eddng ng\u00e0y tho\u1ea3i m\u00e1i hay th\u1eadm ch\u00ed l\u00e0 ch\u01a1i m\u01b0\u1ee3t c\u00e1c t\u1ef1a game ph\u1ed5 bi\u1ebfn nh\u1ea5t hi\u1ec7n nay.<\/p>\n<p dir=\"ltr\">Trang bi\u0323 b\u00ean trong Redmi Note 10S la\u0300 b\u00f4\u0323 nh\u01a1\u0301 RAM dung l\u01b0\u01a1\u0323ng 8GB va\u0300 dung l\u01b0\u01a1\u0323ng l\u01b0u tr\u01b0\u0303 ROM 128GB cho phe\u0301p ba\u0323n y\u00ean t\u00e2m l\u01b0u tr\u01b0\u0303 th\u00f4ng tin va\u0300 ta\u0309i \u01b0\u0301ng du\u0323ng c\u00e2\u0300n thi\u00ea\u0301t. Chi\u00ea\u0301c ma\u0301y co\u0301 s\u0103\u0303n h\u00ea\u0323 \u0111i\u00ea\u0300u ha\u0300nh Android 10.0 (co\u0301 th\u00ea\u0309 c\u00e2\u0323p nh\u00e2\u0323t l\u00ean Android 11) v\u01a1\u0301i giao di\u00ea\u0323n MIUI 12 tu\u0300y bi\u00ea\u0301n cao.<\/p>\n<p dir=\"ltr\"><img decoding=\"async\" class=\"cpslazy loaded\" src=\"https:\/\/cdn.cellphones.com.vn\/media\/wysiwyg\/mobile\/xiaomi\/xiaomi-redmi-note-10s-5.jpg\" alt=\"Redmi Note 10S \u0111\u01b0\u1ee3c trang b\u1ecb chip MediaTek Helio G95\" width=\"840\" data-src=\"https:\/\/cdn.cellphones.com.vn\/media\/wysiwyg\/mobile\/xiaomi\/xiaomi-redmi-note-10s-5.jpg\" data-ll-status=\"loaded\" \/><\/p>\n<h3 dir=\"ltr\">Dung l\u01b0\u01a1\u0323ng pin 5.000 mAh ke\u0300m sa\u0323c nhanh cho th\u01a1\u0300i gian s\u01b0\u0309 du\u0323ng ke\u0301o da\u0300i<\/h3>\n<p dir=\"ltr\">Xiaomi Redmi Note 10S \u0111\u01b0\u01a1\u0323c trang bi\u0323 vi\u00ean pin dung l\u01b0\u01a1\u0323ng 5.000 mAh. \u0110\u00e2y la\u0300 m\u01b0\u0301c dung l\u01b0\u01a1\u0323ng pin ngang b\u1eb1ng v\u1edbi ng\u01b0\u1eddi anh em Redmi Note 10, cung c\u00e2\u0301p th\u1eddi l\u01b0\u1ee3ng s\u01b0\u0309 du\u0323ng l\u00e2u d\u00e0i v\u01a1\u0301i ta\u0301c vu\u0323 l\u01b0\u01a1\u0301t web, nghe nha\u0323c va\u0300 xem phim tho\u0309a thi\u0301ch.<\/p>\n<p dir=\"ltr\">Vi\u00ean pin dung l\u01b0\u01a1\u0323ng l\u01a1\u0301n se\u0303 c\u00e2\u0300n \u0111\u00ea\u0301n c\u00f4ng ngh\u00ea\u0323 sa\u0323c nhanh, va\u0300 Xiaomi Redmi Note 10S \u0111a\u0301p \u01b0\u0301ng ca\u0309 y\u00ea\u0301u t\u00f4\u0301 tr\u00ean. Chi\u00ea\u0301c ma\u0301y \u0111\u01b0\u01a1c ti\u0301ch h\u01a1\u0323p c\u00f4ng ngh\u00ea\u0323 sa\u0323c nhanh c\u00f4ng su\u00e2\u0301t 33W giu\u0301p ti\u00ea\u0301p na\u0323p 50% th\u01a1\u0300i l\u01b0\u01a1\u0323ng pin chi\u0309 trong khoa\u0309ng n\u01b0\u0309a gi\u01a1\u0300 nhanh cho\u0301ng &amp; ti\u00ea\u0323n i\u0301ch.<\/p>\n<p dir=\"ltr\"><img decoding=\"async\" class=\"cpslazy loaded\" src=\"https:\/\/cdn.cellphones.com.vn\/media\/wysiwyg\/mobile\/xiaomi\/xiaomi-redmi-note-10s-6.jpg\" alt=\"Redmi Note 10S s\u1edf h\u1eefu vi\u00ean pin 5000mAh\" width=\"840\" data-src=\"https:\/\/cdn.cellphones.com.vn\/media\/wysiwyg\/mobile\/xiaomi\/xiaomi-redmi-note-10s-6.jpg\" data-ll-status=\"loaded\" \/><\/p>\n<h2 dir=\"ltr\">\u0110i\u1ec7n tho\u1ea1i Xiaomi Redmi Note 10S gi\u00e1 bao nhi\u00eau?<\/h2>\n<p dir=\"ltr\">Redmi Note 10S c\u00f9ng v\u1edbi Redmi Note 10 5G \u0111\u00e3 ch\u00ednh th\u1ee9c l\u00ean k\u1ec7 t\u1ea1i th\u1ecb tr\u01b0\u1eddng Vi\u1ec7t Nam v\u00e0o ng\u00e0y 27-28\/5 v\u1edbi gi\u00e1 b\u00e1n c\u1ef1c k\u1ef3 t\u1ed1t, d\u01b0\u1edbi 7 tri\u1ec7u \u0111\u1ed3ng. M\u1ee9c gi\u00e1 n\u00e0y h\u1ee9a h\u1eb9n \u0111\u00e2y s\u1ebd l\u00e0 m\u1ed9t trong nh\u1eefng s\u1ef1 l\u1ef1a ch\u1ecdn \u0111\u00e1ng \u0111\u1ec3 c\u00e2n nh\u1eafc.<\/p>\n<p dir=\"ltr\"><img decoding=\"async\" class=\"cpslazy loaded\" src=\"https:\/\/cdn.cellphones.com.vn\/media\/wysiwyg\/mobile\/xiaomi\/xiaomi-redmi-note-10s-2_1.jpg\" alt=\"\u0110i\u1ec7n tho\u1ea1i Xiaomi Redmi Note 10S gi\u00e1 bao nhi\u00eau?\" width=\"840\" data-src=\"https:\/\/cdn.cellphones.com.vn\/media\/wysiwyg\/mobile\/xiaomi\/xiaomi-redmi-note-10s-2_1.jpg\" data-ll-status=\"loaded\" \/><\/p>\n","protected":false},"excerpt":{"rendered":"<p>\u0110\u00e1nh gi\u00e1 Xiaomi Redmi Note 10S &#8211; Hi\u00ea\u0323u n\u0103ng ma\u0323nh me\u0303, th\u01a1\u0300i l\u01b0\u01a1\u0323ng pin l\u00e2u Redmi Note 10S\u00a0\u0111\u01b0\u1ee3c xem l\u00e0 phi\u00ean b\u1ea3n cao c\u1ea5p c\u1ee7a Redmi Note 10 v\u00e0 c\u0169ng l\u00e0 m\u1ed9t phi\u00ean b\u1ea3n t\u1ed1i gi\u1ea3n c\u1ee7a phi\u00ean b\u1ea3n Pro. M\u00e1y\u00a0\u0111\u01b0\u1ee3c trang bi\u0323 ma\u0300n hi\u0300nh s\u1eafc n\u00e9t, hi\u00ea\u0323u n\u0103ng ma\u0323nh me\u0303 c\u00f9ng h\u1ec7 th\u1ed1ng camera&#8230;<\/p>\n","protected":false},"featured_media":1469,"comment_status":"open","ping_status":"closed","template":"","meta":[],"product_cat":[18],"product_tag":[],"class_list":{"0":"post-1466","1":"product","2":"type-product","3":"status-publish","4":"has-post-thumbnail","6":"product_cat-xiaomi","8":"first","9":"instock","10":"sale","11":"shipping-taxable","12":"purchasable","13":"product-type-variable","14":"has-default-attributes"},"_links":{"self":[{"href":"https:\/\/pluginviet.com\/mau7\/wp-json\/wp\/v2\/product\/1466","targetHints":{"allow":["GET"]}}],"collection":[{"href":"https:\/\/pluginviet.com\/mau7\/wp-json\/wp\/v2\/product"}],"about":[{"href":"https:\/\/pluginviet.com\/mau7\/wp-json\/wp\/v2\/types\/product"}],"replies":[{"embeddable":true,"href":"https:\/\/pluginviet.com\/mau7\/wp-json\/wp\/v2\/comments?post=1466"}],"wp:featuredmedia":[{"embeddable":true,"href":"https:\/\/pluginviet.com\/mau7\/wp-json\/wp\/v2\/media\/1469"}],"wp:attachment":[{"href":"https:\/\/pluginviet.com\/mau7\/wp-json\/wp\/v2\/media?parent=1466"}],"wp:term":[{"taxonomy":"product_cat","embeddable":true,"href":"https:\/\/pluginviet.com\/mau7\/wp-json\/wp\/v2\/product_cat?post=1466"},{"taxonomy":"product_tag","embeddable":true,"href":"https:\/\/pluginviet.com\/mau7\/wp-json\/wp\/v2\/product_tag?post=1466"}],"curies":[{"name":"wp","href":"https:\/\/api.w.org\/{rel}","templated":true}]}}