{"id":1461,"date":"2021-08-15T23:23:55","date_gmt":"2021-08-15T16:23:55","guid":{"rendered":"http:\/\/localhost\/xtmobile\/?post_type=product&#038;p=1461"},"modified":"2022-02-28T00:31:30","modified_gmt":"2022-02-27T17:31:30","slug":"samsung-galaxy-a72","status":"publish","type":"product","link":"https:\/\/pluginviet.com\/mau7\/san-pham\/samsung-galaxy-a72\/","title":{"rendered":"Samsung Galaxy A72"},"content":{"rendered":"<h2>\u0110i\u1ec7n tho\u1ea1i Samsung Galaxy A72 &#8211; Thi\u1ebft k\u1ebf \u1ea5n t\u01b0\u1ee3ng, hi\u1ec7u n\u0103ng m\u1ea1nh m\u1ebd<\/h2>\n<p>V\u1eeba m\u1edbi \u0111\u00e2y Samsung v\u1eeba cho ra m\u1eaft chi\u1ebfc smartphone\u00a0<strong>Samsung Galaxy A72<\/strong>\u00a0thu\u1ed9c d\u00f2ng A c\u1ee7a h\u00e3ng. C\u00f3 th\u1ec3 n\u00f3i \u0111\u00e2y l\u00e0 con \u00e1t ch\u1ee7 b\u00e0i c\u1ee7a th\u01b0\u01a1ng hi\u1ec7u n\u00e0y trong n\u0103m 2020 b\u1edfi nh\u1eefng n\u00e2ng c\u1ea5p v\u01b0\u1ee3t tr\u1ed9i t\u1eeb thi\u1ebft k\u1ebf cho \u0111\u1ebfn camera l\u1eabn hi\u1ec7u n\u0103ng. N\u1ebfu b\u1ea1n \u0111ang t\u00ecm ki\u1ebfm cho m\u00ecnh m\u1ed9t chi\u1ebfc \u0111i\u1ec7n tho\u1ea1i Samsung m\u1edbi th\u00ec c\u00f3 th\u1ec3 \u0111\u00e2y l\u00e0 s\u1ef1 l\u1ef1a ch\u1ecdn ph\u00f9 h\u1ee3p d\u00e0nh cho b\u1ea1n.<\/p>\n<p>Ngo\u00e0i ra, b\u1ea1n c\u00f3 th\u1ec3 tham kh\u1ea3o th\u00eam\u00a0\u0111i\u1ec7n tho\u1ea1i Samsung Galaxy Z Fold 3 5G\u00a0s\u1edf h\u1eefu nh\u1eefng c\u00f4ng ngh\u1ec7 hi\u1ec7n \u0111\u1ea1i v\u00e0 c\u1ea5u h\u00ecnh m\u1ea1nh m\u1ebd nh\u1ea5t hi\u1ec7n nay.<\/p>\n<h3>M\u00e0n h\u00ecnh AMOLED 6.7 inch Full HD+ s\u1eafc n\u00e9t<\/h3>\n<p>Samsung A72 s\u1edf h\u1eefu thi\u1ebft k\u1ebf c\u00f3 nhi\u1ec1u n\u00e9t t\u01b0\u01a1ng \u0111\u1ed3ng v\u1edbi nh\u1eefng ng\u01b0\u1eddi \u0111\u00e0n anh tr\u01b0\u1edbc \u0111\u00f3 c\u1ee7a m\u00ecnh.\u00a0A72 c\u00f3 k\u00edch th\u01b0\u1edbc v\u00f4 c\u00f9ng nh\u1ecf g\u1ecdn, c\u00e1c c\u1ea1nh vi\u1ec1n \u0111\u01b0\u1ee3c thi\u1ebft k\u1ebf bo cong t\u1eeb \u0111\u00f3 gi\u00fap cho m\u00e1y c\u00f3 m\u1ed9t di\u1ec7n m\u1ea1o c\u1ef1c k\u00ec hi\u1ec7n \u0111\u1ea1i, \u0111\u1eb9p m\u1eaft v\u00e0 th\u1eddi th\u01b0\u1ee3ng h\u01a1n r\u1ea5t nhi\u1ec1u. C\u1ea3m bi\u1ebfn v\u00e2n tay \u0111\u01b0\u1ee3c d\u1eddi l\u00ean m\u00e0n h\u00ecnh t\u1eeb \u0111em \u0111\u1ebfn m\u1ed9t di\u1ec7n m\u1ea1o ho\u00e0n h\u1ea3o kh\u00f4ng ch\u00ea v\u00e0o \u0111\u00e2u \u0111\u01b0\u1ee3c.<\/p>\n<p align=\"center\"><img decoding=\"async\" class=\"cpslazy loaded\" src=\"https:\/\/cdn.cellphones.com.vn\/media\/wysiwyg\/mobile\/samsung\/samsung-galaxy-a72-1.jpg\" alt=\"K\u00edch th\u01b0\u1edbc nh\u1ecf g\u1ecdn b\u00f3ng b\u1ea9y, m\u00e0n h\u00ecnh AMOLED 6.7 inch Full HD+ s\u1eafc n\u00e9t\" data-src=\"https:\/\/cdn.cellphones.com.vn\/media\/wysiwyg\/mobile\/samsung\/samsung-galaxy-a72-1.jpg\" data-ll-status=\"loaded\" \/><\/p>\n<p>M\u00e0n h\u00ecnh c\u1ee7a Galaxy A72 l\u00e0 m\u00e0n h\u00ecnh Super AMOLED c\u00f3 k\u00edch th\u01b0\u1edbc r\u1ed9ng \u0111\u1ebfn 6.7 inch c\u00f3 \u0111\u1ed9 ph\u00e2n gi\u1ea3i Full HD+ t\u1eeb \u0111\u00f3 cho h\u00ecnh \u1ea3nh hi\u1ec3n th\u1ecb s\u1eafc n\u00e9t v\u00e0 ch\u00e2n th\u1ef1c. Ph\u1ea7n vi\u1ec1n m\u00e0n h\u00ecnh \u0111\u01b0\u1ee3c l\u00e0m cong t\u1eeb \u0111\u00f3 \u0111em \u0111\u1ebfn kh\u00f4ng gian hi\u1ec3n th\u1ecb l\u1edbn v\u00e0 v\u00f4 c\u00f9ng tho\u1ea3i m\u00e1i.<\/p>\n<p>M\u1eb7c d\u00f9 c\u00f3 k\u00edch th\u01b0\u1edbc m\u00e0n h\u00ecnh kh\u00e1 l\u1edbn nh\u01b0ng v\u1eabn cho ng\u01b0\u1eddi d\u00f9ng c\u1ea3m gi\u00e1c c\u1ea7m n\u1eafm \u0111i\u1ec7n tho\u1ea1i tho\u1ea3i m\u00e1i, b\u1ea1n ho\u00e0n to\u00e0n c\u00f3 th\u1ec3 d\u1ec5 d\u00e0ng thao t\u00e1c v\u1edbi thi\u1ebft b\u1ecb c\u1ee7a m\u00ecnh b\u1eb1ng 1 tay. M\u00e0n h\u00ecnh c\u00f2n s\u1edf h\u1eefu c\u00e1c d\u1ea3i m\u00e0u ch\u00ednh x\u00e1c v\u00e0 \u0111\u1ed9 ph\u00e2n gi\u1ea3i kh\u00e1 cao t\u1eeb \u0111\u00f3 cho ng\u01b0\u1eddi d\u00f9ng nh\u1eefng tr\u1ea3i nghi\u1ec7m \u1ea5n t\u01b0\u1ee3ng.<\/p>\n<h3>C\u1ee5m 4 camera, c\u1ea3m bi\u1ebfn ch\u00ednh 64 MP, camera tr\u01b0\u1edbc 32MP \u1ea5n t\u01b0\u1ee3ng<\/h3>\n<p>C\u00f3 th\u1ec3 n\u00f3i camera c\u1ee7a A72 l\u00e0 ph\u1ea7n \u0111\u1ed9t ph\u00e1 nh\u1ea5t c\u1ee7a chi\u1ebfc smartphone n\u00e0y. M\u00e1y \u0111\u01b0\u1ee3c trang b\u1ecb \u0111\u1ebfn 4 camera \u1edf ph\u00eda m\u1eb7t sau v\u1edbi c\u00e1c th\u00f4ng s\u1ed1 \u1ea5n t\u01b0\u1ee3ng l\u1ea7n l\u01b0\u1ee3t l\u00e0: Ch\u00ednh 64 MP h\u1ed7 tr\u1ee3 ch\u1ed1ng rung quang h\u1ecdc OIS. Ba camera ph\u1ee5 l\u00e0 camera tele 8MP h\u1ed7 tr\u1ee3 zoom quang h\u1ecdc 3x, camera si\u00eau r\u1ed9ng 12MP v\u00e0\u00a0camera macro 5MP.<\/p>\n<p>\u0110\u1eb7c bi\u1ec7t \u0111\u00e2y l\u00e0 l\u1ea7n \u0111\u1ea7u ti\u00ean c\u00f4ng ngh\u1ec7 ch\u1ed1ng rung quang h\u1ecdc OIS \u0111\u01b0\u1ee3c trang b\u1ecb tr\u00ean model t\u1ea7m trung c\u1ee7a h\u00e3ng n\u00e0y, tr\u01b0\u1edbc \u0111\u00e2y c\u00f4ng ngh\u1ec7 n\u00e0y ch\u1ec9 c\u00f3 m\u1eb7t \u1edf nh\u1eefng chi\u1ebfc smartphone cao c\u1ea5p. C\u00f4ng ngh\u1ec7 n\u00e0y cho ph\u00e9p h\u00ecnh \u1ea3nh video \u1ed5n \u0111\u1ecbnh v\u00e0 s\u1eafc n\u00e9t h\u01a1n khi ch\u1ee5p v\u00e0 quay.<\/p>\n<p align=\"center\"><img decoding=\"async\" class=\"cpslazy loaded\" src=\"https:\/\/cdn.cellphones.com.vn\/media\/wysiwyg\/mobile\/samsung\/samsung-galaxy-a72-2.jpg\" alt=\"C\u1ee5m 4 camera: Ch\u00ednh 64 MP &amp; Ph\u1ee5 12 MP, 5 MP, 5 MP, camera tr\u01b0\u1edbc 32MP \u1ea5n t\u01b0\u1ee3ng\" data-src=\"https:\/\/cdn.cellphones.com.vn\/media\/wysiwyg\/mobile\/samsung\/samsung-galaxy-a72-2.jpg\" data-ll-status=\"loaded\" \/><\/p>\n<p>Camera tr\u01b0\u1edbc c\u1ee7a\u00a0<strong>Samsung A72<\/strong>\u00a0c\u00f3 \u0111\u1ed9 ph\u00e2n gi\u1ea3i 32MP \u0111\u01b0\u1ee3c \u0111\u1eb7t \u1edf m\u1eb7t tr\u01b0\u1edbc g\u1ecdn g\u00e0ng. V\u1edbi thi\u1ebft c\u00f3 \u0111\u1ed9 ph\u00e2n gi\u1ea3i cao nh\u01b0 v\u1eady ng\u01b0\u1eddi d\u00f9ng c\u00f3 th\u1ec3 tho\u1ea3i m\u00e1i ch\u1ee5p h\u00ecnh t\u1ef1 s\u01b0\u1edbng lung linh v\u00e0 g\u1ecdi video call cho ng\u01b0\u1eddi th\u00e2n v\u00e0 b\u1ea1n b\u00e8 d\u1ec5 d\u00e0ng.<\/p>\n<p>Ngo\u00e0i ra c\u00f2n r\u1ea5t nhi\u1ec1u t\u00ednh n\u0103ng ch\u1ee5p h\u00ecnh \u1ea5n t\u01b0\u1ee3ng kh\u00e1c c\u0169ng \u0111\u01b0\u1ee3c Samsung trang b\u1ecb cho m\u00e1y nh\u01b0: HDR, to\u00e0n c\u1ea3nh, quay phim full HD 1080p@30fps, quay phim full HD 1080p@240fps. N\u1ebfu l\u00e0 ng\u01b0\u1eddi th\u01b0\u1eddng xuy\u00ean ch\u1ee5p h\u00ecnh th\u00ec \u0111\u00e2y l\u00e0 chi\u1ebfc smartphone b\u1ea1n kh\u00f4ng n\u00ean b\u1ecf l\u1ee1.<\/p>\n<h3>Hi\u1ec7u n\u0103ng m\u1ea1nh v\u1edbi Snapdragon 720G, pin 5000mAh<\/h3>\n<p>M\u1eb7c d\u00f9 l\u00e0 chi\u1ebfc smartphone t\u1ea7m trung nh\u01b0ng Samsung Galaxy A72 v\u1eabn s\u1edf h\u1eefu cho m\u00ecnh m\u1ed9t hi\u1ec7u n\u0103ng v\u00f4 c\u00f9ng m\u1ea1nh m\u1ebd. C\u1ee5 th\u1ec3 l\u00e0 vi\u1ec7c \u0111\u01b0\u1ee3c trang b\u1ecb CPU Exynos 980 8 nh\u00e2n t\u1ed1c \u0111\u1ed9 2 nh\u00e2n 2.3 GHz &amp; 6 nh\u00e2n 1.8 GHz cho kh\u1ea3 n\u0103ng x\u1eed l\u00fd ho\u00e0n h\u1ea3o nhanh ch\u00f3ng m\u01b0\u1ee3t m\u00e0.<\/p>\n<p>\u0110i k\u00e8m v\u1edbi CPU c\u1ef1c m\u1ea1nh l\u00e0 dung l\u01b0\u1ee3ng ram 8GB v\u00e0 b\u1ed9 nh\u1edb trong l\u00ean t\u1edbi 256GB gi\u00fap kh\u1ea3 n\u0103ng x\u1eed l\u00fd c\u1ee7a m\u00e1y \u0111\u01b0\u1ee3c n\u00e2ng l\u00ean t\u1ea7m cao m\u1edbi, b\u1ed9 nh\u1edb c\u00f3 dung l\u01b0\u1ee3ng l\u1edbn cho ng\u01b0\u1eddi d\u00f9ng tho\u1ea3i m\u00e1i l\u01b0u tr\u1eef h\u00ecnh \u1ea3nh d\u1eef li\u1ec7u hay t\u1ea3i \u1ee9ng d\u1ee5ng v\u1ec1 m\u1ed9t c\u00e1ch tho\u1ea3i m\u00e1i. GPU\u00a0Adreno 618 gi\u00fap vi\u1ec7c x\u1eed l\u00fd h\u00ecnh \u1ea3nh c\u1ee7a m\u00e1y c\u1ef1c k\u00ec t\u1ed1t.<\/p>\n<p align=\"center\"><img decoding=\"async\" class=\"cpslazy loaded\" src=\"https:\/\/cdn.cellphones.com.vn\/media\/wysiwyg\/mobile\/samsung\/samsung-galaxy-a72-4.jpg\" alt=\"CPU Exynos 980 8 nh\u00e2n, ram 6GB, b\u1ed9 nh\u1edb 128GB, pin 6000mAH\" data-src=\"https:\/\/cdn.cellphones.com.vn\/media\/wysiwyg\/mobile\/samsung\/samsung-galaxy-a72-4.jpg\" data-ll-status=\"loaded\" \/><\/p>\n<p>Kh\u00f4ng ch\u1ec9 \u1ea5n t\u01b0\u1ee3ng t\u1eeb thi\u1ebft k\u1ebf camera v\u00e0 c\u1ea5u h\u00ecnh kh\u1ee7ng c\u1ee7a m\u00ecnh Samsung Galaxy A72 c\u00f2n s\u1edf h\u1eefu m\u1ed9t vi\u00ean pin c\u1ef1c k\u00ec \u1ea5n t\u01b0\u1ee3ng. Mang trong m\u00ecnh vi\u00ean pin c\u00f3 dung l\u01b0\u1ee3ng l\u00ean \u0111\u1ebfn 5.000 mAh cho th\u1eddi l\u01b0\u1ee3ng s\u1eed d\u1ee5ng v\u00f4 c\u00f9ng t\u1ed1t.<\/p>\n<p>Ng\u01b0\u1eddi d\u00f9ng c\u00f3 th\u1ec3 tho\u1ea3i m\u00e1i tr\u1ea3i nghi\u1ec7m chi\u1ebfc smartphone c\u1ee7a m\u00ecnh m\u00e0 kh\u00f4ng c\u00f2n ph\u1ea3i lo v\u1ec1 t\u00ecnh tr\u1ea1ng mau h\u1ebft pin hay h\u1ebft pin gi\u1eefa ch\u1eebng nh\u01b0 tr\u01b0\u1edbc kia n\u1eefa. H\u1ec7 \u0111i\u1ec1u h\u00e0nh Android 10 m\u1edbi v\u1edbi giao di\u1ec7n OneUI 2.0 d\u1ec5 thao t\u00e1c c\u00f9ng kh\u1ea3 n\u0103ng ti\u1ebft ki\u1ec7m n\u0103ng l\u01b0\u1ee3ng v\u00f4 c\u00f9ng t\u1ed1t.<\/p>\n","protected":false},"excerpt":{"rendered":"<p>\u0110i\u1ec7n tho\u1ea1i Samsung Galaxy A72 &#8211; Thi\u1ebft k\u1ebf \u1ea5n t\u01b0\u1ee3ng, hi\u1ec7u n\u0103ng m\u1ea1nh m\u1ebd V\u1eeba m\u1edbi \u0111\u00e2y Samsung v\u1eeba cho ra m\u1eaft chi\u1ebfc smartphone\u00a0Samsung Galaxy A72\u00a0thu\u1ed9c d\u00f2ng A c\u1ee7a h\u00e3ng. C\u00f3 th\u1ec3 n\u00f3i \u0111\u00e2y l\u00e0 con \u00e1t ch\u1ee7 b\u00e0i c\u1ee7a th\u01b0\u01a1ng hi\u1ec7u n\u00e0y trong n\u0103m 2020 b\u1edfi nh\u1eefng n\u00e2ng c\u1ea5p v\u01b0\u1ee3t tr\u1ed9i t\u1eeb thi\u1ebft k\u1ebf&#8230;<\/p>\n","protected":false},"featured_media":1455,"comment_status":"open","ping_status":"closed","template":"","meta":[],"product_cat":[148,17],"product_tag":[],"class_list":{"0":"post-1461","1":"product","2":"type-product","3":"status-publish","4":"has-post-thumbnail","6":"product_cat-hot-sale","7":"product_cat-samsung","9":"first","10":"instock","11":"shipping-taxable","12":"purchasable","13":"product-type-variable","14":"has-default-attributes"},"_links":{"self":[{"href":"https:\/\/pluginviet.com\/mau7\/wp-json\/wp\/v2\/product\/1461","targetHints":{"allow":["GET"]}}],"collection":[{"href":"https:\/\/pluginviet.com\/mau7\/wp-json\/wp\/v2\/product"}],"about":[{"href":"https:\/\/pluginviet.com\/mau7\/wp-json\/wp\/v2\/types\/product"}],"replies":[{"embeddable":true,"href":"https:\/\/pluginviet.com\/mau7\/wp-json\/wp\/v2\/comments?post=1461"}],"wp:featuredmedia":[{"embeddable":true,"href":"https:\/\/pluginviet.com\/mau7\/wp-json\/wp\/v2\/media\/1455"}],"wp:attachment":[{"href":"https:\/\/pluginviet.com\/mau7\/wp-json\/wp\/v2\/media?parent=1461"}],"wp:term":[{"taxonomy":"product_cat","embeddable":true,"href":"https:\/\/pluginviet.com\/mau7\/wp-json\/wp\/v2\/product_cat?post=1461"},{"taxonomy":"product_tag","embeddable":true,"href":"https:\/\/pluginviet.com\/mau7\/wp-json\/wp\/v2\/product_tag?post=1461"}],"curies":[{"name":"wp","href":"https:\/\/api.w.org\/{rel}","templated":true}]}}