{"id":1444,"date":"2021-08-15T22:19:32","date_gmt":"2021-08-15T15:19:32","guid":{"rendered":"http:\/\/localhost\/xtmobile\/?post_type=product&#038;p=1444"},"modified":"2022-02-28T00:31:30","modified_gmt":"2022-02-27T17:31:30","slug":"xiaomi-redmi-note-10-pro-8gb","status":"publish","type":"product","link":"https:\/\/pluginviet.com\/mau7\/san-pham\/xiaomi-redmi-note-10-pro-8gb\/","title":{"rendered":"Xiaomi Redmi Note 10 Pro 8GB"},"content":{"rendered":"<h2>\u0110i\u1ec7n tho\u1ea1i Xiaomi Redmi Note 10 Pro &#8211; Th\u1ebf h\u1ec7 m\u1edbi hi\u1ec7n \u0111\u1ea1i<\/h2>\n<p>Xiaomi l\u00e0 h\u00e3ng s\u1ea3n xu\u1ea5t \u0111i\u1ec7n tho\u1ea1i n\u1ed5i ti\u1ebfng \u0111\u01b0\u1ee3c nhi\u1ec1u ng\u01b0\u1eddi d\u00f9ng \u01b0u ti\u00ean v\u00e0 l\u1ef1a ch\u1ecdn s\u1eed d\u1ee5ng.\u00a0<strong>Redmi Note 10 Pro<\/strong>\u00a0l\u00e0 chi\u1ebfc \u0111i\u1ec7n tho\u1ea1i hi\u1ec7n \u0111\u1ea1i \u0111\u01b0\u1ee3c m\u1edbi \u0111\u01b0\u1ee3c h\u00e3ng ra m\u1eaft v\u1edbi nhi\u1ec1u t\u00ednh n\u0103ng v\u00e0 c\u00f4ng ngh\u1ec7 hi\u1ec7n \u0111\u1ea1i mang \u0111\u1ebfn s\u1ef1 ti\u1ec7n l\u1ee3i khi ng\u01b0\u1eddi d\u00f9ng s\u1eed d\u1ee5ng chi\u1ebfc smartphone n\u00e0y.<\/p>\n<h3>Thi\u1ebft k\u1ebf tinh t\u1ebf v\u00e0 sang tr\u1ecdng, m\u00e0n h\u00ecnh Full HD 6.67 inch<\/h3>\n<p>Xiaomi Redmi Note 10\u00a0phi\u00ean b\u1ea3n Pro \u0111\u01b0\u1ee3c h\u00e3ng thi\u1ebft k\u1ebf v\u1edbi k\u00edch th\u01b0\u1edbc v\u1eeba v\u1eb7n v\u1edbi tay ng\u01b0\u1eddi d\u00f9ng. H\u01a1n th\u1ebf v\u1edbi thi\u1ebft k\u1ebf c\u1ee7a th\u1ebf h\u1ec7 tinh t\u1ebf v\u00e0 \u0111\u1ea7y sang tr\u1ecdng n\u00e0y gi\u00fap thu h\u00fat m\u1ecdi \u00e1nh nh\u00ecn b\u1eddi c\u00e1i nh\u00ecn \u0111\u1ea7u ti\u00ean.<\/p>\n<p>M\u1eb7t l\u01b0ng c\u1ee7a m\u00e1y \u0111\u01b0\u1ee3c thi\u1ebft k\u1ebf vu\u1ed1t cong \u1edf hai c\u1ea1nh t\u1ea1o \u0111\u01b0\u1ee3c c\u1ea3m gi\u00e1c m\u1ecfng v\u00e0 ch\u1eafc ch\u1eafn khi c\u1ea7m n\u1eafm.\u00a0G\u00f3c ph\u1ea3i m\u1eb7t l\u01b0ng \u0111\u01b0\u1ee3c in t\u00ean c\u1ee7a nh\u00e0 s\u1ea3n xu\u1ea5t Xiaomi v\u1eeba t\u1ea1o \u0111\u01b0\u1ee3c \u0111i\u1ec3m nh\u1ea5n cho s\u1ea3n ph\u1ea9m v\u1eeba \u0111\u1eb7t \u1edf v\u1ecb tr\u00ed ng\u01b0\u1eddi d\u00f9ng c\u00f3 th\u1ec3 tho\u1ea3i m\u00e1i trang tr\u00ed chi\u1ebfc \u0111i\u1ec7n tho\u1ea1i m\u1ed9t c\u00e1ch d\u1ec5 d\u00e0ng v\u00e0 ti\u1ec7n l\u1ee3i.<\/p>\n<p><img decoding=\"async\" class=\"cpslazy loaded\" src=\"https:\/\/cdn.cellphones.com.vn\/media\/wysiwyg\/mobile\/xiaomi\/xiaomi-redmi-note-10-pro-1_1.jpg\" alt=\"Thi\u1ebft k\u1ebf tinh t\u1ebf v\u00e0 sang tr\u1ecdng, m\u00e0n h\u00ecnh Full HD 6.7 inch\" data-src=\"https:\/\/cdn.cellphones.com.vn\/media\/wysiwyg\/mobile\/xiaomi\/xiaomi-redmi-note-10-pro-1_1.jpg\" data-ll-status=\"loaded\" \/><\/p>\n<p>Trang b\u1ecb m\u00e0n h\u00ecnh tr\u00e0n vi\u1ec1n cong c\u1ea1nh 3D 6.67 inch gi\u00fap ng\u01b0\u1eddi d\u00f9ng c\u00f3 th\u1ec3 tho\u1ea3i m\u00e1i khi s\u1eed d\u1ee5ng, b\u00ean c\u1ea1nh \u0111\u00f3 c\u0169ng l\u00e0m n\u1ed5i l\u00ean s\u1ef1 sang tr\u1ecdng v\u00e0 cao c\u1ea5p c\u1ee7a Xiaomi Redmi Note 10 Pro.<\/p>\n<p>S\u1ef1 trang b\u1ecb m\u00e0n h\u00ecnh Arc AMOLED v\u1edbi \u0111\u1ed9 l\u1edbn 6.67 inch v\u1edbi \u0111\u1ed9 ph\u00e2n gi\u1ea3i Full HD th\u00eam v\u00e0o \u0111\u00f3 l\u00e0 gi\u1ea5y ch\u1ee9ng nh\u1eadn TUV gi\u00fap gi\u1ea3m \u00e1nh s\u00e1ng xanh t\u00e1c \u0111\u1ed9ng x\u1ea5u \u0111\u1ebfn th\u1ecb l\u1ef1c c\u1ee7a ng\u01b0\u1eddi d\u00f9ng.<\/p>\n<p><img decoding=\"async\" class=\"cpslazy loaded\" src=\"https:\/\/cdn.cellphones.com.vn\/media\/wysiwyg\/mobile\/xiaomi\/xiaomi-redmi-note-10-pro-2.png\" alt=\"Nhi\u1ec1u m\u00e0u s\u1eafc l\u1ef1a ch\u1ecdn\" data-src=\"https:\/\/cdn.cellphones.com.vn\/media\/wysiwyg\/mobile\/xiaomi\/xiaomi-redmi-note-10-pro-2.png\" data-ll-status=\"loaded\" \/><\/p>\n","protected":false},"excerpt":{"rendered":"<p>\u0110i\u1ec7n tho\u1ea1i Xiaomi Redmi Note 10 Pro &#8211; Th\u1ebf h\u1ec7 m\u1edbi hi\u1ec7n \u0111\u1ea1i Xiaomi l\u00e0 h\u00e3ng s\u1ea3n xu\u1ea5t \u0111i\u1ec7n tho\u1ea1i n\u1ed5i ti\u1ebfng \u0111\u01b0\u1ee3c nhi\u1ec1u ng\u01b0\u1eddi d\u00f9ng \u01b0u ti\u00ean v\u00e0 l\u1ef1a ch\u1ecdn s\u1eed d\u1ee5ng.\u00a0Redmi Note 10 Pro\u00a0l\u00e0 chi\u1ebfc \u0111i\u1ec7n tho\u1ea1i hi\u1ec7n \u0111\u1ea1i \u0111\u01b0\u1ee3c m\u1edbi \u0111\u01b0\u1ee3c h\u00e3ng ra m\u1eaft v\u1edbi nhi\u1ec1u t\u00ednh n\u0103ng v\u00e0 c\u00f4ng ngh\u1ec7 hi\u1ec7n&#8230;<\/p>\n","protected":false},"featured_media":1449,"comment_status":"open","ping_status":"closed","template":"","meta":[],"product_cat":[148,18],"product_tag":[],"class_list":{"0":"post-1444","1":"product","2":"type-product","3":"status-publish","4":"has-post-thumbnail","6":"product_cat-hot-sale","7":"product_cat-xiaomi","9":"first","10":"instock","11":"shipping-taxable","12":"purchasable","13":"product-type-variable","14":"has-default-attributes"},"_links":{"self":[{"href":"https:\/\/pluginviet.com\/mau7\/wp-json\/wp\/v2\/product\/1444","targetHints":{"allow":["GET"]}}],"collection":[{"href":"https:\/\/pluginviet.com\/mau7\/wp-json\/wp\/v2\/product"}],"about":[{"href":"https:\/\/pluginviet.com\/mau7\/wp-json\/wp\/v2\/types\/product"}],"replies":[{"embeddable":true,"href":"https:\/\/pluginviet.com\/mau7\/wp-json\/wp\/v2\/comments?post=1444"}],"wp:featuredmedia":[{"embeddable":true,"href":"https:\/\/pluginviet.com\/mau7\/wp-json\/wp\/v2\/media\/1449"}],"wp:attachment":[{"href":"https:\/\/pluginviet.com\/mau7\/wp-json\/wp\/v2\/media?parent=1444"}],"wp:term":[{"taxonomy":"product_cat","embeddable":true,"href":"https:\/\/pluginviet.com\/mau7\/wp-json\/wp\/v2\/product_cat?post=1444"},{"taxonomy":"product_tag","embeddable":true,"href":"https:\/\/pluginviet.com\/mau7\/wp-json\/wp\/v2\/product_tag?post=1444"}],"curies":[{"name":"wp","href":"https:\/\/api.w.org\/{rel}","templated":true}]}}