{"id":1384,"date":"2021-08-13T05:37:39","date_gmt":"2021-08-12T22:37:39","guid":{"rendered":"http:\/\/localhost\/xtmobile\/?post_type=product&#038;p=1384"},"modified":"2022-04-09T12:38:31","modified_gmt":"2022-04-09T05:38:31","slug":"asus-rog-phone-5-chinh-hang","status":"publish","type":"product","link":"https:\/\/pluginviet.com\/mau7\/san-pham\/asus-rog-phone-5-chinh-hang\/","title":{"rendered":"ASUS ROG Phone 5 ch\u00ednh h\u00e3ng"},"content":{"rendered":"<h2>\u0110\u00e1nh gi\u00e1 Asus ROG Phone 5 (16GB\/256GB) &#8211; Hi\u1ec7u n\u0103ng v\u00f4 \u0111\u1ed1i<\/h2>\n<p>V\u01a1\u0301i nh\u01b0\u0303ng game thu\u0309 chuy\u00ean nghi\u00ea\u0323p mong mu\u00f4\u0301n s\u1edf h\u1eefu m\u1ed9t chi\u00ea\u0301c smartphone gaming c\u00f3 hi\u1ec7u n\u0103ng &#8220;si\u00eau c\u00e2\u0301p&#8221; cho nh\u01b0\u0303ng t\u01b0\u0323a game MOBA ho\u0103\u0323c sinh t\u00f4\u0300n \u0111i\u0300nh \u0111a\u0301m hi\u00ea\u0323n nay th\u00ec\u00a0<strong>ROG Phone 5<\/strong>\u00a0se\u0303 la\u0300 chi\u00ea\u0301c \u0111i\u1ec7n tho\u1ea1i c\u00f3 th\u1ec3 giu\u0301p ba\u0323n thoa\u0309i ma\u0301i chi\u00ea\u0301n game m\u01b0\u01a1\u0323t ma\u0300 v\u01a1\u0301i c\u00e2\u0301u hi\u0300nh c\u01b0\u0323c \u0111a\u0323i.<\/p>\n<h3>Thi\u00ea\u0301t k\u00ea\u0301 h\u00e2\u0300m h\u00f4\u0301, ma\u0300n hi\u0300nh 6.78 inch FHD+ s\u0103\u0301c ne\u0301t<\/h3>\n<p>\u0110i\u1ec7n tho\u1ea1i Asus ROG Phone 5 v\u00e2\u0303n gi\u01b0\u0303 nguy\u00ean thi\u00ea\u0301t k\u00ea\u0301 h\u00e2\u0300m h\u00f4\u0301 nguy\u00ean ba\u0309n cu\u0309a do\u0300ng ROG Phone tr\u01b0\u0301 danh. Logo ROG cu\u0300ng nh\u01b0\u0303ng \u0111\u01b0\u01a1\u0300ng ne\u0301t \u0111\u01b0\u01a1\u0323c kh\u0103\u0301c ho\u0323a ti\u0309 mi\u0309 tr\u00ean l\u01a1\u0301p vo\u0309 nh\u00f4m nguy\u00ean kh\u00f4\u0301i ki\u0301nh Gorilla Glass\u00a0Victus\u00a0c\u01b0\u0301ng ca\u0301p, v\u01a1\u0301i t\u00f4ng ma\u0300u \u0111o\u0309 &#8211; \u0111en chu\u0309 \u0111a\u0323o \u0111\u0103\u0323c tr\u01b0ng la\u0300m n\u00ean m\u00f4\u0323t chi\u00ea\u0301c smartphone gaming \u0111\u00e2\u0300y ca\u0301 ti\u0301nh &amp; ma\u0323nh me\u0303.<\/p>\n<p>ASUS cu\u0303ng tinh t\u00ea\u0301 trong thi\u00ea\u0301t k\u00ea\u0301 phi\u0301m c\u01b0\u0301ng va\u0300 c\u00f4\u0309ng sa\u0323c b\u00ean ngoa\u0300i nh\u0103\u0300m ta\u0323o \u0111i\u00ea\u0300u ki\u00ea\u0323n ch\u01a1i game thu\u00e2\u0323n l\u01a1\u0323i nh\u00e2\u0301t cho game thu\u0309.\u00a0Ca\u0301ch b\u00f4\u0301 tri\u0301 c\u00f4\u0309ng USB va\u0300 jack tai nghe 3.5mm giu\u0301p game thu\u0309 thu\u00e2\u0323n tay h\u01a1n, kh\u00f4ng bi\u0323 v\u01b0\u01a1\u0301ng vi\u0301u khi c\u00e2\u0300m ma\u0301y xoay ngang.<\/p>\n<p><img decoding=\"async\" class=\"cpslazy loaded\" src=\"https:\/\/cdn.cellphones.com.vn\/media\/wysiwyg\/mobile\/asus\/asus-rog-phone-5-1.JPG\" alt=\"Thi\u00ea\u0301t k\u00ea\u0301 h\u00e2\u0300m h\u00f4\u0301 \u0111\u0103\u0323c tr\u01b0ng t\u01b0\u0300 do\u0300ng ROG Phone, ma\u0300n hi\u0300nh 6.7 inch FHD+ hi\u00ea\u0309n thi\u0323 s\u0103\u0301c ne\u0301t\" data-src=\"https:\/\/cdn.cellphones.com.vn\/media\/wysiwyg\/mobile\/asus\/asus-rog-phone-5-1.JPG\" data-ll-status=\"loaded\" \/><\/p>\n<p>Chi\u1ebfc smartphone n\u00e0y s\u1eed d\u1ee5ng m\u00e0n h\u00ecnh \u0111\u1ee5c l\u1ed7, camera tr\u01b0\u1edbc \u0111\u01b0\u1ee3c \u0111\u1eb7t \u1edf gi\u1eefa m\u00e0n h\u00ecnh. \u0110i\u1ec1u n\u00e0y mang \u0111\u1ebfn tr\u1ea3i nghi\u1ec7m kh\u00f4ng gian ho\u00e0n to\u00e0n m\u1edbi m\u1ebb v\u00e0 t\u1ed1i \u01b0u nh\u1ea5t.<\/p>\n<h3>Vi x\u1eed l\u00fd Snapdragon 678 cho hi\u1ec7u n\u0103ng m\u1ea1nh m\u1ebd<\/h3>\n<p>Kh\u00f4ng c\u00f2n c\u00e1i nh\u00ecn ti\u00eau c\u1ef1c v\u00e0o nh\u1eefng vi x\u1eed l\u00fd c\u1ee7a Snapdragon, v\u1edbi chip m\u1edbi nh\u1ea5t n\u00e0y s\u1ebd khi\u1ebfn t\u1ea5t c\u1ea3 ph\u1ea3i c\u00f3 c\u00e1i nh\u00ecn m\u1edbi v\u1ec1 Snapdragon 678. Chi\u1ebfc\u00a0Snapdragon 678 \u0111\u01b0\u1ee3c t\u00edch h\u1ee3p b\u00ean trong \u0111i\u1ec7n tho\u1ea1i Redmi Note 10 l\u00e0 lo\u1ea1i chip \u0111\u01b0\u1ee3c s\u1ea3n xu\u1ea5t tr\u00ean ti\u1ebfn tr\u00ecnh 11nm.<\/p>\n<p><img decoding=\"async\" class=\"cpslazy loaded\" src=\"https:\/\/cdn.cellphones.com.vn\/media\/wysiwyg\/mobile\/xiaomi\/xiaomi-redmi-note-10-7_1.jpg\" alt=\"Vi x\u1eed l\u00fd MediaTek MT6875 Dimensity 820, 6GB RAM, 64GB b\u1ed9 nh\u1edb trong\" data-src=\"https:\/\/cdn.cellphones.com.vn\/media\/wysiwyg\/mobile\/xiaomi\/xiaomi-redmi-note-10-7_1.jpg\" data-ll-status=\"loaded\" \/><\/p>\n","protected":false},"excerpt":{"rendered":"<p>\u0110\u00e1nh gi\u00e1 Asus ROG Phone 5 (16GB\/256GB) &#8211; Hi\u1ec7u n\u0103ng v\u00f4 \u0111\u1ed1i V\u01a1\u0301i nh\u01b0\u0303ng game thu\u0309 chuy\u00ean nghi\u00ea\u0323p mong mu\u00f4\u0301n s\u1edf h\u1eefu m\u1ed9t chi\u00ea\u0301c smartphone gaming c\u00f3 hi\u1ec7u n\u0103ng &#8220;si\u00eau c\u00e2\u0301p&#8221; cho nh\u01b0\u0303ng t\u01b0\u0323a game MOBA ho\u0103\u0323c sinh t\u00f4\u0300n \u0111i\u0300nh \u0111a\u0301m hi\u00ea\u0323n nay th\u00ec\u00a0ROG Phone 5\u00a0se\u0303 la\u0300 chi\u00ea\u0301c \u0111i\u1ec7n tho\u1ea1i c\u00f3 th\u1ec3 giu\u0301p ba\u0323n thoa\u0309i&#8230;<\/p>\n","protected":false},"featured_media":1386,"comment_status":"open","ping_status":"closed","template":"","meta":[],"product_cat":[23,148],"product_tag":[],"class_list":{"0":"post-1384","1":"product","2":"type-product","3":"status-publish","4":"has-post-thumbnail","6":"product_cat-asus","7":"product_cat-hot-sale","9":"first","10":"instock","11":"shipping-taxable","12":"purchasable","13":"product-type-variable","14":"has-default-attributes"},"_links":{"self":[{"href":"https:\/\/pluginviet.com\/mau7\/wp-json\/wp\/v2\/product\/1384","targetHints":{"allow":["GET"]}}],"collection":[{"href":"https:\/\/pluginviet.com\/mau7\/wp-json\/wp\/v2\/product"}],"about":[{"href":"https:\/\/pluginviet.com\/mau7\/wp-json\/wp\/v2\/types\/product"}],"replies":[{"embeddable":true,"href":"https:\/\/pluginviet.com\/mau7\/wp-json\/wp\/v2\/comments?post=1384"}],"wp:featuredmedia":[{"embeddable":true,"href":"https:\/\/pluginviet.com\/mau7\/wp-json\/wp\/v2\/media\/1386"}],"wp:attachment":[{"href":"https:\/\/pluginviet.com\/mau7\/wp-json\/wp\/v2\/media?parent=1384"}],"wp:term":[{"taxonomy":"product_cat","embeddable":true,"href":"https:\/\/pluginviet.com\/mau7\/wp-json\/wp\/v2\/product_cat?post=1384"},{"taxonomy":"product_tag","embeddable":true,"href":"https:\/\/pluginviet.com\/mau7\/wp-json\/wp\/v2\/product_tag?post=1384"}],"curies":[{"name":"wp","href":"https:\/\/api.w.org\/{rel}","templated":true}]}}