{"id":2105,"date":"2022-04-26T09:38:40","date_gmt":"2022-04-26T02:38:40","guid":{"rendered":"https:\/\/khomaudep.com\/cellphones\/?page_id=2105"},"modified":"2022-08-13T17:27:49","modified_gmt":"2022-08-13T10:27:49","slug":"dia-chi-cua-hang","status":"publish","type":"page","link":"https:\/\/pluginviet.com\/mau7\/dia-chi-cua-hang\/","title":{"rendered":"\u0110\u1ecba ch\u1ec9 c\u1eeda h\u00e0ng"},"content":{"rendered":"<div class=\"row\"  id=\"row-1640888039\">\n\n\n\t<div id=\"col-2138809324\" class=\"col medium-8 small-12 large-8\"  >\n\t\t\t\t<div class=\"col-inner\"  >\n\t\t\t\n\t\t\t\n\n\t<div class=\"img has-hover x md-x lg-x y md-y lg-y\" id=\"image_1272088514\">\n\t\t\t\t\t\t\t\t<div class=\"img-inner dark\" >\n\t\t\t<img loading=\"lazy\" decoding=\"async\" width=\"800\" height=\"404\" src=\"https:\/\/pluginviet.com\/mau7\/wp-content\/uploads\/2022\/04\/banner_dcch.png\" class=\"attachment-large size-large\" alt=\"\" \/>\t\t\t\t\t\t\n\t\t\t\t\t<\/div>\n\t\t\t\t\t\t\t\t\n<style>\n#image_1272088514 {\n  width: 100%;\n}\n<\/style>\n\t<\/div>\n\t\n\n<h3 style=\"text-align: center;\">TI\u1ec6N \u00cdCH T\u1ea0I H\u1ec6 TH\u1ed0NG C\u1eecA H\u00c0NG CELLPHONES<\/h3>\n<p><strong>CellphoneS<\/strong>\u00a0lu\u00f4n n\u1ed7 l\u1ef1c\u00a0<strong>\u201cT\u1eadn t\u00e2m v\u1edbi kh\u00e1ch h\u00e0ng\u201c<\/strong>\u00a0mang \u0111\u1ebfn d\u1ecbch v\u1ee5 v\u00e0 tr\u1ea3i nghi\u1ec7m t\u1ed1t nh\u1ea5t:<\/p>\n<ul>\n<li>\n<div class=\"col-md-12 col-xs-12\">\n<p><strong>CellphoneS\u00a0l\u00e0 h\u1ec7 th\u1ed1ng b\u00e1n l\u1ebb u\u1ef7 quy\u1ec1n ch\u00ednh h\u00e3ng c\u1ee7a Apple Vi\u1ec7t Nam (AAR &#8211; Apple Authorized Reseller).<\/strong><\/p>\n<p><strong>\u0110i\u1ec7n Tho\u1ea1i Vui ASP\u00a0l\u00e0 h\u1ec7 th\u1ed1ng b\u1ea3o h\u00e0nh ch\u00ednh h\u00e3ng u\u1ef7 quy\u1ec1n c\u1ee7a Apple t\u1ea1i Vi\u1ec7t Nam<\/strong><\/p>\n<\/div>\n<\/li>\n<li>\n<div class=\"col-md-12 col-xs-12\">\n<p>Nh\u00e2n vi\u00ean nhi\u1ec7t t\u00ecnh, th\u00e2n thi\u1ec7n, g\u1eedi xe &amp; Wifi mi\u1ec5n ph\u00ed<\/p>\n<\/div>\n<\/li>\n<li>\n<div class=\"col-md-12 col-xs-12\">\n<p>Tr\u1ea3i nghi\u1ec7m tr\u1ef1c ti\u1ebfp, v\u00e0 d\u00f9ng th\u1eed s\u1ea3n ph\u1ea9m mi\u1ec5n ph\u00ed<\/p>\n<\/div>\n<\/li>\n<li>\n<div class=\"col-md-12 col-xs-12\">\n<p>Gi\u00e1 b\u00e1n, khuy\u1ebfn m\u00e3i lu\u00f4n t\u1ed1t nh\u1ea5t th\u1ecb tr\u01b0\u1eddng<\/p>\n<\/div>\n<\/li>\n<li>\n<div class=\"col-md-12 col-xs-12\">\n<p>D\u1ecbch v\u1ee5 b\u00e1n h\u00e0ng doanh nghi\u1ec7p\u00a0: gi\u00e1 t\u1ed1t nh\u1ea5t &#8211; c\u00f3 hoa h\u1ed3ng<\/p>\n<\/div>\n<\/li>\n<li>\n<div class=\"col-md-12 col-xs-12\">\n<p>B\u1ea3o h\u00e0nh ch\u00ednh h\u00e3ng, \u0111\u1ed5i m\u1edbi mi\u1ec5n ph\u00ed 1 th\u00e1ng<\/p>\n<\/div>\n<\/li>\n<li>\n<div class=\"col-md-12 col-xs-12\">\n<p>Thu c\u0169 \u0111\u1ed5i m\u1edbi s\u1ea3n ph\u1ea9m tr\u1ee3 gi\u00e1 t\u1ed1t nh\u1ea5t<\/p>\n<\/div>\n<\/li>\n<li>\n<div class=\"col-md-12 col-xs-12\">\n<p>Ti\u1ebfp nh\u1eadn b\u1ea3o h\u00e0nh ch\u00ednh h\u00e3ng &amp; s\u1eeda ch\u1eefa \u0111i\u1ec7n tho\u1ea1i &#8211; laptop t\u1ea1i h\u1ec7 th\u1ed1ng\u00a0<strong>\u0110i\u1ec7n Tho\u1ea1i Vui<\/strong><\/p>\n<\/div>\n<\/li>\n<li>\n<div class=\"col-md-12 col-xs-12\">\n<p>Mi\u1ec5n ph\u00ed c\u00e0 th\u1ebb (ngo\u1ea1i tr\u1eeb AMEX, UnionPay &amp; JCB)<\/p>\n<\/div>\n<\/li>\n<li>\n<div class=\"col-md-12 col-xs-12\">\n<p>Tr\u1ea3 g\u00f3p t\u1eeb 0% qua th\u1ebb t\u00edn d\u1ee5ng qu\u1ed1c t\u1ebf v\u1edbi tr\u00ean 20 ng\u00e2n h\u00e0ng &amp; c\u00f4ng ty t\u00e0i ch\u00ednh: Home Credit, Fe Credit, HD Saison, Mirae Asset<\/p>\n<\/div>\n<\/li>\n<li>\n<div class=\"col-md-12 col-xs-12\">\n<p>Nhi\u1ec1u \u01b0u \u0111\u00e3i thanh to\u00e1n t\u1eeb VnpayQR, Momo, Mpos&#8230; v\u00e0 c\u00e1c ng\u00e2n h\u00e0ng BIDV, Shinhan, Vietcombank&#8230;<\/p>\n<\/div>\n<\/li>\n<li>\n<div class=\"col-md-12 col-xs-12\">\n<p>Thanh to\u00e1n h\u00f3a \u0111\u01a1n tr\u1ea3 g\u00f3p, \u0111i\u1ec7n, n\u01b0\u1edbc, internet (<strong>thanh to\u00e1n b\u1eb1ng ti\u1ec1n m\u1eb7t ho\u1eb7c c\u00e0 th\u1ebb ATM<\/strong>)<\/p>\n<\/div>\n<\/li>\n<li>\n<div class=\"col-md-12 col-xs-12\">\n<p>N\u1ea1p ti\u1ec1n \u0111i\u1ec7n tho\u1ea1i ti\u1ebft ki\u1ec7m t\u1edbi 5%<\/p>\n<\/div>\n<\/li>\n<li>Giao h\u00e0ng mi\u1ec5n ph\u00ed, thanh to\u00e1n t\u1ea1i nh\u00e0 tr\u00ean To\u00e0n qu\u1ed1c<\/li>\n<\/ul>\n\n\t\t<\/div>\n\t\t\t\t\t<\/div>\n\n\t\n\n\t<div id=\"col-145315094\" class=\"col medium-4 small-12 large-4\"  >\n\t\t\t\t<div class=\"col-inner box-shadow-1 box-shadow-1-hover\"  >\n\t\t\t\n\t\t\t\n\n\t<div id=\"text-3152019953\" class=\"text\">\n\t\t\n\n<h2>Li\u00ean h\u1ec7<\/h2>\n<p><strong>Khi\u1ebfu n\u1ea1i, g\u00f3p \u00fd:\u00a0<a href=\"tel:0999999999\">0999.999.999<\/a><br \/><\/strong><strong>Trung t\u00e2m b\u1ea3o h\u00e0nh: \u00a0<a href=\"tel:0999999999\">0999.999.999<\/a><\/strong><\/p>\n<p>Thi\u1ebft k\u1ebf website theo m\u1eabu:<\/p>\n<p><strong>My Themes Team<br \/><\/strong><a href=\"mailto:contact@gmail.com\">contact@gmail.com<\/a><\/p>\n\t\t\n<style>\n#text-3152019953 {\n  text-align: center;\n}\n<\/style>\n\t<\/div>\n\t\n\n\t\t<\/div>\n\t\t\t\t\n<style>\n#col-145315094 > .col-inner {\n  padding: 15px 10px 10px 10px;\n  border-radius: 10px;\n}\n<\/style>\n\t<\/div>\n\n\t\n\n<\/div>","protected":false},"excerpt":{"rendered":"","protected":false},"author":2,"featured_media":0,"parent":0,"menu_order":0,"comment_status":"closed","ping_status":"closed","template":"","meta":{"footnotes":""},"class_list":["post-2105","page","type-page","status-publish","hentry"],"_links":{"self":[{"href":"https:\/\/pluginviet.com\/mau7\/wp-json\/wp\/v2\/pages\/2105","targetHints":{"allow":["GET"]}}],"collection":[{"href":"https:\/\/pluginviet.com\/mau7\/wp-json\/wp\/v2\/pages"}],"about":[{"href":"https:\/\/pluginviet.com\/mau7\/wp-json\/wp\/v2\/types\/page"}],"author":[{"embeddable":true,"href":"https:\/\/pluginviet.com\/mau7\/wp-json\/wp\/v2\/users\/2"}],"replies":[{"embeddable":true,"href":"https:\/\/pluginviet.com\/mau7\/wp-json\/wp\/v2\/comments?post=2105"}],"version-history":[{"count":7,"href":"https:\/\/pluginviet.com\/mau7\/wp-json\/wp\/v2\/pages\/2105\/revisions"}],"predecessor-version":[{"id":2143,"href":"https:\/\/pluginviet.com\/mau7\/wp-json\/wp\/v2\/pages\/2105\/revisions\/2143"}],"wp:attachment":[{"href":"https:\/\/pluginviet.com\/mau7\/wp-json\/wp\/v2\/media?parent=2105"}],"curies":[{"name":"wp","href":"https:\/\/api.w.org\/{rel}","templated":true}]}}