{"id":237,"date":"2019-03-20T22:42:01","date_gmt":"2019-03-20T15:42:01","guid":{"rendered":"http:\/\/noithat7.ninhbinhweb.info\/?post_type=product&#038;p=237"},"modified":"2023-02-18T12:15:36","modified_gmt":"2023-02-18T05:15:36","slug":"ban-ghe-ca-phe-bgc70","status":"publish","type":"product","link":"https:\/\/pluginviet.com\/mau62\/san-pham\/ban-ghe-ca-phe-bgc70\/","title":{"rendered":"B\u00e0n gh\u1ebf c\u00e0 ph\u00ea BGC70"},"content":{"rendered":"<p><strong>Gi\u00e1 \u01afu \u0110\u00e3i:\u00a0ch\u01b0\u01a1ng tr\u00ecnh\u00a0\u00e1p d\u1ee5ng khi kh\u00e1ch h\u00e0ng\u00a0mua tr\u00ean 5 b\u1ed9<\/strong><\/p>\n<p>\u2013 Gh\u1ebf : 370.000 vn\u0111\/c\u00e1i ( n\u1ec7m + th\u00eam 65.000vn\u0111\/c\u00e1i )<\/p>\n<p>\u2013 B\u00e0n : 700.000 vn\u0111\/c\u00e1i<\/p>\n<p>K\u00edch th\u01b0\u1edbc :<\/p>\n<p>+ Gh\u1ebf : 40 x 40\u00a0x H45cm.<\/p>\n<p>+ B\u00e0n : D60 x H73cm.<\/p>\n<p dir=\"ltr\"><strong><em>V\u1edbi ki\u1ec3u d\u00e1ng tinh t\u1ebf, hi\u1ec7n \u0111\u1ea1i c\u00f9ng t\u1ea1o h\u00ecnh \u0111\u1ed9c \u0111\u00e1o; b\u00e0n gh\u1ebf c\u00e0 ph\u00ea BGC70 s\u1ebd t\u1ea1o n\u00ean \u0111i\u1ec3m nh\u1ea5n v\u00f4 c\u00f9ng b\u1eaft m\u1eaft cho kh\u00f4ng gian qu\u00e1n b\u1ea1n \u0111\u1ea5y!<\/em><\/strong><\/p>\n<p dir=\"ltr\"><strong>\u0110i\u1ec3m n\u1ed5i b\u1eadt c\u1ee7a b\u1ed9 b\u00e0n gh\u1ebf c\u00e0 ph\u00ea BGC70<\/strong><\/p>\n<p dir=\"ltr\">&#8211; M\u1eb7t b\u00e0n h\u00ecnh vu\u00f4ng c\u00f9ng m\u00e0u tr\u1eafng tinh t\u1ebf mang \u0111\u1ebfn s\u1ef1 hi\u1ec7n \u0111\u1ea1i, tr\u1ebb trung.<\/p>\n<p dir=\"ltr\">&#8211; B\u00ean c\u1ea1nh \u0111\u00f3, ch\u00e2n b\u00e0n \u0111\u01b0\u1ee3c c\u00e1ch \u0111i\u1ec7u v\u1edbi nh\u1eefng thanh s\u1eaft \u0111\u00f4i m\u00e0u \u0111en c\u00f9ng t\u1ea1o h\u00ecnh nh\u01b0 nh\u1eefng c\u00e2y k\u1eb9p ghim \u0111an xen v\u00e0o nhau c\u1ef1c \u1ea5n t\u01b0\u1ee3ng.<\/p>\n<p dir=\"ltr\">&#8211; Ki\u1ec3u d\u00e1ng \u0111\u01a1n gi\u1ea3n \u0111\u00e3 \u0111\u01b0\u1ee3c qua x\u1eed l\u00fd nh\u1eb1m mang l\u1ea1i ch\u1ea5t l\u01b0\u1ee3ng t\u1ed1t nh\u1ea5t c\u0169ng nh\u01b0 \u0111\u1ed9 b\u1ec1n cho s\u1ea3n ph\u1ea9m nh\u01b0: s\u01a1n t\u0129nh \u0111i\u1ec7n, ch\u1ed1ng th\u1ea5m, ch\u1ed1ng m\u1ed1i m\u1ecdt\u2026<\/p>\n<p dir=\"ltr\">&#8211; Ngo\u00e0i ra, ph\u1ea7n m\u1eb7t b\u00e0n nh\u1eb5n m\u1ecbn gi\u00fap b\u1ea1n c\u00f3 th\u1ec3 d\u1ec5 d\u00e0ng v\u1ec7 sinh.<\/p>\n<p dir=\"ltr\">&#8211; V\u1ec1 ph\u1ea7n gh\u1ebf, v\u1edbi b\u1ed9 khung s\u1eaft c\u1ee9ng c\u00e1p mang l\u1ea1i s\u1ef1 ch\u1eafc ch\u1eafn cho ng\u01b0\u1eddi s\u1eed d\u1ee5ng.<\/p>\n<p dir=\"ltr\">&#8211; Ph\u1ea7n ch\u00e2n \u0111\u01b0\u1ee3c thi\u1ebft k\u1ebf theo ch\u1eef n c\u00f3 thanh s\u1eaft nh\u1ecf b\u1eaft \u1edf 2 b\u00ean h\u00f4ng gi\u00fap gh\u1ebf c\u00f3 th\u1ec3 \u0111\u1ee9ng v\u1eefng.<\/p>\n<p dir=\"ltr\">&#8211; B\u00ean c\u1ea1nh \u0111\u00f3, ph\u1ea7n t\u1ef1a l\u01b0ng l\u00e0 s\u1ef1 k\u1ebft h\u1ee3p c\u1ee7a nh\u1eefng thanh s\u1eaft nhuy\u1ec5n mang l\u1ea1i s\u1ef1 tinh t\u1ebf cho kh\u00f4ng gian qu\u00e1n b\u1ea1n.<\/p>\n<p dir=\"ltr\">&#8211; Ph\u1ea7n n\u1ec7m ng\u1ed3i k\u1ebb s\u1ecdc c\u1ef1c c\u00e1 t\u00ednh, tr\u1ebb trung.<\/p>\n<p dir=\"ltr\">&#8211; Khung gh\u1ebf b\u1eb1ng s\u1eaft \u0111\u01b0\u1ee3c s\u01a1n 2 m\u00e0u tr\u1eafng, \u0111en cho c\u00e1c b\u1ea1n d\u1ec5 d\u00e0ng l\u1ef1a ch\u1ecdn.<\/p>\n<p dir=\"ltr\"><strong>T\u00ednh \u1ee9ng d\u1ee5ng c\u1ee7a s\u1ea3n ph\u1ea9m<\/strong><\/p>\n<p dir=\"ltr\">&#8211; Ki\u1ec3u d\u00e1ng \u0111\u01a1n gi\u1ea3n ph\u00f9 h\u1ee3p cho m\u1ecdi qu\u00e1n c\u00e0 ph\u00ea, \u0111\u1eb7c bi\u1ec7t l\u00e0 c\u00e0 ph\u00ea s\u00e2n v\u01b0\u1eddn.<\/p>\n<p dir=\"ltr\">&#8211; Thi\u1ebft k\u1ebf nh\u1ecf g\u1ecdn, d\u1ec5 d\u00e0ng di chuy\u1ec3n c\u0169ng nh\u01b0 ti\u1ebft ki\u1ec7m kh\u00f4ng gian m\u1ed9t c\u00e1ch t\u1ed1i \u0111a.<\/p>\n<p dir=\"ltr\">&#8211; V\u1edbi m\u00e0u s\u1eafc ch\u1ee7 \u0111\u1ea1o l\u00e0 tr\u1eafng v\u00e0 \u0111en \u0111\u1ea7y sang tr\u1ecdng gi\u00fap qu\u00e1n tr\u1edf n\u00ean hi\u1ec7n \u0111\u1ea1i h\u01a1n.<\/p>\n<p dir=\"ltr\">H\u00e3y \u0111\u1ec3 b\u00e0n gh\u1ebf c\u00e0 ph\u00ea BGC70 gi\u1ea3i quy\u1ebft n\u1ed7i lo c\u1ee7a b\u1ea1n trong vi\u1ec7c l\u1ef1a ch\u1ecdn n\u1ed9i th\u1ea5t nh\u00e9!<\/p>\n<p dir=\"ltr\">M\u1eabu b\u00e0n gh\u1ebf \u0111ang \u0111\u01b0\u1ee3c nhi\u1ec1u ch\u1ee7 qu\u00e1n l\u1ef1a ch\u1ecdn:<\/p>\n<p dir=\"ltr\">\u00ecnh 3. B\u00e0n gh\u1ebf c\u00e0 ph\u00ea bgc70<\/p>\n<p dir=\"ltr\">M\u1ecdi chi ti\u1ebft xin li\u00ean h\u1ec7:<\/p>\n<p dir=\"ltr\">Mr KIM \u0110\u1eb6NG HO\u00c0NG S\u01a0N<\/p>\n<p dir=\"ltr\">C.E.O<\/p>\n<p dir=\"ltr\">\n","protected":false},"excerpt":{"rendered":"<p>B\u00e0n gh\u1ebf c\u00e0 ph\u00ea BGC70 ki\u1ec3u d\u00e1ng \u0111\u01a1n gi\u1ea3n ph\u00f9 h\u1ee3p cho m\u1ecdi qu\u00e1n c\u00e0 ph\u00ea, \u0111\u1eb7c bi\u1ec7t l\u00e0 c\u00e0 ph\u00ea s\u00e2n v\u01b0\u1eddn. Thi\u1ebft k\u1ebf nh\u1ecf g\u1ecdn, d\u1ec5 d\u00e0ng di chuy\u1ec3n c\u0169ng nh\u01b0 ti\u1ebft ki\u1ec7m kh\u00f4ng gian m\u1ed9t c\u00e1ch t\u1ed1i \u0111a.<\/p>\n","protected":false},"featured_media":871,"comment_status":"open","ping_status":"closed","template":"","meta":[],"product_brand":[],"product_cat":[26],"product_tag":[],"class_list":{"0":"post-237","1":"product","2":"type-product","3":"status-publish","4":"has-post-thumbnail","6":"product_cat-san-pham","8":"first","9":"instock","10":"sale","11":"shipping-taxable","12":"purchasable","13":"product-type-simple"},"_links":{"self":[{"href":"https:\/\/pluginviet.com\/mau62\/wp-json\/wp\/v2\/product\/237","targetHints":{"allow":["GET"]}}],"collection":[{"href":"https:\/\/pluginviet.com\/mau62\/wp-json\/wp\/v2\/product"}],"about":[{"href":"https:\/\/pluginviet.com\/mau62\/wp-json\/wp\/v2\/types\/product"}],"replies":[{"embeddable":true,"href":"https:\/\/pluginviet.com\/mau62\/wp-json\/wp\/v2\/comments?post=237"}],"wp:featuredmedia":[{"embeddable":true,"href":"https:\/\/pluginviet.com\/mau62\/wp-json\/wp\/v2\/media\/871"}],"wp:attachment":[{"href":"https:\/\/pluginviet.com\/mau62\/wp-json\/wp\/v2\/media?parent=237"}],"wp:term":[{"taxonomy":"product_brand","embeddable":true,"href":"https:\/\/pluginviet.com\/mau62\/wp-json\/wp\/v2\/product_brand?post=237"},{"taxonomy":"product_cat","embeddable":true,"href":"https:\/\/pluginviet.com\/mau62\/wp-json\/wp\/v2\/product_cat?post=237"},{"taxonomy":"product_tag","embeddable":true,"href":"https:\/\/pluginviet.com\/mau62\/wp-json\/wp\/v2\/product_tag?post=237"}],"curies":[{"name":"wp","href":"https:\/\/api.w.org\/{rel}","templated":true}]}}