{"id":1920,"date":"2023-02-20T14:38:49","date_gmt":"2023-02-20T07:38:49","guid":{"rendered":"https:\/\/khomaudep.com\/noithat02\/?post_type=product&#038;p=1920"},"modified":"2023-02-20T14:38:49","modified_gmt":"2023-02-20T07:38:49","slug":"giuong-ngu-cao-cap-thiet-ke-hien-dai-gi-04","status":"publish","type":"product","link":"https:\/\/pluginviet.com\/mau62\/san-pham\/giuong-ngu-cao-cap-thiet-ke-hien-dai-gi-04\/","title":{"rendered":"Gi\u01b0\u1eddng ng\u1ee7 cao c\u1ea5p thi\u1ebft k\u1ebf hi\u1ec7n \u0111\u1ea1i | GI-04"},"content":{"rendered":"<p>Gi\u01b0\u1eddng ng\u1ee7 cao c\u1ea5p thi\u1ebft k\u1ebf hi\u1ec7n \u0111\u1ea1i l\u00e0 thi\u1ebft k\u1ebf mang v\u1ebb \u0111\u1eb9p sang tr\u1ecdng, tinh t\u1ebf. S\u1ea3n ph\u1ea9m \u0111\u01b0\u1ee3c \u0111\u00e1nh gi\u00e1 l\u00e0 gi\u1ea3i ph\u00e1p ki\u1ebfn t\u1ea1o kh\u00f4ng gian ph\u00f2ng ng\u1ee7 cho m\u1ecdi ng\u00f4i nh\u00e0 hi\u1ec7n \u0111\u1ea1i.<\/p>\n<table>\n<tbody>\n<tr>\n<td>Th\u01b0\u01a1ng hi\u1ec7u<\/td>\n<td>Sleep Castle\/ Sleeping\u00a0 Sleepcastle\/ Shubao<\/td>\n<\/tr>\n<tr>\n<td>M\u00e3 s\u1ea3n ph\u1ea9m<\/td>\n<td>GI-04<\/td>\n<\/tr>\n<tr>\n<td>M\u00f4 h\u00ecnh<\/td>\n<td>Gi\u01b0\u1eddng ES<\/td>\n<\/tr>\n<tr>\n<td>S\u1ed1 l\u01b0\u1ee3ng \u00e1p d\u1ee5ng<\/td>\n<td>2 ng\u01b0\u1eddi<\/td>\n<\/tr>\n<tr>\n<td>\u0110\u1ecbnh v\u1ecb phong c\u00e1ch<\/td>\n<td>Ti\u1ebft ki\u1ec7m<\/td>\n<\/tr>\n<tr>\n<td>M\u00e0u s\u1eafc<\/td>\n<td>T\u01b0\u01a1i s\u00e1ng<\/td>\n<\/tr>\n<tr>\n<td>Ch\u1ea5t li\u1ec7u<\/td>\n<td>G\u1ed7<\/td>\n<\/tr>\n<tr>\n<td>Xu\u1ea5t x\u1ee9<\/td>\n<td>T\u1ec9nh Qu\u1ea3ng \u0110\u00f4ng<\/td>\n<\/tr>\n<\/tbody>\n<\/table>\n<p>Thi\u1ebft k\u1ebf \u0111a n\u0103ng, gi\u01b0\u1eddng ng\u1ee7 cao c\u1ea5p thi\u1ebft k\u1ebf hi\u1ec7n \u0111\u1ea1i h\u1ed9i t\u1ee5 nhi\u1ec1u \u01b0u \u0111i\u1ec3m v\u01b0\u1ee3t tr\u1ed9i nh\u01b0:<\/p>\n<ul>\n<li>Gi\u01b0\u1eddng ng\u1ee7 cao c\u1ea5p thi\u1ebft k\u1ebf hi\u1ec7n \u0111\u1ea1i \u0111\u01b0\u1ee3c l\u00e0m t\u1eeb ngu\u1ed3n nguy\u00ean li\u1ec7u an to\u00e0n, ch\u1ea5t l\u01b0\u1ee3ng. Thi\u1ebft k\u1ebf s\u1ebd mang l\u1ea1i cho kh\u00e1ch h\u00e0ng gi\u1ea5c ngon, tho\u1ea3i m\u00e1i.<\/li>\n<li>S\u1ea3n ph\u1ea9m c\u1ee7a c\u00f4ng ty \u0111\u01b0\u1ee3c l\u00e0m t\u1eeb ch\u1ea5t li\u1ec7u nh\u01b0 g\u1ed7 t\u1ef1 nhi\u00ean, g\u1ed7 cao c\u1ea5p, g\u1ed7 MDF,&#8230;\u0111\u00e3 qua quy tr\u00ecnh x\u1eed l\u00fd ch\u1ed1ng \u1ea9m m\u1ed1c, ch\u1ed1ng th\u1ea5m n\u01b0\u1edbc, t\u0103ng kh\u1ea3 n\u0103ng ch\u1ed1ng l\u1ea1i s\u1ef1 t\u1ea5n c\u00f4ng c\u1ee7a m\u1ed1i, m\u1ecdt.<\/li>\n<li>Ngo\u00e0i c\u00f4ng n\u0103ng ch\u00ednh l\u00e0 l\u00e0m gi\u01b0\u1eddng ng\u1ee7, s\u1ea3n ph\u1ea9m c\u00f2n \u0111\u01b0\u1ee3c d\u00f9ng l\u00e0m k\u1ec7 \u0111\u1ef1ng s\u00e1ch, b\u00e0n l\u00e0m vi\u1ec7c, t\u1ee7 qu\u1ea7n \u00e1o,&#8230; Ph\u00eda tr\u00ean \u0111\u1ea7u gi\u01b0\u1eddng b\u1ea1n c\u00f3 th\u1ec3 \u0111\u1ec3 v\u00e0i cu\u1ed1n s\u00e1ch m\u00ecnh hay \u0111\u1ecdc, hay ng\u1ed3i vi\u1ebft v\u00e0i d\u00f2ng nh\u1eadt k\u00fd. Gi\u01b0\u1eddng ng\u1ee7 \u0111\u01b0\u1ee3c thi\u1ebft k\u1ebf c\u00f3 th\u00eam ng\u0103n k\u00e9o \u0111\u1ef1ng \u0111\u1ed3 \u1edf d\u01b0\u1edbi g\u1ea7m. M\u1ed9t s\u1ea3n ph\u1ea9m v\u1edbi nhi\u1ec1u t\u00ednh n\u0103ng h\u1eefu \u00edch s\u1ebd mang \u0111\u1ebfn cho c\u0103n ph\u00f2ng b\u1ea1n s\u1ef1 tho\u1ea3i m\u00e1i v\u00e0 ti\u1ec7n nghi.<\/li>\n<li>S\u1ea3n ph\u1ea9m \u0111ang \u0111i \u0111\u1ea7u xu h\u01b0\u1edbng th\u1ecb tr\u01b0\u1eddng b\u1edfi nh\u1eefng ti\u1ec7n \u00edch v\u01b0\u1ee3t tr\u1ed9i m\u00e0 gi\u00e1 th\u00e0nh l\u1ea1i v\u00f4 c\u00f9ng ph\u1ea3i ch\u0103ng. C\u00f3 nhi\u1ec1u ki\u1ec3u m\u1eabu, k\u00edch th\u01b0\u1edbc v\u1edbi t\u1eebng lo\u1ea1i gi\u00e1 kh\u00e1c nhau, ph\u00f9 h\u1ee3p cho nhi\u1ec1u \u0111\u1ed1i t\u01b0\u1ee3ng kh\u00e1ch h\u00e0ng.<\/li>\n<\/ul>\n","protected":false},"excerpt":{"rendered":"<p>Gi\u01b0\u1eddng ng\u1ee7 cao c\u1ea5p thi\u1ebft k\u1ebf hi\u1ec7n \u0111\u1ea1i l\u00e0 thi\u1ebft k\u1ebf mang v\u1ebb \u0111\u1eb9p sang tr\u1ecdng, tinh t\u1ebf. S\u1ea3n ph\u1ea9m \u0111\u01b0\u1ee3c \u0111\u00e1nh gi\u00e1 l\u00e0 gi\u1ea3i ph\u00e1p ki\u1ebfn t\u1ea1o kh\u00f4ng gian ph\u00f2ng ng\u1ee7 cho m\u1ecdi ng\u00f4i nh\u00e0 hi\u1ec7n \u0111\u1ea1i. Th\u01b0\u01a1ng hi\u1ec7u Sleep Castle\/ Sleeping\u00a0 Sleepcastle\/ Shubao M\u00e3 s\u1ea3n ph\u1ea9m GI-04 M\u00f4 h\u00ecnh Gi\u01b0\u1eddng ES S\u1ed1 l\u01b0\u1ee3ng&#8230;<\/p>\n","protected":false},"featured_media":1921,"comment_status":"closed","ping_status":"closed","template":"","meta":[],"product_brand":[],"product_cat":[47,26],"product_tag":[],"class_list":{"0":"post-1920","1":"product","2":"type-product","3":"status-publish","4":"has-post-thumbnail","6":"product_cat-giuong-ngu","7":"product_cat-san-pham","9":"first","10":"instock","11":"shipping-taxable","12":"product-type-simple"},"_links":{"self":[{"href":"https:\/\/pluginviet.com\/mau62\/wp-json\/wp\/v2\/product\/1920","targetHints":{"allow":["GET"]}}],"collection":[{"href":"https:\/\/pluginviet.com\/mau62\/wp-json\/wp\/v2\/product"}],"about":[{"href":"https:\/\/pluginviet.com\/mau62\/wp-json\/wp\/v2\/types\/product"}],"replies":[{"embeddable":true,"href":"https:\/\/pluginviet.com\/mau62\/wp-json\/wp\/v2\/comments?post=1920"}],"wp:featuredmedia":[{"embeddable":true,"href":"https:\/\/pluginviet.com\/mau62\/wp-json\/wp\/v2\/media\/1921"}],"wp:attachment":[{"href":"https:\/\/pluginviet.com\/mau62\/wp-json\/wp\/v2\/media?parent=1920"}],"wp:term":[{"taxonomy":"product_brand","embeddable":true,"href":"https:\/\/pluginviet.com\/mau62\/wp-json\/wp\/v2\/product_brand?post=1920"},{"taxonomy":"product_cat","embeddable":true,"href":"https:\/\/pluginviet.com\/mau62\/wp-json\/wp\/v2\/product_cat?post=1920"},{"taxonomy":"product_tag","embeddable":true,"href":"https:\/\/pluginviet.com\/mau62\/wp-json\/wp\/v2\/product_tag?post=1920"}],"curies":[{"name":"wp","href":"https:\/\/api.w.org\/{rel}","templated":true}]}}