{"id":1909,"date":"2023-02-20T14:32:02","date_gmt":"2023-02-20T07:32:02","guid":{"rendered":"https:\/\/khomaudep.com\/noithat02\/?post_type=product&#038;p=1909"},"modified":"2023-02-21T09:25:29","modified_gmt":"2023-02-21T02:25:29","slug":"ban-an-thong-minh-gap-gon-ket-hop-tu-dung-do-nha-bep-ba-tm-05","status":"publish","type":"product","link":"https:\/\/pluginviet.com\/mau62\/san-pham\/ban-an-thong-minh-gap-gon-ket-hop-tu-dung-do-nha-bep-ba-tm-05\/","title":{"rendered":"B\u00e0n \u0103n th\u00f4ng minh g\u1ea5p g\u1ecdn k\u1ebft h\u1ee3p t\u1ee7 \u0111\u1ef1ng \u0111\u1ed3 nh\u00e0 b\u1ebfp | BA-TM-05"},"content":{"rendered":"<p>B\u00e0n \u0103n th\u00f4ng minh g\u1ea5p g\u1ecdn k\u1ebft h\u1ee3p t\u1ee7 \u0111\u1ef1ng \u0111\u1ed3 nh\u00e0 b\u1ebfp l\u00e0 chi\u1ebfc b\u00e0n c\u00f3 th\u1ec3 thay \u0111\u1ed5i h\u00ecnh d\u1ea1ng, k\u00edch th\u01b0\u1edbc c\u0169ng nh\u01b0 c\u00f4ng d\u1ee5ng m\u1ed9t c\u00e1ch nhanh ch\u00f3ng \u0111\u1ec3 \u0111\u00e1p \u1ee9ng nh\u01b0 c\u1ea7u ng\u01b0\u1eddi d\u00f9ng th\u1eddi \u0111i\u1ec3m s\u1eed d\u1ee5ng kh\u00e1c nhau.<\/p>\n<table border=\"1\" cellspacing=\"1\" cellpadding=\"1\">\n<tbody>\n<tr>\n<td>T\u00ean s\u1ea3n ph\u1ea9m<\/td>\n<td>B\u00e0n \u0103n th\u00f4ng minh g\u1ea5p g\u1ecdn k\u1ebft h\u1ee3p t\u1ee7 \u0111\u1ef1ng \u0111\u1ed3 nh\u00e0 b\u1ebfp<\/td>\n<\/tr>\n<tr>\n<td>M\u00e0u s\u1eafc<\/td>\n<td>T\u00f9y ch\u1ecdn<\/td>\n<\/tr>\n<tr>\n<td>K\u00edch th\u01b0\u1edbc<\/td>\n<td>1310mm x 800mm (d\u00e0i x r\u1ed9ng)<\/td>\n<\/tr>\n<tr>\n<td>V\u1eadt li\u1ec7u<\/td>\n<td>\u00a0G\u1ed7 c\u00f4ng nghi\u1ec7p MDF<\/td>\n<\/tr>\n<tr>\n<td>Ki\u1ec3u thi\u1ebft k\u1ebf<\/td>\n<td>N\u1ed9i th\u1ea5t th\u00f4ng minh<\/td>\n<\/tr>\n<\/tbody>\n<\/table>\n<p><strong>Ti\u1ebft ki\u1ec7m kh\u00f4ng gian s\u1eed d\u1ee5ng<\/strong><\/p>\n<p>B\u00e0n \u0103n th\u00f4ng minh g\u1ea5p g\u1ecdn k\u1ebft h\u1ee3p t\u1ee7 \u0111\u1ef1ng \u0111\u1ed3 nh\u00e0 b\u1ebfp gi\u00fap cho kh\u00e1ch h\u00e0ng ti\u1ebft ki\u1ec7m kh\u00f4ng gian ph\u00f2ng b\u1ebfp m\u1ed9t c\u00e1ch th\u1ef1c s\u1ef1 hi\u1ec7u qu\u1ea3. Trong tr\u01b0\u1eddng h\u1ee3p nh\u1eefng c\u0103n h\u1ed9 chung c\u01b0, ph\u00f2ng tr\u1ecd c\u00f3 di\u1ec7n t\u00edch nh\u1ecf, h\u1ea1n ch\u1ebf th\u00ec s\u1ea3n ph\u1ea9m ch\u00ednh l\u00e0 m\u1ed9t s\u1ef1 l\u1ef1a ch\u1ecdn l\u00fd t\u01b0\u1edfng.<\/p>\n<p><strong>Thi\u1ebft k\u1ebf \u1ea5n t\u01b0\u1ee3ng<\/strong><\/p>\n<p>B\u00e0n \u0103n th\u00f4ng minh g\u1ea5p g\u1ecdn k\u1ebft h\u1ee3p t\u1ee7 \u0111\u1ef1ng \u0111\u1ed3 nh\u00e0 b\u1ebfp mang \u0111\u1ebfn kh\u00f4ng gian s\u1ed1ng hi\u1ec7n \u0111\u1ea1i v\u00e0 sang tr\u1ecdng cho ph\u00f2ng \u0103n.<\/p>\n<p>Khi nh\u1eefng m\u1eabu b\u00e0n truy\u1ec1n th\u1ed1ng g\u1ea7n nh\u01b0 \u0111\u00e3 qu\u00e1 quen thu\u1ed9c th\u00ec m\u1ed9t thi\u1ebft k\u1ebf m\u1edbi m\u1ebb c\u00f3 th\u1ec3 s\u1ebd \u0111em \u0111\u1ebfn cho b\u1ea1n nh\u1eefng tr\u1ea3i nghi\u1ec7m m\u1edbi th\u00fa v\u1ecb.<\/p>\n<p>&nbsp;<\/p>\n","protected":false},"excerpt":{"rendered":"<p>B\u00e0n \u0103n th\u00f4ng minh g\u1ea5p g\u1ecdn k\u1ebft h\u1ee3p t\u1ee7 \u0111\u1ef1ng \u0111\u1ed3 nh\u00e0 b\u1ebfp l\u00e0 chi\u1ebfc b\u00e0n c\u00f3 th\u1ec3 thay \u0111\u1ed5i h\u00ecnh d\u1ea1ng, k\u00edch th\u01b0\u1edbc c\u0169ng nh\u01b0 c\u00f4ng d\u1ee5ng m\u1ed9t c\u00e1ch nhanh ch\u00f3ng \u0111\u1ec3 \u0111\u00e1p \u1ee9ng nh\u01b0 c\u1ea7u ng\u01b0\u1eddi d\u00f9ng th\u1eddi \u0111i\u1ec3m s\u1eed d\u1ee5ng kh\u00e1c nhau. T\u00ean s\u1ea3n ph\u1ea9m B\u00e0n \u0103n th\u00f4ng minh g\u1ea5p g\u1ecdn k\u1ebft&#8230;<\/p>\n","protected":false},"featured_media":1939,"comment_status":"closed","ping_status":"closed","template":"","meta":[],"product_brand":[],"product_cat":[45,26],"product_tag":[],"class_list":{"0":"post-1909","1":"product","2":"type-product","3":"status-publish","4":"has-post-thumbnail","6":"product_cat-ban-ghe-an","7":"product_cat-san-pham","9":"first","10":"instock","11":"shipping-taxable","12":"product-type-simple"},"_links":{"self":[{"href":"https:\/\/pluginviet.com\/mau62\/wp-json\/wp\/v2\/product\/1909","targetHints":{"allow":["GET"]}}],"collection":[{"href":"https:\/\/pluginviet.com\/mau62\/wp-json\/wp\/v2\/product"}],"about":[{"href":"https:\/\/pluginviet.com\/mau62\/wp-json\/wp\/v2\/types\/product"}],"replies":[{"embeddable":true,"href":"https:\/\/pluginviet.com\/mau62\/wp-json\/wp\/v2\/comments?post=1909"}],"wp:featuredmedia":[{"embeddable":true,"href":"https:\/\/pluginviet.com\/mau62\/wp-json\/wp\/v2\/media\/1939"}],"wp:attachment":[{"href":"https:\/\/pluginviet.com\/mau62\/wp-json\/wp\/v2\/media?parent=1909"}],"wp:term":[{"taxonomy":"product_brand","embeddable":true,"href":"https:\/\/pluginviet.com\/mau62\/wp-json\/wp\/v2\/product_brand?post=1909"},{"taxonomy":"product_cat","embeddable":true,"href":"https:\/\/pluginviet.com\/mau62\/wp-json\/wp\/v2\/product_cat?post=1909"},{"taxonomy":"product_tag","embeddable":true,"href":"https:\/\/pluginviet.com\/mau62\/wp-json\/wp\/v2\/product_tag?post=1909"}],"curies":[{"name":"wp","href":"https:\/\/api.w.org\/{rel}","templated":true}]}}