{"id":1907,"date":"2023-02-20T14:30:28","date_gmt":"2023-02-20T07:30:28","guid":{"rendered":"https:\/\/khomaudep.com\/noithat02\/?post_type=product&#038;p=1907"},"modified":"2023-02-21T09:23:33","modified_gmt":"2023-02-21T02:23:33","slug":"ban-an-thong-minh-keo-dai-ba-02-tm","status":"publish","type":"product","link":"https:\/\/pluginviet.com\/mau62\/san-pham\/ban-an-thong-minh-keo-dai-ba-02-tm\/","title":{"rendered":"B\u00e0n \u0103n th\u00f4ng minh k\u00e9o d\u00e0i | BA-02-TM"},"content":{"rendered":"<p>Vi\u1ec7c \u0111\u1eb7t b\u00e0n \u0103n c\u1ed1 \u0111\u1ecbnh trong m\u1ed9t kh\u00f4ng gian nh\u1ecf s\u1ebd \u1ea3nh h\u01b0\u1edfng r\u1ea5t nhi\u1ec1u \u0111\u1ebfn c\u00e1c ho\u1ea1t \u0111\u1ed9ng th\u01b0\u1eddng ng\u00e0y kh\u00e1c nhau trong nh\u00e0. V\u00ec v\u1eady, m\u1ed9t chi\u1ebfc b\u00e0n \u0103n th\u00f4ng minh t\u00edch h\u1ee3p t\u1ee7 b\u1ebfp v\u1edbi k\u00edch th\u01b0\u1edbc v\u1eeba ph\u1ea3i, m\u00e0u s\u1eafc n\u1ed5i b\u1eadt s\u1ebd gi\u00fap m\u1ecdi ng\u01b0\u1eddi vui v\u1ebb h\u01a1n trong m\u1ed7i b\u1eefa \u0103n h\u00e0ng ng\u00e0y.<\/p>\n<table border=\"1\" cellspacing=\"1\" cellpadding=\"1\">\n<tbody>\n<tr>\n<td>T\u00ean g\u1ecdi<\/td>\n<td>B\u00e0n \u0103n th\u00f4ng minh k\u00e9o d\u00e0i t\u00edch h\u1ee3p t\u1ee7 b\u1ebfp<\/td>\n<\/tr>\n<tr>\n<td>Ch\u1ea5t li\u1ec7u<\/td>\n<td>G\u1ed7 MDF<\/td>\n<\/tr>\n<tr>\n<td>M\u00e0u s\u1eafc<\/td>\n<td>T\u00f9y ch\u1ecdn<\/td>\n<\/tr>\n<tr>\n<td>K\u00edch th\u01b0\u1edbc<\/td>\n<td>1680mmx900mmx780mm ( d\u00e0i x r\u1ed9ng x cao)<\/td>\n<\/tr>\n<tr>\n<td>\u0110\u1eb7c t\u00ednh n\u1ed5i b\u1eadt<\/td>\n<td>T\u00ednh ti\u1ec7n d\u1ee5ng cao<\/td>\n<\/tr>\n<\/tbody>\n<\/table>\n<p>\u1ede nh\u1eefng n\u01a1i c\u00f3 di\u1ec7n t\u00edch nh\u1ecf, vi\u1ec7c \u0111\u1eb7t c\u1ed1 \u0111\u1ecbnh m\u1ed9t chi\u1ebfc b\u00e0n c\u00f3 nhi\u1ec1u ch\u00e2n ho\u1eb7c b\u00e0n truy\u1ec1n th\u1ed1ng s\u1ebd khi\u1ebfn kh\u00f4ng gian b\u1ecb h\u1eb9p l\u1ea1i. Do \u0111\u00f3, b\u1ea1n c\u00f3 th\u1ec3 ch\u1ecdn g\u00f3c m\u1edf r\u1ed9ng \u0111\u1ec3 g\u1eafn b\u00e0n l\u00ean t\u01b0\u1eddng. Ch\u1ec9 c\u1ea7n k\u00ea th\u00eam nh\u1eefng chi\u1ebfc gh\u1ebf xung quanh l\u00e0 b\u1ea1n \u0111\u00e3 t\u1ea1o ra m\u1ed9t kh\u00f4ng gian \u0103n u\u1ed1ng h\u00e0ng ng\u00e0y ti\u1ec7n l\u1ee3i v\u00e0 d\u1ec5 d\u00e0ng.<\/p>\n<p>S\u1ea3n ph\u1ea9m c\u00f3 nh\u1eefng \u01b0u \u0111i\u1ec3m n\u1ed5i b\u1eadt nh\u01b0 sau:<\/p>\n<ul>\n<li>T\u00ednh n\u0103ng th\u00f4ng minh: C\u00f3 th\u1ec3 m\u1edf r\u1ed9ng, h\u1eb9p, n\u00e2ng l\u00ean, g\u1ea5p l\u1ea1i v\u00e0 di chuy\u1ec3n d\u1ec5 d\u00e0ng, linh ho\u1ea1t v\u00e0 ti\u1ec7n d\u1ee5ng cho m\u1ecdi kh\u00f4ng gian.<\/li>\n<li>T\u00edch h\u1ee3p c\u00e1c ti\u1ec7n \u00edch: \u0110\u1eb7c bi\u1ec7t, b\u00e0n \u0103n th\u00f4ng minh k\u1ebft h\u1ee3p c\u00e1c ng\u0103n k\u00e9o tr\u1edf th\u00e0nh m\u1ed9t ph\u1ea7n c\u0103n b\u1ebfp v\u00f4 gi\u00fap ng\u01b0\u1eddi s\u1eed d\u1ee5ng c\u00f3 th\u00eam nh\u1eefng n\u01a1i c\u1ea5t gi\u1eef \u0111\u1ed3 \u0111\u1ea1c, thi\u1ebft b\u1ecb<\/li>\n<li>\u0110\u1ed9 b\u1ec1n cao: S\u1ea3n ph\u1ea9m \u0111\u01b0\u1ee3c l\u00e0m t\u1eeb ch\u1ea5t li\u1ec7u cao c\u1ea5p, c\u00f3 \u0111\u1ed9 b\u1ec1n cao, gi\u1eef \u0111\u01b0\u1ee3c tu\u1ed5i th\u1ecd c\u1ee7a s\u1ea3n ph\u1ea9m l\u00e2u d\u00e0i<\/li>\n<\/ul>\n","protected":false},"excerpt":{"rendered":"<p>Vi\u1ec7c \u0111\u1eb7t b\u00e0n \u0103n c\u1ed1 \u0111\u1ecbnh trong m\u1ed9t kh\u00f4ng gian nh\u1ecf s\u1ebd \u1ea3nh h\u01b0\u1edfng r\u1ea5t nhi\u1ec1u \u0111\u1ebfn c\u00e1c ho\u1ea1t \u0111\u1ed9ng th\u01b0\u1eddng ng\u00e0y kh\u00e1c nhau trong nh\u00e0. V\u00ec v\u1eady, m\u1ed9t chi\u1ebfc b\u00e0n \u0103n th\u00f4ng minh t\u00edch h\u1ee3p t\u1ee7 b\u1ebfp v\u1edbi k\u00edch th\u01b0\u1edbc v\u1eeba ph\u1ea3i, m\u00e0u s\u1eafc n\u1ed5i b\u1eadt s\u1ebd gi\u00fap m\u1ecdi ng\u01b0\u1eddi vui v\u1ebb h\u01a1n trong&#8230;<\/p>\n","protected":false},"featured_media":1938,"comment_status":"closed","ping_status":"closed","template":"","meta":[],"product_brand":[],"product_cat":[45,26],"product_tag":[],"class_list":{"0":"post-1907","1":"product","2":"type-product","3":"status-publish","4":"has-post-thumbnail","6":"product_cat-ban-ghe-an","7":"product_cat-san-pham","9":"first","10":"instock","11":"shipping-taxable","12":"product-type-simple"},"_links":{"self":[{"href":"https:\/\/pluginviet.com\/mau62\/wp-json\/wp\/v2\/product\/1907","targetHints":{"allow":["GET"]}}],"collection":[{"href":"https:\/\/pluginviet.com\/mau62\/wp-json\/wp\/v2\/product"}],"about":[{"href":"https:\/\/pluginviet.com\/mau62\/wp-json\/wp\/v2\/types\/product"}],"replies":[{"embeddable":true,"href":"https:\/\/pluginviet.com\/mau62\/wp-json\/wp\/v2\/comments?post=1907"}],"wp:featuredmedia":[{"embeddable":true,"href":"https:\/\/pluginviet.com\/mau62\/wp-json\/wp\/v2\/media\/1938"}],"wp:attachment":[{"href":"https:\/\/pluginviet.com\/mau62\/wp-json\/wp\/v2\/media?parent=1907"}],"wp:term":[{"taxonomy":"product_brand","embeddable":true,"href":"https:\/\/pluginviet.com\/mau62\/wp-json\/wp\/v2\/product_brand?post=1907"},{"taxonomy":"product_cat","embeddable":true,"href":"https:\/\/pluginviet.com\/mau62\/wp-json\/wp\/v2\/product_cat?post=1907"},{"taxonomy":"product_tag","embeddable":true,"href":"https:\/\/pluginviet.com\/mau62\/wp-json\/wp\/v2\/product_tag?post=1907"}],"curies":[{"name":"wp","href":"https:\/\/api.w.org\/{rel}","templated":true}]}}