{"id":1901,"date":"2023-02-20T14:23:55","date_gmt":"2023-02-20T07:23:55","guid":{"rendered":"https:\/\/khomaudep.com\/noithat02\/?post_type=product&#038;p=1901"},"modified":"2023-02-20T14:25:30","modified_gmt":"2023-02-20T07:25:30","slug":"bep-04","status":"publish","type":"product","link":"https:\/\/pluginviet.com\/mau62\/san-pham\/bep-04\/","title":{"rendered":"B\u1ebfp 04"},"content":{"rendered":"<p>T\u1ee7 b\u1ebfp hi\u1ec7n \u0111\u1ea1i \u0111ang d\u1ea7n tr\u1edf th\u00e0nh \u0111\u1ed3 n\u1ed9i th\u1ea5t si\u00eau &#8220;hot&#8221; tr\u00ean th\u1ecb tr\u01b0\u1eddng nh\u1edd v\u00e0o m\u1eabu m\u00e3 v\u00e0 m\u00e0u s\u1eafc \u0111a d\u1ea1ng.\u00a0Ch\u1ea1y theo xu h\u01b0\u1edbng th\u1eddi \u0111\u1ea1i, t\u1ee7 b\u1ebfp hi\u1ec7n \u0111\u1ea1i tho\u00e1t ra kh\u1ecfi s\u1ef1 \u0111\u01a1n gi\u1ea3n v\u00e0 truy\u1ec1n th\u1ed1ng c\u1ee7a c\u00e1c m\u1eabu t\u1ee7 b\u1ebfp tr\u01b0\u1edbc \u0111\u00e2y.<\/p>\n<p>\u0110em l\u1ea1i v\u1ebb \u0111\u1eb9p sang tr\u1ecdng, hi\u1ec7n \u0111\u1ea1i, m\u1edbi m\u1ebb v\u00e0 \u0111\u1ea7y ph\u00f3ng kho\u00e1ng, n\u0103ng \u0111\u1ed9ng. Qua b\u00e0i vi\u1ebft n\u00e0y, N\u1ed9i th\u1ea5t AGO s\u1ebd cung c\u1ea5p \u0111\u1ebfn cho b\u1ea1n m\u1ed9t trong nh\u1eefng m\u1eabu t\u1ee7 b\u1ebfp \u0111ang \u0111\u01b0\u1ee3c s\u0103n \u0111\u00f3n n\u1ed3ng nhi\u1ec7t tr\u00ean th\u1ecb tr\u01b0\u1eddng.<\/p>\n<h3 id=\"goto-h3-0\">Th\u00f4ng s\u1ed1 k\u00edch th\u01b0\u1edbc<\/h3>\n<table border=\"1\" cellspacing=\"1\" cellpadding=\"1\">\n<tbody>\n<tr>\n<td>Ph\u00e2n lo\u1ea1i<\/td>\n<td>K\u00edch th\u01b0\u1edbc<\/td>\n<\/tr>\n<tr>\n<td>T\u1ee7 b\u1ebfp d\u01b0\u1edbi<\/td>\n<td>W3300 x D580 x H850<\/td>\n<\/tr>\n<tr>\n<td>T\u1ee7 b\u1ebfp tr\u00ean<\/td>\n<td>W900 x D370 x H700<\/td>\n<\/tr>\n<tr>\n<td>T\u1ee7 cao<\/td>\n<td>W1250 x D580 x H2200<\/td>\n<\/tr>\n<\/tbody>\n<\/table>\n<p>V\u1edbi k\u00edch th\u01b0\u1edbc chu\u1ea9n, t\u1ee7 \u0111em \u0111\u1ebfn s\u1ef1 r\u1ed9ng r\u00e3i cho ng\u01b0\u1eddi s\u1eed d\u1ee5ng t\u1eeb vi\u1ec7c b\u1ed1 tr\u00ed, s\u1eafp x\u1ebfp \u0111\u1ed3 d\u00f9ng, v\u1ec7 sinh t\u1ee7 \u0111\u1ebfn vi\u1ec7c n\u1ea5u n\u01b0\u1edbng \u0111\u1ec1u tho\u1ea3i m\u00e1i.<\/p>\n<h3 id=\"goto-h3-1\">M\u00e0u s\u1eafc sang tr\u1ecdng<\/h3>\n<p>\u0110i k\u00e8m v\u1edbi m\u1eabu m\u00e3 thi\u1ebft k\u1ebf, t\u1ee7 c\u00f2n c\u00f3 s\u1ef1 \u0111\u1ed3ng \u0111i\u1ec7u v\u1ec1 m\u00e0u s\u1eafc. N\u00f3 \u0111\u01b0\u1ee3c s\u1eed d\u1ee5ng ch\u00ednh hai tone m\u00e0u tr\u1eafng v\u00e0\u00a0 ghi, \u0111em l\u1ea1i s\u1ef1 nh\u1eb9 nh\u00e0ng, trang nh\u00e3 cho c\u0103n b\u1ebfp. Ngo\u00e0i ra, n\u00f3 gi\u00fap b\u1ebfp th\u00eam s\u00e1ng v\u00e0 sang tr\u1ecdng h\u01a1n, b\u1eaft m\u1eaft v\u00e0 \u0111\u1ec3 l\u1ea1i \u1ea5n t\u01b0\u1ee3ng cho ng\u01b0\u1eddi nh\u00ecn.<\/p>\n<h3 id=\"goto-h3-2\">Thi\u1ebft k\u1ebf v\u00e0 m\u1eabu m\u00e3 hi\u1ec7n \u0111\u1ea1i<\/h3>\n<p>T\u1ee7 c\u00f3 thi\u1ebft k\u1ebf t\u1ee7 b\u1ebfp th\u1eb3ng, \u0111\u01a1n gi\u1ea3n v\u00e0 \u0111\u1eb9p m\u1eaft. N\u00f3 gi\u00fap cho di\u1ec7n t\u00edch kh\u00f4ng gian b\u1ebfp nh\u00e0 b\u1ea1n \u0111\u01b0\u1ee3c t\u1ed1i \u0111a ho\u00e1 m\u1ed9t c\u00e1ch tri\u1ec7t \u0111\u1ec3, tr\u00f4ng r\u1ed9ng r\u00e3i v\u00e0 c\u00f3 t\u00ednh th\u1ea9m m\u1ef9 cao cho c\u0103n b\u1ebfp.<\/p>\n<p>T\u1ee7 \u0111\u01b0\u1ee3c thi\u1ebft k\u1ebf th\u00e0nh nhi\u1ec1u ng\u0103n nh\u1ecf \u0111\u1ec3 cho vi\u1ec7c b\u1ed1 tr\u00ed \u0111\u1ed3 d\u00f9ng d\u1ec5 d\u00e0ng h\u01a1n. Ngo\u00e0i ra, n\u00f3 c\u00f2n \u0111\u01b0\u1ee3c thi\u1ebft k\u1ebf th\u00eam h\u1ed9c t\u1ee7 t\u1eeb \u0111\u00f3 l\u00e0m t\u0103ng t\u00ednh th\u1ea9m m\u1ef9 cho t\u1ee7 v\u00e0 t\u0103ng ti\u1ec7n \u00edch s\u1eed d\u1ee5ng.<\/p>\n<h3 id=\"goto-h3-3\">Ch\u1ea5t li\u1ec7u g\u1ed7 c\u00f4ng nghi\u1ec7p b\u1ec1n b\u1ec9<\/h3>\n<p>V\u1edbi ch\u1ea5t li\u1ec7u g\u1ed7 c\u00f4ng nghi\u1ec7p cao c\u1ea5p, t\u1ee7 c\u00f3 kh\u1ea3 n\u0103ng ch\u1ed1ng m\u1ed1i m\u1ecdt c\u1ef1c k\u00ec t\u1ed1t. Do \u0111\u00f3, t\u1ee7 lu\u00f4n \u0111\u01b0\u1ee3c ch\u1eafc ch\u1eafn v\u00e0 b\u1ec1n b\u1ec9 theo n\u0103m th\u00e1ng s\u1eed d\u1ee5ng.<\/p>\n<p>Nh\u1ef1a melamine \u0111\u01b0\u1ee3c ph\u1ee7 tr\u00ean b\u1ec1 m\u1eb7t t\u1ee7, \u0111\u00e2y l\u00e0 m\u1ed9t trong nh\u1eefng ch\u1ea5t li\u1ec7u \u0111\u01b0\u1ee3c l\u1ef1a ch\u1ecdn h\u00e0ng \u0111\u1ea7u \u0111\u1ec3 ph\u1ee7 tr\u00ean c\u00e1c b\u1ec1 m\u1eb7t \u0111\u1ed3 n\u1ed9i th\u1ea5t hi\u1ec7n nay. N\u00f3 c\u00f3 \u0111\u1ed9 s\u00e1ng b\u00f3ng, kh\u1ea3 n\u0103ng ch\u1ed1ng tr\u1ea7y x\u01b0\u1edbc, ch\u1ed1ng \u1ea9m \u01b0\u1edbt, h\u1ea1n ch\u1ebf n\u1ea5m m\u1ed1c v\u00e0 kh\u1ea3 n\u0103ng ch\u1ed1ng b\u00e1m d\u00ednh cao. T\u1eeb \u0111\u00f3, gi\u00fap cho t\u1ee7 lu\u00f4n gi\u1eef \u0111\u01b0\u1ee3c th\u1ea9m m\u1ef9 v\u00e0 \u0111\u01b0\u1ee3c tr\u00f4ng nh\u01b0 m\u1edbi v\u00e0 \u0111\u1eb9p nh\u01b0 l\u00fac ch\u01b0a s\u1eed d\u1ee5ng.<\/p>\n<h3 id=\"goto-h3-4\">M\u1ecdi th\u1ee9 tr\u1edf n\u00ean \u0111\u01a1n gi\u1ea3n h\u01a1n khi v\u00e0o b\u1ebfp<\/h3>\n<p>T\u1ee7 gi\u00fap cho vi\u1ec7c n\u1ea5u n\u01b0\u1edbng tr\u1edf n\u00ean \u0111\u01a1n gi\u1ea3n h\u01a1n, h\u1ea1n ch\u1ebf \u0111i l\u1ea1i khi n\u1ea5u \u0103n v\u00ec m\u1ecdi th\u1ee9 \u0111\u1ec1u \u0111\u01b0\u1ee3c s\u1eafp x\u1ebfp trong t\u1ea7m tay v\u00e0 ng\u0103n n\u1eafp. Vi\u1ec7c v\u1ec7 sinh trong v\u00e0 ngo\u00e0i t\u1ee7 c\u0169ng tr\u1edf n\u00ean d\u1ec5 d\u00e0ng h\u01a1n nh\u1edd melamine c\u00f3 kh\u1ea3 n\u0103ng ch\u1ed1ng b\u00e1m d\u00ednh v\u00e0 kh\u00f4ng gian b\u00ean trong t\u1ee7 r\u1ed9ng r\u00e3i ng\u01b0\u1eddi s\u1eed d\u1ee5ng d\u1ec5 d\u00e0ng v\u1ec7 sinh b\u00ean trong khi c\u1ea7n thi\u1ebft.<\/p>\n","protected":false},"excerpt":{"rendered":"<p>T\u1ee7 b\u1ebfp hi\u1ec7n \u0111\u1ea1i \u0111ang d\u1ea7n tr\u1edf th\u00e0nh \u0111\u1ed3 n\u1ed9i th\u1ea5t si\u00eau &#8220;hot&#8221; tr\u00ean th\u1ecb tr\u01b0\u1eddng nh\u1edd v\u00e0o m\u1eabu m\u00e3 v\u00e0 m\u00e0u s\u1eafc \u0111a d\u1ea1ng.\u00a0Ch\u1ea1y theo xu h\u01b0\u1edbng th\u1eddi \u0111\u1ea1i, t\u1ee7 b\u1ebfp hi\u1ec7n \u0111\u1ea1i tho\u00e1t ra kh\u1ecfi s\u1ef1 \u0111\u01a1n gi\u1ea3n v\u00e0 truy\u1ec1n th\u1ed1ng c\u1ee7a c\u00e1c m\u1eabu t\u1ee7 b\u1ebfp tr\u01b0\u1edbc \u0111\u00e2y. \u0110em l\u1ea1i v\u1ebb \u0111\u1eb9p sang&#8230;<\/p>\n","protected":false},"featured_media":1902,"comment_status":"closed","ping_status":"closed","template":"","meta":[],"product_brand":[],"product_cat":[26,44],"product_tag":[],"class_list":{"0":"post-1901","1":"product","2":"type-product","3":"status-publish","4":"has-post-thumbnail","6":"product_cat-san-pham","7":"product_cat-tu-bep","9":"first","10":"instock","11":"shipping-taxable","12":"product-type-simple"},"_links":{"self":[{"href":"https:\/\/pluginviet.com\/mau62\/wp-json\/wp\/v2\/product\/1901","targetHints":{"allow":["GET"]}}],"collection":[{"href":"https:\/\/pluginviet.com\/mau62\/wp-json\/wp\/v2\/product"}],"about":[{"href":"https:\/\/pluginviet.com\/mau62\/wp-json\/wp\/v2\/types\/product"}],"replies":[{"embeddable":true,"href":"https:\/\/pluginviet.com\/mau62\/wp-json\/wp\/v2\/comments?post=1901"}],"wp:featuredmedia":[{"embeddable":true,"href":"https:\/\/pluginviet.com\/mau62\/wp-json\/wp\/v2\/media\/1902"}],"wp:attachment":[{"href":"https:\/\/pluginviet.com\/mau62\/wp-json\/wp\/v2\/media?parent=1901"}],"wp:term":[{"taxonomy":"product_brand","embeddable":true,"href":"https:\/\/pluginviet.com\/mau62\/wp-json\/wp\/v2\/product_brand?post=1901"},{"taxonomy":"product_cat","embeddable":true,"href":"https:\/\/pluginviet.com\/mau62\/wp-json\/wp\/v2\/product_cat?post=1901"},{"taxonomy":"product_tag","embeddable":true,"href":"https:\/\/pluginviet.com\/mau62\/wp-json\/wp\/v2\/product_tag?post=1901"}],"curies":[{"name":"wp","href":"https:\/\/api.w.org\/{rel}","templated":true}]}}