{"id":1899,"date":"2023-02-20T14:22:41","date_gmt":"2023-02-20T07:22:41","guid":{"rendered":"https:\/\/khomaudep.com\/noithat02\/?post_type=product&#038;p=1899"},"modified":"2023-02-20T14:22:42","modified_gmt":"2023-02-20T07:22:42","slug":"bep-03","status":"publish","type":"product","link":"https:\/\/pluginviet.com\/mau62\/san-pham\/bep-03\/","title":{"rendered":"B\u1ebfp 03"},"content":{"rendered":"<p>T\u1ee7 b\u1ebfp hi\u1ec7n \u0111\u1ea1i k\u1ebft h\u1ee3p v\u1edbi \u0111\u1ea3o b\u1ebfp l\u00e0 m\u1ed9t trong nh\u1eefng m\u1eabu t\u1ee7 \u0111\u01b0\u1ee3c \u01b0a chu\u1ed9ng tr\u00ean th\u1ecb tr\u01b0\u1eddng hi\u1ec7n nay. N\u00f3 \u0111em l\u1ea1i lu\u1ed3ng gi\u00f3 m\u1edbi m\u1ebb \u0111\u1ebfn v\u1edbi th\u1ecb tr\u01b0\u1eddng nh\u1edd v\u00e0o m\u00e0u s\u1eafc b\u1eaft v\u00e0 m\u1eabu m\u00e3 hi\u1ec7n \u0111\u1ea1i.<\/p>\n<p>T\u1ee7 b\u1ebfp hi\u1ec7n \u0111\u1ea1i kh\u00f4ng nh\u1eefng \u0111em l\u1ea1i s\u1ef1 ti\u1ec7n \u00edch cho c\u0103n b\u1ebfp m\u00e0 c\u00f2n gi\u00fap cho c\u0103n b\u1ebfp tr\u1edf n\u00ean sang tr\u1ecdng h\u01a1n.\u00a0 H\u00e3y c\u00f9ng N\u1ed9i th\u1ea5t AGO t\u00ecm hi\u1ec3u t\u1ea5t t\u1ea7n t\u1eadt c\u00e1c \u01b0u \u0111i\u1ec3m c\u1ee7a t\u1ee7 b\u1ebfp hi\u1ec7n \u0111\u1ea1i k\u1ebft h\u1ee3p v\u1edbi \u0111\u1ea3o b\u1ebfp qua b\u00e0i vi\u1ebft n\u00e0y.<\/p>\n<h3 id=\"goto-h3-0\">Thi\u1ebft k\u1ebf hi\u1ec7n \u0111\u1ea1i<\/h3>\n<p>T\u1ee7 v\u1edbi s\u1ef1 k\u1ebft h\u1ee3p \u0111\u1ea3o b\u1ebfp l\u00e0 m\u1ed9t thi\u1ebft k\u1ebf l\u00e0m khuynh \u0111\u1ea3o tr\u00ean th\u1ecb tr\u01b0\u1eddng. \u0110\u1ea3o b\u1ebfp c\u00f3 th\u1ec3 \u0111\u01b0\u1ee3c di chuy\u1ec3n m\u1ed9t c\u00e1ch t\u00f9y \u00fd, \u0111\u1eb7t \u1edf nh\u1eefng n\u01a1i tu\u1ef3 th\u00edch. B\u1ea1n c\u00f3 th\u1ec3 s\u1eed d\u1ee5ng n\u00f3 l\u00e0m n\u01a1i s\u01a1 ch\u1ebf \u0111\u1ed3 \u0103n, b\u00e0n \u0103n c\u01a1m hay trang tr\u00ed n\u00f3 th\u00e0nh qu\u1ea7y bar mini t\u1ea1i ch\u00ednh c\u0103n b\u1ebfp c\u1ee7a b\u1ea1n \u0111\u1ec3 b\u1ea1n th\u01b0 gi\u00e3n sau ng\u00e0y l\u00e0m vi\u1ec7c m\u1ec7t nh\u1ecdc.<\/p>\n<p>T\u1ee7 \u0111\u01b0\u1ee3c chia th\u00e0nh nh\u1eefng ng\u0103n nh\u1ecf v\u00e0 \u0111\u01b0\u1ee3c thi\u1ebft k\u1ebf th\u00eam nh\u1eefng h\u1ed9c t\u1ee7 k\u00e9o gi\u00fap t\u1ee7 t\u0103ng c\u00f4ng n\u0103ng s\u1eed d\u1ee5ng.<\/p>\n<h3 id=\"goto-h3-1\">Kh\u00f4ng gian t\u1ee7 r\u1ed9ng l\u1edbn<\/h3>\n<p>V\u1edbi k\u00edch th\u01b0\u1edbc l\u1edbn, t\u1ee7 lu\u00f4n \u0111\u1ea3m b\u1ea3o \u0111\u01b0\u1ee3c kh\u00f4ng gian b\u00ean trong r\u1ed9ng l\u1edbn, gi\u00fap ng\u01b0\u1eddi d\u00f9ng tho\u1ea3i m\u00e1i trong vi\u1ec7c s\u1eafp x\u1ebfp v\u00e0 b\u1ed1 tr\u00ed v\u1eadt d\u1ee5ng nh\u00e0 b\u1ebfp c\u0169ng nh\u01b0 nguy\u00ean v\u1eadt li\u1ec7u.<\/p>\n<table border=\"1\" cellspacing=\"1\" cellpadding=\"1\">\n<tbody>\n<tr>\n<td>Ph\u00e2n lo\u1ea1i<\/td>\n<td>K\u00edch th\u01b0\u1edbc<\/td>\n<\/tr>\n<tr>\n<td>T\u1ee7 b\u1ebfp d\u01b0\u1edbi<\/td>\n<td>W1800 x D580 x H850<\/td>\n<\/tr>\n<tr>\n<td>T\u1ee7 b\u1ebfp tr\u00ean<\/td>\n<td>W1800 x D370 x H700<\/td>\n<\/tr>\n<tr>\n<td>\u0110\u1ea3o b\u1ebfp<\/td>\n<td>W2200 x D580 x H850<\/td>\n<\/tr>\n<tr>\n<td>T\u1ee7 cao<\/td>\n<td>W2300 x D580 x H2200<\/td>\n<\/tr>\n<\/tbody>\n<\/table>\n<h3 id=\"goto-h3-2\">Ch\u1ea5t li\u1ec7u g\u1ed7 cao c\u1ea5p<\/h3>\n<p>V\u1edbi ch\u1ea5t li\u1ec7u g\u1ed7 c\u00f4ng nghi\u1ec7p cao c\u1ea5p, t\u1ee7 lu\u00f4n gi\u1eef \u0111\u01b0\u1ee3c \u0111\u1ed9 ch\u1eafc ch\u1eafn c\u1ee7a m\u00ecnh theo th\u1eddi gian nh\u1edd v\u00e0o t\u00ednh n\u0103ng ch\u1ed1ng m\u1ed1i m\u1ecdt c\u1ef1c k\u00ec t\u1ed1t c\u1ee7a g\u1ed7 c\u00f4ng nghi\u1ec7p.<\/p>\n<p>Ngo\u00e0i ra, b\u1ec1 m\u1eb7t t\u1ee7 \u0111\u01b0\u1ee3c ph\u1ee7 l\u1edbp melamine v\u00e0 laminate c\u00f3 \u0111\u1ed9 s\u00e1ng b\u00f3ng t\u1ed1t, gi\u1eef t\u1ee7 lu\u00f4n \u0111\u01b0\u1ee3c nh\u01b0 m\u1edbi v\u00e0 b\u1eaft m\u1eaft ng\u01b0\u1eddi nh\u00ecn.<\/p>\n<h3 id=\"goto-h3-3\">M\u00e0u s\u1eafc sang tr\u1ecdng v\u00e0 m\u1edbi m\u1ebb<\/h3>\n<p>T\u1ee7 s\u1eed d\u1ee5ng tone m\u00e0u tr\u1ea7m v\u00e2n g\u1ed7 k\u1ebft h\u1ee3p v\u1edbi m\u00e0u tr\u1eafng nh\u1eb9 nh\u00e0ng gi\u00fap cho c\u0103n b\u1ebfp c\u1ee7a b\u1ea1n tr\u00f4ng s\u1ea1ch s\u1ebd h\u01a1n v\u00e0 h\u1ea1n ch\u1ebf th\u1ea5y \u0111\u01b0\u1ee3c c\u00e1c v\u1ebft b\u1ea9n b\u00e1m tr\u00ean t\u1ee7. V\u1edbi tone m\u00e0u n\u00e0y cho ng\u01b0\u1eddi nh\u00ecn c\u1ea3m gi\u00e1c c\u1ed5 \u0111i\u1ec3n pha l\u1eabn l\u00e0 n\u00e9t \u0111\u1eb9p hi\u1ec7n \u0111\u1ea1i b\u1edfi thi\u1ebft k\u1ebf, v\u1eeba c\u00f3 n\u00e9t \u0111\u1ed9c \u0111\u00e1o l\u1ea1i kh\u00f4ng k\u00e9m ph\u1ea7n sang tr\u1ecdng v\u00e0 m\u1edbi m\u1ebb.<\/p>\n<h3 id=\"goto-h3-4\">B\u1ec1n \u0111\u1eb9p theo th\u1eddi gian<\/h3>\n<p>C\u00f3 th\u1ec3 b\u1ea1n ch\u01b0a bi\u1ebft, melamine v\u00e0 laminate c\u00f3 kh\u1ea3 n\u0103ng ch\u1ed1ng tr\u1ea7y x\u01b0\u1edbc, ch\u1ed1ng b\u00e1m b\u1ea9n c\u1ef1c k\u00ec t\u1ed1t. Ch\u00fang c\u00f2n c\u00f3 th\u1ec3 ch\u1ed1ng \u1ea9m \u01b0\u1edbt t\u1eeb \u0111\u00f3 h\u1ea1n ch\u1ebf \u0111\u01b0\u1ee3c vi\u1ec7c \u1ea9m m\u1ed1c v\u00e0 g\u00e2y ra nh\u1eefng m\u00f9i h\u00f4i kh\u00f3 ch\u1ecbu cho c\u0103n b\u1ebfp c\u0169ng nh\u01b0 l\u00e0 g\u00e2y \u1ea3nh h\u01b0\u1edfng t\u1edbi s\u1ee9c kh\u1ecfe ng\u01b0\u1eddi d\u00f9ng. Melamine v\u00e0 laminate c\u00f3 kh\u1ea3 n\u0103ng b\u1ec1n m\u00e0u cao c\u1ed9ng th\u00eam t\u00ednh s\u00e1ng b\u00f3ng, ch\u00fang gi\u00fap t\u1ee7 lu\u00f4n gi\u1eef \u0111\u01b0\u1ee3c v\u1ebb \u0111\u1eb9p th\u1ea9m m\u1ef9 nh\u01b0 ban \u0111\u1ea7u d\u00f9 \u0111\u00e3 \u0111\u01b0\u1ee3c qua s\u1eed d\u1ee5ng.<\/p>\n","protected":false},"excerpt":{"rendered":"<p>T\u1ee7 b\u1ebfp hi\u1ec7n \u0111\u1ea1i k\u1ebft h\u1ee3p v\u1edbi \u0111\u1ea3o b\u1ebfp l\u00e0 m\u1ed9t trong nh\u1eefng m\u1eabu t\u1ee7 \u0111\u01b0\u1ee3c \u01b0a chu\u1ed9ng tr\u00ean th\u1ecb tr\u01b0\u1eddng hi\u1ec7n nay. N\u00f3 \u0111em l\u1ea1i lu\u1ed3ng gi\u00f3 m\u1edbi m\u1ebb \u0111\u1ebfn v\u1edbi th\u1ecb tr\u01b0\u1eddng nh\u1edd v\u00e0o m\u00e0u s\u1eafc b\u1eaft v\u00e0 m\u1eabu m\u00e3 hi\u1ec7n \u0111\u1ea1i. T\u1ee7 b\u1ebfp hi\u1ec7n \u0111\u1ea1i kh\u00f4ng nh\u1eefng \u0111em l\u1ea1i s\u1ef1 ti\u1ec7n \u00edch&#8230;<\/p>\n","protected":false},"featured_media":1900,"comment_status":"closed","ping_status":"closed","template":"","meta":[],"product_brand":[],"product_cat":[26,44],"product_tag":[],"class_list":{"0":"post-1899","1":"product","2":"type-product","3":"status-publish","4":"has-post-thumbnail","6":"product_cat-san-pham","7":"product_cat-tu-bep","9":"first","10":"instock","11":"shipping-taxable","12":"product-type-simple"},"_links":{"self":[{"href":"https:\/\/pluginviet.com\/mau62\/wp-json\/wp\/v2\/product\/1899","targetHints":{"allow":["GET"]}}],"collection":[{"href":"https:\/\/pluginviet.com\/mau62\/wp-json\/wp\/v2\/product"}],"about":[{"href":"https:\/\/pluginviet.com\/mau62\/wp-json\/wp\/v2\/types\/product"}],"replies":[{"embeddable":true,"href":"https:\/\/pluginviet.com\/mau62\/wp-json\/wp\/v2\/comments?post=1899"}],"wp:featuredmedia":[{"embeddable":true,"href":"https:\/\/pluginviet.com\/mau62\/wp-json\/wp\/v2\/media\/1900"}],"wp:attachment":[{"href":"https:\/\/pluginviet.com\/mau62\/wp-json\/wp\/v2\/media?parent=1899"}],"wp:term":[{"taxonomy":"product_brand","embeddable":true,"href":"https:\/\/pluginviet.com\/mau62\/wp-json\/wp\/v2\/product_brand?post=1899"},{"taxonomy":"product_cat","embeddable":true,"href":"https:\/\/pluginviet.com\/mau62\/wp-json\/wp\/v2\/product_cat?post=1899"},{"taxonomy":"product_tag","embeddable":true,"href":"https:\/\/pluginviet.com\/mau62\/wp-json\/wp\/v2\/product_tag?post=1899"}],"curies":[{"name":"wp","href":"https:\/\/api.w.org\/{rel}","templated":true}]}}