{"id":1897,"date":"2023-02-20T14:21:04","date_gmt":"2023-02-20T07:21:04","guid":{"rendered":"https:\/\/khomaudep.com\/noithat02\/?post_type=product&#038;p=1897"},"modified":"2023-02-20T14:21:04","modified_gmt":"2023-02-20T07:21:04","slug":"bep-02","status":"publish","type":"product","link":"https:\/\/pluginviet.com\/mau62\/san-pham\/bep-02\/","title":{"rendered":"B\u1ebfp 02"},"content":{"rendered":"<p>Thi\u1ebft k\u1ebf t\u1ee7 b\u1ebfp ch\u1eef U l\u00e0 m\u1ed9t trong nh\u1eefng thi\u1ebft k\u1ebf hi\u1ec7n nay \u0111\u01b0\u1ee3c nhi\u1ec1u ch\u1ecb em n\u1ed9i tr\u1ee3 \u01b0a chu\u1ed9ng.<\/p>\n<p>T\u1ee7 v\u1edbi thi\u1ebft k\u1ebf hi\u1ec7n \u0111\u1ea1i v\u00e0 \u0111\u1ed9c \u0111\u00e1o k\u1ebft mang l\u1ea1i m\u1ed9t kh\u00f4ng gian b\u1ebfp r\u1ed9ng r\u00e3i v\u00e0 tho\u00e1ng m\u00e1t. N\u00f3 th\u00edch h\u1ee3p cho c\u00e1c kh\u00f4ng gian b\u1ebfp c\u00f3 di\u1ec7n t\u00edch l\u1edbn, \u0111em \u0111\u1ebfn s\u1ef1 ti\u1ec7n \u00edch cho c\u0103n b\u1ebfp c\u0169ng nh\u01b0 l\u00e0 cho ng\u01b0\u1eddi n\u1ed9i tr\u1ee3. Qua b\u00e0i vi\u1ebft n\u00e0y, N\u1ed9i th\u1ea5t AGO hy v\u1ecdng s\u1ebd gi\u00fap b\u1ea1n hi\u1ec3u th\u00eam v\u1ec1 thi\u1ebft k\u1ebf t\u1ee7 b\u1ebfp ch\u1eef U.<\/p>\n<h3 id=\"goto-h3-0\">Thi\u1ebft k\u1ebf hi\u1ec7n \u0111\u1ea1i \u0111em l\u1ea1i kh\u00f4ng gian b\u1ebfp r\u1ed9ng r\u00e3i<\/h3>\n<p>T\u1ee7 t\u1eadn d\u1ee5ng \u0111\u01b0\u1ee3c c\u00e1c g\u00f3c t\u01b0\u1eddng c\u1ee7a kh\u00f4ng gian b\u1ebfp \u0111em \u0111\u1ebfn cho b\u1ea1n m\u1ed9t kh\u00f4ng gian r\u1ed9ng r\u00e3i v\u00e0 gi\u00fap b\u1ea1n ti\u1ebft ki\u1ec7m \u0111\u01b0\u1ee3c di\u1ec7n t\u00edch c\u0103n b\u1ebfp.<\/p>\n<p>T\u1ee7 \u0111em \u0111\u1ebfn cho kh\u00f4ng gian b\u1ebfp s\u1ef1 nh\u1eb9 nh\u00e0ng, sang tr\u1ecdng, hi\u1ec7n \u0111\u1ea1i v\u00e0 \u0111\u1ea7y \u0111\u1ee7 s\u1ef1 ti\u1ec7n nghi cho c\u0103n b\u1ebfp. N\u00f3 gi\u00fap cho vi\u1ec7c v\u00e0o b\u1ebfp \u0111\u01a1n gi\u1ea3n h\u01a1n v\u00ec m\u1ecdi th\u1ee9 h\u1ea7u nh\u01b0 \u0111\u1ec1u \u0111\u01b0\u1ee3c g\u00f3i g\u1ecdn trong kh\u00f4ng gian ch\u1eef U c\u1ee7a b\u1ebfp.<\/p>\n<p>Ngo\u00e0i ra, t\u1ee7 v\u1edbi thi\u1ebft k\u1ebf c\u00e1c h\u1ed9c t\u1ee7 k\u00e9o \u0111em \u0111\u1ebfn s\u1ef1 m\u1edbi l\u1ea1 cho ng\u01b0\u1eddi s\u1eed d\u1ee5ng v\u00e0 t\u0103ng ti\u1ec7n \u00edch v\u00e0 c\u00f4ng n\u0103ng s\u1eed d\u1ee5ng c\u1ee7a t\u1ee7. \u0110\u1ed3ng th\u1eddi t\u1ee7 c\u00f2n \u0111\u01b0\u1ee3c chia th\u00e0nh nh\u1eefng ng\u0103n nh\u1ecf \u0111\u1ec3 ng\u01b0\u1eddi d\u00f9ng c\u00f3 th\u1ec3 s\u1eafp x\u1ebfp v\u1eadt d\u1ee5ng m\u1ed9t c\u00e1ch khoa h\u1ecdc v\u00e0 d\u1ec5 nh\u1edb nh\u1ea5t.<\/p>\n<h3 id=\"goto-h3-1\">K\u00edch th\u01b0\u1edbc l\u1edbn<\/h3>\n<p>T\u1ee7 c\u00f3 k\u00edch th\u01b0\u1edbc chu\u1ea9n, lu\u00f4n \u0111\u1ea3m b\u1ea3o \u0111\u01b0\u1ee3c s\u1ef1 c\u00e2n \u0111\u1ed1i gi\u1eefa t\u1ee7 b\u1ebfp d\u01b0\u1edbi, t\u1ee7 b\u1ebfp tr\u00ean. Kh\u00f4ng gian b\u00ean trong t\u1ee7 lu\u00f4n r\u1ed9ng r\u00e3i v\u00e0 tho\u1ea3i m\u00e1i cho ng\u01b0\u1eddi d\u00f9ng v\u00e0 d\u1ec5 d\u00e0ng v\u1ec7 sinh b\u00ean trong t\u1ee7 khi c\u1ea7n thi\u1ebft.<\/p>\n<table border=\"1\" cellspacing=\"1\" cellpadding=\"1\">\n<tbody>\n<tr>\n<td>Ph\u00e2n lo\u1ea1i<\/td>\n<td>K\u00edch th\u01b0\u1edbc<\/td>\n<\/tr>\n<tr>\n<td>T\u1ee7 b\u1ebfp d\u01b0\u1edbi<\/td>\n<td>W6550 x D580 x H850<\/td>\n<\/tr>\n<tr>\n<td>T\u1ee7 b\u1ebfp tr\u00ean<\/td>\n<td>W5000 x D370 x H700<\/p>\n<p>W5000 x D370 x H400<\/td>\n<\/tr>\n<\/tbody>\n<\/table>\n<h3 id=\"goto-h3-2\">Ch\u1ea5t li\u1ec7u g\u1ed7 b\u1ec1n b\u1ec9<\/h3>\n<p>T\u1ee7 v\u1edbi ch\u1ea5t li\u1ec7u g\u1ed7 c\u00f4ng nghi\u1ec7p cao c\u1ea5p \u0111\u01b0\u1ee3c ph\u1ee7 l\u1edbp nh\u1ef1a melamine v\u00e0 laminate \u0111ang \u0111\u01b0\u1ee3c ng\u01b0\u1eddi ti\u00eau d\u00f9ng tin d\u00f9ng tr\u00ean th\u1ecb tr\u01b0\u1eddng t\u1ee7 b\u1ebfp hi\u1ec7n nay.<\/p>\n<p>Ch\u00fang v\u1edbi kh\u1ea3 n\u0103ng ch\u1ed1ng m\u1ed1i m\u1ecdt t\u1ed1t, ch\u1ecbu \u0111\u01b0\u1ee3c nhi\u1ec7t v\u00e0 h\u1ea1n ch\u1ebf s\u1ef1 cong v\u00eanh cho t\u1ee7, \u0111\u1ed9 ch\u1ed1ng b\u00e1m d\u00ednh v\u00e0 ch\u1ed1ng x\u01b0\u1edbc cao. Th\u00eam v\u00e0o \u0111\u00f3, melamine v\u00e0 laminate c\u00f3 \u0111\u1ed9 s\u00e1ng b\u00f3ng t\u1ed1t. Do \u0111\u00f3, ch\u00fang gi\u00fap cho t\u1ee7 gi\u1eef \u0111\u01b0\u1ee3c v\u1ebb \u0111\u1eb9p th\u1ea9m m\u1ef9 nh\u01b0 ban \u0111\u1ea7u d\u00f9 \u0111\u00e3 qua th\u1eddi gian s\u1eed d\u1ee5ng.<\/p>\n<h3 id=\"goto-h3-3\">M\u00e0u s\u1eafc sang tr\u1ecdng l\u00e0m t\u0103ng s\u1ef1 tinh t\u1ebf cho c\u0103n b\u1ebfp<\/h3>\n<p>N\u1ebfu b\u1ea1n l\u00e0 ng\u01b0\u1eddi \u01b0a th\u00edch s\u1ef1 nh\u1eb9 nh\u00e0ng th\u00ec \u0111\u00e2y l\u00e0 m\u1ed9t trong nh\u1eefng g\u1ee3i \u00fd d\u00e0nh cho b\u1ea1n. T\u1ee7 s\u1eed d\u1ee5ng tone m\u00e0u tr\u1eafng nh\u1eb9 nh\u00e0ng v\u00e0 \u0111i\u1ec3m v\u00e0o \u0111\u00f3 l\u00e0 h\u1ecdc ti\u1ebft n\u00e2u v\u00e2n g\u1ed7 t\u1ec9 m\u1ec9 v\u00e0 \u0111\u1eb9p m\u1eaft, tr\u00e1nh s\u1ef1 nh\u00e0m ch\u00e1n cho t\u1ee7 v\u00e0 \u0111em l\u1ea1i c\u1ea3m gi\u00e1c m\u1edbi l\u1ea1 v\u00e0 \u0111\u1ec3 l\u1ea1i \u1ea5n t\u01b0\u1ee3ng cho ng\u01b0\u1eddi nh\u00ecn.<\/p>\n<p>&nbsp;<\/p>\n","protected":false},"excerpt":{"rendered":"<p>Thi\u1ebft k\u1ebf t\u1ee7 b\u1ebfp ch\u1eef U l\u00e0 m\u1ed9t trong nh\u1eefng thi\u1ebft k\u1ebf hi\u1ec7n nay \u0111\u01b0\u1ee3c nhi\u1ec1u ch\u1ecb em n\u1ed9i tr\u1ee3 \u01b0a chu\u1ed9ng. T\u1ee7 v\u1edbi thi\u1ebft k\u1ebf hi\u1ec7n \u0111\u1ea1i v\u00e0 \u0111\u1ed9c \u0111\u00e1o k\u1ebft mang l\u1ea1i m\u1ed9t kh\u00f4ng gian b\u1ebfp r\u1ed9ng r\u00e3i v\u00e0 tho\u00e1ng m\u00e1t. N\u00f3 th\u00edch h\u1ee3p cho c\u00e1c kh\u00f4ng gian b\u1ebfp c\u00f3 di\u1ec7n t\u00edch l\u1edbn,&#8230;<\/p>\n","protected":false},"featured_media":1898,"comment_status":"closed","ping_status":"closed","template":"","meta":[],"product_brand":[],"product_cat":[26,44],"product_tag":[],"class_list":{"0":"post-1897","1":"product","2":"type-product","3":"status-publish","4":"has-post-thumbnail","6":"product_cat-san-pham","7":"product_cat-tu-bep","9":"first","10":"instock","11":"shipping-taxable","12":"product-type-simple"},"_links":{"self":[{"href":"https:\/\/pluginviet.com\/mau62\/wp-json\/wp\/v2\/product\/1897","targetHints":{"allow":["GET"]}}],"collection":[{"href":"https:\/\/pluginviet.com\/mau62\/wp-json\/wp\/v2\/product"}],"about":[{"href":"https:\/\/pluginviet.com\/mau62\/wp-json\/wp\/v2\/types\/product"}],"replies":[{"embeddable":true,"href":"https:\/\/pluginviet.com\/mau62\/wp-json\/wp\/v2\/comments?post=1897"}],"wp:featuredmedia":[{"embeddable":true,"href":"https:\/\/pluginviet.com\/mau62\/wp-json\/wp\/v2\/media\/1898"}],"wp:attachment":[{"href":"https:\/\/pluginviet.com\/mau62\/wp-json\/wp\/v2\/media?parent=1897"}],"wp:term":[{"taxonomy":"product_brand","embeddable":true,"href":"https:\/\/pluginviet.com\/mau62\/wp-json\/wp\/v2\/product_brand?post=1897"},{"taxonomy":"product_cat","embeddable":true,"href":"https:\/\/pluginviet.com\/mau62\/wp-json\/wp\/v2\/product_cat?post=1897"},{"taxonomy":"product_tag","embeddable":true,"href":"https:\/\/pluginviet.com\/mau62\/wp-json\/wp\/v2\/product_tag?post=1897"}],"curies":[{"name":"wp","href":"https:\/\/api.w.org\/{rel}","templated":true}]}}