{"id":2411,"date":"2022-05-26T08:38:39","date_gmt":"2022-05-26T08:38:39","guid":{"rendered":"https:\/\/vstartravel.com.vn\/?post_type=product&#038;p=2411"},"modified":"2022-10-13T02:04:21","modified_gmt":"2022-10-13T02:04:21","slug":"tour-du-lich-singapore-malaysia-5-ngay-4","status":"publish","type":"product","link":"https:\/\/pluginviet.com\/mau61\/tour-du-lich-singapore-malaysia-5-ngay-4\/","title":{"rendered":"Tour du l\u1ecbch demo 5 ng\u00e0y 4 \u0111\u00eam"},"content":{"rendered":"<p>Du l\u1ecbch Malaysia\u00a0\u2013 thi\u00ean \u0111\u01b0\u1eddng mua s\u1eafm, t\u1eadn h\u01b0\u1edfng kh\u00f4ng kh\u00ed trong l\u00e0nh t\u1ea1i th\u00e0nh ph\u1ed1 m\u1edbi Putrajaya, tham gia c\u00e1c tr\u00f2 ch\u01a1i th\u00fa v\u1ecb c\u1ee7a th\u00e0nh ph\u1ed1 trong m\u00e2y Genting,\u2026 hay gh\u00e9 Singapore, h\u00f2a m\u00ecnh v\u00e0o nh\u1eefng con \u0111\u01b0\u1eddng n\u00e1o nhi\u1ec7t, s\u1ea1ch v\u00e0 xanh m\u00e1t r\u1ee3p b\u00f3ng c\u00e2y xen l\u1eabn b\u00f3ng c\u1ee7a nh\u1eefng t\u00f2a nh\u00e0 ch\u1ecdc tr\u1eddi\u2026H\u00e3y kh\u00e1m ph\u00e1 hai \u0111\u1ea5t n\u01b0\u1edbc tuy\u1ec7t v\u1eddi n\u00e0y v\u1edbi\u00a0<b>tour du l\u1ecbch Singapore &#8211; Malaysia 5 ng\u00e0y 4 \u0111\u00eam<\/b>\u00a0c\u00f9ng v\u1edbi Bazan Travel b\u1ea1n nh\u00e9!<\/p>\n","protected":false},"excerpt":{"rendered":"<p>Du l\u1ecbch Malaysia\u00a0\u2013 thi\u00ean \u0111\u01b0\u1eddng mua s\u1eafm, t\u1eadn h\u01b0\u1edfng kh\u00f4ng kh\u00ed trong l\u00e0nh t\u1ea1i th\u00e0nh ph\u1ed1 m\u1edbi Putrajaya, tham gia c\u00e1c tr\u00f2 ch\u01a1i th\u00fa v\u1ecb c\u1ee7a th\u00e0nh ph\u1ed1 trong m\u00e2y Genting,\u2026 hay gh\u00e9 Singapore, h\u00f2a m\u00ecnh v\u00e0o nh\u1eefng con \u0111\u01b0\u1eddng n\u00e1o nhi\u1ec7t, s\u1ea1ch v\u00e0 xanh m\u00e1t r\u1ee3p b\u00f3ng c\u00e2y xen l\u1eabn b\u00f3ng c\u1ee7a nh\u1eefng t\u00f2a [&#8230;]\n","protected":false},"featured_media":2398,"comment_status":"open","ping_status":"closed","template":"","meta":[],"product_cat":[15,511,518,513,516,499,500,501,502,503,520,507,509,517,512,514,497,521,504,505,493,496,494,515,508,522,510,495,506,519,498,492,523],"product_tag":[],"yoast_head":"<!-- This site is optimized with the Yoast SEO plugin v19.14 - https:\/\/yoast.com\/wordpress\/plugins\/seo\/ -->\n<title>Tour du l\u1ecbch demo 5 ng\u00e0y 4 \u0111\u00eam - Traveland<\/title>\n<meta name=\"robots\" content=\"noindex, follow, max-snippet:-1, max-image-preview:large, max-video-preview:-1\" \/>\n<meta property=\"og:locale\" content=\"vi_VN\" \/>\n<meta property=\"og:type\" content=\"article\" \/>\n<meta property=\"og:title\" content=\"Tour du l\u1ecbch demo 5 ng\u00e0y 4 \u0111\u00eam - Traveland\" \/>\n<meta property=\"og:description\" content=\"Du l\u1ecbch Malaysia\u00a0\u2013 thi\u00ean \u0111\u01b0\u1eddng mua s\u1eafm, t\u1eadn h\u01b0\u1edfng kh\u00f4ng kh\u00ed trong l\u00e0nh t\u1ea1i th\u00e0nh ph\u1ed1 m\u1edbi Putrajaya, tham gia c\u00e1c tr\u00f2 ch\u01a1i th\u00fa v\u1ecb c\u1ee7a th\u00e0nh ph\u1ed1 trong m\u00e2y Genting,\u2026 hay gh\u00e9 Singapore, h\u00f2a m\u00ecnh v\u00e0o nh\u1eefng con \u0111\u01b0\u1eddng n\u00e1o nhi\u1ec7t, s\u1ea1ch v\u00e0 xanh m\u00e1t r\u1ee3p b\u00f3ng c\u00e2y xen l\u1eabn b\u00f3ng c\u1ee7a nh\u1eefng t\u00f2a [...]\" \/>\n<meta property=\"og:url\" content=\"https:\/\/pluginviet.com\/mau61\/tour-du-lich-singapore-malaysia-5-ngay-4\/\" \/>\n<meta property=\"og:site_name\" content=\"Traveland\" \/>\n<meta property=\"article:modified_time\" content=\"2022-10-13T02:04:21+00:00\" \/>\n<meta property=\"og:image\" content=\"https:\/\/pluginviet.com\/mau61\/wp-content\/uploads\/2022\/05\/sing3.png\" \/>\n\t<meta property=\"og:image:width\" content=\"600\" \/>\n\t<meta property=\"og:image:height\" content=\"600\" \/>\n\t<meta property=\"og:image:type\" content=\"image\/png\" \/>\n<meta name=\"twitter:card\" content=\"summary_large_image\" \/>\n<meta name=\"twitter:label1\" content=\"\u01af\u1edbc t\u00ednh th\u1eddi gian \u0111\u1ecdc\" \/>\n\t<meta name=\"twitter:data1\" content=\"1 ph\u00fat\" \/>\n<script type=\"application\/ld+json\" class=\"yoast-schema-graph\">{\"@context\":\"https:\/\/schema.org\",\"@graph\":[{\"@type\":\"WebPage\",\"@id\":\"https:\/\/pluginviet.com\/mau61\/tour-du-lich-singapore-malaysia-5-ngay-4\/\",\"url\":\"https:\/\/pluginviet.com\/mau61\/tour-du-lich-singapore-malaysia-5-ngay-4\/\",\"name\":\"Tour du l\u1ecbch demo 5 ng\u00e0y 4 \u0111\u00eam - Traveland\",\"isPartOf\":{\"@id\":\"https:\/\/pluginviet.com\/mau61\/#website\"},\"datePublished\":\"2022-05-26T08:38:39+00:00\",\"dateModified\":\"2022-10-13T02:04:21+00:00\",\"breadcrumb\":{\"@id\":\"https:\/\/pluginviet.com\/mau61\/tour-du-lich-singapore-malaysia-5-ngay-4\/#breadcrumb\"},\"inLanguage\":\"vi\",\"potentialAction\":[{\"@type\":\"ReadAction\",\"target\":[\"https:\/\/pluginviet.com\/mau61\/tour-du-lich-singapore-malaysia-5-ngay-4\/\"]}]},{\"@type\":\"BreadcrumbList\",\"@id\":\"https:\/\/pluginviet.com\/mau61\/tour-du-lich-singapore-malaysia-5-ngay-4\/#breadcrumb\",\"itemListElement\":[{\"@type\":\"ListItem\",\"position\":1,\"name\":\"Trang ch\u1ee7\",\"item\":\"https:\/\/pluginviet.com\/mau61\/\"},{\"@type\":\"ListItem\",\"position\":2,\"name\":\"Shop\",\"item\":\"https:\/\/pluginviet.com\/mau61\/shop\/\"},{\"@type\":\"ListItem\",\"position\":3,\"name\":\"Tour du l\u1ecbch demo 5 ng\u00e0y 4 \u0111\u00eam\"}]},{\"@type\":\"WebSite\",\"@id\":\"https:\/\/pluginviet.com\/mau61\/#website\",\"url\":\"https:\/\/pluginviet.com\/mau61\/\",\"name\":\"Traveland\",\"description\":\"\",\"potentialAction\":[{\"@type\":\"SearchAction\",\"target\":{\"@type\":\"EntryPoint\",\"urlTemplate\":\"https:\/\/pluginviet.com\/mau61\/?s={search_term_string}\"},\"query-input\":\"required name=search_term_string\"}],\"inLanguage\":\"vi\"}]}<\/script>\n<!-- \/ Yoast SEO plugin. -->","yoast_head_json":{"title":"Tour du l\u1ecbch demo 5 ng\u00e0y 4 \u0111\u00eam - Traveland","robots":{"index":"noindex","follow":"follow","max-snippet":"max-snippet:-1","max-image-preview":"max-image-preview:large","max-video-preview":"max-video-preview:-1"},"og_locale":"vi_VN","og_type":"article","og_title":"Tour du l\u1ecbch demo 5 ng\u00e0y 4 \u0111\u00eam - Traveland","og_description":"Du l\u1ecbch Malaysia\u00a0\u2013 thi\u00ean \u0111\u01b0\u1eddng mua s\u1eafm, t\u1eadn h\u01b0\u1edfng kh\u00f4ng kh\u00ed trong l\u00e0nh t\u1ea1i th\u00e0nh ph\u1ed1 m\u1edbi Putrajaya, tham gia c\u00e1c tr\u00f2 ch\u01a1i th\u00fa v\u1ecb c\u1ee7a th\u00e0nh ph\u1ed1 trong m\u00e2y Genting,\u2026 hay gh\u00e9 Singapore, h\u00f2a m\u00ecnh v\u00e0o nh\u1eefng con \u0111\u01b0\u1eddng n\u00e1o nhi\u1ec7t, s\u1ea1ch v\u00e0 xanh m\u00e1t r\u1ee3p b\u00f3ng c\u00e2y xen l\u1eabn b\u00f3ng c\u1ee7a nh\u1eefng t\u00f2a [...]","og_url":"https:\/\/pluginviet.com\/mau61\/tour-du-lich-singapore-malaysia-5-ngay-4\/","og_site_name":"Traveland","article_modified_time":"2022-10-13T02:04:21+00:00","og_image":[{"width":600,"height":600,"url":"https:\/\/pluginviet.com\/mau61\/wp-content\/uploads\/2022\/05\/sing3.png","type":"image\/png"}],"twitter_card":"summary_large_image","twitter_misc":{"\u01af\u1edbc t\u00ednh th\u1eddi gian \u0111\u1ecdc":"1 ph\u00fat"},"schema":{"@context":"https:\/\/schema.org","@graph":[{"@type":"WebPage","@id":"https:\/\/pluginviet.com\/mau61\/tour-du-lich-singapore-malaysia-5-ngay-4\/","url":"https:\/\/pluginviet.com\/mau61\/tour-du-lich-singapore-malaysia-5-ngay-4\/","name":"Tour du l\u1ecbch demo 5 ng\u00e0y 4 \u0111\u00eam - Traveland","isPartOf":{"@id":"https:\/\/pluginviet.com\/mau61\/#website"},"datePublished":"2022-05-26T08:38:39+00:00","dateModified":"2022-10-13T02:04:21+00:00","breadcrumb":{"@id":"https:\/\/pluginviet.com\/mau61\/tour-du-lich-singapore-malaysia-5-ngay-4\/#breadcrumb"},"inLanguage":"vi","potentialAction":[{"@type":"ReadAction","target":["https:\/\/pluginviet.com\/mau61\/tour-du-lich-singapore-malaysia-5-ngay-4\/"]}]},{"@type":"BreadcrumbList","@id":"https:\/\/pluginviet.com\/mau61\/tour-du-lich-singapore-malaysia-5-ngay-4\/#breadcrumb","itemListElement":[{"@type":"ListItem","position":1,"name":"Trang ch\u1ee7","item":"https:\/\/pluginviet.com\/mau61\/"},{"@type":"ListItem","position":2,"name":"Shop","item":"https:\/\/pluginviet.com\/mau61\/shop\/"},{"@type":"ListItem","position":3,"name":"Tour du l\u1ecbch demo 5 ng\u00e0y 4 \u0111\u00eam"}]},{"@type":"WebSite","@id":"https:\/\/pluginviet.com\/mau61\/#website","url":"https:\/\/pluginviet.com\/mau61\/","name":"Traveland","description":"","potentialAction":[{"@type":"SearchAction","target":{"@type":"EntryPoint","urlTemplate":"https:\/\/pluginviet.com\/mau61\/?s={search_term_string}"},"query-input":"required name=search_term_string"}],"inLanguage":"vi"}]}},"_links":{"self":[{"href":"https:\/\/pluginviet.com\/mau61\/wp-json\/wp\/v2\/product\/2411"}],"collection":[{"href":"https:\/\/pluginviet.com\/mau61\/wp-json\/wp\/v2\/product"}],"about":[{"href":"https:\/\/pluginviet.com\/mau61\/wp-json\/wp\/v2\/types\/product"}],"replies":[{"embeddable":true,"href":"https:\/\/pluginviet.com\/mau61\/wp-json\/wp\/v2\/comments?post=2411"}],"wp:featuredmedia":[{"embeddable":true,"href":"https:\/\/pluginviet.com\/mau61\/wp-json\/wp\/v2\/media\/2398"}],"wp:attachment":[{"href":"https:\/\/pluginviet.com\/mau61\/wp-json\/wp\/v2\/media?parent=2411"}],"wp:term":[{"taxonomy":"product_cat","embeddable":true,"href":"https:\/\/pluginviet.com\/mau61\/wp-json\/wp\/v2\/product_cat?post=2411"},{"taxonomy":"product_tag","embeddable":true,"href":"https:\/\/pluginviet.com\/mau61\/wp-json\/wp\/v2\/product_tag?post=2411"}],"curies":[{"name":"wp","href":"https:\/\/api.w.org\/{rel}","templated":true}]}}