{"id":1354,"date":"2022-12-29T09:09:42","date_gmt":"2022-12-29T09:09:42","guid":{"rendered":"https:\/\/cayxanhbachloc.vn\/?post_type=product&#038;p=1354"},"modified":"2022-12-30T06:47:26","modified_gmt":"2022-12-30T06:47:26","slug":"cay-cam","status":"publish","type":"product","link":"https:\/\/pluginviet.com\/mau6\/san-pham\/cay-cam\/","title":{"rendered":"C\u00e2y Cam"},"content":{"rendered":"<p>Cam l\u00e0 m\u1ed9t lo\u1ea1i tr\u00e1i \u0111\u01b0\u1ee3c tr\u1ed3ng v\u00e0 s\u1eed d\u00f9ng r\u1ea5t nhi\u1ec1u trong \u0111\u1eddi s\u1ed1ng, l\u00e0 m\u1ed9t lo\u1ea1i tr\u00e1i c\u00e2y ch\u1ee9a nhi\u1ec1u tinh d\u1ea7u mang m\u00f9i th\u01a1m \u0111\u1eb7c tr\u01b0ng, ch\u1ee9a nhi\u1ec1u vitamin C, c\u00f3 kh\u1ea3 n\u0103ng gi\u1ea3i kh\u00e1t, cung c\u1ea5p hco c\u01a1 th\u1ec3 m\u1ed9t h\u00e0m l\u01b0\u1ee3ng viatmin C l\u1edbn. Ngo\u00e0i ra, Cam c\u00f2n c\u00f3 m\u1ed9t s\u1ed1 t\u00e1c d\u1ee5ng ch\u1eefa b\u1ec7nh r\u1ea5t hi\u1ec7u qu\u1ea3. Hi\u1ec7n nay \u1edf Vi\u1ec7t Nam c\u00f3 r\u1ea5t nhi\u1ec1u c\u00e1c gi\u1ed1ng cam n\u1ed5i ti\u1ebfng nh\u01b0 cam s\u00e0nh, cam vinh, cam cao phong\u2026 Nh\u01b0ng c\u01a1 b\u1ea3n v\u1ec1 t\u00ednh ch\u1ea5t sinh h\u1ecdc v\u00e0 c\u00e1ch tr\u1ed3ng ch\u0103m s\u00f3c la gi\u1ed1ng nhau. B\u00e0i Vi\u1ebft n\u00e0y s\u01a1 l\u01b0\u1ee3c t\u1ed5ng th\u1ec3 v\u1ec1 c\u00e1c\u00a0<strong>c\u00e2y cam<\/strong>\u00a0Vi\u1ec7t Nam.<\/p>\n<p>Cam thu\u1ed9c lo\u1ea1i c\u00e2y c\u00f3 m\u00fai, th\u00e2n g\u1ed7, m\u1ecdc th\u00e0nh b\u1ee5i, th\u00e2n kh\u00f4ng c\u00f3 ho\u1eb7c c\u00f3 r\u1ea5t \u00edt gai, khi c\u00f2n non th\u00e2n c\u00f3 m\u00e0u xanh s\u1eabm sau \u0111\u00f3 chuy\u1ec3n d\u1ea7n snag m\u00e0u xanh x\u00e1m.<\/p>\n<p>L\u00e1 m\u1ecdc so le, phi\u1ebfn l\u00e1 d\u00e0i, c\u00f3 m\u00e0u xanh s\u1eabm, c\u00f3 chi\u1ec1u d\u00e0i t\u1eeb 5-10 cm, chi\u1ec1u r\u1ed9ng t\u1eeb 2,5-5 cm.<\/p>\n<p>Hoa th\u01b0\u1eddng m\u1ecdc ch\u1ee7 y\u1ebfu \u1edf khu v\u1ef1c n\u00e1ch l\u00e1, m\u1ecdc \u0111\u01a1n \u0111\u1ed9c ho\u1eb7c m\u1ecdc th\u00e0nh c\u1ee5m ch\u00f9m t\u1eebu 2-6 hoa, hoa c\u00f3 m\u00e0u tr\u1eafng \u0111\u1eb7c tr\u01b0ng c\u1ee7a lo\u00e0i. C\u00e2y th\u01b0\u1eddng ra hoa v\u00e0o t\u1eeb th\u00e1ng 1-2<\/p>\n<p>Qu\u1ea3 c\u00f3 d\u1ea1ng h\u00ecnh c\u1ea7u, c\u00f3 \u0111\u01b0\u1eddng k\u00ednh t\u1eeb 5-8cm, khi ch\u00edn c\u00f3 m\u00e0u v\u00e0ng cam, v\u1ecf qu\u1ea3 c\u00f3 ch\u1ee9a nhi\u1ec1u tinh d\u1ea7u.<\/p>\n","protected":false},"excerpt":{"rendered":"<p>Cam c\u00f3 v\u1ecb ng\u1ecdt chua, t\u00ednh m\u00e1t, ngo\u00e0i vi\u1ec7c \u0111\u01b0\u1ee3c s\u1eed d\u1ee5ng \u0111\u1ec3 l\u00e0m n\u01b0\u1edbc gi\u1ea3i kh\u00e1t, cam c\u00f2n \u0111\u01b0\u1ee3c coi l\u00e0 m\u1ed9t trong nh\u1eefng v\u1ecb thu\u1ed1c \u0111\u1eaft gi\u00e1 v\u1edbi t\u00e1c d\u1ee5ng ph\u00f2ng ch\u1ed1ng ung th\u01b0, gi\u1ea3m cholesterol, ng\u0103n ng\u1eeba x\u01a1 v\u1eefa \u0111\u1ed9ng m\u1ea1ch, ch\u1eefa \u0111\u00e0m, thanh nhi\u1ec7t c\u01a1 th\u1ec3, c\u00f3 t\u00e1c d\u1ee5ng l\u1ee3i ti\u1ec3u. V\u1ecf cam c\u00f3 t\u00e1c d\u1ee5ng ch\u1eefa c\u00e1c b\u1ec7nh v\u1ec1 ti\u00eau h\u00f3a, h\u1ea1 kh\u00ed \u0111\u1ea7y\u2026.Hoa Cam th\u01b0\u1eddng \u0111\u01b0\u1ee3c d\u00f9ng \u0111\u1ec3 b\u00e0o ch\u1ebf, ch\u01b0ng c\u1ea5t tinh d\u1ea7u \u2026<\/p>\n","protected":false},"featured_media":1355,"comment_status":"open","ping_status":"closed","template":"","meta":[],"product_cat":[15,125],"product_tag":[],"yoast_head":"<!-- This site is optimized with the Yoast SEO plugin v20.11 - https:\/\/yoast.com\/wordpress\/plugins\/seo\/ -->\n<title>C\u00e2y Cam - C\u00e2y xanh B\u00e1ch L\u1ed9c<\/title>\n<meta name=\"robots\" content=\"index, follow, max-snippet:-1, max-image-preview:large, max-video-preview:-1\" \/>\n<link rel=\"canonical\" href=\"https:\/\/pluginviet.com\/mau6\/san-pham\/cay-cam\/\" \/>\n<meta property=\"og:locale\" content=\"vi_VN\" \/>\n<meta property=\"og:type\" content=\"article\" \/>\n<meta property=\"og:title\" content=\"C\u00e2y Cam - C\u00e2y xanh B\u00e1ch L\u1ed9c\" \/>\n<meta property=\"og:description\" content=\"Cam c\u00f3 v\u1ecb ng\u1ecdt chua, t\u00ednh m\u00e1t, ngo\u00e0i vi\u1ec7c \u0111\u01b0\u1ee3c s\u1eed d\u1ee5ng \u0111\u1ec3 l\u00e0m n\u01b0\u1edbc gi\u1ea3i kh\u00e1t, cam c\u00f2n \u0111\u01b0\u1ee3c coi l\u00e0 m\u1ed9t trong nh\u1eefng v\u1ecb thu\u1ed1c \u0111\u1eaft gi\u00e1 v\u1edbi t\u00e1c d\u1ee5ng ph\u00f2ng ch\u1ed1ng ung th\u01b0, gi\u1ea3m cholesterol, ng\u0103n ng\u1eeba x\u01a1 v\u1eefa \u0111\u1ed9ng m\u1ea1ch, ch\u1eefa \u0111\u00e0m, thanh nhi\u1ec7t c\u01a1 th\u1ec3, c\u00f3 t\u00e1c d\u1ee5ng l\u1ee3i ti\u1ec3u. V\u1ecf cam c\u00f3 t\u00e1c d\u1ee5ng ch\u1eefa c\u00e1c b\u1ec7nh v\u1ec1 ti\u00eau h\u00f3a, h\u1ea1 kh\u00ed \u0111\u1ea7y\u2026.Hoa Cam th\u01b0\u1eddng \u0111\u01b0\u1ee3c d\u00f9ng \u0111\u1ec3 b\u00e0o ch\u1ebf, ch\u01b0ng c\u1ea5t tinh d\u1ea7u \u2026\" \/>\n<meta property=\"og:url\" content=\"https:\/\/pluginviet.com\/mau6\/san-pham\/cay-cam\/\" \/>\n<meta property=\"og:site_name\" content=\"C\u00e2y xanh B\u00e1ch L\u1ed9c\" \/>\n<meta property=\"article:modified_time\" content=\"2022-12-30T06:47:26+00:00\" \/>\n<meta property=\"og:image\" content=\"https:\/\/pluginviet.com\/mau6\/wp-content\/uploads\/2022\/12\/cay-quyt-su-dung-superthirve.jpg\" \/>\n\t<meta property=\"og:image:width\" content=\"600\" \/>\n\t<meta property=\"og:image:height\" content=\"600\" \/>\n\t<meta property=\"og:image:type\" content=\"image\/jpeg\" \/>\n<meta name=\"twitter:card\" content=\"summary_large_image\" \/>\n<meta name=\"twitter:label1\" content=\"\u01af\u1edbc t\u00ednh th\u1eddi gian \u0111\u1ecdc\" \/>\n\t<meta name=\"twitter:data1\" content=\"2 ph\u00fat\" \/>\n<script type=\"application\/ld+json\" class=\"yoast-schema-graph\">{\"@context\":\"https:\/\/schema.org\",\"@graph\":[{\"@type\":\"WebPage\",\"@id\":\"https:\/\/pluginviet.com\/mau6\/san-pham\/cay-cam\/\",\"url\":\"https:\/\/pluginviet.com\/mau6\/san-pham\/cay-cam\/\",\"name\":\"C\u00e2y Cam - C\u00e2y xanh B\u00e1ch L\u1ed9c\",\"isPartOf\":{\"@id\":\"https:\/\/pluginviet.com\/mau6\/#website\"},\"datePublished\":\"2022-12-29T09:09:42+00:00\",\"dateModified\":\"2022-12-30T06:47:26+00:00\",\"breadcrumb\":{\"@id\":\"https:\/\/pluginviet.com\/mau6\/san-pham\/cay-cam\/#breadcrumb\"},\"inLanguage\":\"vi\",\"potentialAction\":[{\"@type\":\"ReadAction\",\"target\":[\"https:\/\/pluginviet.com\/mau6\/san-pham\/cay-cam\/\"]}]},{\"@type\":\"BreadcrumbList\",\"@id\":\"https:\/\/pluginviet.com\/mau6\/san-pham\/cay-cam\/#breadcrumb\",\"itemListElement\":[{\"@type\":\"ListItem\",\"position\":1,\"name\":\"Trang ch\u1ee7\",\"item\":\"https:\/\/pluginviet.com\/mau6\/\"},{\"@type\":\"ListItem\",\"position\":2,\"name\":\"Shop\",\"item\":\"https:\/\/pluginviet.com\/mau6\/shop\/\"},{\"@type\":\"ListItem\",\"position\":3,\"name\":\"C\u00e2y Cam\"}]},{\"@type\":\"WebSite\",\"@id\":\"https:\/\/pluginviet.com\/mau6\/#website\",\"url\":\"https:\/\/pluginviet.com\/mau6\/\",\"name\":\"C\u00e2y xanh B\u00e1ch L\u1ed9c\",\"description\":\"\",\"potentialAction\":[{\"@type\":\"SearchAction\",\"target\":{\"@type\":\"EntryPoint\",\"urlTemplate\":\"https:\/\/pluginviet.com\/mau6\/?s={search_term_string}\"},\"query-input\":\"required name=search_term_string\"}],\"inLanguage\":\"vi\"}]}<\/script>\n<!-- \/ Yoast SEO plugin. -->","yoast_head_json":{"title":"C\u00e2y Cam - C\u00e2y xanh B\u00e1ch L\u1ed9c","robots":{"index":"index","follow":"follow","max-snippet":"max-snippet:-1","max-image-preview":"max-image-preview:large","max-video-preview":"max-video-preview:-1"},"canonical":"https:\/\/pluginviet.com\/mau6\/san-pham\/cay-cam\/","og_locale":"vi_VN","og_type":"article","og_title":"C\u00e2y Cam - C\u00e2y xanh B\u00e1ch L\u1ed9c","og_description":"Cam c\u00f3 v\u1ecb ng\u1ecdt chua, t\u00ednh m\u00e1t, ngo\u00e0i vi\u1ec7c \u0111\u01b0\u1ee3c s\u1eed d\u1ee5ng \u0111\u1ec3 l\u00e0m n\u01b0\u1edbc gi\u1ea3i kh\u00e1t, cam c\u00f2n \u0111\u01b0\u1ee3c coi l\u00e0 m\u1ed9t trong nh\u1eefng v\u1ecb thu\u1ed1c \u0111\u1eaft gi\u00e1 v\u1edbi t\u00e1c d\u1ee5ng ph\u00f2ng ch\u1ed1ng ung th\u01b0, gi\u1ea3m cholesterol, ng\u0103n ng\u1eeba x\u01a1 v\u1eefa \u0111\u1ed9ng m\u1ea1ch, ch\u1eefa \u0111\u00e0m, thanh nhi\u1ec7t c\u01a1 th\u1ec3, c\u00f3 t\u00e1c d\u1ee5ng l\u1ee3i ti\u1ec3u. V\u1ecf cam c\u00f3 t\u00e1c d\u1ee5ng ch\u1eefa c\u00e1c b\u1ec7nh v\u1ec1 ti\u00eau h\u00f3a, h\u1ea1 kh\u00ed \u0111\u1ea7y\u2026.Hoa Cam th\u01b0\u1eddng \u0111\u01b0\u1ee3c d\u00f9ng \u0111\u1ec3 b\u00e0o ch\u1ebf, ch\u01b0ng c\u1ea5t tinh d\u1ea7u \u2026","og_url":"https:\/\/pluginviet.com\/mau6\/san-pham\/cay-cam\/","og_site_name":"C\u00e2y xanh B\u00e1ch L\u1ed9c","article_modified_time":"2022-12-30T06:47:26+00:00","og_image":[{"width":600,"height":600,"url":"https:\/\/pluginviet.com\/mau6\/wp-content\/uploads\/2022\/12\/cay-quyt-su-dung-superthirve.jpg","type":"image\/jpeg"}],"twitter_card":"summary_large_image","twitter_misc":{"\u01af\u1edbc t\u00ednh th\u1eddi gian \u0111\u1ecdc":"2 ph\u00fat"},"schema":{"@context":"https:\/\/schema.org","@graph":[{"@type":"WebPage","@id":"https:\/\/pluginviet.com\/mau6\/san-pham\/cay-cam\/","url":"https:\/\/pluginviet.com\/mau6\/san-pham\/cay-cam\/","name":"C\u00e2y Cam - C\u00e2y xanh B\u00e1ch L\u1ed9c","isPartOf":{"@id":"https:\/\/pluginviet.com\/mau6\/#website"},"datePublished":"2022-12-29T09:09:42+00:00","dateModified":"2022-12-30T06:47:26+00:00","breadcrumb":{"@id":"https:\/\/pluginviet.com\/mau6\/san-pham\/cay-cam\/#breadcrumb"},"inLanguage":"vi","potentialAction":[{"@type":"ReadAction","target":["https:\/\/pluginviet.com\/mau6\/san-pham\/cay-cam\/"]}]},{"@type":"BreadcrumbList","@id":"https:\/\/pluginviet.com\/mau6\/san-pham\/cay-cam\/#breadcrumb","itemListElement":[{"@type":"ListItem","position":1,"name":"Trang ch\u1ee7","item":"https:\/\/pluginviet.com\/mau6\/"},{"@type":"ListItem","position":2,"name":"Shop","item":"https:\/\/pluginviet.com\/mau6\/shop\/"},{"@type":"ListItem","position":3,"name":"C\u00e2y Cam"}]},{"@type":"WebSite","@id":"https:\/\/pluginviet.com\/mau6\/#website","url":"https:\/\/pluginviet.com\/mau6\/","name":"C\u00e2y xanh B\u00e1ch L\u1ed9c","description":"","potentialAction":[{"@type":"SearchAction","target":{"@type":"EntryPoint","urlTemplate":"https:\/\/pluginviet.com\/mau6\/?s={search_term_string}"},"query-input":"required name=search_term_string"}],"inLanguage":"vi"}]}},"_links":{"self":[{"href":"https:\/\/pluginviet.com\/mau6\/wp-json\/wp\/v2\/product\/1354"}],"collection":[{"href":"https:\/\/pluginviet.com\/mau6\/wp-json\/wp\/v2\/product"}],"about":[{"href":"https:\/\/pluginviet.com\/mau6\/wp-json\/wp\/v2\/types\/product"}],"replies":[{"embeddable":true,"href":"https:\/\/pluginviet.com\/mau6\/wp-json\/wp\/v2\/comments?post=1354"}],"wp:featuredmedia":[{"embeddable":true,"href":"https:\/\/pluginviet.com\/mau6\/wp-json\/wp\/v2\/media\/1355"}],"wp:attachment":[{"href":"https:\/\/pluginviet.com\/mau6\/wp-json\/wp\/v2\/media?parent=1354"}],"wp:term":[{"taxonomy":"product_cat","embeddable":true,"href":"https:\/\/pluginviet.com\/mau6\/wp-json\/wp\/v2\/product_cat?post=1354"},{"taxonomy":"product_tag","embeddable":true,"href":"https:\/\/pluginviet.com\/mau6\/wp-json\/wp\/v2\/product_tag?post=1354"}],"curies":[{"name":"wp","href":"https:\/\/api.w.org\/{rel}","templated":true}]}}