{"id":1353,"date":"2022-12-29T09:13:34","date_gmt":"2022-12-29T09:13:34","guid":{"rendered":"https:\/\/cayxanhbachloc.vn\/?post_type=product&#038;p=1353"},"modified":"2022-12-30T06:48:37","modified_gmt":"2022-12-30T06:48:37","slug":"cay-xoai","status":"publish","type":"product","link":"https:\/\/pluginviet.com\/mau6\/san-pham\/cay-xoai\/","title":{"rendered":"C\u00e2y Xo\u00e0i"},"content":{"rendered":"<p>Xo\u00e0i l\u00e0 c\u00e2y \u0103n qu\u1ea3 nhi\u1ec7t \u0111\u1edbi, ngu\u1ed3n g\u1ed1c c\u00e2y xo\u00e0i \u1edf mi\u1ec1n \u0110\u00f4ng \u1ea4n \u0110\u1ed9 v\u00e0 c\u00e1c v\u00f9ng gi\u00e1p ranh nh\u01b0 Mi\u1ebfn \u0110i\u1ec7n, Vi\u1ec7t Nam, Malaysia.<\/p>\n<p>Qu\u1ea3 xo\u00e0i ch\u00edn c\u00f3 m\u00e0u v\u00e0ng h\u1ea5p d\u1eabn, c\u00f3 v\u1ecb chua ng\u1ecdt, m\u00f9i th\u01a1m ngon. Xo\u00e0i ch\u00edn \u0111\u01b0\u1ee3c \u0103n t\u01b0\u01a1i, \u0111\u00f3ng h\u1ed9p, l\u00e0m n\u01b0\u1edbc tr\u00e1i c\u00e2y, m\u1ee9t k\u1eb9o, kem, s\u1ea5y kh\u00f4 \u0111\u1ec3 ti\u00eau th\u1ee5 n\u1ed9i \u0111\u1ecba hay xu\u1ea5t kh\u1ea9u.<\/p>\n<h3>M\u00f4 t\u1ea3 s\u01a1 b\u1ed9 v\u1ec1 c\u00e2y xo\u00e0i<\/h3>\n<p>&#8211; R\u1ec5:\u00a0Ph\u1ea7n l\u1edbn r\u1ec5 ph\u00e2n b\u1ed1 \u1edf t\u1ea7ng \u0111\u1ea5t t\u1eeb 0-50cm \u1edf nh\u1eefng v\u00f9ng c\u00f3 m\u1ef1c n\u01b0\u1edbc ng\u1ea7m th\u1ea5p hay \u0111\u1ea5t c\u00e1t, r\u1ec5 c\u00f3 th\u1ec3 \u0103n r\u1ea5t s\u00e2u (6-8m). Tuy nhi\u00ean, ph\u1ea7n l\u1edbn r\u1ec5 t\u1eadp trung trong ph\u1ea1m vi c\u00e1ch g\u1ed1c kho\u1ea3ng 2m.<\/p>\n<p>&#8211; Th\u00e2n, t\u00e1n c\u00e2y:\u00a0C\u00e2y th\u00e2n g\u1ed7 l\u1edbn, m\u1ecdc kh\u1ecfe, cao 10-20m, c\u00f3 t\u00e1n r\u1eadm. \u1ede nh\u1eefng n\u01a1i tr\u1ea3ng, chi\u1ec1u cao c\u00e2y v\u00e0 t\u00e1n c\u00e2y c\u00f3 \u0111\u01b0\u1eddng k\u00ednh t\u01b0\u01a1ng \u0111\u01b0\u01a1ng. T\u00e1n c\u00e2y l\u1edbn ho\u1eb7c nh\u1ecf t\u00f9y theo gi\u1ed1ng.<\/p>\n<p>&#8211; L\u00e1 v\u00e0 c\u00e0nh:\u00a0L\u00e1 \u0111\u01a1n, nguy\u00ean, m\u1ecdc so le, phi\u1ebfn l\u00e1 h\u00ecnh thu\u00f4n m\u0169i m\u00e1c, nh\u1eb5n, th\u01a1m.<\/p>\n<p>M\u1ed9t n\u0103m, xo\u00e0i c\u00f3 th\u1ec3 ra 3-4 \u0111\u1ee3t ch\u1ed3i t\u00f9y theo gi\u1ed1ng, tu\u1ed5i c\u00e2y, th\u1eddi ti\u1ebft v\u00e0 t\u00ecnh h\u00ecnh dinh d\u01b0\u1ee1ng; c\u00e2y con ra nhi\u1ec1u \u0111\u1ee3t ch\u1ed3i h\u01a1n so v\u1edbi c\u00e2y \u0111ang cho qu\u1ea3; c\u00e2y gi\u00e0 r\u1ea5t kh\u00f3 ra ch\u1ed3i. L\u00e1 non sau 35 ng\u00e0y m\u1edbi chuy\u1ec3n xanh ho\u00e0n to\u00e0n, m\u1ed7i l\u1ea7n ra l\u00e1, c\u00e0nh xo\u00e0i d\u00e0i th\u00eam 20-30cm.<\/p>\n","protected":false},"excerpt":{"rendered":"<p>Xo\u00e0i c\u00f3 r\u1ea5t nhi\u1ec1u gi\u1ed1ng, nh\u01b0ng c\u00f3 2 nh\u00f3m gi\u1ed1ng c\u01a1 b\u1ea3n l\u00e0 nh\u00f3m \u1ea4n \u0110\u1ed9 (h\u1ea1t \u0111\u01a1n ph\u00f4i) v\u00e0 nh\u00f3m \u0110\u00f4ng Nam \u00c1 (h\u1ea1t \u0111a ph\u00f4i). Nh\u00f3m \u0111\u01a1n ph\u00f4i th\u01b0\u1eddng cho tr\u00e1i quanh n\u0103m.<\/p>\n","protected":false},"featured_media":1356,"comment_status":"open","ping_status":"closed","template":"","meta":[],"product_cat":[15,125],"product_tag":[],"yoast_head":"<!-- This site is optimized with the Yoast SEO plugin v20.11 - https:\/\/yoast.com\/wordpress\/plugins\/seo\/ -->\n<title>C\u00e2y Xo\u00e0i - C\u00e2y xanh B\u00e1ch L\u1ed9c<\/title>\n<meta name=\"robots\" content=\"index, follow, max-snippet:-1, max-image-preview:large, max-video-preview:-1\" \/>\n<link rel=\"canonical\" href=\"https:\/\/pluginviet.com\/mau6\/san-pham\/cay-xoai\/\" \/>\n<meta property=\"og:locale\" content=\"vi_VN\" \/>\n<meta property=\"og:type\" content=\"article\" \/>\n<meta property=\"og:title\" content=\"C\u00e2y Xo\u00e0i - C\u00e2y xanh B\u00e1ch L\u1ed9c\" \/>\n<meta property=\"og:description\" content=\"Xo\u00e0i c\u00f3 r\u1ea5t nhi\u1ec1u gi\u1ed1ng, nh\u01b0ng c\u00f3 2 nh\u00f3m gi\u1ed1ng c\u01a1 b\u1ea3n l\u00e0 nh\u00f3m \u1ea4n \u0110\u1ed9 (h\u1ea1t \u0111\u01a1n ph\u00f4i) v\u00e0 nh\u00f3m \u0110\u00f4ng Nam \u00c1 (h\u1ea1t \u0111a ph\u00f4i). Nh\u00f3m \u0111\u01a1n ph\u00f4i th\u01b0\u1eddng cho tr\u00e1i quanh n\u0103m.\" \/>\n<meta property=\"og:url\" content=\"https:\/\/pluginviet.com\/mau6\/san-pham\/cay-xoai\/\" \/>\n<meta property=\"og:site_name\" content=\"C\u00e2y xanh B\u00e1ch L\u1ed9c\" \/>\n<meta property=\"article:modified_time\" content=\"2022-12-30T06:48:37+00:00\" \/>\n<meta property=\"og:image\" content=\"https:\/\/pluginviet.com\/mau6\/wp-content\/uploads\/2022\/12\/cayxoai.png\" \/>\n\t<meta property=\"og:image:width\" content=\"600\" \/>\n\t<meta property=\"og:image:height\" content=\"600\" \/>\n\t<meta property=\"og:image:type\" content=\"image\/png\" \/>\n<meta name=\"twitter:card\" content=\"summary_large_image\" \/>\n<meta name=\"twitter:label1\" content=\"\u01af\u1edbc t\u00ednh th\u1eddi gian \u0111\u1ecdc\" \/>\n\t<meta name=\"twitter:data1\" content=\"2 ph\u00fat\" \/>\n<script type=\"application\/ld+json\" class=\"yoast-schema-graph\">{\"@context\":\"https:\/\/schema.org\",\"@graph\":[{\"@type\":\"WebPage\",\"@id\":\"https:\/\/pluginviet.com\/mau6\/san-pham\/cay-xoai\/\",\"url\":\"https:\/\/pluginviet.com\/mau6\/san-pham\/cay-xoai\/\",\"name\":\"C\u00e2y Xo\u00e0i - C\u00e2y xanh B\u00e1ch L\u1ed9c\",\"isPartOf\":{\"@id\":\"https:\/\/pluginviet.com\/mau6\/#website\"},\"datePublished\":\"2022-12-29T09:13:34+00:00\",\"dateModified\":\"2022-12-30T06:48:37+00:00\",\"breadcrumb\":{\"@id\":\"https:\/\/pluginviet.com\/mau6\/san-pham\/cay-xoai\/#breadcrumb\"},\"inLanguage\":\"vi\",\"potentialAction\":[{\"@type\":\"ReadAction\",\"target\":[\"https:\/\/pluginviet.com\/mau6\/san-pham\/cay-xoai\/\"]}]},{\"@type\":\"BreadcrumbList\",\"@id\":\"https:\/\/pluginviet.com\/mau6\/san-pham\/cay-xoai\/#breadcrumb\",\"itemListElement\":[{\"@type\":\"ListItem\",\"position\":1,\"name\":\"Trang ch\u1ee7\",\"item\":\"https:\/\/pluginviet.com\/mau6\/\"},{\"@type\":\"ListItem\",\"position\":2,\"name\":\"Shop\",\"item\":\"https:\/\/pluginviet.com\/mau6\/shop\/\"},{\"@type\":\"ListItem\",\"position\":3,\"name\":\"C\u00e2y Xo\u00e0i\"}]},{\"@type\":\"WebSite\",\"@id\":\"https:\/\/pluginviet.com\/mau6\/#website\",\"url\":\"https:\/\/pluginviet.com\/mau6\/\",\"name\":\"C\u00e2y xanh B\u00e1ch L\u1ed9c\",\"description\":\"\",\"potentialAction\":[{\"@type\":\"SearchAction\",\"target\":{\"@type\":\"EntryPoint\",\"urlTemplate\":\"https:\/\/pluginviet.com\/mau6\/?s={search_term_string}\"},\"query-input\":\"required name=search_term_string\"}],\"inLanguage\":\"vi\"}]}<\/script>\n<!-- \/ Yoast SEO plugin. -->","yoast_head_json":{"title":"C\u00e2y Xo\u00e0i - C\u00e2y xanh B\u00e1ch L\u1ed9c","robots":{"index":"index","follow":"follow","max-snippet":"max-snippet:-1","max-image-preview":"max-image-preview:large","max-video-preview":"max-video-preview:-1"},"canonical":"https:\/\/pluginviet.com\/mau6\/san-pham\/cay-xoai\/","og_locale":"vi_VN","og_type":"article","og_title":"C\u00e2y Xo\u00e0i - C\u00e2y xanh B\u00e1ch L\u1ed9c","og_description":"Xo\u00e0i c\u00f3 r\u1ea5t nhi\u1ec1u gi\u1ed1ng, nh\u01b0ng c\u00f3 2 nh\u00f3m gi\u1ed1ng c\u01a1 b\u1ea3n l\u00e0 nh\u00f3m \u1ea4n \u0110\u1ed9 (h\u1ea1t \u0111\u01a1n ph\u00f4i) v\u00e0 nh\u00f3m \u0110\u00f4ng Nam \u00c1 (h\u1ea1t \u0111a ph\u00f4i). Nh\u00f3m \u0111\u01a1n ph\u00f4i th\u01b0\u1eddng cho tr\u00e1i quanh n\u0103m.","og_url":"https:\/\/pluginviet.com\/mau6\/san-pham\/cay-xoai\/","og_site_name":"C\u00e2y xanh B\u00e1ch L\u1ed9c","article_modified_time":"2022-12-30T06:48:37+00:00","og_image":[{"width":600,"height":600,"url":"https:\/\/pluginviet.com\/mau6\/wp-content\/uploads\/2022\/12\/cayxoai.png","type":"image\/png"}],"twitter_card":"summary_large_image","twitter_misc":{"\u01af\u1edbc t\u00ednh th\u1eddi gian \u0111\u1ecdc":"2 ph\u00fat"},"schema":{"@context":"https:\/\/schema.org","@graph":[{"@type":"WebPage","@id":"https:\/\/pluginviet.com\/mau6\/san-pham\/cay-xoai\/","url":"https:\/\/pluginviet.com\/mau6\/san-pham\/cay-xoai\/","name":"C\u00e2y Xo\u00e0i - C\u00e2y xanh B\u00e1ch L\u1ed9c","isPartOf":{"@id":"https:\/\/pluginviet.com\/mau6\/#website"},"datePublished":"2022-12-29T09:13:34+00:00","dateModified":"2022-12-30T06:48:37+00:00","breadcrumb":{"@id":"https:\/\/pluginviet.com\/mau6\/san-pham\/cay-xoai\/#breadcrumb"},"inLanguage":"vi","potentialAction":[{"@type":"ReadAction","target":["https:\/\/pluginviet.com\/mau6\/san-pham\/cay-xoai\/"]}]},{"@type":"BreadcrumbList","@id":"https:\/\/pluginviet.com\/mau6\/san-pham\/cay-xoai\/#breadcrumb","itemListElement":[{"@type":"ListItem","position":1,"name":"Trang ch\u1ee7","item":"https:\/\/pluginviet.com\/mau6\/"},{"@type":"ListItem","position":2,"name":"Shop","item":"https:\/\/pluginviet.com\/mau6\/shop\/"},{"@type":"ListItem","position":3,"name":"C\u00e2y Xo\u00e0i"}]},{"@type":"WebSite","@id":"https:\/\/pluginviet.com\/mau6\/#website","url":"https:\/\/pluginviet.com\/mau6\/","name":"C\u00e2y xanh B\u00e1ch L\u1ed9c","description":"","potentialAction":[{"@type":"SearchAction","target":{"@type":"EntryPoint","urlTemplate":"https:\/\/pluginviet.com\/mau6\/?s={search_term_string}"},"query-input":"required name=search_term_string"}],"inLanguage":"vi"}]}},"_links":{"self":[{"href":"https:\/\/pluginviet.com\/mau6\/wp-json\/wp\/v2\/product\/1353"}],"collection":[{"href":"https:\/\/pluginviet.com\/mau6\/wp-json\/wp\/v2\/product"}],"about":[{"href":"https:\/\/pluginviet.com\/mau6\/wp-json\/wp\/v2\/types\/product"}],"replies":[{"embeddable":true,"href":"https:\/\/pluginviet.com\/mau6\/wp-json\/wp\/v2\/comments?post=1353"}],"wp:featuredmedia":[{"embeddable":true,"href":"https:\/\/pluginviet.com\/mau6\/wp-json\/wp\/v2\/media\/1356"}],"wp:attachment":[{"href":"https:\/\/pluginviet.com\/mau6\/wp-json\/wp\/v2\/media?parent=1353"}],"wp:term":[{"taxonomy":"product_cat","embeddable":true,"href":"https:\/\/pluginviet.com\/mau6\/wp-json\/wp\/v2\/product_cat?post=1353"},{"taxonomy":"product_tag","embeddable":true,"href":"https:\/\/pluginviet.com\/mau6\/wp-json\/wp\/v2\/product_tag?post=1353"}],"curies":[{"name":"wp","href":"https:\/\/api.w.org\/{rel}","templated":true}]}}