{"id":1352,"date":"2022-12-29T09:15:59","date_gmt":"2022-12-29T09:15:59","guid":{"rendered":"https:\/\/cayxanhbachloc.vn\/?post_type=product&#038;p=1352"},"modified":"2022-12-30T06:50:12","modified_gmt":"2022-12-30T06:50:12","slug":"cay-hong-xiem-xoai","status":"publish","type":"product","link":"https:\/\/pluginviet.com\/mau6\/san-pham\/cay-hong-xiem-xoai\/","title":{"rendered":"C\u00e2y h\u1ed3ng Xi\u00eam xo\u00e0i"},"content":{"rendered":"<p>C\u00e2y h\u1ed3ng xi\u00eam hay c\u00f2n \u0111\u01b0\u1ee3c bi\u1ebft v\u1edbi t\u00ean g\u1ecdi l\u00e0 Sab\u00f4ch\u00ea. \u0110\u00e2y l\u00e0 m\u1ed9t lo\u1ea1i c\u00e2y \u0103n qu\u1ea3 nhi\u1ec7t \u0111\u1edbi c\u00f3 ngu\u1ed3n g\u1ed1c t\u1eeb \u0111\u1ea5t n\u01b0\u1edbc Mexico. Sau \u0111\u00f3, ng\u01b0\u1eddi Ph\u00e1p mang gi\u1ed1ng c\u00e2y \u0111\u1eb7c bi\u1ec7t n\u00e0y v\u00e0o tr\u1ed3ng \u1edf Vi\u1ec7t Nam t\u1eeb r\u1ea5t l\u00e2u. C\u00f3 nghi\u00ean c\u1ee9u cho r\u1eb1ng, lo\u00e0i tr\u00e1i c\u00e2y n\u00e0y du nh\u1eadp v\u00e0o n\u01b0\u1edbc ta t\u1eeb Th\u00e1i Lan, song \u0111\u1ea5t n\u01b0\u1edbc n\u00e0y \u0111\u01b0\u1ee3c bi\u1ebft \u0111\u1ebfn v\u1edbi c\u00e1i t\u00ean l\u00e0 n\u01b0\u1edbc Xi\u00eam, c\u1ed9ng v\u1edbi vi\u1ec7c h\u00ecnh d\u00e1ng c\u1ee7a lo\u00e0i n\u00e0y t\u01b0\u01a1ng t\u1ef1 v\u1edbi tr\u00e1i h\u1ed3ng, n\u00ean ng\u01b0\u1eddi ta g\u1ecdi ch\u00fang l\u00e0 h\u1ed3ng xi\u00eam.<\/p>\n<p>C\u00e2y h\u1ed3ng xi\u00eam xo\u00e0i \u01b0a th\u00edch kh\u00ed h\u1eadu n\u00f3ng \u1ea9m, c\u1ea7n nhi\u1ec1u th\u1eddi gian ch\u0103m s\u00f3c, t\u01b0\u01a1i t\u01b0\u1edbi. N\u1ebfu l\u01b0\u1ee3ng m\u01b0a h\u00e0ng n\u0103m t\u1eeb 1.500 \u2013 4.000 mm ph\u00e2n b\u1ed1 \u0111\u1ec1u th\u00ec n\u00f4ng d\u00e2n tr\u1ed3ng tr\u1ecdt kh\u00f4ng c\u1ea7n ph\u1ea3i t\u01b0\u1edbi. Nhi\u1ec7t \u0111\u1ed9 xu\u1ed1ng d\u01b0\u1edbi m\u1ee9c 15 \u0111\u1ed9 \u2013 17 \u0111\u1ed9 th\u00ec c\u00e2y kh\u00f4ng c\u00f3 kh\u1ea3 n\u0103ng ra hoa.<\/p>\n<p>So v\u1edbi m\u1ed9t s\u1ed1 gi\u1ed1ng sapoche truy\u1ec1n th\u1ed1ng th\u00ec qu\u1ea3 h\u1ed3ng xi\u00eam xo\u00e0i s\u1edf h\u1eefu nhi\u1ec1u \u01b0u \u0111i\u1ec3m n\u1ed5i b\u1eadt h\u01a1n, ch\u1eb3ng h\u1ea1n nh\u01b0:<\/p>\n<ul>\n<li>Tr\u1ecdng l\u01b0\u1ee3ng qu\u1ea3 to t\u1eeb 300-400gram\/qu\u1ea3.<\/li>\n<li>Qu\u1ea3 tr\u00f2n d\u00e0i, gi\u1ed1ng v\u1edbi h\u00ecnh qu\u1ea3 tr\u1ee9ng, v\u1ecf qu\u1ea3 t\u01b0\u01a1ng m\u1ecfng, tr\u01a1n b\u00f3ng \u0111\u1eb9p m\u1eaft.<\/li>\n<li>Th\u1ecbt qu\u1ea3 b\u00ean trong ch\u00edn m\u1ec1m, c\u00f3 v\u1ecb ng\u1ecdt \u0111\u1eadm, kh\u00f4ng b\u1ecb c\u00e1t ho\u1eb7c s\u01b0\u1ee3ng.<\/li>\n<li>Th\u1eddi gian c\u00e2y cho ra qu\u1ea3 nhanh. V\u1edbi c\u00e2y gh\u00e9p tr\u1ed3ng sau 1 n\u0103m \u0111\u00e3 cho ra qu\u1ea3.<\/li>\n<li>Tu\u1ed5i th\u1ecd k\u00e9o d\u00e0i kho\u1ea3ng 15 \u2013 20 n\u0103m.<\/li>\n<li>S\u1ea3n l\u01b0\u1ee3ng thu ho\u1ea1ch trung b\u00ecnh \u0111\u1ea1t t\u1eeb 30 \u2013 40 t\u1ea5n\/ ha.<\/li>\n<li>C\u00e2y c\u00f3 kh\u1ea3 n\u0103ng kh\u00e1ng b\u1ec7nh cao, s\u1ee9c s\u1ed1ng t\u1ed1t \u00edt b\u1ecb s\u00e2u b\u1ec7nh.<\/li>\n<li>Kh\u1ea3 n\u0103ng th\u00edch nghi cao, tr\u1ed3ng tr\u00ean nhi\u1ec1u lo\u1ea1i \u0111\u1ea5t: \u0111\u1ea5t th\u1ecbt, \u0111\u1ea5t tr\u1ed3i, \u0111\u1ea5t c\u00e1t pha. Th\u00edch h\u1ee3p nh\u1ea5t l\u00e0 tr\u1ed3ng tr\u00ean \u0111\u1ea5t th\u1ecbt pha c\u00e1t nh\u1eb9.<\/li>\n<\/ul>\n","protected":false},"excerpt":{"rendered":"<p>C\u00e2y h\u1ed3ng xi\u00eam hay c\u00f2n \u0111\u01b0\u1ee3c bi\u1ebft v\u1edbi t\u00ean g\u1ecdi l\u00e0 Sab\u00f4ch\u00ea. \u0110\u00e2y l\u00e0 m\u1ed9t lo\u1ea1i c\u00e2y \u0103n qu\u1ea3 nhi\u1ec7t \u0111\u1edbi c\u00f3 ngu\u1ed3n g\u1ed1c t\u1eeb \u0111\u1ea5t n\u01b0\u1edbc Mexico. Sau \u0111\u00f3, ng\u01b0\u1eddi Ph\u00e1p mang gi\u1ed1ng c\u00e2y \u0111\u1eb7c bi\u1ec7t n\u00e0y v\u00e0o tr\u1ed3ng \u1edf Vi\u1ec7t Nam t\u1eeb r\u1ea5t l\u00e2u. C\u00f3 nghi\u00ean c\u1ee9u cho r\u1eb1ng, lo\u00e0i tr\u00e1i c\u00e2y n\u00e0y du nh\u1eadp v\u00e0o n\u01b0\u1edbc ta t\u1eeb Th\u00e1i Lan, song \u0111\u1ea5t n\u01b0\u1edbc n\u00e0y \u0111\u01b0\u1ee3c bi\u1ebft \u0111\u1ebfn v\u1edbi c\u00e1i t\u00ean l\u00e0 n\u01b0\u1edbc Xi\u00eam, c\u1ed9ng v\u1edbi vi\u1ec7c h\u00ecnh d\u00e1ng c\u1ee7a lo\u00e0i n\u00e0y t\u01b0\u01a1ng t\u1ef1 v\u1edbi tr\u00e1i h\u1ed3ng, n\u00ean ng\u01b0\u1eddi ta g\u1ecdi ch\u00fang l\u00e0 h\u1ed3ng xi\u00eam.<\/p>\n","protected":false},"featured_media":1357,"comment_status":"open","ping_status":"closed","template":"","meta":[],"product_cat":[15,125],"product_tag":[],"yoast_head":"<!-- This site is optimized with the Yoast SEO plugin v20.11 - https:\/\/yoast.com\/wordpress\/plugins\/seo\/ -->\n<title>C\u00e2y h\u1ed3ng Xi\u00eam xo\u00e0i - C\u00e2y xanh B\u00e1ch L\u1ed9c<\/title>\n<meta name=\"robots\" content=\"index, follow, max-snippet:-1, max-image-preview:large, max-video-preview:-1\" \/>\n<link rel=\"canonical\" href=\"https:\/\/pluginviet.com\/mau6\/san-pham\/cay-hong-xiem-xoai\/\" \/>\n<meta property=\"og:locale\" content=\"vi_VN\" \/>\n<meta property=\"og:type\" content=\"article\" \/>\n<meta property=\"og:title\" content=\"C\u00e2y h\u1ed3ng Xi\u00eam xo\u00e0i - C\u00e2y xanh B\u00e1ch L\u1ed9c\" \/>\n<meta property=\"og:description\" content=\"C\u00e2y h\u1ed3ng xi\u00eam hay c\u00f2n \u0111\u01b0\u1ee3c bi\u1ebft v\u1edbi t\u00ean g\u1ecdi l\u00e0 Sab\u00f4ch\u00ea. \u0110\u00e2y l\u00e0 m\u1ed9t lo\u1ea1i c\u00e2y \u0103n qu\u1ea3 nhi\u1ec7t \u0111\u1edbi c\u00f3 ngu\u1ed3n g\u1ed1c t\u1eeb \u0111\u1ea5t n\u01b0\u1edbc Mexico. Sau \u0111\u00f3, ng\u01b0\u1eddi Ph\u00e1p mang gi\u1ed1ng c\u00e2y \u0111\u1eb7c bi\u1ec7t n\u00e0y v\u00e0o tr\u1ed3ng \u1edf Vi\u1ec7t Nam t\u1eeb r\u1ea5t l\u00e2u. C\u00f3 nghi\u00ean c\u1ee9u cho r\u1eb1ng, lo\u00e0i tr\u00e1i c\u00e2y n\u00e0y du nh\u1eadp v\u00e0o n\u01b0\u1edbc ta t\u1eeb Th\u00e1i Lan, song \u0111\u1ea5t n\u01b0\u1edbc n\u00e0y \u0111\u01b0\u1ee3c bi\u1ebft \u0111\u1ebfn v\u1edbi c\u00e1i t\u00ean l\u00e0 n\u01b0\u1edbc Xi\u00eam, c\u1ed9ng v\u1edbi vi\u1ec7c h\u00ecnh d\u00e1ng c\u1ee7a lo\u00e0i n\u00e0y t\u01b0\u01a1ng t\u1ef1 v\u1edbi tr\u00e1i h\u1ed3ng, n\u00ean ng\u01b0\u1eddi ta g\u1ecdi ch\u00fang l\u00e0 h\u1ed3ng xi\u00eam.\" \/>\n<meta property=\"og:url\" content=\"https:\/\/pluginviet.com\/mau6\/san-pham\/cay-hong-xiem-xoai\/\" \/>\n<meta property=\"og:site_name\" content=\"C\u00e2y xanh B\u00e1ch L\u1ed9c\" \/>\n<meta property=\"article:modified_time\" content=\"2022-12-30T06:50:12+00:00\" \/>\n<meta property=\"og:image\" content=\"https:\/\/pluginviet.com\/mau6\/wp-content\/uploads\/2022\/12\/hongxiemxoai.jpg\" \/>\n\t<meta property=\"og:image:width\" content=\"600\" \/>\n\t<meta property=\"og:image:height\" content=\"600\" \/>\n\t<meta property=\"og:image:type\" content=\"image\/jpeg\" \/>\n<meta name=\"twitter:card\" content=\"summary_large_image\" \/>\n<meta name=\"twitter:label1\" content=\"\u01af\u1edbc t\u00ednh th\u1eddi gian \u0111\u1ecdc\" \/>\n\t<meta name=\"twitter:data1\" content=\"2 ph\u00fat\" \/>\n<script type=\"application\/ld+json\" class=\"yoast-schema-graph\">{\"@context\":\"https:\/\/schema.org\",\"@graph\":[{\"@type\":\"WebPage\",\"@id\":\"https:\/\/pluginviet.com\/mau6\/san-pham\/cay-hong-xiem-xoai\/\",\"url\":\"https:\/\/pluginviet.com\/mau6\/san-pham\/cay-hong-xiem-xoai\/\",\"name\":\"C\u00e2y h\u1ed3ng Xi\u00eam xo\u00e0i - C\u00e2y xanh B\u00e1ch L\u1ed9c\",\"isPartOf\":{\"@id\":\"https:\/\/pluginviet.com\/mau6\/#website\"},\"datePublished\":\"2022-12-29T09:15:59+00:00\",\"dateModified\":\"2022-12-30T06:50:12+00:00\",\"breadcrumb\":{\"@id\":\"https:\/\/pluginviet.com\/mau6\/san-pham\/cay-hong-xiem-xoai\/#breadcrumb\"},\"inLanguage\":\"vi\",\"potentialAction\":[{\"@type\":\"ReadAction\",\"target\":[\"https:\/\/pluginviet.com\/mau6\/san-pham\/cay-hong-xiem-xoai\/\"]}]},{\"@type\":\"BreadcrumbList\",\"@id\":\"https:\/\/pluginviet.com\/mau6\/san-pham\/cay-hong-xiem-xoai\/#breadcrumb\",\"itemListElement\":[{\"@type\":\"ListItem\",\"position\":1,\"name\":\"Trang ch\u1ee7\",\"item\":\"https:\/\/pluginviet.com\/mau6\/\"},{\"@type\":\"ListItem\",\"position\":2,\"name\":\"Shop\",\"item\":\"https:\/\/pluginviet.com\/mau6\/shop\/\"},{\"@type\":\"ListItem\",\"position\":3,\"name\":\"C\u00e2y h\u1ed3ng Xi\u00eam xo\u00e0i\"}]},{\"@type\":\"WebSite\",\"@id\":\"https:\/\/pluginviet.com\/mau6\/#website\",\"url\":\"https:\/\/pluginviet.com\/mau6\/\",\"name\":\"C\u00e2y xanh B\u00e1ch L\u1ed9c\",\"description\":\"\",\"potentialAction\":[{\"@type\":\"SearchAction\",\"target\":{\"@type\":\"EntryPoint\",\"urlTemplate\":\"https:\/\/pluginviet.com\/mau6\/?s={search_term_string}\"},\"query-input\":\"required name=search_term_string\"}],\"inLanguage\":\"vi\"}]}<\/script>\n<!-- \/ Yoast SEO plugin. -->","yoast_head_json":{"title":"C\u00e2y h\u1ed3ng Xi\u00eam xo\u00e0i - C\u00e2y xanh B\u00e1ch L\u1ed9c","robots":{"index":"index","follow":"follow","max-snippet":"max-snippet:-1","max-image-preview":"max-image-preview:large","max-video-preview":"max-video-preview:-1"},"canonical":"https:\/\/pluginviet.com\/mau6\/san-pham\/cay-hong-xiem-xoai\/","og_locale":"vi_VN","og_type":"article","og_title":"C\u00e2y h\u1ed3ng Xi\u00eam xo\u00e0i - C\u00e2y xanh B\u00e1ch L\u1ed9c","og_description":"C\u00e2y h\u1ed3ng xi\u00eam hay c\u00f2n \u0111\u01b0\u1ee3c bi\u1ebft v\u1edbi t\u00ean g\u1ecdi l\u00e0 Sab\u00f4ch\u00ea. \u0110\u00e2y l\u00e0 m\u1ed9t lo\u1ea1i c\u00e2y \u0103n qu\u1ea3 nhi\u1ec7t \u0111\u1edbi c\u00f3 ngu\u1ed3n g\u1ed1c t\u1eeb \u0111\u1ea5t n\u01b0\u1edbc Mexico. Sau \u0111\u00f3, ng\u01b0\u1eddi Ph\u00e1p mang gi\u1ed1ng c\u00e2y \u0111\u1eb7c bi\u1ec7t n\u00e0y v\u00e0o tr\u1ed3ng \u1edf Vi\u1ec7t Nam t\u1eeb r\u1ea5t l\u00e2u. C\u00f3 nghi\u00ean c\u1ee9u cho r\u1eb1ng, lo\u00e0i tr\u00e1i c\u00e2y n\u00e0y du nh\u1eadp v\u00e0o n\u01b0\u1edbc ta t\u1eeb Th\u00e1i Lan, song \u0111\u1ea5t n\u01b0\u1edbc n\u00e0y \u0111\u01b0\u1ee3c bi\u1ebft \u0111\u1ebfn v\u1edbi c\u00e1i t\u00ean l\u00e0 n\u01b0\u1edbc Xi\u00eam, c\u1ed9ng v\u1edbi vi\u1ec7c h\u00ecnh d\u00e1ng c\u1ee7a lo\u00e0i n\u00e0y t\u01b0\u01a1ng t\u1ef1 v\u1edbi tr\u00e1i h\u1ed3ng, n\u00ean ng\u01b0\u1eddi ta g\u1ecdi ch\u00fang l\u00e0 h\u1ed3ng xi\u00eam.","og_url":"https:\/\/pluginviet.com\/mau6\/san-pham\/cay-hong-xiem-xoai\/","og_site_name":"C\u00e2y xanh B\u00e1ch L\u1ed9c","article_modified_time":"2022-12-30T06:50:12+00:00","og_image":[{"width":600,"height":600,"url":"https:\/\/pluginviet.com\/mau6\/wp-content\/uploads\/2022\/12\/hongxiemxoai.jpg","type":"image\/jpeg"}],"twitter_card":"summary_large_image","twitter_misc":{"\u01af\u1edbc t\u00ednh th\u1eddi gian \u0111\u1ecdc":"2 ph\u00fat"},"schema":{"@context":"https:\/\/schema.org","@graph":[{"@type":"WebPage","@id":"https:\/\/pluginviet.com\/mau6\/san-pham\/cay-hong-xiem-xoai\/","url":"https:\/\/pluginviet.com\/mau6\/san-pham\/cay-hong-xiem-xoai\/","name":"C\u00e2y h\u1ed3ng Xi\u00eam xo\u00e0i - C\u00e2y xanh B\u00e1ch L\u1ed9c","isPartOf":{"@id":"https:\/\/pluginviet.com\/mau6\/#website"},"datePublished":"2022-12-29T09:15:59+00:00","dateModified":"2022-12-30T06:50:12+00:00","breadcrumb":{"@id":"https:\/\/pluginviet.com\/mau6\/san-pham\/cay-hong-xiem-xoai\/#breadcrumb"},"inLanguage":"vi","potentialAction":[{"@type":"ReadAction","target":["https:\/\/pluginviet.com\/mau6\/san-pham\/cay-hong-xiem-xoai\/"]}]},{"@type":"BreadcrumbList","@id":"https:\/\/pluginviet.com\/mau6\/san-pham\/cay-hong-xiem-xoai\/#breadcrumb","itemListElement":[{"@type":"ListItem","position":1,"name":"Trang ch\u1ee7","item":"https:\/\/pluginviet.com\/mau6\/"},{"@type":"ListItem","position":2,"name":"Shop","item":"https:\/\/pluginviet.com\/mau6\/shop\/"},{"@type":"ListItem","position":3,"name":"C\u00e2y h\u1ed3ng Xi\u00eam xo\u00e0i"}]},{"@type":"WebSite","@id":"https:\/\/pluginviet.com\/mau6\/#website","url":"https:\/\/pluginviet.com\/mau6\/","name":"C\u00e2y xanh B\u00e1ch L\u1ed9c","description":"","potentialAction":[{"@type":"SearchAction","target":{"@type":"EntryPoint","urlTemplate":"https:\/\/pluginviet.com\/mau6\/?s={search_term_string}"},"query-input":"required name=search_term_string"}],"inLanguage":"vi"}]}},"_links":{"self":[{"href":"https:\/\/pluginviet.com\/mau6\/wp-json\/wp\/v2\/product\/1352"}],"collection":[{"href":"https:\/\/pluginviet.com\/mau6\/wp-json\/wp\/v2\/product"}],"about":[{"href":"https:\/\/pluginviet.com\/mau6\/wp-json\/wp\/v2\/types\/product"}],"replies":[{"embeddable":true,"href":"https:\/\/pluginviet.com\/mau6\/wp-json\/wp\/v2\/comments?post=1352"}],"wp:featuredmedia":[{"embeddable":true,"href":"https:\/\/pluginviet.com\/mau6\/wp-json\/wp\/v2\/media\/1357"}],"wp:attachment":[{"href":"https:\/\/pluginviet.com\/mau6\/wp-json\/wp\/v2\/media?parent=1352"}],"wp:term":[{"taxonomy":"product_cat","embeddable":true,"href":"https:\/\/pluginviet.com\/mau6\/wp-json\/wp\/v2\/product_cat?post=1352"},{"taxonomy":"product_tag","embeddable":true,"href":"https:\/\/pluginviet.com\/mau6\/wp-json\/wp\/v2\/product_tag?post=1352"}],"curies":[{"name":"wp","href":"https:\/\/api.w.org\/{rel}","templated":true}]}}