{"id":1351,"date":"2022-12-29T09:17:46","date_gmt":"2022-12-29T09:17:46","guid":{"rendered":"https:\/\/cayxanhbachloc.vn\/?post_type=product&#038;p=1351"},"modified":"2022-12-30T06:51:30","modified_gmt":"2022-12-30T06:51:30","slug":"cay-buoi","status":"publish","type":"product","link":"https:\/\/pluginviet.com\/mau6\/san-pham\/cay-buoi\/","title":{"rendered":"C\u00e2y B\u01b0\u1edfi"},"content":{"rendered":"<p>B\u01b0\u1edfi l\u00e0 m\u1ed9t lo\u1ea1i qu\u1ea3 thu\u1ed9c chi Cam chanh, th\u01b0\u1eddng c\u00f3 m\u00e0u xanh l\u1ee5c nh\u1ea1t cho t\u1edbi v\u00e0ng khi ch\u00edn, c\u00f3 m\u00fai d\u00e0y, t\u00e9p x\u1ed1p, c\u00f3 v\u1ecb ng\u1ecdt ho\u1eb7c chua ng\u1ecdt t\u00f9y lo\u1ea1i. B\u01b0\u1edfi c\u00f3 nhi\u1ec1u k\u00edch th\u01b0\u1edbc t\u00f9y gi\u1ed1ng, ch\u1eb3ng h\u1ea1n b\u01b0\u1edfi \u0110oan H\u00f9ng ch\u1ec9 c\u00f3 \u0111\u01b0\u1eddng k\u00ednh \u0111\u1ed9 15 cm, trong khi b\u01b0\u1edfi N\u0103m Roi, b\u01b0\u1edfi T\u00e2n Tri\u1ec1u (Bi\u00ean H\u00f2a), b\u01b0\u1edfi da xanh (B\u1ebfn Tre) v\u00e0 nhi\u1ec1u lo\u1ea1i b\u01b0\u1edfi kh\u00e1c th\u01b0\u1eddng g\u1eb7p \u1edf Vi\u1ec7t Nam, Th\u00e1i Lan c\u00f3 \u0111\u01b0\u1eddng k\u00ednh kho\u1ea3ng 18 &#8211; 20 cm.<\/p>\n<p>M\u00f4 t\u1ea3 s\u01a1 b\u1ed9 v\u1ec1 c\u00e2y b\u01b0\u1edfi (Pomelo)<br \/>\n&#8211; Th\u00e2n c\u00e2y b\u01b0\u1edfi (Pomelo): C\u00e2y to cao 5-10m, ch\u1ed3i non c\u00f3 l\u00f4ng m\u1ec1m, c\u00e0nh c\u00f3 gai nh\u1ecf d\u00e0i \u0111\u1ebfn 7cm.<\/p>\n<p>&#8211; L\u00e1 b\u01b0\u1edfi: L\u00e1 r\u1ed9ng h\u00ecnh tr\u00e1i xoan, tr\u00f2n \u1edf g\u1ed1c, m\u00e9p nguy\u00ean, c\u00f3 kh\u1edbp tr\u00ean cu\u1ed1ng l\u00e1; cu\u1ed1ng l\u00e1 c\u00f3 c\u00e1nh r\u1ed9ng.<\/p>\n<p>&#8211; Hoa b\u01b0\u1edfi: C\u1ee5m hoa ch\u00f9m \u1edf n\u00e1ch l\u00e1, g\u1ed3m 7-10 hoa to, m\u00e0u tr\u1eafng, r\u1ea5t th\u01a1m.<\/p>\n<p>&#8211; Qu\u1ea3 b\u01b0\u1edfi: Qu\u1ea3 to, h\u00ecnh c\u1ea7u v\u00e0 c\u1ea7u ph\u1eb3ng, \u0111\u01b0\u1eddng k\u00ednh 15-30cm, m\u00e0u v\u00e0ng hay h\u1ed3ng tu\u1ef3 th\u1ee9.<\/p>\n<p>C\u00e2y ra hoa, k\u1ebft qu\u1ea3 h\u1ea7u nh\u01b0 quanh n\u0103m, ch\u1ee7 y\u1ebfu m\u00f9a hoa t\u1eeb th\u00e1ng 3 \u0111\u1ebfn th\u00e1ng 5 v\u00e0 m\u00f9a qu\u1ea3 t\u1eeb th\u00e1ng 8 \u0111\u1ebfn th\u00e1ng 11.<\/p>\n","protected":false},"excerpt":{"rendered":"<p>B\u01b0\u1edfi \u0111\u01b0\u1ee3c tr\u1ed3ng b\u1eb1ng h\u1ea1t; nh\u01b0ng th\u01b0\u1eddng ng\u01b0\u1eddi ta gieo h\u1ea1t \u0111\u1ec3 l\u00e0m g\u1ed1c gh\u00e9p. C\u00e1c gi\u1ed1ng qu\u00fd tr\u1ed3ng b\u1eb1ng c\u00e0nh chi\u1ebft hay c\u00e2y gh\u00e9p.<\/p>\n","protected":false},"featured_media":1358,"comment_status":"open","ping_status":"closed","template":"","meta":[],"product_cat":[15,125],"product_tag":[],"yoast_head":"<!-- This site is optimized with the Yoast SEO plugin v20.11 - https:\/\/yoast.com\/wordpress\/plugins\/seo\/ -->\n<title>C\u00e2y B\u01b0\u1edfi - C\u00e2y xanh B\u00e1ch L\u1ed9c<\/title>\n<meta name=\"robots\" content=\"index, follow, max-snippet:-1, max-image-preview:large, max-video-preview:-1\" \/>\n<link rel=\"canonical\" href=\"https:\/\/pluginviet.com\/mau6\/san-pham\/cay-buoi\/\" \/>\n<meta property=\"og:locale\" content=\"vi_VN\" \/>\n<meta property=\"og:type\" content=\"article\" \/>\n<meta property=\"og:title\" content=\"C\u00e2y B\u01b0\u1edfi - C\u00e2y xanh B\u00e1ch L\u1ed9c\" \/>\n<meta property=\"og:description\" content=\"B\u01b0\u1edfi \u0111\u01b0\u1ee3c tr\u1ed3ng b\u1eb1ng h\u1ea1t; nh\u01b0ng th\u01b0\u1eddng ng\u01b0\u1eddi ta gieo h\u1ea1t \u0111\u1ec3 l\u00e0m g\u1ed1c gh\u00e9p. C\u00e1c gi\u1ed1ng qu\u00fd tr\u1ed3ng b\u1eb1ng c\u00e0nh chi\u1ebft hay c\u00e2y gh\u00e9p.\" \/>\n<meta property=\"og:url\" content=\"https:\/\/pluginviet.com\/mau6\/san-pham\/cay-buoi\/\" \/>\n<meta property=\"og:site_name\" content=\"C\u00e2y xanh B\u00e1ch L\u1ed9c\" \/>\n<meta property=\"article:modified_time\" content=\"2022-12-30T06:51:30+00:00\" \/>\n<meta property=\"og:image\" content=\"https:\/\/pluginviet.com\/mau6\/wp-content\/uploads\/2022\/12\/caybuoi.jpg\" \/>\n\t<meta property=\"og:image:width\" content=\"600\" \/>\n\t<meta property=\"og:image:height\" content=\"600\" \/>\n\t<meta property=\"og:image:type\" content=\"image\/jpeg\" \/>\n<meta name=\"twitter:card\" content=\"summary_large_image\" \/>\n<meta name=\"twitter:label1\" content=\"\u01af\u1edbc t\u00ednh th\u1eddi gian \u0111\u1ecdc\" \/>\n\t<meta name=\"twitter:data1\" content=\"2 ph\u00fat\" \/>\n<script type=\"application\/ld+json\" class=\"yoast-schema-graph\">{\"@context\":\"https:\/\/schema.org\",\"@graph\":[{\"@type\":\"WebPage\",\"@id\":\"https:\/\/pluginviet.com\/mau6\/san-pham\/cay-buoi\/\",\"url\":\"https:\/\/pluginviet.com\/mau6\/san-pham\/cay-buoi\/\",\"name\":\"C\u00e2y B\u01b0\u1edfi - C\u00e2y xanh B\u00e1ch L\u1ed9c\",\"isPartOf\":{\"@id\":\"https:\/\/pluginviet.com\/mau6\/#website\"},\"datePublished\":\"2022-12-29T09:17:46+00:00\",\"dateModified\":\"2022-12-30T06:51:30+00:00\",\"breadcrumb\":{\"@id\":\"https:\/\/pluginviet.com\/mau6\/san-pham\/cay-buoi\/#breadcrumb\"},\"inLanguage\":\"vi\",\"potentialAction\":[{\"@type\":\"ReadAction\",\"target\":[\"https:\/\/pluginviet.com\/mau6\/san-pham\/cay-buoi\/\"]}]},{\"@type\":\"BreadcrumbList\",\"@id\":\"https:\/\/pluginviet.com\/mau6\/san-pham\/cay-buoi\/#breadcrumb\",\"itemListElement\":[{\"@type\":\"ListItem\",\"position\":1,\"name\":\"Trang ch\u1ee7\",\"item\":\"https:\/\/pluginviet.com\/mau6\/\"},{\"@type\":\"ListItem\",\"position\":2,\"name\":\"Shop\",\"item\":\"https:\/\/pluginviet.com\/mau6\/shop\/\"},{\"@type\":\"ListItem\",\"position\":3,\"name\":\"C\u00e2y B\u01b0\u1edfi\"}]},{\"@type\":\"WebSite\",\"@id\":\"https:\/\/pluginviet.com\/mau6\/#website\",\"url\":\"https:\/\/pluginviet.com\/mau6\/\",\"name\":\"C\u00e2y xanh B\u00e1ch L\u1ed9c\",\"description\":\"\",\"potentialAction\":[{\"@type\":\"SearchAction\",\"target\":{\"@type\":\"EntryPoint\",\"urlTemplate\":\"https:\/\/pluginviet.com\/mau6\/?s={search_term_string}\"},\"query-input\":\"required name=search_term_string\"}],\"inLanguage\":\"vi\"}]}<\/script>\n<!-- \/ Yoast SEO plugin. -->","yoast_head_json":{"title":"C\u00e2y B\u01b0\u1edfi - C\u00e2y xanh B\u00e1ch L\u1ed9c","robots":{"index":"index","follow":"follow","max-snippet":"max-snippet:-1","max-image-preview":"max-image-preview:large","max-video-preview":"max-video-preview:-1"},"canonical":"https:\/\/pluginviet.com\/mau6\/san-pham\/cay-buoi\/","og_locale":"vi_VN","og_type":"article","og_title":"C\u00e2y B\u01b0\u1edfi - C\u00e2y xanh B\u00e1ch L\u1ed9c","og_description":"B\u01b0\u1edfi \u0111\u01b0\u1ee3c tr\u1ed3ng b\u1eb1ng h\u1ea1t; nh\u01b0ng th\u01b0\u1eddng ng\u01b0\u1eddi ta gieo h\u1ea1t \u0111\u1ec3 l\u00e0m g\u1ed1c gh\u00e9p. C\u00e1c gi\u1ed1ng qu\u00fd tr\u1ed3ng b\u1eb1ng c\u00e0nh chi\u1ebft hay c\u00e2y gh\u00e9p.","og_url":"https:\/\/pluginviet.com\/mau6\/san-pham\/cay-buoi\/","og_site_name":"C\u00e2y xanh B\u00e1ch L\u1ed9c","article_modified_time":"2022-12-30T06:51:30+00:00","og_image":[{"width":600,"height":600,"url":"https:\/\/pluginviet.com\/mau6\/wp-content\/uploads\/2022\/12\/caybuoi.jpg","type":"image\/jpeg"}],"twitter_card":"summary_large_image","twitter_misc":{"\u01af\u1edbc t\u00ednh th\u1eddi gian \u0111\u1ecdc":"2 ph\u00fat"},"schema":{"@context":"https:\/\/schema.org","@graph":[{"@type":"WebPage","@id":"https:\/\/pluginviet.com\/mau6\/san-pham\/cay-buoi\/","url":"https:\/\/pluginviet.com\/mau6\/san-pham\/cay-buoi\/","name":"C\u00e2y B\u01b0\u1edfi - C\u00e2y xanh B\u00e1ch L\u1ed9c","isPartOf":{"@id":"https:\/\/pluginviet.com\/mau6\/#website"},"datePublished":"2022-12-29T09:17:46+00:00","dateModified":"2022-12-30T06:51:30+00:00","breadcrumb":{"@id":"https:\/\/pluginviet.com\/mau6\/san-pham\/cay-buoi\/#breadcrumb"},"inLanguage":"vi","potentialAction":[{"@type":"ReadAction","target":["https:\/\/pluginviet.com\/mau6\/san-pham\/cay-buoi\/"]}]},{"@type":"BreadcrumbList","@id":"https:\/\/pluginviet.com\/mau6\/san-pham\/cay-buoi\/#breadcrumb","itemListElement":[{"@type":"ListItem","position":1,"name":"Trang ch\u1ee7","item":"https:\/\/pluginviet.com\/mau6\/"},{"@type":"ListItem","position":2,"name":"Shop","item":"https:\/\/pluginviet.com\/mau6\/shop\/"},{"@type":"ListItem","position":3,"name":"C\u00e2y B\u01b0\u1edfi"}]},{"@type":"WebSite","@id":"https:\/\/pluginviet.com\/mau6\/#website","url":"https:\/\/pluginviet.com\/mau6\/","name":"C\u00e2y xanh B\u00e1ch L\u1ed9c","description":"","potentialAction":[{"@type":"SearchAction","target":{"@type":"EntryPoint","urlTemplate":"https:\/\/pluginviet.com\/mau6\/?s={search_term_string}"},"query-input":"required name=search_term_string"}],"inLanguage":"vi"}]}},"_links":{"self":[{"href":"https:\/\/pluginviet.com\/mau6\/wp-json\/wp\/v2\/product\/1351"}],"collection":[{"href":"https:\/\/pluginviet.com\/mau6\/wp-json\/wp\/v2\/product"}],"about":[{"href":"https:\/\/pluginviet.com\/mau6\/wp-json\/wp\/v2\/types\/product"}],"replies":[{"embeddable":true,"href":"https:\/\/pluginviet.com\/mau6\/wp-json\/wp\/v2\/comments?post=1351"}],"wp:featuredmedia":[{"embeddable":true,"href":"https:\/\/pluginviet.com\/mau6\/wp-json\/wp\/v2\/media\/1358"}],"wp:attachment":[{"href":"https:\/\/pluginviet.com\/mau6\/wp-json\/wp\/v2\/media?parent=1351"}],"wp:term":[{"taxonomy":"product_cat","embeddable":true,"href":"https:\/\/pluginviet.com\/mau6\/wp-json\/wp\/v2\/product_cat?post=1351"},{"taxonomy":"product_tag","embeddable":true,"href":"https:\/\/pluginviet.com\/mau6\/wp-json\/wp\/v2\/product_tag?post=1351"}],"curies":[{"name":"wp","href":"https:\/\/api.w.org\/{rel}","templated":true}]}}