{"id":1350,"date":"2022-12-29T09:18:54","date_gmt":"2022-12-29T09:18:54","guid":{"rendered":"https:\/\/cayxanhbachloc.vn\/?post_type=product&#038;p=1350"},"modified":"2022-12-30T07:05:30","modified_gmt":"2022-12-30T07:05:30","slug":"cay-mit","status":"publish","type":"product","link":"https:\/\/pluginviet.com\/mau6\/san-pham\/cay-mit\/","title":{"rendered":"C\u00e2y m\u00edt"},"content":{"rendered":"<p>C\u00e2y m\u00edt t\u00ean th\u01b0\u1eddng g\u1ecdi l\u00e0 c\u00e2y m\u00edt hay c\u00f3 th\u1ec3 g\u1ecdi t\u00ean m\u00edt b\u1eb1ng \u0111\u1eb7c tr\u01b0ng c\u1ee7a n\u00f3 nh\u01b0 m\u00edt m\u1eadt, m\u00edt dai, m\u00edt t\u1ed1 n\u1eef\u2026C\u00f3 t\u00ean khoa h\u1ecdc Artocarpus heterophyllus. Thu\u1ed9c h\u1ecd d\u00e2u t\u1eb1m ( Moraceae). C\u00e2y m\u00edt c\u00f3 ngu\u1ed3n g\u1ed1c t\u1eeb \u1ea4n \u0110\u1ed9, kh\u00ed h\u1eadu \u1edf \u0111\u00e2y kh\u00e1 gi\u1ed1ng v\u1edbi mi\u1ec1n Nam n\u01b0\u1edbc ta. Qu\u1ea3 m\u00edt l\u00e0 qu\u1ea3 thu\u1ed9c qu\u1ed1c gia Bangladesh.<\/p>\n<p>M\u00edt \u0111\u01b0\u1ee3c tr\u1ed3ng ph\u1ed5 bi\u1ebfn l\u00e0 c\u00e1c qu\u1ed1c gia \u0110\u00f4ng Nam \u00c1 nh\u01b0 Th\u00e1i Lan, Philippines\u2026<\/p>\n<p>M\u00edt \u0111\u01b0\u1ee3c tr\u1ed3ng v\u00e0 ph\u00e1t tri\u1ec3n t\u1ed1t nh\u1eefng v\u00f9ng nhi\u1ec7t \u0111\u1edbi v\u00e0 c\u1eadn nhi\u1ec7t \u0111\u1edbi \u1edf Ch\u00e2u M\u1ef9. M\u00edt t\u1eeb Mexico xu\u1ea5t kh\u1ea9u sang M\u1ef9, nh\u1eafm v\u00e0o c\u1ed9ng \u0111\u1ed3ng ng\u01b0\u1eddi M\u1ef9 g\u1ed1c Vi\u1ec7t \u1edf \u0111\u00e2y, v\u1edbi nhu c\u1ea7u th\u1ecb tr\u01b0\u1eddng ti\u00eau th\u1ee5 m\u00edt \u0111\u00e1ng k\u1ec3.<\/p>\n<p>\u1ede Vi\u1ec7t Nam, m\u00edt \u0111\u01b0\u1ee3c tr\u1ed3ng ph\u1ed5 bi\u1ebfn, \u0111\u1eb7c bi\u1ec7t l\u00e0 nh\u1eefng v\u00f9ng n\u00f4ng th\u00f4n. T\u1ea1i nh\u1eefng khu v\u1ef1c n\u00e0y, m\u00edt s\u1ebd \u0111\u01b0\u1ee3c thu ho\u1ea1ch qu\u1ea3 \u0111\u1ec3 bu\u00f4n b\u00e1n th\u01b0\u01a1ng m\u1ea1i v\u00e0 s\u1eed d\u1ee5ng cho ch\u0103n nu\u00f4i. Hi\u1ec7n nay, v\u1edbi nh\u1eefng \u01b0u \u0111i\u1ec3m c\u1ee7a m\u00edt, n\u00f3 c\u00f2n \u0111\u01b0\u1ee3c s\u1ea3n xu\u1ea5t c\u00e2y gi\u1ed1ng c\u00f4ng nghi\u1ec7p nh\u01b0 c\u00e2y c\u00f4ng tr\u00ecnh, ph\u1ee5c v\u1ee5 cho h\u1ec7 sinh th\u00e1i nh\u00e0 c\u1eeda, bi\u1ec7t th\u1ef1\u2026<\/p>\n","protected":false},"excerpt":{"rendered":"<p>C\u00e2y m\u00edt l\u00e0 c\u00e2y th\u00e2n thu\u1ed9c \u0111\u1ed1i v\u1edbi ng\u01b0\u1eddi d\u00e2n Vi\u1ec7t Nam. L\u00e0 lo\u1ea1i qu\u1ea3 y\u00eau th\u00edch c\u1ee7a r\u1ea5t nhi\u1ec1u ng\u01b0\u1eddi. Cho n\u00ean, m\u00edt x\u1ee9ng \u0111\u00e1ng c\u00f3 m\u1ed9t ch\u1ed7 \u0111\u1ee9ng trong khu v\u01b0\u1eddn c\u1ee7a gia \u0111\u00ecnh. \u0110\u1ec3 hi\u1ec3u h\u01a1n v\u1ec1 m\u00edt v\u1ec1 T\u00e1c d\u1ee5ng, c\u00e1ch tr\u1ed3ng v\u00e0 \u00fd ngh\u0129a phong th\u1ee7y, h\u00e3y theo d\u00f5i th\u00f4ng tin c\u1ee5 th\u1ec3 \u0111\u01b0\u1ee3c chia s\u1ebb d\u01b0\u1edbi \u0111\u00e2y.<\/p>\n","protected":false},"featured_media":1359,"comment_status":"open","ping_status":"closed","template":"","meta":[],"product_cat":[15,125],"product_tag":[],"yoast_head":"<!-- This site is optimized with the Yoast SEO plugin v20.11 - https:\/\/yoast.com\/wordpress\/plugins\/seo\/ -->\n<title>C\u00e2y m\u00edt - C\u00e2y xanh B\u00e1ch L\u1ed9c<\/title>\n<meta name=\"robots\" content=\"index, follow, max-snippet:-1, max-image-preview:large, max-video-preview:-1\" \/>\n<link rel=\"canonical\" href=\"https:\/\/pluginviet.com\/mau6\/san-pham\/cay-mit\/\" \/>\n<meta property=\"og:locale\" content=\"vi_VN\" \/>\n<meta property=\"og:type\" content=\"article\" \/>\n<meta property=\"og:title\" content=\"C\u00e2y m\u00edt - C\u00e2y xanh B\u00e1ch L\u1ed9c\" \/>\n<meta property=\"og:description\" content=\"C\u00e2y m\u00edt l\u00e0 c\u00e2y th\u00e2n thu\u1ed9c \u0111\u1ed1i v\u1edbi ng\u01b0\u1eddi d\u00e2n Vi\u1ec7t Nam. L\u00e0 lo\u1ea1i qu\u1ea3 y\u00eau th\u00edch c\u1ee7a r\u1ea5t nhi\u1ec1u ng\u01b0\u1eddi. Cho n\u00ean, m\u00edt x\u1ee9ng \u0111\u00e1ng c\u00f3 m\u1ed9t ch\u1ed7 \u0111\u1ee9ng trong khu v\u01b0\u1eddn c\u1ee7a gia \u0111\u00ecnh. \u0110\u1ec3 hi\u1ec3u h\u01a1n v\u1ec1 m\u00edt v\u1ec1 T\u00e1c d\u1ee5ng, c\u00e1ch tr\u1ed3ng v\u00e0 \u00fd ngh\u0129a phong th\u1ee7y, h\u00e3y theo d\u00f5i th\u00f4ng tin c\u1ee5 th\u1ec3 \u0111\u01b0\u1ee3c chia s\u1ebb d\u01b0\u1edbi \u0111\u00e2y.\" \/>\n<meta property=\"og:url\" content=\"https:\/\/pluginviet.com\/mau6\/san-pham\/cay-mit\/\" \/>\n<meta property=\"og:site_name\" content=\"C\u00e2y xanh B\u00e1ch L\u1ed9c\" \/>\n<meta property=\"article:modified_time\" content=\"2022-12-30T07:05:30+00:00\" \/>\n<meta property=\"og:image\" content=\"https:\/\/pluginviet.com\/mau6\/wp-content\/uploads\/2022\/12\/caymit.jpg\" \/>\n\t<meta property=\"og:image:width\" content=\"600\" \/>\n\t<meta property=\"og:image:height\" content=\"600\" \/>\n\t<meta property=\"og:image:type\" content=\"image\/jpeg\" \/>\n<meta name=\"twitter:card\" content=\"summary_large_image\" \/>\n<meta name=\"twitter:label1\" content=\"\u01af\u1edbc t\u00ednh th\u1eddi gian \u0111\u1ecdc\" \/>\n\t<meta name=\"twitter:data1\" content=\"2 ph\u00fat\" \/>\n<script type=\"application\/ld+json\" class=\"yoast-schema-graph\">{\"@context\":\"https:\/\/schema.org\",\"@graph\":[{\"@type\":\"WebPage\",\"@id\":\"https:\/\/pluginviet.com\/mau6\/san-pham\/cay-mit\/\",\"url\":\"https:\/\/pluginviet.com\/mau6\/san-pham\/cay-mit\/\",\"name\":\"C\u00e2y m\u00edt - C\u00e2y xanh B\u00e1ch L\u1ed9c\",\"isPartOf\":{\"@id\":\"https:\/\/pluginviet.com\/mau6\/#website\"},\"datePublished\":\"2022-12-29T09:18:54+00:00\",\"dateModified\":\"2022-12-30T07:05:30+00:00\",\"breadcrumb\":{\"@id\":\"https:\/\/pluginviet.com\/mau6\/san-pham\/cay-mit\/#breadcrumb\"},\"inLanguage\":\"vi\",\"potentialAction\":[{\"@type\":\"ReadAction\",\"target\":[\"https:\/\/pluginviet.com\/mau6\/san-pham\/cay-mit\/\"]}]},{\"@type\":\"BreadcrumbList\",\"@id\":\"https:\/\/pluginviet.com\/mau6\/san-pham\/cay-mit\/#breadcrumb\",\"itemListElement\":[{\"@type\":\"ListItem\",\"position\":1,\"name\":\"Trang ch\u1ee7\",\"item\":\"https:\/\/pluginviet.com\/mau6\/\"},{\"@type\":\"ListItem\",\"position\":2,\"name\":\"Shop\",\"item\":\"https:\/\/pluginviet.com\/mau6\/shop\/\"},{\"@type\":\"ListItem\",\"position\":3,\"name\":\"C\u00e2y m\u00edt\"}]},{\"@type\":\"WebSite\",\"@id\":\"https:\/\/pluginviet.com\/mau6\/#website\",\"url\":\"https:\/\/pluginviet.com\/mau6\/\",\"name\":\"C\u00e2y xanh B\u00e1ch L\u1ed9c\",\"description\":\"\",\"potentialAction\":[{\"@type\":\"SearchAction\",\"target\":{\"@type\":\"EntryPoint\",\"urlTemplate\":\"https:\/\/pluginviet.com\/mau6\/?s={search_term_string}\"},\"query-input\":\"required name=search_term_string\"}],\"inLanguage\":\"vi\"}]}<\/script>\n<!-- \/ Yoast SEO plugin. -->","yoast_head_json":{"title":"C\u00e2y m\u00edt - C\u00e2y xanh B\u00e1ch L\u1ed9c","robots":{"index":"index","follow":"follow","max-snippet":"max-snippet:-1","max-image-preview":"max-image-preview:large","max-video-preview":"max-video-preview:-1"},"canonical":"https:\/\/pluginviet.com\/mau6\/san-pham\/cay-mit\/","og_locale":"vi_VN","og_type":"article","og_title":"C\u00e2y m\u00edt - C\u00e2y xanh B\u00e1ch L\u1ed9c","og_description":"C\u00e2y m\u00edt l\u00e0 c\u00e2y th\u00e2n thu\u1ed9c \u0111\u1ed1i v\u1edbi ng\u01b0\u1eddi d\u00e2n Vi\u1ec7t Nam. L\u00e0 lo\u1ea1i qu\u1ea3 y\u00eau th\u00edch c\u1ee7a r\u1ea5t nhi\u1ec1u ng\u01b0\u1eddi. Cho n\u00ean, m\u00edt x\u1ee9ng \u0111\u00e1ng c\u00f3 m\u1ed9t ch\u1ed7 \u0111\u1ee9ng trong khu v\u01b0\u1eddn c\u1ee7a gia \u0111\u00ecnh. \u0110\u1ec3 hi\u1ec3u h\u01a1n v\u1ec1 m\u00edt v\u1ec1 T\u00e1c d\u1ee5ng, c\u00e1ch tr\u1ed3ng v\u00e0 \u00fd ngh\u0129a phong th\u1ee7y, h\u00e3y theo d\u00f5i th\u00f4ng tin c\u1ee5 th\u1ec3 \u0111\u01b0\u1ee3c chia s\u1ebb d\u01b0\u1edbi \u0111\u00e2y.","og_url":"https:\/\/pluginviet.com\/mau6\/san-pham\/cay-mit\/","og_site_name":"C\u00e2y xanh B\u00e1ch L\u1ed9c","article_modified_time":"2022-12-30T07:05:30+00:00","og_image":[{"width":600,"height":600,"url":"https:\/\/pluginviet.com\/mau6\/wp-content\/uploads\/2022\/12\/caymit.jpg","type":"image\/jpeg"}],"twitter_card":"summary_large_image","twitter_misc":{"\u01af\u1edbc t\u00ednh th\u1eddi gian \u0111\u1ecdc":"2 ph\u00fat"},"schema":{"@context":"https:\/\/schema.org","@graph":[{"@type":"WebPage","@id":"https:\/\/pluginviet.com\/mau6\/san-pham\/cay-mit\/","url":"https:\/\/pluginviet.com\/mau6\/san-pham\/cay-mit\/","name":"C\u00e2y m\u00edt - C\u00e2y xanh B\u00e1ch L\u1ed9c","isPartOf":{"@id":"https:\/\/pluginviet.com\/mau6\/#website"},"datePublished":"2022-12-29T09:18:54+00:00","dateModified":"2022-12-30T07:05:30+00:00","breadcrumb":{"@id":"https:\/\/pluginviet.com\/mau6\/san-pham\/cay-mit\/#breadcrumb"},"inLanguage":"vi","potentialAction":[{"@type":"ReadAction","target":["https:\/\/pluginviet.com\/mau6\/san-pham\/cay-mit\/"]}]},{"@type":"BreadcrumbList","@id":"https:\/\/pluginviet.com\/mau6\/san-pham\/cay-mit\/#breadcrumb","itemListElement":[{"@type":"ListItem","position":1,"name":"Trang ch\u1ee7","item":"https:\/\/pluginviet.com\/mau6\/"},{"@type":"ListItem","position":2,"name":"Shop","item":"https:\/\/pluginviet.com\/mau6\/shop\/"},{"@type":"ListItem","position":3,"name":"C\u00e2y m\u00edt"}]},{"@type":"WebSite","@id":"https:\/\/pluginviet.com\/mau6\/#website","url":"https:\/\/pluginviet.com\/mau6\/","name":"C\u00e2y xanh B\u00e1ch L\u1ed9c","description":"","potentialAction":[{"@type":"SearchAction","target":{"@type":"EntryPoint","urlTemplate":"https:\/\/pluginviet.com\/mau6\/?s={search_term_string}"},"query-input":"required name=search_term_string"}],"inLanguage":"vi"}]}},"_links":{"self":[{"href":"https:\/\/pluginviet.com\/mau6\/wp-json\/wp\/v2\/product\/1350"}],"collection":[{"href":"https:\/\/pluginviet.com\/mau6\/wp-json\/wp\/v2\/product"}],"about":[{"href":"https:\/\/pluginviet.com\/mau6\/wp-json\/wp\/v2\/types\/product"}],"replies":[{"embeddable":true,"href":"https:\/\/pluginviet.com\/mau6\/wp-json\/wp\/v2\/comments?post=1350"}],"wp:featuredmedia":[{"embeddable":true,"href":"https:\/\/pluginviet.com\/mau6\/wp-json\/wp\/v2\/media\/1359"}],"wp:attachment":[{"href":"https:\/\/pluginviet.com\/mau6\/wp-json\/wp\/v2\/media?parent=1350"}],"wp:term":[{"taxonomy":"product_cat","embeddable":true,"href":"https:\/\/pluginviet.com\/mau6\/wp-json\/wp\/v2\/product_cat?post=1350"},{"taxonomy":"product_tag","embeddable":true,"href":"https:\/\/pluginviet.com\/mau6\/wp-json\/wp\/v2\/product_tag?post=1350"}],"curies":[{"name":"wp","href":"https:\/\/api.w.org\/{rel}","templated":true}]}}