{"id":1343,"date":"2022-12-29T09:05:08","date_gmt":"2022-12-29T09:05:08","guid":{"rendered":"https:\/\/cayxanhbachloc.vn\/?post_type=product&#038;p=1343"},"modified":"2022-12-30T06:44:18","modified_gmt":"2022-12-30T06:44:18","slug":"hanh-phuc","status":"publish","type":"product","link":"https:\/\/pluginviet.com\/mau6\/san-pham\/hanh-phuc\/","title":{"rendered":"H\u1ea1nh ph\u00fac"},"content":{"rendered":"<p>C\u00e2y h\u1ea1nh ph\u00fac c\u00f3 t\u00ean khoa h\u1ecdc l\u00e0 Radermachera sinica, c\u00f3 ngu\u1ed3n g\u1ed1c t\u1eeb nh\u1eefng khu r\u1eebng nhi\u1ec7t \u0111\u1edbi t\u1ea1i Trung Qu\u1ed1c v\u00e0 c\u00e1c n\u01b0\u1edbc \u0110\u00f4ng Nam \u00c1.<\/p>\n<p>V\u1ec1 \u0111\u1eb7c \u0111i\u1ec3m h\u00ecnh th\u00e1i, c\u00e2y h\u1ea1nh ph\u00fac thu\u1ed9c h\u1ecd c\u00e2y th\u00e2n g\u1ed7. Khi tr\u01b0\u1edfng th\u00e0nh, c\u00e2y c\u00f3 th\u1ec3 cao t\u1eeb 1-3m n\u1ebfu sinh tr\u01b0\u1edfng trong m\u00f4i tr\u01b0\u1eddng t\u1ef1 nhi\u00ean v\u00e0 ch\u1ec9 1.4-1.6m n\u1ebfu \u0111\u01b0\u1ee3c tr\u1ed3ng trong nh\u00e0.<\/p>\n<p>L\u00e1 c\u00e2y m\u1ecdc xum xu\u00ea, c\u00f3 m\u00e0u xanh non khi c\u00f2n nh\u1ecf v\u00e0 \u0111\u1eadm d\u1ea7n l\u00ean khi tr\u01b0\u1edfng th\u00e0nh. \u0110i\u1ec1u \u0111\u1eb7c bi\u1ec7t l\u00e0 \u1edf m\u1ed7i c\u00e0nh s\u1ebd m\u1ed9t ra c\u00e1c ch\u00f9m g\u1ed3m 3 l\u00e1 t\u1ea1o th\u00e0nh h\u00ecnh tr\u00e1i tim r\u1ea5t \u0111\u1eb9p m\u1eaft.<\/p>\n<p>C\u00e2y cho hoa m\u00e0u tr\u1eafng, sau \u0111\u00f3 th\u00ec k\u1ebft th\u00e0nh qu\u1ea3 c\u00f3 h\u00ecnh h\u1ea1t \u0111\u1eadu. Tuy nhi\u00ean, khi tr\u1ed3ng trong nh\u00e0, m\u00f4i tr\u01b0\u1eddng s\u1ed1ng kh\u00f4ng \u0111\u00e1p \u1ee9ng \u0111\u1ee7 nhu c\u1ea7u ph\u00e1t tri\u1ec3n n\u00ean c\u00e2y s\u1ebd r\u1ea5t hi\u1ebfm ra hoa.<\/p>\n","protected":false},"excerpt":{"rendered":"<p>Theo d\u00e2n gian, s\u1eafc xanh \u0111\u1eb7c tr\u01b0ng c\u1ee7a c\u00e2y h\u1ea1nh ph\u00fac th\u1ec3 hi\u1ec7n ni\u1ec1m tin v\u00e0 hy v\u1ecdng v\u00e0o cu\u1ed9c s\u1ed1ng. \u0110\u1ed1i v\u1edbi nh\u1eefng ai \u0111ang g\u1eb7p kh\u00f3 kh\u0103n trong cu\u1ed9c s\u1ed1ng, lo\u00e0i c\u00e2y n\u00e0y s\u1ebd truy\u1ec1n \u0111\u1ebfn h\u1ecd m\u1ed9t ngu\u1ed3n n\u0103ng l\u01b0\u1ee3ng t\u00edch c\u1ef1c, gi\u00fap h\u1ecd v\u1eefng tin v\u00e0o t\u01b0\u01a1ng lai t\u1ed1t \u0111\u1eb9p h\u01a1n \u0111ang \u0111\u1ebfn.<\/p>\n","protected":false},"featured_media":1348,"comment_status":"open","ping_status":"closed","template":"","meta":[],"product_cat":[15,124],"product_tag":[],"yoast_head":"<!-- This site is optimized with the Yoast SEO plugin v20.11 - https:\/\/yoast.com\/wordpress\/plugins\/seo\/ -->\n<title>H\u1ea1nh ph\u00fac - C\u00e2y xanh B\u00e1ch L\u1ed9c<\/title>\n<meta name=\"robots\" content=\"index, follow, max-snippet:-1, max-image-preview:large, max-video-preview:-1\" \/>\n<link rel=\"canonical\" href=\"https:\/\/pluginviet.com\/mau6\/san-pham\/hanh-phuc\/\" \/>\n<meta property=\"og:locale\" content=\"vi_VN\" \/>\n<meta property=\"og:type\" content=\"article\" \/>\n<meta property=\"og:title\" content=\"H\u1ea1nh ph\u00fac - C\u00e2y xanh B\u00e1ch L\u1ed9c\" \/>\n<meta property=\"og:description\" content=\"Theo d\u00e2n gian, s\u1eafc xanh \u0111\u1eb7c tr\u01b0ng c\u1ee7a c\u00e2y h\u1ea1nh ph\u00fac th\u1ec3 hi\u1ec7n ni\u1ec1m tin v\u00e0 hy v\u1ecdng v\u00e0o cu\u1ed9c s\u1ed1ng. \u0110\u1ed1i v\u1edbi nh\u1eefng ai \u0111ang g\u1eb7p kh\u00f3 kh\u0103n trong cu\u1ed9c s\u1ed1ng, lo\u00e0i c\u00e2y n\u00e0y s\u1ebd truy\u1ec1n \u0111\u1ebfn h\u1ecd m\u1ed9t ngu\u1ed3n n\u0103ng l\u01b0\u1ee3ng t\u00edch c\u1ef1c, gi\u00fap h\u1ecd v\u1eefng tin v\u00e0o t\u01b0\u01a1ng lai t\u1ed1t \u0111\u1eb9p h\u01a1n \u0111ang \u0111\u1ebfn.\" \/>\n<meta property=\"og:url\" content=\"https:\/\/pluginviet.com\/mau6\/san-pham\/hanh-phuc\/\" \/>\n<meta property=\"og:site_name\" content=\"C\u00e2y xanh B\u00e1ch L\u1ed9c\" \/>\n<meta property=\"article:modified_time\" content=\"2022-12-30T06:44:18+00:00\" \/>\n<meta property=\"og:image\" content=\"https:\/\/pluginviet.com\/mau6\/wp-content\/uploads\/2022\/12\/ky-thuat-cham-soc-cay-hanh-phuc.jpg\" \/>\n\t<meta property=\"og:image:width\" content=\"600\" \/>\n\t<meta property=\"og:image:height\" content=\"600\" \/>\n\t<meta property=\"og:image:type\" content=\"image\/jpeg\" \/>\n<meta name=\"twitter:card\" content=\"summary_large_image\" \/>\n<meta name=\"twitter:label1\" content=\"\u01af\u1edbc t\u00ednh th\u1eddi gian \u0111\u1ecdc\" \/>\n\t<meta name=\"twitter:data1\" content=\"1 ph\u00fat\" \/>\n<script type=\"application\/ld+json\" class=\"yoast-schema-graph\">{\"@context\":\"https:\/\/schema.org\",\"@graph\":[{\"@type\":\"WebPage\",\"@id\":\"https:\/\/pluginviet.com\/mau6\/san-pham\/hanh-phuc\/\",\"url\":\"https:\/\/pluginviet.com\/mau6\/san-pham\/hanh-phuc\/\",\"name\":\"H\u1ea1nh ph\u00fac - C\u00e2y xanh B\u00e1ch L\u1ed9c\",\"isPartOf\":{\"@id\":\"https:\/\/pluginviet.com\/mau6\/#website\"},\"datePublished\":\"2022-12-29T09:05:08+00:00\",\"dateModified\":\"2022-12-30T06:44:18+00:00\",\"breadcrumb\":{\"@id\":\"https:\/\/pluginviet.com\/mau6\/san-pham\/hanh-phuc\/#breadcrumb\"},\"inLanguage\":\"vi\",\"potentialAction\":[{\"@type\":\"ReadAction\",\"target\":[\"https:\/\/pluginviet.com\/mau6\/san-pham\/hanh-phuc\/\"]}]},{\"@type\":\"BreadcrumbList\",\"@id\":\"https:\/\/pluginviet.com\/mau6\/san-pham\/hanh-phuc\/#breadcrumb\",\"itemListElement\":[{\"@type\":\"ListItem\",\"position\":1,\"name\":\"Trang ch\u1ee7\",\"item\":\"https:\/\/pluginviet.com\/mau6\/\"},{\"@type\":\"ListItem\",\"position\":2,\"name\":\"Shop\",\"item\":\"https:\/\/pluginviet.com\/mau6\/shop\/\"},{\"@type\":\"ListItem\",\"position\":3,\"name\":\"H\u1ea1nh ph\u00fac\"}]},{\"@type\":\"WebSite\",\"@id\":\"https:\/\/pluginviet.com\/mau6\/#website\",\"url\":\"https:\/\/pluginviet.com\/mau6\/\",\"name\":\"C\u00e2y xanh B\u00e1ch L\u1ed9c\",\"description\":\"\",\"potentialAction\":[{\"@type\":\"SearchAction\",\"target\":{\"@type\":\"EntryPoint\",\"urlTemplate\":\"https:\/\/pluginviet.com\/mau6\/?s={search_term_string}\"},\"query-input\":\"required name=search_term_string\"}],\"inLanguage\":\"vi\"}]}<\/script>\n<!-- \/ Yoast SEO plugin. -->","yoast_head_json":{"title":"H\u1ea1nh ph\u00fac - C\u00e2y xanh B\u00e1ch L\u1ed9c","robots":{"index":"index","follow":"follow","max-snippet":"max-snippet:-1","max-image-preview":"max-image-preview:large","max-video-preview":"max-video-preview:-1"},"canonical":"https:\/\/pluginviet.com\/mau6\/san-pham\/hanh-phuc\/","og_locale":"vi_VN","og_type":"article","og_title":"H\u1ea1nh ph\u00fac - C\u00e2y xanh B\u00e1ch L\u1ed9c","og_description":"Theo d\u00e2n gian, s\u1eafc xanh \u0111\u1eb7c tr\u01b0ng c\u1ee7a c\u00e2y h\u1ea1nh ph\u00fac th\u1ec3 hi\u1ec7n ni\u1ec1m tin v\u00e0 hy v\u1ecdng v\u00e0o cu\u1ed9c s\u1ed1ng. \u0110\u1ed1i v\u1edbi nh\u1eefng ai \u0111ang g\u1eb7p kh\u00f3 kh\u0103n trong cu\u1ed9c s\u1ed1ng, lo\u00e0i c\u00e2y n\u00e0y s\u1ebd truy\u1ec1n \u0111\u1ebfn h\u1ecd m\u1ed9t ngu\u1ed3n n\u0103ng l\u01b0\u1ee3ng t\u00edch c\u1ef1c, gi\u00fap h\u1ecd v\u1eefng tin v\u00e0o t\u01b0\u01a1ng lai t\u1ed1t \u0111\u1eb9p h\u01a1n \u0111ang \u0111\u1ebfn.","og_url":"https:\/\/pluginviet.com\/mau6\/san-pham\/hanh-phuc\/","og_site_name":"C\u00e2y xanh B\u00e1ch L\u1ed9c","article_modified_time":"2022-12-30T06:44:18+00:00","og_image":[{"width":600,"height":600,"url":"https:\/\/pluginviet.com\/mau6\/wp-content\/uploads\/2022\/12\/ky-thuat-cham-soc-cay-hanh-phuc.jpg","type":"image\/jpeg"}],"twitter_card":"summary_large_image","twitter_misc":{"\u01af\u1edbc t\u00ednh th\u1eddi gian \u0111\u1ecdc":"1 ph\u00fat"},"schema":{"@context":"https:\/\/schema.org","@graph":[{"@type":"WebPage","@id":"https:\/\/pluginviet.com\/mau6\/san-pham\/hanh-phuc\/","url":"https:\/\/pluginviet.com\/mau6\/san-pham\/hanh-phuc\/","name":"H\u1ea1nh ph\u00fac - C\u00e2y xanh B\u00e1ch L\u1ed9c","isPartOf":{"@id":"https:\/\/pluginviet.com\/mau6\/#website"},"datePublished":"2022-12-29T09:05:08+00:00","dateModified":"2022-12-30T06:44:18+00:00","breadcrumb":{"@id":"https:\/\/pluginviet.com\/mau6\/san-pham\/hanh-phuc\/#breadcrumb"},"inLanguage":"vi","potentialAction":[{"@type":"ReadAction","target":["https:\/\/pluginviet.com\/mau6\/san-pham\/hanh-phuc\/"]}]},{"@type":"BreadcrumbList","@id":"https:\/\/pluginviet.com\/mau6\/san-pham\/hanh-phuc\/#breadcrumb","itemListElement":[{"@type":"ListItem","position":1,"name":"Trang ch\u1ee7","item":"https:\/\/pluginviet.com\/mau6\/"},{"@type":"ListItem","position":2,"name":"Shop","item":"https:\/\/pluginviet.com\/mau6\/shop\/"},{"@type":"ListItem","position":3,"name":"H\u1ea1nh ph\u00fac"}]},{"@type":"WebSite","@id":"https:\/\/pluginviet.com\/mau6\/#website","url":"https:\/\/pluginviet.com\/mau6\/","name":"C\u00e2y xanh B\u00e1ch L\u1ed9c","description":"","potentialAction":[{"@type":"SearchAction","target":{"@type":"EntryPoint","urlTemplate":"https:\/\/pluginviet.com\/mau6\/?s={search_term_string}"},"query-input":"required name=search_term_string"}],"inLanguage":"vi"}]}},"_links":{"self":[{"href":"https:\/\/pluginviet.com\/mau6\/wp-json\/wp\/v2\/product\/1343"}],"collection":[{"href":"https:\/\/pluginviet.com\/mau6\/wp-json\/wp\/v2\/product"}],"about":[{"href":"https:\/\/pluginviet.com\/mau6\/wp-json\/wp\/v2\/types\/product"}],"replies":[{"embeddable":true,"href":"https:\/\/pluginviet.com\/mau6\/wp-json\/wp\/v2\/comments?post=1343"}],"wp:featuredmedia":[{"embeddable":true,"href":"https:\/\/pluginviet.com\/mau6\/wp-json\/wp\/v2\/media\/1348"}],"wp:attachment":[{"href":"https:\/\/pluginviet.com\/mau6\/wp-json\/wp\/v2\/media?parent=1343"}],"wp:term":[{"taxonomy":"product_cat","embeddable":true,"href":"https:\/\/pluginviet.com\/mau6\/wp-json\/wp\/v2\/product_cat?post=1343"},{"taxonomy":"product_tag","embeddable":true,"href":"https:\/\/pluginviet.com\/mau6\/wp-json\/wp\/v2\/product_tag?post=1343"}],"curies":[{"name":"wp","href":"https:\/\/api.w.org\/{rel}","templated":true}]}}