{"id":1342,"date":"2022-12-29T09:04:08","date_gmt":"2022-12-29T09:04:08","guid":{"rendered":"https:\/\/cayxanhbachloc.vn\/?post_type=product&#038;p=1342"},"modified":"2022-12-30T06:43:07","modified_gmt":"2022-12-30T06:43:07","slug":"dai-phu-gia","status":"publish","type":"product","link":"https:\/\/pluginviet.com\/mau6\/san-pham\/dai-phu-gia\/","title":{"rendered":"\u0110\u1ea1i ph\u00fa gia"},"content":{"rendered":"<p>C\u00e2y \u0111\u1ea1i ph\u00fa gia c\u00f3 t\u00ean khoa h\u1ecdc l\u00e0 Aglaoocma SP, c\u00f3 ngu\u1ed3n g\u1ed1c t\u1eeb c\u00e1c n\u01b0\u1edbc \u0110\u00f4ng \u00c1 v\u00e0 hi\u1ec7n nay r\u1ea5t \u0111\u01b0\u1ee3c \u01b0a chu\u1ed9ng t\u1ea1i Vi\u1ec7t Nam.<\/p>\n<p>Th\u00e2n c\u00e2y m\u1ecdng n\u01b0\u1edbc, kh\u00e1 m\u1eadp v\u00e0 l\u00f9n, m\u00e0u xanh th\u1eabm, c\u00f3 \u0111\u1ed1t quanh th\u00e2n c\u00e2y, chi\u1ec1u cao trung b\u00ecnh t\u1eeb 50cm-1m. L\u00e1 c\u00e2y t\u1eadp trung \u1edf ng\u1ecdn, h\u00ecnh b\u1ea7u d\u1ee5c h\u01a1i nh\u1ecdn \u1edf \u0111\u1ea7u l\u00e1, m\u00e0u xanh b\u00f3ng, g\u00e2n l\u00e1 c\u00f3 d\u1ea1ng l\u00f4ng chim.<\/p>\n<p>Cu\u1ed1ng l\u00e1 m\u1eadp, \u00f4m s\u00e1t th\u00e2n c\u00e2y v\u00e0 c\u0169ng c\u00f3 m\u00e0u xanh, ph\u1ee5 thu\u1ed9c v\u00e0o \u0111\u1ed9 tu\u1ed5i m\u00e0 c\u00e2y s\u1ebd c\u00f3 s\u1ed1 l\u01b0\u1ee3ng l\u00e1 kh\u00e1c nhau. C\u00e2y ra hoa m\u00e0u tr\u1eafng ng\u00e0, hoa d\u00e0i v\u01b0\u01a1n th\u1eb3ng l\u00ean t\u1eeb ng\u1ecdn c\u00e2y h\u01b0\u1edbng l\u00ean tr\u1eddi v\u00e0 c\u00f3 m\u00f9i th\u01a1m kh\u00e1 n\u1ed3ng nh\u01b0 m\u00f9i s\u00e2m.<\/p>\n","protected":false},"excerpt":{"rendered":"<p>B\u00ean c\u1ea1nh \u0111\u00f3 v\u1edbi h\u00ecnh d\u00e1ng c\u00e2y to l\u1edbn, l\u00e1 um t\u00f9m c\u00e2y c\u00f2n l\u00e0 bi\u1ec3u t\u01b0\u1ee3ng cho \u00fd ch\u00ed, ki\u00ean c\u01b0\u1eddng, quy\u1ebft t\u00e2m v\u01b0\u1ee3t qua m\u1ecdi kh\u00f3 kh\u0103n v\u00e0 th\u1eed th\u00e1ch trong cu\u1ed9c s\u1ed1ng. Ngo\u00e0i ra, th\u00e2n c\u00e2y m\u1ecdc l\u00ean nhi\u1ec1u b\u1eb9 \u00f4m s\u00e1t l\u1ea5y nhau c\u00f2n mang \u00fd ngh\u0129a gia \u0111\u00ecnh sum v\u1ea7y, h\u1ea1nh ph\u00fac.<\/p>\n","protected":false},"featured_media":1347,"comment_status":"open","ping_status":"closed","template":"","meta":[],"product_cat":[15,124],"product_tag":[],"yoast_head":"<!-- This site is optimized with the Yoast SEO plugin v20.11 - https:\/\/yoast.com\/wordpress\/plugins\/seo\/ -->\n<title>\u0110\u1ea1i ph\u00fa gia - C\u00e2y xanh B\u00e1ch L\u1ed9c<\/title>\n<meta name=\"robots\" content=\"index, follow, max-snippet:-1, max-image-preview:large, max-video-preview:-1\" \/>\n<link rel=\"canonical\" href=\"https:\/\/pluginviet.com\/mau6\/san-pham\/dai-phu-gia\/\" \/>\n<meta property=\"og:locale\" content=\"vi_VN\" \/>\n<meta property=\"og:type\" content=\"article\" \/>\n<meta property=\"og:title\" content=\"\u0110\u1ea1i ph\u00fa gia - C\u00e2y xanh B\u00e1ch L\u1ed9c\" \/>\n<meta property=\"og:description\" content=\"B\u00ean c\u1ea1nh \u0111\u00f3 v\u1edbi h\u00ecnh d\u00e1ng c\u00e2y to l\u1edbn, l\u00e1 um t\u00f9m c\u00e2y c\u00f2n l\u00e0 bi\u1ec3u t\u01b0\u1ee3ng cho \u00fd ch\u00ed, ki\u00ean c\u01b0\u1eddng, quy\u1ebft t\u00e2m v\u01b0\u1ee3t qua m\u1ecdi kh\u00f3 kh\u0103n v\u00e0 th\u1eed th\u00e1ch trong cu\u1ed9c s\u1ed1ng. Ngo\u00e0i ra, th\u00e2n c\u00e2y m\u1ecdc l\u00ean nhi\u1ec1u b\u1eb9 \u00f4m s\u00e1t l\u1ea5y nhau c\u00f2n mang \u00fd ngh\u0129a gia \u0111\u00ecnh sum v\u1ea7y, h\u1ea1nh ph\u00fac.\" \/>\n<meta property=\"og:url\" content=\"https:\/\/pluginviet.com\/mau6\/san-pham\/dai-phu-gia\/\" \/>\n<meta property=\"og:site_name\" content=\"C\u00e2y xanh B\u00e1ch L\u1ed9c\" \/>\n<meta property=\"article:modified_time\" content=\"2022-12-30T06:43:07+00:00\" \/>\n<meta property=\"og:image\" content=\"https:\/\/pluginviet.com\/mau6\/wp-content\/uploads\/2022\/12\/photo-2-16298100231681344359394.png\" \/>\n\t<meta property=\"og:image:width\" content=\"1084\" \/>\n\t<meta property=\"og:image:height\" content=\"1084\" \/>\n\t<meta property=\"og:image:type\" content=\"image\/png\" \/>\n<meta name=\"twitter:card\" content=\"summary_large_image\" \/>\n<meta name=\"twitter:label1\" content=\"\u01af\u1edbc t\u00ednh th\u1eddi gian \u0111\u1ecdc\" \/>\n\t<meta name=\"twitter:data1\" content=\"1 ph\u00fat\" \/>\n<script type=\"application\/ld+json\" class=\"yoast-schema-graph\">{\"@context\":\"https:\/\/schema.org\",\"@graph\":[{\"@type\":\"WebPage\",\"@id\":\"https:\/\/pluginviet.com\/mau6\/san-pham\/dai-phu-gia\/\",\"url\":\"https:\/\/pluginviet.com\/mau6\/san-pham\/dai-phu-gia\/\",\"name\":\"\u0110\u1ea1i ph\u00fa gia - C\u00e2y xanh B\u00e1ch L\u1ed9c\",\"isPartOf\":{\"@id\":\"https:\/\/pluginviet.com\/mau6\/#website\"},\"datePublished\":\"2022-12-29T09:04:08+00:00\",\"dateModified\":\"2022-12-30T06:43:07+00:00\",\"breadcrumb\":{\"@id\":\"https:\/\/pluginviet.com\/mau6\/san-pham\/dai-phu-gia\/#breadcrumb\"},\"inLanguage\":\"vi\",\"potentialAction\":[{\"@type\":\"ReadAction\",\"target\":[\"https:\/\/pluginviet.com\/mau6\/san-pham\/dai-phu-gia\/\"]}]},{\"@type\":\"BreadcrumbList\",\"@id\":\"https:\/\/pluginviet.com\/mau6\/san-pham\/dai-phu-gia\/#breadcrumb\",\"itemListElement\":[{\"@type\":\"ListItem\",\"position\":1,\"name\":\"Trang ch\u1ee7\",\"item\":\"https:\/\/pluginviet.com\/mau6\/\"},{\"@type\":\"ListItem\",\"position\":2,\"name\":\"Shop\",\"item\":\"https:\/\/pluginviet.com\/mau6\/shop\/\"},{\"@type\":\"ListItem\",\"position\":3,\"name\":\"\u0110\u1ea1i ph\u00fa gia\"}]},{\"@type\":\"WebSite\",\"@id\":\"https:\/\/pluginviet.com\/mau6\/#website\",\"url\":\"https:\/\/pluginviet.com\/mau6\/\",\"name\":\"C\u00e2y xanh B\u00e1ch L\u1ed9c\",\"description\":\"\",\"potentialAction\":[{\"@type\":\"SearchAction\",\"target\":{\"@type\":\"EntryPoint\",\"urlTemplate\":\"https:\/\/pluginviet.com\/mau6\/?s={search_term_string}\"},\"query-input\":\"required name=search_term_string\"}],\"inLanguage\":\"vi\"}]}<\/script>\n<!-- \/ Yoast SEO plugin. -->","yoast_head_json":{"title":"\u0110\u1ea1i ph\u00fa gia - C\u00e2y xanh B\u00e1ch L\u1ed9c","robots":{"index":"index","follow":"follow","max-snippet":"max-snippet:-1","max-image-preview":"max-image-preview:large","max-video-preview":"max-video-preview:-1"},"canonical":"https:\/\/pluginviet.com\/mau6\/san-pham\/dai-phu-gia\/","og_locale":"vi_VN","og_type":"article","og_title":"\u0110\u1ea1i ph\u00fa gia - C\u00e2y xanh B\u00e1ch L\u1ed9c","og_description":"B\u00ean c\u1ea1nh \u0111\u00f3 v\u1edbi h\u00ecnh d\u00e1ng c\u00e2y to l\u1edbn, l\u00e1 um t\u00f9m c\u00e2y c\u00f2n l\u00e0 bi\u1ec3u t\u01b0\u1ee3ng cho \u00fd ch\u00ed, ki\u00ean c\u01b0\u1eddng, quy\u1ebft t\u00e2m v\u01b0\u1ee3t qua m\u1ecdi kh\u00f3 kh\u0103n v\u00e0 th\u1eed th\u00e1ch trong cu\u1ed9c s\u1ed1ng. Ngo\u00e0i ra, th\u00e2n c\u00e2y m\u1ecdc l\u00ean nhi\u1ec1u b\u1eb9 \u00f4m s\u00e1t l\u1ea5y nhau c\u00f2n mang \u00fd ngh\u0129a gia \u0111\u00ecnh sum v\u1ea7y, h\u1ea1nh ph\u00fac.","og_url":"https:\/\/pluginviet.com\/mau6\/san-pham\/dai-phu-gia\/","og_site_name":"C\u00e2y xanh B\u00e1ch L\u1ed9c","article_modified_time":"2022-12-30T06:43:07+00:00","og_image":[{"width":1084,"height":1084,"url":"https:\/\/pluginviet.com\/mau6\/wp-content\/uploads\/2022\/12\/photo-2-16298100231681344359394.png","type":"image\/png"}],"twitter_card":"summary_large_image","twitter_misc":{"\u01af\u1edbc t\u00ednh th\u1eddi gian \u0111\u1ecdc":"1 ph\u00fat"},"schema":{"@context":"https:\/\/schema.org","@graph":[{"@type":"WebPage","@id":"https:\/\/pluginviet.com\/mau6\/san-pham\/dai-phu-gia\/","url":"https:\/\/pluginviet.com\/mau6\/san-pham\/dai-phu-gia\/","name":"\u0110\u1ea1i ph\u00fa gia - C\u00e2y xanh B\u00e1ch L\u1ed9c","isPartOf":{"@id":"https:\/\/pluginviet.com\/mau6\/#website"},"datePublished":"2022-12-29T09:04:08+00:00","dateModified":"2022-12-30T06:43:07+00:00","breadcrumb":{"@id":"https:\/\/pluginviet.com\/mau6\/san-pham\/dai-phu-gia\/#breadcrumb"},"inLanguage":"vi","potentialAction":[{"@type":"ReadAction","target":["https:\/\/pluginviet.com\/mau6\/san-pham\/dai-phu-gia\/"]}]},{"@type":"BreadcrumbList","@id":"https:\/\/pluginviet.com\/mau6\/san-pham\/dai-phu-gia\/#breadcrumb","itemListElement":[{"@type":"ListItem","position":1,"name":"Trang ch\u1ee7","item":"https:\/\/pluginviet.com\/mau6\/"},{"@type":"ListItem","position":2,"name":"Shop","item":"https:\/\/pluginviet.com\/mau6\/shop\/"},{"@type":"ListItem","position":3,"name":"\u0110\u1ea1i ph\u00fa gia"}]},{"@type":"WebSite","@id":"https:\/\/pluginviet.com\/mau6\/#website","url":"https:\/\/pluginviet.com\/mau6\/","name":"C\u00e2y xanh B\u00e1ch L\u1ed9c","description":"","potentialAction":[{"@type":"SearchAction","target":{"@type":"EntryPoint","urlTemplate":"https:\/\/pluginviet.com\/mau6\/?s={search_term_string}"},"query-input":"required name=search_term_string"}],"inLanguage":"vi"}]}},"_links":{"self":[{"href":"https:\/\/pluginviet.com\/mau6\/wp-json\/wp\/v2\/product\/1342"}],"collection":[{"href":"https:\/\/pluginviet.com\/mau6\/wp-json\/wp\/v2\/product"}],"about":[{"href":"https:\/\/pluginviet.com\/mau6\/wp-json\/wp\/v2\/types\/product"}],"replies":[{"embeddable":true,"href":"https:\/\/pluginviet.com\/mau6\/wp-json\/wp\/v2\/comments?post=1342"}],"wp:featuredmedia":[{"embeddable":true,"href":"https:\/\/pluginviet.com\/mau6\/wp-json\/wp\/v2\/media\/1347"}],"wp:attachment":[{"href":"https:\/\/pluginviet.com\/mau6\/wp-json\/wp\/v2\/media?parent=1342"}],"wp:term":[{"taxonomy":"product_cat","embeddable":true,"href":"https:\/\/pluginviet.com\/mau6\/wp-json\/wp\/v2\/product_cat?post=1342"},{"taxonomy":"product_tag","embeddable":true,"href":"https:\/\/pluginviet.com\/mau6\/wp-json\/wp\/v2\/product_tag?post=1342"}],"curies":[{"name":"wp","href":"https:\/\/api.w.org\/{rel}","templated":true}]}}