{"id":1341,"date":"2022-12-29T09:02:08","date_gmt":"2022-12-29T09:02:08","guid":{"rendered":"https:\/\/cayxanhbachloc.vn\/?post_type=product&#038;p=1341"},"modified":"2022-12-30T06:42:15","modified_gmt":"2022-12-30T06:42:15","slug":"kim-tien","status":"publish","type":"product","link":"https:\/\/pluginviet.com\/mau6\/san-pham\/kim-tien\/","title":{"rendered":"Kim ti\u1ec1n"},"content":{"rendered":"<p>Nh\u1eafc \u0111\u1ebfn t\u00ean c\u1ee7a c\u00e2y kim ti\u1ec1n c\u0169ng \u0111\u00e3 th\u1ec3 hi\u1ec7n \u0111\u01b0\u1ee3c \u00fd ngh\u0129a c\u1ee7a b\u1ea3n th\u00e2n. C\u00e2y Kim ti\u1ec1n mang \u0111\u1ebfn cho gia ch\u1ee7 v\u1ec1 t\u00e0i l\u1ed9c, may m\u1eafn, ti\u1ec1n t\u00e0i, ph\u00fa qu\u00fd, gi\u00e0u sang, sung t\u00fac, th\u1ecbnh v\u01b0\u1ee3ng.<\/p>\n<p>T\u1eeb \u201cKim\u201d c\u00f3 ngh\u0129a l\u00e0 ph\u00e1t t\u00e0i, \u201cTi\u1ec1n\u201d c\u00f3 ngh\u0129a l\u00e0 gi\u00e0u sang Ph\u00fa Qu\u00fd. \u0110\u1eb7c bi\u1ec7t khi c\u00e2y Kim ti\u1ec1n ra hoa \u0111\u1ea1i di\u1ec7n v\u1eadn may c\u1ee7a gia ch\u1ee7 ng\u00e0y c\u00e0ng ph\u00e1t, ti\u1ec1n t\u00e0i, l\u1ee3i l\u1ed9c, may m\u1eafn c\u0169ng ng\u00e0y c\u00e0ng nhi\u1ec1u.<\/p>\n","protected":false},"excerpt":{"rendered":"<p>C\u00e2y kim ti\u1ec1n c\u00f2n \u0111\u01b0\u1ee3c g\u1ecdi l\u00e0 c\u00e2y kim ph\u00e1t t\u00e0i, c\u00e2y ph\u00e1t t\u00e0i, kim ti\u1ec1n ph\u00e1t l\u1ed9c c\u00f3 ngu\u1ed3n g\u1ed1c t\u1eeb Ch\u00e2u Phi. L\u00e0 lo\u00e0i c\u00e2y c\u1ea3nh d\u1ec5 tr\u1ed3ng, d\u1ec5 ch\u0103m s\u00f3c, \u00edt s\u00e2u b\u1ec7nh, th\u01b0\u1eddng ph\u1ed5 bi\u1ebfn trang tr\u00ed trong kh\u00f4ng gian nh\u00e0 ho\u1eb7c v\u0103n ph\u00f2ng. Ng\u01b0\u1eddi ta tin r\u1eb1ng tr\u1ed3ng c\u00e2y kim ti\u1ec1n trong nh\u00e0 s\u1ebd \u0111em l\u1ea1i s\u01b0 may m\u1eafn, gi\u00e0u c\u00f3 v\u00e0 thu\u1eadn h\u00f2a cho gia ch\u1ee7, gi\u00fap h\u1ecd th\u0103ng ti\u1ebfn trong c\u00f4ng vi\u1ec7c.<\/p>\n","protected":false},"featured_media":1346,"comment_status":"open","ping_status":"closed","template":"","meta":[],"product_cat":[15,124],"product_tag":[],"yoast_head":"<!-- This site is optimized with the Yoast SEO plugin v20.11 - https:\/\/yoast.com\/wordpress\/plugins\/seo\/ -->\n<title>Kim ti\u1ec1n - C\u00e2y xanh B\u00e1ch L\u1ed9c<\/title>\n<meta name=\"robots\" content=\"index, follow, max-snippet:-1, max-image-preview:large, max-video-preview:-1\" \/>\n<link rel=\"canonical\" href=\"https:\/\/pluginviet.com\/mau6\/san-pham\/kim-tien\/\" \/>\n<meta property=\"og:locale\" content=\"vi_VN\" \/>\n<meta property=\"og:type\" content=\"article\" \/>\n<meta property=\"og:title\" content=\"Kim ti\u1ec1n - C\u00e2y xanh B\u00e1ch L\u1ed9c\" \/>\n<meta property=\"og:description\" content=\"C\u00e2y kim ti\u1ec1n c\u00f2n \u0111\u01b0\u1ee3c g\u1ecdi l\u00e0 c\u00e2y kim ph\u00e1t t\u00e0i, c\u00e2y ph\u00e1t t\u00e0i, kim ti\u1ec1n ph\u00e1t l\u1ed9c c\u00f3 ngu\u1ed3n g\u1ed1c t\u1eeb Ch\u00e2u Phi. L\u00e0 lo\u00e0i c\u00e2y c\u1ea3nh d\u1ec5 tr\u1ed3ng, d\u1ec5 ch\u0103m s\u00f3c, \u00edt s\u00e2u b\u1ec7nh, th\u01b0\u1eddng ph\u1ed5 bi\u1ebfn trang tr\u00ed trong kh\u00f4ng gian nh\u00e0 ho\u1eb7c v\u0103n ph\u00f2ng. Ng\u01b0\u1eddi ta tin r\u1eb1ng tr\u1ed3ng c\u00e2y kim ti\u1ec1n trong nh\u00e0 s\u1ebd \u0111em l\u1ea1i s\u01b0 may m\u1eafn, gi\u00e0u c\u00f3 v\u00e0 thu\u1eadn h\u00f2a cho gia ch\u1ee7, gi\u00fap h\u1ecd th\u0103ng ti\u1ebfn trong c\u00f4ng vi\u1ec7c.\" \/>\n<meta property=\"og:url\" content=\"https:\/\/pluginviet.com\/mau6\/san-pham\/kim-tien\/\" \/>\n<meta property=\"og:site_name\" content=\"C\u00e2y xanh B\u00e1ch L\u1ed9c\" \/>\n<meta property=\"article:modified_time\" content=\"2022-12-30T06:42:15+00:00\" \/>\n<meta property=\"og:image\" content=\"https:\/\/pluginviet.com\/mau6\/wp-content\/uploads\/2022\/12\/cay-kim-tien-3-842.jpg\" \/>\n\t<meta property=\"og:image:width\" content=\"900\" \/>\n\t<meta property=\"og:image:height\" content=\"900\" \/>\n\t<meta property=\"og:image:type\" content=\"image\/jpeg\" \/>\n<meta name=\"twitter:card\" content=\"summary_large_image\" \/>\n<meta name=\"twitter:label1\" content=\"\u01af\u1edbc t\u00ednh th\u1eddi gian \u0111\u1ecdc\" \/>\n\t<meta name=\"twitter:data1\" content=\"1 ph\u00fat\" \/>\n<script type=\"application\/ld+json\" class=\"yoast-schema-graph\">{\"@context\":\"https:\/\/schema.org\",\"@graph\":[{\"@type\":\"WebPage\",\"@id\":\"https:\/\/pluginviet.com\/mau6\/san-pham\/kim-tien\/\",\"url\":\"https:\/\/pluginviet.com\/mau6\/san-pham\/kim-tien\/\",\"name\":\"Kim ti\u1ec1n - C\u00e2y xanh B\u00e1ch L\u1ed9c\",\"isPartOf\":{\"@id\":\"https:\/\/pluginviet.com\/mau6\/#website\"},\"datePublished\":\"2022-12-29T09:02:08+00:00\",\"dateModified\":\"2022-12-30T06:42:15+00:00\",\"breadcrumb\":{\"@id\":\"https:\/\/pluginviet.com\/mau6\/san-pham\/kim-tien\/#breadcrumb\"},\"inLanguage\":\"vi\",\"potentialAction\":[{\"@type\":\"ReadAction\",\"target\":[\"https:\/\/pluginviet.com\/mau6\/san-pham\/kim-tien\/\"]}]},{\"@type\":\"BreadcrumbList\",\"@id\":\"https:\/\/pluginviet.com\/mau6\/san-pham\/kim-tien\/#breadcrumb\",\"itemListElement\":[{\"@type\":\"ListItem\",\"position\":1,\"name\":\"Trang ch\u1ee7\",\"item\":\"https:\/\/pluginviet.com\/mau6\/\"},{\"@type\":\"ListItem\",\"position\":2,\"name\":\"Shop\",\"item\":\"https:\/\/pluginviet.com\/mau6\/shop\/\"},{\"@type\":\"ListItem\",\"position\":3,\"name\":\"Kim ti\u1ec1n\"}]},{\"@type\":\"WebSite\",\"@id\":\"https:\/\/pluginviet.com\/mau6\/#website\",\"url\":\"https:\/\/pluginviet.com\/mau6\/\",\"name\":\"C\u00e2y xanh B\u00e1ch L\u1ed9c\",\"description\":\"\",\"potentialAction\":[{\"@type\":\"SearchAction\",\"target\":{\"@type\":\"EntryPoint\",\"urlTemplate\":\"https:\/\/pluginviet.com\/mau6\/?s={search_term_string}\"},\"query-input\":\"required name=search_term_string\"}],\"inLanguage\":\"vi\"}]}<\/script>\n<!-- \/ Yoast SEO plugin. -->","yoast_head_json":{"title":"Kim ti\u1ec1n - C\u00e2y xanh B\u00e1ch L\u1ed9c","robots":{"index":"index","follow":"follow","max-snippet":"max-snippet:-1","max-image-preview":"max-image-preview:large","max-video-preview":"max-video-preview:-1"},"canonical":"https:\/\/pluginviet.com\/mau6\/san-pham\/kim-tien\/","og_locale":"vi_VN","og_type":"article","og_title":"Kim ti\u1ec1n - C\u00e2y xanh B\u00e1ch L\u1ed9c","og_description":"C\u00e2y kim ti\u1ec1n c\u00f2n \u0111\u01b0\u1ee3c g\u1ecdi l\u00e0 c\u00e2y kim ph\u00e1t t\u00e0i, c\u00e2y ph\u00e1t t\u00e0i, kim ti\u1ec1n ph\u00e1t l\u1ed9c c\u00f3 ngu\u1ed3n g\u1ed1c t\u1eeb Ch\u00e2u Phi. L\u00e0 lo\u00e0i c\u00e2y c\u1ea3nh d\u1ec5 tr\u1ed3ng, d\u1ec5 ch\u0103m s\u00f3c, \u00edt s\u00e2u b\u1ec7nh, th\u01b0\u1eddng ph\u1ed5 bi\u1ebfn trang tr\u00ed trong kh\u00f4ng gian nh\u00e0 ho\u1eb7c v\u0103n ph\u00f2ng. Ng\u01b0\u1eddi ta tin r\u1eb1ng tr\u1ed3ng c\u00e2y kim ti\u1ec1n trong nh\u00e0 s\u1ebd \u0111em l\u1ea1i s\u01b0 may m\u1eafn, gi\u00e0u c\u00f3 v\u00e0 thu\u1eadn h\u00f2a cho gia ch\u1ee7, gi\u00fap h\u1ecd th\u0103ng ti\u1ebfn trong c\u00f4ng vi\u1ec7c.","og_url":"https:\/\/pluginviet.com\/mau6\/san-pham\/kim-tien\/","og_site_name":"C\u00e2y xanh B\u00e1ch L\u1ed9c","article_modified_time":"2022-12-30T06:42:15+00:00","og_image":[{"width":900,"height":900,"url":"https:\/\/pluginviet.com\/mau6\/wp-content\/uploads\/2022\/12\/cay-kim-tien-3-842.jpg","type":"image\/jpeg"}],"twitter_card":"summary_large_image","twitter_misc":{"\u01af\u1edbc t\u00ednh th\u1eddi gian \u0111\u1ecdc":"1 ph\u00fat"},"schema":{"@context":"https:\/\/schema.org","@graph":[{"@type":"WebPage","@id":"https:\/\/pluginviet.com\/mau6\/san-pham\/kim-tien\/","url":"https:\/\/pluginviet.com\/mau6\/san-pham\/kim-tien\/","name":"Kim ti\u1ec1n - C\u00e2y xanh B\u00e1ch L\u1ed9c","isPartOf":{"@id":"https:\/\/pluginviet.com\/mau6\/#website"},"datePublished":"2022-12-29T09:02:08+00:00","dateModified":"2022-12-30T06:42:15+00:00","breadcrumb":{"@id":"https:\/\/pluginviet.com\/mau6\/san-pham\/kim-tien\/#breadcrumb"},"inLanguage":"vi","potentialAction":[{"@type":"ReadAction","target":["https:\/\/pluginviet.com\/mau6\/san-pham\/kim-tien\/"]}]},{"@type":"BreadcrumbList","@id":"https:\/\/pluginviet.com\/mau6\/san-pham\/kim-tien\/#breadcrumb","itemListElement":[{"@type":"ListItem","position":1,"name":"Trang ch\u1ee7","item":"https:\/\/pluginviet.com\/mau6\/"},{"@type":"ListItem","position":2,"name":"Shop","item":"https:\/\/pluginviet.com\/mau6\/shop\/"},{"@type":"ListItem","position":3,"name":"Kim ti\u1ec1n"}]},{"@type":"WebSite","@id":"https:\/\/pluginviet.com\/mau6\/#website","url":"https:\/\/pluginviet.com\/mau6\/","name":"C\u00e2y xanh B\u00e1ch L\u1ed9c","description":"","potentialAction":[{"@type":"SearchAction","target":{"@type":"EntryPoint","urlTemplate":"https:\/\/pluginviet.com\/mau6\/?s={search_term_string}"},"query-input":"required name=search_term_string"}],"inLanguage":"vi"}]}},"_links":{"self":[{"href":"https:\/\/pluginviet.com\/mau6\/wp-json\/wp\/v2\/product\/1341"}],"collection":[{"href":"https:\/\/pluginviet.com\/mau6\/wp-json\/wp\/v2\/product"}],"about":[{"href":"https:\/\/pluginviet.com\/mau6\/wp-json\/wp\/v2\/types\/product"}],"replies":[{"embeddable":true,"href":"https:\/\/pluginviet.com\/mau6\/wp-json\/wp\/v2\/comments?post=1341"}],"wp:featuredmedia":[{"embeddable":true,"href":"https:\/\/pluginviet.com\/mau6\/wp-json\/wp\/v2\/media\/1346"}],"wp:attachment":[{"href":"https:\/\/pluginviet.com\/mau6\/wp-json\/wp\/v2\/media?parent=1341"}],"wp:term":[{"taxonomy":"product_cat","embeddable":true,"href":"https:\/\/pluginviet.com\/mau6\/wp-json\/wp\/v2\/product_cat?post=1341"},{"taxonomy":"product_tag","embeddable":true,"href":"https:\/\/pluginviet.com\/mau6\/wp-json\/wp\/v2\/product_tag?post=1341"}],"curies":[{"name":"wp","href":"https:\/\/api.w.org\/{rel}","templated":true}]}}