{"id":1334,"date":"2022-12-29T08:59:24","date_gmt":"2022-12-29T08:59:24","guid":{"rendered":"https:\/\/cayxanhbachloc.vn\/?post_type=product&#038;p=1334"},"modified":"2022-12-30T06:38:07","modified_gmt":"2022-12-30T06:38:07","slug":"bang-lang","status":"publish","type":"product","link":"https:\/\/pluginviet.com\/mau6\/san-pham\/bang-lang\/","title":{"rendered":"B\u1eb1ng l\u0103ng"},"content":{"rendered":"<p>B\u1eb1ng L\u0103ng l\u00e0 c\u00e2y \u01b0a s\u00e1ng, th\u00edch h\u1ee3p v\u1edbi lo\u1ea1i \u0111\u1ea5t t\u01a1i x\u1ed1p, d\u1ec5 tho\u00e1t n\u01b0\u1edbc. Khi mua c\u00e2y l\u1edbn v\u1ec1 tr\u1ed3ng c\u00f4ng tr\u00ecnh c\u1ea7n l\u01b0u \u00fd, \u0111\u00e0o h\u1ed1 v\u00e0 ti\u1ebfn h\u00e0nh tr\u1ed9n \u0111\u1ea5t v\u1edbi ph\u00e2n b\u00f3n c\u00e1c lo\u1ea1i, t\u0103ng l\u01b0\u1ee3ng dinh d\u01b0\u1ee1ng trong \u0111\u1ea5t tr\u01b0\u1edbc m\u1ed9t th\u00e1ng. N\u00ean tr\u1ed3ng c\u00e2y v\u00e0o \u0111\u1ea7u m\u00f9a m\u01b0a, kho\u1ea3ng th\u00e1ng 5- th\u00e1ng 6.<\/p>\n","protected":false},"excerpt":{"rendered":"<p>C\u00e2y b\u1eb1ng l\u0103ng l\u00e0 lo\u1ea1i c\u00e2y b\u00f3ng m\u00e1t tr\u00ean \u0111\u01b0\u1eddng ph\u1ed1, c\u00e1c c\u00f4ng vi\u00ean, b\u00f3ng m\u00e1t \u1edf s\u00e2n v\u01b0\u1eddn nh\u00e0, t\u1ea1o m\u1ea3ng xanh cho khu nh\u00e0 m\u00e1y, x\u00ed nghi\u1ec7p\u2026 V\u1edbi s\u1eafc hoa t\u00edm \u0111\u1eb7c tr\u01b0ng v\u00e0 r\u1ef1c r\u1ee1, c\u00e2y b\u1eb1ng l\u0103ng t\u00edm tr\u1edf th\u00e0nh c\u00e2y b\u00f3ng m\u00e1t \u01b0a chu\u1ed9ng t\u1ea1i c\u00e1c khu \u0111\u00f4 th\u1ecb.<\/p>\n","protected":false},"featured_media":1339,"comment_status":"open","ping_status":"closed","template":"","meta":[],"product_cat":[15,123],"product_tag":[],"yoast_head":"<!-- This site is optimized with the Yoast SEO plugin v20.11 - https:\/\/yoast.com\/wordpress\/plugins\/seo\/ -->\n<title>B\u1eb1ng l\u0103ng - C\u00e2y xanh B\u00e1ch L\u1ed9c<\/title>\n<meta name=\"robots\" content=\"index, follow, max-snippet:-1, max-image-preview:large, max-video-preview:-1\" \/>\n<link rel=\"canonical\" href=\"https:\/\/pluginviet.com\/mau6\/san-pham\/bang-lang\/\" \/>\n<meta property=\"og:locale\" content=\"vi_VN\" \/>\n<meta property=\"og:type\" content=\"article\" \/>\n<meta property=\"og:title\" content=\"B\u1eb1ng l\u0103ng - C\u00e2y xanh B\u00e1ch L\u1ed9c\" \/>\n<meta property=\"og:description\" content=\"C\u00e2y b\u1eb1ng l\u0103ng l\u00e0 lo\u1ea1i c\u00e2y b\u00f3ng m\u00e1t tr\u00ean \u0111\u01b0\u1eddng ph\u1ed1, c\u00e1c c\u00f4ng vi\u00ean, b\u00f3ng m\u00e1t \u1edf s\u00e2n v\u01b0\u1eddn nh\u00e0, t\u1ea1o m\u1ea3ng xanh cho khu nh\u00e0 m\u00e1y, x\u00ed nghi\u1ec7p\u2026 V\u1edbi s\u1eafc hoa t\u00edm \u0111\u1eb7c tr\u01b0ng v\u00e0 r\u1ef1c r\u1ee1, c\u00e2y b\u1eb1ng l\u0103ng t\u00edm tr\u1edf th\u00e0nh c\u00e2y b\u00f3ng m\u00e1t \u01b0a chu\u1ed9ng t\u1ea1i c\u00e1c khu \u0111\u00f4 th\u1ecb.\" \/>\n<meta property=\"og:url\" content=\"https:\/\/pluginviet.com\/mau6\/san-pham\/bang-lang\/\" \/>\n<meta property=\"og:site_name\" content=\"C\u00e2y xanh B\u00e1ch L\u1ed9c\" \/>\n<meta property=\"article:modified_time\" content=\"2022-12-30T06:38:07+00:00\" \/>\n<meta property=\"og:image\" content=\"https:\/\/pluginviet.com\/mau6\/wp-content\/uploads\/2022\/12\/bang-lang.jpg\" \/>\n\t<meta property=\"og:image:width\" content=\"600\" \/>\n\t<meta property=\"og:image:height\" content=\"600\" \/>\n\t<meta property=\"og:image:type\" content=\"image\/jpeg\" \/>\n<meta name=\"twitter:card\" content=\"summary_large_image\" \/>\n<meta name=\"twitter:label1\" content=\"\u01af\u1edbc t\u00ednh th\u1eddi gian \u0111\u1ecdc\" \/>\n\t<meta name=\"twitter:data1\" content=\"1 ph\u00fat\" \/>\n<script type=\"application\/ld+json\" class=\"yoast-schema-graph\">{\"@context\":\"https:\/\/schema.org\",\"@graph\":[{\"@type\":\"WebPage\",\"@id\":\"https:\/\/pluginviet.com\/mau6\/san-pham\/bang-lang\/\",\"url\":\"https:\/\/pluginviet.com\/mau6\/san-pham\/bang-lang\/\",\"name\":\"B\u1eb1ng l\u0103ng - C\u00e2y xanh B\u00e1ch L\u1ed9c\",\"isPartOf\":{\"@id\":\"https:\/\/pluginviet.com\/mau6\/#website\"},\"datePublished\":\"2022-12-29T08:59:24+00:00\",\"dateModified\":\"2022-12-30T06:38:07+00:00\",\"breadcrumb\":{\"@id\":\"https:\/\/pluginviet.com\/mau6\/san-pham\/bang-lang\/#breadcrumb\"},\"inLanguage\":\"vi\",\"potentialAction\":[{\"@type\":\"ReadAction\",\"target\":[\"https:\/\/pluginviet.com\/mau6\/san-pham\/bang-lang\/\"]}]},{\"@type\":\"BreadcrumbList\",\"@id\":\"https:\/\/pluginviet.com\/mau6\/san-pham\/bang-lang\/#breadcrumb\",\"itemListElement\":[{\"@type\":\"ListItem\",\"position\":1,\"name\":\"Trang ch\u1ee7\",\"item\":\"https:\/\/pluginviet.com\/mau6\/\"},{\"@type\":\"ListItem\",\"position\":2,\"name\":\"Shop\",\"item\":\"https:\/\/pluginviet.com\/mau6\/shop\/\"},{\"@type\":\"ListItem\",\"position\":3,\"name\":\"B\u1eb1ng l\u0103ng\"}]},{\"@type\":\"WebSite\",\"@id\":\"https:\/\/pluginviet.com\/mau6\/#website\",\"url\":\"https:\/\/pluginviet.com\/mau6\/\",\"name\":\"C\u00e2y xanh B\u00e1ch L\u1ed9c\",\"description\":\"\",\"potentialAction\":[{\"@type\":\"SearchAction\",\"target\":{\"@type\":\"EntryPoint\",\"urlTemplate\":\"https:\/\/pluginviet.com\/mau6\/?s={search_term_string}\"},\"query-input\":\"required name=search_term_string\"}],\"inLanguage\":\"vi\"}]}<\/script>\n<!-- \/ Yoast SEO plugin. -->","yoast_head_json":{"title":"B\u1eb1ng l\u0103ng - C\u00e2y xanh B\u00e1ch L\u1ed9c","robots":{"index":"index","follow":"follow","max-snippet":"max-snippet:-1","max-image-preview":"max-image-preview:large","max-video-preview":"max-video-preview:-1"},"canonical":"https:\/\/pluginviet.com\/mau6\/san-pham\/bang-lang\/","og_locale":"vi_VN","og_type":"article","og_title":"B\u1eb1ng l\u0103ng - C\u00e2y xanh B\u00e1ch L\u1ed9c","og_description":"C\u00e2y b\u1eb1ng l\u0103ng l\u00e0 lo\u1ea1i c\u00e2y b\u00f3ng m\u00e1t tr\u00ean \u0111\u01b0\u1eddng ph\u1ed1, c\u00e1c c\u00f4ng vi\u00ean, b\u00f3ng m\u00e1t \u1edf s\u00e2n v\u01b0\u1eddn nh\u00e0, t\u1ea1o m\u1ea3ng xanh cho khu nh\u00e0 m\u00e1y, x\u00ed nghi\u1ec7p\u2026 V\u1edbi s\u1eafc hoa t\u00edm \u0111\u1eb7c tr\u01b0ng v\u00e0 r\u1ef1c r\u1ee1, c\u00e2y b\u1eb1ng l\u0103ng t\u00edm tr\u1edf th\u00e0nh c\u00e2y b\u00f3ng m\u00e1t \u01b0a chu\u1ed9ng t\u1ea1i c\u00e1c khu \u0111\u00f4 th\u1ecb.","og_url":"https:\/\/pluginviet.com\/mau6\/san-pham\/bang-lang\/","og_site_name":"C\u00e2y xanh B\u00e1ch L\u1ed9c","article_modified_time":"2022-12-30T06:38:07+00:00","og_image":[{"width":600,"height":600,"url":"https:\/\/pluginviet.com\/mau6\/wp-content\/uploads\/2022\/12\/bang-lang.jpg","type":"image\/jpeg"}],"twitter_card":"summary_large_image","twitter_misc":{"\u01af\u1edbc t\u00ednh th\u1eddi gian \u0111\u1ecdc":"1 ph\u00fat"},"schema":{"@context":"https:\/\/schema.org","@graph":[{"@type":"WebPage","@id":"https:\/\/pluginviet.com\/mau6\/san-pham\/bang-lang\/","url":"https:\/\/pluginviet.com\/mau6\/san-pham\/bang-lang\/","name":"B\u1eb1ng l\u0103ng - C\u00e2y xanh B\u00e1ch L\u1ed9c","isPartOf":{"@id":"https:\/\/pluginviet.com\/mau6\/#website"},"datePublished":"2022-12-29T08:59:24+00:00","dateModified":"2022-12-30T06:38:07+00:00","breadcrumb":{"@id":"https:\/\/pluginviet.com\/mau6\/san-pham\/bang-lang\/#breadcrumb"},"inLanguage":"vi","potentialAction":[{"@type":"ReadAction","target":["https:\/\/pluginviet.com\/mau6\/san-pham\/bang-lang\/"]}]},{"@type":"BreadcrumbList","@id":"https:\/\/pluginviet.com\/mau6\/san-pham\/bang-lang\/#breadcrumb","itemListElement":[{"@type":"ListItem","position":1,"name":"Trang ch\u1ee7","item":"https:\/\/pluginviet.com\/mau6\/"},{"@type":"ListItem","position":2,"name":"Shop","item":"https:\/\/pluginviet.com\/mau6\/shop\/"},{"@type":"ListItem","position":3,"name":"B\u1eb1ng l\u0103ng"}]},{"@type":"WebSite","@id":"https:\/\/pluginviet.com\/mau6\/#website","url":"https:\/\/pluginviet.com\/mau6\/","name":"C\u00e2y xanh B\u00e1ch L\u1ed9c","description":"","potentialAction":[{"@type":"SearchAction","target":{"@type":"EntryPoint","urlTemplate":"https:\/\/pluginviet.com\/mau6\/?s={search_term_string}"},"query-input":"required name=search_term_string"}],"inLanguage":"vi"}]}},"_links":{"self":[{"href":"https:\/\/pluginviet.com\/mau6\/wp-json\/wp\/v2\/product\/1334"}],"collection":[{"href":"https:\/\/pluginviet.com\/mau6\/wp-json\/wp\/v2\/product"}],"about":[{"href":"https:\/\/pluginviet.com\/mau6\/wp-json\/wp\/v2\/types\/product"}],"replies":[{"embeddable":true,"href":"https:\/\/pluginviet.com\/mau6\/wp-json\/wp\/v2\/comments?post=1334"}],"wp:featuredmedia":[{"embeddable":true,"href":"https:\/\/pluginviet.com\/mau6\/wp-json\/wp\/v2\/media\/1339"}],"wp:attachment":[{"href":"https:\/\/pluginviet.com\/mau6\/wp-json\/wp\/v2\/media?parent=1334"}],"wp:term":[{"taxonomy":"product_cat","embeddable":true,"href":"https:\/\/pluginviet.com\/mau6\/wp-json\/wp\/v2\/product_cat?post=1334"},{"taxonomy":"product_tag","embeddable":true,"href":"https:\/\/pluginviet.com\/mau6\/wp-json\/wp\/v2\/product_tag?post=1334"}],"curies":[{"name":"wp","href":"https:\/\/api.w.org\/{rel}","templated":true}]}}