{"id":1333,"date":"2022-12-29T08:58:03","date_gmt":"2022-12-29T08:58:03","guid":{"rendered":"https:\/\/cayxanhbachloc.vn\/?post_type=product&#038;p=1333"},"modified":"2022-12-30T06:37:06","modified_gmt":"2022-12-30T06:37:06","slug":"co","status":"publish","type":"product","link":"https:\/\/pluginviet.com\/mau6\/san-pham\/co\/","title":{"rendered":"C\u1ecd"},"content":{"rendered":"<p>V\u1edbi nh\u1eefng t\u00e1n l\u00e1 xanh m\u01b0\u1edbt tr\u00f2n xoe l\u1ea1 m\u1eaft c\u00f9ng v\u1edbi m\u1ed9t s\u1ee9c s\u1ed1ng m\u00e3nh li\u1ec7t. Nh\u1eefng c\u00e2y c\u1ecd c\u1ea3nh \u0111\u01b0\u1ee3c nhi\u1ec1u n\u01a1i \u01b0a th\u00edch tr\u1ed3ng l\u00e0m c\u1ea3nh trong nh\u00e0 gi\u00fap l\u00e0m \u0111\u1eb9p kh\u00f4ng gian v\u00e0 c\u1ea3i thi\u1ec7n b\u1ea7u kh\u00f4ng kh\u00ed.<br \/>\nC\u1ecd l\u00e0 lo\u00e0i c\u00e2y \u0111\u01b0\u1ee3c xu\u1ea5t hi\u1ec7n kh\u00e1 nhi\u1ec1u trong s\u00e2n v\u01b0\u1eddn, nh\u00e0 ph\u1ed1 v\u00e0 cong tr\u00ecnh c\u00f4ng c\u1ed9ng. Kh\u00f4ng ch\u1ec9 c\u00f3 h\u00ecnh d\u00e1ng kh\u00e1 \u0111\u1eb9p v\u1edbi t\u00e1n l\u00e1 tr\u00f2n xoe vi\u1ec1n r\u0103ng c\u01b0a t\u00f4 \u0111i\u1ec3m cho kh\u00f4ng gian th\u00eam sinh \u0111\u1ed9ng. Lo\u1ea1i c\u00e2y n\u00e0y c\u00f2n mang nhi\u1ec1u \u00fd ngh\u0129a phong th\u1ee7y v\u00e0 l\u1ee3i \u00edch v\u1ec1 m\u1eb7t s\u1ee9c kh\u1ecfe cho con ng\u01b0\u1eddi.<\/p>\n<p>C\u00e2y c\u1ecd c\u00f3 t\u00ean khoa h\u1ecdc l\u00e0 Arecaceae thu\u1ed9c h\u1ecd cau. Nh\u1eefng kh\u00f3m c\u00e2y n\u00e0y c\u00f3 ngu\u1ed3n g\u1ed1c xu\u1ea5t x\u1ee9 t\u1eeb Nh\u1eadt b\u1ea3n \u0111\u01b0\u1ee3c du nh\u1eadp v\u00e0o n\u01b0\u1edbc ta kh\u00e1 l\u00e2u. C\u1ecd hi\u1ec7n c\u00f3 nhi\u1ec1u lo\u1ea1i v\u1edbi c\u00e1c k\u00edch th\u01b0\u1edbc kh\u00e1c nhau. V\u1edbi nh\u1eefng ch\u1eadu c\u00e2y c\u1ecd l\u00f9n d\u00e1ng nh\u1ecf nh\u1eafn r\u1ea5t ph\u00f9 h\u1ee3p tr\u1ed3ng trong nh\u00e0, \u0111\u1ec3 trong v\u0103n ph\u00f2ng l\u00e0m vi\u1ec7c r\u1ea5t \u0111\u1eb9p. Nh\u1eefng loai c\u1ecd c\u00f3 k\u00edch th\u01b0\u1edbc to h\u01a1n ph\u00f9 h\u1ee3p tr\u1ed3ng l\u00e0m c\u00e2y c\u00f4ng tr\u00ecnh. C\u00e2y thu\u1ed9c d\u1ea1ng th\u00e2n gi\u1ea3 g\u1ed7 th\u1ef1c ch\u1ea5t l\u00e0 nh\u1eefng l\u00e1 gi\u00e0 t\u1ea1o th\u00e0nh. Chi\u1ec1u cao trung<br \/>\nb\u00ecnh c\u1ee7a c\u1ecd kho\u1ea3ng 1-2m v\u1edbi gi\u1ed1ng c\u1ecd cao v\u00e0 kho\u1ea3ng 1m tr\u1edf l\u1ea1i v\u1edbi gi\u1ed1ng c\u1ecd l\u00f9n. C\u00e2y c\u00f3 h\u1ec7 t\u00e1n l\u00e1 kh\u00e1 ph\u00e1t tri\u1ec3n v\u1edbi nh\u1eefng chi\u1ebfc l\u00e1 m\u1ecdc tr\u00ean cu\u1ed1ng d\u00e0y v\u00e0 d\u00e0i tr\u00f4ng gi\u1ed1ng nh\u01b0 nh\u1eefng chi\u1ebfc qu\u1ea1t v\u1edbi nhi\u1ec1u th\u00f9y s\u00e2u cong c\u00f9ng c\u00e1c \u0111\u01b0\u1eddng s\u00f3ng ch\u1ea1y d\u00e0i. L\u00e1 c\u1ecd m\u1ecdc th\u00e0nh t\u1eebng c\u1ee5m t\u1ea1o n\u00ean t\u00e1n c\u00e2y x\u00f2e r\u1ed9ng kh\u00e1 \u0111\u1eb9p m\u1eaft. L\u00e1 c\u00e2y khi non c\u00f3 m\u00e0u xanh nh\u1ea1t v\u00e0 s\u1ebd \u0111\u1eadm d\u1ea7n khi v\u1ec1 gi\u00e0. Ch\u00ednh v\u1ebb \u0111\u1ed9c \u0111\u00e1o c\u1ee7a nh\u1eefng t\u00e1n l\u00e1 x\u00f2e ra nh\u01b0 h\u00ecnh c\u00e1i qu\u1ea1t \u0111\u00e3 t\u1ea1o \u0111i\u1ec3m nh\u1ea5n cho kh\u00f4ng gian s\u1ed1ng th\u00eam sinh \u0111\u1ed9ng h\u01a1n n\u00ean \u0111\u01b0\u1ee3c nhi\u1ec1u gia \u0111\u00ecnh v\u00e0 gi\u1edbi v\u0103n ph\u00f2ng \u01b0a chu\u1ed9ng.<\/p>\n","protected":false},"excerpt":{"rendered":"<p>V\u1edbi nh\u1eefng t\u00e1n l\u00e1 xanh m\u01b0\u1edbt tr\u00f2n xoe l\u1ea1 m\u1eaft c\u00f9ng v\u1edbi m\u1ed9t s\u1ee9c s\u1ed1ng m\u00e3nh li\u1ec7t. Nh\u1eefng c\u00e2y c\u1ecd c\u1ea3nh \u0111\u01b0\u1ee3c nhi\u1ec1u n\u01a1i \u01b0a th\u00edch tr\u1ed3ng l\u00e0m c\u1ea3nh trong nh\u00e0 gi\u00fap l\u00e0m \u0111\u1eb9p kh\u00f4ng gian v\u00e0 c\u1ea3i thi\u1ec7n b\u1ea7u kh\u00f4ng kh\u00ed.<br \/>\nC\u1ecd l\u00e0 lo\u00e0i c\u00e2y \u0111\u01b0\u1ee3c xu\u1ea5t hi\u1ec7n kh\u00e1 nhi\u1ec1u trong s\u00e2n v\u01b0\u1eddn, nh\u00e0 ph\u1ed1 v\u00e0 cong tr\u00ecnh c\u00f4ng c\u1ed9ng. Kh\u00f4ng ch\u1ec9 c\u00f3 h\u00ecnh d\u00e1ng kh\u00e1 \u0111\u1eb9p v\u1edbi t\u00e1n l\u00e1 tr\u00f2n xoe vi\u1ec1n r\u0103ng c\u01b0a t\u00f4 \u0111i\u1ec3m cho kh\u00f4ng gian th\u00eam sinh \u0111\u1ed9ng. Lo\u1ea1i c\u00e2y n\u00e0y c\u00f2n mang nhi\u1ec1u \u00fd ngh\u0129a phong th\u1ee7y v\u00e0 l\u1ee3i \u00edch v\u1ec1 m\u1eb7t s\u1ee9c kh\u1ecfe cho con ng\u01b0\u1eddi.<\/p>\n","protected":false},"featured_media":1338,"comment_status":"open","ping_status":"closed","template":"","meta":[],"product_cat":[15,123],"product_tag":[],"yoast_head":"<!-- This site is optimized with the Yoast SEO plugin v20.11 - https:\/\/yoast.com\/wordpress\/plugins\/seo\/ -->\n<title>C\u1ecd - C\u00e2y xanh B\u00e1ch L\u1ed9c<\/title>\n<meta name=\"robots\" content=\"index, follow, max-snippet:-1, max-image-preview:large, max-video-preview:-1\" \/>\n<link rel=\"canonical\" href=\"https:\/\/pluginviet.com\/mau6\/san-pham\/co\/\" \/>\n<meta property=\"og:locale\" content=\"vi_VN\" \/>\n<meta property=\"og:type\" content=\"article\" \/>\n<meta property=\"og:title\" content=\"C\u1ecd - C\u00e2y xanh B\u00e1ch L\u1ed9c\" \/>\n<meta property=\"og:description\" content=\"V\u1edbi nh\u1eefng t\u00e1n l\u00e1 xanh m\u01b0\u1edbt tr\u00f2n xoe l\u1ea1 m\u1eaft c\u00f9ng v\u1edbi m\u1ed9t s\u1ee9c s\u1ed1ng m\u00e3nh li\u1ec7t. Nh\u1eefng c\u00e2y c\u1ecd c\u1ea3nh \u0111\u01b0\u1ee3c nhi\u1ec1u n\u01a1i \u01b0a th\u00edch tr\u1ed3ng l\u00e0m c\u1ea3nh trong nh\u00e0 gi\u00fap l\u00e0m \u0111\u1eb9p kh\u00f4ng gian v\u00e0 c\u1ea3i thi\u1ec7n b\u1ea7u kh\u00f4ng kh\u00ed. C\u1ecd l\u00e0 lo\u00e0i c\u00e2y \u0111\u01b0\u1ee3c xu\u1ea5t hi\u1ec7n kh\u00e1 nhi\u1ec1u trong s\u00e2n v\u01b0\u1eddn, nh\u00e0 ph\u1ed1 v\u00e0 cong tr\u00ecnh c\u00f4ng c\u1ed9ng. Kh\u00f4ng ch\u1ec9 c\u00f3 h\u00ecnh d\u00e1ng kh\u00e1 \u0111\u1eb9p v\u1edbi t\u00e1n l\u00e1 tr\u00f2n xoe vi\u1ec1n r\u0103ng c\u01b0a t\u00f4 \u0111i\u1ec3m cho kh\u00f4ng gian th\u00eam sinh \u0111\u1ed9ng. Lo\u1ea1i c\u00e2y n\u00e0y c\u00f2n mang nhi\u1ec1u \u00fd ngh\u0129a phong th\u1ee7y v\u00e0 l\u1ee3i \u00edch v\u1ec1 m\u1eb7t s\u1ee9c kh\u1ecfe cho con ng\u01b0\u1eddi.\" \/>\n<meta property=\"og:url\" content=\"https:\/\/pluginviet.com\/mau6\/san-pham\/co\/\" \/>\n<meta property=\"og:site_name\" content=\"C\u00e2y xanh B\u00e1ch L\u1ed9c\" \/>\n<meta property=\"article:modified_time\" content=\"2022-12-30T06:37:06+00:00\" \/>\n<meta property=\"og:image\" content=\"https:\/\/pluginviet.com\/mau6\/wp-content\/uploads\/2022\/12\/cayco.jpg\" \/>\n\t<meta property=\"og:image:width\" content=\"600\" \/>\n\t<meta property=\"og:image:height\" content=\"600\" \/>\n\t<meta property=\"og:image:type\" content=\"image\/jpeg\" \/>\n<meta name=\"twitter:card\" content=\"summary_large_image\" \/>\n<meta name=\"twitter:label1\" content=\"\u01af\u1edbc t\u00ednh th\u1eddi gian \u0111\u1ecdc\" \/>\n\t<meta name=\"twitter:data1\" content=\"2 ph\u00fat\" \/>\n<script type=\"application\/ld+json\" class=\"yoast-schema-graph\">{\"@context\":\"https:\/\/schema.org\",\"@graph\":[{\"@type\":\"WebPage\",\"@id\":\"https:\/\/pluginviet.com\/mau6\/san-pham\/co\/\",\"url\":\"https:\/\/pluginviet.com\/mau6\/san-pham\/co\/\",\"name\":\"C\u1ecd - C\u00e2y xanh B\u00e1ch L\u1ed9c\",\"isPartOf\":{\"@id\":\"https:\/\/pluginviet.com\/mau6\/#website\"},\"datePublished\":\"2022-12-29T08:58:03+00:00\",\"dateModified\":\"2022-12-30T06:37:06+00:00\",\"breadcrumb\":{\"@id\":\"https:\/\/pluginviet.com\/mau6\/san-pham\/co\/#breadcrumb\"},\"inLanguage\":\"vi\",\"potentialAction\":[{\"@type\":\"ReadAction\",\"target\":[\"https:\/\/pluginviet.com\/mau6\/san-pham\/co\/\"]}]},{\"@type\":\"BreadcrumbList\",\"@id\":\"https:\/\/pluginviet.com\/mau6\/san-pham\/co\/#breadcrumb\",\"itemListElement\":[{\"@type\":\"ListItem\",\"position\":1,\"name\":\"Trang ch\u1ee7\",\"item\":\"https:\/\/pluginviet.com\/mau6\/\"},{\"@type\":\"ListItem\",\"position\":2,\"name\":\"Shop\",\"item\":\"https:\/\/pluginviet.com\/mau6\/shop\/\"},{\"@type\":\"ListItem\",\"position\":3,\"name\":\"C\u1ecd\"}]},{\"@type\":\"WebSite\",\"@id\":\"https:\/\/pluginviet.com\/mau6\/#website\",\"url\":\"https:\/\/pluginviet.com\/mau6\/\",\"name\":\"C\u00e2y xanh B\u00e1ch L\u1ed9c\",\"description\":\"\",\"potentialAction\":[{\"@type\":\"SearchAction\",\"target\":{\"@type\":\"EntryPoint\",\"urlTemplate\":\"https:\/\/pluginviet.com\/mau6\/?s={search_term_string}\"},\"query-input\":\"required name=search_term_string\"}],\"inLanguage\":\"vi\"}]}<\/script>\n<!-- \/ Yoast SEO plugin. -->","yoast_head_json":{"title":"C\u1ecd - C\u00e2y xanh B\u00e1ch L\u1ed9c","robots":{"index":"index","follow":"follow","max-snippet":"max-snippet:-1","max-image-preview":"max-image-preview:large","max-video-preview":"max-video-preview:-1"},"canonical":"https:\/\/pluginviet.com\/mau6\/san-pham\/co\/","og_locale":"vi_VN","og_type":"article","og_title":"C\u1ecd - C\u00e2y xanh B\u00e1ch L\u1ed9c","og_description":"V\u1edbi nh\u1eefng t\u00e1n l\u00e1 xanh m\u01b0\u1edbt tr\u00f2n xoe l\u1ea1 m\u1eaft c\u00f9ng v\u1edbi m\u1ed9t s\u1ee9c s\u1ed1ng m\u00e3nh li\u1ec7t. Nh\u1eefng c\u00e2y c\u1ecd c\u1ea3nh \u0111\u01b0\u1ee3c nhi\u1ec1u n\u01a1i \u01b0a th\u00edch tr\u1ed3ng l\u00e0m c\u1ea3nh trong nh\u00e0 gi\u00fap l\u00e0m \u0111\u1eb9p kh\u00f4ng gian v\u00e0 c\u1ea3i thi\u1ec7n b\u1ea7u kh\u00f4ng kh\u00ed. C\u1ecd l\u00e0 lo\u00e0i c\u00e2y \u0111\u01b0\u1ee3c xu\u1ea5t hi\u1ec7n kh\u00e1 nhi\u1ec1u trong s\u00e2n v\u01b0\u1eddn, nh\u00e0 ph\u1ed1 v\u00e0 cong tr\u00ecnh c\u00f4ng c\u1ed9ng. Kh\u00f4ng ch\u1ec9 c\u00f3 h\u00ecnh d\u00e1ng kh\u00e1 \u0111\u1eb9p v\u1edbi t\u00e1n l\u00e1 tr\u00f2n xoe vi\u1ec1n r\u0103ng c\u01b0a t\u00f4 \u0111i\u1ec3m cho kh\u00f4ng gian th\u00eam sinh \u0111\u1ed9ng. Lo\u1ea1i c\u00e2y n\u00e0y c\u00f2n mang nhi\u1ec1u \u00fd ngh\u0129a phong th\u1ee7y v\u00e0 l\u1ee3i \u00edch v\u1ec1 m\u1eb7t s\u1ee9c kh\u1ecfe cho con ng\u01b0\u1eddi.","og_url":"https:\/\/pluginviet.com\/mau6\/san-pham\/co\/","og_site_name":"C\u00e2y xanh B\u00e1ch L\u1ed9c","article_modified_time":"2022-12-30T06:37:06+00:00","og_image":[{"width":600,"height":600,"url":"https:\/\/pluginviet.com\/mau6\/wp-content\/uploads\/2022\/12\/cayco.jpg","type":"image\/jpeg"}],"twitter_card":"summary_large_image","twitter_misc":{"\u01af\u1edbc t\u00ednh th\u1eddi gian \u0111\u1ecdc":"2 ph\u00fat"},"schema":{"@context":"https:\/\/schema.org","@graph":[{"@type":"WebPage","@id":"https:\/\/pluginviet.com\/mau6\/san-pham\/co\/","url":"https:\/\/pluginviet.com\/mau6\/san-pham\/co\/","name":"C\u1ecd - C\u00e2y xanh B\u00e1ch L\u1ed9c","isPartOf":{"@id":"https:\/\/pluginviet.com\/mau6\/#website"},"datePublished":"2022-12-29T08:58:03+00:00","dateModified":"2022-12-30T06:37:06+00:00","breadcrumb":{"@id":"https:\/\/pluginviet.com\/mau6\/san-pham\/co\/#breadcrumb"},"inLanguage":"vi","potentialAction":[{"@type":"ReadAction","target":["https:\/\/pluginviet.com\/mau6\/san-pham\/co\/"]}]},{"@type":"BreadcrumbList","@id":"https:\/\/pluginviet.com\/mau6\/san-pham\/co\/#breadcrumb","itemListElement":[{"@type":"ListItem","position":1,"name":"Trang ch\u1ee7","item":"https:\/\/pluginviet.com\/mau6\/"},{"@type":"ListItem","position":2,"name":"Shop","item":"https:\/\/pluginviet.com\/mau6\/shop\/"},{"@type":"ListItem","position":3,"name":"C\u1ecd"}]},{"@type":"WebSite","@id":"https:\/\/pluginviet.com\/mau6\/#website","url":"https:\/\/pluginviet.com\/mau6\/","name":"C\u00e2y xanh B\u00e1ch L\u1ed9c","description":"","potentialAction":[{"@type":"SearchAction","target":{"@type":"EntryPoint","urlTemplate":"https:\/\/pluginviet.com\/mau6\/?s={search_term_string}"},"query-input":"required name=search_term_string"}],"inLanguage":"vi"}]}},"_links":{"self":[{"href":"https:\/\/pluginviet.com\/mau6\/wp-json\/wp\/v2\/product\/1333"}],"collection":[{"href":"https:\/\/pluginviet.com\/mau6\/wp-json\/wp\/v2\/product"}],"about":[{"href":"https:\/\/pluginviet.com\/mau6\/wp-json\/wp\/v2\/types\/product"}],"replies":[{"embeddable":true,"href":"https:\/\/pluginviet.com\/mau6\/wp-json\/wp\/v2\/comments?post=1333"}],"wp:featuredmedia":[{"embeddable":true,"href":"https:\/\/pluginviet.com\/mau6\/wp-json\/wp\/v2\/media\/1338"}],"wp:attachment":[{"href":"https:\/\/pluginviet.com\/mau6\/wp-json\/wp\/v2\/media?parent=1333"}],"wp:term":[{"taxonomy":"product_cat","embeddable":true,"href":"https:\/\/pluginviet.com\/mau6\/wp-json\/wp\/v2\/product_cat?post=1333"},{"taxonomy":"product_tag","embeddable":true,"href":"https:\/\/pluginviet.com\/mau6\/wp-json\/wp\/v2\/product_tag?post=1333"}],"curies":[{"name":"wp","href":"https:\/\/api.w.org\/{rel}","templated":true}]}}