{"id":1331,"date":"2022-12-29T08:53:28","date_gmt":"2022-12-29T08:53:28","guid":{"rendered":"https:\/\/cayxanhbachloc.vn\/?post_type=product&#038;p=1331"},"modified":"2022-12-30T04:54:40","modified_gmt":"2022-12-30T04:54:40","slug":"ban-tay-bac","status":"publish","type":"product","link":"https:\/\/pluginviet.com\/mau6\/san-pham\/ban-tay-bac\/","title":{"rendered":"Ban T\u00e2y B\u1eafc"},"content":{"rendered":"<p>C\u00e2y b\u1ee5i l\u1edbn ho\u1eb7c g\u1ed7 nh\u1ecf c\u00f3 th\u1ec3 cao t\u1edbi 10-12 m. T\u00e1n c\u00e2y d\u1ea1ng ph\u00e2n t\u00e1n, th\u00e2n c\u00e2y d\u1ea1ng h\u1ee3p tr\u1ee5c. C\u00e0nh non h\u01a1i c\u00f3 l\u00f4ng. L\u00e1 k\u00e9p li\u1ec1n th\u00e2n m\u1ecdc c\u00e1ch. K\u00edch th\u01b0\u1edbc phi\u1ebfn l\u00e1 c\u1ee7a n\u00f3 d\u00e0i kho\u1ea3ng 10-20 cm v\u00e0 r\u1ed9ng b\u1ea3n, tr\u00f2n v\u00e0 l\u01b0\u1ee1ng th\u00f9y \u1edf g\u1ed1c v\u00e0 \u0111\u1ec9nh phi\u1ebfn l\u00e1. M\u1eb7t tr\u00ean kh\u00f4ng l\u00f4ng, m\u1eb7t d\u01b0\u1edbi c\u00f3 \u00edt l\u00f4ng. Hoa th\u01b0\u1eddng m\u1ecdc ra t\u1eeb n\u00e1ch l\u00e1 c\u00f2n non. Hoa c\u1ee7a n\u00f3 d\u1ec5 th\u1ea5y, c\u00f3 5 c\u00e1nh c\u00f3 m\u00e0u th\u01b0\u1eddng l\u00e0 m\u00e0u tr\u1eafng c\u00f3 s\u1ecdc h\u1ed3ng nh\u1ea1t, t\u00edm ho\u1eb7c l\u00e0 m\u00e0u ph\u1edbt t\u00edm c\u00f3 s\u1ecdc t\u00edm \u0111\u1eadm h\u01a1n, h\u1ed3ng nh\u1ea1t c\u00f3 s\u1ecdc \u0111\u1eadm h\u01a1n. \u0110\u01b0\u1eddng k\u00ednh hoa kho\u1ea3ng t\u1eeb 8\u201312 cm. M\u00f9a hoa v\u00e0o th\u00e1ng 3-4. Qu\u1ea3 l\u00e0 lo\u1ea1i qu\u1ea3 \u0111\u1eadu d\u00e0i 15\u201330 cm, b\u00ean trong ch\u1ee9a v\u00e0i h\u1ea1t.<\/p>\n<p>C\u00e2y hoa ban T\u00e2y B\u1eafc l\u00e0 c\u00e2y mang \u0111\u1eadm b\u1ea3n s\u1eafc c\u1ee7a n\u00fai r\u1eebng T\u00e2y B\u1eafc, l\u00e0 ch\u00faa c\u1ee7a c\u00e1c lo\u00e0i hoa. Hoa ban mang m\u1ed9t m\u00e0u tr\u1eafng tinh khi\u1ebft c\u00f9ng m\u1ed9t s\u1ee9c s\u1ed1ng m\u1ea1nh m\u1ebd. L\u00e0 bi\u1ec3u t\u01b0\u1ee3ng cho s\u1ef1 chung th\u1ee7y, thu\u1ea7n khi\u1ebft v\u00e0 v\u1ebb \u0111\u1eb9p c\u1ee7a ng\u01b0\u1eddi ph\u1ee5 n\u1eef. \u0110\u1ed3ng th\u1eddi c\u00e2y hoa ban th\u1ec3 hi\u1ec7n s\u1ee9c s\u1ed1ng m\u00e3nh li\u1ec7t. S\u1ef1 ki\u00ean c\u01b0\u1eddng tr\u01b0\u1edbc m\u1ecdi kh\u00f3 kh\u0103n, s\u00f3ng gi\u00f3 c\u1ee7a con ng\u01b0\u1eddi \u0111\u1ec3 v\u01b0\u01a1n l\u00ean \u0111\u00f3n nh\u1eadn nh\u1eefng g\u00ec \u0111\u1eb9p nh\u1ea5t.<\/p>\n<p>Hoa Ban c\u00f3 v\u1ebb \u0111\u1eb9p thanh tho\u00e1t, d\u1ecbu d\u00e0ng, l\u00e3ng m\u1ea1n v\u00e0 h\u01b0\u01a1ng th\u01a1m ng\u00e2y ng\u1ea5t. \u0110\u00e3 \u0111i v\u00e0o \u0111\u1eddi s\u1ed1ng v\u0103n h\u00f3a, tinh th\u1ea7n c\u1ee7a nh\u00e2n d\u00e2n T\u00e2y B\u1eafc. C\u00e2y hoa ban l\u00e0 lo\u00e0i c\u00e2y hoa mang nhi\u1ec1u \u00fd ngh\u0129a v\u00e0 c\u00f4ng d\u1ee5ng. \u0110\u1eb7c bi\u1ec7t l\u00e0 t\u00ecnh y\u00eau, s\u1ef1 ch\u00e2n th\u00e0nh thanh cao.<\/p>\n<p>Hoa Ban l\u00e0m \u0111\u1eb9p m\u00f9a xu\u00e2n, m\u00f9a h\u1ed9i h\u00e1i hoa theo phong t\u1ee5c Th\u00e1i tr\u1eafng. X\u01b0a kia H\u1ed9i Hoa Ban ch\u00ednh l\u00e0 ng\u00e0y h\u1ed9i l\u1edbn nh\u1ea5t c\u1ee7a x\u1ee9 Th\u00e1i, ng\u00e0y h\u1ed9i c\u1ee7a t\u00ecnh y\u00eau.<\/p>\n<p>Hoa Ban l\u00e0 m\u1ed9t trong nh\u1eefng s\u1ea3n v\u1eadt c\u1ee7a n\u00fai r\u1eebng T\u00e2y B\u1eafc. H\u00e0ng ngh\u00ecn \u0111\u1eddi nay, hoa ban \u0111\u00e3 r\u1ea5t t\u1ef1 nhi\u00ean \u0111i v\u00e0o \u0111\u1eddi s\u1ed1ng v\u0103n h\u00f3a \u2013 t\u00e2m linh c\u1ee7a nh\u00e2n d\u00e2n T\u00e2y B\u1eafc. V\u1edbi \u0111\u1ed3ng b\u00e0o Th\u00e1i, c\u00f3 l\u1ebd kh\u00f4ng ai l\u00e0 kh\u00f4ng tr\u1ea3i qua tu\u1ed5i thanh xu\u00e2n. V\u1edbi nh\u1eefng tr\u00f2 ch\u01a1i th\u00fa v\u1ecb h\u00e1i hoa ban v\u00e0 h\u00e1t giao duy\u00ean.<\/p>\n","protected":false},"excerpt":{"rendered":"<p>Hoa Ban l\u00e0 m\u1ed9t trong nh\u1eefng s\u1ea3n v\u1eadt c\u1ee7a n\u00fai r\u1eebng T\u00e2y B\u1eafc. H\u00e0ng ngh\u00ecn \u0111\u1eddi nay, hoa ban \u0111\u00e3 r\u1ea5t t\u1ef1 nhi\u00ean \u0111i v\u00e0o \u0111\u1eddi s\u1ed1ng v\u0103n h\u00f3a \u2013 t\u00e2m linh c\u1ee7a nh\u00e2n d\u00e2n T\u00e2y B\u1eafc. V\u1edbi \u0111\u1ed3ng b\u00e0o Th\u00e1i, c\u00f3 l\u1ebd kh\u00f4ng ai l\u00e0 kh\u00f4ng tr\u1ea3i qua tu\u1ed5i thanh xu\u00e2n. V\u1edbi nh\u1eefng tr\u00f2 ch\u01a1i th\u00fa v\u1ecb h\u00e1i hoa ban v\u00e0 h\u00e1t giao duy\u00ean.<\/p>\n","protected":false},"featured_media":1336,"comment_status":"open","ping_status":"closed","template":"","meta":[],"product_cat":[15,123],"product_tag":[],"yoast_head":"<!-- This site is optimized with the Yoast SEO plugin v20.11 - https:\/\/yoast.com\/wordpress\/plugins\/seo\/ -->\n<title>Ban T\u00e2y B\u1eafc - C\u00e2y xanh B\u00e1ch L\u1ed9c<\/title>\n<meta name=\"robots\" content=\"index, follow, max-snippet:-1, max-image-preview:large, max-video-preview:-1\" \/>\n<link rel=\"canonical\" href=\"https:\/\/pluginviet.com\/mau6\/san-pham\/ban-tay-bac\/\" \/>\n<meta property=\"og:locale\" content=\"vi_VN\" \/>\n<meta property=\"og:type\" content=\"article\" \/>\n<meta property=\"og:title\" content=\"Ban T\u00e2y B\u1eafc - C\u00e2y xanh B\u00e1ch L\u1ed9c\" \/>\n<meta property=\"og:description\" content=\"Hoa Ban l\u00e0 m\u1ed9t trong nh\u1eefng s\u1ea3n v\u1eadt c\u1ee7a n\u00fai r\u1eebng T\u00e2y B\u1eafc. H\u00e0ng ngh\u00ecn \u0111\u1eddi nay, hoa ban \u0111\u00e3 r\u1ea5t t\u1ef1 nhi\u00ean \u0111i v\u00e0o \u0111\u1eddi s\u1ed1ng v\u0103n h\u00f3a \u2013 t\u00e2m linh c\u1ee7a nh\u00e2n d\u00e2n T\u00e2y B\u1eafc. V\u1edbi \u0111\u1ed3ng b\u00e0o Th\u00e1i, c\u00f3 l\u1ebd kh\u00f4ng ai l\u00e0 kh\u00f4ng tr\u1ea3i qua tu\u1ed5i thanh xu\u00e2n. V\u1edbi nh\u1eefng tr\u00f2 ch\u01a1i th\u00fa v\u1ecb h\u00e1i hoa ban v\u00e0 h\u00e1t giao duy\u00ean.\" \/>\n<meta property=\"og:url\" content=\"https:\/\/pluginviet.com\/mau6\/san-pham\/ban-tay-bac\/\" \/>\n<meta property=\"og:site_name\" content=\"C\u00e2y xanh B\u00e1ch L\u1ed9c\" \/>\n<meta property=\"article:modified_time\" content=\"2022-12-30T04:54:40+00:00\" \/>\n<meta property=\"og:image\" content=\"https:\/\/pluginviet.com\/mau6\/wp-content\/uploads\/2022\/12\/bantaybac.jpg\" \/>\n\t<meta property=\"og:image:width\" content=\"600\" \/>\n\t<meta property=\"og:image:height\" content=\"600\" \/>\n\t<meta property=\"og:image:type\" content=\"image\/jpeg\" \/>\n<meta name=\"twitter:card\" content=\"summary_large_image\" \/>\n<meta name=\"twitter:label1\" content=\"\u01af\u1edbc t\u00ednh th\u1eddi gian \u0111\u1ecdc\" \/>\n\t<meta name=\"twitter:data1\" content=\"3 ph\u00fat\" \/>\n<script type=\"application\/ld+json\" class=\"yoast-schema-graph\">{\"@context\":\"https:\/\/schema.org\",\"@graph\":[{\"@type\":\"WebPage\",\"@id\":\"https:\/\/pluginviet.com\/mau6\/san-pham\/ban-tay-bac\/\",\"url\":\"https:\/\/pluginviet.com\/mau6\/san-pham\/ban-tay-bac\/\",\"name\":\"Ban T\u00e2y B\u1eafc - C\u00e2y xanh B\u00e1ch L\u1ed9c\",\"isPartOf\":{\"@id\":\"https:\/\/pluginviet.com\/mau6\/#website\"},\"datePublished\":\"2022-12-29T08:53:28+00:00\",\"dateModified\":\"2022-12-30T04:54:40+00:00\",\"breadcrumb\":{\"@id\":\"https:\/\/pluginviet.com\/mau6\/san-pham\/ban-tay-bac\/#breadcrumb\"},\"inLanguage\":\"vi\",\"potentialAction\":[{\"@type\":\"ReadAction\",\"target\":[\"https:\/\/pluginviet.com\/mau6\/san-pham\/ban-tay-bac\/\"]}]},{\"@type\":\"BreadcrumbList\",\"@id\":\"https:\/\/pluginviet.com\/mau6\/san-pham\/ban-tay-bac\/#breadcrumb\",\"itemListElement\":[{\"@type\":\"ListItem\",\"position\":1,\"name\":\"Trang ch\u1ee7\",\"item\":\"https:\/\/pluginviet.com\/mau6\/\"},{\"@type\":\"ListItem\",\"position\":2,\"name\":\"Shop\",\"item\":\"https:\/\/pluginviet.com\/mau6\/shop\/\"},{\"@type\":\"ListItem\",\"position\":3,\"name\":\"Ban T\u00e2y B\u1eafc\"}]},{\"@type\":\"WebSite\",\"@id\":\"https:\/\/pluginviet.com\/mau6\/#website\",\"url\":\"https:\/\/pluginviet.com\/mau6\/\",\"name\":\"C\u00e2y xanh B\u00e1ch L\u1ed9c\",\"description\":\"\",\"potentialAction\":[{\"@type\":\"SearchAction\",\"target\":{\"@type\":\"EntryPoint\",\"urlTemplate\":\"https:\/\/pluginviet.com\/mau6\/?s={search_term_string}\"},\"query-input\":\"required name=search_term_string\"}],\"inLanguage\":\"vi\"}]}<\/script>\n<!-- \/ Yoast SEO plugin. -->","yoast_head_json":{"title":"Ban T\u00e2y B\u1eafc - C\u00e2y xanh B\u00e1ch L\u1ed9c","robots":{"index":"index","follow":"follow","max-snippet":"max-snippet:-1","max-image-preview":"max-image-preview:large","max-video-preview":"max-video-preview:-1"},"canonical":"https:\/\/pluginviet.com\/mau6\/san-pham\/ban-tay-bac\/","og_locale":"vi_VN","og_type":"article","og_title":"Ban T\u00e2y B\u1eafc - C\u00e2y xanh B\u00e1ch L\u1ed9c","og_description":"Hoa Ban l\u00e0 m\u1ed9t trong nh\u1eefng s\u1ea3n v\u1eadt c\u1ee7a n\u00fai r\u1eebng T\u00e2y B\u1eafc. H\u00e0ng ngh\u00ecn \u0111\u1eddi nay, hoa ban \u0111\u00e3 r\u1ea5t t\u1ef1 nhi\u00ean \u0111i v\u00e0o \u0111\u1eddi s\u1ed1ng v\u0103n h\u00f3a \u2013 t\u00e2m linh c\u1ee7a nh\u00e2n d\u00e2n T\u00e2y B\u1eafc. V\u1edbi \u0111\u1ed3ng b\u00e0o Th\u00e1i, c\u00f3 l\u1ebd kh\u00f4ng ai l\u00e0 kh\u00f4ng tr\u1ea3i qua tu\u1ed5i thanh xu\u00e2n. V\u1edbi nh\u1eefng tr\u00f2 ch\u01a1i th\u00fa v\u1ecb h\u00e1i hoa ban v\u00e0 h\u00e1t giao duy\u00ean.","og_url":"https:\/\/pluginviet.com\/mau6\/san-pham\/ban-tay-bac\/","og_site_name":"C\u00e2y xanh B\u00e1ch L\u1ed9c","article_modified_time":"2022-12-30T04:54:40+00:00","og_image":[{"width":600,"height":600,"url":"https:\/\/pluginviet.com\/mau6\/wp-content\/uploads\/2022\/12\/bantaybac.jpg","type":"image\/jpeg"}],"twitter_card":"summary_large_image","twitter_misc":{"\u01af\u1edbc t\u00ednh th\u1eddi gian \u0111\u1ecdc":"3 ph\u00fat"},"schema":{"@context":"https:\/\/schema.org","@graph":[{"@type":"WebPage","@id":"https:\/\/pluginviet.com\/mau6\/san-pham\/ban-tay-bac\/","url":"https:\/\/pluginviet.com\/mau6\/san-pham\/ban-tay-bac\/","name":"Ban T\u00e2y B\u1eafc - C\u00e2y xanh B\u00e1ch L\u1ed9c","isPartOf":{"@id":"https:\/\/pluginviet.com\/mau6\/#website"},"datePublished":"2022-12-29T08:53:28+00:00","dateModified":"2022-12-30T04:54:40+00:00","breadcrumb":{"@id":"https:\/\/pluginviet.com\/mau6\/san-pham\/ban-tay-bac\/#breadcrumb"},"inLanguage":"vi","potentialAction":[{"@type":"ReadAction","target":["https:\/\/pluginviet.com\/mau6\/san-pham\/ban-tay-bac\/"]}]},{"@type":"BreadcrumbList","@id":"https:\/\/pluginviet.com\/mau6\/san-pham\/ban-tay-bac\/#breadcrumb","itemListElement":[{"@type":"ListItem","position":1,"name":"Trang ch\u1ee7","item":"https:\/\/pluginviet.com\/mau6\/"},{"@type":"ListItem","position":2,"name":"Shop","item":"https:\/\/pluginviet.com\/mau6\/shop\/"},{"@type":"ListItem","position":3,"name":"Ban T\u00e2y B\u1eafc"}]},{"@type":"WebSite","@id":"https:\/\/pluginviet.com\/mau6\/#website","url":"https:\/\/pluginviet.com\/mau6\/","name":"C\u00e2y xanh B\u00e1ch L\u1ed9c","description":"","potentialAction":[{"@type":"SearchAction","target":{"@type":"EntryPoint","urlTemplate":"https:\/\/pluginviet.com\/mau6\/?s={search_term_string}"},"query-input":"required name=search_term_string"}],"inLanguage":"vi"}]}},"_links":{"self":[{"href":"https:\/\/pluginviet.com\/mau6\/wp-json\/wp\/v2\/product\/1331"}],"collection":[{"href":"https:\/\/pluginviet.com\/mau6\/wp-json\/wp\/v2\/product"}],"about":[{"href":"https:\/\/pluginviet.com\/mau6\/wp-json\/wp\/v2\/types\/product"}],"replies":[{"embeddable":true,"href":"https:\/\/pluginviet.com\/mau6\/wp-json\/wp\/v2\/comments?post=1331"}],"wp:featuredmedia":[{"embeddable":true,"href":"https:\/\/pluginviet.com\/mau6\/wp-json\/wp\/v2\/media\/1336"}],"wp:attachment":[{"href":"https:\/\/pluginviet.com\/mau6\/wp-json\/wp\/v2\/media?parent=1331"}],"wp:term":[{"taxonomy":"product_cat","embeddable":true,"href":"https:\/\/pluginviet.com\/mau6\/wp-json\/wp\/v2\/product_cat?post=1331"},{"taxonomy":"product_tag","embeddable":true,"href":"https:\/\/pluginviet.com\/mau6\/wp-json\/wp\/v2\/product_tag?post=1331"}],"curies":[{"name":"wp","href":"https:\/\/api.w.org\/{rel}","templated":true}]}}