{"id":1330,"date":"2022-12-29T08:51:50","date_gmt":"2022-12-29T08:51:50","guid":{"rendered":"https:\/\/cayxanhbachloc.vn\/?post_type=product&#038;p=1330"},"modified":"2022-12-30T04:49:08","modified_gmt":"2022-12-30T04:49:08","slug":"bang-la-nho","status":"publish","type":"product","link":"https:\/\/pluginviet.com\/mau6\/san-pham\/bang-la-nho\/","title":{"rendered":"B\u00e0ng l\u00e1 nh\u1ecf"},"content":{"rendered":"<p>B\u00e0ng l\u00e1 nh\u1ecf ng\u00e0y c\u00e0ng \u0111\u01b0\u1ee3c \u01b0a chu\u1ed9ng v\u00ec h\u00ecnh d\u00e1ng th\u1eb3ng, t\u00e1n l\u00e1 \u0111\u1eb9p, l\u00e1 nh\u1ecf li ti, khi r\u1ee5ng \u00edt g\u00e2y \u00f4 nhi\u1ec5m, v\u00ec v\u1eady c\u00e2y \u0111\u01b0\u1ee3c tr\u1ed3ng l\u1ea5y b\u00f3ng m\u00e1t \u1edf kh\u1eafp m\u1ecdi n\u01a1i ch\u1eb3ng h\u1ea1n nh\u01b0 tr\u01b0\u1eddng h\u1ecdc, c\u00f4ng vi\u00ean, \u0111\u01b0\u1eddng ph\u1ed1, c\u00e1c khu \u0111\u00f4 th\u1ecb, khu du l\u1ecbch, d\u1ef1 \u00e1n nh\u00e0 \u1edf, tr\u1ed3ng c\u00e2y xanh cho ng\u00e2n h\u00e0ng, khu c\u00f4ng nghi\u1ec7p, v\u1ec9a h\u00e8, c\u00f4ng vi\u00ean\u2026 c\u00e2y v\u1eeba l\u00e0m cho kh\u00f4ng gian th\u00eam m\u00e1t m\u1ebb v\u1eeba l\u1ecdc kh\u00ed \u0111\u1ed9c h\u1ea1i tr\u1ea3 l\u1ea1i b\u1ea7u kh\u00f4ng kh\u00ed trong l\u00e0nh, m\u00e0 nh\u1edd c\u00f3 d\u00e1ng th\u1eb3ng n\u00ean s\u1ebd h\u1ea1n ch\u1ebf \u0111\u01b0\u1ee3c vi\u1ec7c c\u00e2y g\u1eaby \u0111\u1ed5 do m\u01b0a b\u00e3o t\u1eeb \u0111\u00f3 gi\u1ea3m chi ph\u00ed ch\u0103m s\u00f3c, c\u1eaft t\u1ec9a c\u00e2y. C\u00e2y ph\u00f9 h\u1ee3p v\u1edbi kh\u00ed h\u1eadu nhi\u1ec7t \u0111\u1edbi, do \u0111\u00f3 r\u1ea5t h\u1ee3p v\u1edbi th\u1eddi ti\u1ebft \u1edf Vi\u1ec7t Nam.<\/p>\n<p>Ngo\u00e0i vi\u1ec7c tr\u1ed3ng tr\u1ed3ng b\u00e0n \u0110\u00e0i Loan l\u00e0m c\u00e2y b\u00f3ng m\u00e1t ra th\u00ec nh\u1edd vi\u1ec7c d\u1ec5 tr\u1ed3ng, d\u1ec5 s\u1ed1ng ta c\u00f2n c\u00f3 th\u1ec3 tr\u1ed3ng b\u00e0ng \u0111\u00e0i loan trong ch\u1eadu nh\u1ecf, k\u1ebft h\u1ee3p v\u1edbi c\u1eaft t\u1ec9a \u0111\u1ec3 l\u00e0m c\u00e2y tr\u00f4ng trong nh\u00e0 gi\u00fap t\u1ea1o kh\u00f4ng gian s\u1ed1ng xanh cho gia \u0111\u00ecnh.<\/p>\n","protected":false},"excerpt":{"rendered":"<p>C\u00e2y c\u00f3 th\u1ec3 cao 5-20m, chi\u1ec1u cao v\u00fat ng\u1ecdn 6-8m. C\u00e2y c\u00f3 t\u00e1n l\u00e1 \u0111\u1eb9p, nh\u1ecf g\u1ecdn, c\u00e1c c\u00e0nh ng\u1eafn, m\u1ecdc theo h\u01b0\u1edbng ch\u1ebfch l\u00ean t\u1ea1o v\u00f2m t\u00e1n v\u1eeba ph\u1ea3i, kh\u00f4ng t\u1ed1n nhi\u1ec1u di\u1ec7n t\u00edch, ph\u00f9 h\u1ee3p trong \u0111i\u1ec1u ki\u1ec7n kh\u00f4ng gian ng\u00e0y c\u00e0ng b\u1ecb thu h\u1eb9p. B\u00e0ng l\u00e1 nh\u1ecf c\u00f3 qu\u1ea3 nh\u1ecf, l\u00e1 nh\u1ecf n\u00ean khi r\u1ee5ng \u00edt g\u00e2y \u00f4 nhi\u1ec5m h\u01a1n h\u1eb3n b\u00e0ng ta.<\/p>\n","protected":false},"featured_media":1335,"comment_status":"open","ping_status":"closed","template":"","meta":[],"product_cat":[15,123],"product_tag":[],"yoast_head":"<!-- This site is optimized with the Yoast SEO plugin v20.11 - https:\/\/yoast.com\/wordpress\/plugins\/seo\/ -->\n<title>B\u00e0ng l\u00e1 nh\u1ecf - C\u00e2y xanh B\u00e1ch L\u1ed9c<\/title>\n<meta name=\"robots\" content=\"index, follow, max-snippet:-1, max-image-preview:large, max-video-preview:-1\" \/>\n<link rel=\"canonical\" href=\"https:\/\/pluginviet.com\/mau6\/san-pham\/bang-la-nho\/\" \/>\n<meta property=\"og:locale\" content=\"vi_VN\" \/>\n<meta property=\"og:type\" content=\"article\" \/>\n<meta property=\"og:title\" content=\"B\u00e0ng l\u00e1 nh\u1ecf - C\u00e2y xanh B\u00e1ch L\u1ed9c\" \/>\n<meta property=\"og:description\" content=\"C\u00e2y c\u00f3 th\u1ec3 cao 5-20m, chi\u1ec1u cao v\u00fat ng\u1ecdn 6-8m. C\u00e2y c\u00f3 t\u00e1n l\u00e1 \u0111\u1eb9p, nh\u1ecf g\u1ecdn, c\u00e1c c\u00e0nh ng\u1eafn, m\u1ecdc theo h\u01b0\u1edbng ch\u1ebfch l\u00ean t\u1ea1o v\u00f2m t\u00e1n v\u1eeba ph\u1ea3i, kh\u00f4ng t\u1ed1n nhi\u1ec1u di\u1ec7n t\u00edch, ph\u00f9 h\u1ee3p trong \u0111i\u1ec1u ki\u1ec7n kh\u00f4ng gian ng\u00e0y c\u00e0ng b\u1ecb thu h\u1eb9p. B\u00e0ng l\u00e1 nh\u1ecf c\u00f3 qu\u1ea3 nh\u1ecf, l\u00e1 nh\u1ecf n\u00ean khi r\u1ee5ng \u00edt g\u00e2y \u00f4 nhi\u1ec5m h\u01a1n h\u1eb3n b\u00e0ng ta.\" \/>\n<meta property=\"og:url\" content=\"https:\/\/pluginviet.com\/mau6\/san-pham\/bang-la-nho\/\" \/>\n<meta property=\"og:site_name\" content=\"C\u00e2y xanh B\u00e1ch L\u1ed9c\" \/>\n<meta property=\"article:modified_time\" content=\"2022-12-30T04:49:08+00:00\" \/>\n<meta property=\"og:image\" content=\"https:\/\/pluginviet.com\/mau6\/wp-content\/uploads\/2022\/12\/banglanho.jpg\" \/>\n\t<meta property=\"og:image:width\" content=\"600\" \/>\n\t<meta property=\"og:image:height\" content=\"600\" \/>\n\t<meta property=\"og:image:type\" content=\"image\/jpeg\" \/>\n<meta name=\"twitter:card\" content=\"summary_large_image\" \/>\n<meta name=\"twitter:label1\" content=\"\u01af\u1edbc t\u00ednh th\u1eddi gian \u0111\u1ecdc\" \/>\n\t<meta name=\"twitter:data1\" content=\"2 ph\u00fat\" \/>\n<script type=\"application\/ld+json\" class=\"yoast-schema-graph\">{\"@context\":\"https:\/\/schema.org\",\"@graph\":[{\"@type\":\"WebPage\",\"@id\":\"https:\/\/pluginviet.com\/mau6\/san-pham\/bang-la-nho\/\",\"url\":\"https:\/\/pluginviet.com\/mau6\/san-pham\/bang-la-nho\/\",\"name\":\"B\u00e0ng l\u00e1 nh\u1ecf - C\u00e2y xanh B\u00e1ch L\u1ed9c\",\"isPartOf\":{\"@id\":\"https:\/\/pluginviet.com\/mau6\/#website\"},\"datePublished\":\"2022-12-29T08:51:50+00:00\",\"dateModified\":\"2022-12-30T04:49:08+00:00\",\"breadcrumb\":{\"@id\":\"https:\/\/pluginviet.com\/mau6\/san-pham\/bang-la-nho\/#breadcrumb\"},\"inLanguage\":\"vi\",\"potentialAction\":[{\"@type\":\"ReadAction\",\"target\":[\"https:\/\/pluginviet.com\/mau6\/san-pham\/bang-la-nho\/\"]}]},{\"@type\":\"BreadcrumbList\",\"@id\":\"https:\/\/pluginviet.com\/mau6\/san-pham\/bang-la-nho\/#breadcrumb\",\"itemListElement\":[{\"@type\":\"ListItem\",\"position\":1,\"name\":\"Trang ch\u1ee7\",\"item\":\"https:\/\/pluginviet.com\/mau6\/\"},{\"@type\":\"ListItem\",\"position\":2,\"name\":\"Shop\",\"item\":\"https:\/\/pluginviet.com\/mau6\/shop\/\"},{\"@type\":\"ListItem\",\"position\":3,\"name\":\"B\u00e0ng l\u00e1 nh\u1ecf\"}]},{\"@type\":\"WebSite\",\"@id\":\"https:\/\/pluginviet.com\/mau6\/#website\",\"url\":\"https:\/\/pluginviet.com\/mau6\/\",\"name\":\"C\u00e2y xanh B\u00e1ch L\u1ed9c\",\"description\":\"\",\"potentialAction\":[{\"@type\":\"SearchAction\",\"target\":{\"@type\":\"EntryPoint\",\"urlTemplate\":\"https:\/\/pluginviet.com\/mau6\/?s={search_term_string}\"},\"query-input\":\"required name=search_term_string\"}],\"inLanguage\":\"vi\"}]}<\/script>\n<!-- \/ Yoast SEO plugin. -->","yoast_head_json":{"title":"B\u00e0ng l\u00e1 nh\u1ecf - C\u00e2y xanh B\u00e1ch L\u1ed9c","robots":{"index":"index","follow":"follow","max-snippet":"max-snippet:-1","max-image-preview":"max-image-preview:large","max-video-preview":"max-video-preview:-1"},"canonical":"https:\/\/pluginviet.com\/mau6\/san-pham\/bang-la-nho\/","og_locale":"vi_VN","og_type":"article","og_title":"B\u00e0ng l\u00e1 nh\u1ecf - C\u00e2y xanh B\u00e1ch L\u1ed9c","og_description":"C\u00e2y c\u00f3 th\u1ec3 cao 5-20m, chi\u1ec1u cao v\u00fat ng\u1ecdn 6-8m. C\u00e2y c\u00f3 t\u00e1n l\u00e1 \u0111\u1eb9p, nh\u1ecf g\u1ecdn, c\u00e1c c\u00e0nh ng\u1eafn, m\u1ecdc theo h\u01b0\u1edbng ch\u1ebfch l\u00ean t\u1ea1o v\u00f2m t\u00e1n v\u1eeba ph\u1ea3i, kh\u00f4ng t\u1ed1n nhi\u1ec1u di\u1ec7n t\u00edch, ph\u00f9 h\u1ee3p trong \u0111i\u1ec1u ki\u1ec7n kh\u00f4ng gian ng\u00e0y c\u00e0ng b\u1ecb thu h\u1eb9p. B\u00e0ng l\u00e1 nh\u1ecf c\u00f3 qu\u1ea3 nh\u1ecf, l\u00e1 nh\u1ecf n\u00ean khi r\u1ee5ng \u00edt g\u00e2y \u00f4 nhi\u1ec5m h\u01a1n h\u1eb3n b\u00e0ng ta.","og_url":"https:\/\/pluginviet.com\/mau6\/san-pham\/bang-la-nho\/","og_site_name":"C\u00e2y xanh B\u00e1ch L\u1ed9c","article_modified_time":"2022-12-30T04:49:08+00:00","og_image":[{"width":600,"height":600,"url":"https:\/\/pluginviet.com\/mau6\/wp-content\/uploads\/2022\/12\/banglanho.jpg","type":"image\/jpeg"}],"twitter_card":"summary_large_image","twitter_misc":{"\u01af\u1edbc t\u00ednh th\u1eddi gian \u0111\u1ecdc":"2 ph\u00fat"},"schema":{"@context":"https:\/\/schema.org","@graph":[{"@type":"WebPage","@id":"https:\/\/pluginviet.com\/mau6\/san-pham\/bang-la-nho\/","url":"https:\/\/pluginviet.com\/mau6\/san-pham\/bang-la-nho\/","name":"B\u00e0ng l\u00e1 nh\u1ecf - C\u00e2y xanh B\u00e1ch L\u1ed9c","isPartOf":{"@id":"https:\/\/pluginviet.com\/mau6\/#website"},"datePublished":"2022-12-29T08:51:50+00:00","dateModified":"2022-12-30T04:49:08+00:00","breadcrumb":{"@id":"https:\/\/pluginviet.com\/mau6\/san-pham\/bang-la-nho\/#breadcrumb"},"inLanguage":"vi","potentialAction":[{"@type":"ReadAction","target":["https:\/\/pluginviet.com\/mau6\/san-pham\/bang-la-nho\/"]}]},{"@type":"BreadcrumbList","@id":"https:\/\/pluginviet.com\/mau6\/san-pham\/bang-la-nho\/#breadcrumb","itemListElement":[{"@type":"ListItem","position":1,"name":"Trang ch\u1ee7","item":"https:\/\/pluginviet.com\/mau6\/"},{"@type":"ListItem","position":2,"name":"Shop","item":"https:\/\/pluginviet.com\/mau6\/shop\/"},{"@type":"ListItem","position":3,"name":"B\u00e0ng l\u00e1 nh\u1ecf"}]},{"@type":"WebSite","@id":"https:\/\/pluginviet.com\/mau6\/#website","url":"https:\/\/pluginviet.com\/mau6\/","name":"C\u00e2y xanh B\u00e1ch L\u1ed9c","description":"","potentialAction":[{"@type":"SearchAction","target":{"@type":"EntryPoint","urlTemplate":"https:\/\/pluginviet.com\/mau6\/?s={search_term_string}"},"query-input":"required name=search_term_string"}],"inLanguage":"vi"}]}},"_links":{"self":[{"href":"https:\/\/pluginviet.com\/mau6\/wp-json\/wp\/v2\/product\/1330"}],"collection":[{"href":"https:\/\/pluginviet.com\/mau6\/wp-json\/wp\/v2\/product"}],"about":[{"href":"https:\/\/pluginviet.com\/mau6\/wp-json\/wp\/v2\/types\/product"}],"replies":[{"embeddable":true,"href":"https:\/\/pluginviet.com\/mau6\/wp-json\/wp\/v2\/comments?post=1330"}],"wp:featuredmedia":[{"embeddable":true,"href":"https:\/\/pluginviet.com\/mau6\/wp-json\/wp\/v2\/media\/1335"}],"wp:attachment":[{"href":"https:\/\/pluginviet.com\/mau6\/wp-json\/wp\/v2\/media?parent=1330"}],"wp:term":[{"taxonomy":"product_cat","embeddable":true,"href":"https:\/\/pluginviet.com\/mau6\/wp-json\/wp\/v2\/product_cat?post=1330"},{"taxonomy":"product_tag","embeddable":true,"href":"https:\/\/pluginviet.com\/mau6\/wp-json\/wp\/v2\/product_tag?post=1330"}],"curies":[{"name":"wp","href":"https:\/\/api.w.org\/{rel}","templated":true}]}}