{"id":508,"date":"2019-03-06T08:02:34","date_gmt":"2019-03-06T08:02:34","guid":{"rendered":"https:\/\/cayxanhbachloc.vn\/?page_id=508"},"modified":"2022-12-29T11:19:38","modified_gmt":"2022-12-29T11:19:38","slug":"gioi-thieu","status":"publish","type":"page","link":"https:\/\/pluginviet.com\/mau6\/gioi-thieu\/","title":{"rendered":"Gi\u1edbi thi\u1ec7u"},"content":{"rendered":"<p><span style=\"font-weight: 400;\">C\u00f4ng ty TNHH C\u00e2y xanh B\u00e1ch L\u1ed9c<\/span><\/p>\n<p>Ch\u00fang t\u00f4i v\u1edbi ti\u00eau ch\u00ed: \u201cCh\u1ea5t l\u01b0\u1ee3ng \u0111\u1eb7t l\u00ean h\u00e0ng \u0111\u1ea7u\u201d. V\u00e0 xuy\u00ean su\u1ed1t trong t\u1ea5t c\u1ea3 c\u00e1c h\u00e0nh \u0111\u1ed9ng, lu\u00f4n h\u01b0\u1edbng t\u1edbi vi\u1ec7c n\u00e2ng cao ch\u1ea5t l\u01b0\u1ee3ng s\u1ea3n ph\u1ea9m v\u00e0 d\u1ecbch v\u1ee5. C\u00e2y xanh B\u00e1ch L\u1ed9c lu\u00f4n \u0111em \u0111\u1ebfn cho Qu\u00fd kh\u00e1ch h\u00e0ng nh\u1eefng s\u1ea3n ph\u1ea9m ch\u1ea5t l\u01b0\u1ee3ng nh\u1ea5t, d\u1ecbch v\u1ee5 b\u1ea3o h\u00e0nh chuy\u00ean nghi\u1ec7p nh\u1ea5t.<\/p>\n","protected":false},"excerpt":{"rendered":"<p>C\u00f4ng ty TNHH C\u00e2y xanh B\u00e1ch L\u1ed9c Ch\u00fang t\u00f4i v\u1edbi ti\u00eau ch\u00ed: \u201cCh\u1ea5t l\u01b0\u1ee3ng \u0111\u1eb7t l\u00ean h\u00e0ng \u0111\u1ea7u\u201d. V\u00e0 xuy\u00ean su\u1ed1t trong t\u1ea5t c\u1ea3 c\u00e1c h\u00e0nh \u0111\u1ed9ng, lu\u00f4n h\u01b0\u1edbng t\u1edbi vi\u1ec7c n\u00e2ng cao ch\u1ea5t l\u01b0\u1ee3ng s\u1ea3n ph\u1ea9m v\u00e0 d\u1ecbch v\u1ee5. C\u00e2y xanh B\u00e1ch L\u1ed9c lu\u00f4n \u0111em \u0111\u1ebfn cho Qu\u00fd kh\u00e1ch h\u00e0ng nh\u1eefng s\u1ea3n ph\u1ea9m ch\u1ea5t [&#8230;]\n","protected":false},"author":1,"featured_media":0,"parent":0,"menu_order":0,"comment_status":"closed","ping_status":"closed","template":"","meta":[],"yoast_head":"<!-- This site is optimized with the Yoast SEO plugin v20.11 - https:\/\/yoast.com\/wordpress\/plugins\/seo\/ -->\n<title>C\u00e2y xanh B\u00e1ch L\u1ed9c<\/title>\n<meta name=\"robots\" content=\"index, follow, max-snippet:-1, max-image-preview:large, max-video-preview:-1\" \/>\n<link rel=\"canonical\" href=\"https:\/\/pluginviet.com\/mau6\/gioi-thieu\/\" \/>\n<meta property=\"og:locale\" content=\"vi_VN\" \/>\n<meta property=\"og:type\" content=\"article\" \/>\n<meta property=\"og:title\" content=\"C\u00e2y xanh B\u00e1ch L\u1ed9c\" \/>\n<meta property=\"og:description\" content=\"C\u00f4ng ty TNHH C\u00e2y xanh B\u00e1ch L\u1ed9c Ch\u00fang t\u00f4i v\u1edbi ti\u00eau ch\u00ed: \u201cCh\u1ea5t l\u01b0\u1ee3ng \u0111\u1eb7t l\u00ean h\u00e0ng \u0111\u1ea7u\u201d. V\u00e0 xuy\u00ean su\u1ed1t trong t\u1ea5t c\u1ea3 c\u00e1c h\u00e0nh \u0111\u1ed9ng, lu\u00f4n h\u01b0\u1edbng t\u1edbi vi\u1ec7c n\u00e2ng cao ch\u1ea5t l\u01b0\u1ee3ng s\u1ea3n ph\u1ea9m v\u00e0 d\u1ecbch v\u1ee5. C\u00e2y xanh B\u00e1ch L\u1ed9c lu\u00f4n \u0111em \u0111\u1ebfn cho Qu\u00fd kh\u00e1ch h\u00e0ng nh\u1eefng s\u1ea3n ph\u1ea9m ch\u1ea5t [...]\" \/>\n<meta property=\"og:url\" content=\"https:\/\/pluginviet.com\/mau6\/gioi-thieu\/\" \/>\n<meta property=\"og:site_name\" content=\"C\u00e2y xanh B\u00e1ch L\u1ed9c\" \/>\n<meta property=\"article:modified_time\" content=\"2022-12-29T11:19:38+00:00\" \/>\n<meta name=\"twitter:card\" content=\"summary_large_image\" \/>\n<meta name=\"twitter:label1\" content=\"\u01af\u1edbc t\u00ednh th\u1eddi gian \u0111\u1ecdc\" \/>\n\t<meta name=\"twitter:data1\" content=\"1 ph\u00fat\" \/>\n<script type=\"application\/ld+json\" class=\"yoast-schema-graph\">{\"@context\":\"https:\/\/schema.org\",\"@graph\":[{\"@type\":\"WebPage\",\"@id\":\"https:\/\/pluginviet.com\/mau6\/gioi-thieu\/\",\"url\":\"https:\/\/pluginviet.com\/mau6\/gioi-thieu\/\",\"name\":\"C\u00e2y xanh B\u00e1ch L\u1ed9c\",\"isPartOf\":{\"@id\":\"https:\/\/pluginviet.com\/mau6\/#website\"},\"datePublished\":\"2019-03-06T08:02:34+00:00\",\"dateModified\":\"2022-12-29T11:19:38+00:00\",\"breadcrumb\":{\"@id\":\"https:\/\/pluginviet.com\/mau6\/gioi-thieu\/#breadcrumb\"},\"inLanguage\":\"vi\",\"potentialAction\":[{\"@type\":\"ReadAction\",\"target\":[\"https:\/\/pluginviet.com\/mau6\/gioi-thieu\/\"]}]},{\"@type\":\"BreadcrumbList\",\"@id\":\"https:\/\/pluginviet.com\/mau6\/gioi-thieu\/#breadcrumb\",\"itemListElement\":[{\"@type\":\"ListItem\",\"position\":1,\"name\":\"Trang ch\u1ee7\",\"item\":\"https:\/\/pluginviet.com\/mau6\/\"},{\"@type\":\"ListItem\",\"position\":2,\"name\":\"Gi\u1edbi thi\u1ec7u\"}]},{\"@type\":\"WebSite\",\"@id\":\"https:\/\/pluginviet.com\/mau6\/#website\",\"url\":\"https:\/\/pluginviet.com\/mau6\/\",\"name\":\"C\u00e2y xanh B\u00e1ch L\u1ed9c\",\"description\":\"\",\"potentialAction\":[{\"@type\":\"SearchAction\",\"target\":{\"@type\":\"EntryPoint\",\"urlTemplate\":\"https:\/\/pluginviet.com\/mau6\/?s={search_term_string}\"},\"query-input\":\"required name=search_term_string\"}],\"inLanguage\":\"vi\"}]}<\/script>\n<!-- \/ Yoast SEO plugin. -->","yoast_head_json":{"title":"C\u00e2y xanh B\u00e1ch L\u1ed9c","robots":{"index":"index","follow":"follow","max-snippet":"max-snippet:-1","max-image-preview":"max-image-preview:large","max-video-preview":"max-video-preview:-1"},"canonical":"https:\/\/pluginviet.com\/mau6\/gioi-thieu\/","og_locale":"vi_VN","og_type":"article","og_title":"C\u00e2y xanh B\u00e1ch L\u1ed9c","og_description":"C\u00f4ng ty TNHH C\u00e2y xanh B\u00e1ch L\u1ed9c Ch\u00fang t\u00f4i v\u1edbi ti\u00eau ch\u00ed: \u201cCh\u1ea5t l\u01b0\u1ee3ng \u0111\u1eb7t l\u00ean h\u00e0ng \u0111\u1ea7u\u201d. V\u00e0 xuy\u00ean su\u1ed1t trong t\u1ea5t c\u1ea3 c\u00e1c h\u00e0nh \u0111\u1ed9ng, lu\u00f4n h\u01b0\u1edbng t\u1edbi vi\u1ec7c n\u00e2ng cao ch\u1ea5t l\u01b0\u1ee3ng s\u1ea3n ph\u1ea9m v\u00e0 d\u1ecbch v\u1ee5. C\u00e2y xanh B\u00e1ch L\u1ed9c lu\u00f4n \u0111em \u0111\u1ebfn cho Qu\u00fd kh\u00e1ch h\u00e0ng nh\u1eefng s\u1ea3n ph\u1ea9m ch\u1ea5t [...]","og_url":"https:\/\/pluginviet.com\/mau6\/gioi-thieu\/","og_site_name":"C\u00e2y xanh B\u00e1ch L\u1ed9c","article_modified_time":"2022-12-29T11:19:38+00:00","twitter_card":"summary_large_image","twitter_misc":{"\u01af\u1edbc t\u00ednh th\u1eddi gian \u0111\u1ecdc":"1 ph\u00fat"},"schema":{"@context":"https:\/\/schema.org","@graph":[{"@type":"WebPage","@id":"https:\/\/pluginviet.com\/mau6\/gioi-thieu\/","url":"https:\/\/pluginviet.com\/mau6\/gioi-thieu\/","name":"C\u00e2y xanh B\u00e1ch L\u1ed9c","isPartOf":{"@id":"https:\/\/pluginviet.com\/mau6\/#website"},"datePublished":"2019-03-06T08:02:34+00:00","dateModified":"2022-12-29T11:19:38+00:00","breadcrumb":{"@id":"https:\/\/pluginviet.com\/mau6\/gioi-thieu\/#breadcrumb"},"inLanguage":"vi","potentialAction":[{"@type":"ReadAction","target":["https:\/\/pluginviet.com\/mau6\/gioi-thieu\/"]}]},{"@type":"BreadcrumbList","@id":"https:\/\/pluginviet.com\/mau6\/gioi-thieu\/#breadcrumb","itemListElement":[{"@type":"ListItem","position":1,"name":"Trang ch\u1ee7","item":"https:\/\/pluginviet.com\/mau6\/"},{"@type":"ListItem","position":2,"name":"Gi\u1edbi thi\u1ec7u"}]},{"@type":"WebSite","@id":"https:\/\/pluginviet.com\/mau6\/#website","url":"https:\/\/pluginviet.com\/mau6\/","name":"C\u00e2y xanh B\u00e1ch L\u1ed9c","description":"","potentialAction":[{"@type":"SearchAction","target":{"@type":"EntryPoint","urlTemplate":"https:\/\/pluginviet.com\/mau6\/?s={search_term_string}"},"query-input":"required name=search_term_string"}],"inLanguage":"vi"}]}},"_links":{"self":[{"href":"https:\/\/pluginviet.com\/mau6\/wp-json\/wp\/v2\/pages\/508"}],"collection":[{"href":"https:\/\/pluginviet.com\/mau6\/wp-json\/wp\/v2\/pages"}],"about":[{"href":"https:\/\/pluginviet.com\/mau6\/wp-json\/wp\/v2\/types\/page"}],"author":[{"embeddable":true,"href":"https:\/\/pluginviet.com\/mau6\/wp-json\/wp\/v2\/users\/1"}],"replies":[{"embeddable":true,"href":"https:\/\/pluginviet.com\/mau6\/wp-json\/wp\/v2\/comments?post=508"}],"version-history":[{"count":4,"href":"https:\/\/pluginviet.com\/mau6\/wp-json\/wp\/v2\/pages\/508\/revisions"}],"predecessor-version":[{"id":1435,"href":"https:\/\/pluginviet.com\/mau6\/wp-json\/wp\/v2\/pages\/508\/revisions\/1435"}],"wp:attachment":[{"href":"https:\/\/pluginviet.com\/mau6\/wp-json\/wp\/v2\/media?parent=508"}],"curies":[{"name":"wp","href":"https:\/\/api.w.org\/{rel}","templated":true}]}}