{"id":99,"date":"2024-05-24T00:10:00","date_gmt":"2024-05-24T00:10:00","guid":{"rendered":"https:\/\/depthoitrang.com\/Minds\/?page_id=99"},"modified":"2024-05-28T04:39:37","modified_gmt":"2024-05-28T04:39:37","slug":"doi-ngu-giao-vien","status":"publish","type":"page","link":"https:\/\/pluginviet.com\/mau59\/ve-mini-minds-preschool\/doi-ngu-giao-vien\/","title":{"rendered":"\u0110\u1ed9i ng\u0169 gi\u00e1o vi\u00ean"},"content":{"rendered":"\t<section class=\"section dongu_01\" id=\"section_168092141\">\n\t\t<div class=\"bg section-bg fill bg-fill  bg-loaded\" >\n\n\t\t\t\n\t\t\t\n\t\t\t\n\n\t\t<\/div>\n\n\t\t\n\n\t\t<div class=\"section-content relative\">\n\t\t\t\n<div class=\"row\"  id=\"row-122252277\">\n\n\t<div id=\"col-941918171\" class=\"col small-12 large-12\"  >\n\t\t\t\t<div class=\"col-inner\"  >\n\t\t\t\n\t\t\t\n<p>Lorem ipsum dolor sit amet, consectetur adipisci elit, sed eiusmod tempor incidunt ut labore et dolore magna aliqua. Ut enim ad minim veniam, quis nostrum exercitationem ullam corporis suscipit laboriosam, nisi ut aliquid ex ea commodi consequatur. Quis aute iure reprehenderit in voluptate velit esse cillum dolore eu fugiat nulla pariatur. Excepteur sint obcaecat cupiditat non proident, sunt in culpa qui officia deserunt mollit anim id est laborum.<\/p>\n<p>Lorem ipsum dolor sit amet, consectetur adipisci elit, sed eiusmod tempor incidunt ut labore et dolore magna aliqua. Ut enim ad minim veniam, quis nostrum exercitationem ullam corporis suscipit laboriosam, nisi ut aliquid ex ea commodi consequatur. Quis aute iure reprehenderit in voluptate velit esse cillum dolore eu fugiat nulla pariatur. Excepteur sint obcaecat cupiditat non proident, sunt in culpa qui officia deserunt mollit anim id est laborum.<\/p>\n<p>Lorem ipsum dolor sit amet, consectetur adipisci elit, sed eiusmod tempor incidunt ut labore et dolore magna aliqua<\/p>\n\t\t<\/div>\n\t\t\t\t\t<\/div>\n\n\t\n<\/div>\n\t\t<\/div>\n\n\t\t\n<style>\n#section_168092141 {\n  padding-top: 30px;\n  padding-bottom: 30px;\n}\n<\/style>\n\t<\/section>\n\t\n\t<section class=\"section dongu_02\" id=\"section_486497529\">\n\t\t<div class=\"bg section-bg fill bg-fill  bg-loaded\" >\n\n\t\t\t\n\t\t\t\n\t\t\t\n\n\t\t<\/div>\n\n\t\t\n\n\t\t<div class=\"section-content relative\">\n\t\t\t\n<div class=\"row\"  id=\"row-59089063\">\n\n\t<div id=\"col-150684241\" class=\"col medium-4 small-12 large-4\"  >\n\t\t\t\t<div class=\"col-inner text-center\"  >\n\t\t\t\n\t\t\t\n\n<h2>100+<\/h2>\n<p>C\u00e1n b\u1ed9, nh\u00e2n vi\u00ean<\/p>\n\n\t\t<\/div>\n\t\t\t\t\t<\/div>\n\n\t\n\n\t<div id=\"col-1692741299\" class=\"col medium-4 small-12 large-4\"  >\n\t\t\t\t<div class=\"col-inner text-center\"  >\n\t\t\t\n\t\t\t\n\n<h2>200+<\/h2>\n<p>H\u1ecdc sinh<\/p>\n\n\t\t<\/div>\n\t\t\t\t\t<\/div>\n\n\t\n\n\t<div id=\"col-1579713681\" class=\"col medium-4 small-12 large-4\"  >\n\t\t\t\t<div class=\"col-inner text-center\"  >\n\t\t\t\n\t\t\t\n\n<h2>10+<\/h2>\n<p>Gi\u00e1o vi\u00ean<\/p>\n\n\t\t<\/div>\n\t\t\t\t\t<\/div>\n\n\t\n<\/div>\n\t\t<\/div>\n\n\t\t\n<style>\n#section_486497529 {\n  padding-top: 30px;\n  padding-bottom: 30px;\n  background-color: rgb(217, 217, 217);\n}\n<\/style>\n\t<\/section>\n\t\n\t<section class=\"section dongu_03\" id=\"section_1972502423\">\n\t\t<div class=\"bg section-bg fill bg-fill  bg-loaded\" >\n\n\t\t\t\n\t\t\t\n\t\t\t\n\n\t\t<\/div>\n\n\t\t\n\n\t\t<div class=\"section-content relative\">\n\t\t\t\n<div class=\"row slide_doingu\"  id=\"row-492173925\">\n\n\t<div id=\"col-1869536331\" class=\"col medium-4 small-12 large-4\"  >\n\t\t\t\t<div class=\"col-inner text-center\"  >\n\t\t\t\n\t\t\t\n\t<div class=\"box has-hover   has-hover box-text-bottom\" >\n\n\t\t<div class=\"box-image\" >\n\t\t\t\t\t\t<div class=\"\" >\n\t\t\t\t<img loading=\"lazy\" decoding=\"async\" width=\"395\" height=\"461\" src=\"https:\/\/pluginviet.com\/mau59\/wp-content\/uploads\/2024\/05\/Frame-427318956.png\" class=\"attachment- size-\" alt=\"\" srcset=\"https:\/\/pluginviet.com\/mau59\/wp-content\/uploads\/2024\/05\/Frame-427318956.png 395w, https:\/\/pluginviet.com\/mau59\/wp-content\/uploads\/2024\/05\/Frame-427318956-257x300.png 257w\" sizes=\"auto, (max-width: 395px) 100vw, 395px\" \/>\t\t\t\t\t\t\t\t\t\t\t<\/div>\n\t\t\t\t\t<\/div>\n\n\t\t<div class=\"box-text text-center\" >\n\t\t\t<div class=\"box-text-inner\">\n\t\t\t\t\n<h4>Lorem ipsum<\/h4>\n<p>Lorem ipsum dolor sit amet, consectetur adipisci elit, sed eiusmod tempor incidunt ut labore et dolore magna aliqua. Ut enim ad minim <\/p>\n\t\t\t<\/div>\n\t\t<\/div>\n\t<\/div>\n\t\n\t\t<\/div>\n\t\t\t\t\t<\/div>\n\n\t\n\n\t<div id=\"col-207754380\" class=\"col medium-4 small-12 large-4\"  >\n\t\t\t\t<div class=\"col-inner text-center\"  >\n\t\t\t\n\t\t\t\n\t<div class=\"box has-hover   has-hover box-text-bottom\" >\n\n\t\t<div class=\"box-image\" >\n\t\t\t\t\t\t<div class=\"\" >\n\t\t\t\t<img loading=\"lazy\" decoding=\"async\" width=\"395\" height=\"461\" src=\"https:\/\/pluginviet.com\/mau59\/wp-content\/uploads\/2024\/05\/Frame-427318956.png\" class=\"attachment- size-\" alt=\"\" srcset=\"https:\/\/pluginviet.com\/mau59\/wp-content\/uploads\/2024\/05\/Frame-427318956.png 395w, https:\/\/pluginviet.com\/mau59\/wp-content\/uploads\/2024\/05\/Frame-427318956-257x300.png 257w\" sizes=\"auto, (max-width: 395px) 100vw, 395px\" \/>\t\t\t\t\t\t\t\t\t\t\t<\/div>\n\t\t\t\t\t<\/div>\n\n\t\t<div class=\"box-text text-center\" >\n\t\t\t<div class=\"box-text-inner\">\n\t\t\t\t\n<h4>Lorem ipsum<\/h4>\n<p>Lorem ipsum dolor sit amet, consectetur adipisci elit, sed eiusmod tempor incidunt ut labore et dolore magna aliqua. Ut enim ad minim <\/p>\n\t\t\t<\/div>\n\t\t<\/div>\n\t<\/div>\n\t\n\t\t<\/div>\n\t\t\t\t\t<\/div>\n\n\t\n\n\t<div id=\"col-351013609\" class=\"col medium-4 small-12 large-4\"  >\n\t\t\t\t<div class=\"col-inner text-center\"  >\n\t\t\t\n\t\t\t\n\t<div class=\"box has-hover   has-hover box-text-bottom\" >\n\n\t\t<div class=\"box-image\" >\n\t\t\t\t\t\t<div class=\"\" >\n\t\t\t\t<img loading=\"lazy\" decoding=\"async\" width=\"395\" height=\"461\" src=\"https:\/\/pluginviet.com\/mau59\/wp-content\/uploads\/2024\/05\/Frame-427318956.png\" class=\"attachment- size-\" alt=\"\" srcset=\"https:\/\/pluginviet.com\/mau59\/wp-content\/uploads\/2024\/05\/Frame-427318956.png 395w, https:\/\/pluginviet.com\/mau59\/wp-content\/uploads\/2024\/05\/Frame-427318956-257x300.png 257w\" sizes=\"auto, (max-width: 395px) 100vw, 395px\" \/>\t\t\t\t\t\t\t\t\t\t\t<\/div>\n\t\t\t\t\t<\/div>\n\n\t\t<div class=\"box-text text-center\" >\n\t\t\t<div class=\"box-text-inner\">\n\t\t\t\t\n<h4>Lorem ipsum<\/h4>\n<p>Lorem ipsum dolor sit amet, consectetur adipisci elit, sed eiusmod tempor incidunt ut labore et dolore magna aliqua. Ut enim ad minim <\/p>\n\t\t\t<\/div>\n\t\t<\/div>\n\t<\/div>\n\t\n\t\t<\/div>\n\t\t\t\t\t<\/div>\n\n\t\n\n\t<div id=\"col-217506116\" class=\"col medium-4 small-12 large-4\"  >\n\t\t\t\t<div class=\"col-inner text-center\"  >\n\t\t\t\n\t\t\t\n\t<div class=\"box has-hover   has-hover box-text-bottom\" >\n\n\t\t<div class=\"box-image\" >\n\t\t\t\t\t\t<div class=\"\" >\n\t\t\t\t<img loading=\"lazy\" decoding=\"async\" width=\"395\" height=\"461\" src=\"https:\/\/pluginviet.com\/mau59\/wp-content\/uploads\/2024\/05\/Frame-427318956.png\" class=\"attachment- size-\" alt=\"\" srcset=\"https:\/\/pluginviet.com\/mau59\/wp-content\/uploads\/2024\/05\/Frame-427318956.png 395w, https:\/\/pluginviet.com\/mau59\/wp-content\/uploads\/2024\/05\/Frame-427318956-257x300.png 257w\" sizes=\"auto, (max-width: 395px) 100vw, 395px\" \/>\t\t\t\t\t\t\t\t\t\t\t<\/div>\n\t\t\t\t\t<\/div>\n\n\t\t<div class=\"box-text text-center\" >\n\t\t\t<div class=\"box-text-inner\">\n\t\t\t\t\n<h4>Lorem ipsum<\/h4>\n<p>Lorem ipsum dolor sit amet, consectetur adipisci elit, sed eiusmod tempor incidunt ut labore et dolore magna aliqua. Ut enim ad minim <\/p>\n\t\t\t<\/div>\n\t\t<\/div>\n\t<\/div>\n\t\n\t\t<\/div>\n\t\t\t\t\t<\/div>\n\n\t\n<\/div>\n\t\t<\/div>\n\n\t\t\n<style>\n#section_1972502423 {\n  padding-top: 30px;\n  padding-bottom: 30px;\n}\n<\/style>\n\t<\/section>\n\t\n","protected":false},"excerpt":{"rendered":"","protected":false},"author":1,"featured_media":196,"parent":91,"menu_order":0,"comment_status":"closed","ping_status":"closed","template":"page-blank.php","meta":{"_acf_changed":false,"footnotes":""},"class_list":["post-99","page","type-page","status-publish","has-post-thumbnail","hentry"],"acf":[],"yoast_head":"<!-- This site is optimized with the Yoast SEO plugin v22.8 - https:\/\/yoast.com\/wordpress\/plugins\/seo\/ -->\n<title>\u0110\u1ed9i ng\u0169 gi\u00e1o vi\u00ean - Mini Minds Preschool<\/title>\n<meta name=\"robots\" content=\"index, follow, max-snippet:-1, max-image-preview:large, max-video-preview:-1\" \/>\n<link rel=\"canonical\" href=\"https:\/\/pluginviet.com\/mau59\/ve-mini-minds-preschool\/doi-ngu-giao-vien\/\" \/>\n<meta property=\"og:locale\" content=\"vi_VN\" \/>\n<meta property=\"og:type\" content=\"article\" \/>\n<meta property=\"og:title\" content=\"\u0110\u1ed9i ng\u0169 gi\u00e1o vi\u00ean - Mini Minds Preschool\" \/>\n<meta property=\"og:url\" content=\"https:\/\/pluginviet.com\/mau59\/ve-mini-minds-preschool\/doi-ngu-giao-vien\/\" \/>\n<meta property=\"og:site_name\" content=\"Mini Minds Preschool\" \/>\n<meta property=\"article:modified_time\" content=\"2024-05-28T04:39:37+00:00\" \/>\n<meta property=\"og:image\" content=\"https:\/\/pluginviet.com\/mau59\/wp-content\/uploads\/2024\/05\/bg1.jpg\" \/>\n\t<meta property=\"og:image:width\" content=\"1728\" \/>\n\t<meta property=\"og:image:height\" content=\"580\" \/>\n\t<meta property=\"og:image:type\" content=\"image\/jpeg\" \/>\n<meta name=\"twitter:card\" content=\"summary_large_image\" \/>\n<meta name=\"twitter:label1\" content=\"\u01af\u1edbc t\u00ednh th\u1eddi gian \u0111\u1ecdc\" \/>\n\t<meta name=\"twitter:data1\" content=\"1 ph\u00fat\" \/>\n<script type=\"application\/ld+json\" class=\"yoast-schema-graph\">{\"@context\":\"https:\/\/schema.org\",\"@graph\":[{\"@type\":\"WebPage\",\"@id\":\"https:\/\/pluginviet.com\/mau59\/ve-mini-minds-preschool\/doi-ngu-giao-vien\/\",\"url\":\"https:\/\/pluginviet.com\/mau59\/ve-mini-minds-preschool\/doi-ngu-giao-vien\/\",\"name\":\"\u0110\u1ed9i ng\u0169 gi\u00e1o vi\u00ean - Mini Minds Preschool\",\"isPartOf\":{\"@id\":\"https:\/\/pluginviet.com\/mau59\/#website\"},\"primaryImageOfPage\":{\"@id\":\"https:\/\/pluginviet.com\/mau59\/ve-mini-minds-preschool\/doi-ngu-giao-vien\/#primaryimage\"},\"image\":{\"@id\":\"https:\/\/pluginviet.com\/mau59\/ve-mini-minds-preschool\/doi-ngu-giao-vien\/#primaryimage\"},\"thumbnailUrl\":\"https:\/\/pluginviet.com\/mau59\/wp-content\/uploads\/2024\/05\/bg1.jpg\",\"datePublished\":\"2024-05-24T00:10:00+00:00\",\"dateModified\":\"2024-05-28T04:39:37+00:00\",\"breadcrumb\":{\"@id\":\"https:\/\/pluginviet.com\/mau59\/ve-mini-minds-preschool\/doi-ngu-giao-vien\/#breadcrumb\"},\"inLanguage\":\"vi\",\"potentialAction\":[{\"@type\":\"ReadAction\",\"target\":[\"https:\/\/pluginviet.com\/mau59\/ve-mini-minds-preschool\/doi-ngu-giao-vien\/\"]}]},{\"@type\":\"ImageObject\",\"inLanguage\":\"vi\",\"@id\":\"https:\/\/pluginviet.com\/mau59\/ve-mini-minds-preschool\/doi-ngu-giao-vien\/#primaryimage\",\"url\":\"https:\/\/pluginviet.com\/mau59\/wp-content\/uploads\/2024\/05\/bg1.jpg\",\"contentUrl\":\"https:\/\/pluginviet.com\/mau59\/wp-content\/uploads\/2024\/05\/bg1.jpg\",\"width\":1728,\"height\":580},{\"@type\":\"BreadcrumbList\",\"@id\":\"https:\/\/pluginviet.com\/mau59\/ve-mini-minds-preschool\/doi-ngu-giao-vien\/#breadcrumb\",\"itemListElement\":[{\"@type\":\"ListItem\",\"position\":1,\"name\":\"Trang ch\u1ee7\",\"item\":\"https:\/\/pluginviet.com\/mau59\/\"},{\"@type\":\"ListItem\",\"position\":2,\"name\":\"V\u1ec1 Mini Minds Preschool\",\"item\":\"https:\/\/pluginviet.com\/mau59\/ve-mini-minds-preschool\/\"},{\"@type\":\"ListItem\",\"position\":3,\"name\":\"\u0110\u1ed9i ng\u0169 gi\u00e1o vi\u00ean\"}]},{\"@type\":\"WebSite\",\"@id\":\"https:\/\/pluginviet.com\/mau59\/#website\",\"url\":\"https:\/\/pluginviet.com\/mau59\/\",\"name\":\"Mini Minds Preschool\",\"description\":\"\",\"potentialAction\":[{\"@type\":\"SearchAction\",\"target\":{\"@type\":\"EntryPoint\",\"urlTemplate\":\"https:\/\/pluginviet.com\/mau59\/?s={search_term_string}\"},\"query-input\":\"required name=search_term_string\"}],\"inLanguage\":\"vi\"}]}<\/script>\n<!-- \/ Yoast SEO plugin. -->","yoast_head_json":{"title":"\u0110\u1ed9i ng\u0169 gi\u00e1o vi\u00ean - Mini Minds Preschool","robots":{"index":"index","follow":"follow","max-snippet":"max-snippet:-1","max-image-preview":"max-image-preview:large","max-video-preview":"max-video-preview:-1"},"canonical":"https:\/\/pluginviet.com\/mau59\/ve-mini-minds-preschool\/doi-ngu-giao-vien\/","og_locale":"vi_VN","og_type":"article","og_title":"\u0110\u1ed9i ng\u0169 gi\u00e1o vi\u00ean - Mini Minds Preschool","og_url":"https:\/\/pluginviet.com\/mau59\/ve-mini-minds-preschool\/doi-ngu-giao-vien\/","og_site_name":"Mini Minds Preschool","article_modified_time":"2024-05-28T04:39:37+00:00","og_image":[{"width":1728,"height":580,"url":"https:\/\/pluginviet.com\/mau59\/wp-content\/uploads\/2024\/05\/bg1.jpg","type":"image\/jpeg"}],"twitter_card":"summary_large_image","twitter_misc":{"\u01af\u1edbc t\u00ednh th\u1eddi gian \u0111\u1ecdc":"1 ph\u00fat"},"schema":{"@context":"https:\/\/schema.org","@graph":[{"@type":"WebPage","@id":"https:\/\/pluginviet.com\/mau59\/ve-mini-minds-preschool\/doi-ngu-giao-vien\/","url":"https:\/\/pluginviet.com\/mau59\/ve-mini-minds-preschool\/doi-ngu-giao-vien\/","name":"\u0110\u1ed9i ng\u0169 gi\u00e1o vi\u00ean - Mini Minds Preschool","isPartOf":{"@id":"https:\/\/pluginviet.com\/mau59\/#website"},"primaryImageOfPage":{"@id":"https:\/\/pluginviet.com\/mau59\/ve-mini-minds-preschool\/doi-ngu-giao-vien\/#primaryimage"},"image":{"@id":"https:\/\/pluginviet.com\/mau59\/ve-mini-minds-preschool\/doi-ngu-giao-vien\/#primaryimage"},"thumbnailUrl":"https:\/\/pluginviet.com\/mau59\/wp-content\/uploads\/2024\/05\/bg1.jpg","datePublished":"2024-05-24T00:10:00+00:00","dateModified":"2024-05-28T04:39:37+00:00","breadcrumb":{"@id":"https:\/\/pluginviet.com\/mau59\/ve-mini-minds-preschool\/doi-ngu-giao-vien\/#breadcrumb"},"inLanguage":"vi","potentialAction":[{"@type":"ReadAction","target":["https:\/\/pluginviet.com\/mau59\/ve-mini-minds-preschool\/doi-ngu-giao-vien\/"]}]},{"@type":"ImageObject","inLanguage":"vi","@id":"https:\/\/pluginviet.com\/mau59\/ve-mini-minds-preschool\/doi-ngu-giao-vien\/#primaryimage","url":"https:\/\/pluginviet.com\/mau59\/wp-content\/uploads\/2024\/05\/bg1.jpg","contentUrl":"https:\/\/pluginviet.com\/mau59\/wp-content\/uploads\/2024\/05\/bg1.jpg","width":1728,"height":580},{"@type":"BreadcrumbList","@id":"https:\/\/pluginviet.com\/mau59\/ve-mini-minds-preschool\/doi-ngu-giao-vien\/#breadcrumb","itemListElement":[{"@type":"ListItem","position":1,"name":"Trang ch\u1ee7","item":"https:\/\/pluginviet.com\/mau59\/"},{"@type":"ListItem","position":2,"name":"V\u1ec1 Mini Minds Preschool","item":"https:\/\/pluginviet.com\/mau59\/ve-mini-minds-preschool\/"},{"@type":"ListItem","position":3,"name":"\u0110\u1ed9i ng\u0169 gi\u00e1o vi\u00ean"}]},{"@type":"WebSite","@id":"https:\/\/pluginviet.com\/mau59\/#website","url":"https:\/\/pluginviet.com\/mau59\/","name":"Mini Minds Preschool","description":"","potentialAction":[{"@type":"SearchAction","target":{"@type":"EntryPoint","urlTemplate":"https:\/\/pluginviet.com\/mau59\/?s={search_term_string}"},"query-input":"required name=search_term_string"}],"inLanguage":"vi"}]}},"_links":{"self":[{"href":"https:\/\/pluginviet.com\/mau59\/wp-json\/wp\/v2\/pages\/99","targetHints":{"allow":["GET"]}}],"collection":[{"href":"https:\/\/pluginviet.com\/mau59\/wp-json\/wp\/v2\/pages"}],"about":[{"href":"https:\/\/pluginviet.com\/mau59\/wp-json\/wp\/v2\/types\/page"}],"author":[{"embeddable":true,"href":"https:\/\/pluginviet.com\/mau59\/wp-json\/wp\/v2\/users\/1"}],"replies":[{"embeddable":true,"href":"https:\/\/pluginviet.com\/mau59\/wp-json\/wp\/v2\/comments?post=99"}],"version-history":[{"count":8,"href":"https:\/\/pluginviet.com\/mau59\/wp-json\/wp\/v2\/pages\/99\/revisions"}],"predecessor-version":[{"id":269,"href":"https:\/\/pluginviet.com\/mau59\/wp-json\/wp\/v2\/pages\/99\/revisions\/269"}],"up":[{"embeddable":true,"href":"https:\/\/pluginviet.com\/mau59\/wp-json\/wp\/v2\/pages\/91"}],"wp:featuredmedia":[{"embeddable":true,"href":"https:\/\/pluginviet.com\/mau59\/wp-json\/wp\/v2\/media\/196"}],"wp:attachment":[{"href":"https:\/\/pluginviet.com\/mau59\/wp-json\/wp\/v2\/media?parent=99"}],"curies":[{"name":"wp","href":"https:\/\/api.w.org\/{rel}","templated":true}]}}