{"id":95,"date":"2024-05-24T00:09:37","date_gmt":"2024-05-24T00:09:37","guid":{"rendered":"https:\/\/depthoitrang.com\/Minds\/?page_id=95"},"modified":"2024-05-28T03:08:35","modified_gmt":"2024-05-28T03:08:35","slug":"su-menh","status":"publish","type":"page","link":"https:\/\/pluginviet.com\/mau59\/ve-mini-minds-preschool\/su-menh\/","title":{"rendered":"S\u1ee9 m\u1ec7nh"},"content":{"rendered":"\t<section class=\"section sumenh_01\" id=\"section_1284066146\">\n\t\t<div class=\"bg section-bg fill bg-fill  bg-loaded\" >\n\n\t\t\t\n\t\t\t\n\t\t\t\n\n\t\t<\/div>\n\n\t\t\n\n\t\t<div class=\"section-content relative\">\n\t\t\t\n<div class=\"row row-large align-middle\"  id=\"row-1775275980\">\n\n\t<div id=\"col-895457503\" class=\"col medium-6 small-12 large-6\"  >\n\t\t\t\t<div class=\"col-inner\"  >\n\t\t\t\n\t\t\t\n\t<div class=\"img has-hover x md-x lg-x y md-y lg-y\" id=\"image_2063924130\">\n\t\t\t\t\t\t\t\t<div class=\"img-inner dark\" >\n\t\t\t<img loading=\"lazy\" decoding=\"async\" width=\"538\" height=\"531\" src=\"https:\/\/pluginviet.com\/mau59\/wp-content\/uploads\/2024\/05\/Group-54sumenh.png\" class=\"attachment-original size-original\" alt=\"\" srcset=\"https:\/\/pluginviet.com\/mau59\/wp-content\/uploads\/2024\/05\/Group-54sumenh.png 538w, https:\/\/pluginviet.com\/mau59\/wp-content\/uploads\/2024\/05\/Group-54sumenh-300x296.png 300w\" sizes=\"auto, (max-width: 538px) 100vw, 538px\" \/>\t\t\t\t\t\t\n\t\t\t\t\t<\/div>\n\t\t\t\t\t\t\t\t\n<style>\n#image_2063924130 {\n  width: 100%;\n}\n<\/style>\n\t<\/div>\n\t\n\t\t<\/div>\n\t\t\t\t\t<\/div>\n\n\t\n\n\t<div id=\"col-84726438\" class=\"col medium-6 small-12 large-6\"  >\n\t\t\t\t<div class=\"col-inner\"  >\n\t\t\t\n\t\t\t\n<p>T\u1ea1i Mini Minds, ch\u00fang t\u00f4i tin r\u1eb1ng 5 n\u0103m \u0111\u1ea7u \u0111\u1eddi l\u00e0 nh\u1eefng n\u0103m r\u1ea5t quan tr\u1ecdng v\u1edbi s\u1ef1 tr\u01b0\u1edfng th\u00e0nh c\u1ee7a m\u1ed9t \u0111\u1ee9a tr\u1ebb.<br \/>\u201cCh\u00fang t\u00f4i t\u00f4n tr\u1ecdng t\u1eebng l\u1eddi n\u00f3i, l\u1eafng nghe t\u1eebng \u00fd ki\u1ebfn, tr\u00e2n tr\u1ecdng l\u1ed1i t\u01b0 duy v\u00e0 t\u00ednh c\u00e1ch ri\u00eang bi\u1ec7t c\u1ee7a tr\u1ebb&#8221;<\/p>\n<p><strong>\u201cEvery child is a different kind of flower, and all together, make this world a beautiful garden&#8221;<\/strong><\/p>\n<p>Ch\u00fang t\u00f4i tin v\u00e0o vi\u1ec7c nu\u00f4i d\u01b0\u1ee1ng m\u1ed9t m\u00f4i tr\u01b0\u1eddng \u1ea5m \u00e1p, n\u01a1i m\u1ecdi tr\u1ebb em \u0111\u1ec1u c\u1ea3m th\u1ea5y \u0111\u01b0\u1ee3c tr\u00e2n tr\u1ecdng, \u0111\u01b0\u1ee3c h\u1ed7 tr\u1ee3, \u0111\u01b0\u1ee3c truy\u1ec1n c\u1ea3m h\u1ee9ng v\u00e0 \u0111\u01b0\u1ee3c khuy\u1ebfn kh\u00edch \u0111\u1ec3 ph\u00e1t tri\u1ec3n. \u0110\u1ed9i ng\u0169 gi\u00e1o vi\u00ean t\u1eadn t\u00e2m c\u1ee7a ch\u00fang t\u00f4i cam k\u1ebft cung c\u1ea5p tr\u1ea3i nghi\u1ec7m h\u1ecdc t\u1eadp phong ph\u00fa v\u00e0 th\u00fa v\u1ecb, kh\u01a1i d\u1eady tr\u00ed t\u00f2 m\u00f2, kh\u01a1i d\u1eady s\u1ef1 s\u00e1ng t\u1ea1o v\u00e0 nu\u00f4i d\u01b0\u1ee1ng t\u00ecnh y\u00eau h\u1ecdc t\u1eadp \u1edf tr\u1ebb. C\u00e1c c\u00f4 b\u1ebfp \u0111\u1ea3m b\u1ea3o nh\u1eefng b\u1eefa \u0103n ch\u1ea5t l\u01b0\u1ee3ng, c\u00f4 lao c\u00f4ng \u0111\u1ea3m b\u1ea3o m\u00f4i tr\u01b0\u1eddng s\u1ea1ch s\u1ebd v\u00e0 ch\u00fa b\u1ea3o v\u1ec7 \u0111\u1ea3m b\u1ea3o s\u1ef1 an to\u00e0n. M\u1ed9t \u0111i\u1ec1u kh\u00f4ng th\u1ec3 thi\u1ebfu trong trong qu\u00e1 tr\u00ecnh n\u00e0y l\u00e0 m\u1ed1i quan h\u1ec7 ch\u1eb7t ch\u1ebd gi\u1eefa gia \u0111\u00ecnh v\u00e0 nh\u00e0 tr\u01b0\u1eddng, ch\u00fang t\u00f4i r\u1ea5t tr\u00e2n tr\u1ecdng m\u1ed1i quan h\u1ec7 n\u00e0y v\u00e0 mong mu\u1ed1n \u0111\u01b0\u1ee3c \u0111\u1ed3ng h\u00e0nh c\u00f9ng Qu\u00fd ph\u1ee5 huynh t\u1eebng b\u01b0\u1edbc \u0111\u1ec3 \u0111\u1ea3m b\u1ea3o s\u1ef1 th\u00e0nh c\u00f4ng v\u00e0 h\u1ea1nh ph\u00fac c\u1ee7a tr\u1ebb.<\/p>\n\t\t<\/div>\n\t\t\t\t\t<\/div>\n\n\t\n\n\t<div id=\"col-1386193757\" class=\"col small-12 large-12\"  >\n\t\t\t\t<div class=\"col-inner\"  >\n\t\t\t\n\t\t\t\n\t<div id=\"text-3287202723\" class=\"text\">\n\t\t\n<p style=\"text-align: center;\">H\u00e3y c\u00f9ng nhau t\u1ea1o n\u00ean nh\u1eefng k\u1ef7 ni\u1ec7m \u0111\u1eb9p v\u00e0 \u0111\u1eb7t n\u1ec1n m\u00f3ng cho m\u1ed9t cu\u1ed9c \u0111\u1eddi h\u1ecdc t\u1eadp v\u00e0 s\u1ef1 tr\u01b0\u1edfng th\u00e0nh. Ch\u00e0o m\u1eebng Qu\u00fd ph\u1ee5 huynh v\u00e0 c\u00e1c b\u00e9 \u0111\u1ebfn v\u1edbi ng\u00f4i nh\u00e0 c\u1ee7a nh\u1eefng b\u1ed9 n\u00e3o t\u00ed hon nh\u01b0ng tr\u00e0n \u0111\u1ea7y s\u1ef1 t\u00f2 m\u00f2, s\u00e1ng t\u1ea1o v\u00e0 y\u00eau th\u01b0\u01a1ng c\u1ee7a ch\u00fang t\u00f4i!<br \/>\u2028 <strong>\u201c Together may we give our children the root to stand and the wings to fly&#8221;<\/strong><\/p>\n\t\t\n<style>\n#text-3287202723 {\n  text-align: center;\n}\n<\/style>\n\t<\/div>\n\t\n\t\t<\/div>\n\t\t\t\t\t<\/div>\n\n\t\n<\/div>\n\t\t<\/div>\n\n\t\t\n<style>\n#section_1284066146 {\n  padding-top: 30px;\n  padding-bottom: 30px;\n}\n<\/style>\n\t<\/section>\n\t\n","protected":false},"excerpt":{"rendered":"","protected":false},"author":1,"featured_media":196,"parent":91,"menu_order":0,"comment_status":"closed","ping_status":"closed","template":"page-blank.php","meta":{"_acf_changed":false,"footnotes":""},"class_list":["post-95","page","type-page","status-publish","has-post-thumbnail","hentry"],"acf":[],"yoast_head":"<!-- This site is optimized with the Yoast SEO plugin v22.8 - https:\/\/yoast.com\/wordpress\/plugins\/seo\/ -->\n<title>S\u1ee9 m\u1ec7nh - Mini Minds Preschool<\/title>\n<meta name=\"robots\" content=\"index, follow, max-snippet:-1, max-image-preview:large, max-video-preview:-1\" \/>\n<link rel=\"canonical\" href=\"https:\/\/pluginviet.com\/mau59\/ve-mini-minds-preschool\/su-menh\/\" \/>\n<meta property=\"og:locale\" content=\"vi_VN\" \/>\n<meta property=\"og:type\" content=\"article\" \/>\n<meta property=\"og:title\" content=\"S\u1ee9 m\u1ec7nh - Mini Minds Preschool\" \/>\n<meta property=\"og:url\" content=\"https:\/\/pluginviet.com\/mau59\/ve-mini-minds-preschool\/su-menh\/\" \/>\n<meta property=\"og:site_name\" content=\"Mini Minds Preschool\" \/>\n<meta property=\"article:modified_time\" content=\"2024-05-28T03:08:35+00:00\" \/>\n<meta property=\"og:image\" content=\"https:\/\/pluginviet.com\/mau59\/wp-content\/uploads\/2024\/05\/bg1.jpg\" \/>\n\t<meta property=\"og:image:width\" content=\"1728\" \/>\n\t<meta property=\"og:image:height\" content=\"580\" \/>\n\t<meta property=\"og:image:type\" content=\"image\/jpeg\" \/>\n<meta name=\"twitter:card\" content=\"summary_large_image\" \/>\n<meta name=\"twitter:label1\" content=\"\u01af\u1edbc t\u00ednh th\u1eddi gian \u0111\u1ecdc\" \/>\n\t<meta name=\"twitter:data1\" content=\"1 ph\u00fat\" \/>\n<script type=\"application\/ld+json\" class=\"yoast-schema-graph\">{\"@context\":\"https:\/\/schema.org\",\"@graph\":[{\"@type\":\"WebPage\",\"@id\":\"https:\/\/pluginviet.com\/mau59\/ve-mini-minds-preschool\/su-menh\/\",\"url\":\"https:\/\/pluginviet.com\/mau59\/ve-mini-minds-preschool\/su-menh\/\",\"name\":\"S\u1ee9 m\u1ec7nh - Mini Minds Preschool\",\"isPartOf\":{\"@id\":\"https:\/\/pluginviet.com\/mau59\/#website\"},\"primaryImageOfPage\":{\"@id\":\"https:\/\/pluginviet.com\/mau59\/ve-mini-minds-preschool\/su-menh\/#primaryimage\"},\"image\":{\"@id\":\"https:\/\/pluginviet.com\/mau59\/ve-mini-minds-preschool\/su-menh\/#primaryimage\"},\"thumbnailUrl\":\"https:\/\/pluginviet.com\/mau59\/wp-content\/uploads\/2024\/05\/bg1.jpg\",\"datePublished\":\"2024-05-24T00:09:37+00:00\",\"dateModified\":\"2024-05-28T03:08:35+00:00\",\"breadcrumb\":{\"@id\":\"https:\/\/pluginviet.com\/mau59\/ve-mini-minds-preschool\/su-menh\/#breadcrumb\"},\"inLanguage\":\"vi\",\"potentialAction\":[{\"@type\":\"ReadAction\",\"target\":[\"https:\/\/pluginviet.com\/mau59\/ve-mini-minds-preschool\/su-menh\/\"]}]},{\"@type\":\"ImageObject\",\"inLanguage\":\"vi\",\"@id\":\"https:\/\/pluginviet.com\/mau59\/ve-mini-minds-preschool\/su-menh\/#primaryimage\",\"url\":\"https:\/\/pluginviet.com\/mau59\/wp-content\/uploads\/2024\/05\/bg1.jpg\",\"contentUrl\":\"https:\/\/pluginviet.com\/mau59\/wp-content\/uploads\/2024\/05\/bg1.jpg\",\"width\":1728,\"height\":580},{\"@type\":\"BreadcrumbList\",\"@id\":\"https:\/\/pluginviet.com\/mau59\/ve-mini-minds-preschool\/su-menh\/#breadcrumb\",\"itemListElement\":[{\"@type\":\"ListItem\",\"position\":1,\"name\":\"Trang ch\u1ee7\",\"item\":\"https:\/\/pluginviet.com\/mau59\/\"},{\"@type\":\"ListItem\",\"position\":2,\"name\":\"V\u1ec1 Mini Minds Preschool\",\"item\":\"https:\/\/pluginviet.com\/mau59\/ve-mini-minds-preschool\/\"},{\"@type\":\"ListItem\",\"position\":3,\"name\":\"S\u1ee9 m\u1ec7nh\"}]},{\"@type\":\"WebSite\",\"@id\":\"https:\/\/pluginviet.com\/mau59\/#website\",\"url\":\"https:\/\/pluginviet.com\/mau59\/\",\"name\":\"Mini Minds Preschool\",\"description\":\"\",\"potentialAction\":[{\"@type\":\"SearchAction\",\"target\":{\"@type\":\"EntryPoint\",\"urlTemplate\":\"https:\/\/pluginviet.com\/mau59\/?s={search_term_string}\"},\"query-input\":\"required name=search_term_string\"}],\"inLanguage\":\"vi\"}]}<\/script>\n<!-- \/ Yoast SEO plugin. -->","yoast_head_json":{"title":"S\u1ee9 m\u1ec7nh - Mini Minds Preschool","robots":{"index":"index","follow":"follow","max-snippet":"max-snippet:-1","max-image-preview":"max-image-preview:large","max-video-preview":"max-video-preview:-1"},"canonical":"https:\/\/pluginviet.com\/mau59\/ve-mini-minds-preschool\/su-menh\/","og_locale":"vi_VN","og_type":"article","og_title":"S\u1ee9 m\u1ec7nh - Mini Minds Preschool","og_url":"https:\/\/pluginviet.com\/mau59\/ve-mini-minds-preschool\/su-menh\/","og_site_name":"Mini Minds Preschool","article_modified_time":"2024-05-28T03:08:35+00:00","og_image":[{"width":1728,"height":580,"url":"https:\/\/pluginviet.com\/mau59\/wp-content\/uploads\/2024\/05\/bg1.jpg","type":"image\/jpeg"}],"twitter_card":"summary_large_image","twitter_misc":{"\u01af\u1edbc t\u00ednh th\u1eddi gian \u0111\u1ecdc":"1 ph\u00fat"},"schema":{"@context":"https:\/\/schema.org","@graph":[{"@type":"WebPage","@id":"https:\/\/pluginviet.com\/mau59\/ve-mini-minds-preschool\/su-menh\/","url":"https:\/\/pluginviet.com\/mau59\/ve-mini-minds-preschool\/su-menh\/","name":"S\u1ee9 m\u1ec7nh - Mini Minds Preschool","isPartOf":{"@id":"https:\/\/pluginviet.com\/mau59\/#website"},"primaryImageOfPage":{"@id":"https:\/\/pluginviet.com\/mau59\/ve-mini-minds-preschool\/su-menh\/#primaryimage"},"image":{"@id":"https:\/\/pluginviet.com\/mau59\/ve-mini-minds-preschool\/su-menh\/#primaryimage"},"thumbnailUrl":"https:\/\/pluginviet.com\/mau59\/wp-content\/uploads\/2024\/05\/bg1.jpg","datePublished":"2024-05-24T00:09:37+00:00","dateModified":"2024-05-28T03:08:35+00:00","breadcrumb":{"@id":"https:\/\/pluginviet.com\/mau59\/ve-mini-minds-preschool\/su-menh\/#breadcrumb"},"inLanguage":"vi","potentialAction":[{"@type":"ReadAction","target":["https:\/\/pluginviet.com\/mau59\/ve-mini-minds-preschool\/su-menh\/"]}]},{"@type":"ImageObject","inLanguage":"vi","@id":"https:\/\/pluginviet.com\/mau59\/ve-mini-minds-preschool\/su-menh\/#primaryimage","url":"https:\/\/pluginviet.com\/mau59\/wp-content\/uploads\/2024\/05\/bg1.jpg","contentUrl":"https:\/\/pluginviet.com\/mau59\/wp-content\/uploads\/2024\/05\/bg1.jpg","width":1728,"height":580},{"@type":"BreadcrumbList","@id":"https:\/\/pluginviet.com\/mau59\/ve-mini-minds-preschool\/su-menh\/#breadcrumb","itemListElement":[{"@type":"ListItem","position":1,"name":"Trang ch\u1ee7","item":"https:\/\/pluginviet.com\/mau59\/"},{"@type":"ListItem","position":2,"name":"V\u1ec1 Mini Minds Preschool","item":"https:\/\/pluginviet.com\/mau59\/ve-mini-minds-preschool\/"},{"@type":"ListItem","position":3,"name":"S\u1ee9 m\u1ec7nh"}]},{"@type":"WebSite","@id":"https:\/\/pluginviet.com\/mau59\/#website","url":"https:\/\/pluginviet.com\/mau59\/","name":"Mini Minds Preschool","description":"","potentialAction":[{"@type":"SearchAction","target":{"@type":"EntryPoint","urlTemplate":"https:\/\/pluginviet.com\/mau59\/?s={search_term_string}"},"query-input":"required name=search_term_string"}],"inLanguage":"vi"}]}},"_links":{"self":[{"href":"https:\/\/pluginviet.com\/mau59\/wp-json\/wp\/v2\/pages\/95","targetHints":{"allow":["GET"]}}],"collection":[{"href":"https:\/\/pluginviet.com\/mau59\/wp-json\/wp\/v2\/pages"}],"about":[{"href":"https:\/\/pluginviet.com\/mau59\/wp-json\/wp\/v2\/types\/page"}],"author":[{"embeddable":true,"href":"https:\/\/pluginviet.com\/mau59\/wp-json\/wp\/v2\/users\/1"}],"replies":[{"embeddable":true,"href":"https:\/\/pluginviet.com\/mau59\/wp-json\/wp\/v2\/comments?post=95"}],"version-history":[{"count":7,"href":"https:\/\/pluginviet.com\/mau59\/wp-json\/wp\/v2\/pages\/95\/revisions"}],"predecessor-version":[{"id":230,"href":"https:\/\/pluginviet.com\/mau59\/wp-json\/wp\/v2\/pages\/95\/revisions\/230"}],"up":[{"embeddable":true,"href":"https:\/\/pluginviet.com\/mau59\/wp-json\/wp\/v2\/pages\/91"}],"wp:featuredmedia":[{"embeddable":true,"href":"https:\/\/pluginviet.com\/mau59\/wp-json\/wp\/v2\/media\/196"}],"wp:attachment":[{"href":"https:\/\/pluginviet.com\/mau59\/wp-json\/wp\/v2\/media?parent=95"}],"curies":[{"name":"wp","href":"https:\/\/api.w.org\/{rel}","templated":true}]}}