{"id":402,"date":"2024-05-28T15:09:11","date_gmt":"2024-05-28T15:09:11","guid":{"rendered":"https:\/\/depthoitrang.com\/Minds\/?page_id=402"},"modified":"2024-05-28T15:23:17","modified_gmt":"2024-05-28T15:23:17","slug":"lien-he","status":"publish","type":"page","link":"https:\/\/pluginviet.com\/mau59\/lien-he\/","title":{"rendered":"Li\u00ean h\u1ec7"},"content":{"rendered":"<div class=\"row row_lien_he\"  id=\"row-1738009453\">\n\n\t<div id=\"col-1276111487\" class=\"col medium-6 small-12 large-6\"  >\n\t\t\t\t<div class=\"col-inner\"  >\n\t\t\t\n\t\t\t\n\n<p><iframe src=\"https:\/\/www.google.com\/maps\/embed?pb=!1m16!1m12!1m3!1d3920.0175532307667!2d106.72619167573573!3d10.73312935998941!2m3!1f0!2f0!3f0!3m2!1i1024!2i768!4f13.1!2m1!1sR3%2C%20Riviera%20Point%2C%202%20Nguyen%20Van%20Tuong%2C%20Tan%20Phu%20Ward%2C%20HCMC.!5e0!3m2!1svi!2s!4v1716909240122!5m2!1svi!2s\" width=\"100%\" height=\"1290px\" style=\"border:0;\" allowfullscreen=\"\" loading=\"lazy\" referrerpolicy=\"no-referrer-when-downgrade\"><\/iframe><br \/>\n\n\t\t<\/div>\n\t\t\t\t\t<\/div>\n\n\t\n\n\t<div id=\"col-826142495\" class=\"col right form_xp medium-6 small-12 large-6\"  >\n\t\t\t\t<div class=\"col-inner\"  >\n\t\t\t\n\t\t\t\n\n<h2>Li\u00ean h\u1ec7<\/h2>\n\n\n\t\t<div class=\"icon-box featured-box icon-box-left text-left\"  >\n\t\t\t\t\t<div class=\"icon-box-img\" style=\"width: 23px\">\n\t\t\t\t<div class=\"icon\">\n\t\t\t\t\t<div class=\"icon-inner\" >\n\t\t\t\t\t\t<img loading=\"lazy\" decoding=\"async\" width=\"23\" height=\"23\" src=\"https:\/\/pluginviet.com\/mau59\/wp-content\/uploads\/2024\/05\/email-1-1-1.png\" class=\"attachment-medium size-medium\" alt=\"\" \/>\t\t\t\t\t<\/div>\n\t\t\t\t<\/div>\n\t\t\t<\/div>\n\t\t\t\t<div class=\"icon-box-text last-reset\">\n\t\t\t\t\t\t\t\t\t\n<p>info@miniminds.edu.vn<\/p>\n\t\t<\/div>\n\t<\/div>\n\t\n\t\n\n\t\t<div class=\"icon-box featured-box icon-box-left text-left\"  >\n\t\t\t\t\t<div class=\"icon-box-img\" style=\"width: 23px\">\n\t\t\t\t<div class=\"icon\">\n\t\t\t\t\t<div class=\"icon-inner\" >\n\t\t\t\t\t\t<img loading=\"lazy\" decoding=\"async\" width=\"23\" height=\"23\" src=\"https:\/\/pluginviet.com\/mau59\/wp-content\/uploads\/2024\/05\/phone-receiver-silhouette-1-1.png\" class=\"attachment-medium size-medium\" alt=\"\" \/>\t\t\t\t\t<\/div>\n\t\t\t\t<\/div>\n\t\t\t<\/div>\n\t\t\t\t<div class=\"icon-box-text last-reset\">\n\t\t\t\t\t\t\t\t\t\n<p>0903 871 809 &#8211; 028 7777 2299<\/p>\n\t\t<\/div>\n\t<\/div>\n\t\n\t\n\n\t\t<div class=\"icon-box featured-box icon-box-left text-left\"  >\n\t\t\t\t\t<div class=\"icon-box-img\" style=\"width: 23px\">\n\t\t\t\t<div class=\"icon\">\n\t\t\t\t\t<div class=\"icon-inner\" >\n\t\t\t\t\t\t<img loading=\"lazy\" decoding=\"async\" width=\"23\" height=\"23\" src=\"https:\/\/pluginviet.com\/mau59\/wp-content\/uploads\/2024\/05\/pin-1-1.png\" class=\"attachment-medium size-medium\" alt=\"\" \/>\t\t\t\t\t<\/div>\n\t\t\t\t<\/div>\n\t\t\t<\/div>\n\t\t\t\t<div class=\"icon-box-text last-reset\">\n\t\t\t\t\t\t\t\t\t\n<p>R3, Riviera Point, 2 Nguyen Van Tuong, Tan Phu Ward, HCMC.<\/p>\n\t\t<\/div>\n\t<\/div>\n\t\n\t\n\t<div id=\"gap-342550664\" class=\"gap-element clearfix\" style=\"display:block; height:auto;\">\n\t\t\n<style>\n#gap-342550664 {\n  padding-top: 20px;\n}\n<\/style>\n\t<\/div>\n\t\n\n<h2>\u0110\u0103ng k\u00fd t\u01b0 v\u1ea5n<\/h2>\n\n\n<div class=\"wpcf7 no-js\" id=\"wpcf7-f177-o1\" lang=\"vi\" dir=\"ltr\">\n<div class=\"screen-reader-response\"><p role=\"status\" aria-live=\"polite\" aria-atomic=\"true\"><\/p> <ul><\/ul><\/div>\n<form action=\"\/mau59\/wp-json\/wp\/v2\/pages\/402#wpcf7-f177-o1\" method=\"post\" class=\"wpcf7-form init\" aria-label=\"Form li\u00ean h\u1ec7\" novalidate=\"novalidate\" data-status=\"init\">\n<div style=\"display: none;\">\n<input type=\"hidden\" name=\"_wpcf7\" value=\"177\" \/>\n<input type=\"hidden\" name=\"_wpcf7_version\" value=\"5.9.5\" \/>\n<input type=\"hidden\" name=\"_wpcf7_locale\" value=\"vi\" \/>\n<input type=\"hidden\" name=\"_wpcf7_unit_tag\" value=\"wpcf7-f177-o1\" \/>\n<input type=\"hidden\" name=\"_wpcf7_container_post\" value=\"0\" \/>\n<input type=\"hidden\" name=\"_wpcf7_posted_data_hash\" value=\"\" \/>\n<\/div>\n<p><label>H\u1ecd v\u00e0 t\u00ean ph\u1ee5 huynh<\/label><br \/>\n<span class=\"wpcf7-form-control-wrap\" data-name=\"text-725\"><input size=\"40\" class=\"wpcf7-form-control wpcf7-text wpcf7-validates-as-required\" aria-required=\"true\" aria-invalid=\"false\" placeholder=\"H\u1ecd v\u00e0 t\u00ean ph\u1ee5 huynh...\" value=\"\" type=\"text\" name=\"text-725\" \/><\/span><br \/>\n<label>S\u1ed1 \u0111i\u1ec7n tho\u1ea1i (Zalo)<\/label><br \/>\n<span class=\"wpcf7-form-control-wrap\" data-name=\"tel-807\"><input size=\"40\" class=\"wpcf7-form-control wpcf7-tel wpcf7-validates-as-required wpcf7-text wpcf7-validates-as-tel\" aria-required=\"true\" aria-invalid=\"false\" placeholder=\"S\u1ed1 \u0111i\u1ec7n tho\u1ea1i (Zalo)...\" value=\"\" type=\"tel\" name=\"tel-807\" \/><\/span><br \/>\n<label>Email ph\u1ee5 huynh<\/label><br \/>\n<span class=\"wpcf7-form-control-wrap\" data-name=\"email-934\"><input size=\"40\" class=\"wpcf7-form-control wpcf7-email wpcf7-validates-as-required wpcf7-text wpcf7-validates-as-email\" aria-required=\"true\" aria-invalid=\"false\" placeholder=\"Email ph\u1ee5 huynh...\" value=\"\" type=\"email\" name=\"email-934\" \/><\/span><br \/>\n<label>H\u1ecd v\u00e0 t\u00ean b\u00e9<\/label><br \/>\n<span class=\"wpcf7-form-control-wrap\" data-name=\"text-726\"><input size=\"40\" class=\"wpcf7-form-control wpcf7-text wpcf7-validates-as-required\" aria-required=\"true\" aria-invalid=\"false\" placeholder=\"H\u1ecd v\u00e0 t\u00ean b\u00e9...\" value=\"\" type=\"text\" name=\"text-726\" \/><\/span><br \/>\n<label>Tu\u1ed5i c\u1ee7a b\u00e9<\/label><br \/>\n<span class=\"wpcf7-form-control-wrap\" data-name=\"number-669\"><input class=\"wpcf7-form-control wpcf7-number wpcf7-validates-as-required wpcf7-validates-as-number\" aria-required=\"true\" aria-invalid=\"false\" placeholder=\"Tu\u1ed5i c\u1ee7a b\u00e9...\" value=\"\" type=\"number\" name=\"number-669\" \/><\/span><br \/>\n<label>Qu\u1ed1c t\u1ecbch c\u1ee7a b\u00e9<\/label><br \/>\n<span class=\"wpcf7-form-control-wrap\" data-name=\"text-727\"><input size=\"40\" class=\"wpcf7-form-control wpcf7-text\" aria-invalid=\"false\" placeholder=\"Qu\u1ed1c t\u1ecbch c\u1ee7a b\u00e9...\" value=\"\" type=\"text\" name=\"text-727\" \/><\/span><br \/>\n<label>\u0110\u1ecba ch\u1ec9 c\u1ee7a gia \u0111\u00ecnh<\/label><br \/>\n<span class=\"wpcf7-form-control-wrap\" data-name=\"text-728\"><input size=\"40\" class=\"wpcf7-form-control wpcf7-text\" aria-invalid=\"false\" placeholder=\"\u0110\u1ecba ch\u1ec9 c\u1ee7a gia \u0111\u00ecnh...\" value=\"\" type=\"text\" name=\"text-728\" \/><\/span><br \/>\n<label>Ng\u00e0y nh\u1eadp h\u1ecdc d\u1ef1 ki\u1ebfn<\/label><br \/>\n<span class=\"wpcf7-form-control-wrap\" data-name=\"date-958\"><input class=\"wpcf7-form-control wpcf7-date wpcf7-validates-as-date\" aria-invalid=\"false\" value=\"\" type=\"date\" name=\"date-958\" \/><\/span><br \/>\n<input class=\"wpcf7-form-control wpcf7-submit has-spinner\" type=\"submit\" value=\"G\u1eecI NGAY\" \/>\n<\/p><div class=\"wpcf7-response-output\" aria-hidden=\"true\"><\/div>\n<\/form>\n<\/div>\n\n\t\t<\/div>\n\t\t\t\t\t<\/div>\n\n\t\n<\/div>\n","protected":false},"excerpt":{"rendered":"","protected":false},"author":1,"featured_media":0,"parent":0,"menu_order":0,"comment_status":"closed","ping_status":"closed","template":"page-blank.php","meta":{"_acf_changed":false,"footnotes":""},"class_list":["post-402","page","type-page","status-publish","hentry"],"acf":[],"yoast_head":"<!-- This site is optimized with the Yoast SEO plugin v22.8 - https:\/\/yoast.com\/wordpress\/plugins\/seo\/ -->\n<title>Li\u00ean h\u1ec7 - Mini Minds Preschool<\/title>\n<meta name=\"robots\" content=\"index, follow, max-snippet:-1, max-image-preview:large, max-video-preview:-1\" \/>\n<link rel=\"canonical\" href=\"https:\/\/pluginviet.com\/mau59\/lien-he\/\" \/>\n<meta property=\"og:locale\" content=\"vi_VN\" \/>\n<meta property=\"og:type\" content=\"article\" \/>\n<meta property=\"og:title\" content=\"Li\u00ean h\u1ec7 - Mini Minds Preschool\" \/>\n<meta property=\"og:url\" content=\"https:\/\/pluginviet.com\/mau59\/lien-he\/\" \/>\n<meta property=\"og:site_name\" content=\"Mini Minds Preschool\" \/>\n<meta property=\"article:modified_time\" content=\"2024-05-28T15:23:17+00:00\" \/>\n<meta name=\"twitter:card\" content=\"summary_large_image\" \/>\n<script type=\"application\/ld+json\" class=\"yoast-schema-graph\">{\"@context\":\"https:\/\/schema.org\",\"@graph\":[{\"@type\":\"WebPage\",\"@id\":\"https:\/\/pluginviet.com\/mau59\/lien-he\/\",\"url\":\"https:\/\/pluginviet.com\/mau59\/lien-he\/\",\"name\":\"Li\u00ean h\u1ec7 - Mini Minds Preschool\",\"isPartOf\":{\"@id\":\"https:\/\/pluginviet.com\/mau59\/#website\"},\"datePublished\":\"2024-05-28T15:09:11+00:00\",\"dateModified\":\"2024-05-28T15:23:17+00:00\",\"breadcrumb\":{\"@id\":\"https:\/\/pluginviet.com\/mau59\/lien-he\/#breadcrumb\"},\"inLanguage\":\"vi\",\"potentialAction\":[{\"@type\":\"ReadAction\",\"target\":[\"https:\/\/pluginviet.com\/mau59\/lien-he\/\"]}]},{\"@type\":\"BreadcrumbList\",\"@id\":\"https:\/\/pluginviet.com\/mau59\/lien-he\/#breadcrumb\",\"itemListElement\":[{\"@type\":\"ListItem\",\"position\":1,\"name\":\"Trang ch\u1ee7\",\"item\":\"https:\/\/pluginviet.com\/mau59\/\"},{\"@type\":\"ListItem\",\"position\":2,\"name\":\"Li\u00ean h\u1ec7\"}]},{\"@type\":\"WebSite\",\"@id\":\"https:\/\/pluginviet.com\/mau59\/#website\",\"url\":\"https:\/\/pluginviet.com\/mau59\/\",\"name\":\"Mini Minds Preschool\",\"description\":\"\",\"potentialAction\":[{\"@type\":\"SearchAction\",\"target\":{\"@type\":\"EntryPoint\",\"urlTemplate\":\"https:\/\/pluginviet.com\/mau59\/?s={search_term_string}\"},\"query-input\":\"required name=search_term_string\"}],\"inLanguage\":\"vi\"}]}<\/script>\n<!-- \/ Yoast SEO plugin. -->","yoast_head_json":{"title":"Li\u00ean h\u1ec7 - Mini Minds Preschool","robots":{"index":"index","follow":"follow","max-snippet":"max-snippet:-1","max-image-preview":"max-image-preview:large","max-video-preview":"max-video-preview:-1"},"canonical":"https:\/\/pluginviet.com\/mau59\/lien-he\/","og_locale":"vi_VN","og_type":"article","og_title":"Li\u00ean h\u1ec7 - Mini Minds Preschool","og_url":"https:\/\/pluginviet.com\/mau59\/lien-he\/","og_site_name":"Mini Minds Preschool","article_modified_time":"2024-05-28T15:23:17+00:00","twitter_card":"summary_large_image","schema":{"@context":"https:\/\/schema.org","@graph":[{"@type":"WebPage","@id":"https:\/\/pluginviet.com\/mau59\/lien-he\/","url":"https:\/\/pluginviet.com\/mau59\/lien-he\/","name":"Li\u00ean h\u1ec7 - Mini Minds Preschool","isPartOf":{"@id":"https:\/\/pluginviet.com\/mau59\/#website"},"datePublished":"2024-05-28T15:09:11+00:00","dateModified":"2024-05-28T15:23:17+00:00","breadcrumb":{"@id":"https:\/\/pluginviet.com\/mau59\/lien-he\/#breadcrumb"},"inLanguage":"vi","potentialAction":[{"@type":"ReadAction","target":["https:\/\/pluginviet.com\/mau59\/lien-he\/"]}]},{"@type":"BreadcrumbList","@id":"https:\/\/pluginviet.com\/mau59\/lien-he\/#breadcrumb","itemListElement":[{"@type":"ListItem","position":1,"name":"Trang ch\u1ee7","item":"https:\/\/pluginviet.com\/mau59\/"},{"@type":"ListItem","position":2,"name":"Li\u00ean h\u1ec7"}]},{"@type":"WebSite","@id":"https:\/\/pluginviet.com\/mau59\/#website","url":"https:\/\/pluginviet.com\/mau59\/","name":"Mini Minds Preschool","description":"","potentialAction":[{"@type":"SearchAction","target":{"@type":"EntryPoint","urlTemplate":"https:\/\/pluginviet.com\/mau59\/?s={search_term_string}"},"query-input":"required name=search_term_string"}],"inLanguage":"vi"}]}},"_links":{"self":[{"href":"https:\/\/pluginviet.com\/mau59\/wp-json\/wp\/v2\/pages\/402","targetHints":{"allow":["GET"]}}],"collection":[{"href":"https:\/\/pluginviet.com\/mau59\/wp-json\/wp\/v2\/pages"}],"about":[{"href":"https:\/\/pluginviet.com\/mau59\/wp-json\/wp\/v2\/types\/page"}],"author":[{"embeddable":true,"href":"https:\/\/pluginviet.com\/mau59\/wp-json\/wp\/v2\/users\/1"}],"replies":[{"embeddable":true,"href":"https:\/\/pluginviet.com\/mau59\/wp-json\/wp\/v2\/comments?post=402"}],"version-history":[{"count":12,"href":"https:\/\/pluginviet.com\/mau59\/wp-json\/wp\/v2\/pages\/402\/revisions"}],"predecessor-version":[{"id":418,"href":"https:\/\/pluginviet.com\/mau59\/wp-json\/wp\/v2\/pages\/402\/revisions\/418"}],"wp:attachment":[{"href":"https:\/\/pluginviet.com\/mau59\/wp-json\/wp\/v2\/media?parent=402"}],"curies":[{"name":"wp","href":"https:\/\/api.w.org\/{rel}","templated":true}]}}