{"id":3087,"date":"2022-09-30T09:59:30","date_gmt":"2022-09-30T09:59:30","guid":{"rendered":"https:\/\/khomaudep.com\/vongphongthuy\/?post_type=product&#038;p=3087"},"modified":"2022-09-30T10:00:41","modified_gmt":"2022-09-30T10:00:41","slug":"vong-mat-ho-vang-nau-7","status":"publish","type":"product","link":"https:\/\/pluginviet.com\/mau55\/san-pham\/vong-mat-ho-vang-nau-7\/","title":{"rendered":"V\u00f2ng m\u1eaft h\u1ed5 v\u00e0ng n\u00e2u"},"content":{"rendered":"<p><b>T\u00e1c d\u1ee5ng tinh th\u1ea7n:\u00a0<\/b><\/p>\n<ul>\n<li>L\u00e0 v\u1eadt h\u1ed9 m\u1ec7nh tr\u1eeb t\u00e0, b\u1ea3o v\u1ec7 ng\u01b0\u1eddi \u0111eo kh\u1ecfi nh\u1eefng t\u00e0 ma, \u00e2m kh\u00ed, mang \u0111\u1ebfn b\u00ecnh an, may m\u1eafn.<\/li>\n<\/ul>\n<ul>\n<li>T\u0103ng t\u1ed1c s\u1ef1 h\u00ecnh th\u00e0nh m\u1ecdi th\u1ee9 (s\u1ef1 nghi\u1ec7p, t\u00ecnh y\u00eau\u2026).<\/li>\n<li>L\u00e0 \u201cvi\u00ean \u0111\u00e1 d\u0169ng kh\u00ed\u201d,\u00a0 k\u00edch th\u00edch l\u00f2ng can \u0111\u1ea3m, mang l\u1ea1i s\u1ef1 t\u1ef1 tin v\u00e0 c\u00e1i nh\u00ecn t\u00edch c\u1ef1c trong cu\u1ed9c s\u1ed1ng.<\/li>\n<li>T\u0103ng c\u01b0\u1eddng sinh kh\u00ed, k\u00edch th\u00edch ni\u1ec1m tin \u0111\u1ec3 \u0111\u1ed1i m\u1eb7t v\u1edbi kh\u00f3 kh\u0103n, th\u1eed th\u00e1ch.<\/li>\n<\/ul>\n<p><b>T\u00e1c d\u1ee5ng s\u1ee9c kho\u1ebb:\u00a0<\/b><\/p>\n<ul>\n<li>Thanh l\u1ecdc v\u00e0 \u0111i\u1ec1u ch\u1ec9nh th\u00e2n th\u1ec3 v\u1edbi nh\u1eefng ng\u01b0\u1eddi \u0103n u\u1ed1ng r\u01b0\u1ee3u ch\u00e8 qu\u00e1 \u0111\u1ed9.<\/li>\n<\/ul>\n<ul>\n<li>C\u1ea3i thi\u1ec7n c\u00e1c tri\u1ec7u ch\u1ee9ng c\u1ea3m l\u1ea1nh, hen suy\u1ec5n hay vi\u00eam ph\u1ebf qu\u1ea3n.<\/li>\n<li>Gi\u1ea3m c\u00e1c v\u1ea5n \u0111\u1ec1 v\u1ec1 x\u01b0\u01a1ng kh\u1edbp, r\u1ea5t ph\u00f9 h\u1ee3p v\u1edbi d\u00e2n v\u0103n ph\u00f2ng hi\u1ec7n nay.<\/li>\n<li>H\u1ed7 tr\u1ee3 \u0111i\u1ec1u tr\u1ecb v\u1ec1 c\u00e1c v\u1ea5n \u0111\u1ec1 c\u1ee7a d\u1ea1 d\u00e0y, \u0111\u01b0\u1eddng ru\u1ed9t.<\/li>\n<\/ul>\n<p><b>C\u00e1ch b\u1ea3o qu\u1ea3n \u0111\u00e1:<\/b><\/p>\n<ul>\n<li>\u0110\u00e1 m\u1eaft h\u1ed5 v\u00e0ng n\u00e2u kh\u00e1 b\u1ec1n v\u00e0 c\u00f3 kh\u1ea3 n\u0103ng ch\u1ed1ng hao m\u00f2n.<\/li>\n<li>Nh\u1ea1y c\u1ea3m v\u1edbi m\u1ed9t s\u1ed1 axit.<\/li>\n<li>Tr\u00e1nh x\u1ecbt n\u01b0\u1edbc hoa ho\u1eb7c keo c\u1ee9ng t\u00f3c l\u00ean v\u00f2ng tay .<\/li>\n<li>B\u1ea3o qu\u1ea3n v\u00f2ng tay th\u00ec h\u00e3y \u0111\u1ec3 ri\u00eang, kh\u00f4ng \u0111\u1ec3 chung v\u1edbi c\u00e1c lo\u1ea1i trang s\u1ee9c \u0111\u00e1 qu\u00fd kh\u00e1c.<\/li>\n<li>V\u1ec7 sinh v\u00f2ng tay b\u1eb1ng c\u00e1ch d\u00f9ng kh\u0103n m\u1ec1m (kh\u00f4ng \u0111\u1ed5 l\u00f4ng) th\u1ea5m n\u01b0\u1edbc mu\u1ed1i t\u1ef1 nhi\u00ean (mu\u1ed1i h\u1ed9t, mu\u1ed1i \u0111\u00e1, mu\u1ed1i m\u1ecf,\u2026) lau nh\u1eb9 nh\u00e0ng v\u00f2ng \u0111\u00e1.<\/li>\n<li>Ti\u1ebfp th\u00eam n\u0103ng l\u01b0\u1ee3ng cho \u0111\u00e1 b\u1eb1ng c\u00e1ch ph\u01a1i d\u01b0\u1edbi \u00e1nh n\u1eafng m\u1eb7t tr\u1eddi ho\u1eb7c \u00e1nh tr\u0103ng 24h \u2192 72h.<\/li>\n<\/ul>\n","protected":false},"excerpt":{"rendered":"<p><b>S\u01a1 l\u01b0\u1ee3c:<\/b>\u00a0\u0110\u00e1 m\u1eaft h\u1ed5 (Tiger Eye) l\u00e0 1 bi\u1ebfn th\u1ec3 thu\u1ed9c \u0111\u00e1 th\u1ea1ch anh, c\u00f3 hi\u1ec7u \u1ee9ng m\u1eaft m\u00e8o v\u00e0 \u00e1nh l\u1ee5a r\u1ea5t \u0111\u1eb9p, \u0111\u01b0\u1ee3c s\u1eed d\u1ee5ng t\u1eeb th\u1eddi La M\u00e3 c\u1ed5 \u0111\u1ea1i. C\u00e1c chi\u1ebfn binh th\u01b0\u1eddng \u0111eo b\u00f9a h\u1ed9 m\u1ec7nh \u0111\u01b0\u1ee3c kh\u1eafc t\u1eeb \u0111\u00e1 m\u1eaft h\u1ed5, gi\u00fap th\u00e2n ch\u1ee7 b\u00ecnh t\u0129nh, can \u0111\u1ea3m, t\u1eadp trung v\u00e0 ki\u00ean tr\u00ec.<\/p>\n","protected":false},"featured_media":3083,"comment_status":"open","ping_status":"closed","template":"","meta":[],"product_cat":[15,97,111,99,140,103,141,93,95],"product_tag":[],"_links":{"self":[{"href":"https:\/\/pluginviet.com\/mau55\/wp-json\/wp\/v2\/product\/3087"}],"collection":[{"href":"https:\/\/pluginviet.com\/mau55\/wp-json\/wp\/v2\/product"}],"about":[{"href":"https:\/\/pluginviet.com\/mau55\/wp-json\/wp\/v2\/types\/product"}],"replies":[{"embeddable":true,"href":"https:\/\/pluginviet.com\/mau55\/wp-json\/wp\/v2\/comments?post=3087"}],"wp:featuredmedia":[{"embeddable":true,"href":"https:\/\/pluginviet.com\/mau55\/wp-json\/wp\/v2\/media\/3083"}],"wp:attachment":[{"href":"https:\/\/pluginviet.com\/mau55\/wp-json\/wp\/v2\/media?parent=3087"}],"wp:term":[{"taxonomy":"product_cat","embeddable":true,"href":"https:\/\/pluginviet.com\/mau55\/wp-json\/wp\/v2\/product_cat?post=3087"},{"taxonomy":"product_tag","embeddable":true,"href":"https:\/\/pluginviet.com\/mau55\/wp-json\/wp\/v2\/product_tag?post=3087"}],"curies":[{"name":"wp","href":"https:\/\/api.w.org\/{rel}","templated":true}]}}