{"id":1430,"date":"2022-04-26T10:25:04","date_gmt":"2022-04-26T10:25:04","guid":{"rendered":"https:\/\/khomaudep.com\/woodhn\/?post_type=product&#038;p=1430"},"modified":"2022-04-26T10:25:15","modified_gmt":"2022-04-26T10:25:15","slug":"ban-cafe-cf2242-4","status":"publish","type":"product","link":"https:\/\/pluginviet.com\/mau54\/san-pham\/ban-cafe-cf2242-4\/","title":{"rendered":"B\u00e0n Cafe CF2242"},"content":{"rendered":"<p><strong><span style=\"font-size: 16px; color: #000000;\">B\u00e0n m\u1eb7t g\u1ed7 c\u00f3 2 loai t\u1ea7n b\u00ec, cao su v\u00e2n s\u1ed3i v\u00e0 MDF l\u00f5i xanh (KH c\u00f3 th\u1ec3 t\u00f9y ch\u1ec9nh k\u00ednh th\u01b0\u1edbc, m\u00e0u s\u1eafc theo y\u00eau c\u1ea7u )<\/span><\/strong><\/p>\n","protected":false},"excerpt":{"rendered":"<p>B\u00e0n m\u1eb7t g\u1ed7 c\u00f3 2 loai t\u1ea7n b\u00ec, cao su v\u00e2n s\u1ed3i v\u00e0 MDF l\u00f5i xanh (KH c\u00f3 th\u1ec3 t\u00f9y ch\u1ec9nh k\u00ednh th\u01b0\u1edbc, m\u00e0u s\u1eafc theo y\u00eau c\u1ea7u )<\/p>\n","protected":false},"featured_media":1400,"comment_status":"open","ping_status":"closed","template":"","meta":[],"product_cat":[15,135],"product_tag":[],"yoast_head":"<!-- This site is optimized with the Yoast SEO plugin v22.4 - https:\/\/yoast.com\/wordpress\/plugins\/seo\/ -->\n<title>B\u00e0n Cafe CF2242 - woodhn<\/title>\n<meta name=\"robots\" content=\"index, follow, max-snippet:-1, max-image-preview:large, max-video-preview:-1\" \/>\n<link rel=\"canonical\" href=\"https:\/\/pluginviet.com\/mau54\/san-pham\/ban-cafe-cf2242-4\/\" \/>\n<meta property=\"og:locale\" content=\"vi_VN\" \/>\n<meta property=\"og:type\" content=\"article\" \/>\n<meta property=\"og:title\" content=\"B\u00e0n Cafe CF2242 - woodhn\" \/>\n<meta property=\"og:description\" content=\"B\u00e0n m\u1eb7t g\u1ed7 c\u00f3 2 loai t\u1ea7n b\u00ec, cao su v\u00e2n s\u1ed3i v\u00e0 MDF l\u00f5i xanh (KH c\u00f3 th\u1ec3 t\u00f9y ch\u1ec9nh k\u00ednh th\u01b0\u1edbc, m\u00e0u s\u1eafc theo y\u00eau c\u1ea7u )\" \/>\n<meta property=\"og:url\" content=\"https:\/\/pluginviet.com\/mau54\/san-pham\/ban-cafe-cf2242-4\/\" \/>\n<meta property=\"og:site_name\" content=\"woodhn\" \/>\n<meta property=\"article:modified_time\" content=\"2022-04-26T10:25:15+00:00\" \/>\n<meta property=\"og:image\" content=\"https:\/\/pluginviet.com\/mau54\/wp-content\/uploads\/2022\/04\/CF2242-1.jpg\" \/>\n\t<meta property=\"og:image:width\" content=\"1244\" \/>\n\t<meta property=\"og:image:height\" content=\"1211\" \/>\n\t<meta property=\"og:image:type\" content=\"image\/jpeg\" \/>\n<meta name=\"twitter:card\" content=\"summary_large_image\" \/>\n<meta name=\"twitter:label1\" content=\"\u01af\u1edbc t\u00ednh th\u1eddi gian \u0111\u1ecdc\" \/>\n\t<meta name=\"twitter:data1\" content=\"1 ph\u00fat\" \/>\n<script type=\"application\/ld+json\" class=\"yoast-schema-graph\">{\"@context\":\"https:\/\/schema.org\",\"@graph\":[{\"@type\":\"WebPage\",\"@id\":\"https:\/\/pluginviet.com\/mau54\/san-pham\/ban-cafe-cf2242-4\/\",\"url\":\"https:\/\/pluginviet.com\/mau54\/san-pham\/ban-cafe-cf2242-4\/\",\"name\":\"B\u00e0n Cafe CF2242 - woodhn\",\"isPartOf\":{\"@id\":\"https:\/\/pluginviet.com\/mau54\/#website\"},\"primaryImageOfPage\":{\"@id\":\"https:\/\/pluginviet.com\/mau54\/san-pham\/ban-cafe-cf2242-4\/#primaryimage\"},\"image\":{\"@id\":\"https:\/\/pluginviet.com\/mau54\/san-pham\/ban-cafe-cf2242-4\/#primaryimage\"},\"thumbnailUrl\":\"https:\/\/pluginviet.com\/mau54\/wp-content\/uploads\/2022\/04\/CF2242-1.jpg\",\"datePublished\":\"2022-04-26T10:25:04+00:00\",\"dateModified\":\"2022-04-26T10:25:15+00:00\",\"breadcrumb\":{\"@id\":\"https:\/\/pluginviet.com\/mau54\/san-pham\/ban-cafe-cf2242-4\/#breadcrumb\"},\"inLanguage\":\"vi\",\"potentialAction\":[{\"@type\":\"ReadAction\",\"target\":[\"https:\/\/pluginviet.com\/mau54\/san-pham\/ban-cafe-cf2242-4\/\"]}]},{\"@type\":\"ImageObject\",\"inLanguage\":\"vi\",\"@id\":\"https:\/\/pluginviet.com\/mau54\/san-pham\/ban-cafe-cf2242-4\/#primaryimage\",\"url\":\"https:\/\/pluginviet.com\/mau54\/wp-content\/uploads\/2022\/04\/CF2242-1.jpg\",\"contentUrl\":\"https:\/\/pluginviet.com\/mau54\/wp-content\/uploads\/2022\/04\/CF2242-1.jpg\",\"width\":1244,\"height\":1211},{\"@type\":\"BreadcrumbList\",\"@id\":\"https:\/\/pluginviet.com\/mau54\/san-pham\/ban-cafe-cf2242-4\/#breadcrumb\",\"itemListElement\":[{\"@type\":\"ListItem\",\"position\":1,\"name\":\"Trang ch\u1ee7\",\"item\":\"https:\/\/pluginviet.com\/mau54\/\"},{\"@type\":\"ListItem\",\"position\":2,\"name\":\"Shop\",\"item\":\"https:\/\/pluginviet.com\/mau54\/shop\/\"},{\"@type\":\"ListItem\",\"position\":3,\"name\":\"B\u00e0n Cafe CF2242\"}]},{\"@type\":\"WebSite\",\"@id\":\"https:\/\/pluginviet.com\/mau54\/#website\",\"url\":\"https:\/\/pluginviet.com\/mau54\/\",\"name\":\"woodhn\",\"description\":\"\",\"potentialAction\":[{\"@type\":\"SearchAction\",\"target\":{\"@type\":\"EntryPoint\",\"urlTemplate\":\"https:\/\/pluginviet.com\/mau54\/?s={search_term_string}\"},\"query-input\":\"required name=search_term_string\"}],\"inLanguage\":\"vi\"}]}<\/script>\n<!-- \/ Yoast SEO plugin. -->","yoast_head_json":{"title":"B\u00e0n Cafe CF2242 - woodhn","robots":{"index":"index","follow":"follow","max-snippet":"max-snippet:-1","max-image-preview":"max-image-preview:large","max-video-preview":"max-video-preview:-1"},"canonical":"https:\/\/pluginviet.com\/mau54\/san-pham\/ban-cafe-cf2242-4\/","og_locale":"vi_VN","og_type":"article","og_title":"B\u00e0n Cafe CF2242 - woodhn","og_description":"B\u00e0n m\u1eb7t g\u1ed7 c\u00f3 2 loai t\u1ea7n b\u00ec, cao su v\u00e2n s\u1ed3i v\u00e0 MDF l\u00f5i xanh (KH c\u00f3 th\u1ec3 t\u00f9y ch\u1ec9nh k\u00ednh th\u01b0\u1edbc, m\u00e0u s\u1eafc theo y\u00eau c\u1ea7u )","og_url":"https:\/\/pluginviet.com\/mau54\/san-pham\/ban-cafe-cf2242-4\/","og_site_name":"woodhn","article_modified_time":"2022-04-26T10:25:15+00:00","og_image":[{"width":1244,"height":1211,"url":"https:\/\/pluginviet.com\/mau54\/wp-content\/uploads\/2022\/04\/CF2242-1.jpg","type":"image\/jpeg"}],"twitter_card":"summary_large_image","twitter_misc":{"\u01af\u1edbc t\u00ednh th\u1eddi gian \u0111\u1ecdc":"1 ph\u00fat"},"schema":{"@context":"https:\/\/schema.org","@graph":[{"@type":"WebPage","@id":"https:\/\/pluginviet.com\/mau54\/san-pham\/ban-cafe-cf2242-4\/","url":"https:\/\/pluginviet.com\/mau54\/san-pham\/ban-cafe-cf2242-4\/","name":"B\u00e0n Cafe CF2242 - woodhn","isPartOf":{"@id":"https:\/\/pluginviet.com\/mau54\/#website"},"primaryImageOfPage":{"@id":"https:\/\/pluginviet.com\/mau54\/san-pham\/ban-cafe-cf2242-4\/#primaryimage"},"image":{"@id":"https:\/\/pluginviet.com\/mau54\/san-pham\/ban-cafe-cf2242-4\/#primaryimage"},"thumbnailUrl":"https:\/\/pluginviet.com\/mau54\/wp-content\/uploads\/2022\/04\/CF2242-1.jpg","datePublished":"2022-04-26T10:25:04+00:00","dateModified":"2022-04-26T10:25:15+00:00","breadcrumb":{"@id":"https:\/\/pluginviet.com\/mau54\/san-pham\/ban-cafe-cf2242-4\/#breadcrumb"},"inLanguage":"vi","potentialAction":[{"@type":"ReadAction","target":["https:\/\/pluginviet.com\/mau54\/san-pham\/ban-cafe-cf2242-4\/"]}]},{"@type":"ImageObject","inLanguage":"vi","@id":"https:\/\/pluginviet.com\/mau54\/san-pham\/ban-cafe-cf2242-4\/#primaryimage","url":"https:\/\/pluginviet.com\/mau54\/wp-content\/uploads\/2022\/04\/CF2242-1.jpg","contentUrl":"https:\/\/pluginviet.com\/mau54\/wp-content\/uploads\/2022\/04\/CF2242-1.jpg","width":1244,"height":1211},{"@type":"BreadcrumbList","@id":"https:\/\/pluginviet.com\/mau54\/san-pham\/ban-cafe-cf2242-4\/#breadcrumb","itemListElement":[{"@type":"ListItem","position":1,"name":"Trang ch\u1ee7","item":"https:\/\/pluginviet.com\/mau54\/"},{"@type":"ListItem","position":2,"name":"Shop","item":"https:\/\/pluginviet.com\/mau54\/shop\/"},{"@type":"ListItem","position":3,"name":"B\u00e0n Cafe CF2242"}]},{"@type":"WebSite","@id":"https:\/\/pluginviet.com\/mau54\/#website","url":"https:\/\/pluginviet.com\/mau54\/","name":"woodhn","description":"","potentialAction":[{"@type":"SearchAction","target":{"@type":"EntryPoint","urlTemplate":"https:\/\/pluginviet.com\/mau54\/?s={search_term_string}"},"query-input":"required name=search_term_string"}],"inLanguage":"vi"}]}},"_links":{"self":[{"href":"https:\/\/pluginviet.com\/mau54\/wp-json\/wp\/v2\/product\/1430"}],"collection":[{"href":"https:\/\/pluginviet.com\/mau54\/wp-json\/wp\/v2\/product"}],"about":[{"href":"https:\/\/pluginviet.com\/mau54\/wp-json\/wp\/v2\/types\/product"}],"replies":[{"embeddable":true,"href":"https:\/\/pluginviet.com\/mau54\/wp-json\/wp\/v2\/comments?post=1430"}],"wp:featuredmedia":[{"embeddable":true,"href":"https:\/\/pluginviet.com\/mau54\/wp-json\/wp\/v2\/media\/1400"}],"wp:attachment":[{"href":"https:\/\/pluginviet.com\/mau54\/wp-json\/wp\/v2\/media?parent=1430"}],"wp:term":[{"taxonomy":"product_cat","embeddable":true,"href":"https:\/\/pluginviet.com\/mau54\/wp-json\/wp\/v2\/product_cat?post=1430"},{"taxonomy":"product_tag","embeddable":true,"href":"https:\/\/pluginviet.com\/mau54\/wp-json\/wp\/v2\/product_tag?post=1430"}],"curies":[{"name":"wp","href":"https:\/\/api.w.org\/{rel}","templated":true}]}}